{"id":21546,"date":"2026-02-21T15:18:36","date_gmt":"2026-02-21T14:18:36","guid":{"rendered":"https:\/\/osaka.ma\/?post_type=product&#038;p=21546"},"modified":"2026-02-21T15:21:42","modified_gmt":"2026-02-21T14:21:42","slug":"gigabyte-aero-x16-1wh-ryzen-ai-7-3500-32gb-ddr5-5600mhz-1tb-nvme-rtx-5070-8gb-16%e2%80%b3-qhd-165hz-qwerty-rgb-new-without-box","status":"publish","type":"product","link":"https:\/\/osaka.ma\/es\/product\/gigabyte-aero-x16-1wh-ryzen-ai-7-3500-32gb-ddr5-5600mhz-1tb-nvme-rtx-5070-8gb-16%e2%80%b3-qhd-165hz-qwerty-rgb-new-without-box\/","title":{"rendered":"GIGABYTE AERO X16 1WH | Ryzen AI 7 3500 | 32GB DDR5 5600MHz | 1TB NVMe | RTX 5070 8GB | 16\u2033 QHD+ 165Hz | QWERTY RGB | NEW | WITHOUT BOX"},"content":{"rendered":"<p data-start=\"1123\" data-end=\"1445\"><img decoding=\"async\" src=\"https:\/\/media.ldlc.com\/v3\/marque\/190\/C000000990.gif\" alt=\"Gigabyte\" \/><\/p>\n<p data-start=\"1123\" data-end=\"1445\">Le <strong data-start=\"1126\" data-end=\"1151\">GIGABYTE AERO X16 1WH<\/strong> est un ordinateur portable haut de gamme con\u00e7u pour les cr\u00e9ateurs de contenu et les gamers exigeants. Gr\u00e2ce \u00e0 son <strong data-start=\"1266\" data-end=\"1296\">processeur Ryzen AI 7 3500<\/strong> et ses <strong data-start=\"1304\" data-end=\"1334\">32\u202fGo de RAM DDR5 5600\u202fMHz<\/strong>, il offre une puissance remarquable pour le multit\u00e2che, le montage vid\u00e9o, le rendu 3D et le gaming intensif.<\/p>\n<p data-start=\"1123\" data-end=\"1445\"><img decoding=\"async\" src=\"https:\/\/media.ldlc.com\/bo\/images\/fiches\/pc_portables\/gigabyte\/aero_x16\/801.jpg\" \/><\/p>\n<p data-start=\"1447\" data-end=\"1713\">Le <strong data-start=\"1450\" data-end=\"1470\">SSD NVMe de 1\u202fTB<\/strong> assure un stockage rapide et fiable, permettant des temps de chargement ultra-courts pour vos logiciels et vos projets volumineux. Vous pouvez ainsi travailler ou jouer sans interruptions et g\u00e9rer facilement de grandes quantit\u00e9s de donn\u00e9es.<\/p>\n<p data-start=\"1447\" data-end=\"1713\"><img decoding=\"async\" src=\"https:\/\/media.ldlc.com\/bo\/images\/fiches\/pc_portables\/gigabyte\/Master_18\/802.jpg\" \/><\/p>\n<p data-start=\"1715\" data-end=\"2043\">La carte graphique <strong data-start=\"1734\" data-end=\"1750\">RTX 5070 8GB<\/strong> permet de profiter de performances graphiques avanc\u00e9es, offrant un rendu fluide pour le design graphique, l\u2019\u00e9dition vid\u00e9o et les jeux modernes. Associ\u00e9e \u00e0 l\u2019\u00e9cran <strong data-start=\"1914\" data-end=\"1932\">16&#8243; QHD+ 165Hz<\/strong>, chaque image est nette, pr\u00e9cise et parfaitement fluide, avec des couleurs \u00e9clatantes et un contraste \u00e9lev\u00e9.<\/p>\n<p data-start=\"2045\" data-end=\"2345\">Le clavier <strong data-start=\"2056\" data-end=\"2083\">QWERTY r\u00e9tro\u00e9clair\u00e9 RGB<\/strong> am\u00e9liore le confort de frappe, m\u00eame dans des conditions de faible luminosit\u00e9, tandis que <strong data-start=\"2173\" data-end=\"2195\">Windows 11 Famille<\/strong> fournit toutes les fonctionnalit\u00e9s modernes pour la productivit\u00e9, la s\u00e9curit\u00e9 et la gestion de votre environnement de travail ou de divertissement.<\/p>\n<h3 data-start=\"630\" data-end=\"667\"><strong data-start=\"634\" data-end=\"665\">Caract\u00e9ristiques Techniques<\/strong><\/h3>\n<p data-start=\"669\" data-end=\"1086\">\u2022 Marque : GIGABYTE<br data-start=\"688\" data-end=\"691\" \/>\u2022 Mod\u00e8le : AERO X16 1WH<br data-start=\"714\" data-end=\"717\" \/>\u2022 Processeur : Ryzen AI 7 3500<br data-start=\"747\" data-end=\"750\" \/>\u2022 RAM : 32GB (2 \u00d7 16GB) DDR5 5600MHz<br data-start=\"786\" data-end=\"789\" \/>\u2022 Stockage : 1TB NVMe SSD<br data-start=\"814\" data-end=\"817\" \/>\u2022 Carte graphique : NVIDIA RTX 5070 8GB<br data-start=\"856\" data-end=\"859\" \/>\u2022 \u00c9cran : 16&#8243; QHD+ 165Hz<br data-start=\"883\" data-end=\"886\" \/>\u2022 Clavier : QWERTY r\u00e9tro\u00e9clair\u00e9 RGB<br data-start=\"921\" data-end=\"924\" \/>\u2022 Syst\u00e8me d\u2019exploitation : Windows 11 Famille<br data-start=\"969\" data-end=\"972\" \/>\u2022 Connectivit\u00e9 : Wi-Fi, Bluetooth, ports USB-C \/ USB-A \/ HDMI (selon configuration)<br data-start=\"1055\" data-end=\"1058\" \/>\u2022 \u00c9tat : NEW | WITHOUT BOX<\/p>\n<p data-start=\"2045\" data-end=\"2345\">\n","protected":false},"excerpt":{"rendered":"<p data-start=\"457\" data-end=\"623\"><strong data-start=\"457\" data-end=\"621\">Ordinateur portable GIGABYTE AERO X16 1WH performant, avec \u00e9cran QHD+ 16\u2033 165Hz, RTX 5070 et stockage rapide NVMe, con\u00e7u pour les cr\u00e9ateurs et gamers exigeants.<\/strong><\/p>\n<hr data-start=\"625\" data-end=\"628\" \/>\n<h3 data-start=\"630\" data-end=\"667\"><strong data-start=\"634\" data-end=\"665\">Caract\u00e9ristiques Techniques<\/strong><\/h3>\n<p data-start=\"669\" data-end=\"1086\">\u2022 Marque : GIGABYTE<br data-start=\"688\" data-end=\"691\" \/>\u2022 Mod\u00e8le : AERO X16 1WH<br data-start=\"714\" data-end=\"717\" \/>\u2022 Processeur : Ryzen AI 7 3500<br data-start=\"747\" data-end=\"750\" \/>\u2022 RAM : 32GB (2 \u00d7 16GB) DDR5 5600MHz<br data-start=\"786\" data-end=\"789\" \/>\u2022 Stockage : 1TB NVMe SSD<br data-start=\"814\" data-end=\"817\" \/>\u2022 Carte graphique : NVIDIA RTX 5070 8GB<br data-start=\"856\" data-end=\"859\" \/>\u2022 \u00c9cran : 16&#8243; QHD+ 165Hz<br data-start=\"883\" data-end=\"886\" \/>\u2022 Clavier : QWERTY r\u00e9tro\u00e9clair\u00e9 RGB<br data-start=\"921\" data-end=\"924\" \/>\u2022 Syst\u00e8me d\u2019exploitation : Windows 11 Famille<br data-start=\"969\" data-end=\"972\" \/>\u2022 Connectivit\u00e9 : Wi-Fi, Bluetooth, ports USB-C \/ USB-A \/ HDMI (selon configuration)<br data-start=\"1055\" data-end=\"1058\" \/>\u2022 \u00c9tat : NEW | WITHOUT BOX<\/p>\n","protected":false},"featured_media":1021551,"template":"","meta":{"_acf_changed":false},"pwb-brand":[],"product_brand":[],"product_cat":[122,121,126],"product_tag":[],"pcb_component_type":[],"class_list":{"0":"post-21546","1":"product","2":"type-product","3":"status-publish","4":"has-post-thumbnail","6":"product_cat-gaming","7":"product_cat-pc-portable","8":"product_cat-professional","10":"first","11":"instock","12":"sale","13":"shipping-taxable","14":"purchasable","15":"product-type-simple"},"translation":{"provider":"WPGlobus","version":"3.0.2","language":"es","enabled_languages":["en","es","de","fr","ru"],"languages":{"en":{"title":true,"content":true,"excerpt":true},"es":{"title":false,"content":false,"excerpt":false},"de":{"title":false,"content":false,"excerpt":false},"fr":{"title":false,"content":false,"excerpt":false},"ru":{"title":false,"content":false,"excerpt":false}}},"acf":[],"yoast_head":"<!-- This site is optimized with the Yoast SEO plugin v27.2 - https:\/\/yoast.com\/product\/yoast-seo-wordpress\/ -->\n<title>GIGABYTE AERO X16 1WH | Ryzen AI 7 3500 | 32GB DDR5 5600MHz | 1TB NVMe | RTX 5070 8GB | 16\u2033 QHD+ 165Hz | QWERTY RGB | NEW | WITHOUT BOX - Osaka<\/title>\n<meta name=\"robots\" content=\"index, follow, max-snippet:-1, max-image-preview:large, max-video-preview:-1\" \/>\n<link rel=\"canonical\" href=\"https:\/\/osaka.ma\/product\/gigabyte-aero-x16-1wh-ryzen-ai-7-3500-32gb-ddr5-5600mhz-1tb-nvme-rtx-5070-8gb-16\u2033-qhd-165hz-qwerty-rgb-new-without-box\/\" \/>\n<meta property=\"og:locale\" content=\"es_ES\" \/>\n<meta property=\"og:type\" content=\"article\" \/>\n<meta property=\"og:title\" content=\"GIGABYTE AERO X16 1WH | Ryzen AI 7 3500 | 32GB DDR5 5600MHz | 1TB NVMe | RTX 5070 8GB | 16\u2033 QHD+ 165Hz | QWERTY RGB | NEW | WITHOUT BOX - Osaka\" \/>\n<meta property=\"og:url\" content=\"https:\/\/osaka.ma\/product\/gigabyte-aero-x16-1wh-ryzen-ai-7-3500-32gb-ddr5-5600mhz-1tb-nvme-rtx-5070-8gb-16\u2033-qhd-165hz-qwerty-rgb-new-without-box\/\" \/>\n<meta property=\"og:site_name\" content=\"Osaka\" \/>\n<meta property=\"article:modified_time\" content=\"2026-02-21T14:21:42+00:00\" \/>\n<meta property=\"og:image\" content=\"https:\/\/osaka.ma\/wp-content\/uploads\/2026\/02\/GIGABYTE-AERO-X16-1WH-32GB-DDR5-5600MHz-1TB-NVMe-RTX-5070-16\u2033-QHD.jpg\" \/>\n\t<meta property=\"og:image:width\" content=\"1600\" \/>\n\t<meta property=\"og:image:height\" content=\"1600\" \/>\n\t<meta property=\"og:image:type\" content=\"image\/jpeg\" \/>\n<meta name=\"twitter:card\" content=\"summary_large_image\" \/>\n<meta name=\"twitter:label1\" content=\"Est. reading time\" \/>\n\t<meta name=\"twitter:data1\" content=\"4 minutes\" \/>\n<script type=\"application\/ld+json\" class=\"yoast-schema-graph\">{\"@context\":\"https:\/\/schema.org\",\"@graph\":[{\"@type\":\"WebPage\",\"@id\":\"https:\/\/osaka.ma\/product\/gigabyte-aero-x16-1wh-ryzen-ai-7-3500-32gb-ddr5-5600mhz-1tb-nvme-rtx-5070-8gb-16%e2%80%b3-qhd-165hz-qwerty-rgb-new-without-box\/\",\"url\":\"https:\/\/osaka.ma\/product\/gigabyte-aero-x16-1wh-ryzen-ai-7-3500-32gb-ddr5-5600mhz-1tb-nvme-rtx-5070-8gb-16%e2%80%b3-qhd-165hz-qwerty-rgb-new-without-box\/\",\"name\":\"GIGABYTE AERO X16 1WH | Ryzen AI 7 3500 | 32GB DDR5 5600MHz | 1TB NVMe | RTX 5070 8GB | 16\u2033 QHD+ 165Hz | QWERTY RGB | NEW | WITHOUT BOX - Osaka\",\"isPartOf\":{\"@id\":\"https:\/\/osaka.ma\/#website\"},\"primaryImageOfPage\":{\"@id\":\"https:\/\/osaka.ma\/product\/gigabyte-aero-x16-1wh-ryzen-ai-7-3500-32gb-ddr5-5600mhz-1tb-nvme-rtx-5070-8gb-16%e2%80%b3-qhd-165hz-qwerty-rgb-new-without-box\/#primaryimage\"},\"image\":{\"@id\":\"https:\/\/osaka.ma\/product\/gigabyte-aero-x16-1wh-ryzen-ai-7-3500-32gb-ddr5-5600mhz-1tb-nvme-rtx-5070-8gb-16%e2%80%b3-qhd-165hz-qwerty-rgb-new-without-box\/#primaryimage\"},\"thumbnailUrl\":\"https:\/\/osaka.ma\/wp-content\/uploads\/2026\/02\/GIGABYTE-AERO-X16-1WH-32GB-DDR5-5600MHz-1TB-NVMe-RTX-5070-16\u2033-QHD.jpg\",\"datePublished\":\"2026-02-21T14:18:36+00:00\",\"dateModified\":\"2026-02-21T14:21:42+00:00\",\"breadcrumb\":{\"@id\":\"https:\/\/osaka.ma\/product\/gigabyte-aero-x16-1wh-ryzen-ai-7-3500-32gb-ddr5-5600mhz-1tb-nvme-rtx-5070-8gb-16%e2%80%b3-qhd-165hz-qwerty-rgb-new-without-box\/#breadcrumb\"},\"inLanguage\":\"es-ES\",\"potentialAction\":[{\"@type\":\"ReadAction\",\"target\":[\"https:\/\/osaka.ma\/product\/gigabyte-aero-x16-1wh-ryzen-ai-7-3500-32gb-ddr5-5600mhz-1tb-nvme-rtx-5070-8gb-16%e2%80%b3-qhd-165hz-qwerty-rgb-new-without-box\/\"]}]},{\"@type\":\"ImageObject\",\"inLanguage\":\"es-ES\",\"@id\":\"https:\/\/osaka.ma\/product\/gigabyte-aero-x16-1wh-ryzen-ai-7-3500-32gb-ddr5-5600mhz-1tb-nvme-rtx-5070-8gb-16%e2%80%b3-qhd-165hz-qwerty-rgb-new-without-box\/#primaryimage\",\"url\":\"https:\/\/osaka.ma\/wp-content\/uploads\/2026\/02\/GIGABYTE-AERO-X16-1WH-32GB-DDR5-5600MHz-1TB-NVMe-RTX-5070-16\u2033-QHD.jpg\",\"contentUrl\":\"https:\/\/osaka.ma\/wp-content\/uploads\/2026\/02\/GIGABYTE-AERO-X16-1WH-32GB-DDR5-5600MHz-1TB-NVMe-RTX-5070-16\u2033-QHD.jpg\",\"width\":1600,\"height\":1600,\"caption\":\"GIGABYTE AERO X16 1WH 32GB DDR5 5600MHz 1TB NVMe RTX 5070 16\u2033 QHD+\"},{\"@type\":\"BreadcrumbList\",\"@id\":\"https:\/\/osaka.ma\/product\/gigabyte-aero-x16-1wh-ryzen-ai-7-3500-32gb-ddr5-5600mhz-1tb-nvme-rtx-5070-8gb-16%e2%80%b3-qhd-165hz-qwerty-rgb-new-without-box\/#breadcrumb\",\"itemListElement\":[{\"@type\":\"ListItem\",\"position\":1,\"name\":\"Home\",\"item\":\"https:\/\/osaka.ma\/\"},{\"@type\":\"ListItem\",\"position\":2,\"name\":\"Shop\",\"item\":\"https:\/\/osaka.ma\/shop-2\/\"},{\"@type\":\"ListItem\",\"position\":3,\"name\":\"GIGABYTE AERO X16 1WH | Ryzen AI 7 3500 | 32GB DDR5 5600MHz | 1TB NVMe | RTX 5070 8GB | 16\u2033 QHD+ 165Hz | QWERTY RGB | NEW | WITHOUT BOX\"}]},{\"@type\":\"WebSite\",\"@id\":\"https:\/\/osaka.ma\/#website\",\"url\":\"https:\/\/osaka.ma\/\",\"name\":\"Osaka\",\"description\":\"\",\"publisher\":{\"@id\":\"https:\/\/osaka.ma\/#organization\"},\"potentialAction\":[{\"@type\":\"SearchAction\",\"target\":{\"@type\":\"EntryPoint\",\"urlTemplate\":\"https:\/\/osaka.ma\/?s={search_term_string}\"},\"query-input\":{\"@type\":\"PropertyValueSpecification\",\"valueRequired\":true,\"valueName\":\"search_term_string\"}}],\"inLanguage\":\"es-ES\"},{\"@type\":\"Organization\",\"@id\":\"https:\/\/osaka.ma\/#organization\",\"name\":\"Osaka\",\"url\":\"https:\/\/osaka.ma\/\",\"logo\":{\"@type\":\"ImageObject\",\"inLanguage\":\"es-ES\",\"@id\":\"https:\/\/osaka.ma\/#\/schema\/logo\/image\/\",\"url\":\"https:\/\/osaka.ma\/wp-content\/uploads\/2026\/01\/model-slogan-logo-2Plan-de-travail-1dksl-plus-finnn.png\",\"contentUrl\":\"https:\/\/osaka.ma\/wp-content\/uploads\/2026\/01\/model-slogan-logo-2Plan-de-travail-1dksl-plus-finnn.png\",\"width\":842,\"height\":226,\"caption\":\"Osaka\"},\"image\":{\"@id\":\"https:\/\/osaka.ma\/#\/schema\/logo\/image\/\"}}]}<\/script>\n<!-- \/ Yoast SEO plugin. -->","yoast_head_json":{"title":"GIGABYTE AERO X16 1WH | Ryzen AI 7 3500 | 32GB DDR5 5600MHz | 1TB NVMe | RTX 5070 8GB | 16\u2033 QHD+ 165Hz | QWERTY RGB | NEW | WITHOUT BOX - Osaka","robots":{"index":"index","follow":"follow","max-snippet":"max-snippet:-1","max-image-preview":"max-image-preview:large","max-video-preview":"max-video-preview:-1"},"canonical":"https:\/\/osaka.ma\/product\/gigabyte-aero-x16-1wh-ryzen-ai-7-3500-32gb-ddr5-5600mhz-1tb-nvme-rtx-5070-8gb-16\u2033-qhd-165hz-qwerty-rgb-new-without-box\/","og_locale":"es_ES","og_type":"article","og_title":"GIGABYTE AERO X16 1WH | Ryzen AI 7 3500 | 32GB DDR5 5600MHz | 1TB NVMe | RTX 5070 8GB | 16\u2033 QHD+ 165Hz | QWERTY RGB | NEW | WITHOUT BOX - Osaka","og_url":"https:\/\/osaka.ma\/product\/gigabyte-aero-x16-1wh-ryzen-ai-7-3500-32gb-ddr5-5600mhz-1tb-nvme-rtx-5070-8gb-16\u2033-qhd-165hz-qwerty-rgb-new-without-box\/","og_site_name":"Osaka","article_modified_time":"2026-02-21T14:21:42+00:00","og_image":[{"width":1600,"height":1600,"url":"https:\/\/osaka.ma\/wp-content\/uploads\/2026\/02\/GIGABYTE-AERO-X16-1WH-32GB-DDR5-5600MHz-1TB-NVMe-RTX-5070-16\u2033-QHD.jpg","type":"image\/jpeg"}],"twitter_card":"summary_large_image","twitter_misc":{"Est. reading time":"4 minutes"},"schema":{"@context":"https:\/\/schema.org","@graph":[{"@type":"WebPage","@id":"https:\/\/osaka.ma\/product\/gigabyte-aero-x16-1wh-ryzen-ai-7-3500-32gb-ddr5-5600mhz-1tb-nvme-rtx-5070-8gb-16%e2%80%b3-qhd-165hz-qwerty-rgb-new-without-box\/","url":"https:\/\/osaka.ma\/product\/gigabyte-aero-x16-1wh-ryzen-ai-7-3500-32gb-ddr5-5600mhz-1tb-nvme-rtx-5070-8gb-16%e2%80%b3-qhd-165hz-qwerty-rgb-new-without-box\/","name":"GIGABYTE AERO X16 1WH | Ryzen AI 7 3500 | 32GB DDR5 5600MHz | 1TB NVMe | RTX 5070 8GB | 16\u2033 QHD+ 165Hz | QWERTY RGB | NEW | WITHOUT BOX - Osaka","isPartOf":{"@id":"https:\/\/osaka.ma\/#website"},"primaryImageOfPage":{"@id":"https:\/\/osaka.ma\/product\/gigabyte-aero-x16-1wh-ryzen-ai-7-3500-32gb-ddr5-5600mhz-1tb-nvme-rtx-5070-8gb-16%e2%80%b3-qhd-165hz-qwerty-rgb-new-without-box\/#primaryimage"},"image":{"@id":"https:\/\/osaka.ma\/product\/gigabyte-aero-x16-1wh-ryzen-ai-7-3500-32gb-ddr5-5600mhz-1tb-nvme-rtx-5070-8gb-16%e2%80%b3-qhd-165hz-qwerty-rgb-new-without-box\/#primaryimage"},"thumbnailUrl":"https:\/\/osaka.ma\/wp-content\/uploads\/2026\/02\/GIGABYTE-AERO-X16-1WH-32GB-DDR5-5600MHz-1TB-NVMe-RTX-5070-16\u2033-QHD.jpg","datePublished":"2026-02-21T14:18:36+00:00","dateModified":"2026-02-21T14:21:42+00:00","breadcrumb":{"@id":"https:\/\/osaka.ma\/product\/gigabyte-aero-x16-1wh-ryzen-ai-7-3500-32gb-ddr5-5600mhz-1tb-nvme-rtx-5070-8gb-16%e2%80%b3-qhd-165hz-qwerty-rgb-new-without-box\/#breadcrumb"},"inLanguage":"es-ES","potentialAction":[{"@type":"ReadAction","target":["https:\/\/osaka.ma\/product\/gigabyte-aero-x16-1wh-ryzen-ai-7-3500-32gb-ddr5-5600mhz-1tb-nvme-rtx-5070-8gb-16%e2%80%b3-qhd-165hz-qwerty-rgb-new-without-box\/"]}]},{"@type":"ImageObject","inLanguage":"es-ES","@id":"https:\/\/osaka.ma\/product\/gigabyte-aero-x16-1wh-ryzen-ai-7-3500-32gb-ddr5-5600mhz-1tb-nvme-rtx-5070-8gb-16%e2%80%b3-qhd-165hz-qwerty-rgb-new-without-box\/#primaryimage","url":"https:\/\/osaka.ma\/wp-content\/uploads\/2026\/02\/GIGABYTE-AERO-X16-1WH-32GB-DDR5-5600MHz-1TB-NVMe-RTX-5070-16\u2033-QHD.jpg","contentUrl":"https:\/\/osaka.ma\/wp-content\/uploads\/2026\/02\/GIGABYTE-AERO-X16-1WH-32GB-DDR5-5600MHz-1TB-NVMe-RTX-5070-16\u2033-QHD.jpg","width":1600,"height":1600,"caption":"GIGABYTE AERO X16 1WH 32GB DDR5 5600MHz 1TB NVMe RTX 5070 16\u2033 QHD+"},{"@type":"BreadcrumbList","@id":"https:\/\/osaka.ma\/product\/gigabyte-aero-x16-1wh-ryzen-ai-7-3500-32gb-ddr5-5600mhz-1tb-nvme-rtx-5070-8gb-16%e2%80%b3-qhd-165hz-qwerty-rgb-new-without-box\/#breadcrumb","itemListElement":[{"@type":"ListItem","position":1,"name":"Home","item":"https:\/\/osaka.ma\/"},{"@type":"ListItem","position":2,"name":"Shop","item":"https:\/\/osaka.ma\/shop-2\/"},{"@type":"ListItem","position":3,"name":"GIGABYTE AERO X16 1WH | Ryzen AI 7 3500 | 32GB DDR5 5600MHz | 1TB NVMe | RTX 5070 8GB | 16\u2033 QHD+ 165Hz | QWERTY RGB | NEW | WITHOUT BOX"}]},{"@type":"WebSite","@id":"https:\/\/osaka.ma\/#website","url":"https:\/\/osaka.ma\/","name":"Osaka","description":"","publisher":{"@id":"https:\/\/osaka.ma\/#organization"},"potentialAction":[{"@type":"SearchAction","target":{"@type":"EntryPoint","urlTemplate":"https:\/\/osaka.ma\/?s={search_term_string}"},"query-input":{"@type":"PropertyValueSpecification","valueRequired":true,"valueName":"search_term_string"}}],"inLanguage":"es-ES"},{"@type":"Organization","@id":"https:\/\/osaka.ma\/#organization","name":"Osaka","url":"https:\/\/osaka.ma\/","logo":{"@type":"ImageObject","inLanguage":"es-ES","@id":"https:\/\/osaka.ma\/#\/schema\/logo\/image\/","url":"https:\/\/osaka.ma\/wp-content\/uploads\/2026\/01\/model-slogan-logo-2Plan-de-travail-1dksl-plus-finnn.png","contentUrl":"https:\/\/osaka.ma\/wp-content\/uploads\/2026\/01\/model-slogan-logo-2Plan-de-travail-1dksl-plus-finnn.png","width":842,"height":226,"caption":"Osaka"},"image":{"@id":"https:\/\/osaka.ma\/#\/schema\/logo\/image\/"}}]}},"jetpack_sharing_enabled":true,"brands":[],"_links":{"self":[{"href":"https:\/\/osaka.ma\/es\/wp-json\/wp\/v2\/product\/21546","targetHints":{"allow":["GET"]}}],"collection":[{"href":"https:\/\/osaka.ma\/es\/wp-json\/wp\/v2\/product"}],"about":[{"href":"https:\/\/osaka.ma\/es\/wp-json\/wp\/v2\/types\/product"}],"version-history":[{"count":0,"href":"https:\/\/osaka.ma\/es\/wp-json\/wp\/v2\/product\/21546\/revisions"}],"wp:featuredmedia":[{"embeddable":true,"href":"https:\/\/osaka.ma\/es\/wp-json\/wp\/v2\/media\/1021551"}],"wp:attachment":[{"href":"https:\/\/osaka.ma\/es\/wp-json\/wp\/v2\/media?parent=21546"}],"wp:term":[{"taxonomy":"pwb-brand","embeddable":true,"href":"https:\/\/osaka.ma\/es\/wp-json\/wp\/v2\/pwb-brand?post=21546"},{"taxonomy":"product_brand","embeddable":true,"href":"https:\/\/osaka.ma\/es\/wp-json\/wp\/v2\/product_brand?post=21546"},{"taxonomy":"product_cat","embeddable":true,"href":"https:\/\/osaka.ma\/es\/wp-json\/wp\/v2\/product_cat?post=21546"},{"taxonomy":"product_tag","embeddable":true,"href":"https:\/\/osaka.ma\/es\/wp-json\/wp\/v2\/product_tag?post=21546"},{"taxonomy":"pcb_component_type","embeddable":true,"href":"https:\/\/osaka.ma\/es\/wp-json\/wp\/v2\/pcb_component_type?post=21546"}],"curies":[{"name":"wp","href":"https:\/\/api.w.org\/{rel}","templated":true}]}}