{"id":5415,"date":"2023-08-19T12:05:27","date_gmt":"2023-08-19T12:05:27","guid":{"rendered":"https:\/\/osaka.ma\/?post_type=product&#038;p=5415"},"modified":"2025-03-20T15:48:30","modified_gmt":"2025-03-20T15:48:30","slug":"razer-bundle-gamer-power-up-v2","status":"publish","type":"product","link":"https:\/\/osaka.ma\/es\/product\/razer-bundle-gamer-power-up-v2\/","title":{"rendered":"RAZER Bundle Gamer POWER UP V2"},"content":{"rendered":"<p>Le Bundle Razer Powerup v2 est compos\u00e9 de:<\/p>\n<h1><span class=\"fn designation_courte\">Razer Cynosa Lite<\/span><\/h1>\n<p>Avec le clavier\u00a0Razer Cynosa Lite, donnez un style incomparable \u00e0 votre \u00e9quipement gamer. En effet, regardez-le prendre vie gr\u00e2ce \u00e0 ses touches \u00e0 l&#8217;\u00e9clairage individuellement personnalisable. Il dispose aussi d&#8217;une fonction anti-ghosting permettant jusqu&#8217;\u00e0 10 pressions de touches simultan\u00e9es et des touches enti\u00e8rement programmables avec enregistrement de macros \u00e0 la vol\u00e9e.<\/p>\n<p>&nbsp;<\/p>\n<h1><span class=\"fn designation_courte\">Razer Deathadder Essential<\/span><\/h1>\n<p>Offrant une ergonomie confortable et une durabilit\u00e9 \u00e0 toute \u00e9preuve, la souris\u00a0Razer DeathAdder Essential 2021\u00a0vous suivra partout. Elle est notamment \u00e9quip\u00e9e d&#8217;un capteur optique de 6400 dpi et de 5 boutons Hyperesponse afin de vous donner un avantage absolu sur vos adversaires. Cette souris les meilleurs \u00e9l\u00e9ments dont un joueur a besoin pour dominer n&#8217;importe quel jeu.<\/p>\n<h1><span class=\"fn designation_courte\">Razer Blackshark V2 X<\/span><\/h1>\n<p>Ultra l\u00e9ger, le\u00a0Razer Blackshar V2 X\u00a0est non seulement agr\u00e9able \u00e0 porter, mais \u00e9galement ultra-immersif avec un son surround 7.1. Avec ce casque sur les oreilles, vous ne ferez qu&#8217;une bouch\u00e9e de vos adversaires. Ce casque circum-auriculaire est dot\u00e9 d&#8217;un rembourrage \u00e9pais ainsi qu&#8217;un microphone flexible afin que la communication avec vos co\u00e9quipiers se fasse de fa\u00e7on simple et claire.<\/p>\n<h1><strong>Razer Gigantus v2 (Large)<\/strong><\/h1>\n<p>Mettez toutes les chances de victoire de votre c\u00f4t\u00e9 gr\u00e2ce au\u00a0Razer Gigantus v2. Ce dernier vous offre une stabilit\u00e9 optimale gr\u00e2ce \u00e0 sa base antid\u00e9rapante en caoutchouc et des d\u00e9placements fluides via sa surface en tissu doux. Avec seulement 3 mm d&#8217;\u00e9paisseur, ce tapis de souris vous accompagne parfaitement sur le champ de bataille \u00e0 la recherche de victoires pr\u00e9cieuses !<\/p>\n","protected":false},"excerpt":{"rendered":"<p>Retrouvez dans ce pack pour gamer Razer Power Up V2, le clavier Cynosa Lite avec son r\u00e9tro-\u00e9clairage RGB et ses touches membranes efficaces, la souris Razer Deathadder Essential, un mod\u00e8le optique filaire \u00e0 5 boutons avec r\u00e9tro-\u00e9clairage et capteur 6400 dpi, le casque Blackshark V2 X ainsi que la tapis Gigantus V2 Large.<\/p>\n","protected":false},"featured_media":1005426,"template":"","meta":{"_acf_changed":false},"pwb-brand":[],"product_brand":[],"product_cat":[31,33],"product_tag":[],"pcb_component_type":[],"class_list":{"0":"post-5415","1":"product","2":"type-product","3":"status-publish","4":"has-post-thumbnail","6":"product_cat-accessoires","7":"product_cat-combo-claviers-souris","9":"first","10":"outofstock","11":"shipping-taxable","12":"product-type-simple"},"translation":{"provider":"WPGlobus","version":"3.0.2","language":"es","enabled_languages":["en","es","de","fr","ru"],"languages":{"en":{"title":true,"content":true,"excerpt":true},"es":{"title":false,"content":false,"excerpt":false},"de":{"title":false,"content":false,"excerpt":false},"fr":{"title":false,"content":false,"excerpt":false},"ru":{"title":false,"content":false,"excerpt":false}}},"acf":[],"yoast_head":"<!-- This site is optimized with the Yoast SEO plugin v27.2 - https:\/\/yoast.com\/product\/yoast-seo-wordpress\/ -->\n<title>RAZER Bundle Gamer POWER UP V2 - Osaka<\/title>\n<meta name=\"robots\" content=\"index, follow, max-snippet:-1, max-image-preview:large, max-video-preview:-1\" \/>\n<link rel=\"canonical\" href=\"https:\/\/osaka.ma\/fr\/product\/razer-bundle-gamer-power-up-v2\/\" \/>\n<meta property=\"og:locale\" content=\"es_ES\" \/>\n<meta property=\"og:type\" content=\"article\" \/>\n<meta property=\"og:title\" content=\"RAZER Bundle Gamer POWER UP V2 - Osaka\" \/>\n<meta property=\"og:url\" content=\"https:\/\/osaka.ma\/fr\/product\/razer-bundle-gamer-power-up-v2\/\" \/>\n<meta property=\"og:site_name\" content=\"Osaka\" \/>\n<meta property=\"article:modified_time\" content=\"2025-03-20T15:48:30+00:00\" \/>\n<meta property=\"og:image\" content=\"https:\/\/osaka.ma\/wp-content\/uploads\/2023\/08\/1677857999.jpg\" \/>\n\t<meta property=\"og:image:width\" content=\"612\" \/>\n\t<meta property=\"og:image:height\" content=\"612\" \/>\n\t<meta property=\"og:image:type\" content=\"image\/jpeg\" \/>\n<meta name=\"twitter:card\" content=\"summary_large_image\" \/>\n<meta name=\"twitter:label1\" content=\"Est. reading time\" \/>\n\t<meta name=\"twitter:data1\" content=\"2 minutes\" \/>\n<script type=\"application\/ld+json\" class=\"yoast-schema-graph\">{\"@context\":\"https:\/\/schema.org\",\"@graph\":[{\"@type\":\"WebPage\",\"@id\":\"https:\/\/osaka.ma\/fr\/product\/razer-bundle-gamer-power-up-v2\/\",\"url\":\"https:\/\/osaka.ma\/fr\/product\/razer-bundle-gamer-power-up-v2\/\",\"name\":\"RAZER Bundle Gamer POWER UP V2 - Osaka\",\"isPartOf\":{\"@id\":\"https:\/\/osaka.ma\/#website\"},\"primaryImageOfPage\":{\"@id\":\"https:\/\/osaka.ma\/fr\/product\/razer-bundle-gamer-power-up-v2\/#primaryimage\"},\"image\":{\"@id\":\"https:\/\/osaka.ma\/fr\/product\/razer-bundle-gamer-power-up-v2\/#primaryimage\"},\"thumbnailUrl\":\"https:\/\/osaka.ma\/wp-content\/uploads\/2023\/08\/1677857999.jpg\",\"datePublished\":\"2023-08-19T12:05:27+00:00\",\"dateModified\":\"2025-03-20T15:48:30+00:00\",\"breadcrumb\":{\"@id\":\"https:\/\/osaka.ma\/fr\/product\/razer-bundle-gamer-power-up-v2\/#breadcrumb\"},\"inLanguage\":\"es-ES\",\"potentialAction\":[{\"@type\":\"ReadAction\",\"target\":[\"https:\/\/osaka.ma\/fr\/product\/razer-bundle-gamer-power-up-v2\/\"]}]},{\"@type\":\"ImageObject\",\"inLanguage\":\"es-ES\",\"@id\":\"https:\/\/osaka.ma\/fr\/product\/razer-bundle-gamer-power-up-v2\/#primaryimage\",\"url\":\"https:\/\/osaka.ma\/wp-content\/uploads\/2023\/08\/1677857999.jpg\",\"contentUrl\":\"https:\/\/osaka.ma\/wp-content\/uploads\/2023\/08\/1677857999.jpg\",\"width\":612,\"height\":612},{\"@type\":\"BreadcrumbList\",\"@id\":\"https:\/\/osaka.ma\/fr\/product\/razer-bundle-gamer-power-up-v2\/#breadcrumb\",\"itemListElement\":[{\"@type\":\"ListItem\",\"position\":1,\"name\":\"Home\",\"item\":\"https:\/\/osaka.ma\/\"},{\"@type\":\"ListItem\",\"position\":2,\"name\":\"Shop\",\"item\":\"https:\/\/osaka.ma\/shop-2\/\"},{\"@type\":\"ListItem\",\"position\":3,\"name\":\"RAZER Bundle Gamer POWER UP V2\"}]},{\"@type\":\"WebSite\",\"@id\":\"https:\/\/osaka.ma\/#website\",\"url\":\"https:\/\/osaka.ma\/\",\"name\":\"Osaka\",\"description\":\"\",\"publisher\":{\"@id\":\"https:\/\/osaka.ma\/#organization\"},\"potentialAction\":[{\"@type\":\"SearchAction\",\"target\":{\"@type\":\"EntryPoint\",\"urlTemplate\":\"https:\/\/osaka.ma\/?s={search_term_string}\"},\"query-input\":{\"@type\":\"PropertyValueSpecification\",\"valueRequired\":true,\"valueName\":\"search_term_string\"}}],\"inLanguage\":\"es-ES\"},{\"@type\":\"Organization\",\"@id\":\"https:\/\/osaka.ma\/#organization\",\"name\":\"Osaka\",\"url\":\"https:\/\/osaka.ma\/\",\"logo\":{\"@type\":\"ImageObject\",\"inLanguage\":\"es-ES\",\"@id\":\"https:\/\/osaka.ma\/#\/schema\/logo\/image\/\",\"url\":\"https:\/\/osaka.ma\/wp-content\/uploads\/2026\/01\/model-slogan-logo-2Plan-de-travail-1dksl-plus-finnn.png\",\"contentUrl\":\"https:\/\/osaka.ma\/wp-content\/uploads\/2026\/01\/model-slogan-logo-2Plan-de-travail-1dksl-plus-finnn.png\",\"width\":842,\"height\":226,\"caption\":\"Osaka\"},\"image\":{\"@id\":\"https:\/\/osaka.ma\/#\/schema\/logo\/image\/\"}}]}<\/script>\n<!-- \/ Yoast SEO plugin. -->","yoast_head_json":{"title":"RAZER Bundle Gamer POWER UP V2 - Osaka","robots":{"index":"index","follow":"follow","max-snippet":"max-snippet:-1","max-image-preview":"max-image-preview:large","max-video-preview":"max-video-preview:-1"},"canonical":"https:\/\/osaka.ma\/fr\/product\/razer-bundle-gamer-power-up-v2\/","og_locale":"es_ES","og_type":"article","og_title":"RAZER Bundle Gamer POWER UP V2 - Osaka","og_url":"https:\/\/osaka.ma\/fr\/product\/razer-bundle-gamer-power-up-v2\/","og_site_name":"Osaka","article_modified_time":"2025-03-20T15:48:30+00:00","og_image":[{"width":612,"height":612,"url":"https:\/\/osaka.ma\/wp-content\/uploads\/2023\/08\/1677857999.jpg","type":"image\/jpeg"}],"twitter_card":"summary_large_image","twitter_misc":{"Est. reading time":"2 minutes"},"schema":{"@context":"https:\/\/schema.org","@graph":[{"@type":"WebPage","@id":"https:\/\/osaka.ma\/fr\/product\/razer-bundle-gamer-power-up-v2\/","url":"https:\/\/osaka.ma\/fr\/product\/razer-bundle-gamer-power-up-v2\/","name":"RAZER Bundle Gamer POWER UP V2 - Osaka","isPartOf":{"@id":"https:\/\/osaka.ma\/#website"},"primaryImageOfPage":{"@id":"https:\/\/osaka.ma\/fr\/product\/razer-bundle-gamer-power-up-v2\/#primaryimage"},"image":{"@id":"https:\/\/osaka.ma\/fr\/product\/razer-bundle-gamer-power-up-v2\/#primaryimage"},"thumbnailUrl":"https:\/\/osaka.ma\/wp-content\/uploads\/2023\/08\/1677857999.jpg","datePublished":"2023-08-19T12:05:27+00:00","dateModified":"2025-03-20T15:48:30+00:00","breadcrumb":{"@id":"https:\/\/osaka.ma\/fr\/product\/razer-bundle-gamer-power-up-v2\/#breadcrumb"},"inLanguage":"es-ES","potentialAction":[{"@type":"ReadAction","target":["https:\/\/osaka.ma\/fr\/product\/razer-bundle-gamer-power-up-v2\/"]}]},{"@type":"ImageObject","inLanguage":"es-ES","@id":"https:\/\/osaka.ma\/fr\/product\/razer-bundle-gamer-power-up-v2\/#primaryimage","url":"https:\/\/osaka.ma\/wp-content\/uploads\/2023\/08\/1677857999.jpg","contentUrl":"https:\/\/osaka.ma\/wp-content\/uploads\/2023\/08\/1677857999.jpg","width":612,"height":612},{"@type":"BreadcrumbList","@id":"https:\/\/osaka.ma\/fr\/product\/razer-bundle-gamer-power-up-v2\/#breadcrumb","itemListElement":[{"@type":"ListItem","position":1,"name":"Home","item":"https:\/\/osaka.ma\/"},{"@type":"ListItem","position":2,"name":"Shop","item":"https:\/\/osaka.ma\/shop-2\/"},{"@type":"ListItem","position":3,"name":"RAZER Bundle Gamer POWER UP V2"}]},{"@type":"WebSite","@id":"https:\/\/osaka.ma\/#website","url":"https:\/\/osaka.ma\/","name":"Osaka","description":"","publisher":{"@id":"https:\/\/osaka.ma\/#organization"},"potentialAction":[{"@type":"SearchAction","target":{"@type":"EntryPoint","urlTemplate":"https:\/\/osaka.ma\/?s={search_term_string}"},"query-input":{"@type":"PropertyValueSpecification","valueRequired":true,"valueName":"search_term_string"}}],"inLanguage":"es-ES"},{"@type":"Organization","@id":"https:\/\/osaka.ma\/#organization","name":"Osaka","url":"https:\/\/osaka.ma\/","logo":{"@type":"ImageObject","inLanguage":"es-ES","@id":"https:\/\/osaka.ma\/#\/schema\/logo\/image\/","url":"https:\/\/osaka.ma\/wp-content\/uploads\/2026\/01\/model-slogan-logo-2Plan-de-travail-1dksl-plus-finnn.png","contentUrl":"https:\/\/osaka.ma\/wp-content\/uploads\/2026\/01\/model-slogan-logo-2Plan-de-travail-1dksl-plus-finnn.png","width":842,"height":226,"caption":"Osaka"},"image":{"@id":"https:\/\/osaka.ma\/#\/schema\/logo\/image\/"}}]}},"jetpack_sharing_enabled":true,"brands":[],"_links":{"self":[{"href":"https:\/\/osaka.ma\/es\/wp-json\/wp\/v2\/product\/5415","targetHints":{"allow":["GET"]}}],"collection":[{"href":"https:\/\/osaka.ma\/es\/wp-json\/wp\/v2\/product"}],"about":[{"href":"https:\/\/osaka.ma\/es\/wp-json\/wp\/v2\/types\/product"}],"version-history":[{"count":0,"href":"https:\/\/osaka.ma\/es\/wp-json\/wp\/v2\/product\/5415\/revisions"}],"wp:featuredmedia":[{"embeddable":true,"href":"https:\/\/osaka.ma\/es\/wp-json\/wp\/v2\/media\/1005426"}],"wp:attachment":[{"href":"https:\/\/osaka.ma\/es\/wp-json\/wp\/v2\/media?parent=5415"}],"wp:term":[{"taxonomy":"pwb-brand","embeddable":true,"href":"https:\/\/osaka.ma\/es\/wp-json\/wp\/v2\/pwb-brand?post=5415"},{"taxonomy":"product_brand","embeddable":true,"href":"https:\/\/osaka.ma\/es\/wp-json\/wp\/v2\/product_brand?post=5415"},{"taxonomy":"product_cat","embeddable":true,"href":"https:\/\/osaka.ma\/es\/wp-json\/wp\/v2\/product_cat?post=5415"},{"taxonomy":"product_tag","embeddable":true,"href":"https:\/\/osaka.ma\/es\/wp-json\/wp\/v2\/product_tag?post=5415"},{"taxonomy":"pcb_component_type","embeddable":true,"href":"https:\/\/osaka.ma\/es\/wp-json\/wp\/v2\/pcb_component_type?post=5415"}],"curies":[{"name":"wp","href":"https:\/\/api.w.org\/{rel}","templated":true}]}}