{"id":5503,"date":"2023-08-19T19:53:04","date_gmt":"2023-08-19T19:53:04","guid":{"rendered":"https:\/\/osaka.ma\/?post_type=product&#038;p=5503"},"modified":"2025-04-26T15:24:12","modified_gmt":"2025-04-26T15:24:12","slug":"dxracer-dxr-6","status":"publish","type":"product","link":"https:\/\/osaka.ma\/es\/product\/dxracer-dxr-6\/","title":{"rendered":"DXRACER DXR 6"},"content":{"rendered":"<p><span style=\"color: #000000;\">Transformez votre espace de jeu avec le <strong>si\u00e8ge gaming DXRacer DXR 6<\/strong>, une solution ergonomique con\u00e7ue pour r\u00e9pondre aux attentes des gamers les plus exigeants. Avec un <strong>dossier haut et droit<\/strong> inclinable jusqu\u2019\u00e0 135\u00b0, il permet un soutien optimal du dos, id\u00e9al pour de longues sessions. Les <strong>accoudoirs 3D r\u00e9glables<\/strong> s\u2019ajustent parfaitement pour garantir un confort personnalis\u00e9, tandis que le <strong>v\u00e9rin \u00e0 gaz robuste<\/strong> permet de r\u00e9gler facilement la hauteur en fonction de votre configuration.<\/span><\/p>\n<p><span style=\"color: #000000;\">Sa conception solide, renforc\u00e9e par un <strong>pied en aluminium noir<\/strong>, supporte une charge allant jusqu\u2019\u00e0 <strong>170 kg<\/strong>, offrant une stabilit\u00e9 in\u00e9gal\u00e9e. Les coussins pour l\u2019appui-t\u00eate et le soutien lombaire inclus am\u00e9liorent encore plus le confort, faisant de ce si\u00e8ge un choix incontournable pour pr\u00e9venir la fatigue et maximiser votre performance.<\/span><\/p>\n<p><span style=\"color: #000000;\">Enfin, l\u2019int\u00e9gration des <strong>lumi\u00e8res RGB personnalisables<\/strong> apporte une touche unique et moderne, permettant de cr\u00e9er une ambiance immersive et adapt\u00e9e \u00e0 votre style de jeu. Con\u00e7u pour les utilisateurs mesurant entre <strong>135 et 190 cm<\/strong>, le <strong>DXRacer DXR 6<\/strong> allie robustesse, design et fonctionnalit\u00e9 pour r\u00e9volutionner votre station gaming.<\/span><\/p>\n<h3><span style=\"color: #000000;\">Product Information<\/span><\/h3>\n<ul>\n<li><span style=\"color: #000000;\">Dossier haut et droit<\/span><\/li>\n<li><span style=\"color: #000000;\">Ajustement jusqu\u2019\u00e0<strong>\u00a0135 degr\u00e9s<\/strong><\/span><\/li>\n<li><span style=\"color: #000000;\"><strong>Accoudoirs 3D ajustables<\/strong><\/span><\/li>\n<li><span style=\"color: #000000;\"><strong>Pied en aluminium noir<\/strong><\/span><\/li>\n<li><span style=\"color: #000000;\"><strong>V\u00e9rin de gaz pour ajuster la hauteur<\/strong><\/span><\/li>\n<li><span style=\"color: #000000;\">Si\u00e8ge ajustable<\/span><\/li>\n<li><span style=\"color: #000000;\">Taille recommand\u00e9e : 135 \u2013 190 cm<\/span><\/li>\n<li><span style=\"color: #000000;\">Coussin appuie-t\u00eate ainsi que coussin lombaire inclus<\/span><\/li>\n<li><span style=\"color: #000000;\"><strong>Charge jusqu\u2019\u00e0 170 Kg<\/strong><\/span><\/li>\n<li><span style=\"color: #000000;\">+RGB Light<\/span><\/li>\n<\/ul>\n","protected":false},"excerpt":{"rendered":"<p><span style=\"color: #000000;\">Le <strong>si\u00e8ge gaming DXRacer DXR 6<\/strong> allie confort, solidit\u00e9 et style gr\u00e2ce \u00e0 ses accoudoirs 3D ajustables, un dossier inclinable jusqu\u2019\u00e0 135\u00b0, et une capacit\u00e9 de charge jusqu\u2019\u00e0 170 kg. Con\u00e7u pour les joueurs exigeants, il offre un appui-t\u00eate, un coussin lombaire et une hauteur r\u00e9glable, le tout sublim\u00e9 par des <strong>lumi\u00e8res RGB int\u00e9gr\u00e9es<\/strong> pour une immersion totale.<\/span><\/p>\n","protected":false},"featured_media":1005504,"template":"","meta":{"_acf_changed":false},"pwb-brand":[],"product_brand":[],"product_cat":[31,43],"product_tag":[],"pcb_component_type":[],"class_list":{"0":"post-5503","1":"product","2":"type-product","3":"status-publish","4":"has-post-thumbnail","6":"product_cat-accessoires","7":"product_cat-chaises","9":"first","10":"outofstock","11":"shipping-taxable","12":"purchasable","13":"product-type-simple"},"translation":{"provider":"WPGlobus","version":"3.0.2","language":"es","enabled_languages":["en","es","de","fr","ru"],"languages":{"en":{"title":true,"content":true,"excerpt":true},"es":{"title":false,"content":false,"excerpt":false},"de":{"title":false,"content":false,"excerpt":false},"fr":{"title":false,"content":false,"excerpt":false},"ru":{"title":false,"content":false,"excerpt":false}}},"acf":[],"yoast_head":"<!-- This site is optimized with the Yoast SEO plugin v27.2 - https:\/\/yoast.com\/product\/yoast-seo-wordpress\/ -->\n<title>Si\u00e8ge gaming DXRacer DXR 6 - Osaka<\/title>\n<meta name=\"robots\" content=\"index, follow, max-snippet:-1, max-image-preview:large, max-video-preview:-1\" \/>\n<link rel=\"canonical\" href=\"https:\/\/osaka.ma\/de\/product\/dxracer-dxr-6\/\" \/>\n<meta property=\"og:locale\" content=\"es_ES\" \/>\n<meta property=\"og:type\" content=\"article\" \/>\n<meta property=\"og:title\" content=\"DXRACER DXR 6 - Osaka\" \/>\n<meta property=\"og:url\" content=\"https:\/\/osaka.ma\/de\/product\/dxracer-dxr-6\/\" \/>\n<meta property=\"og:site_name\" content=\"Osaka\" \/>\n<meta property=\"article:modified_time\" content=\"2025-04-26T15:24:12+00:00\" \/>\n<meta property=\"og:image\" content=\"https:\/\/osaka.ma\/wp-content\/uploads\/2023\/08\/1681178463.jpg\" \/>\n\t<meta property=\"og:image:width\" content=\"1080\" \/>\n\t<meta property=\"og:image:height\" content=\"1080\" \/>\n\t<meta property=\"og:image:type\" content=\"image\/jpeg\" \/>\n<meta name=\"twitter:card\" content=\"summary_large_image\" \/>\n<meta name=\"twitter:label1\" content=\"Est. reading time\" \/>\n\t<meta name=\"twitter:data1\" content=\"2 minutes\" \/>\n<script type=\"application\/ld+json\" class=\"yoast-schema-graph\">{\"@context\":\"https:\/\/schema.org\",\"@graph\":[{\"@type\":\"WebPage\",\"@id\":\"https:\/\/osaka.ma\/de\/product\/dxracer-dxr-6\/\",\"url\":\"https:\/\/osaka.ma\/de\/product\/dxracer-dxr-6\/\",\"name\":\"Si\u00e8ge gaming DXRacer DXR 6 - Osaka\",\"isPartOf\":{\"@id\":\"https:\/\/osaka.ma\/#website\"},\"primaryImageOfPage\":{\"@id\":\"https:\/\/osaka.ma\/de\/product\/dxracer-dxr-6\/#primaryimage\"},\"image\":{\"@id\":\"https:\/\/osaka.ma\/de\/product\/dxracer-dxr-6\/#primaryimage\"},\"thumbnailUrl\":\"https:\/\/osaka.ma\/wp-content\/uploads\/2023\/08\/1681178463.jpg\",\"datePublished\":\"2023-08-19T19:53:04+00:00\",\"dateModified\":\"2025-04-26T15:24:12+00:00\",\"description\":\"Vous cherchez un si\u00e8ge gaming DXRacer DXR 6 pour votre PC Gamer ? D\u00e9couvrez Osaka, le num\u00e9ro 1 du Gaming au Maroc, avec livraison dans tout le pays.\",\"breadcrumb\":{\"@id\":\"https:\/\/osaka.ma\/de\/product\/dxracer-dxr-6\/#breadcrumb\"},\"inLanguage\":\"es-ES\",\"potentialAction\":[{\"@type\":\"ReadAction\",\"target\":[\"https:\/\/osaka.ma\/de\/product\/dxracer-dxr-6\/\"]}]},{\"@type\":\"ImageObject\",\"inLanguage\":\"es-ES\",\"@id\":\"https:\/\/osaka.ma\/de\/product\/dxracer-dxr-6\/#primaryimage\",\"url\":\"https:\/\/osaka.ma\/wp-content\/uploads\/2023\/08\/1681178463.jpg\",\"contentUrl\":\"https:\/\/osaka.ma\/wp-content\/uploads\/2023\/08\/1681178463.jpg\",\"width\":1080,\"height\":1080,\"caption\":\"si\u00e8ge gaming DXRacer DXR 6\"},{\"@type\":\"BreadcrumbList\",\"@id\":\"https:\/\/osaka.ma\/de\/product\/dxracer-dxr-6\/#breadcrumb\",\"itemListElement\":[{\"@type\":\"ListItem\",\"position\":1,\"name\":\"Home\",\"item\":\"https:\/\/osaka.ma\/\"},{\"@type\":\"ListItem\",\"position\":2,\"name\":\"Shop\",\"item\":\"https:\/\/osaka.ma\/shop-2\/\"},{\"@type\":\"ListItem\",\"position\":3,\"name\":\"DXRACER DXR 6\"}]},{\"@type\":\"WebSite\",\"@id\":\"https:\/\/osaka.ma\/#website\",\"url\":\"https:\/\/osaka.ma\/\",\"name\":\"Osaka\",\"description\":\"\",\"publisher\":{\"@id\":\"https:\/\/osaka.ma\/#organization\"},\"potentialAction\":[{\"@type\":\"SearchAction\",\"target\":{\"@type\":\"EntryPoint\",\"urlTemplate\":\"https:\/\/osaka.ma\/?s={search_term_string}\"},\"query-input\":{\"@type\":\"PropertyValueSpecification\",\"valueRequired\":true,\"valueName\":\"search_term_string\"}}],\"inLanguage\":\"es-ES\"},{\"@type\":\"Organization\",\"@id\":\"https:\/\/osaka.ma\/#organization\",\"name\":\"Osaka\",\"url\":\"https:\/\/osaka.ma\/\",\"logo\":{\"@type\":\"ImageObject\",\"inLanguage\":\"es-ES\",\"@id\":\"https:\/\/osaka.ma\/#\/schema\/logo\/image\/\",\"url\":\"https:\/\/osaka.ma\/wp-content\/uploads\/2026\/01\/model-slogan-logo-2Plan-de-travail-1dksl-plus-finnn.png\",\"contentUrl\":\"https:\/\/osaka.ma\/wp-content\/uploads\/2026\/01\/model-slogan-logo-2Plan-de-travail-1dksl-plus-finnn.png\",\"width\":842,\"height\":226,\"caption\":\"Osaka\"},\"image\":{\"@id\":\"https:\/\/osaka.ma\/#\/schema\/logo\/image\/\"}}]}<\/script>\n<!-- \/ Yoast SEO plugin. -->","yoast_head_json":{"title":"Si\u00e8ge gaming DXRacer DXR 6 - Osaka","robots":{"index":"index","follow":"follow","max-snippet":"max-snippet:-1","max-image-preview":"max-image-preview:large","max-video-preview":"max-video-preview:-1"},"canonical":"https:\/\/osaka.ma\/de\/product\/dxracer-dxr-6\/","og_locale":"es_ES","og_type":"article","og_title":"DXRACER DXR 6 - Osaka","og_url":"https:\/\/osaka.ma\/de\/product\/dxracer-dxr-6\/","og_site_name":"Osaka","article_modified_time":"2025-04-26T15:24:12+00:00","og_image":[{"width":1080,"height":1080,"url":"https:\/\/osaka.ma\/wp-content\/uploads\/2023\/08\/1681178463.jpg","type":"image\/jpeg"}],"twitter_card":"summary_large_image","twitter_misc":{"Est. reading time":"2 minutes"},"schema":{"@context":"https:\/\/schema.org","@graph":[{"@type":"WebPage","@id":"https:\/\/osaka.ma\/de\/product\/dxracer-dxr-6\/","url":"https:\/\/osaka.ma\/de\/product\/dxracer-dxr-6\/","name":"Si\u00e8ge gaming DXRacer DXR 6 - Osaka","isPartOf":{"@id":"https:\/\/osaka.ma\/#website"},"primaryImageOfPage":{"@id":"https:\/\/osaka.ma\/de\/product\/dxracer-dxr-6\/#primaryimage"},"image":{"@id":"https:\/\/osaka.ma\/de\/product\/dxracer-dxr-6\/#primaryimage"},"thumbnailUrl":"https:\/\/osaka.ma\/wp-content\/uploads\/2023\/08\/1681178463.jpg","datePublished":"2023-08-19T19:53:04+00:00","dateModified":"2025-04-26T15:24:12+00:00","description":"Vous cherchez un si\u00e8ge gaming DXRacer DXR 6 pour votre PC Gamer ? D\u00e9couvrez Osaka, le num\u00e9ro 1 du Gaming au Maroc, avec livraison dans tout le pays.","breadcrumb":{"@id":"https:\/\/osaka.ma\/de\/product\/dxracer-dxr-6\/#breadcrumb"},"inLanguage":"es-ES","potentialAction":[{"@type":"ReadAction","target":["https:\/\/osaka.ma\/de\/product\/dxracer-dxr-6\/"]}]},{"@type":"ImageObject","inLanguage":"es-ES","@id":"https:\/\/osaka.ma\/de\/product\/dxracer-dxr-6\/#primaryimage","url":"https:\/\/osaka.ma\/wp-content\/uploads\/2023\/08\/1681178463.jpg","contentUrl":"https:\/\/osaka.ma\/wp-content\/uploads\/2023\/08\/1681178463.jpg","width":1080,"height":1080,"caption":"si\u00e8ge gaming DXRacer DXR 6"},{"@type":"BreadcrumbList","@id":"https:\/\/osaka.ma\/de\/product\/dxracer-dxr-6\/#breadcrumb","itemListElement":[{"@type":"ListItem","position":1,"name":"Home","item":"https:\/\/osaka.ma\/"},{"@type":"ListItem","position":2,"name":"Shop","item":"https:\/\/osaka.ma\/shop-2\/"},{"@type":"ListItem","position":3,"name":"DXRACER DXR 6"}]},{"@type":"WebSite","@id":"https:\/\/osaka.ma\/#website","url":"https:\/\/osaka.ma\/","name":"Osaka","description":"","publisher":{"@id":"https:\/\/osaka.ma\/#organization"},"potentialAction":[{"@type":"SearchAction","target":{"@type":"EntryPoint","urlTemplate":"https:\/\/osaka.ma\/?s={search_term_string}"},"query-input":{"@type":"PropertyValueSpecification","valueRequired":true,"valueName":"search_term_string"}}],"inLanguage":"es-ES"},{"@type":"Organization","@id":"https:\/\/osaka.ma\/#organization","name":"Osaka","url":"https:\/\/osaka.ma\/","logo":{"@type":"ImageObject","inLanguage":"es-ES","@id":"https:\/\/osaka.ma\/#\/schema\/logo\/image\/","url":"https:\/\/osaka.ma\/wp-content\/uploads\/2026\/01\/model-slogan-logo-2Plan-de-travail-1dksl-plus-finnn.png","contentUrl":"https:\/\/osaka.ma\/wp-content\/uploads\/2026\/01\/model-slogan-logo-2Plan-de-travail-1dksl-plus-finnn.png","width":842,"height":226,"caption":"Osaka"},"image":{"@id":"https:\/\/osaka.ma\/#\/schema\/logo\/image\/"}}]}},"jetpack_sharing_enabled":true,"brands":[],"_links":{"self":[{"href":"https:\/\/osaka.ma\/es\/wp-json\/wp\/v2\/product\/5503","targetHints":{"allow":["GET"]}}],"collection":[{"href":"https:\/\/osaka.ma\/es\/wp-json\/wp\/v2\/product"}],"about":[{"href":"https:\/\/osaka.ma\/es\/wp-json\/wp\/v2\/types\/product"}],"version-history":[{"count":0,"href":"https:\/\/osaka.ma\/es\/wp-json\/wp\/v2\/product\/5503\/revisions"}],"wp:featuredmedia":[{"embeddable":true,"href":"https:\/\/osaka.ma\/es\/wp-json\/wp\/v2\/media\/1005504"}],"wp:attachment":[{"href":"https:\/\/osaka.ma\/es\/wp-json\/wp\/v2\/media?parent=5503"}],"wp:term":[{"taxonomy":"pwb-brand","embeddable":true,"href":"https:\/\/osaka.ma\/es\/wp-json\/wp\/v2\/pwb-brand?post=5503"},{"taxonomy":"product_brand","embeddable":true,"href":"https:\/\/osaka.ma\/es\/wp-json\/wp\/v2\/product_brand?post=5503"},{"taxonomy":"product_cat","embeddable":true,"href":"https:\/\/osaka.ma\/es\/wp-json\/wp\/v2\/product_cat?post=5503"},{"taxonomy":"product_tag","embeddable":true,"href":"https:\/\/osaka.ma\/es\/wp-json\/wp\/v2\/product_tag?post=5503"},{"taxonomy":"pcb_component_type","embeddable":true,"href":"https:\/\/osaka.ma\/es\/wp-json\/wp\/v2\/pcb_component_type?post=5503"}],"curies":[{"name":"wp","href":"https:\/\/api.w.org\/{rel}","templated":true}]}}