{"id":5547,"date":"2023-08-19T20:51:14","date_gmt":"2023-08-19T20:51:14","guid":{"rendered":"https:\/\/osaka.ma\/?post_type=product&#038;p=5547"},"modified":"2025-04-25T15:20:33","modified_gmt":"2025-04-25T15:20:33","slug":"cooler-master-fan-sf360r-argb-3fan","status":"publish","type":"product","link":"https:\/\/osaka.ma\/es\/product\/cooler-master-fan-sf360r-argb-3fan\/","title":{"rendered":"COOLER MASTER FAN SF360R ARGB 3FAN"},"content":{"rendered":"<h3>Product Information<\/h3>\n<p>Voici le\u00a0<strong>Cooler Master MasterFan SF360R ARGB<\/strong>, le premier MasterFan RGB adressable de\u00a0<strong>360<\/strong>\u00a0mm avec un cadre au design carr\u00e9. Le cadre carr\u00e9 est con\u00e7u pour maximiser la zone de couverture et g\u00e9n\u00e9rer un flux d\u2019air \u00e0 haute pression, id\u00e9al pour tous les refroidisseurs de CPU. Il est \u00e9quip\u00e9 de\u00a0<strong>3\u00a0<\/strong>ventilateurs de\u00a0<strong>120 mm<\/strong>\u00a0combin\u00e9s en un seul produit pour vous simplifier son installation et vous assurer des performances incomparables. Compatible avec les ordinateurs adressables RGB, ce ventilateur est certifi\u00e9 compatible avec Asus Aura, ASRock RGB et MSI RGB.<br \/>\n(ECLAIRAGE RGB ET TECHNOLOGIE DE REFROIDISSEMENT SILENCIEUSE)<br \/>\n<strong>CARACT\u00c9RISTIQUES :<\/strong><br \/>\n\u2022\u00a0\u00a0 \u00a03 ventilateurs de\u00a0<strong>120<\/strong>\u00a0mm combin\u00e9s en un seul produit : MasterFan SF360R ARGB<br \/>\n\u2022\u00a0\u00a0 \u00a0Connecteur d&#8217;alimentation PWM : 4 pins femelles<br \/>\n\u2022\u00a0\u00a0 \u00a0Eclairage \u00e0 LED ARGB\u00a0<strong>(adressable)<\/strong><br \/>\n\u2022\u00a0\u00a0 \u00a0Pales de ventilateur incurv\u00e9es (performance de refroidissement maximale)<br \/>\n\u2022\u00a0\u00a0 \u00a0Vitesse des ventilateurs de 650-2000 tr \/ min +\/- 10%<br \/>\n\u2022\u00a0\u00a0 \u00a0Tension nominale :\u00a0<strong>12<\/strong>\u00a0V<br \/>\n\u2022\u00a0\u00a0 \u00a0Pression de l&#8217;air : 1.58 mmH2O +\/- 10%<\/p>\n","protected":false},"excerpt":{"rendered":"<p>Product Information Voici le\u00a0Cooler Master MasterFan SF360R ARGB, le premier MasterFan RGB adressable de\u00a0360\u00a0mm avec un cadre au design carr\u00e9. Le cadre carr\u00e9 est con\u00e7u pour maximiser la zone de<\/p>\n","protected":false},"featured_media":1005550,"template":"","meta":{"_acf_changed":false},"pwb-brand":[],"product_brand":[],"product_cat":[17,48],"product_tag":[],"pcb_component_type":[],"class_list":{"0":"post-5547","1":"product","2":"type-product","3":"status-publish","4":"has-post-thumbnail","6":"product_cat-composants-gaming","7":"product_cat-ventilateurs-boitier","9":"first","10":"outofstock","11":"shipping-taxable","12":"product-type-simple"},"translation":{"provider":"WPGlobus","version":"3.0.2","language":"es","enabled_languages":["en","es","de","fr","ru"],"languages":{"en":{"title":true,"content":true,"excerpt":false},"es":{"title":false,"content":false,"excerpt":false},"de":{"title":false,"content":false,"excerpt":false},"fr":{"title":false,"content":false,"excerpt":false},"ru":{"title":false,"content":false,"excerpt":false}}},"acf":[],"yoast_head":"<!-- This site is optimized with the Yoast SEO plugin v27.2 - https:\/\/yoast.com\/product\/yoast-seo-wordpress\/ -->\n<title>COOLER MASTER FAN SF360R ARGB 3FAN - Osaka<\/title>\n<meta name=\"robots\" content=\"index, follow, max-snippet:-1, max-image-preview:large, max-video-preview:-1\" \/>\n<link rel=\"canonical\" href=\"https:\/\/osaka.ma\/ru\/product\/cooler-master-fan-sf360r-argb-3fan\/\" \/>\n<meta property=\"og:locale\" content=\"es_ES\" \/>\n<meta property=\"og:type\" content=\"article\" \/>\n<meta property=\"og:title\" content=\"COOLER MASTER FAN SF360R ARGB 3FAN - Osaka\" \/>\n<meta property=\"og:url\" content=\"https:\/\/osaka.ma\/ru\/product\/cooler-master-fan-sf360r-argb-3fan\/\" \/>\n<meta property=\"og:site_name\" content=\"Osaka\" \/>\n<meta property=\"article:modified_time\" content=\"2025-04-25T15:20:33+00:00\" \/>\n<meta property=\"og:image\" content=\"https:\/\/osaka.ma\/wp-content\/uploads\/2023\/08\/1689696386.jpg\" \/>\n\t<meta property=\"og:image:width\" content=\"600\" \/>\n\t<meta property=\"og:image:height\" content=\"600\" \/>\n\t<meta property=\"og:image:type\" content=\"image\/jpeg\" \/>\n<meta name=\"twitter:card\" content=\"summary_large_image\" \/>\n<meta name=\"twitter:label1\" content=\"Est. reading time\" \/>\n\t<meta name=\"twitter:data1\" content=\"1 minute\" \/>\n<script type=\"application\/ld+json\" class=\"yoast-schema-graph\">{\"@context\":\"https:\/\/schema.org\",\"@graph\":[{\"@type\":\"WebPage\",\"@id\":\"https:\/\/osaka.ma\/ru\/product\/cooler-master-fan-sf360r-argb-3fan\/\",\"url\":\"https:\/\/osaka.ma\/ru\/product\/cooler-master-fan-sf360r-argb-3fan\/\",\"name\":\"COOLER MASTER FAN SF360R ARGB 3FAN - Osaka\",\"isPartOf\":{\"@id\":\"https:\/\/osaka.ma\/#website\"},\"primaryImageOfPage\":{\"@id\":\"https:\/\/osaka.ma\/ru\/product\/cooler-master-fan-sf360r-argb-3fan\/#primaryimage\"},\"image\":{\"@id\":\"https:\/\/osaka.ma\/ru\/product\/cooler-master-fan-sf360r-argb-3fan\/#primaryimage\"},\"thumbnailUrl\":\"https:\/\/osaka.ma\/wp-content\/uploads\/2023\/08\/1689696386.jpg\",\"datePublished\":\"2023-08-19T20:51:14+00:00\",\"dateModified\":\"2025-04-25T15:20:33+00:00\",\"breadcrumb\":{\"@id\":\"https:\/\/osaka.ma\/ru\/product\/cooler-master-fan-sf360r-argb-3fan\/#breadcrumb\"},\"inLanguage\":\"es-ES\",\"potentialAction\":[{\"@type\":\"ReadAction\",\"target\":[\"https:\/\/osaka.ma\/ru\/product\/cooler-master-fan-sf360r-argb-3fan\/\"]}]},{\"@type\":\"ImageObject\",\"inLanguage\":\"es-ES\",\"@id\":\"https:\/\/osaka.ma\/ru\/product\/cooler-master-fan-sf360r-argb-3fan\/#primaryimage\",\"url\":\"https:\/\/osaka.ma\/wp-content\/uploads\/2023\/08\/1689696386.jpg\",\"contentUrl\":\"https:\/\/osaka.ma\/wp-content\/uploads\/2023\/08\/1689696386.jpg\",\"width\":600,\"height\":600},{\"@type\":\"BreadcrumbList\",\"@id\":\"https:\/\/osaka.ma\/ru\/product\/cooler-master-fan-sf360r-argb-3fan\/#breadcrumb\",\"itemListElement\":[{\"@type\":\"ListItem\",\"position\":1,\"name\":\"Home\",\"item\":\"https:\/\/osaka.ma\/\"},{\"@type\":\"ListItem\",\"position\":2,\"name\":\"Shop\",\"item\":\"https:\/\/osaka.ma\/shop-2\/\"},{\"@type\":\"ListItem\",\"position\":3,\"name\":\"COOLER MASTER FAN SF360R ARGB 3FAN\"}]},{\"@type\":\"WebSite\",\"@id\":\"https:\/\/osaka.ma\/#website\",\"url\":\"https:\/\/osaka.ma\/\",\"name\":\"Osaka\",\"description\":\"\",\"publisher\":{\"@id\":\"https:\/\/osaka.ma\/#organization\"},\"potentialAction\":[{\"@type\":\"SearchAction\",\"target\":{\"@type\":\"EntryPoint\",\"urlTemplate\":\"https:\/\/osaka.ma\/?s={search_term_string}\"},\"query-input\":{\"@type\":\"PropertyValueSpecification\",\"valueRequired\":true,\"valueName\":\"search_term_string\"}}],\"inLanguage\":\"es-ES\"},{\"@type\":\"Organization\",\"@id\":\"https:\/\/osaka.ma\/#organization\",\"name\":\"Osaka\",\"url\":\"https:\/\/osaka.ma\/\",\"logo\":{\"@type\":\"ImageObject\",\"inLanguage\":\"es-ES\",\"@id\":\"https:\/\/osaka.ma\/#\/schema\/logo\/image\/\",\"url\":\"https:\/\/osaka.ma\/wp-content\/uploads\/2026\/01\/model-slogan-logo-2Plan-de-travail-1dksl-plus-finnn.png\",\"contentUrl\":\"https:\/\/osaka.ma\/wp-content\/uploads\/2026\/01\/model-slogan-logo-2Plan-de-travail-1dksl-plus-finnn.png\",\"width\":842,\"height\":226,\"caption\":\"Osaka\"},\"image\":{\"@id\":\"https:\/\/osaka.ma\/#\/schema\/logo\/image\/\"}}]}<\/script>\n<!-- \/ Yoast SEO plugin. -->","yoast_head_json":{"title":"COOLER MASTER FAN SF360R ARGB 3FAN - Osaka","robots":{"index":"index","follow":"follow","max-snippet":"max-snippet:-1","max-image-preview":"max-image-preview:large","max-video-preview":"max-video-preview:-1"},"canonical":"https:\/\/osaka.ma\/ru\/product\/cooler-master-fan-sf360r-argb-3fan\/","og_locale":"es_ES","og_type":"article","og_title":"COOLER MASTER FAN SF360R ARGB 3FAN - Osaka","og_url":"https:\/\/osaka.ma\/ru\/product\/cooler-master-fan-sf360r-argb-3fan\/","og_site_name":"Osaka","article_modified_time":"2025-04-25T15:20:33+00:00","og_image":[{"width":600,"height":600,"url":"https:\/\/osaka.ma\/wp-content\/uploads\/2023\/08\/1689696386.jpg","type":"image\/jpeg"}],"twitter_card":"summary_large_image","twitter_misc":{"Est. reading time":"1 minute"},"schema":{"@context":"https:\/\/schema.org","@graph":[{"@type":"WebPage","@id":"https:\/\/osaka.ma\/ru\/product\/cooler-master-fan-sf360r-argb-3fan\/","url":"https:\/\/osaka.ma\/ru\/product\/cooler-master-fan-sf360r-argb-3fan\/","name":"COOLER MASTER FAN SF360R ARGB 3FAN - Osaka","isPartOf":{"@id":"https:\/\/osaka.ma\/#website"},"primaryImageOfPage":{"@id":"https:\/\/osaka.ma\/ru\/product\/cooler-master-fan-sf360r-argb-3fan\/#primaryimage"},"image":{"@id":"https:\/\/osaka.ma\/ru\/product\/cooler-master-fan-sf360r-argb-3fan\/#primaryimage"},"thumbnailUrl":"https:\/\/osaka.ma\/wp-content\/uploads\/2023\/08\/1689696386.jpg","datePublished":"2023-08-19T20:51:14+00:00","dateModified":"2025-04-25T15:20:33+00:00","breadcrumb":{"@id":"https:\/\/osaka.ma\/ru\/product\/cooler-master-fan-sf360r-argb-3fan\/#breadcrumb"},"inLanguage":"es-ES","potentialAction":[{"@type":"ReadAction","target":["https:\/\/osaka.ma\/ru\/product\/cooler-master-fan-sf360r-argb-3fan\/"]}]},{"@type":"ImageObject","inLanguage":"es-ES","@id":"https:\/\/osaka.ma\/ru\/product\/cooler-master-fan-sf360r-argb-3fan\/#primaryimage","url":"https:\/\/osaka.ma\/wp-content\/uploads\/2023\/08\/1689696386.jpg","contentUrl":"https:\/\/osaka.ma\/wp-content\/uploads\/2023\/08\/1689696386.jpg","width":600,"height":600},{"@type":"BreadcrumbList","@id":"https:\/\/osaka.ma\/ru\/product\/cooler-master-fan-sf360r-argb-3fan\/#breadcrumb","itemListElement":[{"@type":"ListItem","position":1,"name":"Home","item":"https:\/\/osaka.ma\/"},{"@type":"ListItem","position":2,"name":"Shop","item":"https:\/\/osaka.ma\/shop-2\/"},{"@type":"ListItem","position":3,"name":"COOLER MASTER FAN SF360R ARGB 3FAN"}]},{"@type":"WebSite","@id":"https:\/\/osaka.ma\/#website","url":"https:\/\/osaka.ma\/","name":"Osaka","description":"","publisher":{"@id":"https:\/\/osaka.ma\/#organization"},"potentialAction":[{"@type":"SearchAction","target":{"@type":"EntryPoint","urlTemplate":"https:\/\/osaka.ma\/?s={search_term_string}"},"query-input":{"@type":"PropertyValueSpecification","valueRequired":true,"valueName":"search_term_string"}}],"inLanguage":"es-ES"},{"@type":"Organization","@id":"https:\/\/osaka.ma\/#organization","name":"Osaka","url":"https:\/\/osaka.ma\/","logo":{"@type":"ImageObject","inLanguage":"es-ES","@id":"https:\/\/osaka.ma\/#\/schema\/logo\/image\/","url":"https:\/\/osaka.ma\/wp-content\/uploads\/2026\/01\/model-slogan-logo-2Plan-de-travail-1dksl-plus-finnn.png","contentUrl":"https:\/\/osaka.ma\/wp-content\/uploads\/2026\/01\/model-slogan-logo-2Plan-de-travail-1dksl-plus-finnn.png","width":842,"height":226,"caption":"Osaka"},"image":{"@id":"https:\/\/osaka.ma\/#\/schema\/logo\/image\/"}}]}},"jetpack_sharing_enabled":true,"brands":[],"_links":{"self":[{"href":"https:\/\/osaka.ma\/es\/wp-json\/wp\/v2\/product\/5547","targetHints":{"allow":["GET"]}}],"collection":[{"href":"https:\/\/osaka.ma\/es\/wp-json\/wp\/v2\/product"}],"about":[{"href":"https:\/\/osaka.ma\/es\/wp-json\/wp\/v2\/types\/product"}],"version-history":[{"count":0,"href":"https:\/\/osaka.ma\/es\/wp-json\/wp\/v2\/product\/5547\/revisions"}],"wp:featuredmedia":[{"embeddable":true,"href":"https:\/\/osaka.ma\/es\/wp-json\/wp\/v2\/media\/1005550"}],"wp:attachment":[{"href":"https:\/\/osaka.ma\/es\/wp-json\/wp\/v2\/media?parent=5547"}],"wp:term":[{"taxonomy":"pwb-brand","embeddable":true,"href":"https:\/\/osaka.ma\/es\/wp-json\/wp\/v2\/pwb-brand?post=5547"},{"taxonomy":"product_brand","embeddable":true,"href":"https:\/\/osaka.ma\/es\/wp-json\/wp\/v2\/product_brand?post=5547"},{"taxonomy":"product_cat","embeddable":true,"href":"https:\/\/osaka.ma\/es\/wp-json\/wp\/v2\/product_cat?post=5547"},{"taxonomy":"product_tag","embeddable":true,"href":"https:\/\/osaka.ma\/es\/wp-json\/wp\/v2\/product_tag?post=5547"},{"taxonomy":"pcb_component_type","embeddable":true,"href":"https:\/\/osaka.ma\/es\/wp-json\/wp\/v2\/pcb_component_type?post=5547"}],"curies":[{"name":"wp","href":"https:\/\/api.w.org\/{rel}","templated":true}]}}