{"id":5885,"date":"2023-09-06T12:06:25","date_gmt":"2023-09-06T12:06:25","guid":{"rendered":"https:\/\/osaka.ma\/?post_type=product&#038;p=5885"},"modified":"2025-05-05T16:47:42","modified_gmt":"2025-05-05T16:47:42","slug":"samsung-ssd-980-pro-m-2-pcie-nvme-2tb","status":"publish","type":"product","link":"https:\/\/osaka.ma\/es\/product\/samsung-ssd-980-pro-m-2-pcie-nvme-2tb\/","title":{"rendered":"Samsung SSD 980 PRO M.2 PCIe NVMe 2TB"},"content":{"rendered":"<h2>Le disque\u00a0SSD 980 PRO 2 To\u00a0de Samsung permet de m\u00e9tamorphoser les performances et la r\u00e9activit\u00e9 de votre machine. B\u00e9n\u00e9ficiant de vitesses stratosph\u00e9riques et d&#8217;une endurance tr\u00e8s \u00e9lev\u00e9e, le Samsung 980 PRO au format M.2 2280 s&#8217;appuie sur l&#8217;interface PCI-E 4.0 x4 ainsi que sur la technologie NVMe 1.3c. Il est par ailleurs muni d&#8217;une m\u00e9moire\u00a0<span class=\"product-specs__highlights-desc\">Samsung V-NAND 3-bit MLC<\/span>, d&#8217;un contr\u00f4leur Samsung Elpis et de 2 Go de m\u00e9moire cache LPDDR4.<\/h2>\n<p>Le\u00a0Samsung 980 PRO M.2 PCIe 4.0 4x NVMe 1.3c\u00a0est pens\u00e9 avant tout pour les hardcore gamers et les technophiles les plus exigeants, le 980 PRO offre \u00e0 la fois une bande passante et un d\u00e9bit haute performance pour les lourdes requ\u00eates dans le gaming, l&#8217;infographie, l&#8217;analyse de donn\u00e9es, et plus encore. Le chargement des jeux est ultra-rapide pour que vous puissiez jouer plus, et attendre moins.<\/p>\n","protected":false},"excerpt":{"rendered":"<p>Le disque\u00a0SSD 980 PRO 2 To\u00a0de Samsung permet de m\u00e9tamorphoser les performances et la r\u00e9activit\u00e9 de votre machine. B\u00e9n\u00e9ficiant de vitesses stratosph\u00e9riques et d&#8217;une endurance tr\u00e8s \u00e9lev\u00e9e, le Samsung 980 PRO au format M.2 2280 s&#8217;appuie sur l&#8217;interface PCI-E 4.0 x4 ainsi que sur la technologie NVMe 1.3c. Il est par ailleurs muni d&#8217;une m\u00e9moire\u00a0<span class=\"product-specs__highlights-desc\">Samsung V-NAND 3-bit MLC<\/span>, d&#8217;un contr\u00f4leur Samsung Elpis et de 2 Go de m\u00e9moire cache LPDDR4.<\/p>\n<p>Le\u00a0Samsung 980 PRO M.2 PCIe 4.0 4x NVMe 1.3c\u00a0est pens\u00e9 avant tout pour les hardcore gamers et les technophiles les plus exigeants, le 980 PRO offre \u00e0 la fois une bande passante et un d\u00e9bit haute performance pour les lourdes requ\u00eates dans le gaming, l&#8217;infographie, l&#8217;analyse de donn\u00e9es, et plus encore. Le chargement des jeux est ultra-rapide pour que vous puissiez jouer plus, et attendre moins.<\/p>\n","protected":false},"featured_media":1005886,"template":"","meta":{"_acf_changed":false},"pwb-brand":[],"product_brand":[],"product_cat":[17,22],"product_tag":[],"pcb_component_type":[],"class_list":{"0":"post-5885","1":"product","2":"type-product","3":"status-publish","4":"has-post-thumbnail","6":"product_cat-composants-gaming","7":"product_cat-disque-dur-ssd","9":"first","10":"outofstock","11":"shipping-taxable","12":"product-type-simple"},"translation":{"provider":"WPGlobus","version":"3.0.2","language":"es","enabled_languages":["en","es","de","fr","ru"],"languages":{"en":{"title":true,"content":true,"excerpt":true},"es":{"title":false,"content":false,"excerpt":false},"de":{"title":false,"content":false,"excerpt":false},"fr":{"title":false,"content":false,"excerpt":false},"ru":{"title":false,"content":false,"excerpt":false}}},"acf":[],"yoast_head":"<!-- This site is optimized with the Yoast SEO plugin v27.2 - https:\/\/yoast.com\/product\/yoast-seo-wordpress\/ -->\n<title>Samsung SSD 980 PRO M.2 PCIe NVMe 2TB - Osaka<\/title>\n<meta name=\"robots\" content=\"index, follow, max-snippet:-1, max-image-preview:large, max-video-preview:-1\" \/>\n<link rel=\"canonical\" href=\"https:\/\/osaka.ma\/product\/samsung-ssd-980-pro-m-2-pcie-nvme-2tb\/\" \/>\n<meta property=\"og:locale\" content=\"es_ES\" \/>\n<meta property=\"og:type\" content=\"article\" \/>\n<meta property=\"og:title\" content=\"Samsung SSD 980 PRO M.2 PCIe NVMe 2TB - Osaka\" \/>\n<meta property=\"og:url\" content=\"https:\/\/osaka.ma\/product\/samsung-ssd-980-pro-m-2-pcie-nvme-2tb\/\" \/>\n<meta property=\"og:site_name\" content=\"Osaka\" \/>\n<meta property=\"article:modified_time\" content=\"2025-05-05T16:47:42+00:00\" \/>\n<meta property=\"og:image\" content=\"https:\/\/osaka.ma\/wp-content\/uploads\/2023\/09\/samsung-ssd-980-pro-m2-pcie-nvme-2tb-disques-ssd.jpg\" \/>\n\t<meta property=\"og:image:width\" content=\"600\" \/>\n\t<meta property=\"og:image:height\" content=\"600\" \/>\n\t<meta property=\"og:image:type\" content=\"image\/jpeg\" \/>\n<meta name=\"twitter:card\" content=\"summary_large_image\" \/>\n<meta name=\"twitter:label1\" content=\"Est. reading time\" \/>\n\t<meta name=\"twitter:data1\" content=\"1 minute\" \/>\n<script type=\"application\/ld+json\" class=\"yoast-schema-graph\">{\"@context\":\"https:\/\/schema.org\",\"@graph\":[{\"@type\":\"WebPage\",\"@id\":\"https:\/\/osaka.ma\/product\/samsung-ssd-980-pro-m-2-pcie-nvme-2tb\/\",\"url\":\"https:\/\/osaka.ma\/product\/samsung-ssd-980-pro-m-2-pcie-nvme-2tb\/\",\"name\":\"Samsung SSD 980 PRO M.2 PCIe NVMe 2TB - Osaka\",\"isPartOf\":{\"@id\":\"https:\/\/osaka.ma\/#website\"},\"primaryImageOfPage\":{\"@id\":\"https:\/\/osaka.ma\/product\/samsung-ssd-980-pro-m-2-pcie-nvme-2tb\/#primaryimage\"},\"image\":{\"@id\":\"https:\/\/osaka.ma\/product\/samsung-ssd-980-pro-m-2-pcie-nvme-2tb\/#primaryimage\"},\"thumbnailUrl\":\"https:\/\/osaka.ma\/wp-content\/uploads\/2023\/09\/samsung-ssd-980-pro-m2-pcie-nvme-2tb-disques-ssd.jpg\",\"datePublished\":\"2023-09-06T12:06:25+00:00\",\"dateModified\":\"2025-05-05T16:47:42+00:00\",\"breadcrumb\":{\"@id\":\"https:\/\/osaka.ma\/product\/samsung-ssd-980-pro-m-2-pcie-nvme-2tb\/#breadcrumb\"},\"inLanguage\":\"es-ES\",\"potentialAction\":[{\"@type\":\"ReadAction\",\"target\":[\"https:\/\/osaka.ma\/product\/samsung-ssd-980-pro-m-2-pcie-nvme-2tb\/\"]}]},{\"@type\":\"ImageObject\",\"inLanguage\":\"es-ES\",\"@id\":\"https:\/\/osaka.ma\/product\/samsung-ssd-980-pro-m-2-pcie-nvme-2tb\/#primaryimage\",\"url\":\"https:\/\/osaka.ma\/wp-content\/uploads\/2023\/09\/samsung-ssd-980-pro-m2-pcie-nvme-2tb-disques-ssd.jpg\",\"contentUrl\":\"https:\/\/osaka.ma\/wp-content\/uploads\/2023\/09\/samsung-ssd-980-pro-m2-pcie-nvme-2tb-disques-ssd.jpg\",\"width\":600,\"height\":600,\"caption\":\"samsung-ssd-980-pro-m2-pcie-nvme-2tb-disques-ssd\"},{\"@type\":\"BreadcrumbList\",\"@id\":\"https:\/\/osaka.ma\/product\/samsung-ssd-980-pro-m-2-pcie-nvme-2tb\/#breadcrumb\",\"itemListElement\":[{\"@type\":\"ListItem\",\"position\":1,\"name\":\"Home\",\"item\":\"https:\/\/osaka.ma\/\"},{\"@type\":\"ListItem\",\"position\":2,\"name\":\"Shop\",\"item\":\"https:\/\/osaka.ma\/shop-2\/\"},{\"@type\":\"ListItem\",\"position\":3,\"name\":\"Samsung SSD 980 PRO M.2 PCIe NVMe 2TB\"}]},{\"@type\":\"WebSite\",\"@id\":\"https:\/\/osaka.ma\/#website\",\"url\":\"https:\/\/osaka.ma\/\",\"name\":\"Osaka\",\"description\":\"\",\"publisher\":{\"@id\":\"https:\/\/osaka.ma\/#organization\"},\"potentialAction\":[{\"@type\":\"SearchAction\",\"target\":{\"@type\":\"EntryPoint\",\"urlTemplate\":\"https:\/\/osaka.ma\/?s={search_term_string}\"},\"query-input\":{\"@type\":\"PropertyValueSpecification\",\"valueRequired\":true,\"valueName\":\"search_term_string\"}}],\"inLanguage\":\"es-ES\"},{\"@type\":\"Organization\",\"@id\":\"https:\/\/osaka.ma\/#organization\",\"name\":\"Osaka\",\"url\":\"https:\/\/osaka.ma\/\",\"logo\":{\"@type\":\"ImageObject\",\"inLanguage\":\"es-ES\",\"@id\":\"https:\/\/osaka.ma\/#\/schema\/logo\/image\/\",\"url\":\"https:\/\/osaka.ma\/wp-content\/uploads\/2026\/01\/model-slogan-logo-2Plan-de-travail-1dksl-plus-finnn.png\",\"contentUrl\":\"https:\/\/osaka.ma\/wp-content\/uploads\/2026\/01\/model-slogan-logo-2Plan-de-travail-1dksl-plus-finnn.png\",\"width\":842,\"height\":226,\"caption\":\"Osaka\"},\"image\":{\"@id\":\"https:\/\/osaka.ma\/#\/schema\/logo\/image\/\"}}]}<\/script>\n<!-- \/ Yoast SEO plugin. -->","yoast_head_json":{"title":"Samsung SSD 980 PRO M.2 PCIe NVMe 2TB - Osaka","robots":{"index":"index","follow":"follow","max-snippet":"max-snippet:-1","max-image-preview":"max-image-preview:large","max-video-preview":"max-video-preview:-1"},"canonical":"https:\/\/osaka.ma\/product\/samsung-ssd-980-pro-m-2-pcie-nvme-2tb\/","og_locale":"es_ES","og_type":"article","og_title":"Samsung SSD 980 PRO M.2 PCIe NVMe 2TB - Osaka","og_url":"https:\/\/osaka.ma\/product\/samsung-ssd-980-pro-m-2-pcie-nvme-2tb\/","og_site_name":"Osaka","article_modified_time":"2025-05-05T16:47:42+00:00","og_image":[{"width":600,"height":600,"url":"https:\/\/osaka.ma\/wp-content\/uploads\/2023\/09\/samsung-ssd-980-pro-m2-pcie-nvme-2tb-disques-ssd.jpg","type":"image\/jpeg"}],"twitter_card":"summary_large_image","twitter_misc":{"Est. reading time":"1 minute"},"schema":{"@context":"https:\/\/schema.org","@graph":[{"@type":"WebPage","@id":"https:\/\/osaka.ma\/product\/samsung-ssd-980-pro-m-2-pcie-nvme-2tb\/","url":"https:\/\/osaka.ma\/product\/samsung-ssd-980-pro-m-2-pcie-nvme-2tb\/","name":"Samsung SSD 980 PRO M.2 PCIe NVMe 2TB - Osaka","isPartOf":{"@id":"https:\/\/osaka.ma\/#website"},"primaryImageOfPage":{"@id":"https:\/\/osaka.ma\/product\/samsung-ssd-980-pro-m-2-pcie-nvme-2tb\/#primaryimage"},"image":{"@id":"https:\/\/osaka.ma\/product\/samsung-ssd-980-pro-m-2-pcie-nvme-2tb\/#primaryimage"},"thumbnailUrl":"https:\/\/osaka.ma\/wp-content\/uploads\/2023\/09\/samsung-ssd-980-pro-m2-pcie-nvme-2tb-disques-ssd.jpg","datePublished":"2023-09-06T12:06:25+00:00","dateModified":"2025-05-05T16:47:42+00:00","breadcrumb":{"@id":"https:\/\/osaka.ma\/product\/samsung-ssd-980-pro-m-2-pcie-nvme-2tb\/#breadcrumb"},"inLanguage":"es-ES","potentialAction":[{"@type":"ReadAction","target":["https:\/\/osaka.ma\/product\/samsung-ssd-980-pro-m-2-pcie-nvme-2tb\/"]}]},{"@type":"ImageObject","inLanguage":"es-ES","@id":"https:\/\/osaka.ma\/product\/samsung-ssd-980-pro-m-2-pcie-nvme-2tb\/#primaryimage","url":"https:\/\/osaka.ma\/wp-content\/uploads\/2023\/09\/samsung-ssd-980-pro-m2-pcie-nvme-2tb-disques-ssd.jpg","contentUrl":"https:\/\/osaka.ma\/wp-content\/uploads\/2023\/09\/samsung-ssd-980-pro-m2-pcie-nvme-2tb-disques-ssd.jpg","width":600,"height":600,"caption":"samsung-ssd-980-pro-m2-pcie-nvme-2tb-disques-ssd"},{"@type":"BreadcrumbList","@id":"https:\/\/osaka.ma\/product\/samsung-ssd-980-pro-m-2-pcie-nvme-2tb\/#breadcrumb","itemListElement":[{"@type":"ListItem","position":1,"name":"Home","item":"https:\/\/osaka.ma\/"},{"@type":"ListItem","position":2,"name":"Shop","item":"https:\/\/osaka.ma\/shop-2\/"},{"@type":"ListItem","position":3,"name":"Samsung SSD 980 PRO M.2 PCIe NVMe 2TB"}]},{"@type":"WebSite","@id":"https:\/\/osaka.ma\/#website","url":"https:\/\/osaka.ma\/","name":"Osaka","description":"","publisher":{"@id":"https:\/\/osaka.ma\/#organization"},"potentialAction":[{"@type":"SearchAction","target":{"@type":"EntryPoint","urlTemplate":"https:\/\/osaka.ma\/?s={search_term_string}"},"query-input":{"@type":"PropertyValueSpecification","valueRequired":true,"valueName":"search_term_string"}}],"inLanguage":"es-ES"},{"@type":"Organization","@id":"https:\/\/osaka.ma\/#organization","name":"Osaka","url":"https:\/\/osaka.ma\/","logo":{"@type":"ImageObject","inLanguage":"es-ES","@id":"https:\/\/osaka.ma\/#\/schema\/logo\/image\/","url":"https:\/\/osaka.ma\/wp-content\/uploads\/2026\/01\/model-slogan-logo-2Plan-de-travail-1dksl-plus-finnn.png","contentUrl":"https:\/\/osaka.ma\/wp-content\/uploads\/2026\/01\/model-slogan-logo-2Plan-de-travail-1dksl-plus-finnn.png","width":842,"height":226,"caption":"Osaka"},"image":{"@id":"https:\/\/osaka.ma\/#\/schema\/logo\/image\/"}}]}},"jetpack_sharing_enabled":true,"brands":[],"_links":{"self":[{"href":"https:\/\/osaka.ma\/es\/wp-json\/wp\/v2\/product\/5885","targetHints":{"allow":["GET"]}}],"collection":[{"href":"https:\/\/osaka.ma\/es\/wp-json\/wp\/v2\/product"}],"about":[{"href":"https:\/\/osaka.ma\/es\/wp-json\/wp\/v2\/types\/product"}],"version-history":[{"count":0,"href":"https:\/\/osaka.ma\/es\/wp-json\/wp\/v2\/product\/5885\/revisions"}],"wp:featuredmedia":[{"embeddable":true,"href":"https:\/\/osaka.ma\/es\/wp-json\/wp\/v2\/media\/1005886"}],"wp:attachment":[{"href":"https:\/\/osaka.ma\/es\/wp-json\/wp\/v2\/media?parent=5885"}],"wp:term":[{"taxonomy":"pwb-brand","embeddable":true,"href":"https:\/\/osaka.ma\/es\/wp-json\/wp\/v2\/pwb-brand?post=5885"},{"taxonomy":"product_brand","embeddable":true,"href":"https:\/\/osaka.ma\/es\/wp-json\/wp\/v2\/product_brand?post=5885"},{"taxonomy":"product_cat","embeddable":true,"href":"https:\/\/osaka.ma\/es\/wp-json\/wp\/v2\/product_cat?post=5885"},{"taxonomy":"product_tag","embeddable":true,"href":"https:\/\/osaka.ma\/es\/wp-json\/wp\/v2\/product_tag?post=5885"},{"taxonomy":"pcb_component_type","embeddable":true,"href":"https:\/\/osaka.ma\/es\/wp-json\/wp\/v2\/pcb_component_type?post=5885"}],"curies":[{"name":"wp","href":"https:\/\/api.w.org\/{rel}","templated":true}]}}