{"id":6056,"date":"2023-10-02T14:17:53","date_gmt":"2023-10-02T14:17:53","guid":{"rendered":"https:\/\/osaka.ma\/?post_type=product&#038;p=6056"},"modified":"2025-10-08T00:39:53","modified_gmt":"2025-10-07T23:39:53","slug":"corsair-pc-case-4000d-airflow-mid-tower-black","status":"publish","type":"product","link":"https:\/\/osaka.ma\/es\/product\/corsair-pc-case-4000d-airflow-mid-tower-black\/","title":{"rendered":"Corsair PC Case 4000D Airflow Mid-Tower, Black"},"content":{"rendered":"<p>Bo\u00eetier ATX moyenne tour en verre tremp\u00e9 4000D AIRFLOW \u2014 Noir<br \/>\nChoix de bo\u00eetier n\u00b01 pour les constructeurs de PC<br \/>\nConvient aux GPU de moins de 340 mm avec tout-en-un mont\u00e9 \u00e0 l&#8217;avant et \u00e0 tout GPU avec tout-en-un mont\u00e9 sur le dessus jusqu&#8217;\u00e0 360 mm<br \/>\nSyst\u00e8me de gestion des c\u00e2bles RapidRoute<br \/>\nPanneau avant en acier optimis\u00e9 pour un d\u00e9bit d&#8217;air \u00e9lev\u00e9<\/p>\n<p>GESTION DES C\u00c2BLES CORSAIR RAPIDRUTE<br \/>\nAcheminez vos principaux c\u00e2bles via un seul canal, avec un espace spacieux de 25 mm derri\u00e8re la carte m\u00e8re pour tous vos c\u00e2bles, ce qui rend une construction \u00e9pur\u00e9e plus facile que jamais.<\/p>\n<p>PUISSANT FLUX D&#8217;AIR DIRECT\u00c9<br \/>\n\u00c9quip\u00e9 de deux ventilateurs CORSAIR 120 mm AirGuide, utilisant des aubes anti-vortex pour concentrer le flux d&#8217;air et am\u00e9liorer le refroidissement<\/p>\n<p>POSSIBILIT\u00c9S ILLIMIT\u00c9ES<br \/>\nConstruisez-le comme vous le souhaitez aujourd&#8217;hui, avec un chemin de mise \u00e0 niveau simple pour demain.<\/p>\n<p>POTENTIEL DE REFROIDISSEMENT EXTR\u00caME<br \/>\nUn int\u00e9rieur spacieux peut accueillir jusqu&#8217;\u00e0 6 ventilateurs de refroidissement de 120 mm ou 4 x 140 mm, ainsi que plusieurs radiateurs, dont un de 360 mm \u00e0 l&#8217;avant et de 280 mm sur le toit.<\/p>\n","protected":false},"excerpt":{"rendered":"<p>Bo\u00eetier ATX moyenne tour en verre tremp\u00e9 4000D AIRFLOW \u2014 Noir<br \/>\nChoix de bo\u00eetier n\u00b01 pour les constructeurs de PC<br \/>\nConvient aux GPU de moins de 340 mm avec tout-en-un mont\u00e9 \u00e0 l&#8217;avant et \u00e0 tout GPU avec tout-en-un mont\u00e9 sur le dessus jusqu&#8217;\u00e0 360 mm<br \/>\nSyst\u00e8me de gestion des c\u00e2bles RapidRoute<br \/>\nPanneau avant en acier optimis\u00e9 pour un d\u00e9bit d&#8217;air \u00e9lev\u00e9<\/p>\n","protected":false},"featured_media":1006057,"template":"","meta":{"_acf_changed":false},"pwb-brand":[],"product_brand":[78],"product_cat":[27,17],"product_tag":[],"pcb_component_type":[],"class_list":{"0":"post-6056","1":"product","2":"type-product","3":"status-publish","4":"has-post-thumbnail","6":"product_brand-corsair","7":"product_cat-boitiers-pc","8":"product_cat-composants-gaming","10":"first","11":"outofstock","12":"shipping-taxable","13":"product-type-simple"},"translation":{"provider":"WPGlobus","version":"3.0.2","language":"es","enabled_languages":["en","es","de","fr","ru"],"languages":{"en":{"title":true,"content":true,"excerpt":true},"es":{"title":false,"content":false,"excerpt":false},"de":{"title":false,"content":false,"excerpt":false},"fr":{"title":false,"content":false,"excerpt":false},"ru":{"title":false,"content":false,"excerpt":false}}},"acf":[],"yoast_head":"<!-- This site is optimized with the Yoast SEO plugin v27.2 - https:\/\/yoast.com\/product\/yoast-seo-wordpress\/ -->\n<title>Corsair PC Case 4000D Airflow Mid-Tower, Black - Osaka<\/title>\n<meta name=\"robots\" content=\"index, follow, max-snippet:-1, max-image-preview:large, max-video-preview:-1\" \/>\n<link rel=\"canonical\" href=\"https:\/\/osaka.ma\/ru\/product\/corsair-pc-case-4000d-airflow-mid-tower-black\/\" \/>\n<meta property=\"og:locale\" content=\"es_ES\" \/>\n<meta property=\"og:type\" content=\"article\" \/>\n<meta property=\"og:title\" content=\"Corsair PC Case 4000D Airflow Mid-Tower, Black - Osaka\" \/>\n<meta property=\"og:url\" content=\"https:\/\/osaka.ma\/ru\/product\/corsair-pc-case-4000d-airflow-mid-tower-black\/\" \/>\n<meta property=\"og:site_name\" content=\"Osaka\" \/>\n<meta property=\"article:modified_time\" content=\"2025-10-07T23:39:53+00:00\" \/>\n<meta property=\"og:image\" content=\"https:\/\/osaka.ma\/wp-content\/uploads\/2023\/10\/Corsair-PC-Case-4000D-Airflow-Mid-Tower-Black.jpg\" \/>\n\t<meta property=\"og:image:width\" content=\"600\" \/>\n\t<meta property=\"og:image:height\" content=\"600\" \/>\n\t<meta property=\"og:image:type\" content=\"image\/jpeg\" \/>\n<meta name=\"twitter:card\" content=\"summary_large_image\" \/>\n<meta name=\"twitter:label1\" content=\"Est. reading time\" \/>\n\t<meta name=\"twitter:data1\" content=\"1 minute\" \/>\n<script type=\"application\/ld+json\" class=\"yoast-schema-graph\">{\"@context\":\"https:\/\/schema.org\",\"@graph\":[{\"@type\":\"WebPage\",\"@id\":\"https:\/\/osaka.ma\/ru\/product\/corsair-pc-case-4000d-airflow-mid-tower-black\/\",\"url\":\"https:\/\/osaka.ma\/ru\/product\/corsair-pc-case-4000d-airflow-mid-tower-black\/\",\"name\":\"Corsair PC Case 4000D Airflow Mid-Tower, Black - Osaka\",\"isPartOf\":{\"@id\":\"https:\/\/osaka.ma\/#website\"},\"primaryImageOfPage\":{\"@id\":\"https:\/\/osaka.ma\/ru\/product\/corsair-pc-case-4000d-airflow-mid-tower-black\/#primaryimage\"},\"image\":{\"@id\":\"https:\/\/osaka.ma\/ru\/product\/corsair-pc-case-4000d-airflow-mid-tower-black\/#primaryimage\"},\"thumbnailUrl\":\"https:\/\/osaka.ma\/wp-content\/uploads\/2023\/10\/Corsair-PC-Case-4000D-Airflow-Mid-Tower-Black.jpg\",\"datePublished\":\"2023-10-02T14:17:53+00:00\",\"dateModified\":\"2025-10-07T23:39:53+00:00\",\"breadcrumb\":{\"@id\":\"https:\/\/osaka.ma\/ru\/product\/corsair-pc-case-4000d-airflow-mid-tower-black\/#breadcrumb\"},\"inLanguage\":\"es-ES\",\"potentialAction\":[{\"@type\":\"ReadAction\",\"target\":[\"https:\/\/osaka.ma\/ru\/product\/corsair-pc-case-4000d-airflow-mid-tower-black\/\"]}]},{\"@type\":\"ImageObject\",\"inLanguage\":\"es-ES\",\"@id\":\"https:\/\/osaka.ma\/ru\/product\/corsair-pc-case-4000d-airflow-mid-tower-black\/#primaryimage\",\"url\":\"https:\/\/osaka.ma\/wp-content\/uploads\/2023\/10\/Corsair-PC-Case-4000D-Airflow-Mid-Tower-Black.jpg\",\"contentUrl\":\"https:\/\/osaka.ma\/wp-content\/uploads\/2023\/10\/Corsair-PC-Case-4000D-Airflow-Mid-Tower-Black.jpg\",\"width\":600,\"height\":600},{\"@type\":\"BreadcrumbList\",\"@id\":\"https:\/\/osaka.ma\/ru\/product\/corsair-pc-case-4000d-airflow-mid-tower-black\/#breadcrumb\",\"itemListElement\":[{\"@type\":\"ListItem\",\"position\":1,\"name\":\"Home\",\"item\":\"https:\/\/osaka.ma\/\"},{\"@type\":\"ListItem\",\"position\":2,\"name\":\"Shop\",\"item\":\"https:\/\/osaka.ma\/shop-2\/\"},{\"@type\":\"ListItem\",\"position\":3,\"name\":\"Corsair PC Case 4000D Airflow Mid-Tower, Black\"}]},{\"@type\":\"WebSite\",\"@id\":\"https:\/\/osaka.ma\/#website\",\"url\":\"https:\/\/osaka.ma\/\",\"name\":\"Osaka\",\"description\":\"\",\"publisher\":{\"@id\":\"https:\/\/osaka.ma\/#organization\"},\"potentialAction\":[{\"@type\":\"SearchAction\",\"target\":{\"@type\":\"EntryPoint\",\"urlTemplate\":\"https:\/\/osaka.ma\/?s={search_term_string}\"},\"query-input\":{\"@type\":\"PropertyValueSpecification\",\"valueRequired\":true,\"valueName\":\"search_term_string\"}}],\"inLanguage\":\"es-ES\"},{\"@type\":\"Organization\",\"@id\":\"https:\/\/osaka.ma\/#organization\",\"name\":\"Osaka\",\"url\":\"https:\/\/osaka.ma\/\",\"logo\":{\"@type\":\"ImageObject\",\"inLanguage\":\"es-ES\",\"@id\":\"https:\/\/osaka.ma\/#\/schema\/logo\/image\/\",\"url\":\"https:\/\/osaka.ma\/wp-content\/uploads\/2026\/01\/model-slogan-logo-2Plan-de-travail-1dksl-plus-finnn.png\",\"contentUrl\":\"https:\/\/osaka.ma\/wp-content\/uploads\/2026\/01\/model-slogan-logo-2Plan-de-travail-1dksl-plus-finnn.png\",\"width\":842,\"height\":226,\"caption\":\"Osaka\"},\"image\":{\"@id\":\"https:\/\/osaka.ma\/#\/schema\/logo\/image\/\"}}]}<\/script>\n<!-- \/ Yoast SEO plugin. -->","yoast_head_json":{"title":"Corsair PC Case 4000D Airflow Mid-Tower, Black - Osaka","robots":{"index":"index","follow":"follow","max-snippet":"max-snippet:-1","max-image-preview":"max-image-preview:large","max-video-preview":"max-video-preview:-1"},"canonical":"https:\/\/osaka.ma\/ru\/product\/corsair-pc-case-4000d-airflow-mid-tower-black\/","og_locale":"es_ES","og_type":"article","og_title":"Corsair PC Case 4000D Airflow Mid-Tower, Black - Osaka","og_url":"https:\/\/osaka.ma\/ru\/product\/corsair-pc-case-4000d-airflow-mid-tower-black\/","og_site_name":"Osaka","article_modified_time":"2025-10-07T23:39:53+00:00","og_image":[{"width":600,"height":600,"url":"https:\/\/osaka.ma\/wp-content\/uploads\/2023\/10\/Corsair-PC-Case-4000D-Airflow-Mid-Tower-Black.jpg","type":"image\/jpeg"}],"twitter_card":"summary_large_image","twitter_misc":{"Est. reading time":"1 minute"},"schema":{"@context":"https:\/\/schema.org","@graph":[{"@type":"WebPage","@id":"https:\/\/osaka.ma\/ru\/product\/corsair-pc-case-4000d-airflow-mid-tower-black\/","url":"https:\/\/osaka.ma\/ru\/product\/corsair-pc-case-4000d-airflow-mid-tower-black\/","name":"Corsair PC Case 4000D Airflow Mid-Tower, Black - Osaka","isPartOf":{"@id":"https:\/\/osaka.ma\/#website"},"primaryImageOfPage":{"@id":"https:\/\/osaka.ma\/ru\/product\/corsair-pc-case-4000d-airflow-mid-tower-black\/#primaryimage"},"image":{"@id":"https:\/\/osaka.ma\/ru\/product\/corsair-pc-case-4000d-airflow-mid-tower-black\/#primaryimage"},"thumbnailUrl":"https:\/\/osaka.ma\/wp-content\/uploads\/2023\/10\/Corsair-PC-Case-4000D-Airflow-Mid-Tower-Black.jpg","datePublished":"2023-10-02T14:17:53+00:00","dateModified":"2025-10-07T23:39:53+00:00","breadcrumb":{"@id":"https:\/\/osaka.ma\/ru\/product\/corsair-pc-case-4000d-airflow-mid-tower-black\/#breadcrumb"},"inLanguage":"es-ES","potentialAction":[{"@type":"ReadAction","target":["https:\/\/osaka.ma\/ru\/product\/corsair-pc-case-4000d-airflow-mid-tower-black\/"]}]},{"@type":"ImageObject","inLanguage":"es-ES","@id":"https:\/\/osaka.ma\/ru\/product\/corsair-pc-case-4000d-airflow-mid-tower-black\/#primaryimage","url":"https:\/\/osaka.ma\/wp-content\/uploads\/2023\/10\/Corsair-PC-Case-4000D-Airflow-Mid-Tower-Black.jpg","contentUrl":"https:\/\/osaka.ma\/wp-content\/uploads\/2023\/10\/Corsair-PC-Case-4000D-Airflow-Mid-Tower-Black.jpg","width":600,"height":600},{"@type":"BreadcrumbList","@id":"https:\/\/osaka.ma\/ru\/product\/corsair-pc-case-4000d-airflow-mid-tower-black\/#breadcrumb","itemListElement":[{"@type":"ListItem","position":1,"name":"Home","item":"https:\/\/osaka.ma\/"},{"@type":"ListItem","position":2,"name":"Shop","item":"https:\/\/osaka.ma\/shop-2\/"},{"@type":"ListItem","position":3,"name":"Corsair PC Case 4000D Airflow Mid-Tower, Black"}]},{"@type":"WebSite","@id":"https:\/\/osaka.ma\/#website","url":"https:\/\/osaka.ma\/","name":"Osaka","description":"","publisher":{"@id":"https:\/\/osaka.ma\/#organization"},"potentialAction":[{"@type":"SearchAction","target":{"@type":"EntryPoint","urlTemplate":"https:\/\/osaka.ma\/?s={search_term_string}"},"query-input":{"@type":"PropertyValueSpecification","valueRequired":true,"valueName":"search_term_string"}}],"inLanguage":"es-ES"},{"@type":"Organization","@id":"https:\/\/osaka.ma\/#organization","name":"Osaka","url":"https:\/\/osaka.ma\/","logo":{"@type":"ImageObject","inLanguage":"es-ES","@id":"https:\/\/osaka.ma\/#\/schema\/logo\/image\/","url":"https:\/\/osaka.ma\/wp-content\/uploads\/2026\/01\/model-slogan-logo-2Plan-de-travail-1dksl-plus-finnn.png","contentUrl":"https:\/\/osaka.ma\/wp-content\/uploads\/2026\/01\/model-slogan-logo-2Plan-de-travail-1dksl-plus-finnn.png","width":842,"height":226,"caption":"Osaka"},"image":{"@id":"https:\/\/osaka.ma\/#\/schema\/logo\/image\/"}}]}},"jetpack_sharing_enabled":true,"brands":[],"_links":{"self":[{"href":"https:\/\/osaka.ma\/es\/wp-json\/wp\/v2\/product\/6056","targetHints":{"allow":["GET"]}}],"collection":[{"href":"https:\/\/osaka.ma\/es\/wp-json\/wp\/v2\/product"}],"about":[{"href":"https:\/\/osaka.ma\/es\/wp-json\/wp\/v2\/types\/product"}],"version-history":[{"count":0,"href":"https:\/\/osaka.ma\/es\/wp-json\/wp\/v2\/product\/6056\/revisions"}],"wp:featuredmedia":[{"embeddable":true,"href":"https:\/\/osaka.ma\/es\/wp-json\/wp\/v2\/media\/1006057"}],"wp:attachment":[{"href":"https:\/\/osaka.ma\/es\/wp-json\/wp\/v2\/media?parent=6056"}],"wp:term":[{"taxonomy":"pwb-brand","embeddable":true,"href":"https:\/\/osaka.ma\/es\/wp-json\/wp\/v2\/pwb-brand?post=6056"},{"taxonomy":"product_brand","embeddable":true,"href":"https:\/\/osaka.ma\/es\/wp-json\/wp\/v2\/product_brand?post=6056"},{"taxonomy":"product_cat","embeddable":true,"href":"https:\/\/osaka.ma\/es\/wp-json\/wp\/v2\/product_cat?post=6056"},{"taxonomy":"product_tag","embeddable":true,"href":"https:\/\/osaka.ma\/es\/wp-json\/wp\/v2\/product_tag?post=6056"},{"taxonomy":"pcb_component_type","embeddable":true,"href":"https:\/\/osaka.ma\/es\/wp-json\/wp\/v2\/pcb_component_type?post=6056"}],"curies":[{"name":"wp","href":"https:\/\/api.w.org\/{rel}","templated":true}]}}