{"id":6213,"date":"2023-10-06T16:12:26","date_gmt":"2023-10-06T16:12:26","guid":{"rendered":"https:\/\/osaka.ma\/?post_type=product&#038;p=6213"},"modified":"2025-04-24T14:26:33","modified_gmt":"2025-04-24T14:26:33","slug":"mars-gaming-mck-white","status":"publish","type":"product","link":"https:\/\/osaka.ma\/es\/product\/mars-gaming-mck-white\/","title":{"rendered":"MARS GAMING MCK WHITE"},"content":{"rendered":"<h1><strong>Boitier Mars Gaming MCK BLANC<\/strong><\/h1>\n<p>Con\u00e7u avec un panneau avant spectaculaire avec trois bandes LED RVB synchronis\u00e9es avec un ventilateur annulaire de 12 cm, le\u00a0<strong>MCK<\/strong>\u00a0de\u00a0<strong>Mars Gaming<\/strong>\u00a0est une tour interm\u00e9diaire haute performance pr\u00eate \u00e0 vous offrir tout ce dont vous avez besoin pour monter votre nouvelle configuration.\u00a0Des mat\u00e9riaux de haute qualit\u00e9, un panneau en verre tremp\u00e9 et une structure optimis\u00e9e : la meilleure combinaison pour votre bo\u00eetier de jeu.<\/p>\n<figure id=\"attachment_45903\" class=\"wp-caption aligncenter\" aria-describedby=\"caption-attachment-45903\"><figcaption id=\"caption-attachment-45903\" class=\"wp-caption-text\">Boitier Mars Gaming MCK BLANC<\/figcaption><\/figure>\n<ul>\n<li><strong>Conception RVB Pro-Gaming.\u00a0<\/strong>Le MCK a une fa\u00e7ade au design avanc\u00e9 avec une triple bande LED RVB, cr\u00e9ant une harmonie de lumi\u00e8re spectaculaire \u00e0 travers 20 effets diff\u00e9rents facilement contr\u00f4lables.\u00a0Vous pouvez choisir le look qui convient le mieux \u00e0 votre configuration et profiter \u00e0 tout moment d\u2019un bo\u00eetier diff\u00e9rent et unique.<\/li>\n<li><strong>Ventilateur RVB synchronis\u00e9.\u00a0<\/strong>En plus de la bande LED avant, le MCK dispose d\u2019un ventilateur arri\u00e8re Ring RGB de 12 cm avec syst\u00e8me d\u2019\u00e9clairage synchronis\u00e9.\u00a0Les 20 effets de la bo\u00eete se refl\u00e8tent \u00e9galement dans l\u2019appareil, cr\u00e9ant un effet unique des deux c\u00f4t\u00e9s de la mi-tour pour am\u00e9liorer encore son esth\u00e9tique.<\/li>\n<li><strong>Structure optimis\u00e9e.\u00a0<\/strong>Il a une structure sp\u00e9cialement distribu\u00e9e pour offrir un espace optimal pour vos composants, r\u00e9alisant une station de jeu ATX haute performance pour profiter des meilleurs titres actuels \u00e0 pleine puissance.<\/li>\n<li><strong>Baies multiples.\u00a0<\/strong>Le MCK offre de l\u2019espace pour plusieurs baies pouvant accueillir jusqu\u2019\u00e0 2 disques durs de 3,5\u2033 et 2 SSD de 2,5\u2033, vous offrant la structure id\u00e9ale pour obtenir les meilleures performances possibles, facilitant son montage et garantissant l\u2019espace parfait pour distribuer votre \u00e9quipement de mani\u00e8re optimale.<\/li>\n<li><strong>Acc\u00e8s aux m\u00e9dias.\u00a0<\/strong>Le panneau sup\u00e9rieur du MCK dispose de diff\u00e9rents ports d\u2019entr\u00e9e pour votre contenu multim\u00e9dia : port USB 3.0, port USB 2.0 et connecteurs HD Audio, avec un acc\u00e8s facile et pratique pour connecter diff\u00e9rents appareils pour compl\u00e9ter votre syst\u00e8me.<\/li>\n<li><strong>Nettoyage et entretien faciles.\u00a0<\/strong>La partie sup\u00e9rieure du bo\u00eetier comporte une plaque de filtre anti-poussi\u00e8re de conception magn\u00e9tique, pr\u00e9par\u00e9e pour vous permettre d\u2019entretenir et de nettoyer aussi facilement que possible votre MCK \u00e0 tout moment. Retirez le filtre, nettoyez la poussi\u00e8re et profitez de votre box comme neuve.<\/li>\n<\/ul>\n<p><strong>Sp\u00e9cifications du MCK de jeu Mars<\/strong><\/p>\n<ul>\n<li><strong>Concevoir<\/strong>\n<ul>\n<li>Genre : PC<\/li>\n<li>Mati\u00e8re : Acier, Verre tremp\u00e9<\/li>\n<li>Couleur du produit : Noir<\/li>\n<li>Facteurs de forme de carte m\u00e8re pris en charge : ATX, Micro ATX, Mini-ITX<\/li>\n<li>Nombre de ports 3,5\u2033 : 2<\/li>\n<li>Nombre de baies 2,5\u2033 : 2<\/li>\n<li>Nombre d\u2019emplacements d\u2019extension\u00a0: 7<\/li>\n<li>Vitre lat\u00e9rale : Oui<\/li>\n<li>Convient pour : Jeu<\/li>\n<li>Eclairage : Oui<\/li>\n<li>Couleur d\u2019\u00e9clairage : Multi<\/li>\n<li>Panneau(x) en verre tremp\u00e9\u00a0: Oui<\/li>\n<li>Filtre \u00e0 poussi\u00e8re : Oui<\/li>\n<li>Hauteur maximale du dissipateur CPU : 164 mm<\/li>\n<li>Longueur maximale de la carte graphique\u00a0: 300\u00a0mm<\/li>\n<li>Largeur maximale de la carte graphique : 148 mm<\/li>\n<li>Longueur maximale du bloc d\u2019alimentation\u00a0: 155\u00a0mm (250\u00a0mm sans disque dur inf\u00e9rieur)<\/li>\n<\/ul>\n<\/li>\n<\/ul>\n<ul>\n<li><strong>Source de courant<\/strong>\n<ul>\n<li>Alimentation incluse : Non<\/li>\n<\/ul>\n<\/li>\n<\/ul>\n<ul>\n<li><strong>Ports et interfaces<\/strong>\n<ul>\n<li>Entr\u00e9e audio : Oui<\/li>\n<li>Sortie audio : Oui<\/li>\n<li>Nombre de ports USB 2.0 : 1<\/li>\n<li>Nombre de ports USB 3.2 Gen 1 (3.1 Gen 1) Type-A\u00a0: 1<\/li>\n<\/ul>\n<\/li>\n<\/ul>\n<ul>\n<li><strong>Refroidissement<\/strong>\n<ul>\n<li>Ventilateurs avant pris en charge : 1 x 120 mm (en option)<\/li>\n<li>Ventilateurs arri\u00e8re pris en charge : 1 x 120 mm (y compris 1 x 120 mm avec \u00e9clairage \u00e0 double anneau)<\/li>\n<li>Ventilateurs sup\u00e9rieurs pris en charge : 2 x 120 mm (en option)<\/li>\n<li>Radiateurs avant pris en charge : 1 x 120 mm (en option)<\/li>\n<li>Radiateurs arri\u00e8re pris en charge : 1 x 120 mm (en option)<\/li>\n<li>Radiateurs sup\u00e9rieurs pris en charge\u00a0: non pris en charge<\/li>\n<\/ul>\n<\/li>\n<\/ul>\n<ul>\n<li><strong>supports de stockage<\/strong>\n<ul>\n<li>Tailles de disque dur prises en charge : 2,5\u2033, 3,5\u2033<\/li>\n<\/ul>\n<\/li>\n<\/ul>\n<ul>\n<li><strong>Poids et mensurations<\/strong>\n<ul>\n<li>Largeur : 202 mm<\/li>\n<li>Profondeur\u00a0: 398\u00a0mm<\/li>\n<li>Hauteur : 437 mm<\/li>\n<li>Poids\u00a0: 4,26\u00a0kg<\/li>\n<\/ul>\n<\/li>\n<\/ul>\n<ul>\n<li><strong>Emballage<\/strong>\n<ul>\n<li>Largeur du colis : 245 mm<\/li>\n<li>Profondeur du colis : 450 mm<\/li>\n<li>Hauteur du colis : 480 mm<\/li>\n<\/ul>\n<\/li>\n<\/ul>\n","protected":false},"excerpt":{"rendered":"<p>le\u00a0MCK\u00a0de\u00a0Mars Gaming\u00a0est une tour interm\u00e9diaire haute performance pr\u00eate \u00e0 vous offrir tout ce dont vous avez besoin pour monter votre nouvelle configuration.\u00a0Des mat\u00e9riaux de haute qualit\u00e9, un panneau en verre tremp\u00e9 et une structure optimis\u00e9e : la meilleure combinaison pour votre bo\u00eetier de jeu.<\/p>\n","protected":false},"featured_media":1006214,"template":"","meta":{"_acf_changed":false},"pwb-brand":[],"product_brand":[110],"product_cat":[27,17],"product_tag":[],"pcb_component_type":[],"class_list":{"0":"post-6213","1":"product","2":"type-product","3":"status-publish","4":"has-post-thumbnail","6":"product_brand-mars-gaming","7":"product_cat-boitiers-pc","8":"product_cat-composants-gaming","10":"first","11":"outofstock","12":"shipping-taxable","13":"product-type-simple"},"translation":{"provider":"WPGlobus","version":"3.0.2","language":"es","enabled_languages":["en","es","de","fr","ru"],"languages":{"en":{"title":true,"content":true,"excerpt":true},"es":{"title":false,"content":false,"excerpt":false},"de":{"title":false,"content":false,"excerpt":false},"fr":{"title":false,"content":false,"excerpt":false},"ru":{"title":false,"content":false,"excerpt":false}}},"acf":[],"yoast_head":"<!-- This site is optimized with the Yoast SEO plugin v27.2 - https:\/\/yoast.com\/product\/yoast-seo-wordpress\/ -->\n<title>MARS GAMING MCK WHITE - Osaka<\/title>\n<meta name=\"robots\" content=\"index, follow, max-snippet:-1, max-image-preview:large, max-video-preview:-1\" \/>\n<link rel=\"canonical\" href=\"https:\/\/osaka.ma\/product\/mars-gaming-mck-white\/\" \/>\n<meta property=\"og:locale\" content=\"es_ES\" \/>\n<meta property=\"og:type\" content=\"article\" \/>\n<meta property=\"og:title\" content=\"MARS GAMING MCK WHITE - Osaka\" \/>\n<meta property=\"og:url\" content=\"https:\/\/osaka.ma\/product\/mars-gaming-mck-white\/\" \/>\n<meta property=\"og:site_name\" content=\"Osaka\" \/>\n<meta property=\"article:modified_time\" content=\"2025-04-24T14:26:33+00:00\" \/>\n<meta property=\"og:image\" content=\"https:\/\/osaka.ma\/wp-content\/uploads\/2023\/10\/mars-gaming-mck-boitier-BLANC-atx-pour-pc-led-rgb-osaka-gamig.jpg\" \/>\n\t<meta property=\"og:image:width\" content=\"600\" \/>\n\t<meta property=\"og:image:height\" content=\"600\" \/>\n\t<meta property=\"og:image:type\" content=\"image\/jpeg\" \/>\n<meta name=\"twitter:card\" content=\"summary_large_image\" \/>\n<meta name=\"twitter:label1\" content=\"Est. reading time\" \/>\n\t<meta name=\"twitter:data1\" content=\"3 minutes\" \/>\n<script type=\"application\/ld+json\" class=\"yoast-schema-graph\">{\"@context\":\"https:\/\/schema.org\",\"@graph\":[{\"@type\":\"WebPage\",\"@id\":\"https:\/\/osaka.ma\/product\/mars-gaming-mck-white\/\",\"url\":\"https:\/\/osaka.ma\/product\/mars-gaming-mck-white\/\",\"name\":\"MARS GAMING MCK WHITE - Osaka\",\"isPartOf\":{\"@id\":\"https:\/\/osaka.ma\/#website\"},\"primaryImageOfPage\":{\"@id\":\"https:\/\/osaka.ma\/product\/mars-gaming-mck-white\/#primaryimage\"},\"image\":{\"@id\":\"https:\/\/osaka.ma\/product\/mars-gaming-mck-white\/#primaryimage\"},\"thumbnailUrl\":\"https:\/\/osaka.ma\/wp-content\/uploads\/2023\/10\/mars-gaming-mck-boitier-BLANC-atx-pour-pc-led-rgb-osaka-gamig.jpg\",\"datePublished\":\"2023-10-06T16:12:26+00:00\",\"dateModified\":\"2025-04-24T14:26:33+00:00\",\"breadcrumb\":{\"@id\":\"https:\/\/osaka.ma\/product\/mars-gaming-mck-white\/#breadcrumb\"},\"inLanguage\":\"es-ES\",\"potentialAction\":[{\"@type\":\"ReadAction\",\"target\":[\"https:\/\/osaka.ma\/product\/mars-gaming-mck-white\/\"]}]},{\"@type\":\"ImageObject\",\"inLanguage\":\"es-ES\",\"@id\":\"https:\/\/osaka.ma\/product\/mars-gaming-mck-white\/#primaryimage\",\"url\":\"https:\/\/osaka.ma\/wp-content\/uploads\/2023\/10\/mars-gaming-mck-boitier-BLANC-atx-pour-pc-led-rgb-osaka-gamig.jpg\",\"contentUrl\":\"https:\/\/osaka.ma\/wp-content\/uploads\/2023\/10\/mars-gaming-mck-boitier-BLANC-atx-pour-pc-led-rgb-osaka-gamig.jpg\",\"width\":600,\"height\":600},{\"@type\":\"BreadcrumbList\",\"@id\":\"https:\/\/osaka.ma\/product\/mars-gaming-mck-white\/#breadcrumb\",\"itemListElement\":[{\"@type\":\"ListItem\",\"position\":1,\"name\":\"Home\",\"item\":\"https:\/\/osaka.ma\/\"},{\"@type\":\"ListItem\",\"position\":2,\"name\":\"Shop\",\"item\":\"https:\/\/osaka.ma\/shop-2\/\"},{\"@type\":\"ListItem\",\"position\":3,\"name\":\"MARS GAMING MCK WHITE\"}]},{\"@type\":\"WebSite\",\"@id\":\"https:\/\/osaka.ma\/#website\",\"url\":\"https:\/\/osaka.ma\/\",\"name\":\"Osaka\",\"description\":\"\",\"publisher\":{\"@id\":\"https:\/\/osaka.ma\/#organization\"},\"potentialAction\":[{\"@type\":\"SearchAction\",\"target\":{\"@type\":\"EntryPoint\",\"urlTemplate\":\"https:\/\/osaka.ma\/?s={search_term_string}\"},\"query-input\":{\"@type\":\"PropertyValueSpecification\",\"valueRequired\":true,\"valueName\":\"search_term_string\"}}],\"inLanguage\":\"es-ES\"},{\"@type\":\"Organization\",\"@id\":\"https:\/\/osaka.ma\/#organization\",\"name\":\"Osaka\",\"url\":\"https:\/\/osaka.ma\/\",\"logo\":{\"@type\":\"ImageObject\",\"inLanguage\":\"es-ES\",\"@id\":\"https:\/\/osaka.ma\/#\/schema\/logo\/image\/\",\"url\":\"https:\/\/osaka.ma\/wp-content\/uploads\/2026\/01\/model-slogan-logo-2Plan-de-travail-1dksl-plus-finnn.png\",\"contentUrl\":\"https:\/\/osaka.ma\/wp-content\/uploads\/2026\/01\/model-slogan-logo-2Plan-de-travail-1dksl-plus-finnn.png\",\"width\":842,\"height\":226,\"caption\":\"Osaka\"},\"image\":{\"@id\":\"https:\/\/osaka.ma\/#\/schema\/logo\/image\/\"}}]}<\/script>\n<!-- \/ Yoast SEO plugin. -->","yoast_head_json":{"title":"MARS GAMING MCK WHITE - Osaka","robots":{"index":"index","follow":"follow","max-snippet":"max-snippet:-1","max-image-preview":"max-image-preview:large","max-video-preview":"max-video-preview:-1"},"canonical":"https:\/\/osaka.ma\/product\/mars-gaming-mck-white\/","og_locale":"es_ES","og_type":"article","og_title":"MARS GAMING MCK WHITE - Osaka","og_url":"https:\/\/osaka.ma\/product\/mars-gaming-mck-white\/","og_site_name":"Osaka","article_modified_time":"2025-04-24T14:26:33+00:00","og_image":[{"width":600,"height":600,"url":"https:\/\/osaka.ma\/wp-content\/uploads\/2023\/10\/mars-gaming-mck-boitier-BLANC-atx-pour-pc-led-rgb-osaka-gamig.jpg","type":"image\/jpeg"}],"twitter_card":"summary_large_image","twitter_misc":{"Est. reading time":"3 minutes"},"schema":{"@context":"https:\/\/schema.org","@graph":[{"@type":"WebPage","@id":"https:\/\/osaka.ma\/product\/mars-gaming-mck-white\/","url":"https:\/\/osaka.ma\/product\/mars-gaming-mck-white\/","name":"MARS GAMING MCK WHITE - Osaka","isPartOf":{"@id":"https:\/\/osaka.ma\/#website"},"primaryImageOfPage":{"@id":"https:\/\/osaka.ma\/product\/mars-gaming-mck-white\/#primaryimage"},"image":{"@id":"https:\/\/osaka.ma\/product\/mars-gaming-mck-white\/#primaryimage"},"thumbnailUrl":"https:\/\/osaka.ma\/wp-content\/uploads\/2023\/10\/mars-gaming-mck-boitier-BLANC-atx-pour-pc-led-rgb-osaka-gamig.jpg","datePublished":"2023-10-06T16:12:26+00:00","dateModified":"2025-04-24T14:26:33+00:00","breadcrumb":{"@id":"https:\/\/osaka.ma\/product\/mars-gaming-mck-white\/#breadcrumb"},"inLanguage":"es-ES","potentialAction":[{"@type":"ReadAction","target":["https:\/\/osaka.ma\/product\/mars-gaming-mck-white\/"]}]},{"@type":"ImageObject","inLanguage":"es-ES","@id":"https:\/\/osaka.ma\/product\/mars-gaming-mck-white\/#primaryimage","url":"https:\/\/osaka.ma\/wp-content\/uploads\/2023\/10\/mars-gaming-mck-boitier-BLANC-atx-pour-pc-led-rgb-osaka-gamig.jpg","contentUrl":"https:\/\/osaka.ma\/wp-content\/uploads\/2023\/10\/mars-gaming-mck-boitier-BLANC-atx-pour-pc-led-rgb-osaka-gamig.jpg","width":600,"height":600},{"@type":"BreadcrumbList","@id":"https:\/\/osaka.ma\/product\/mars-gaming-mck-white\/#breadcrumb","itemListElement":[{"@type":"ListItem","position":1,"name":"Home","item":"https:\/\/osaka.ma\/"},{"@type":"ListItem","position":2,"name":"Shop","item":"https:\/\/osaka.ma\/shop-2\/"},{"@type":"ListItem","position":3,"name":"MARS GAMING MCK WHITE"}]},{"@type":"WebSite","@id":"https:\/\/osaka.ma\/#website","url":"https:\/\/osaka.ma\/","name":"Osaka","description":"","publisher":{"@id":"https:\/\/osaka.ma\/#organization"},"potentialAction":[{"@type":"SearchAction","target":{"@type":"EntryPoint","urlTemplate":"https:\/\/osaka.ma\/?s={search_term_string}"},"query-input":{"@type":"PropertyValueSpecification","valueRequired":true,"valueName":"search_term_string"}}],"inLanguage":"es-ES"},{"@type":"Organization","@id":"https:\/\/osaka.ma\/#organization","name":"Osaka","url":"https:\/\/osaka.ma\/","logo":{"@type":"ImageObject","inLanguage":"es-ES","@id":"https:\/\/osaka.ma\/#\/schema\/logo\/image\/","url":"https:\/\/osaka.ma\/wp-content\/uploads\/2026\/01\/model-slogan-logo-2Plan-de-travail-1dksl-plus-finnn.png","contentUrl":"https:\/\/osaka.ma\/wp-content\/uploads\/2026\/01\/model-slogan-logo-2Plan-de-travail-1dksl-plus-finnn.png","width":842,"height":226,"caption":"Osaka"},"image":{"@id":"https:\/\/osaka.ma\/#\/schema\/logo\/image\/"}}]}},"jetpack_sharing_enabled":true,"brands":[],"_links":{"self":[{"href":"https:\/\/osaka.ma\/es\/wp-json\/wp\/v2\/product\/6213","targetHints":{"allow":["GET"]}}],"collection":[{"href":"https:\/\/osaka.ma\/es\/wp-json\/wp\/v2\/product"}],"about":[{"href":"https:\/\/osaka.ma\/es\/wp-json\/wp\/v2\/types\/product"}],"version-history":[{"count":0,"href":"https:\/\/osaka.ma\/es\/wp-json\/wp\/v2\/product\/6213\/revisions"}],"wp:featuredmedia":[{"embeddable":true,"href":"https:\/\/osaka.ma\/es\/wp-json\/wp\/v2\/media\/1006214"}],"wp:attachment":[{"href":"https:\/\/osaka.ma\/es\/wp-json\/wp\/v2\/media?parent=6213"}],"wp:term":[{"taxonomy":"pwb-brand","embeddable":true,"href":"https:\/\/osaka.ma\/es\/wp-json\/wp\/v2\/pwb-brand?post=6213"},{"taxonomy":"product_brand","embeddable":true,"href":"https:\/\/osaka.ma\/es\/wp-json\/wp\/v2\/product_brand?post=6213"},{"taxonomy":"product_cat","embeddable":true,"href":"https:\/\/osaka.ma\/es\/wp-json\/wp\/v2\/product_cat?post=6213"},{"taxonomy":"product_tag","embeddable":true,"href":"https:\/\/osaka.ma\/es\/wp-json\/wp\/v2\/product_tag?post=6213"},{"taxonomy":"pcb_component_type","embeddable":true,"href":"https:\/\/osaka.ma\/es\/wp-json\/wp\/v2\/pcb_component_type?post=6213"}],"curies":[{"name":"wp","href":"https:\/\/api.w.org\/{rel}","templated":true}]}}