{"id":6918,"date":"2024-01-11T13:52:23","date_gmt":"2024-01-11T13:52:23","guid":{"rendered":"https:\/\/osaka.ma\/?post_type=product&#038;p=6918"},"modified":"2025-04-08T18:00:46","modified_gmt":"2025-04-08T18:00:46","slug":"msi-mpg-b550-gaming-plus","status":"publish","type":"product","link":"https:\/\/osaka.ma\/es\/product\/msi-mpg-b550-gaming-plus\/","title":{"rendered":"MSI MPG B550 GAMING PLUS"},"content":{"rendered":"<div class=\"logo\"><img decoding=\"async\" src=\"https:\/\/media.ldlc.com\/v3\/marque\/bo\/00\/05\/99\/39\/V30005993997.gif\" alt=\"MSI\" \/><\/div>\n<div id=\"description\" class=\"description\">\n<div class=\"details-pdt-desc\">\n<h2 class=\"h2-master\">MSI MPG B550 GAMING PLUS : Carte m\u00e8re Gaming PCI-Express 4.0<\/h2>\n<section>Embarquant le chipset\u00a0<strong>AMD B550<\/strong>, la carte m\u00e8re\u00a0<strong>MSI MPG B550 GAMING PLUS\u00a0<\/strong>avec son socket AM4\u00a0est con\u00e7ue pour accueillir les\u00a0processeurs<strong>\u00a0AMD Ryzen de 3\u00e8me g\u00e9n\u00e9ration<\/strong>. Elle permettra de composer une\u00a0<strong>configuration\u00a0<\/strong><em><strong>Gaming<\/strong><\/em>\u00a0disposant des derni\u00e8res avanc\u00e9es technologiques :\u00a0<strong>PCI-Express 4.0<\/strong>\u00a0pour les cartes graphiques et les SSD M.2, gestion de\u00a0<strong>128 Go de RAM DDR4<\/strong>. Tout\u00a0est l\u00e0 pour une exp\u00e9rience gaming enivrante, \u00e0 vous de jouer !<\/section>\n<section>\n<div class=\"desc-image\"><img decoding=\"async\" src=\"https:\/\/media.ldlc.com\/bo\/images\/fiches\/carte-mere\/msi\/b550\/mpg_b550_gaming_plus\/800_1.jpg\" alt=\"\" \/><\/div>\n<div class=\"desc-text\">\n<h2>LES PLUS DE LA MSI MPG B550 GAMING PLUS :<\/h2>\n<p>La gamme de\u00a0<strong>cartes m\u00e8res de s\u00e9rie MPG de MSI<\/strong>\u00a0ouvre une nouvelle \u00e8re dans le monde du jeu vid\u00e9o. Avec un look unique et de tr\u00e8s nombreuses fonctionnalit\u00e9s plus performantes les unes que les autres, ces cartes m\u00e8res gaming sont faites pour offrir une exp\u00e9rience que vous n&#8217;\u00eates pas pr\u00eats d&#8217;oublier.<\/p>\n<ul>\n<li><strong>Socket AMD AM4<\/strong>\u00a0pour processeur\u00a0<strong>AMD Ryzen 3\u00e8me g\u00e9n\u00e9ration<\/strong><\/li>\n<li><strong>4 Slots m\u00e9moire DDR4 4400+ MHz (OC) Dual-Channel<\/strong><\/li>\n<li><strong>1 x\u00a0M.2 PCIe 4.0 x4\u00a0<\/strong>\/ SATA 6 Gbit\/s + 1 x M.2 PCIe 3.0 x4 avec un dissipateur Frozr<\/li>\n<li>1 port PCI-Express 4.0 16x + 1 PCIe 3.0 16x (4x) avec prise en charge Multi-GPU AMD CrossFireX<\/li>\n<li>Ports USB 3.1 dont un type C<\/li>\n<li>Mystic Light<\/li>\n<\/ul>\n<\/div>\n<\/section>\n<section>\n<div class=\"desc-text\">\n<h2>AJOUTEZ DE LA COULEUR \u00c0 VOTRE MACHINE<\/h2>\n<p>Connectez des\u00a0<strong>rubans LED RGB<\/strong>\u00a0\u00e0 votre PC et synchronisez les couleurs et effets avec les p\u00e9riph\u00e9riques compatibles en utilisant une seule application :\u00a0<strong>Mystic Light Sync<\/strong>. Cette application vous permet de personnaliser instantan\u00e9ment le look de votre PC en choisissant parmi une tr\u00e8s large palette de couleurs et plusieurs effets de lumi\u00e8re. Vous pourrez modifier les couleurs par l&#8217;interm\u00e9diaire de l&#8217;application Mystic Light install\u00e9e sur un smartphone ou l&#8217;application\u00a0<strong>Gaming App install\u00e9e sur le PC<\/strong>.<\/p>\n<\/div>\n<div class=\"desc-image\"><img decoding=\"async\" src=\"https:\/\/media.ldlc.com\/bo\/images\/fiches\/carte-mere\/msi\/b550\/mpg_b550_gaming_plus\/800_2.jpg\" alt=\"\" \/><\/div>\n<\/section>\n<\/div>\n<\/div>\n","protected":false},"excerpt":{"rendered":"<p>Embarquant le chipset AMD B550, la carte m\u00e8re MSI MPG B550 GAMING PLUS avec son socket AM4 est con\u00e7ue pour accueillir les processeurs AMD Ryzen de 3\u00e8me g\u00e9n\u00e9ration. Elle permettra de composer une configuration Gaming disposant des derni\u00e8res avanc\u00e9es technologiques<\/p>\n","protected":false},"featured_media":1006919,"template":"","meta":{"_acf_changed":false},"pwb-brand":[],"product_brand":[96],"product_cat":[94,84,17],"product_tag":[],"pcb_component_type":[],"class_list":{"0":"post-6918","1":"product","2":"type-product","3":"status-publish","4":"has-post-thumbnail","6":"product_brand-msi","7":"product_cat-amd-carte-mere","8":"product_cat-carte-mere","9":"product_cat-composants-gaming","10":"pa_socket-am4","12":"first","13":"outofstock","14":"shipping-taxable","15":"product-type-simple"},"translation":{"provider":"WPGlobus","version":"3.0.2","language":"es","enabled_languages":["en","es","de","fr","ru"],"languages":{"en":{"title":true,"content":true,"excerpt":true},"es":{"title":false,"content":false,"excerpt":false},"de":{"title":false,"content":false,"excerpt":false},"fr":{"title":false,"content":false,"excerpt":false},"ru":{"title":false,"content":false,"excerpt":false}}},"acf":[],"yoast_head":"<!-- This site is optimized with the Yoast SEO plugin v27.2 - https:\/\/yoast.com\/product\/yoast-seo-wordpress\/ -->\n<title>MSI MPG B550 GAMING PLUS - Osaka<\/title>\n<meta name=\"robots\" content=\"index, follow, max-snippet:-1, max-image-preview:large, max-video-preview:-1\" \/>\n<link rel=\"canonical\" href=\"https:\/\/osaka.ma\/product\/msi-mpg-b550-gaming-plus\/\" \/>\n<meta property=\"og:locale\" content=\"es_ES\" \/>\n<meta property=\"og:type\" content=\"article\" \/>\n<meta property=\"og:title\" content=\"MSI MPG B550 GAMING PLUS - Osaka\" \/>\n<meta property=\"og:url\" content=\"https:\/\/osaka.ma\/product\/msi-mpg-b550-gaming-plus\/\" \/>\n<meta property=\"og:site_name\" content=\"Osaka\" \/>\n<meta property=\"article:modified_time\" content=\"2025-04-08T18:00:46+00:00\" \/>\n<meta property=\"og:image\" content=\"https:\/\/osaka.ma\/wp-content\/uploads\/2024\/01\/MSI-MPG-B550-GAMING-PLUS-1.jpg\" \/>\n\t<meta property=\"og:image:width\" content=\"1600\" \/>\n\t<meta property=\"og:image:height\" content=\"1600\" \/>\n\t<meta property=\"og:image:type\" content=\"image\/jpeg\" \/>\n<meta name=\"twitter:card\" content=\"summary_large_image\" \/>\n<meta name=\"twitter:label1\" content=\"Est. reading time\" \/>\n\t<meta name=\"twitter:data1\" content=\"3 minutes\" \/>\n<script type=\"application\/ld+json\" class=\"yoast-schema-graph\">{\"@context\":\"https:\/\/schema.org\",\"@graph\":[{\"@type\":\"WebPage\",\"@id\":\"https:\/\/osaka.ma\/product\/msi-mpg-b550-gaming-plus\/\",\"url\":\"https:\/\/osaka.ma\/product\/msi-mpg-b550-gaming-plus\/\",\"name\":\"MSI MPG B550 GAMING PLUS - Osaka\",\"isPartOf\":{\"@id\":\"https:\/\/osaka.ma\/#website\"},\"primaryImageOfPage\":{\"@id\":\"https:\/\/osaka.ma\/product\/msi-mpg-b550-gaming-plus\/#primaryimage\"},\"image\":{\"@id\":\"https:\/\/osaka.ma\/product\/msi-mpg-b550-gaming-plus\/#primaryimage\"},\"thumbnailUrl\":\"https:\/\/osaka.ma\/wp-content\/uploads\/2024\/01\/MSI-MPG-B550-GAMING-PLUS-1.jpg\",\"datePublished\":\"2024-01-11T13:52:23+00:00\",\"dateModified\":\"2025-04-08T18:00:46+00:00\",\"breadcrumb\":{\"@id\":\"https:\/\/osaka.ma\/product\/msi-mpg-b550-gaming-plus\/#breadcrumb\"},\"inLanguage\":\"es-ES\",\"potentialAction\":[{\"@type\":\"ReadAction\",\"target\":[\"https:\/\/osaka.ma\/product\/msi-mpg-b550-gaming-plus\/\"]}]},{\"@type\":\"ImageObject\",\"inLanguage\":\"es-ES\",\"@id\":\"https:\/\/osaka.ma\/product\/msi-mpg-b550-gaming-plus\/#primaryimage\",\"url\":\"https:\/\/osaka.ma\/wp-content\/uploads\/2024\/01\/MSI-MPG-B550-GAMING-PLUS-1.jpg\",\"contentUrl\":\"https:\/\/osaka.ma\/wp-content\/uploads\/2024\/01\/MSI-MPG-B550-GAMING-PLUS-1.jpg\",\"width\":1600,\"height\":1600},{\"@type\":\"BreadcrumbList\",\"@id\":\"https:\/\/osaka.ma\/product\/msi-mpg-b550-gaming-plus\/#breadcrumb\",\"itemListElement\":[{\"@type\":\"ListItem\",\"position\":1,\"name\":\"Home\",\"item\":\"https:\/\/osaka.ma\/\"},{\"@type\":\"ListItem\",\"position\":2,\"name\":\"Shop\",\"item\":\"https:\/\/osaka.ma\/shop-2\/\"},{\"@type\":\"ListItem\",\"position\":3,\"name\":\"MSI MPG B550 GAMING PLUS\"}]},{\"@type\":\"WebSite\",\"@id\":\"https:\/\/osaka.ma\/#website\",\"url\":\"https:\/\/osaka.ma\/\",\"name\":\"Osaka\",\"description\":\"\",\"publisher\":{\"@id\":\"https:\/\/osaka.ma\/#organization\"},\"potentialAction\":[{\"@type\":\"SearchAction\",\"target\":{\"@type\":\"EntryPoint\",\"urlTemplate\":\"https:\/\/osaka.ma\/?s={search_term_string}\"},\"query-input\":{\"@type\":\"PropertyValueSpecification\",\"valueRequired\":true,\"valueName\":\"search_term_string\"}}],\"inLanguage\":\"es-ES\"},{\"@type\":\"Organization\",\"@id\":\"https:\/\/osaka.ma\/#organization\",\"name\":\"Osaka\",\"url\":\"https:\/\/osaka.ma\/\",\"logo\":{\"@type\":\"ImageObject\",\"inLanguage\":\"es-ES\",\"@id\":\"https:\/\/osaka.ma\/#\/schema\/logo\/image\/\",\"url\":\"https:\/\/osaka.ma\/wp-content\/uploads\/2026\/01\/model-slogan-logo-2Plan-de-travail-1dksl-plus-finnn.png\",\"contentUrl\":\"https:\/\/osaka.ma\/wp-content\/uploads\/2026\/01\/model-slogan-logo-2Plan-de-travail-1dksl-plus-finnn.png\",\"width\":842,\"height\":226,\"caption\":\"Osaka\"},\"image\":{\"@id\":\"https:\/\/osaka.ma\/#\/schema\/logo\/image\/\"}}]}<\/script>\n<!-- \/ Yoast SEO plugin. -->","yoast_head_json":{"title":"MSI MPG B550 GAMING PLUS - Osaka","robots":{"index":"index","follow":"follow","max-snippet":"max-snippet:-1","max-image-preview":"max-image-preview:large","max-video-preview":"max-video-preview:-1"},"canonical":"https:\/\/osaka.ma\/product\/msi-mpg-b550-gaming-plus\/","og_locale":"es_ES","og_type":"article","og_title":"MSI MPG B550 GAMING PLUS - Osaka","og_url":"https:\/\/osaka.ma\/product\/msi-mpg-b550-gaming-plus\/","og_site_name":"Osaka","article_modified_time":"2025-04-08T18:00:46+00:00","og_image":[{"width":1600,"height":1600,"url":"https:\/\/osaka.ma\/wp-content\/uploads\/2024\/01\/MSI-MPG-B550-GAMING-PLUS-1.jpg","type":"image\/jpeg"}],"twitter_card":"summary_large_image","twitter_misc":{"Est. reading time":"3 minutes"},"schema":{"@context":"https:\/\/schema.org","@graph":[{"@type":"WebPage","@id":"https:\/\/osaka.ma\/product\/msi-mpg-b550-gaming-plus\/","url":"https:\/\/osaka.ma\/product\/msi-mpg-b550-gaming-plus\/","name":"MSI MPG B550 GAMING PLUS - Osaka","isPartOf":{"@id":"https:\/\/osaka.ma\/#website"},"primaryImageOfPage":{"@id":"https:\/\/osaka.ma\/product\/msi-mpg-b550-gaming-plus\/#primaryimage"},"image":{"@id":"https:\/\/osaka.ma\/product\/msi-mpg-b550-gaming-plus\/#primaryimage"},"thumbnailUrl":"https:\/\/osaka.ma\/wp-content\/uploads\/2024\/01\/MSI-MPG-B550-GAMING-PLUS-1.jpg","datePublished":"2024-01-11T13:52:23+00:00","dateModified":"2025-04-08T18:00:46+00:00","breadcrumb":{"@id":"https:\/\/osaka.ma\/product\/msi-mpg-b550-gaming-plus\/#breadcrumb"},"inLanguage":"es-ES","potentialAction":[{"@type":"ReadAction","target":["https:\/\/osaka.ma\/product\/msi-mpg-b550-gaming-plus\/"]}]},{"@type":"ImageObject","inLanguage":"es-ES","@id":"https:\/\/osaka.ma\/product\/msi-mpg-b550-gaming-plus\/#primaryimage","url":"https:\/\/osaka.ma\/wp-content\/uploads\/2024\/01\/MSI-MPG-B550-GAMING-PLUS-1.jpg","contentUrl":"https:\/\/osaka.ma\/wp-content\/uploads\/2024\/01\/MSI-MPG-B550-GAMING-PLUS-1.jpg","width":1600,"height":1600},{"@type":"BreadcrumbList","@id":"https:\/\/osaka.ma\/product\/msi-mpg-b550-gaming-plus\/#breadcrumb","itemListElement":[{"@type":"ListItem","position":1,"name":"Home","item":"https:\/\/osaka.ma\/"},{"@type":"ListItem","position":2,"name":"Shop","item":"https:\/\/osaka.ma\/shop-2\/"},{"@type":"ListItem","position":3,"name":"MSI MPG B550 GAMING PLUS"}]},{"@type":"WebSite","@id":"https:\/\/osaka.ma\/#website","url":"https:\/\/osaka.ma\/","name":"Osaka","description":"","publisher":{"@id":"https:\/\/osaka.ma\/#organization"},"potentialAction":[{"@type":"SearchAction","target":{"@type":"EntryPoint","urlTemplate":"https:\/\/osaka.ma\/?s={search_term_string}"},"query-input":{"@type":"PropertyValueSpecification","valueRequired":true,"valueName":"search_term_string"}}],"inLanguage":"es-ES"},{"@type":"Organization","@id":"https:\/\/osaka.ma\/#organization","name":"Osaka","url":"https:\/\/osaka.ma\/","logo":{"@type":"ImageObject","inLanguage":"es-ES","@id":"https:\/\/osaka.ma\/#\/schema\/logo\/image\/","url":"https:\/\/osaka.ma\/wp-content\/uploads\/2026\/01\/model-slogan-logo-2Plan-de-travail-1dksl-plus-finnn.png","contentUrl":"https:\/\/osaka.ma\/wp-content\/uploads\/2026\/01\/model-slogan-logo-2Plan-de-travail-1dksl-plus-finnn.png","width":842,"height":226,"caption":"Osaka"},"image":{"@id":"https:\/\/osaka.ma\/#\/schema\/logo\/image\/"}}]}},"jetpack_sharing_enabled":true,"brands":[],"_links":{"self":[{"href":"https:\/\/osaka.ma\/es\/wp-json\/wp\/v2\/product\/6918","targetHints":{"allow":["GET"]}}],"collection":[{"href":"https:\/\/osaka.ma\/es\/wp-json\/wp\/v2\/product"}],"about":[{"href":"https:\/\/osaka.ma\/es\/wp-json\/wp\/v2\/types\/product"}],"version-history":[{"count":0,"href":"https:\/\/osaka.ma\/es\/wp-json\/wp\/v2\/product\/6918\/revisions"}],"wp:featuredmedia":[{"embeddable":true,"href":"https:\/\/osaka.ma\/es\/wp-json\/wp\/v2\/media\/1006919"}],"wp:attachment":[{"href":"https:\/\/osaka.ma\/es\/wp-json\/wp\/v2\/media?parent=6918"}],"wp:term":[{"taxonomy":"pwb-brand","embeddable":true,"href":"https:\/\/osaka.ma\/es\/wp-json\/wp\/v2\/pwb-brand?post=6918"},{"taxonomy":"product_brand","embeddable":true,"href":"https:\/\/osaka.ma\/es\/wp-json\/wp\/v2\/product_brand?post=6918"},{"taxonomy":"product_cat","embeddable":true,"href":"https:\/\/osaka.ma\/es\/wp-json\/wp\/v2\/product_cat?post=6918"},{"taxonomy":"product_tag","embeddable":true,"href":"https:\/\/osaka.ma\/es\/wp-json\/wp\/v2\/product_tag?post=6918"},{"taxonomy":"pcb_component_type","embeddable":true,"href":"https:\/\/osaka.ma\/es\/wp-json\/wp\/v2\/pcb_component_type?post=6918"}],"curies":[{"name":"wp","href":"https:\/\/api.w.org\/{rel}","templated":true}]}}