{"id":6944,"date":"2024-01-11T15:35:13","date_gmt":"2024-01-11T15:35:13","guid":{"rendered":"https:\/\/osaka.ma\/?post_type=product&#038;p=6944"},"modified":"2026-02-19T13:00:59","modified_gmt":"2026-02-19T12:00:59","slug":"razer-deathadder-essential-blanc","status":"publish","type":"product","link":"https:\/\/osaka.ma\/es\/product\/razer-deathadder-essential-blanc\/","title":{"rendered":"RAZER DEATHADDER ESSENTIAL (BLANC)"},"content":{"rendered":"<p>Offrant une ergonomie confortable et une durabilit\u00e9 \u00e0 toute \u00e9preuve, la souris\u00a0Razer DeathAdder Essential 2021\u00a0vous suivra partout. Elle est notamment \u00e9quip\u00e9e d&#8217;un capteur optique de 6400 dpi et de 5 boutons Hyperesponse afin de vous donner un avantage absolu sur vos adversaires. Cette souris les meilleurs \u00e9l\u00e9ments dont un joueur a besoin pour dominer n&#8217;importe quel jeu.<\/p>\n<p>Dot\u00e9e d&#8217;un r\u00e9tro\u00e9clairage vert, la souris Razer DeathAdder Essential 2021 aura un look bien \u00e0 elle.<\/p>\n<h2 class=\"h2-master\">La performance est au rendez-vous<\/h2>\n<section>Offrant une ergonomie confortable et une durabilit\u00e9 \u00e0 toute \u00e9preuve, la souris\u00a0<strong>Razer DeathAdder Essential<\/strong>\u00a0vous suivra partout. Elle est notamment \u00e9quip\u00e9e d\u2019un capteur optique de 6400 dpi et de 5 boutons Hyperesponse afin de vous donner un avantage absolu sur vos adversaires. Cette souris les meilleurs \u00e9l\u00e9ments dont un joueur a besoin pour dominer n\u2019importe quel jeu.Dot\u00e9e d\u2019un r\u00e9tro\u00e9clairage vert, la souris Razer DeathAdder Essential aura un look bien \u00e0 elle.<\/section>\n<section><\/section>\n<section>\n<h2>HAUTE PERFORMANCE \u00c9PROUV\u00c9E<\/h2>\n<p>La souris Razer DeathAdder Essential est \u00e9quip\u00e9e d\u2019un\u00a0<strong>capteur optique de 6400 dpi<\/strong>\u00a0qui permet des balayages de souris rapides et pr\u00e9cis qui offrent un meilleur contr\u00f4le pour les besoins de jeu les plus essentiels. Embarquant\u00a0<strong>5 boutons Hyperesponse<\/strong>\u00a0ind\u00e9pendamment programmables, ces derniers vous feront b\u00e9n\u00e9ficier de contr\u00f4les avanc\u00e9s pour un avantage comp\u00e9titif.<\/p>\n<p>Les boutons m\u00e9caniques Razer maintes fois r\u00e9compens\u00e9s durent\u00a0<strong>jusqu\u2019\u00e0 10 millions de clics<\/strong>\u00a0pour une dur\u00e9e de vie plus longue et une fiabilit\u00e9 extr\u00eame.<\/p>\n<\/section>\n<h2>FORME ERGONOMIQUE<\/h2>\n<p>La Razer DeathAdder Essential conserve la forme ergonomique classique qui caract\u00e9rise les pr\u00e9c\u00e9dentes g\u00e9n\u00e9rations de Razer DeathAdder. Son\u00a0<strong>corps \u00e9l\u00e9gant et distinct est con\u00e7u pour le confort<\/strong>. Ainsi, vous pouvez maintenir des niveaux \u00e9lev\u00e9s de performance tout au long des marathons de jeu, de sorte que vous ne faiblirez jamais pendant la bataille.<\/p>\n<p>La Razer DeathAdder Essential est \u00e9galement dot\u00e9e d\u2019un\u00a0<strong>r\u00e9tro-\u00e9clairage vert<\/strong>\u00a0afin de donner un style unique \u00e0 votre souris et vous permettra de vous d\u00e9marquer des autres.<\/p>\n<h2>CARACT\u00c9RISTIQUES PRINCIPALES :<\/h2>\n<ul>\n<li>Capteur optique de\u00a0<strong>6400 dpi<\/strong><\/li>\n<li>Jusqu\u2019\u00e0 220 pouces par seconde (IPS) \/ acc\u00e9l\u00e9ration de 30 G<\/li>\n<li><strong>5 boutons Hyperesponse programmables de fa\u00e7on ind\u00e9pendante<\/strong><\/li>\n<li>Boutons de souris m\u00e9caniques Razer\u00a0avec un cycle de vie de 10 millions de clics<\/li>\n<li>Molette tactile con\u00e7ue pour le jeu<\/li>\n<li><strong>Conception ergonomique pour droitier<\/strong><\/li>\n<li>Fonction Ultrapolling 1000 Hz<\/li>\n<li>R\u00e9tro-\u00e9clairage vert \u00e0 couleur unique<\/li>\n<li>Compatible avec Razer Synapse 3<\/li>\n<li>Dimensions approximatives : 127\u00a0x 73\u00a0x 43 mm<\/li>\n<li>Poids approximatif (sans c\u00e2ble) : 96 g<\/li>\n<li>Longueur du c\u00e2ble : 1,8 m<\/li>\n<\/ul>\n","protected":false},"excerpt":{"rendered":"<p>Souris filaire pour gamer &#8211; droitier &#8211; capteur optique 6400 dpi &#8211; 5 boutons Hyperesponse &#8211; r\u00e9tro-\u00e9clairage vert conserve la forme ergonomique classique qui caract\u00e9rise les pr\u00e9c\u00e9dentes g\u00e9n\u00e9rations de Razer DeathAdder. Son\u00a0<strong>corps \u00e9l\u00e9gant et distinct est con\u00e7u pour le confort<\/strong>.<\/p>\n<p>&nbsp;<\/p>\n","protected":false},"featured_media":1006945,"template":"","meta":{"_acf_changed":false},"pwb-brand":[],"product_brand":[],"product_cat":[31,32],"product_tag":[],"pcb_component_type":[],"class_list":{"0":"post-6944","1":"product","2":"type-product","3":"status-publish","4":"has-post-thumbnail","6":"product_cat-accessoires","7":"product_cat-souris","9":"first","10":"instock","11":"sale","12":"shipping-taxable","13":"purchasable","14":"product-type-simple"},"translation":{"provider":"WPGlobus","version":"3.0.2","language":"es","enabled_languages":["en","es","de","fr","ru"],"languages":{"en":{"title":true,"content":true,"excerpt":true},"es":{"title":false,"content":false,"excerpt":false},"de":{"title":false,"content":false,"excerpt":false},"fr":{"title":false,"content":false,"excerpt":false},"ru":{"title":false,"content":false,"excerpt":false}}},"acf":[],"yoast_head":"<!-- This site is optimized with the Yoast SEO plugin v27.2 - https:\/\/yoast.com\/product\/yoast-seo-wordpress\/ -->\n<title>RAZER DEATHADDER ESSENTIAL (BLANC) - Osaka<\/title>\n<meta name=\"robots\" content=\"index, follow, max-snippet:-1, max-image-preview:large, max-video-preview:-1\" \/>\n<link rel=\"canonical\" href=\"https:\/\/osaka.ma\/product\/razer-deathadder-essential-blanc\/\" \/>\n<meta property=\"og:locale\" content=\"es_ES\" \/>\n<meta property=\"og:type\" content=\"article\" \/>\n<meta property=\"og:title\" content=\"RAZER DEATHADDER ESSENTIAL (BLANC) - Osaka\" \/>\n<meta property=\"og:url\" content=\"https:\/\/osaka.ma\/product\/razer-deathadder-essential-blanc\/\" \/>\n<meta property=\"og:site_name\" content=\"Osaka\" \/>\n<meta property=\"article:modified_time\" content=\"2026-02-19T12:00:59+00:00\" \/>\n<meta property=\"og:image\" content=\"https:\/\/osaka.ma\/wp-content\/uploads\/2024\/01\/razer-deathadder-essential-blanc-souris-1.jpg.png\" \/>\n\t<meta property=\"og:image:width\" content=\"600\" \/>\n\t<meta property=\"og:image:height\" content=\"600\" \/>\n\t<meta property=\"og:image:type\" content=\"image\/png\" \/>\n<meta name=\"twitter:card\" content=\"summary_large_image\" \/>\n<meta name=\"twitter:label1\" content=\"Est. reading time\" \/>\n\t<meta name=\"twitter:data1\" content=\"2 minutes\" \/>\n<script type=\"application\/ld+json\" class=\"yoast-schema-graph\">{\"@context\":\"https:\/\/schema.org\",\"@graph\":[{\"@type\":\"WebPage\",\"@id\":\"https:\/\/osaka.ma\/product\/razer-deathadder-essential-blanc\/\",\"url\":\"https:\/\/osaka.ma\/product\/razer-deathadder-essential-blanc\/\",\"name\":\"RAZER DEATHADDER ESSENTIAL (BLANC) - Osaka\",\"isPartOf\":{\"@id\":\"https:\/\/osaka.ma\/#website\"},\"primaryImageOfPage\":{\"@id\":\"https:\/\/osaka.ma\/product\/razer-deathadder-essential-blanc\/#primaryimage\"},\"image\":{\"@id\":\"https:\/\/osaka.ma\/product\/razer-deathadder-essential-blanc\/#primaryimage\"},\"thumbnailUrl\":\"https:\/\/osaka.ma\/wp-content\/uploads\/2024\/01\/razer-deathadder-essential-blanc-souris-1.jpg.png\",\"datePublished\":\"2024-01-11T15:35:13+00:00\",\"dateModified\":\"2026-02-19T12:00:59+00:00\",\"breadcrumb\":{\"@id\":\"https:\/\/osaka.ma\/product\/razer-deathadder-essential-blanc\/#breadcrumb\"},\"inLanguage\":\"es-ES\",\"potentialAction\":[{\"@type\":\"ReadAction\",\"target\":[\"https:\/\/osaka.ma\/product\/razer-deathadder-essential-blanc\/\"]}]},{\"@type\":\"ImageObject\",\"inLanguage\":\"es-ES\",\"@id\":\"https:\/\/osaka.ma\/product\/razer-deathadder-essential-blanc\/#primaryimage\",\"url\":\"https:\/\/osaka.ma\/wp-content\/uploads\/2024\/01\/razer-deathadder-essential-blanc-souris-1.jpg.png\",\"contentUrl\":\"https:\/\/osaka.ma\/wp-content\/uploads\/2024\/01\/razer-deathadder-essential-blanc-souris-1.jpg.png\",\"width\":600,\"height\":600},{\"@type\":\"BreadcrumbList\",\"@id\":\"https:\/\/osaka.ma\/product\/razer-deathadder-essential-blanc\/#breadcrumb\",\"itemListElement\":[{\"@type\":\"ListItem\",\"position\":1,\"name\":\"Home\",\"item\":\"https:\/\/osaka.ma\/\"},{\"@type\":\"ListItem\",\"position\":2,\"name\":\"Shop\",\"item\":\"https:\/\/osaka.ma\/shop-2\/\"},{\"@type\":\"ListItem\",\"position\":3,\"name\":\"RAZER DEATHADDER ESSENTIAL (BLANC)\"}]},{\"@type\":\"WebSite\",\"@id\":\"https:\/\/osaka.ma\/#website\",\"url\":\"https:\/\/osaka.ma\/\",\"name\":\"Osaka\",\"description\":\"\",\"publisher\":{\"@id\":\"https:\/\/osaka.ma\/#organization\"},\"potentialAction\":[{\"@type\":\"SearchAction\",\"target\":{\"@type\":\"EntryPoint\",\"urlTemplate\":\"https:\/\/osaka.ma\/?s={search_term_string}\"},\"query-input\":{\"@type\":\"PropertyValueSpecification\",\"valueRequired\":true,\"valueName\":\"search_term_string\"}}],\"inLanguage\":\"es-ES\"},{\"@type\":\"Organization\",\"@id\":\"https:\/\/osaka.ma\/#organization\",\"name\":\"Osaka\",\"url\":\"https:\/\/osaka.ma\/\",\"logo\":{\"@type\":\"ImageObject\",\"inLanguage\":\"es-ES\",\"@id\":\"https:\/\/osaka.ma\/#\/schema\/logo\/image\/\",\"url\":\"https:\/\/osaka.ma\/wp-content\/uploads\/2026\/01\/model-slogan-logo-2Plan-de-travail-1dksl-plus-finnn.png\",\"contentUrl\":\"https:\/\/osaka.ma\/wp-content\/uploads\/2026\/01\/model-slogan-logo-2Plan-de-travail-1dksl-plus-finnn.png\",\"width\":842,\"height\":226,\"caption\":\"Osaka\"},\"image\":{\"@id\":\"https:\/\/osaka.ma\/#\/schema\/logo\/image\/\"}}]}<\/script>\n<!-- \/ Yoast SEO plugin. -->","yoast_head_json":{"title":"RAZER DEATHADDER ESSENTIAL (BLANC) - Osaka","robots":{"index":"index","follow":"follow","max-snippet":"max-snippet:-1","max-image-preview":"max-image-preview:large","max-video-preview":"max-video-preview:-1"},"canonical":"https:\/\/osaka.ma\/product\/razer-deathadder-essential-blanc\/","og_locale":"es_ES","og_type":"article","og_title":"RAZER DEATHADDER ESSENTIAL (BLANC) - Osaka","og_url":"https:\/\/osaka.ma\/product\/razer-deathadder-essential-blanc\/","og_site_name":"Osaka","article_modified_time":"2026-02-19T12:00:59+00:00","og_image":[{"width":600,"height":600,"url":"https:\/\/osaka.ma\/wp-content\/uploads\/2024\/01\/razer-deathadder-essential-blanc-souris-1.jpg.png","type":"image\/png"}],"twitter_card":"summary_large_image","twitter_misc":{"Est. reading time":"2 minutes"},"schema":{"@context":"https:\/\/schema.org","@graph":[{"@type":"WebPage","@id":"https:\/\/osaka.ma\/product\/razer-deathadder-essential-blanc\/","url":"https:\/\/osaka.ma\/product\/razer-deathadder-essential-blanc\/","name":"RAZER DEATHADDER ESSENTIAL (BLANC) - Osaka","isPartOf":{"@id":"https:\/\/osaka.ma\/#website"},"primaryImageOfPage":{"@id":"https:\/\/osaka.ma\/product\/razer-deathadder-essential-blanc\/#primaryimage"},"image":{"@id":"https:\/\/osaka.ma\/product\/razer-deathadder-essential-blanc\/#primaryimage"},"thumbnailUrl":"https:\/\/osaka.ma\/wp-content\/uploads\/2024\/01\/razer-deathadder-essential-blanc-souris-1.jpg.png","datePublished":"2024-01-11T15:35:13+00:00","dateModified":"2026-02-19T12:00:59+00:00","breadcrumb":{"@id":"https:\/\/osaka.ma\/product\/razer-deathadder-essential-blanc\/#breadcrumb"},"inLanguage":"es-ES","potentialAction":[{"@type":"ReadAction","target":["https:\/\/osaka.ma\/product\/razer-deathadder-essential-blanc\/"]}]},{"@type":"ImageObject","inLanguage":"es-ES","@id":"https:\/\/osaka.ma\/product\/razer-deathadder-essential-blanc\/#primaryimage","url":"https:\/\/osaka.ma\/wp-content\/uploads\/2024\/01\/razer-deathadder-essential-blanc-souris-1.jpg.png","contentUrl":"https:\/\/osaka.ma\/wp-content\/uploads\/2024\/01\/razer-deathadder-essential-blanc-souris-1.jpg.png","width":600,"height":600},{"@type":"BreadcrumbList","@id":"https:\/\/osaka.ma\/product\/razer-deathadder-essential-blanc\/#breadcrumb","itemListElement":[{"@type":"ListItem","position":1,"name":"Home","item":"https:\/\/osaka.ma\/"},{"@type":"ListItem","position":2,"name":"Shop","item":"https:\/\/osaka.ma\/shop-2\/"},{"@type":"ListItem","position":3,"name":"RAZER DEATHADDER ESSENTIAL (BLANC)"}]},{"@type":"WebSite","@id":"https:\/\/osaka.ma\/#website","url":"https:\/\/osaka.ma\/","name":"Osaka","description":"","publisher":{"@id":"https:\/\/osaka.ma\/#organization"},"potentialAction":[{"@type":"SearchAction","target":{"@type":"EntryPoint","urlTemplate":"https:\/\/osaka.ma\/?s={search_term_string}"},"query-input":{"@type":"PropertyValueSpecification","valueRequired":true,"valueName":"search_term_string"}}],"inLanguage":"es-ES"},{"@type":"Organization","@id":"https:\/\/osaka.ma\/#organization","name":"Osaka","url":"https:\/\/osaka.ma\/","logo":{"@type":"ImageObject","inLanguage":"es-ES","@id":"https:\/\/osaka.ma\/#\/schema\/logo\/image\/","url":"https:\/\/osaka.ma\/wp-content\/uploads\/2026\/01\/model-slogan-logo-2Plan-de-travail-1dksl-plus-finnn.png","contentUrl":"https:\/\/osaka.ma\/wp-content\/uploads\/2026\/01\/model-slogan-logo-2Plan-de-travail-1dksl-plus-finnn.png","width":842,"height":226,"caption":"Osaka"},"image":{"@id":"https:\/\/osaka.ma\/#\/schema\/logo\/image\/"}}]}},"jetpack_sharing_enabled":true,"brands":[],"_links":{"self":[{"href":"https:\/\/osaka.ma\/es\/wp-json\/wp\/v2\/product\/6944","targetHints":{"allow":["GET"]}}],"collection":[{"href":"https:\/\/osaka.ma\/es\/wp-json\/wp\/v2\/product"}],"about":[{"href":"https:\/\/osaka.ma\/es\/wp-json\/wp\/v2\/types\/product"}],"version-history":[{"count":0,"href":"https:\/\/osaka.ma\/es\/wp-json\/wp\/v2\/product\/6944\/revisions"}],"wp:featuredmedia":[{"embeddable":true,"href":"https:\/\/osaka.ma\/es\/wp-json\/wp\/v2\/media\/1006945"}],"wp:attachment":[{"href":"https:\/\/osaka.ma\/es\/wp-json\/wp\/v2\/media?parent=6944"}],"wp:term":[{"taxonomy":"pwb-brand","embeddable":true,"href":"https:\/\/osaka.ma\/es\/wp-json\/wp\/v2\/pwb-brand?post=6944"},{"taxonomy":"product_brand","embeddable":true,"href":"https:\/\/osaka.ma\/es\/wp-json\/wp\/v2\/product_brand?post=6944"},{"taxonomy":"product_cat","embeddable":true,"href":"https:\/\/osaka.ma\/es\/wp-json\/wp\/v2\/product_cat?post=6944"},{"taxonomy":"product_tag","embeddable":true,"href":"https:\/\/osaka.ma\/es\/wp-json\/wp\/v2\/product_tag?post=6944"},{"taxonomy":"pcb_component_type","embeddable":true,"href":"https:\/\/osaka.ma\/es\/wp-json\/wp\/v2\/pcb_component_type?post=6944"}],"curies":[{"name":"wp","href":"https:\/\/api.w.org\/{rel}","templated":true}]}}