{"id":7027,"date":"2024-01-18T09:58:18","date_gmt":"2024-01-18T09:58:18","guid":{"rendered":"https:\/\/osaka.ma\/?post_type=product&#038;p=7027"},"modified":"2025-04-08T17:38:31","modified_gmt":"2025-04-08T17:38:31","slug":"msi-b450m-a-pro-max-ii","status":"publish","type":"product","link":"https:\/\/osaka.ma\/es\/product\/msi-b450m-a-pro-max-ii\/","title":{"rendered":"MSI B450M-A PRO MAX II"},"content":{"rendered":"<div class=\"logo\"><img decoding=\"async\" src=\"https:\/\/media.ldlc.com\/v3\/marque\/bo\/00\/05\/99\/39\/V30005993997.gif\" alt=\"MSI\" \/><\/div>\n<div id=\"description\" class=\"description\">\n<div class=\"details-pdt-desc\">\n<h2 class=\"h2-master\">MSI B450M-A PRO MAX II : Compl\u00e8te et \u00e9l\u00e9gante<\/h2>\n<section>La carte m\u00e8re\u00a0<strong>MSI B450M-A PRO MAX II<\/strong>\u00a0qui embarque un chipset\u00a0<strong>AMD B450<\/strong>\u00a0est con\u00e7ue pour accueillir les processeurs\u00a0<strong>AMD Ryzen 1000\/2000(G)\/3000(G)\/4000(G)\/5000(G) et Athlon GE<\/strong>\u00a0sur socket AMD AM4. Elle permettra l&#8217;assemblage d&#8217;une configuration multim\u00e9dia, gaming ou bureautique \u00e0 co\u00fbt raisonnable. Elle int\u00e8gre des composants de qualit\u00e9 et dispose des derni\u00e8res innovations AMD en mati\u00e8re de puces.\u00a0Elle b\u00e9n\u00e9ficie en outre de la qualit\u00e9 de fabrication\u00a0<strong>MSI<\/strong>\u00a0ainsi que des derni\u00e8res innovations technologiques de la marque en mati\u00e8re de logiciels et d&#8217;utilitaires.\u00a0Gr\u00e2ce au support des\u00a0<strong>cartes graphiques PCI-Express 3.0 16x<\/strong>, des\u00a0<strong>disques SATA et M.2<\/strong>\u00a0et\u00a0de la\u00a0<strong>m\u00e9moire vive DDR4<\/strong>,\u00a0cette carte m\u00e8re sera id\u00e9ale pour les utilisateurs en qu\u00eate d&#8217;une machine bureautique \/ multim\u00e9dia performante et peu on\u00e9reuse.<\/section>\n<section>\n<div class=\"desc-image\"><img decoding=\"async\" src=\"https:\/\/media.ldlc.com\/bo\/images\/fiches\/carte-mere\/msi\/b450\/b450m-a_pro_max\/800_3.jpg\" alt=\"\" \/><\/div>\n<div class=\"desc-text\">\n<h2>LES PLUS DE LA CARTE M\u00c8RE\u00a0MSI B450M-A\u00a0PRO MAX :<\/h2>\n<p>Les\u00a0<strong>cartes m\u00e8res MSI de s\u00e9rie PRO<\/strong>\u00a0avec un chipset B450 sont pens\u00e9es pour int\u00e9grer tous les PC. Elles sont \u00e9galement pens\u00e9es pour offrir des performances fiables et des solutions professionnelles intelligentes qui vous rendront le travail plus facile. En r\u00e9sum\u00e9, les cartes m\u00e8res MSI PRO sont synonymes de stabilit\u00e9, d&#8217;efficacit\u00e9 et de long\u00e9vit\u00e9.<\/p>\n<ul>\n<li><strong>Socket AMD AM4<\/strong>\u00a0pour processeur\u00a0<strong>AMD Ryzen 1000\/2000(G)\/3000(G)\/4000(G)\/5000(G) et Athlon GE<\/strong><\/li>\n<li><strong>2 Slots m\u00e9moire DDR4 4133+ MHz (OC) Dual-Channel<\/strong>\u00a0(Capacit\u00e9 totale : 64 Go)<\/li>\n<li>4 ports\u00a0SATA 6Gbit\/s +\u00a0<strong>1x M.2 PCIe 3.0 4x NVMe \/ SATA 6 Gbit\/s<\/strong><\/li>\n<li>1 port PCI-Express 3.0 16x<\/li>\n<li><strong>Audio Boost<\/strong>\u00a0pour une qualit\u00e9 audio r\u00e9aliste et immersive<\/li>\n<li><strong>LAN 2.5 GbE<\/strong><\/li>\n<li>Format micro-ATX<\/li>\n<\/ul>\n<\/div>\n<\/section>\n<section>\n<div class=\"desc-text\">\n<div class=\"desc-text\">\n<h2>AMD RYZEN 5000<\/h2>\n<p>Lorsque vous b\u00e9n\u00e9ficiez de l&#8217;architecture de processeur la plus avanc\u00e9e pour les\u00a0gamers et les cr\u00e9ateurs de contenu, les possibilit\u00e9s sont infinies. Que vous jouiez aux tout derniers jeux, conceviez le prochain gratte-ciel ou utilisiez des donn\u00e9es, vous avez besoin d&#8217;un processeur puissant capable de g\u00e9rer tout cela et plus encore. C&#8217;est incontestable, les processeurs pour PC de bureau AMD Ryzen\u00a0s\u00e9rie 5000 imposent un nouveau standard pour les gamers comme pour les artistes.<\/p>\n<\/div>\n<\/div>\n<div class=\"desc-image\"><img decoding=\"async\" src=\"https:\/\/media.ldlc.com\/bo\/images\/fiches\/processeur\/amd\/vermeer\/amd_zen3.jpg\" alt=\"\" \/><\/div>\n<\/section>\n<\/div>\n<\/div>\n","protected":false},"excerpt":{"rendered":"<p>La carte m\u00e8re\u00a0<strong>MSI B450M-A PRO MAX II<\/strong>\u00a0qui embarque un chipset\u00a0<strong>AMD B450<\/strong>\u00a0est con\u00e7ue pour accueillir les processeurs\u00a0<strong>AMD Ryzen 1000\/2000(G)\/3000(G)\/4000(G)\/5000(G) et Athlon GE<\/strong>\u00a0sur socket AMD AM4. Elle permettra l&#8217;assemblage d&#8217;une configuration multim\u00e9dia, gaming ou bureautique \u00e0 co\u00fbt raisonnable. Elle int\u00e8gre des composants de qualit\u00e9 et dispose des derni\u00e8res innovations AMD en mati\u00e8re de puces.\u00a0Elle b\u00e9n\u00e9ficie en outre de la qualit\u00e9 de fabrication\u00a0<strong>MSI<\/strong>\u00a0ainsi que des derni\u00e8res innovations technologiques de la marque en mati\u00e8re de logiciels et d&#8217;utilitaires.\u00a0Gr\u00e2ce au support des\u00a0<strong>cartes graphiques PCI-Express 3.0 16x<\/strong>, des\u00a0<strong>disques SATA et M.2<\/strong>\u00a0et\u00a0de la\u00a0<strong>m\u00e9moire vive DDR4<\/strong>,\u00a0cette carte m\u00e8re sera id\u00e9ale pour les utilisateurs en qu\u00eate d&#8217;une machine bureautique \/ multim\u00e9dia performante et peu on\u00e9reuse.<\/p>\n","protected":false},"featured_media":1007029,"template":"","meta":{"_acf_changed":false},"pwb-brand":[],"product_brand":[96],"product_cat":[94,84,17],"product_tag":[],"pcb_component_type":[],"class_list":{"0":"post-7027","1":"product","2":"type-product","3":"status-publish","4":"has-post-thumbnail","6":"product_brand-msi","7":"product_cat-amd-carte-mere","8":"product_cat-carte-mere","9":"product_cat-composants-gaming","10":"pa_socket-am4","12":"first","13":"outofstock","14":"shipping-taxable","15":"product-type-simple"},"translation":{"provider":"WPGlobus","version":"3.0.2","language":"es","enabled_languages":["en","es","de","fr","ru"],"languages":{"en":{"title":true,"content":true,"excerpt":true},"es":{"title":false,"content":false,"excerpt":false},"de":{"title":false,"content":false,"excerpt":false},"fr":{"title":false,"content":false,"excerpt":false},"ru":{"title":false,"content":false,"excerpt":false}}},"acf":[],"yoast_head":"<!-- This site is optimized with the Yoast SEO plugin v27.2 - https:\/\/yoast.com\/product\/yoast-seo-wordpress\/ -->\n<title>MSI B450M-A PRO MAX II - Osaka<\/title>\n<meta name=\"robots\" content=\"index, follow, max-snippet:-1, max-image-preview:large, max-video-preview:-1\" \/>\n<link rel=\"canonical\" href=\"https:\/\/osaka.ma\/product\/msi-b450m-a-pro-max-ii\/\" \/>\n<meta property=\"og:locale\" content=\"es_ES\" \/>\n<meta property=\"og:type\" content=\"article\" \/>\n<meta property=\"og:title\" content=\"MSI B450M-A PRO MAX II - Osaka\" \/>\n<meta property=\"og:url\" content=\"https:\/\/osaka.ma\/product\/msi-b450m-a-pro-max-ii\/\" \/>\n<meta property=\"og:site_name\" content=\"Osaka\" \/>\n<meta property=\"article:modified_time\" content=\"2025-04-08T17:38:31+00:00\" \/>\n<meta property=\"og:image\" content=\"https:\/\/osaka.ma\/wp-content\/uploads\/2024\/01\/MSI-B450M-A-PRO-MAX-II.webp\" \/>\n\t<meta property=\"og:image:width\" content=\"800\" \/>\n\t<meta property=\"og:image:height\" content=\"800\" \/>\n\t<meta property=\"og:image:type\" content=\"image\/webp\" \/>\n<meta name=\"twitter:card\" content=\"summary_large_image\" \/>\n<meta name=\"twitter:label1\" content=\"Est. reading time\" \/>\n\t<meta name=\"twitter:data1\" content=\"3 minutes\" \/>\n<script type=\"application\/ld+json\" class=\"yoast-schema-graph\">{\"@context\":\"https:\/\/schema.org\",\"@graph\":[{\"@type\":\"WebPage\",\"@id\":\"https:\/\/osaka.ma\/product\/msi-b450m-a-pro-max-ii\/\",\"url\":\"https:\/\/osaka.ma\/product\/msi-b450m-a-pro-max-ii\/\",\"name\":\"MSI B450M-A PRO MAX II - Osaka\",\"isPartOf\":{\"@id\":\"https:\/\/osaka.ma\/#website\"},\"primaryImageOfPage\":{\"@id\":\"https:\/\/osaka.ma\/product\/msi-b450m-a-pro-max-ii\/#primaryimage\"},\"image\":{\"@id\":\"https:\/\/osaka.ma\/product\/msi-b450m-a-pro-max-ii\/#primaryimage\"},\"thumbnailUrl\":\"https:\/\/osaka.ma\/wp-content\/uploads\/2024\/01\/MSI-B450M-A-PRO-MAX-II.webp\",\"datePublished\":\"2024-01-18T09:58:18+00:00\",\"dateModified\":\"2025-04-08T17:38:31+00:00\",\"breadcrumb\":{\"@id\":\"https:\/\/osaka.ma\/product\/msi-b450m-a-pro-max-ii\/#breadcrumb\"},\"inLanguage\":\"es-ES\",\"potentialAction\":[{\"@type\":\"ReadAction\",\"target\":[\"https:\/\/osaka.ma\/product\/msi-b450m-a-pro-max-ii\/\"]}]},{\"@type\":\"ImageObject\",\"inLanguage\":\"es-ES\",\"@id\":\"https:\/\/osaka.ma\/product\/msi-b450m-a-pro-max-ii\/#primaryimage\",\"url\":\"https:\/\/osaka.ma\/wp-content\/uploads\/2024\/01\/MSI-B450M-A-PRO-MAX-II.webp\",\"contentUrl\":\"https:\/\/osaka.ma\/wp-content\/uploads\/2024\/01\/MSI-B450M-A-PRO-MAX-II.webp\",\"width\":800,\"height\":800},{\"@type\":\"BreadcrumbList\",\"@id\":\"https:\/\/osaka.ma\/product\/msi-b450m-a-pro-max-ii\/#breadcrumb\",\"itemListElement\":[{\"@type\":\"ListItem\",\"position\":1,\"name\":\"Home\",\"item\":\"https:\/\/osaka.ma\/\"},{\"@type\":\"ListItem\",\"position\":2,\"name\":\"Shop\",\"item\":\"https:\/\/osaka.ma\/shop-2\/\"},{\"@type\":\"ListItem\",\"position\":3,\"name\":\"MSI B450M-A PRO MAX II\"}]},{\"@type\":\"WebSite\",\"@id\":\"https:\/\/osaka.ma\/#website\",\"url\":\"https:\/\/osaka.ma\/\",\"name\":\"Osaka\",\"description\":\"\",\"publisher\":{\"@id\":\"https:\/\/osaka.ma\/#organization\"},\"potentialAction\":[{\"@type\":\"SearchAction\",\"target\":{\"@type\":\"EntryPoint\",\"urlTemplate\":\"https:\/\/osaka.ma\/?s={search_term_string}\"},\"query-input\":{\"@type\":\"PropertyValueSpecification\",\"valueRequired\":true,\"valueName\":\"search_term_string\"}}],\"inLanguage\":\"es-ES\"},{\"@type\":\"Organization\",\"@id\":\"https:\/\/osaka.ma\/#organization\",\"name\":\"Osaka\",\"url\":\"https:\/\/osaka.ma\/\",\"logo\":{\"@type\":\"ImageObject\",\"inLanguage\":\"es-ES\",\"@id\":\"https:\/\/osaka.ma\/#\/schema\/logo\/image\/\",\"url\":\"https:\/\/osaka.ma\/wp-content\/uploads\/2026\/01\/model-slogan-logo-2Plan-de-travail-1dksl-plus-finnn.png\",\"contentUrl\":\"https:\/\/osaka.ma\/wp-content\/uploads\/2026\/01\/model-slogan-logo-2Plan-de-travail-1dksl-plus-finnn.png\",\"width\":842,\"height\":226,\"caption\":\"Osaka\"},\"image\":{\"@id\":\"https:\/\/osaka.ma\/#\/schema\/logo\/image\/\"}}]}<\/script>\n<!-- \/ Yoast SEO plugin. -->","yoast_head_json":{"title":"MSI B450M-A PRO MAX II - Osaka","robots":{"index":"index","follow":"follow","max-snippet":"max-snippet:-1","max-image-preview":"max-image-preview:large","max-video-preview":"max-video-preview:-1"},"canonical":"https:\/\/osaka.ma\/product\/msi-b450m-a-pro-max-ii\/","og_locale":"es_ES","og_type":"article","og_title":"MSI B450M-A PRO MAX II - Osaka","og_url":"https:\/\/osaka.ma\/product\/msi-b450m-a-pro-max-ii\/","og_site_name":"Osaka","article_modified_time":"2025-04-08T17:38:31+00:00","og_image":[{"width":800,"height":800,"url":"https:\/\/osaka.ma\/wp-content\/uploads\/2024\/01\/MSI-B450M-A-PRO-MAX-II.webp","type":"image\/webp"}],"twitter_card":"summary_large_image","twitter_misc":{"Est. reading time":"3 minutes"},"schema":{"@context":"https:\/\/schema.org","@graph":[{"@type":"WebPage","@id":"https:\/\/osaka.ma\/product\/msi-b450m-a-pro-max-ii\/","url":"https:\/\/osaka.ma\/product\/msi-b450m-a-pro-max-ii\/","name":"MSI B450M-A PRO MAX II - Osaka","isPartOf":{"@id":"https:\/\/osaka.ma\/#website"},"primaryImageOfPage":{"@id":"https:\/\/osaka.ma\/product\/msi-b450m-a-pro-max-ii\/#primaryimage"},"image":{"@id":"https:\/\/osaka.ma\/product\/msi-b450m-a-pro-max-ii\/#primaryimage"},"thumbnailUrl":"https:\/\/osaka.ma\/wp-content\/uploads\/2024\/01\/MSI-B450M-A-PRO-MAX-II.webp","datePublished":"2024-01-18T09:58:18+00:00","dateModified":"2025-04-08T17:38:31+00:00","breadcrumb":{"@id":"https:\/\/osaka.ma\/product\/msi-b450m-a-pro-max-ii\/#breadcrumb"},"inLanguage":"es-ES","potentialAction":[{"@type":"ReadAction","target":["https:\/\/osaka.ma\/product\/msi-b450m-a-pro-max-ii\/"]}]},{"@type":"ImageObject","inLanguage":"es-ES","@id":"https:\/\/osaka.ma\/product\/msi-b450m-a-pro-max-ii\/#primaryimage","url":"https:\/\/osaka.ma\/wp-content\/uploads\/2024\/01\/MSI-B450M-A-PRO-MAX-II.webp","contentUrl":"https:\/\/osaka.ma\/wp-content\/uploads\/2024\/01\/MSI-B450M-A-PRO-MAX-II.webp","width":800,"height":800},{"@type":"BreadcrumbList","@id":"https:\/\/osaka.ma\/product\/msi-b450m-a-pro-max-ii\/#breadcrumb","itemListElement":[{"@type":"ListItem","position":1,"name":"Home","item":"https:\/\/osaka.ma\/"},{"@type":"ListItem","position":2,"name":"Shop","item":"https:\/\/osaka.ma\/shop-2\/"},{"@type":"ListItem","position":3,"name":"MSI B450M-A PRO MAX II"}]},{"@type":"WebSite","@id":"https:\/\/osaka.ma\/#website","url":"https:\/\/osaka.ma\/","name":"Osaka","description":"","publisher":{"@id":"https:\/\/osaka.ma\/#organization"},"potentialAction":[{"@type":"SearchAction","target":{"@type":"EntryPoint","urlTemplate":"https:\/\/osaka.ma\/?s={search_term_string}"},"query-input":{"@type":"PropertyValueSpecification","valueRequired":true,"valueName":"search_term_string"}}],"inLanguage":"es-ES"},{"@type":"Organization","@id":"https:\/\/osaka.ma\/#organization","name":"Osaka","url":"https:\/\/osaka.ma\/","logo":{"@type":"ImageObject","inLanguage":"es-ES","@id":"https:\/\/osaka.ma\/#\/schema\/logo\/image\/","url":"https:\/\/osaka.ma\/wp-content\/uploads\/2026\/01\/model-slogan-logo-2Plan-de-travail-1dksl-plus-finnn.png","contentUrl":"https:\/\/osaka.ma\/wp-content\/uploads\/2026\/01\/model-slogan-logo-2Plan-de-travail-1dksl-plus-finnn.png","width":842,"height":226,"caption":"Osaka"},"image":{"@id":"https:\/\/osaka.ma\/#\/schema\/logo\/image\/"}}]}},"jetpack_sharing_enabled":true,"brands":[],"_links":{"self":[{"href":"https:\/\/osaka.ma\/es\/wp-json\/wp\/v2\/product\/7027","targetHints":{"allow":["GET"]}}],"collection":[{"href":"https:\/\/osaka.ma\/es\/wp-json\/wp\/v2\/product"}],"about":[{"href":"https:\/\/osaka.ma\/es\/wp-json\/wp\/v2\/types\/product"}],"version-history":[{"count":0,"href":"https:\/\/osaka.ma\/es\/wp-json\/wp\/v2\/product\/7027\/revisions"}],"wp:featuredmedia":[{"embeddable":true,"href":"https:\/\/osaka.ma\/es\/wp-json\/wp\/v2\/media\/1007029"}],"wp:attachment":[{"href":"https:\/\/osaka.ma\/es\/wp-json\/wp\/v2\/media?parent=7027"}],"wp:term":[{"taxonomy":"pwb-brand","embeddable":true,"href":"https:\/\/osaka.ma\/es\/wp-json\/wp\/v2\/pwb-brand?post=7027"},{"taxonomy":"product_brand","embeddable":true,"href":"https:\/\/osaka.ma\/es\/wp-json\/wp\/v2\/product_brand?post=7027"},{"taxonomy":"product_cat","embeddable":true,"href":"https:\/\/osaka.ma\/es\/wp-json\/wp\/v2\/product_cat?post=7027"},{"taxonomy":"product_tag","embeddable":true,"href":"https:\/\/osaka.ma\/es\/wp-json\/wp\/v2\/product_tag?post=7027"},{"taxonomy":"pcb_component_type","embeddable":true,"href":"https:\/\/osaka.ma\/es\/wp-json\/wp\/v2\/pcb_component_type?post=7027"}],"curies":[{"name":"wp","href":"https:\/\/api.w.org\/{rel}","templated":true}]}}