{"id":7252,"date":"2024-01-23T09:27:52","date_gmt":"2024-01-23T09:27:52","guid":{"rendered":"https:\/\/osaka.ma\/?post_type=product&#038;p=7252"},"modified":"2025-04-25T15:12:51","modified_gmt":"2025-04-25T15:12:51","slug":"mars-gaming-mcpuargb","status":"publish","type":"product","link":"https:\/\/osaka.ma\/es\/product\/mars-gaming-mcpuargb\/","title":{"rendered":"MARS GAMING MCPUARGB"},"content":{"rendered":"<p>Le MCPUARGB est sp\u00e9cifiquement con\u00e7u pour offrir un refroidissement optimal du processeur. Avec des pales efficaces et un moteur puissant, il contribue \u00e0 maintenir des temp\u00e9ratures stables, favorisant ainsi les performances du processeur. L&#8217;une des caract\u00e9ristiques distinctives de ce ventilateur est son \u00e9clairage RGB, permettant aux utilisateurs de personnaliser l&#8217;esth\u00e9tique de leur syst\u00e8me. Avec une vari\u00e9t\u00e9 de couleurs et d&#8217;effets lumineux, le MCPUARGB ajoute une dimension visuelle dynamique \u00e0 l&#8217;int\u00e9rieur du bo\u00eetier.<\/p>\n<p class=\"product-details-title h4 py-2\">Fiche technique :<\/p>\n<dl class=\"data-sheet d-flex flex-wrap justify-content-between m-0\">\n<dt class=\"name mb-1 p-2\">Mat\u00e9riaux :<\/dt>\n<dd class=\"value mb-1 p-2\">Cuivre et Aluminium<\/dd>\n<dt class=\"name mb-1 p-2\">Ventilateur(s) :<\/dt>\n<dd class=\"value mb-1 p-2\">1 x 90mm<\/dd>\n<dt class=\"name mb-1 p-2\">Support du processeur :<\/dt>\n<dd class=\"value mb-1 p-2\">INTEL LGA 1200\/1156\/1155\/1151\/1150\/775 et AMD AM5\/AM4\/AM3+\/AM3\/AM2+\/AM2\/FM2\/FM1<\/dd>\n<dt class=\"name mb-1 p-2\">Marque :<\/dt>\n<dd class=\"value mb-1 p-2\">Mars Gaming<\/dd>\n<\/dl>\n","protected":false},"excerpt":{"rendered":"<p>Le MCPUARGB est sp\u00e9cifiquement con\u00e7u pour offrir un refroidissement optimal du processeur. Avec des pales efficaces et un moteur puissant, il contribue \u00e0 maintenir des temp\u00e9ratures stables, favorisant ainsi les performances du processeur. L&#8217;une des caract\u00e9ristiques distinctives de ce ventilateur est son \u00e9clairage RGB, permettant aux utilisateurs de personnaliser l&#8217;esth\u00e9tique de leur syst\u00e8me. Avec une vari\u00e9t\u00e9 de couleurs et d&#8217;effets lumineux, le MCPUARGB ajoute une dimension visuelle dynamique \u00e0 l&#8217;int\u00e9rieur du bo\u00eetier.<\/p>\n","protected":false},"featured_media":1007253,"template":"","meta":{"_acf_changed":false},"pwb-brand":[],"product_brand":[110],"product_cat":[17,82],"product_tag":[],"pcb_component_type":[],"class_list":{"0":"post-7252","1":"product","2":"type-product","3":"status-publish","4":"has-post-thumbnail","6":"product_brand-mars-gaming","7":"product_cat-composants-gaming","8":"product_cat-refroidissement","10":"first","11":"outofstock","12":"shipping-taxable","13":"product-type-simple"},"translation":{"provider":"WPGlobus","version":"3.0.2","language":"es","enabled_languages":["en","es","de","fr","ru"],"languages":{"en":{"title":true,"content":true,"excerpt":true},"es":{"title":false,"content":false,"excerpt":false},"de":{"title":false,"content":false,"excerpt":false},"fr":{"title":false,"content":false,"excerpt":false},"ru":{"title":false,"content":false,"excerpt":false}}},"acf":[],"yoast_head":"<!-- This site is optimized with the Yoast SEO plugin v27.2 - https:\/\/yoast.com\/product\/yoast-seo-wordpress\/ -->\n<title>MARS GAMING MCPUARGB - Osaka<\/title>\n<meta name=\"robots\" content=\"index, follow, max-snippet:-1, max-image-preview:large, max-video-preview:-1\" \/>\n<link rel=\"canonical\" href=\"https:\/\/osaka.ma\/product\/mars-gaming-mcpuargb\/\" \/>\n<meta property=\"og:locale\" content=\"es_ES\" \/>\n<meta property=\"og:type\" content=\"article\" \/>\n<meta property=\"og:title\" content=\"MARS GAMING MCPUARGB - Osaka\" \/>\n<meta property=\"og:url\" content=\"https:\/\/osaka.ma\/product\/mars-gaming-mcpuargb\/\" \/>\n<meta property=\"og:site_name\" content=\"Osaka\" \/>\n<meta property=\"article:modified_time\" content=\"2025-04-25T15:12:51+00:00\" \/>\n<meta property=\"og:image\" content=\"https:\/\/osaka.ma\/wp-content\/uploads\/2024\/01\/MARS-GAMING-MCPUARGB.jpg\" \/>\n\t<meta property=\"og:image:width\" content=\"600\" \/>\n\t<meta property=\"og:image:height\" content=\"600\" \/>\n\t<meta property=\"og:image:type\" content=\"image\/jpeg\" \/>\n<meta name=\"twitter:card\" content=\"summary_large_image\" \/>\n<meta name=\"twitter:label1\" content=\"Est. reading time\" \/>\n\t<meta name=\"twitter:data1\" content=\"1 minute\" \/>\n<script type=\"application\/ld+json\" class=\"yoast-schema-graph\">{\"@context\":\"https:\/\/schema.org\",\"@graph\":[{\"@type\":\"WebPage\",\"@id\":\"https:\/\/osaka.ma\/product\/mars-gaming-mcpuargb\/\",\"url\":\"https:\/\/osaka.ma\/product\/mars-gaming-mcpuargb\/\",\"name\":\"MARS GAMING MCPUARGB - Osaka\",\"isPartOf\":{\"@id\":\"https:\/\/osaka.ma\/#website\"},\"primaryImageOfPage\":{\"@id\":\"https:\/\/osaka.ma\/product\/mars-gaming-mcpuargb\/#primaryimage\"},\"image\":{\"@id\":\"https:\/\/osaka.ma\/product\/mars-gaming-mcpuargb\/#primaryimage\"},\"thumbnailUrl\":\"https:\/\/osaka.ma\/wp-content\/uploads\/2024\/01\/MARS-GAMING-MCPUARGB.jpg\",\"datePublished\":\"2024-01-23T09:27:52+00:00\",\"dateModified\":\"2025-04-25T15:12:51+00:00\",\"breadcrumb\":{\"@id\":\"https:\/\/osaka.ma\/product\/mars-gaming-mcpuargb\/#breadcrumb\"},\"inLanguage\":\"es-ES\",\"potentialAction\":[{\"@type\":\"ReadAction\",\"target\":[\"https:\/\/osaka.ma\/product\/mars-gaming-mcpuargb\/\"]}]},{\"@type\":\"ImageObject\",\"inLanguage\":\"es-ES\",\"@id\":\"https:\/\/osaka.ma\/product\/mars-gaming-mcpuargb\/#primaryimage\",\"url\":\"https:\/\/osaka.ma\/wp-content\/uploads\/2024\/01\/MARS-GAMING-MCPUARGB.jpg\",\"contentUrl\":\"https:\/\/osaka.ma\/wp-content\/uploads\/2024\/01\/MARS-GAMING-MCPUARGB.jpg\",\"width\":600,\"height\":600},{\"@type\":\"BreadcrumbList\",\"@id\":\"https:\/\/osaka.ma\/product\/mars-gaming-mcpuargb\/#breadcrumb\",\"itemListElement\":[{\"@type\":\"ListItem\",\"position\":1,\"name\":\"Home\",\"item\":\"https:\/\/osaka.ma\/\"},{\"@type\":\"ListItem\",\"position\":2,\"name\":\"Shop\",\"item\":\"https:\/\/osaka.ma\/shop-2\/\"},{\"@type\":\"ListItem\",\"position\":3,\"name\":\"MARS GAMING MCPUARGB\"}]},{\"@type\":\"WebSite\",\"@id\":\"https:\/\/osaka.ma\/#website\",\"url\":\"https:\/\/osaka.ma\/\",\"name\":\"Osaka\",\"description\":\"\",\"publisher\":{\"@id\":\"https:\/\/osaka.ma\/#organization\"},\"potentialAction\":[{\"@type\":\"SearchAction\",\"target\":{\"@type\":\"EntryPoint\",\"urlTemplate\":\"https:\/\/osaka.ma\/?s={search_term_string}\"},\"query-input\":{\"@type\":\"PropertyValueSpecification\",\"valueRequired\":true,\"valueName\":\"search_term_string\"}}],\"inLanguage\":\"es-ES\"},{\"@type\":\"Organization\",\"@id\":\"https:\/\/osaka.ma\/#organization\",\"name\":\"Osaka\",\"url\":\"https:\/\/osaka.ma\/\",\"logo\":{\"@type\":\"ImageObject\",\"inLanguage\":\"es-ES\",\"@id\":\"https:\/\/osaka.ma\/#\/schema\/logo\/image\/\",\"url\":\"https:\/\/osaka.ma\/wp-content\/uploads\/2026\/01\/model-slogan-logo-2Plan-de-travail-1dksl-plus-finnn.png\",\"contentUrl\":\"https:\/\/osaka.ma\/wp-content\/uploads\/2026\/01\/model-slogan-logo-2Plan-de-travail-1dksl-plus-finnn.png\",\"width\":842,\"height\":226,\"caption\":\"Osaka\"},\"image\":{\"@id\":\"https:\/\/osaka.ma\/#\/schema\/logo\/image\/\"}}]}<\/script>\n<!-- \/ Yoast SEO plugin. -->","yoast_head_json":{"title":"MARS GAMING MCPUARGB - Osaka","robots":{"index":"index","follow":"follow","max-snippet":"max-snippet:-1","max-image-preview":"max-image-preview:large","max-video-preview":"max-video-preview:-1"},"canonical":"https:\/\/osaka.ma\/product\/mars-gaming-mcpuargb\/","og_locale":"es_ES","og_type":"article","og_title":"MARS GAMING MCPUARGB - Osaka","og_url":"https:\/\/osaka.ma\/product\/mars-gaming-mcpuargb\/","og_site_name":"Osaka","article_modified_time":"2025-04-25T15:12:51+00:00","og_image":[{"width":600,"height":600,"url":"https:\/\/osaka.ma\/wp-content\/uploads\/2024\/01\/MARS-GAMING-MCPUARGB.jpg","type":"image\/jpeg"}],"twitter_card":"summary_large_image","twitter_misc":{"Est. reading time":"1 minute"},"schema":{"@context":"https:\/\/schema.org","@graph":[{"@type":"WebPage","@id":"https:\/\/osaka.ma\/product\/mars-gaming-mcpuargb\/","url":"https:\/\/osaka.ma\/product\/mars-gaming-mcpuargb\/","name":"MARS GAMING MCPUARGB - Osaka","isPartOf":{"@id":"https:\/\/osaka.ma\/#website"},"primaryImageOfPage":{"@id":"https:\/\/osaka.ma\/product\/mars-gaming-mcpuargb\/#primaryimage"},"image":{"@id":"https:\/\/osaka.ma\/product\/mars-gaming-mcpuargb\/#primaryimage"},"thumbnailUrl":"https:\/\/osaka.ma\/wp-content\/uploads\/2024\/01\/MARS-GAMING-MCPUARGB.jpg","datePublished":"2024-01-23T09:27:52+00:00","dateModified":"2025-04-25T15:12:51+00:00","breadcrumb":{"@id":"https:\/\/osaka.ma\/product\/mars-gaming-mcpuargb\/#breadcrumb"},"inLanguage":"es-ES","potentialAction":[{"@type":"ReadAction","target":["https:\/\/osaka.ma\/product\/mars-gaming-mcpuargb\/"]}]},{"@type":"ImageObject","inLanguage":"es-ES","@id":"https:\/\/osaka.ma\/product\/mars-gaming-mcpuargb\/#primaryimage","url":"https:\/\/osaka.ma\/wp-content\/uploads\/2024\/01\/MARS-GAMING-MCPUARGB.jpg","contentUrl":"https:\/\/osaka.ma\/wp-content\/uploads\/2024\/01\/MARS-GAMING-MCPUARGB.jpg","width":600,"height":600},{"@type":"BreadcrumbList","@id":"https:\/\/osaka.ma\/product\/mars-gaming-mcpuargb\/#breadcrumb","itemListElement":[{"@type":"ListItem","position":1,"name":"Home","item":"https:\/\/osaka.ma\/"},{"@type":"ListItem","position":2,"name":"Shop","item":"https:\/\/osaka.ma\/shop-2\/"},{"@type":"ListItem","position":3,"name":"MARS GAMING MCPUARGB"}]},{"@type":"WebSite","@id":"https:\/\/osaka.ma\/#website","url":"https:\/\/osaka.ma\/","name":"Osaka","description":"","publisher":{"@id":"https:\/\/osaka.ma\/#organization"},"potentialAction":[{"@type":"SearchAction","target":{"@type":"EntryPoint","urlTemplate":"https:\/\/osaka.ma\/?s={search_term_string}"},"query-input":{"@type":"PropertyValueSpecification","valueRequired":true,"valueName":"search_term_string"}}],"inLanguage":"es-ES"},{"@type":"Organization","@id":"https:\/\/osaka.ma\/#organization","name":"Osaka","url":"https:\/\/osaka.ma\/","logo":{"@type":"ImageObject","inLanguage":"es-ES","@id":"https:\/\/osaka.ma\/#\/schema\/logo\/image\/","url":"https:\/\/osaka.ma\/wp-content\/uploads\/2026\/01\/model-slogan-logo-2Plan-de-travail-1dksl-plus-finnn.png","contentUrl":"https:\/\/osaka.ma\/wp-content\/uploads\/2026\/01\/model-slogan-logo-2Plan-de-travail-1dksl-plus-finnn.png","width":842,"height":226,"caption":"Osaka"},"image":{"@id":"https:\/\/osaka.ma\/#\/schema\/logo\/image\/"}}]}},"jetpack_sharing_enabled":true,"brands":[],"_links":{"self":[{"href":"https:\/\/osaka.ma\/es\/wp-json\/wp\/v2\/product\/7252","targetHints":{"allow":["GET"]}}],"collection":[{"href":"https:\/\/osaka.ma\/es\/wp-json\/wp\/v2\/product"}],"about":[{"href":"https:\/\/osaka.ma\/es\/wp-json\/wp\/v2\/types\/product"}],"version-history":[{"count":0,"href":"https:\/\/osaka.ma\/es\/wp-json\/wp\/v2\/product\/7252\/revisions"}],"wp:featuredmedia":[{"embeddable":true,"href":"https:\/\/osaka.ma\/es\/wp-json\/wp\/v2\/media\/1007253"}],"wp:attachment":[{"href":"https:\/\/osaka.ma\/es\/wp-json\/wp\/v2\/media?parent=7252"}],"wp:term":[{"taxonomy":"pwb-brand","embeddable":true,"href":"https:\/\/osaka.ma\/es\/wp-json\/wp\/v2\/pwb-brand?post=7252"},{"taxonomy":"product_brand","embeddable":true,"href":"https:\/\/osaka.ma\/es\/wp-json\/wp\/v2\/product_brand?post=7252"},{"taxonomy":"product_cat","embeddable":true,"href":"https:\/\/osaka.ma\/es\/wp-json\/wp\/v2\/product_cat?post=7252"},{"taxonomy":"product_tag","embeddable":true,"href":"https:\/\/osaka.ma\/es\/wp-json\/wp\/v2\/product_tag?post=7252"},{"taxonomy":"pcb_component_type","embeddable":true,"href":"https:\/\/osaka.ma\/es\/wp-json\/wp\/v2\/pcb_component_type?post=7252"}],"curies":[{"name":"wp","href":"https:\/\/api.w.org\/{rel}","templated":true}]}}