{"id":7432,"date":"2024-02-27T17:08:27","date_gmt":"2024-02-27T17:08:27","guid":{"rendered":"https:\/\/osaka.ma\/?post_type=product&#038;p=7432"},"modified":"2024-12-18T15:35:47","modified_gmt":"2024-12-18T15:35:47","slug":"pc-gamer-ryzen-5-3600-16gb-256gb-rx-580","status":"publish","type":"product","link":"https:\/\/osaka.ma\/es\/product\/pc-gamer-ryzen-5-3600-16gb-256gb-rx-580\/","title":{"rendered":"PC GAMER Ryzen 5 3600\/16GB\/256GB\/RX 580"},"content":{"rendered":"<p>CPU : AMD Ryzen 5 3600 (3.6 GHz \/ 4.2 GHz)<\/p>\n<p>MOTHERBOARD : ASUS PRIME A520M-K<\/p>\n<p>RAM : 16GB(8&#215;2) CORSAIR RS RGB 3600MHZ<\/p>\n<p>STOCKAGE : 256GB M.2<\/p>\n<p>GPU : AMD RADEON ARKTEK RX 580 8GB<\/p>\n<p>PSU : AMD RADEON ARKTEK RX 580 8GB<\/p>\n<p>CASE : BOITIER CHINA RGB 4FAN+CONTROLLER<\/p>\n","protected":false},"excerpt":{"rendered":"<p>PC Gamer Osaka vous offre une configuration AMD avec des composants \u00e9quilibr\u00e9e avec un bon prix, ce PC Gamer compos\u00e9 d\u2019un processeur AMD Ryzen 5 3600 ainsi que d\u2019une carte graphique AMD RADEON ARKTEK RX 580 8GB Il int\u00e8gre \u00e9galement un SSD 256GB pour un syst\u00e8me toujours plus rapide et 16 (8\u00d72) Go de RAM. Voila les atouts de ce PC puissant taill\u00e9 pour travailler dans les meilleures conditions.<\/p>\n","protected":false},"featured_media":1008117,"template":"","meta":{"_acf_changed":false},"pwb-brand":[],"product_brand":[],"product_cat":[54,53],"product_tag":[],"pcb_component_type":[],"class_list":{"0":"post-7432","1":"product","2":"type-product","3":"status-publish","4":"has-post-thumbnail","6":"product_cat-amd-ryzen","7":"product_cat-pc-gamer","9":"first","10":"outofstock","11":"shipping-taxable","12":"product-type-simple"},"translation":{"provider":"WPGlobus","version":"3.0.2","language":"es","enabled_languages":["en","es","de","fr","ru"],"languages":{"en":{"title":true,"content":true,"excerpt":true},"es":{"title":false,"content":false,"excerpt":false},"de":{"title":false,"content":false,"excerpt":false},"fr":{"title":false,"content":false,"excerpt":false},"ru":{"title":false,"content":false,"excerpt":false}}},"acf":[],"yoast_head":"<!-- This site is optimized with the Yoast SEO plugin v27.2 - https:\/\/yoast.com\/product\/yoast-seo-wordpress\/ -->\n<title>PC GAMER Ryzen 5 3600\/16GB\/256GB\/RX 580 - Osaka<\/title>\n<meta name=\"robots\" content=\"index, follow, max-snippet:-1, max-image-preview:large, max-video-preview:-1\" \/>\n<link rel=\"canonical\" href=\"https:\/\/osaka.ma\/ru\/product\/pc-gamer-ryzen-5-3600-16gb-256gb-rx-580\/\" \/>\n<meta property=\"og:locale\" content=\"es_ES\" \/>\n<meta property=\"og:type\" content=\"article\" \/>\n<meta property=\"og:title\" content=\"PC GAMER Ryzen 5 3600\/16GB\/256GB\/RX 580 - Osaka\" \/>\n<meta property=\"og:url\" content=\"https:\/\/osaka.ma\/ru\/product\/pc-gamer-ryzen-5-3600-16gb-256gb-rx-580\/\" \/>\n<meta property=\"og:site_name\" content=\"Osaka\" \/>\n<meta property=\"article:modified_time\" content=\"2024-12-18T15:35:47+00:00\" \/>\n<meta property=\"og:image\" content=\"https:\/\/osaka.ma\/wp-content\/uploads\/2024\/02\/BOITIER-GAMER-RGB-4FAN-AVEC-CONTROLLER-PC-MAROC-SETUP-GAMING-1024x1024.png\" \/>\n\t<meta property=\"og:image:width\" content=\"1024\" \/>\n\t<meta property=\"og:image:height\" content=\"1024\" \/>\n\t<meta property=\"og:image:type\" content=\"image\/png\" \/>\n<meta name=\"twitter:card\" content=\"summary_large_image\" \/>\n<meta name=\"twitter:label1\" content=\"Est. reading time\" \/>\n\t<meta name=\"twitter:data1\" content=\"1 minute\" \/>\n<script type=\"application\/ld+json\" class=\"yoast-schema-graph\">{\"@context\":\"https:\/\/schema.org\",\"@graph\":[{\"@type\":\"WebPage\",\"@id\":\"https:\/\/osaka.ma\/ru\/product\/pc-gamer-ryzen-5-3600-16gb-256gb-rx-580\/\",\"url\":\"https:\/\/osaka.ma\/ru\/product\/pc-gamer-ryzen-5-3600-16gb-256gb-rx-580\/\",\"name\":\"PC GAMER Ryzen 5 3600\/16GB\/256GB\/RX 580 - Osaka\",\"isPartOf\":{\"@id\":\"https:\/\/osaka.ma\/#website\"},\"primaryImageOfPage\":{\"@id\":\"https:\/\/osaka.ma\/ru\/product\/pc-gamer-ryzen-5-3600-16gb-256gb-rx-580\/#primaryimage\"},\"image\":{\"@id\":\"https:\/\/osaka.ma\/ru\/product\/pc-gamer-ryzen-5-3600-16gb-256gb-rx-580\/#primaryimage\"},\"thumbnailUrl\":\"https:\/\/osaka.ma\/wp-content\/uploads\/2024\/02\/BOITIER-GAMER-RGB-4FAN-AVEC-CONTROLLER-PC-MAROC-SETUP-GAMING.png\",\"datePublished\":\"2024-02-27T17:08:27+00:00\",\"dateModified\":\"2024-12-18T15:35:47+00:00\",\"breadcrumb\":{\"@id\":\"https:\/\/osaka.ma\/ru\/product\/pc-gamer-ryzen-5-3600-16gb-256gb-rx-580\/#breadcrumb\"},\"inLanguage\":\"es-ES\",\"potentialAction\":[{\"@type\":\"ReadAction\",\"target\":[\"https:\/\/osaka.ma\/ru\/product\/pc-gamer-ryzen-5-3600-16gb-256gb-rx-580\/\"]}]},{\"@type\":\"ImageObject\",\"inLanguage\":\"es-ES\",\"@id\":\"https:\/\/osaka.ma\/ru\/product\/pc-gamer-ryzen-5-3600-16gb-256gb-rx-580\/#primaryimage\",\"url\":\"https:\/\/osaka.ma\/wp-content\/uploads\/2024\/02\/BOITIER-GAMER-RGB-4FAN-AVEC-CONTROLLER-PC-MAROC-SETUP-GAMING.png\",\"contentUrl\":\"https:\/\/osaka.ma\/wp-content\/uploads\/2024\/02\/BOITIER-GAMER-RGB-4FAN-AVEC-CONTROLLER-PC-MAROC-SETUP-GAMING.png\",\"width\":2160,\"height\":2160},{\"@type\":\"BreadcrumbList\",\"@id\":\"https:\/\/osaka.ma\/ru\/product\/pc-gamer-ryzen-5-3600-16gb-256gb-rx-580\/#breadcrumb\",\"itemListElement\":[{\"@type\":\"ListItem\",\"position\":1,\"name\":\"Home\",\"item\":\"https:\/\/osaka.ma\/\"},{\"@type\":\"ListItem\",\"position\":2,\"name\":\"Shop\",\"item\":\"https:\/\/osaka.ma\/shop-2\/\"},{\"@type\":\"ListItem\",\"position\":3,\"name\":\"PC GAMER Ryzen 5 3600\/16GB\/256GB\/RX 580\"}]},{\"@type\":\"WebSite\",\"@id\":\"https:\/\/osaka.ma\/#website\",\"url\":\"https:\/\/osaka.ma\/\",\"name\":\"Osaka\",\"description\":\"\",\"publisher\":{\"@id\":\"https:\/\/osaka.ma\/#organization\"},\"potentialAction\":[{\"@type\":\"SearchAction\",\"target\":{\"@type\":\"EntryPoint\",\"urlTemplate\":\"https:\/\/osaka.ma\/?s={search_term_string}\"},\"query-input\":{\"@type\":\"PropertyValueSpecification\",\"valueRequired\":true,\"valueName\":\"search_term_string\"}}],\"inLanguage\":\"es-ES\"},{\"@type\":\"Organization\",\"@id\":\"https:\/\/osaka.ma\/#organization\",\"name\":\"Osaka\",\"url\":\"https:\/\/osaka.ma\/\",\"logo\":{\"@type\":\"ImageObject\",\"inLanguage\":\"es-ES\",\"@id\":\"https:\/\/osaka.ma\/#\/schema\/logo\/image\/\",\"url\":\"https:\/\/osaka.ma\/wp-content\/uploads\/2026\/01\/model-slogan-logo-2Plan-de-travail-1dksl-plus-finnn.png\",\"contentUrl\":\"https:\/\/osaka.ma\/wp-content\/uploads\/2026\/01\/model-slogan-logo-2Plan-de-travail-1dksl-plus-finnn.png\",\"width\":842,\"height\":226,\"caption\":\"Osaka\"},\"image\":{\"@id\":\"https:\/\/osaka.ma\/#\/schema\/logo\/image\/\"}}]}<\/script>\n<!-- \/ Yoast SEO plugin. -->","yoast_head_json":{"title":"PC GAMER Ryzen 5 3600\/16GB\/256GB\/RX 580 - Osaka","robots":{"index":"index","follow":"follow","max-snippet":"max-snippet:-1","max-image-preview":"max-image-preview:large","max-video-preview":"max-video-preview:-1"},"canonical":"https:\/\/osaka.ma\/ru\/product\/pc-gamer-ryzen-5-3600-16gb-256gb-rx-580\/","og_locale":"es_ES","og_type":"article","og_title":"PC GAMER Ryzen 5 3600\/16GB\/256GB\/RX 580 - Osaka","og_url":"https:\/\/osaka.ma\/ru\/product\/pc-gamer-ryzen-5-3600-16gb-256gb-rx-580\/","og_site_name":"Osaka","article_modified_time":"2024-12-18T15:35:47+00:00","og_image":[{"width":1024,"height":1024,"url":"https:\/\/osaka.ma\/wp-content\/uploads\/2024\/02\/BOITIER-GAMER-RGB-4FAN-AVEC-CONTROLLER-PC-MAROC-SETUP-GAMING-1024x1024.png","type":"image\/png"}],"twitter_card":"summary_large_image","twitter_misc":{"Est. reading time":"1 minute"},"schema":{"@context":"https:\/\/schema.org","@graph":[{"@type":"WebPage","@id":"https:\/\/osaka.ma\/ru\/product\/pc-gamer-ryzen-5-3600-16gb-256gb-rx-580\/","url":"https:\/\/osaka.ma\/ru\/product\/pc-gamer-ryzen-5-3600-16gb-256gb-rx-580\/","name":"PC GAMER Ryzen 5 3600\/16GB\/256GB\/RX 580 - Osaka","isPartOf":{"@id":"https:\/\/osaka.ma\/#website"},"primaryImageOfPage":{"@id":"https:\/\/osaka.ma\/ru\/product\/pc-gamer-ryzen-5-3600-16gb-256gb-rx-580\/#primaryimage"},"image":{"@id":"https:\/\/osaka.ma\/ru\/product\/pc-gamer-ryzen-5-3600-16gb-256gb-rx-580\/#primaryimage"},"thumbnailUrl":"https:\/\/osaka.ma\/wp-content\/uploads\/2024\/02\/BOITIER-GAMER-RGB-4FAN-AVEC-CONTROLLER-PC-MAROC-SETUP-GAMING.png","datePublished":"2024-02-27T17:08:27+00:00","dateModified":"2024-12-18T15:35:47+00:00","breadcrumb":{"@id":"https:\/\/osaka.ma\/ru\/product\/pc-gamer-ryzen-5-3600-16gb-256gb-rx-580\/#breadcrumb"},"inLanguage":"es-ES","potentialAction":[{"@type":"ReadAction","target":["https:\/\/osaka.ma\/ru\/product\/pc-gamer-ryzen-5-3600-16gb-256gb-rx-580\/"]}]},{"@type":"ImageObject","inLanguage":"es-ES","@id":"https:\/\/osaka.ma\/ru\/product\/pc-gamer-ryzen-5-3600-16gb-256gb-rx-580\/#primaryimage","url":"https:\/\/osaka.ma\/wp-content\/uploads\/2024\/02\/BOITIER-GAMER-RGB-4FAN-AVEC-CONTROLLER-PC-MAROC-SETUP-GAMING.png","contentUrl":"https:\/\/osaka.ma\/wp-content\/uploads\/2024\/02\/BOITIER-GAMER-RGB-4FAN-AVEC-CONTROLLER-PC-MAROC-SETUP-GAMING.png","width":2160,"height":2160},{"@type":"BreadcrumbList","@id":"https:\/\/osaka.ma\/ru\/product\/pc-gamer-ryzen-5-3600-16gb-256gb-rx-580\/#breadcrumb","itemListElement":[{"@type":"ListItem","position":1,"name":"Home","item":"https:\/\/osaka.ma\/"},{"@type":"ListItem","position":2,"name":"Shop","item":"https:\/\/osaka.ma\/shop-2\/"},{"@type":"ListItem","position":3,"name":"PC GAMER Ryzen 5 3600\/16GB\/256GB\/RX 580"}]},{"@type":"WebSite","@id":"https:\/\/osaka.ma\/#website","url":"https:\/\/osaka.ma\/","name":"Osaka","description":"","publisher":{"@id":"https:\/\/osaka.ma\/#organization"},"potentialAction":[{"@type":"SearchAction","target":{"@type":"EntryPoint","urlTemplate":"https:\/\/osaka.ma\/?s={search_term_string}"},"query-input":{"@type":"PropertyValueSpecification","valueRequired":true,"valueName":"search_term_string"}}],"inLanguage":"es-ES"},{"@type":"Organization","@id":"https:\/\/osaka.ma\/#organization","name":"Osaka","url":"https:\/\/osaka.ma\/","logo":{"@type":"ImageObject","inLanguage":"es-ES","@id":"https:\/\/osaka.ma\/#\/schema\/logo\/image\/","url":"https:\/\/osaka.ma\/wp-content\/uploads\/2026\/01\/model-slogan-logo-2Plan-de-travail-1dksl-plus-finnn.png","contentUrl":"https:\/\/osaka.ma\/wp-content\/uploads\/2026\/01\/model-slogan-logo-2Plan-de-travail-1dksl-plus-finnn.png","width":842,"height":226,"caption":"Osaka"},"image":{"@id":"https:\/\/osaka.ma\/#\/schema\/logo\/image\/"}}]}},"jetpack_sharing_enabled":true,"brands":[],"_links":{"self":[{"href":"https:\/\/osaka.ma\/es\/wp-json\/wp\/v2\/product\/7432","targetHints":{"allow":["GET"]}}],"collection":[{"href":"https:\/\/osaka.ma\/es\/wp-json\/wp\/v2\/product"}],"about":[{"href":"https:\/\/osaka.ma\/es\/wp-json\/wp\/v2\/types\/product"}],"version-history":[{"count":0,"href":"https:\/\/osaka.ma\/es\/wp-json\/wp\/v2\/product\/7432\/revisions"}],"wp:featuredmedia":[{"embeddable":true,"href":"https:\/\/osaka.ma\/es\/wp-json\/wp\/v2\/media\/1008117"}],"wp:attachment":[{"href":"https:\/\/osaka.ma\/es\/wp-json\/wp\/v2\/media?parent=7432"}],"wp:term":[{"taxonomy":"pwb-brand","embeddable":true,"href":"https:\/\/osaka.ma\/es\/wp-json\/wp\/v2\/pwb-brand?post=7432"},{"taxonomy":"product_brand","embeddable":true,"href":"https:\/\/osaka.ma\/es\/wp-json\/wp\/v2\/product_brand?post=7432"},{"taxonomy":"product_cat","embeddable":true,"href":"https:\/\/osaka.ma\/es\/wp-json\/wp\/v2\/product_cat?post=7432"},{"taxonomy":"product_tag","embeddable":true,"href":"https:\/\/osaka.ma\/es\/wp-json\/wp\/v2\/product_tag?post=7432"},{"taxonomy":"pcb_component_type","embeddable":true,"href":"https:\/\/osaka.ma\/es\/wp-json\/wp\/v2\/pcb_component_type?post=7432"}],"curies":[{"name":"wp","href":"https:\/\/api.w.org\/{rel}","templated":true}]}}