{"id":7444,"date":"2024-02-28T10:42:24","date_gmt":"2024-02-28T10:42:24","guid":{"rendered":"https:\/\/osaka.ma\/?post_type=product&#038;p=7444"},"modified":"2024-12-18T15:35:48","modified_gmt":"2024-12-18T15:35:48","slug":"msi-katana-gf66-12ud-224it-i7-12700h-16gb-512gb-rtx3050ti-144hz","status":"publish","type":"product","link":"https:\/\/osaka.ma\/es\/product\/msi-katana-gf66-12ud-224it-i7-12700h-16gb-512gb-rtx3050ti-144hz\/","title":{"rendered":"MSI KATANA GF66 12UD-224IT I7-12700H\/16GB\/512GB\/RTX3050TI\/144Hz"},"content":{"rendered":"<p>Profitez d\u2019excellentes performances avec le PC portable GamerMSI KATANA GF66 12UD-224IT ! Cet ordinateur portable MSI offre un parfait confort de jeu gr\u00e2ce \u00e0 ses composants performants, son \u00e9cran de 15.6\u2033 Full HD 144 Hz, son clavier gamer r\u00e9tro\u00e9clair\u00e9 et son syst\u00e8me audio performant. Le PC portable MSI KATANA GF66 12UD-224IT \u00a0propose d\u2019excellentes performances gr\u00e2ce \u00e0 son processeur Intel\u00ae Core\u2122 i7-12700H, ses 16 Go de m\u00e9moire DDR4, sa puce graphique NVIDIA GeForce RTX 3050TI et son SSD M.2 PCIe de 512 Go.<\/p>\n","protected":false},"excerpt":{"rendered":"<p>Fiche Technique<\/p>\n<p>Processeur : INTEL\u00ae CORE\u2122 I7-12700H (24 Mo de cache, jusqu\u2019\u00e0 4,70 GHz)<\/p>\n<p>Stockage : 512GB SSD M.2 NVME<\/p>\n<p>Ram : 16GB RAM DDR4 3200MHz<\/p>\n<p>Carte Graphique : NVIDIA RTX 3050TI 4GB<\/p>\n<p>Ecran : 15.6\u2033 FHD 144Hz<\/p>\n<p>Etat : COMME NEUF SANS BOITE<\/p>\n","protected":false},"featured_media":1007446,"template":"","meta":{"_acf_changed":false},"pwb-brand":[],"product_brand":[],"product_cat":[122,121],"product_tag":[],"pcb_component_type":[],"class_list":{"0":"post-7444","1":"product","2":"type-product","3":"status-publish","4":"has-post-thumbnail","6":"product_cat-gaming","7":"product_cat-pc-portable","9":"first","10":"outofstock","11":"shipping-taxable","12":"product-type-simple"},"translation":{"provider":"WPGlobus","version":"3.0.2","language":"es","enabled_languages":["en","es","de","fr","ru"],"languages":{"en":{"title":true,"content":true,"excerpt":true},"es":{"title":false,"content":false,"excerpt":false},"de":{"title":false,"content":false,"excerpt":false},"fr":{"title":false,"content":false,"excerpt":false},"ru":{"title":false,"content":false,"excerpt":false}}},"acf":[],"yoast_head":"<!-- This site is optimized with the Yoast SEO plugin v27.2 - https:\/\/yoast.com\/product\/yoast-seo-wordpress\/ -->\n<title>MSI KATANA GF66 12UD-224IT I7-12700H\/16GB\/512GB\/RTX3050TI\/144Hz - Osaka<\/title>\n<meta name=\"robots\" content=\"index, follow, max-snippet:-1, max-image-preview:large, max-video-preview:-1\" \/>\n<link rel=\"canonical\" href=\"https:\/\/osaka.ma\/es\/product\/msi-katana-gf66-12ud-224it-i7-12700h-16gb-512gb-rtx3050ti-144hz\/\" \/>\n<meta property=\"og:locale\" content=\"es_ES\" \/>\n<meta property=\"og:type\" content=\"article\" \/>\n<meta property=\"og:title\" content=\"MSI KATANA GF66 12UD-224IT I7-12700H\/16GB\/512GB\/RTX3050TI\/144Hz - Osaka\" \/>\n<meta property=\"og:url\" content=\"https:\/\/osaka.ma\/es\/product\/msi-katana-gf66-12ud-224it-i7-12700h-16gb-512gb-rtx3050ti-144hz\/\" \/>\n<meta property=\"og:site_name\" content=\"Osaka\" \/>\n<meta property=\"article:modified_time\" content=\"2024-12-18T15:35:48+00:00\" \/>\n<meta property=\"og:image\" content=\"https:\/\/osaka.ma\/wp-content\/uploads\/2024\/02\/3-1.png\" \/>\n\t<meta property=\"og:image:width\" content=\"1080\" \/>\n\t<meta property=\"og:image:height\" content=\"1080\" \/>\n\t<meta property=\"og:image:type\" content=\"image\/png\" \/>\n<meta name=\"twitter:card\" content=\"summary_large_image\" \/>\n<script type=\"application\/ld+json\" class=\"yoast-schema-graph\">{\"@context\":\"https:\/\/schema.org\",\"@graph\":[{\"@type\":\"WebPage\",\"@id\":\"https:\/\/osaka.ma\/es\/product\/msi-katana-gf66-12ud-224it-i7-12700h-16gb-512gb-rtx3050ti-144hz\/\",\"url\":\"https:\/\/osaka.ma\/es\/product\/msi-katana-gf66-12ud-224it-i7-12700h-16gb-512gb-rtx3050ti-144hz\/\",\"name\":\"MSI KATANA GF66 12UD-224IT I7-12700H\/16GB\/512GB\/RTX3050TI\/144Hz - Osaka\",\"isPartOf\":{\"@id\":\"https:\/\/osaka.ma\/#website\"},\"primaryImageOfPage\":{\"@id\":\"https:\/\/osaka.ma\/es\/product\/msi-katana-gf66-12ud-224it-i7-12700h-16gb-512gb-rtx3050ti-144hz\/#primaryimage\"},\"image\":{\"@id\":\"https:\/\/osaka.ma\/es\/product\/msi-katana-gf66-12ud-224it-i7-12700h-16gb-512gb-rtx3050ti-144hz\/#primaryimage\"},\"thumbnailUrl\":\"https:\/\/osaka.ma\/wp-content\/uploads\/2024\/02\/3-1.png\",\"datePublished\":\"2024-02-28T10:42:24+00:00\",\"dateModified\":\"2024-12-18T15:35:48+00:00\",\"breadcrumb\":{\"@id\":\"https:\/\/osaka.ma\/es\/product\/msi-katana-gf66-12ud-224it-i7-12700h-16gb-512gb-rtx3050ti-144hz\/#breadcrumb\"},\"inLanguage\":\"es-ES\",\"potentialAction\":[{\"@type\":\"ReadAction\",\"target\":[\"https:\/\/osaka.ma\/es\/product\/msi-katana-gf66-12ud-224it-i7-12700h-16gb-512gb-rtx3050ti-144hz\/\"]}]},{\"@type\":\"ImageObject\",\"inLanguage\":\"es-ES\",\"@id\":\"https:\/\/osaka.ma\/es\/product\/msi-katana-gf66-12ud-224it-i7-12700h-16gb-512gb-rtx3050ti-144hz\/#primaryimage\",\"url\":\"https:\/\/osaka.ma\/wp-content\/uploads\/2024\/02\/3-1.png\",\"contentUrl\":\"https:\/\/osaka.ma\/wp-content\/uploads\/2024\/02\/3-1.png\",\"width\":1080,\"height\":1080},{\"@type\":\"BreadcrumbList\",\"@id\":\"https:\/\/osaka.ma\/es\/product\/msi-katana-gf66-12ud-224it-i7-12700h-16gb-512gb-rtx3050ti-144hz\/#breadcrumb\",\"itemListElement\":[{\"@type\":\"ListItem\",\"position\":1,\"name\":\"Home\",\"item\":\"https:\/\/osaka.ma\/\"},{\"@type\":\"ListItem\",\"position\":2,\"name\":\"Shop\",\"item\":\"https:\/\/osaka.ma\/shop-2\/\"},{\"@type\":\"ListItem\",\"position\":3,\"name\":\"MSI KATANA GF66 12UD-224IT I7-12700H\/16GB\/512GB\/RTX3050TI\/144Hz\"}]},{\"@type\":\"WebSite\",\"@id\":\"https:\/\/osaka.ma\/#website\",\"url\":\"https:\/\/osaka.ma\/\",\"name\":\"Osaka\",\"description\":\"\",\"publisher\":{\"@id\":\"https:\/\/osaka.ma\/#organization\"},\"potentialAction\":[{\"@type\":\"SearchAction\",\"target\":{\"@type\":\"EntryPoint\",\"urlTemplate\":\"https:\/\/osaka.ma\/?s={search_term_string}\"},\"query-input\":{\"@type\":\"PropertyValueSpecification\",\"valueRequired\":true,\"valueName\":\"search_term_string\"}}],\"inLanguage\":\"es-ES\"},{\"@type\":\"Organization\",\"@id\":\"https:\/\/osaka.ma\/#organization\",\"name\":\"Osaka\",\"url\":\"https:\/\/osaka.ma\/\",\"logo\":{\"@type\":\"ImageObject\",\"inLanguage\":\"es-ES\",\"@id\":\"https:\/\/osaka.ma\/#\/schema\/logo\/image\/\",\"url\":\"https:\/\/osaka.ma\/wp-content\/uploads\/2026\/01\/model-slogan-logo-2Plan-de-travail-1dksl-plus-finnn.png\",\"contentUrl\":\"https:\/\/osaka.ma\/wp-content\/uploads\/2026\/01\/model-slogan-logo-2Plan-de-travail-1dksl-plus-finnn.png\",\"width\":842,\"height\":226,\"caption\":\"Osaka\"},\"image\":{\"@id\":\"https:\/\/osaka.ma\/#\/schema\/logo\/image\/\"}}]}<\/script>\n<!-- \/ Yoast SEO plugin. -->","yoast_head_json":{"title":"MSI KATANA GF66 12UD-224IT I7-12700H\/16GB\/512GB\/RTX3050TI\/144Hz - Osaka","robots":{"index":"index","follow":"follow","max-snippet":"max-snippet:-1","max-image-preview":"max-image-preview:large","max-video-preview":"max-video-preview:-1"},"canonical":"https:\/\/osaka.ma\/es\/product\/msi-katana-gf66-12ud-224it-i7-12700h-16gb-512gb-rtx3050ti-144hz\/","og_locale":"es_ES","og_type":"article","og_title":"MSI KATANA GF66 12UD-224IT I7-12700H\/16GB\/512GB\/RTX3050TI\/144Hz - Osaka","og_url":"https:\/\/osaka.ma\/es\/product\/msi-katana-gf66-12ud-224it-i7-12700h-16gb-512gb-rtx3050ti-144hz\/","og_site_name":"Osaka","article_modified_time":"2024-12-18T15:35:48+00:00","og_image":[{"width":1080,"height":1080,"url":"https:\/\/osaka.ma\/wp-content\/uploads\/2024\/02\/3-1.png","type":"image\/png"}],"twitter_card":"summary_large_image","schema":{"@context":"https:\/\/schema.org","@graph":[{"@type":"WebPage","@id":"https:\/\/osaka.ma\/es\/product\/msi-katana-gf66-12ud-224it-i7-12700h-16gb-512gb-rtx3050ti-144hz\/","url":"https:\/\/osaka.ma\/es\/product\/msi-katana-gf66-12ud-224it-i7-12700h-16gb-512gb-rtx3050ti-144hz\/","name":"MSI KATANA GF66 12UD-224IT I7-12700H\/16GB\/512GB\/RTX3050TI\/144Hz - Osaka","isPartOf":{"@id":"https:\/\/osaka.ma\/#website"},"primaryImageOfPage":{"@id":"https:\/\/osaka.ma\/es\/product\/msi-katana-gf66-12ud-224it-i7-12700h-16gb-512gb-rtx3050ti-144hz\/#primaryimage"},"image":{"@id":"https:\/\/osaka.ma\/es\/product\/msi-katana-gf66-12ud-224it-i7-12700h-16gb-512gb-rtx3050ti-144hz\/#primaryimage"},"thumbnailUrl":"https:\/\/osaka.ma\/wp-content\/uploads\/2024\/02\/3-1.png","datePublished":"2024-02-28T10:42:24+00:00","dateModified":"2024-12-18T15:35:48+00:00","breadcrumb":{"@id":"https:\/\/osaka.ma\/es\/product\/msi-katana-gf66-12ud-224it-i7-12700h-16gb-512gb-rtx3050ti-144hz\/#breadcrumb"},"inLanguage":"es-ES","potentialAction":[{"@type":"ReadAction","target":["https:\/\/osaka.ma\/es\/product\/msi-katana-gf66-12ud-224it-i7-12700h-16gb-512gb-rtx3050ti-144hz\/"]}]},{"@type":"ImageObject","inLanguage":"es-ES","@id":"https:\/\/osaka.ma\/es\/product\/msi-katana-gf66-12ud-224it-i7-12700h-16gb-512gb-rtx3050ti-144hz\/#primaryimage","url":"https:\/\/osaka.ma\/wp-content\/uploads\/2024\/02\/3-1.png","contentUrl":"https:\/\/osaka.ma\/wp-content\/uploads\/2024\/02\/3-1.png","width":1080,"height":1080},{"@type":"BreadcrumbList","@id":"https:\/\/osaka.ma\/es\/product\/msi-katana-gf66-12ud-224it-i7-12700h-16gb-512gb-rtx3050ti-144hz\/#breadcrumb","itemListElement":[{"@type":"ListItem","position":1,"name":"Home","item":"https:\/\/osaka.ma\/"},{"@type":"ListItem","position":2,"name":"Shop","item":"https:\/\/osaka.ma\/shop-2\/"},{"@type":"ListItem","position":3,"name":"MSI KATANA GF66 12UD-224IT I7-12700H\/16GB\/512GB\/RTX3050TI\/144Hz"}]},{"@type":"WebSite","@id":"https:\/\/osaka.ma\/#website","url":"https:\/\/osaka.ma\/","name":"Osaka","description":"","publisher":{"@id":"https:\/\/osaka.ma\/#organization"},"potentialAction":[{"@type":"SearchAction","target":{"@type":"EntryPoint","urlTemplate":"https:\/\/osaka.ma\/?s={search_term_string}"},"query-input":{"@type":"PropertyValueSpecification","valueRequired":true,"valueName":"search_term_string"}}],"inLanguage":"es-ES"},{"@type":"Organization","@id":"https:\/\/osaka.ma\/#organization","name":"Osaka","url":"https:\/\/osaka.ma\/","logo":{"@type":"ImageObject","inLanguage":"es-ES","@id":"https:\/\/osaka.ma\/#\/schema\/logo\/image\/","url":"https:\/\/osaka.ma\/wp-content\/uploads\/2026\/01\/model-slogan-logo-2Plan-de-travail-1dksl-plus-finnn.png","contentUrl":"https:\/\/osaka.ma\/wp-content\/uploads\/2026\/01\/model-slogan-logo-2Plan-de-travail-1dksl-plus-finnn.png","width":842,"height":226,"caption":"Osaka"},"image":{"@id":"https:\/\/osaka.ma\/#\/schema\/logo\/image\/"}}]}},"jetpack_sharing_enabled":true,"brands":[],"_links":{"self":[{"href":"https:\/\/osaka.ma\/es\/wp-json\/wp\/v2\/product\/7444","targetHints":{"allow":["GET"]}}],"collection":[{"href":"https:\/\/osaka.ma\/es\/wp-json\/wp\/v2\/product"}],"about":[{"href":"https:\/\/osaka.ma\/es\/wp-json\/wp\/v2\/types\/product"}],"version-history":[{"count":0,"href":"https:\/\/osaka.ma\/es\/wp-json\/wp\/v2\/product\/7444\/revisions"}],"wp:featuredmedia":[{"embeddable":true,"href":"https:\/\/osaka.ma\/es\/wp-json\/wp\/v2\/media\/1007446"}],"wp:attachment":[{"href":"https:\/\/osaka.ma\/es\/wp-json\/wp\/v2\/media?parent=7444"}],"wp:term":[{"taxonomy":"pwb-brand","embeddable":true,"href":"https:\/\/osaka.ma\/es\/wp-json\/wp\/v2\/pwb-brand?post=7444"},{"taxonomy":"product_brand","embeddable":true,"href":"https:\/\/osaka.ma\/es\/wp-json\/wp\/v2\/product_brand?post=7444"},{"taxonomy":"product_cat","embeddable":true,"href":"https:\/\/osaka.ma\/es\/wp-json\/wp\/v2\/product_cat?post=7444"},{"taxonomy":"product_tag","embeddable":true,"href":"https:\/\/osaka.ma\/es\/wp-json\/wp\/v2\/product_tag?post=7444"},{"taxonomy":"pcb_component_type","embeddable":true,"href":"https:\/\/osaka.ma\/es\/wp-json\/wp\/v2\/pcb_component_type?post=7444"}],"curies":[{"name":"wp","href":"https:\/\/api.w.org\/{rel}","templated":true}]}}