{"id":7513,"date":"2024-03-01T09:56:06","date_gmt":"2024-03-01T09:56:06","guid":{"rendered":"https:\/\/osaka.ma\/?post_type=product&#038;p=7513"},"modified":"2024-12-18T15:35:48","modified_gmt":"2024-12-18T15:35:48","slug":"msi-optix-g272qpf-27-170hz-ips-2k","status":"publish","type":"product","link":"https:\/\/osaka.ma\/es\/product\/msi-optix-g272qpf-27-170hz-ips-2k\/","title":{"rendered":"MSI Optix G272QPF 27 170Hz IPS 2K"},"content":{"rendered":"<div class=\"pic\">\n<div id=\"productphoto\" data-ean=\"\" data-language=\"fr\">\n<div class=\"zoom\">\n<p>Rapide, pr\u00e9cis et proposant des couleurs lumineuses et fid\u00e8les, le\u00a0moniteur gaming MSI G272QPF\u00a0\u00a0vous accompagnera id\u00e9alement dans votre qu\u00eate de la victoire. Arm\u00e9 d&#8217;une dalle Rapid IPS, ce mod\u00e8le associera avec efficacit\u00e9 des qualit\u00e9s de jeu et un rendu visuel \u00e9lev\u00e9. Profitez ainsi d&#8217;une r\u00e9solution WQHD (2560 x 1440) HDR Ready et caract\u00e9ristiques techniques id\u00e9ales pour les joueurs (1 ms, 170 Hz..). Mais ses forces ne s&#8217;arr\u00eatent pas l\u00e0 ! Vous retrouverez \u00e9galement une connectique compl\u00e8te avec ports HDMI et DP , un ajustement pratique de la position (hauteur, pivot, rotation) et un confort oculaire des plus agr\u00e9ables.<\/p>\n<p>&nbsp;<\/p>\n<p>&nbsp;<\/p>\n<p>&nbsp;<\/p>\n<\/div>\n<\/div>\n<\/div>\n<div class=\"description\">\n<p class=\"desc\">\n<\/div>\n","protected":false},"excerpt":{"rendered":"<div class=\"pic\">\n<h2 class=\"product-details-title h4 py-2\"><strong>\u00a0Fiche technique:<\/strong><\/h2>\n<dl class=\"data-sheet d-flex flex-wrap justify-content-between m-0\">\n<dt class=\"name mb-1 p-2\">Technologie de dalle : IPS<br \/>\nTaille: 27 pouces<br \/>\nR\u00e9solution: 2560 x 1440 pixels (2K)<br \/>\nFr\u00e9quence verticale maxi : 170 Hz<br \/>\nTemps de r\u00e9ponse :1 ms<br \/>\nEntr\u00e9es vid\u00e9o : 1 X DisplayPort Femelle, 2 X HDMI Femelle<\/dt>\n<\/dl>\n<\/div>\n","protected":false},"featured_media":1007518,"template":"","meta":{"_acf_changed":false},"pwb-brand":[],"product_brand":[],"product_cat":[62,58],"product_tag":[],"pcb_component_type":[],"class_list":{"0":"post-7513","1":"product","2":"type-product","3":"status-publish","4":"has-post-thumbnail","6":"product_cat-27-pouce","7":"product_cat-ecrans-et-moniteurs-pc","9":"first","10":"outofstock","11":"shipping-taxable","12":"product-type-simple"},"translation":{"provider":"WPGlobus","version":"3.0.2","language":"es","enabled_languages":["en","es","de","fr","ru"],"languages":{"en":{"title":true,"content":true,"excerpt":true},"es":{"title":false,"content":false,"excerpt":false},"de":{"title":false,"content":false,"excerpt":false},"fr":{"title":false,"content":false,"excerpt":false},"ru":{"title":false,"content":false,"excerpt":false}}},"acf":[],"yoast_head":"<!-- This site is optimized with the Yoast SEO plugin v27.2 - https:\/\/yoast.com\/product\/yoast-seo-wordpress\/ -->\n<title>MSI Optix G272QPF 27 170Hz IPS 2K - Osaka<\/title>\n<meta name=\"robots\" content=\"index, follow, max-snippet:-1, max-image-preview:large, max-video-preview:-1\" \/>\n<link rel=\"canonical\" href=\"https:\/\/osaka.ma\/fr\/product\/msi-optix-g272qpf-27-170hz-ips-2k\/\" \/>\n<meta property=\"og:locale\" content=\"es_ES\" \/>\n<meta property=\"og:type\" content=\"article\" \/>\n<meta property=\"og:title\" content=\"MSI Optix G272QPF 27 170Hz IPS 2K - Osaka\" \/>\n<meta property=\"og:url\" content=\"https:\/\/osaka.ma\/fr\/product\/msi-optix-g272qpf-27-170hz-ips-2k\/\" \/>\n<meta property=\"og:site_name\" content=\"Osaka\" \/>\n<meta property=\"article:modified_time\" content=\"2024-12-18T15:35:48+00:00\" \/>\n<meta property=\"og:image\" content=\"https:\/\/osaka.ma\/wp-content\/uploads\/2024\/03\/msi-optix-g27cq4-e2-27-170hz-1ms-2560-x-1440-Pc-Gamer-Casa-Maroc-2-1.jpg\" \/>\n\t<meta property=\"og:image:width\" content=\"700\" \/>\n\t<meta property=\"og:image:height\" content=\"869\" \/>\n\t<meta property=\"og:image:type\" content=\"image\/jpeg\" \/>\n<meta name=\"twitter:card\" content=\"summary_large_image\" \/>\n<meta name=\"twitter:label1\" content=\"Est. reading time\" \/>\n\t<meta name=\"twitter:data1\" content=\"1 minute\" \/>\n<script type=\"application\/ld+json\" class=\"yoast-schema-graph\">{\"@context\":\"https:\/\/schema.org\",\"@graph\":[{\"@type\":\"WebPage\",\"@id\":\"https:\/\/osaka.ma\/fr\/product\/msi-optix-g272qpf-27-170hz-ips-2k\/\",\"url\":\"https:\/\/osaka.ma\/fr\/product\/msi-optix-g272qpf-27-170hz-ips-2k\/\",\"name\":\"MSI Optix G272QPF 27 170Hz IPS 2K - Osaka\",\"isPartOf\":{\"@id\":\"https:\/\/osaka.ma\/#website\"},\"primaryImageOfPage\":{\"@id\":\"https:\/\/osaka.ma\/fr\/product\/msi-optix-g272qpf-27-170hz-ips-2k\/#primaryimage\"},\"image\":{\"@id\":\"https:\/\/osaka.ma\/fr\/product\/msi-optix-g272qpf-27-170hz-ips-2k\/#primaryimage\"},\"thumbnailUrl\":\"https:\/\/osaka.ma\/wp-content\/uploads\/2024\/03\/msi-optix-g27cq4-e2-27-170hz-1ms-2560-x-1440-Pc-Gamer-Casa-Maroc-2-1.jpg\",\"datePublished\":\"2024-03-01T09:56:06+00:00\",\"dateModified\":\"2024-12-18T15:35:48+00:00\",\"breadcrumb\":{\"@id\":\"https:\/\/osaka.ma\/fr\/product\/msi-optix-g272qpf-27-170hz-ips-2k\/#breadcrumb\"},\"inLanguage\":\"es-ES\",\"potentialAction\":[{\"@type\":\"ReadAction\",\"target\":[\"https:\/\/osaka.ma\/fr\/product\/msi-optix-g272qpf-27-170hz-ips-2k\/\"]}]},{\"@type\":\"ImageObject\",\"inLanguage\":\"es-ES\",\"@id\":\"https:\/\/osaka.ma\/fr\/product\/msi-optix-g272qpf-27-170hz-ips-2k\/#primaryimage\",\"url\":\"https:\/\/osaka.ma\/wp-content\/uploads\/2024\/03\/msi-optix-g27cq4-e2-27-170hz-1ms-2560-x-1440-Pc-Gamer-Casa-Maroc-2-1.jpg\",\"contentUrl\":\"https:\/\/osaka.ma\/wp-content\/uploads\/2024\/03\/msi-optix-g27cq4-e2-27-170hz-1ms-2560-x-1440-Pc-Gamer-Casa-Maroc-2-1.jpg\",\"width\":700,\"height\":869},{\"@type\":\"BreadcrumbList\",\"@id\":\"https:\/\/osaka.ma\/fr\/product\/msi-optix-g272qpf-27-170hz-ips-2k\/#breadcrumb\",\"itemListElement\":[{\"@type\":\"ListItem\",\"position\":1,\"name\":\"Home\",\"item\":\"https:\/\/osaka.ma\/\"},{\"@type\":\"ListItem\",\"position\":2,\"name\":\"Shop\",\"item\":\"https:\/\/osaka.ma\/shop-2\/\"},{\"@type\":\"ListItem\",\"position\":3,\"name\":\"MSI Optix G272QPF 27 170Hz IPS 2K\"}]},{\"@type\":\"WebSite\",\"@id\":\"https:\/\/osaka.ma\/#website\",\"url\":\"https:\/\/osaka.ma\/\",\"name\":\"Osaka\",\"description\":\"\",\"publisher\":{\"@id\":\"https:\/\/osaka.ma\/#organization\"},\"potentialAction\":[{\"@type\":\"SearchAction\",\"target\":{\"@type\":\"EntryPoint\",\"urlTemplate\":\"https:\/\/osaka.ma\/?s={search_term_string}\"},\"query-input\":{\"@type\":\"PropertyValueSpecification\",\"valueRequired\":true,\"valueName\":\"search_term_string\"}}],\"inLanguage\":\"es-ES\"},{\"@type\":\"Organization\",\"@id\":\"https:\/\/osaka.ma\/#organization\",\"name\":\"Osaka\",\"url\":\"https:\/\/osaka.ma\/\",\"logo\":{\"@type\":\"ImageObject\",\"inLanguage\":\"es-ES\",\"@id\":\"https:\/\/osaka.ma\/#\/schema\/logo\/image\/\",\"url\":\"https:\/\/osaka.ma\/wp-content\/uploads\/2026\/01\/model-slogan-logo-2Plan-de-travail-1dksl-plus-finnn.png\",\"contentUrl\":\"https:\/\/osaka.ma\/wp-content\/uploads\/2026\/01\/model-slogan-logo-2Plan-de-travail-1dksl-plus-finnn.png\",\"width\":842,\"height\":226,\"caption\":\"Osaka\"},\"image\":{\"@id\":\"https:\/\/osaka.ma\/#\/schema\/logo\/image\/\"}}]}<\/script>\n<!-- \/ Yoast SEO plugin. -->","yoast_head_json":{"title":"MSI Optix G272QPF 27 170Hz IPS 2K - Osaka","robots":{"index":"index","follow":"follow","max-snippet":"max-snippet:-1","max-image-preview":"max-image-preview:large","max-video-preview":"max-video-preview:-1"},"canonical":"https:\/\/osaka.ma\/fr\/product\/msi-optix-g272qpf-27-170hz-ips-2k\/","og_locale":"es_ES","og_type":"article","og_title":"MSI Optix G272QPF 27 170Hz IPS 2K - Osaka","og_url":"https:\/\/osaka.ma\/fr\/product\/msi-optix-g272qpf-27-170hz-ips-2k\/","og_site_name":"Osaka","article_modified_time":"2024-12-18T15:35:48+00:00","og_image":[{"width":700,"height":869,"url":"https:\/\/osaka.ma\/wp-content\/uploads\/2024\/03\/msi-optix-g27cq4-e2-27-170hz-1ms-2560-x-1440-Pc-Gamer-Casa-Maroc-2-1.jpg","type":"image\/jpeg"}],"twitter_card":"summary_large_image","twitter_misc":{"Est. reading time":"1 minute"},"schema":{"@context":"https:\/\/schema.org","@graph":[{"@type":"WebPage","@id":"https:\/\/osaka.ma\/fr\/product\/msi-optix-g272qpf-27-170hz-ips-2k\/","url":"https:\/\/osaka.ma\/fr\/product\/msi-optix-g272qpf-27-170hz-ips-2k\/","name":"MSI Optix G272QPF 27 170Hz IPS 2K - Osaka","isPartOf":{"@id":"https:\/\/osaka.ma\/#website"},"primaryImageOfPage":{"@id":"https:\/\/osaka.ma\/fr\/product\/msi-optix-g272qpf-27-170hz-ips-2k\/#primaryimage"},"image":{"@id":"https:\/\/osaka.ma\/fr\/product\/msi-optix-g272qpf-27-170hz-ips-2k\/#primaryimage"},"thumbnailUrl":"https:\/\/osaka.ma\/wp-content\/uploads\/2024\/03\/msi-optix-g27cq4-e2-27-170hz-1ms-2560-x-1440-Pc-Gamer-Casa-Maroc-2-1.jpg","datePublished":"2024-03-01T09:56:06+00:00","dateModified":"2024-12-18T15:35:48+00:00","breadcrumb":{"@id":"https:\/\/osaka.ma\/fr\/product\/msi-optix-g272qpf-27-170hz-ips-2k\/#breadcrumb"},"inLanguage":"es-ES","potentialAction":[{"@type":"ReadAction","target":["https:\/\/osaka.ma\/fr\/product\/msi-optix-g272qpf-27-170hz-ips-2k\/"]}]},{"@type":"ImageObject","inLanguage":"es-ES","@id":"https:\/\/osaka.ma\/fr\/product\/msi-optix-g272qpf-27-170hz-ips-2k\/#primaryimage","url":"https:\/\/osaka.ma\/wp-content\/uploads\/2024\/03\/msi-optix-g27cq4-e2-27-170hz-1ms-2560-x-1440-Pc-Gamer-Casa-Maroc-2-1.jpg","contentUrl":"https:\/\/osaka.ma\/wp-content\/uploads\/2024\/03\/msi-optix-g27cq4-e2-27-170hz-1ms-2560-x-1440-Pc-Gamer-Casa-Maroc-2-1.jpg","width":700,"height":869},{"@type":"BreadcrumbList","@id":"https:\/\/osaka.ma\/fr\/product\/msi-optix-g272qpf-27-170hz-ips-2k\/#breadcrumb","itemListElement":[{"@type":"ListItem","position":1,"name":"Home","item":"https:\/\/osaka.ma\/"},{"@type":"ListItem","position":2,"name":"Shop","item":"https:\/\/osaka.ma\/shop-2\/"},{"@type":"ListItem","position":3,"name":"MSI Optix G272QPF 27 170Hz IPS 2K"}]},{"@type":"WebSite","@id":"https:\/\/osaka.ma\/#website","url":"https:\/\/osaka.ma\/","name":"Osaka","description":"","publisher":{"@id":"https:\/\/osaka.ma\/#organization"},"potentialAction":[{"@type":"SearchAction","target":{"@type":"EntryPoint","urlTemplate":"https:\/\/osaka.ma\/?s={search_term_string}"},"query-input":{"@type":"PropertyValueSpecification","valueRequired":true,"valueName":"search_term_string"}}],"inLanguage":"es-ES"},{"@type":"Organization","@id":"https:\/\/osaka.ma\/#organization","name":"Osaka","url":"https:\/\/osaka.ma\/","logo":{"@type":"ImageObject","inLanguage":"es-ES","@id":"https:\/\/osaka.ma\/#\/schema\/logo\/image\/","url":"https:\/\/osaka.ma\/wp-content\/uploads\/2026\/01\/model-slogan-logo-2Plan-de-travail-1dksl-plus-finnn.png","contentUrl":"https:\/\/osaka.ma\/wp-content\/uploads\/2026\/01\/model-slogan-logo-2Plan-de-travail-1dksl-plus-finnn.png","width":842,"height":226,"caption":"Osaka"},"image":{"@id":"https:\/\/osaka.ma\/#\/schema\/logo\/image\/"}}]}},"jetpack_sharing_enabled":true,"brands":[],"_links":{"self":[{"href":"https:\/\/osaka.ma\/es\/wp-json\/wp\/v2\/product\/7513","targetHints":{"allow":["GET"]}}],"collection":[{"href":"https:\/\/osaka.ma\/es\/wp-json\/wp\/v2\/product"}],"about":[{"href":"https:\/\/osaka.ma\/es\/wp-json\/wp\/v2\/types\/product"}],"version-history":[{"count":0,"href":"https:\/\/osaka.ma\/es\/wp-json\/wp\/v2\/product\/7513\/revisions"}],"wp:featuredmedia":[{"embeddable":true,"href":"https:\/\/osaka.ma\/es\/wp-json\/wp\/v2\/media\/1007518"}],"wp:attachment":[{"href":"https:\/\/osaka.ma\/es\/wp-json\/wp\/v2\/media?parent=7513"}],"wp:term":[{"taxonomy":"pwb-brand","embeddable":true,"href":"https:\/\/osaka.ma\/es\/wp-json\/wp\/v2\/pwb-brand?post=7513"},{"taxonomy":"product_brand","embeddable":true,"href":"https:\/\/osaka.ma\/es\/wp-json\/wp\/v2\/product_brand?post=7513"},{"taxonomy":"product_cat","embeddable":true,"href":"https:\/\/osaka.ma\/es\/wp-json\/wp\/v2\/product_cat?post=7513"},{"taxonomy":"product_tag","embeddable":true,"href":"https:\/\/osaka.ma\/es\/wp-json\/wp\/v2\/product_tag?post=7513"},{"taxonomy":"pcb_component_type","embeddable":true,"href":"https:\/\/osaka.ma\/es\/wp-json\/wp\/v2\/pcb_component_type?post=7513"}],"curies":[{"name":"wp","href":"https:\/\/api.w.org\/{rel}","templated":true}]}}