{"id":8186,"date":"2024-04-03T14:40:01","date_gmt":"2024-04-03T14:40:01","guid":{"rendered":"https:\/\/osaka.ma\/?post_type=product&#038;p=8186"},"modified":"2025-04-09T20:08:56","modified_gmt":"2025-04-09T20:08:56","slug":"32gb-8x4-corsair-rs-rgb-3600mhz","status":"publish","type":"product","link":"https:\/\/osaka.ma\/es\/product\/32gb-8x4-corsair-rs-rgb-3600mhz\/","title":{"rendered":"32GB (8&#215;4) CORSAIR RS RGB 3600MHZ"},"content":{"rendered":"<p>La m\u00e9moire RAM DDR4 Corsair Vengeance RGB RS renforce l&#8217;esth\u00e9tique de votre PC tout en offrant des performances exceptionnelles. Un PCB personnalis\u00e9 offre une qualit\u00e9 de signal \u00e9lev\u00e9e pour des performances et une stabilit\u00e9 exceptionnelles sur les derni\u00e8res cartes m\u00e8res Intel et AMD DDR4.<\/p>\n<p>Corsair Vengeance RGB RS : RAM DDR4 ARGB aux performances exceptionnelles<br \/>\nLa m\u00e9moire RAM DDR4 Corsair Vengeance RGB RS renforce l\u2019esth\u00e9tique de votre PC tout en offrant des performances exceptionnelles. Un PCB personnalis\u00e9 offre une qualit\u00e9 de signal \u00e9lev\u00e9e pour des performances et une stabilit\u00e9 exceptionnelles sur les derni\u00e8res cartes m\u00e8res Intel et AMD DDR4, tandis que les puces de m\u00e9moire sl\u00e9ectionn\u00e9es d\u00e9bloquent un potentiel d\u2019overclocking sup\u00e9rieur. Illuminez votre syst\u00e8me avec un \u00e9clairage RGB dynamique \u00e0 partir de six LED adressables individuellement.<\/p>\n<p><img fetchpriority=\"high\" decoding=\"async\" class=\"\" src=\"https:\/\/media.ldlc.com\/bo\/images\/fiches\/ram\/corsair\/corsair_vengeance_rgb_rs.jpg\" width=\"637\" height=\"398\" \/><\/p>\n<p>Avec le logiciel Corsair iCUE vous prenez le contr\u00f4le et vous personnalisez l\u2019\u00e9clairage ARGB pour qu\u2019il corresponde \u00e0 votre configuration. Cr\u00e9ez des profils d\u2019\u00e9clairage personnalis\u00e9s et synchronisez-vous avec tous les appareils compatibles iCUE dans l\u2019ensemble de l\u2019\u00e9cosyst\u00e8me iCUE.<\/p>\n<p><img decoding=\"async\" class=\"\" src=\"https:\/\/media.ldlc.com\/v3\/specs\/17161.gif\" alt=\"Corsair iCUE\" width=\"112\" height=\"112\" \/><\/p>\n<p>RADIATEUR ALUMINIUM ET R\u00c9TRO\u00c9CLAIRAGE ARGB PERSONNALIS\u00c9<br \/>\nPuces m\u00e9moire soigneusement s\u00e9lectionn\u00e9es pour un potentiel d\u2019overclocking \u00e9lev\u00e9<br \/>\nPrenez le contr\u00f4le avec le logiciel Corsair iCUE et synchronisez l\u2019\u00e9clairage avec d\u2019autres produits Corsair RGB dans l\u2019ensemble de l\u2019\u00e9cosyst\u00e8me iCUE.<br \/>\nIlluminez votre syst\u00e8me avec un \u00e9clairage ARGB dynamique \u00e0 six LEDs<br \/>\nChoisissez parmi des dizaines de profils d\u2019\u00e9clairage pr\u00e9d\u00e9finis ou cr\u00e9ez le v\u00f4tre<br \/>\nOptimis\u00e9 pour des performances exceptionnelles sur les derni\u00e8res cartes m\u00e8res Intel et AMD DDR4<br \/>\nDissipateur de chaleur en aluminium qui conduit la chaleur loin de votre m\u00e9moire<\/p>\n<p>&nbsp;<\/p>\n","protected":false},"excerpt":{"rendered":"<h3 class=\"product-title\"><span style=\"font-size: 16px;\">CARACT\u00c9RISTIQUES PRINCIPALES :<\/span><\/h3>\n<ul>\n<li><span class=\"description\"><strong>32 Go<\/strong> (8x 4 Go) DD<\/span>R4\u00a0PC4-25600<\/li>\n<li><span class=\"description\">Fr\u00e9quence : <strong>36<\/strong><strong>00 MHz<\/strong><\/span><\/li>\n<li><span class=\"description\">Latences :\u00a0<strong>CL18<\/strong><\/span><\/li>\n<li><span class=\"description\">Tension : 1.25V<\/span><\/li>\n<li><span class=\"description\">Hautes performances, haute compatibilit\u00e9\u00a0<\/span><\/li>\n<\/ul>\n<p>&nbsp;<\/p>\n","protected":false},"featured_media":1008188,"template":"","meta":{"_acf_changed":false},"pwb-brand":[],"product_brand":[78],"product_cat":[17,19,18],"product_tag":[],"pcb_component_type":[],"class_list":{"0":"post-8186","1":"product","2":"type-product","3":"status-publish","4":"has-post-thumbnail","6":"product_brand-corsair","7":"product_cat-composants-gaming","8":"product_cat-ddr4","9":"product_cat-ram","11":"first","12":"outofstock","13":"shipping-taxable","14":"product-type-simple"},"translation":{"provider":"WPGlobus","version":"3.0.2","language":"es","enabled_languages":["en","es","de","fr","ru"],"languages":{"en":{"title":true,"content":true,"excerpt":true},"es":{"title":false,"content":false,"excerpt":false},"de":{"title":false,"content":false,"excerpt":false},"fr":{"title":false,"content":false,"excerpt":false},"ru":{"title":false,"content":false,"excerpt":false}}},"acf":[],"yoast_head":"<!-- This site is optimized with the Yoast SEO plugin v27.2 - https:\/\/yoast.com\/product\/yoast-seo-wordpress\/ -->\n<title>32GB (8x4) CORSAIR RS RGB 3600MHZ - Osaka<\/title>\n<meta name=\"robots\" content=\"index, follow, max-snippet:-1, max-image-preview:large, max-video-preview:-1\" \/>\n<link rel=\"canonical\" href=\"https:\/\/osaka.ma\/product\/32gb-8x4-corsair-rs-rgb-3600mhz\/\" \/>\n<meta property=\"og:locale\" content=\"es_ES\" \/>\n<meta property=\"og:type\" content=\"article\" \/>\n<meta property=\"og:title\" content=\"32GB (8x4) CORSAIR RS RGB 3600MHZ - Osaka\" \/>\n<meta property=\"og:url\" content=\"https:\/\/osaka.ma\/product\/32gb-8x4-corsair-rs-rgb-3600mhz\/\" \/>\n<meta property=\"og:site_name\" content=\"Osaka\" \/>\n<meta property=\"article:modified_time\" content=\"2025-04-09T20:08:56+00:00\" \/>\n<meta property=\"og:image\" content=\"https:\/\/osaka.ma\/wp-content\/uploads\/2024\/04\/LD0005874112_1_0005874116.jpg\" \/>\n\t<meta property=\"og:image:width\" content=\"1600\" \/>\n\t<meta property=\"og:image:height\" content=\"1600\" \/>\n\t<meta property=\"og:image:type\" content=\"image\/jpeg\" \/>\n<meta name=\"twitter:card\" content=\"summary_large_image\" \/>\n<meta name=\"twitter:label1\" content=\"Est. reading time\" \/>\n\t<meta name=\"twitter:data1\" content=\"2 minutes\" \/>\n<script type=\"application\/ld+json\" class=\"yoast-schema-graph\">{\"@context\":\"https:\/\/schema.org\",\"@graph\":[{\"@type\":\"WebPage\",\"@id\":\"https:\/\/osaka.ma\/product\/32gb-8x4-corsair-rs-rgb-3600mhz\/\",\"url\":\"https:\/\/osaka.ma\/product\/32gb-8x4-corsair-rs-rgb-3600mhz\/\",\"name\":\"32GB (8x4) CORSAIR RS RGB 3600MHZ - Osaka\",\"isPartOf\":{\"@id\":\"https:\/\/osaka.ma\/#website\"},\"primaryImageOfPage\":{\"@id\":\"https:\/\/osaka.ma\/product\/32gb-8x4-corsair-rs-rgb-3600mhz\/#primaryimage\"},\"image\":{\"@id\":\"https:\/\/osaka.ma\/product\/32gb-8x4-corsair-rs-rgb-3600mhz\/#primaryimage\"},\"thumbnailUrl\":\"https:\/\/osaka.ma\/wp-content\/uploads\/2024\/04\/LD0005874112_1_0005874116.jpg\",\"datePublished\":\"2024-04-03T14:40:01+00:00\",\"dateModified\":\"2025-04-09T20:08:56+00:00\",\"breadcrumb\":{\"@id\":\"https:\/\/osaka.ma\/product\/32gb-8x4-corsair-rs-rgb-3600mhz\/#breadcrumb\"},\"inLanguage\":\"es-ES\",\"potentialAction\":[{\"@type\":\"ReadAction\",\"target\":[\"https:\/\/osaka.ma\/product\/32gb-8x4-corsair-rs-rgb-3600mhz\/\"]}]},{\"@type\":\"ImageObject\",\"inLanguage\":\"es-ES\",\"@id\":\"https:\/\/osaka.ma\/product\/32gb-8x4-corsair-rs-rgb-3600mhz\/#primaryimage\",\"url\":\"https:\/\/osaka.ma\/wp-content\/uploads\/2024\/04\/LD0005874112_1_0005874116.jpg\",\"contentUrl\":\"https:\/\/osaka.ma\/wp-content\/uploads\/2024\/04\/LD0005874112_1_0005874116.jpg\",\"width\":1600,\"height\":1600},{\"@type\":\"BreadcrumbList\",\"@id\":\"https:\/\/osaka.ma\/product\/32gb-8x4-corsair-rs-rgb-3600mhz\/#breadcrumb\",\"itemListElement\":[{\"@type\":\"ListItem\",\"position\":1,\"name\":\"Home\",\"item\":\"https:\/\/osaka.ma\/\"},{\"@type\":\"ListItem\",\"position\":2,\"name\":\"Shop\",\"item\":\"https:\/\/osaka.ma\/shop-2\/\"},{\"@type\":\"ListItem\",\"position\":3,\"name\":\"32GB (8&#215;4) CORSAIR RS RGB 3600MHZ\"}]},{\"@type\":\"WebSite\",\"@id\":\"https:\/\/osaka.ma\/#website\",\"url\":\"https:\/\/osaka.ma\/\",\"name\":\"Osaka\",\"description\":\"\",\"publisher\":{\"@id\":\"https:\/\/osaka.ma\/#organization\"},\"potentialAction\":[{\"@type\":\"SearchAction\",\"target\":{\"@type\":\"EntryPoint\",\"urlTemplate\":\"https:\/\/osaka.ma\/?s={search_term_string}\"},\"query-input\":{\"@type\":\"PropertyValueSpecification\",\"valueRequired\":true,\"valueName\":\"search_term_string\"}}],\"inLanguage\":\"es-ES\"},{\"@type\":\"Organization\",\"@id\":\"https:\/\/osaka.ma\/#organization\",\"name\":\"Osaka\",\"url\":\"https:\/\/osaka.ma\/\",\"logo\":{\"@type\":\"ImageObject\",\"inLanguage\":\"es-ES\",\"@id\":\"https:\/\/osaka.ma\/#\/schema\/logo\/image\/\",\"url\":\"https:\/\/osaka.ma\/wp-content\/uploads\/2026\/01\/model-slogan-logo-2Plan-de-travail-1dksl-plus-finnn.png\",\"contentUrl\":\"https:\/\/osaka.ma\/wp-content\/uploads\/2026\/01\/model-slogan-logo-2Plan-de-travail-1dksl-plus-finnn.png\",\"width\":842,\"height\":226,\"caption\":\"Osaka\"},\"image\":{\"@id\":\"https:\/\/osaka.ma\/#\/schema\/logo\/image\/\"}}]}<\/script>\n<!-- \/ Yoast SEO plugin. -->","yoast_head_json":{"title":"32GB (8x4) CORSAIR RS RGB 3600MHZ - Osaka","robots":{"index":"index","follow":"follow","max-snippet":"max-snippet:-1","max-image-preview":"max-image-preview:large","max-video-preview":"max-video-preview:-1"},"canonical":"https:\/\/osaka.ma\/product\/32gb-8x4-corsair-rs-rgb-3600mhz\/","og_locale":"es_ES","og_type":"article","og_title":"32GB (8x4) CORSAIR RS RGB 3600MHZ - Osaka","og_url":"https:\/\/osaka.ma\/product\/32gb-8x4-corsair-rs-rgb-3600mhz\/","og_site_name":"Osaka","article_modified_time":"2025-04-09T20:08:56+00:00","og_image":[{"width":1600,"height":1600,"url":"https:\/\/osaka.ma\/wp-content\/uploads\/2024\/04\/LD0005874112_1_0005874116.jpg","type":"image\/jpeg"}],"twitter_card":"summary_large_image","twitter_misc":{"Est. reading time":"2 minutes"},"schema":{"@context":"https:\/\/schema.org","@graph":[{"@type":"WebPage","@id":"https:\/\/osaka.ma\/product\/32gb-8x4-corsair-rs-rgb-3600mhz\/","url":"https:\/\/osaka.ma\/product\/32gb-8x4-corsair-rs-rgb-3600mhz\/","name":"32GB (8x4) CORSAIR RS RGB 3600MHZ - Osaka","isPartOf":{"@id":"https:\/\/osaka.ma\/#website"},"primaryImageOfPage":{"@id":"https:\/\/osaka.ma\/product\/32gb-8x4-corsair-rs-rgb-3600mhz\/#primaryimage"},"image":{"@id":"https:\/\/osaka.ma\/product\/32gb-8x4-corsair-rs-rgb-3600mhz\/#primaryimage"},"thumbnailUrl":"https:\/\/osaka.ma\/wp-content\/uploads\/2024\/04\/LD0005874112_1_0005874116.jpg","datePublished":"2024-04-03T14:40:01+00:00","dateModified":"2025-04-09T20:08:56+00:00","breadcrumb":{"@id":"https:\/\/osaka.ma\/product\/32gb-8x4-corsair-rs-rgb-3600mhz\/#breadcrumb"},"inLanguage":"es-ES","potentialAction":[{"@type":"ReadAction","target":["https:\/\/osaka.ma\/product\/32gb-8x4-corsair-rs-rgb-3600mhz\/"]}]},{"@type":"ImageObject","inLanguage":"es-ES","@id":"https:\/\/osaka.ma\/product\/32gb-8x4-corsair-rs-rgb-3600mhz\/#primaryimage","url":"https:\/\/osaka.ma\/wp-content\/uploads\/2024\/04\/LD0005874112_1_0005874116.jpg","contentUrl":"https:\/\/osaka.ma\/wp-content\/uploads\/2024\/04\/LD0005874112_1_0005874116.jpg","width":1600,"height":1600},{"@type":"BreadcrumbList","@id":"https:\/\/osaka.ma\/product\/32gb-8x4-corsair-rs-rgb-3600mhz\/#breadcrumb","itemListElement":[{"@type":"ListItem","position":1,"name":"Home","item":"https:\/\/osaka.ma\/"},{"@type":"ListItem","position":2,"name":"Shop","item":"https:\/\/osaka.ma\/shop-2\/"},{"@type":"ListItem","position":3,"name":"32GB (8&#215;4) CORSAIR RS RGB 3600MHZ"}]},{"@type":"WebSite","@id":"https:\/\/osaka.ma\/#website","url":"https:\/\/osaka.ma\/","name":"Osaka","description":"","publisher":{"@id":"https:\/\/osaka.ma\/#organization"},"potentialAction":[{"@type":"SearchAction","target":{"@type":"EntryPoint","urlTemplate":"https:\/\/osaka.ma\/?s={search_term_string}"},"query-input":{"@type":"PropertyValueSpecification","valueRequired":true,"valueName":"search_term_string"}}],"inLanguage":"es-ES"},{"@type":"Organization","@id":"https:\/\/osaka.ma\/#organization","name":"Osaka","url":"https:\/\/osaka.ma\/","logo":{"@type":"ImageObject","inLanguage":"es-ES","@id":"https:\/\/osaka.ma\/#\/schema\/logo\/image\/","url":"https:\/\/osaka.ma\/wp-content\/uploads\/2026\/01\/model-slogan-logo-2Plan-de-travail-1dksl-plus-finnn.png","contentUrl":"https:\/\/osaka.ma\/wp-content\/uploads\/2026\/01\/model-slogan-logo-2Plan-de-travail-1dksl-plus-finnn.png","width":842,"height":226,"caption":"Osaka"},"image":{"@id":"https:\/\/osaka.ma\/#\/schema\/logo\/image\/"}}]}},"jetpack_sharing_enabled":true,"brands":[],"_links":{"self":[{"href":"https:\/\/osaka.ma\/es\/wp-json\/wp\/v2\/product\/8186","targetHints":{"allow":["GET"]}}],"collection":[{"href":"https:\/\/osaka.ma\/es\/wp-json\/wp\/v2\/product"}],"about":[{"href":"https:\/\/osaka.ma\/es\/wp-json\/wp\/v2\/types\/product"}],"version-history":[{"count":0,"href":"https:\/\/osaka.ma\/es\/wp-json\/wp\/v2\/product\/8186\/revisions"}],"wp:featuredmedia":[{"embeddable":true,"href":"https:\/\/osaka.ma\/es\/wp-json\/wp\/v2\/media\/1008188"}],"wp:attachment":[{"href":"https:\/\/osaka.ma\/es\/wp-json\/wp\/v2\/media?parent=8186"}],"wp:term":[{"taxonomy":"pwb-brand","embeddable":true,"href":"https:\/\/osaka.ma\/es\/wp-json\/wp\/v2\/pwb-brand?post=8186"},{"taxonomy":"product_brand","embeddable":true,"href":"https:\/\/osaka.ma\/es\/wp-json\/wp\/v2\/product_brand?post=8186"},{"taxonomy":"product_cat","embeddable":true,"href":"https:\/\/osaka.ma\/es\/wp-json\/wp\/v2\/product_cat?post=8186"},{"taxonomy":"product_tag","embeddable":true,"href":"https:\/\/osaka.ma\/es\/wp-json\/wp\/v2\/product_tag?post=8186"},{"taxonomy":"pcb_component_type","embeddable":true,"href":"https:\/\/osaka.ma\/es\/wp-json\/wp\/v2\/pcb_component_type?post=8186"}],"curies":[{"name":"wp","href":"https:\/\/api.w.org\/{rel}","templated":true}]}}