{"id":8335,"date":"2024-04-09T16:29:22","date_gmt":"2024-04-09T16:29:22","guid":{"rendered":"https:\/\/osaka.ma\/?post_type=product&#038;p=8335"},"modified":"2025-02-05T11:35:21","modified_gmt":"2025-02-05T11:35:21","slug":"victus-by-hp-ryzen-7-7840hs-32gb-512gb-rtx4070-16-1-fhd-144hz","status":"publish","type":"product","link":"https:\/\/osaka.ma\/es\/product\/victus-by-hp-ryzen-7-7840hs-32gb-512gb-rtx4070-16-1-fhd-144hz\/","title":{"rendered":"VICTUS BY HP RYZEN 7 7840HS\/32GB\/512GB\/RTX4070\/16.1&#8243; FHD 144HZ"},"content":{"rendered":"<p>Le PC portable Gamer HP Victus 16-s0044nf combine avantageusement, mobilit\u00e9 et performances de jeu pour un prix abordable. Avec un CPU AMD ryzen 7 et un GPU NVIDIA GeForce RTX s\u00e9rie 4000 , il vous permettra de profiter de performances fluides et rapides avec un bon niveau de qualit\u00e9 graphique.<\/p>\n<ul>\n<li>\n<h2>CARACT\u00c9RISTIQUES PRINCIPALES :<\/h2>\n<\/li>\n<li><strong>CPU :<\/strong>\u00a0AMD Ryzen\u2122 7<strong>-7840HS<\/strong>\u00a0(8-Core 4.0 GHz \/ 5.1 GHz Turbo \u2013 16 Threads \u2013 Cache 16 Mo)<\/li>\n<li><strong>RAM :<\/strong> 32Gb DDR5 5200 MHz<\/li>\n<li><strong>Disque dur : 512<\/strong>GB SSD M.2 NVMe PCIe 4\u00ae<\/li>\n<li><strong>GPU :<\/strong>\u00a0NVIDIA\u00ae GeForce\u00ae\u00a0<strong>RTX<\/strong>\u2122\u00a0<strong>4070<\/strong>\u00a08 Go 140W GDDR6 VRAM<\/li>\n<li><strong>\u00c9cran :<\/strong> 16\u2033 FHD 1920&#215;1080 Anti-glare 144Hz IPS Slim<\/li>\n<li><strong>OS :<\/strong>\u00a0Windows 11 64Bit Pro<\/li>\n<li><strong>Communication sans fil performante :<\/strong>\u00a0Wi-Fi AX 6E + Bluetooth 5.2<\/li>\n<li>Dur\u00e9e de fonctionnement : Jusqu&#8217;\u00e0 7 heures et 45 minutes<\/li>\n<li><strong>Webcam FHD 1920 x 1080 pixels<\/strong><\/li>\n<li>Neuf sans emballage Avec Garantie HP<\/li>\n<\/ul>\n<p>&nbsp;<\/p>\n<h2 class=\"h2-master\">Performances de jeu \u00e0 prix optimis\u00e9<\/h2>\n<section>Le\u00a0<strong>PC portable Gamer HP Victus 16-s0044nf <\/strong>combine avantageusement, mobilit\u00e9 et performances de jeu pour un prix abordable. Avec un\u00a0<strong>processeur AMD ryzen 7 7840HS<\/strong>\u00a0et une\u00a0<strong>puce graphique NVIDIA GeForce RTX s\u00e9rie 4000<\/strong>, il vous permettra de profiter de performances fluides et rapides avec un bon niveau de qualit\u00e9 graphique.<\/section>\n<section>\n<div class=\"desc-image\"><img decoding=\"async\" src=\"https:\/\/media.ldlc.com\/bo\/images\/fiches\/pc_portables\/hp\/victus_15\/801.jpg\" alt=\"\" \/><\/div>\n<div class=\"desc-text\">\n<h2>PERFORMANCES POUR LE DIVERTISSEMENT<\/h2>\n<p>\u00c9quip\u00e9 d&#8217;un processeur <strong>AMD ryzen 7 7840HS<\/strong> , d&#8217;une puce graphique NVIDIA GeForce RTX 4070 et d&#8217;un SSD au format M.2 PCIe, ce PC portable HP Victus offre de bonnes performances et un fonctionnement rapide, pour le divertissement multim\u00e9dia et les jeux vid\u00e9o r\u00e9cents.<\/p>\n<\/div>\n<\/section>\n<section>\n<div class=\"desc-text\">\n<h2>CONFORT DE JEU AU QUOTIDIEN<\/h2>\n<p>Gr\u00e2ce \u00e0 son \u00e9cran de 16.1 pouces avec r\u00e9solution Full HD, ce PC portable Gamer offre une image confortable et riche en d\u00e9tails. De plus, avec son syst\u00e8me audio con\u00e7u en collaboration avec les experts Bang &amp; Olufsen, cet ordinateur portable HP offre aussi une exp\u00e9rience audio\/vid\u00e9o de qualit\u00e9.<\/p>\n<\/div>\n<div class=\"desc-image\"><img decoding=\"async\" src=\"https:\/\/media.ldlc.com\/bo\/images\/fiches\/pc_portables\/hp\/victus_15\/802.jpg\" alt=\"\" \/><\/div>\n<\/section>\n","protected":false},"excerpt":{"rendered":"<ul>\n<li>\n<h2>CARACT\u00c9RISTIQUES PRINCIPALES :<\/h2>\n<\/li>\n<li><strong>CPU :<\/strong>\u00a0AMD Ryzen\u2122 7<strong>-7840HS<\/strong>\u00a0(8-Core 4.0 GHz \/ 5.1 GHz Turbo \u2013 16 Threads \u2013 Cache 16 Mo)<\/li>\n<li><strong>RAM :<\/strong> 32Gb DDR5 5200 MHz<\/li>\n<li><strong>Disque dur : 512<\/strong>GB SSD M.2 NVMe PCIe 4\u00ae<\/li>\n<li><strong>GPU :<\/strong>\u00a0NVIDIA\u00ae GeForce\u00ae\u00a0<strong>RTX<\/strong>\u2122\u00a0<strong>4070<\/strong>\u00a08 Go 140W GDDR6 VRAM<\/li>\n<li><strong>\u00c9cran :<\/strong> 16\u2033 FHD 1920&#215;1080 Anti-glare 144Hz IPS Slim<\/li>\n<li><strong>OS :<\/strong>\u00a0Windows 11 64Bit Pro<\/li>\n<li><strong>Communication sans fil performante :<\/strong>\u00a0Wi-Fi AX 6E + Bluetooth 5.2<\/li>\n<li>Dur\u00e9e de fonctionnement : Jusqu&#8217;\u00e0 7 heures et 45 minutes<\/li>\n<li><strong>Webcam FHD 1920 x 1080 pixels<\/strong><\/li>\n<li>Neuf sans emballage avec garantie HP<\/li>\n<\/ul>\n","protected":false},"featured_media":1008336,"template":"","meta":{"_acf_changed":false},"pwb-brand":[],"product_brand":[],"product_cat":[122,121,126],"product_tag":[],"pcb_component_type":[],"class_list":{"0":"post-8335","1":"product","2":"type-product","3":"status-publish","4":"has-post-thumbnail","6":"product_cat-gaming","7":"product_cat-pc-portable","8":"product_cat-professional","10":"first","11":"outofstock","12":"shipping-taxable","13":"product-type-simple"},"translation":{"provider":"WPGlobus","version":"3.0.2","language":"es","enabled_languages":["en","es","de","fr","ru"],"languages":{"en":{"title":true,"content":true,"excerpt":true},"es":{"title":false,"content":false,"excerpt":false},"de":{"title":false,"content":false,"excerpt":false},"fr":{"title":false,"content":false,"excerpt":false},"ru":{"title":false,"content":false,"excerpt":false}}},"acf":[],"yoast_head":"<!-- This site is optimized with the Yoast SEO plugin v27.2 - https:\/\/yoast.com\/product\/yoast-seo-wordpress\/ -->\n<title>VICTUS BY HP RYZEN 7 7840HS\/32GB\/512GB\/RTX4070\/16.1&quot; FHD 144HZ - Osaka<\/title>\n<meta name=\"robots\" content=\"index, follow, max-snippet:-1, max-image-preview:large, max-video-preview:-1\" \/>\n<link rel=\"canonical\" href=\"https:\/\/osaka.ma\/de\/product\/victus-by-hp-ryzen-7-7840hs-32gb-512gb-rtx4070-16-1-fhd-144hz\/\" \/>\n<meta property=\"og:locale\" content=\"es_ES\" \/>\n<meta property=\"og:type\" content=\"article\" \/>\n<meta property=\"og:title\" content=\"VICTUS BY HP RYZEN 7 7840HS\/32GB\/512GB\/RTX4070\/16.1&quot; FHD 144HZ - Osaka\" \/>\n<meta property=\"og:url\" content=\"https:\/\/osaka.ma\/de\/product\/victus-by-hp-ryzen-7-7840hs-32gb-512gb-rtx4070-16-1-fhd-144hz\/\" \/>\n<meta property=\"og:site_name\" content=\"Osaka\" \/>\n<meta property=\"article:modified_time\" content=\"2025-02-05T11:35:21+00:00\" \/>\n<meta property=\"og:image\" content=\"https:\/\/osaka.ma\/wp-content\/uploads\/2024\/04\/hpvictus-1.jpg\" \/>\n\t<meta property=\"og:image:width\" content=\"1600\" \/>\n\t<meta property=\"og:image:height\" content=\"1600\" \/>\n\t<meta property=\"og:image:type\" content=\"image\/jpeg\" \/>\n<meta name=\"twitter:card\" content=\"summary_large_image\" \/>\n<meta name=\"twitter:label1\" content=\"Est. reading time\" \/>\n\t<meta name=\"twitter:data1\" content=\"2 minutes\" \/>\n<script type=\"application\/ld+json\" class=\"yoast-schema-graph\">{\"@context\":\"https:\/\/schema.org\",\"@graph\":[{\"@type\":\"WebPage\",\"@id\":\"https:\/\/osaka.ma\/de\/product\/victus-by-hp-ryzen-7-7840hs-32gb-512gb-rtx4070-16-1-fhd-144hz\/\",\"url\":\"https:\/\/osaka.ma\/de\/product\/victus-by-hp-ryzen-7-7840hs-32gb-512gb-rtx4070-16-1-fhd-144hz\/\",\"name\":\"VICTUS BY HP RYZEN 7 7840HS\/32GB\/512GB\/RTX4070\/16.1\\\" FHD 144HZ - Osaka\",\"isPartOf\":{\"@id\":\"https:\/\/osaka.ma\/#website\"},\"primaryImageOfPage\":{\"@id\":\"https:\/\/osaka.ma\/de\/product\/victus-by-hp-ryzen-7-7840hs-32gb-512gb-rtx4070-16-1-fhd-144hz\/#primaryimage\"},\"image\":{\"@id\":\"https:\/\/osaka.ma\/de\/product\/victus-by-hp-ryzen-7-7840hs-32gb-512gb-rtx4070-16-1-fhd-144hz\/#primaryimage\"},\"thumbnailUrl\":\"https:\/\/osaka.ma\/wp-content\/uploads\/2024\/04\/hpvictus-1.jpg\",\"datePublished\":\"2024-04-09T16:29:22+00:00\",\"dateModified\":\"2025-02-05T11:35:21+00:00\",\"breadcrumb\":{\"@id\":\"https:\/\/osaka.ma\/de\/product\/victus-by-hp-ryzen-7-7840hs-32gb-512gb-rtx4070-16-1-fhd-144hz\/#breadcrumb\"},\"inLanguage\":\"es-ES\",\"potentialAction\":[{\"@type\":\"ReadAction\",\"target\":[\"https:\/\/osaka.ma\/de\/product\/victus-by-hp-ryzen-7-7840hs-32gb-512gb-rtx4070-16-1-fhd-144hz\/\"]}]},{\"@type\":\"ImageObject\",\"inLanguage\":\"es-ES\",\"@id\":\"https:\/\/osaka.ma\/de\/product\/victus-by-hp-ryzen-7-7840hs-32gb-512gb-rtx4070-16-1-fhd-144hz\/#primaryimage\",\"url\":\"https:\/\/osaka.ma\/wp-content\/uploads\/2024\/04\/hpvictus-1.jpg\",\"contentUrl\":\"https:\/\/osaka.ma\/wp-content\/uploads\/2024\/04\/hpvictus-1.jpg\",\"width\":1600,\"height\":1600},{\"@type\":\"BreadcrumbList\",\"@id\":\"https:\/\/osaka.ma\/de\/product\/victus-by-hp-ryzen-7-7840hs-32gb-512gb-rtx4070-16-1-fhd-144hz\/#breadcrumb\",\"itemListElement\":[{\"@type\":\"ListItem\",\"position\":1,\"name\":\"Home\",\"item\":\"https:\/\/osaka.ma\/\"},{\"@type\":\"ListItem\",\"position\":2,\"name\":\"Shop\",\"item\":\"https:\/\/osaka.ma\/shop-2\/\"},{\"@type\":\"ListItem\",\"position\":3,\"name\":\"VICTUS BY HP RYZEN 7 7840HS\/32GB\/512GB\/RTX4070\/16.1&#8243; FHD 144HZ\"}]},{\"@type\":\"WebSite\",\"@id\":\"https:\/\/osaka.ma\/#website\",\"url\":\"https:\/\/osaka.ma\/\",\"name\":\"Osaka\",\"description\":\"\",\"publisher\":{\"@id\":\"https:\/\/osaka.ma\/#organization\"},\"potentialAction\":[{\"@type\":\"SearchAction\",\"target\":{\"@type\":\"EntryPoint\",\"urlTemplate\":\"https:\/\/osaka.ma\/?s={search_term_string}\"},\"query-input\":{\"@type\":\"PropertyValueSpecification\",\"valueRequired\":true,\"valueName\":\"search_term_string\"}}],\"inLanguage\":\"es-ES\"},{\"@type\":\"Organization\",\"@id\":\"https:\/\/osaka.ma\/#organization\",\"name\":\"Osaka\",\"url\":\"https:\/\/osaka.ma\/\",\"logo\":{\"@type\":\"ImageObject\",\"inLanguage\":\"es-ES\",\"@id\":\"https:\/\/osaka.ma\/#\/schema\/logo\/image\/\",\"url\":\"https:\/\/osaka.ma\/wp-content\/uploads\/2026\/01\/model-slogan-logo-2Plan-de-travail-1dksl-plus-finnn.png\",\"contentUrl\":\"https:\/\/osaka.ma\/wp-content\/uploads\/2026\/01\/model-slogan-logo-2Plan-de-travail-1dksl-plus-finnn.png\",\"width\":842,\"height\":226,\"caption\":\"Osaka\"},\"image\":{\"@id\":\"https:\/\/osaka.ma\/#\/schema\/logo\/image\/\"}}]}<\/script>\n<!-- \/ Yoast SEO plugin. -->","yoast_head_json":{"title":"VICTUS BY HP RYZEN 7 7840HS\/32GB\/512GB\/RTX4070\/16.1\" FHD 144HZ - Osaka","robots":{"index":"index","follow":"follow","max-snippet":"max-snippet:-1","max-image-preview":"max-image-preview:large","max-video-preview":"max-video-preview:-1"},"canonical":"https:\/\/osaka.ma\/de\/product\/victus-by-hp-ryzen-7-7840hs-32gb-512gb-rtx4070-16-1-fhd-144hz\/","og_locale":"es_ES","og_type":"article","og_title":"VICTUS BY HP RYZEN 7 7840HS\/32GB\/512GB\/RTX4070\/16.1\" FHD 144HZ - Osaka","og_url":"https:\/\/osaka.ma\/de\/product\/victus-by-hp-ryzen-7-7840hs-32gb-512gb-rtx4070-16-1-fhd-144hz\/","og_site_name":"Osaka","article_modified_time":"2025-02-05T11:35:21+00:00","og_image":[{"width":1600,"height":1600,"url":"https:\/\/osaka.ma\/wp-content\/uploads\/2024\/04\/hpvictus-1.jpg","type":"image\/jpeg"}],"twitter_card":"summary_large_image","twitter_misc":{"Est. reading time":"2 minutes"},"schema":{"@context":"https:\/\/schema.org","@graph":[{"@type":"WebPage","@id":"https:\/\/osaka.ma\/de\/product\/victus-by-hp-ryzen-7-7840hs-32gb-512gb-rtx4070-16-1-fhd-144hz\/","url":"https:\/\/osaka.ma\/de\/product\/victus-by-hp-ryzen-7-7840hs-32gb-512gb-rtx4070-16-1-fhd-144hz\/","name":"VICTUS BY HP RYZEN 7 7840HS\/32GB\/512GB\/RTX4070\/16.1\" FHD 144HZ - Osaka","isPartOf":{"@id":"https:\/\/osaka.ma\/#website"},"primaryImageOfPage":{"@id":"https:\/\/osaka.ma\/de\/product\/victus-by-hp-ryzen-7-7840hs-32gb-512gb-rtx4070-16-1-fhd-144hz\/#primaryimage"},"image":{"@id":"https:\/\/osaka.ma\/de\/product\/victus-by-hp-ryzen-7-7840hs-32gb-512gb-rtx4070-16-1-fhd-144hz\/#primaryimage"},"thumbnailUrl":"https:\/\/osaka.ma\/wp-content\/uploads\/2024\/04\/hpvictus-1.jpg","datePublished":"2024-04-09T16:29:22+00:00","dateModified":"2025-02-05T11:35:21+00:00","breadcrumb":{"@id":"https:\/\/osaka.ma\/de\/product\/victus-by-hp-ryzen-7-7840hs-32gb-512gb-rtx4070-16-1-fhd-144hz\/#breadcrumb"},"inLanguage":"es-ES","potentialAction":[{"@type":"ReadAction","target":["https:\/\/osaka.ma\/de\/product\/victus-by-hp-ryzen-7-7840hs-32gb-512gb-rtx4070-16-1-fhd-144hz\/"]}]},{"@type":"ImageObject","inLanguage":"es-ES","@id":"https:\/\/osaka.ma\/de\/product\/victus-by-hp-ryzen-7-7840hs-32gb-512gb-rtx4070-16-1-fhd-144hz\/#primaryimage","url":"https:\/\/osaka.ma\/wp-content\/uploads\/2024\/04\/hpvictus-1.jpg","contentUrl":"https:\/\/osaka.ma\/wp-content\/uploads\/2024\/04\/hpvictus-1.jpg","width":1600,"height":1600},{"@type":"BreadcrumbList","@id":"https:\/\/osaka.ma\/de\/product\/victus-by-hp-ryzen-7-7840hs-32gb-512gb-rtx4070-16-1-fhd-144hz\/#breadcrumb","itemListElement":[{"@type":"ListItem","position":1,"name":"Home","item":"https:\/\/osaka.ma\/"},{"@type":"ListItem","position":2,"name":"Shop","item":"https:\/\/osaka.ma\/shop-2\/"},{"@type":"ListItem","position":3,"name":"VICTUS BY HP RYZEN 7 7840HS\/32GB\/512GB\/RTX4070\/16.1&#8243; FHD 144HZ"}]},{"@type":"WebSite","@id":"https:\/\/osaka.ma\/#website","url":"https:\/\/osaka.ma\/","name":"Osaka","description":"","publisher":{"@id":"https:\/\/osaka.ma\/#organization"},"potentialAction":[{"@type":"SearchAction","target":{"@type":"EntryPoint","urlTemplate":"https:\/\/osaka.ma\/?s={search_term_string}"},"query-input":{"@type":"PropertyValueSpecification","valueRequired":true,"valueName":"search_term_string"}}],"inLanguage":"es-ES"},{"@type":"Organization","@id":"https:\/\/osaka.ma\/#organization","name":"Osaka","url":"https:\/\/osaka.ma\/","logo":{"@type":"ImageObject","inLanguage":"es-ES","@id":"https:\/\/osaka.ma\/#\/schema\/logo\/image\/","url":"https:\/\/osaka.ma\/wp-content\/uploads\/2026\/01\/model-slogan-logo-2Plan-de-travail-1dksl-plus-finnn.png","contentUrl":"https:\/\/osaka.ma\/wp-content\/uploads\/2026\/01\/model-slogan-logo-2Plan-de-travail-1dksl-plus-finnn.png","width":842,"height":226,"caption":"Osaka"},"image":{"@id":"https:\/\/osaka.ma\/#\/schema\/logo\/image\/"}}]}},"jetpack_sharing_enabled":true,"brands":[],"_links":{"self":[{"href":"https:\/\/osaka.ma\/es\/wp-json\/wp\/v2\/product\/8335","targetHints":{"allow":["GET"]}}],"collection":[{"href":"https:\/\/osaka.ma\/es\/wp-json\/wp\/v2\/product"}],"about":[{"href":"https:\/\/osaka.ma\/es\/wp-json\/wp\/v2\/types\/product"}],"version-history":[{"count":0,"href":"https:\/\/osaka.ma\/es\/wp-json\/wp\/v2\/product\/8335\/revisions"}],"wp:featuredmedia":[{"embeddable":true,"href":"https:\/\/osaka.ma\/es\/wp-json\/wp\/v2\/media\/1008336"}],"wp:attachment":[{"href":"https:\/\/osaka.ma\/es\/wp-json\/wp\/v2\/media?parent=8335"}],"wp:term":[{"taxonomy":"pwb-brand","embeddable":true,"href":"https:\/\/osaka.ma\/es\/wp-json\/wp\/v2\/pwb-brand?post=8335"},{"taxonomy":"product_brand","embeddable":true,"href":"https:\/\/osaka.ma\/es\/wp-json\/wp\/v2\/product_brand?post=8335"},{"taxonomy":"product_cat","embeddable":true,"href":"https:\/\/osaka.ma\/es\/wp-json\/wp\/v2\/product_cat?post=8335"},{"taxonomy":"product_tag","embeddable":true,"href":"https:\/\/osaka.ma\/es\/wp-json\/wp\/v2\/product_tag?post=8335"},{"taxonomy":"pcb_component_type","embeddable":true,"href":"https:\/\/osaka.ma\/es\/wp-json\/wp\/v2\/pcb_component_type?post=8335"}],"curies":[{"name":"wp","href":"https:\/\/api.w.org\/{rel}","templated":true}]}}