{"id":8440,"date":"2024-04-19T10:20:50","date_gmt":"2024-04-19T10:20:50","guid":{"rendered":"https:\/\/osaka.ma\/?post_type=product&#038;p=8440"},"modified":"2024-12-18T15:35:55","modified_gmt":"2024-12-18T15:35:55","slug":"asus-tuf-dash-f15-i7-12650h-16gb-512gb-rtx3060","status":"publish","type":"product","link":"https:\/\/osaka.ma\/es\/product\/asus-tuf-dash-f15-i7-12650h-16gb-512gb-rtx3060\/","title":{"rendered":"ASUS TUF DASH F15 I7 12650H\/16GB\/512GB\/RTX3060"},"content":{"rendered":"<p>Le PC portable Gamer ASUS TUF Dash F15 est taill\u00e9 pour le jeu mobile. Avec son design \u00e9l\u00e9gant et robuste, ses composants ultra-performants et son large \u00e9ventail d&#8217;innovations sign\u00e9es ASUS, cet ordinateur portable est par\u00e9 pour l&#8217;action !<\/p>\n<h2 class=\"h2-master\">Performances nouvelle g\u00e9n\u00e9ration et audio\/vid\u00e9o haute qualit\u00e9<\/h2>\n<section>Le\u00a0<strong>PC portable Gamer ASUS TUF Dash F15\u00a0<\/strong>est taill\u00e9 pour le jeu mobile. Avec son design \u00e9l\u00e9gant et robuste, ses composants ultra-performants et son large \u00e9ventail d&#8217;innovations sign\u00e9es ASUS, cet ordinateur portable est par\u00e9 pour l&#8217;action ! Equip\u00e9 d&#8217;un puissant\u00a0<strong>processeur Intel Core i7-12650H<\/strong>, de 16 Go de m\u00e9moire DDR5, d&#8217;un\u00a0<strong>SSD M.2 PCIe de 512GB<\/strong>\u00a0et d&#8217;une\u00a0<strong>puce graphique NVIDIA GeForce RTX 3060<\/strong>, le PC portable ASUS TUF Dash F15 TUF517ZR-HQ019W offre de hautes performances et un fonctionnement rapide.<\/section>\n<section>\n<div class=\"desc-image\"><img decoding=\"async\" src=\"https:\/\/media.ldlc.com\/bo\/images\/fiches\/pc_portables\/asus\/dash_f15\/801.jpg\" alt=\"\" \/><\/div>\n<div class=\"desc-text\">\n<h2>UN DESIGN ORIGINAL<\/h2>\n<p>Le TUF Dash F15 arbore un style d\u00e9termin\u00e9 par ses lignes \u00e0 la fois \u00e9pur\u00e9es et pr\u00e9cises. Le couvercle en aluminium d&#8217;inspiration m\u00e9canique est disponible en Off Black ou Moonlight White. Ce design moderne s\u2019adapte aussi bien aux LAN parties qu&#8217;aux bureaux. Son \u00e9paisseur de 19,95 mm assure une portabilit\u00e9 optimale. De plus, son cadre lui aussi ultrafin maximise l&#8217;espace d\u00e9di\u00e9 \u00e0 l\u2019\u00e9cran : travail ou divertissement, l&#8217;\u00e9cran immersif du TUF Dash ne vous laissera pas vous disperser ! Son design dynamique fait tout de m\u00eame la part belle \u00e0 des composants TUF ultra-robustes qui ont pass\u00e9 avec brio les tests exigeants du standard MIL-STD.<\/p>\n<\/div>\n<\/section>\n<section>\n<div class=\"desc-text\">\n<h2>PERFORMANCES DE JEU<\/h2>\n<p>Par\u00e9 pour l&#8217;action, le TUF Dash F15 vous permet de vous lancer dans le gaming, le streaming et bien plus encore ! Avec un processeur Intel Core i7 de 12e g\u00e9n\u00e9ration et une m\u00e9moire vive DDR5 de 4800MHz d&#8217;une rapidit\u00e9 fulgurante vous assurent la puissance suffisante au quotidien. En prime, exploitez toutes les performances gaming du GPU GeForce RTX 3060 pour ordinateur portable gr\u00e2ce \u00e0 un Switch MUX d\u00e9di\u00e9. Avec lui, dans le cadre des jeux comp\u00e9titifs, vous pourrez passer \u00e0 un mode GPU direct qui r\u00e9duit la latence et augmente les performances de 5 \u00e0 10% en moyenne.<\/p>\n<\/div>\n<div class=\"desc-image\"><img decoding=\"async\" src=\"https:\/\/media.ldlc.com\/bo\/images\/fiches\/pc_portables\/asus\/dash_f15\/802.jpg\" alt=\"\" \/><\/div>\n<\/section>\n<section>\n<div class=\"desc-image\"><img decoding=\"async\" src=\"https:\/\/media.ldlc.com\/bo\/images\/fiches\/pc_portables\/asus\/dash_f15\/803.jpg\" alt=\"\" \/><\/div>\n<div class=\"desc-text\">\n<h2>REFROIDISSEMENT PERFORMANT<\/h2>\n<p>Le refroidissement du TUF Dash F15 lui garantit une fiabilit\u00e9 consid\u00e9rable sur le long terme tout en prolongeant sa dur\u00e9e de vie. Les ventilateurs Arc Flow \u00e0 84 pales pr\u00e9sentent une \u00e9paisseur variable pour r\u00e9duire la collision de l&#8217;air, tandis que le design anti-r\u00e9sonance assure un d\u00e9bit d&#8217;air \u00e9lev\u00e9. Des tunnels anti-poussi\u00e8re \u00e9jectent l&#8217;air gr\u00e2ce \u00e0 quatre sorties de ventilateur au maximum, ce qui permet de maintenir un fonctionnement optimal plus longtemps, le tout sans bruit de ventilateur suppl\u00e9mentaire. Les ch\u00e2ssis fins disposent habituellement de peu d&#8217;espace pour un refroidissement optimal, c&#8217;est pourquoi ASUS a d\u00e9cid\u00e9 d&#8217;optimiser chaque d\u00e9tail des ventilateurs Arc Flow afin de maximiser la circulation de l&#8217;air.<\/p>\n<\/div>\n<\/section>\n<section>\n<div class=\"desc-text\">\n<h2>AUDIO\/VID\u00c9O DE HAUTE QUALIT\u00c9<\/h2>\n<p>Boostez votre confort de jeu gr\u00e2ce \u00e0 l&#8217;\u00e9cran IPS FHD avec fr\u00e9quence d&#8217;affichage de 144 Hz ! Vous profiterez, d&#8217;une part, d&#8217;une image riche en d\u00e9tails et en couleurs et d&#8217;autre part, d&#8217;un affichage ultra-fluide. L&#8217;id\u00e9al pour ne rater aucun d\u00e9tails des jeux les plus r\u00e9cents ! Par ailleurs, la technologie Adaptive Sync synchronise la fr\u00e9quence de rafra\u00eechissement de l&#8217;\u00e9cran avec celle du processeur graphique afin de r\u00e9duire les lags, les saccades au niveau de l&#8217;IPS et \u00e9limine les d\u00e9chirements de l&#8217;image pour des graphismes ultra-fluides. C\u00f4t\u00e9 audio, deux haut-parleurs aliment\u00e9s par Dolby Atmos assurent une sc\u00e8ne sonore de haute fid\u00e9lit\u00e9. La technologie audio Hi-Res optimise la qualit\u00e9 d&#8217;\u00e9coute musicale au casque. Par ailleurs, Two-way AI Noise Cancelation permet de neutraliser les bruits de fond dans les communications entrantes et sortantes, ce qui vous permet de vous concentrer sur l&#8217;action.<\/p>\n<\/div>\n<div class=\"desc-image\"><img decoding=\"async\" src=\"https:\/\/media.ldlc.com\/bo\/images\/fiches\/pc_portables\/asus\/dash_f15\/804.jpg\" alt=\"\" \/><\/div>\n<\/section>\n<section class=\"list\">\n<h2>CARACT\u00c9RISTIQUES PRINCIPALES :<\/h2>\n<ul>\n<li><strong>Processeur Intel Core i7-12650H<\/strong>\u00a0(6 Performance-Cores 4.7 GHz Turbo + 4 Efficient-Cores 3.5 GHz Turbo &#8211; 16 Threads &#8211; Cache 24 Mo)<\/li>\n<li>16 Go de m\u00e9moire DDR5 4800 MHz (2x 8 Go &#8211; 2 slots &#8211; maximum 32 Go)<\/li>\n<li>Ecran de 15.6 pouces avec r\u00e9solution <strong>FHD <\/strong>(1920 x 1080) et<strong> fr\u00e9quence de 144Hz<\/strong><\/li>\n<li>Dalle de niveau IPS : couleurs lumineuses et angles de vision larges<\/li>\n<li>Puce graphique\u00a0<strong>NVIDIA GeForce RTX 3060 <\/strong>avec 6 Go de m\u00e9moire GDDR6 (Maximum 1290 MHz + 50MHz OC &#8211; 80W \/ 105W)<\/li>\n<li><strong>Switch MUX<\/strong>\u00a0int\u00e9gr\u00e9, pour passer \u00e0 un mode GPU Direct vers l&#8217;affichage et r\u00e9duire la latence<\/li>\n<li><strong>SSD M.2 PCIe de 512GB<\/strong>\u00a0+ 1 slot M.2 PCIe libre<\/li>\n<li>Communication sans fil\u00a0<strong>Wi-Fi 6<\/strong>\u00a0+\u00a0<strong>Bluetooth 5.2<\/strong><\/li>\n<li>Clavier Gamer \u00e0 touches r\u00e9tro\u00e9clair\u00e9es avec technologie N-Key Rollover<\/li>\n<li>2 haut-parleurs avec technologie Dolby Atmos<\/li>\n<li>Syst\u00e8me de refroidissement performant<\/li>\n<li>Webcam HD 720p<\/li>\n<li><strong>Windows 11 Famille<\/strong><\/li>\n<li>Comme neuf<\/li>\n<\/ul>\n<\/section>\n","protected":false},"excerpt":{"rendered":"<h2>CARACT\u00c9RISTIQUES PRINCIPALES :<\/h2>\n<ul>\n<li><strong>Processeur Intel Core i7-12650H<\/strong>\u00a0(6 Performance-Cores 4.7 GHz Turbo + 4 Efficient-Cores 3.5 GHz Turbo &#8211; 16 Threads &#8211; Cache 24 Mo)<\/li>\n<li>16 Go de m\u00e9moire DDR5 4800 MHz (2x 8 Go &#8211; 2 slots &#8211; maximum 32 Go)<\/li>\n<li>Ecran de 15.6 pouces avec r\u00e9solution <strong>FHD <\/strong>(1920 x 1080) et<strong> fr\u00e9quence de 144Hz<\/strong><\/li>\n<li>Dalle de niveau IPS : couleurs lumineuses et angles de vision larges<\/li>\n<li>Puce graphique\u00a0<strong>NVIDIA GeForce RTX 3060 <\/strong>avec 6 Go de m\u00e9moire GDDR6 (Maximum 1290 MHz + 50MHz OC &#8211; 80W \/ 105W)<\/li>\n<li><strong>Switch MUX<\/strong>\u00a0int\u00e9gr\u00e9, pour passer \u00e0 un mode GPU Direct vers l&#8217;affichage et r\u00e9duire la latence<\/li>\n<li><strong>SSD M.2 PCIe de 512GB<\/strong>\u00a0+ 1 slot M.2 PCIe libre<\/li>\n<li>Communication sans fil\u00a0<strong>Wi-Fi 6<\/strong>\u00a0+\u00a0<strong>Bluetooth 5.2<\/strong><\/li>\n<li>Clavier Gamer \u00e0 touches r\u00e9tro\u00e9clair\u00e9es avec technologie N-Key Rollover<\/li>\n<li>2 haut-parleurs avec technologie Dolby Atmos<\/li>\n<li>Syst\u00e8me de refroidissement performant<\/li>\n<li>Webcam HD 720p<\/li>\n<li><strong>Windows 11 Famille<\/strong><\/li>\n<li>Comme neuf<\/li>\n<\/ul>\n","protected":false},"featured_media":1008302,"template":"","meta":{"_acf_changed":false},"pwb-brand":[],"product_brand":[],"product_cat":[122,121,126],"product_tag":[],"pcb_component_type":[],"class_list":{"0":"post-8440","1":"product","2":"type-product","3":"status-publish","4":"has-post-thumbnail","6":"product_cat-gaming","7":"product_cat-pc-portable","8":"product_cat-professional","10":"first","11":"outofstock","12":"shipping-taxable","13":"product-type-simple"},"translation":{"provider":"WPGlobus","version":"3.0.2","language":"es","enabled_languages":["en","es","de","fr","ru"],"languages":{"en":{"title":true,"content":true,"excerpt":true},"es":{"title":false,"content":false,"excerpt":false},"de":{"title":false,"content":false,"excerpt":false},"fr":{"title":false,"content":false,"excerpt":false},"ru":{"title":false,"content":false,"excerpt":false}}},"acf":[],"yoast_head":"<!-- This site is optimized with the Yoast SEO plugin v27.2 - https:\/\/yoast.com\/product\/yoast-seo-wordpress\/ -->\n<title>ASUS TUF DASH F15 I7 12650H\/16GB\/512GB\/RTX3060 - Osaka<\/title>\n<meta name=\"robots\" content=\"index, follow, max-snippet:-1, max-image-preview:large, max-video-preview:-1\" \/>\n<link rel=\"canonical\" href=\"https:\/\/osaka.ma\/product\/asus-tuf-dash-f15-i7-12650h-16gb-512gb-rtx3060\/\" \/>\n<meta property=\"og:locale\" content=\"es_ES\" \/>\n<meta property=\"og:type\" content=\"article\" \/>\n<meta property=\"og:title\" content=\"ASUS TUF DASH F15 I7 12650H\/16GB\/512GB\/RTX3060 - Osaka\" \/>\n<meta property=\"og:url\" content=\"https:\/\/osaka.ma\/product\/asus-tuf-dash-f15-i7-12650h-16gb-512gb-rtx3060\/\" \/>\n<meta property=\"og:site_name\" content=\"Osaka\" \/>\n<meta property=\"article:modified_time\" content=\"2024-12-18T15:35:55+00:00\" \/>\n<meta property=\"og:image\" content=\"https:\/\/osaka.ma\/wp-content\/uploads\/2024\/04\/asustufgaming-1.jpg\" \/>\n\t<meta property=\"og:image:width\" content=\"1600\" \/>\n\t<meta property=\"og:image:height\" content=\"1600\" \/>\n\t<meta property=\"og:image:type\" content=\"image\/jpeg\" \/>\n<meta name=\"twitter:card\" content=\"summary_large_image\" \/>\n<meta name=\"twitter:label1\" content=\"Est. reading time\" \/>\n\t<meta name=\"twitter:data1\" content=\"5 minutes\" \/>\n<script type=\"application\/ld+json\" class=\"yoast-schema-graph\">{\"@context\":\"https:\/\/schema.org\",\"@graph\":[{\"@type\":\"WebPage\",\"@id\":\"https:\/\/osaka.ma\/product\/asus-tuf-dash-f15-i7-12650h-16gb-512gb-rtx3060\/\",\"url\":\"https:\/\/osaka.ma\/product\/asus-tuf-dash-f15-i7-12650h-16gb-512gb-rtx3060\/\",\"name\":\"ASUS TUF DASH F15 I7 12650H\/16GB\/512GB\/RTX3060 - Osaka\",\"isPartOf\":{\"@id\":\"https:\/\/osaka.ma\/#website\"},\"primaryImageOfPage\":{\"@id\":\"https:\/\/osaka.ma\/product\/asus-tuf-dash-f15-i7-12650h-16gb-512gb-rtx3060\/#primaryimage\"},\"image\":{\"@id\":\"https:\/\/osaka.ma\/product\/asus-tuf-dash-f15-i7-12650h-16gb-512gb-rtx3060\/#primaryimage\"},\"thumbnailUrl\":\"https:\/\/osaka.ma\/wp-content\/uploads\/2024\/04\/asustufgaming-1.jpg\",\"datePublished\":\"2024-04-19T10:20:50+00:00\",\"dateModified\":\"2024-12-18T15:35:55+00:00\",\"breadcrumb\":{\"@id\":\"https:\/\/osaka.ma\/product\/asus-tuf-dash-f15-i7-12650h-16gb-512gb-rtx3060\/#breadcrumb\"},\"inLanguage\":\"es-ES\",\"potentialAction\":[{\"@type\":\"ReadAction\",\"target\":[\"https:\/\/osaka.ma\/product\/asus-tuf-dash-f15-i7-12650h-16gb-512gb-rtx3060\/\"]}]},{\"@type\":\"ImageObject\",\"inLanguage\":\"es-ES\",\"@id\":\"https:\/\/osaka.ma\/product\/asus-tuf-dash-f15-i7-12650h-16gb-512gb-rtx3060\/#primaryimage\",\"url\":\"https:\/\/osaka.ma\/wp-content\/uploads\/2024\/04\/asustufgaming-1.jpg\",\"contentUrl\":\"https:\/\/osaka.ma\/wp-content\/uploads\/2024\/04\/asustufgaming-1.jpg\",\"width\":1600,\"height\":1600},{\"@type\":\"BreadcrumbList\",\"@id\":\"https:\/\/osaka.ma\/product\/asus-tuf-dash-f15-i7-12650h-16gb-512gb-rtx3060\/#breadcrumb\",\"itemListElement\":[{\"@type\":\"ListItem\",\"position\":1,\"name\":\"Home\",\"item\":\"https:\/\/osaka.ma\/\"},{\"@type\":\"ListItem\",\"position\":2,\"name\":\"Shop\",\"item\":\"https:\/\/osaka.ma\/shop-2\/\"},{\"@type\":\"ListItem\",\"position\":3,\"name\":\"ASUS TUF DASH F15 I7 12650H\/16GB\/512GB\/RTX3060\"}]},{\"@type\":\"WebSite\",\"@id\":\"https:\/\/osaka.ma\/#website\",\"url\":\"https:\/\/osaka.ma\/\",\"name\":\"Osaka\",\"description\":\"\",\"publisher\":{\"@id\":\"https:\/\/osaka.ma\/#organization\"},\"potentialAction\":[{\"@type\":\"SearchAction\",\"target\":{\"@type\":\"EntryPoint\",\"urlTemplate\":\"https:\/\/osaka.ma\/?s={search_term_string}\"},\"query-input\":{\"@type\":\"PropertyValueSpecification\",\"valueRequired\":true,\"valueName\":\"search_term_string\"}}],\"inLanguage\":\"es-ES\"},{\"@type\":\"Organization\",\"@id\":\"https:\/\/osaka.ma\/#organization\",\"name\":\"Osaka\",\"url\":\"https:\/\/osaka.ma\/\",\"logo\":{\"@type\":\"ImageObject\",\"inLanguage\":\"es-ES\",\"@id\":\"https:\/\/osaka.ma\/#\/schema\/logo\/image\/\",\"url\":\"https:\/\/osaka.ma\/wp-content\/uploads\/2026\/01\/model-slogan-logo-2Plan-de-travail-1dksl-plus-finnn.png\",\"contentUrl\":\"https:\/\/osaka.ma\/wp-content\/uploads\/2026\/01\/model-slogan-logo-2Plan-de-travail-1dksl-plus-finnn.png\",\"width\":842,\"height\":226,\"caption\":\"Osaka\"},\"image\":{\"@id\":\"https:\/\/osaka.ma\/#\/schema\/logo\/image\/\"}}]}<\/script>\n<!-- \/ Yoast SEO plugin. -->","yoast_head_json":{"title":"ASUS TUF DASH F15 I7 12650H\/16GB\/512GB\/RTX3060 - Osaka","robots":{"index":"index","follow":"follow","max-snippet":"max-snippet:-1","max-image-preview":"max-image-preview:large","max-video-preview":"max-video-preview:-1"},"canonical":"https:\/\/osaka.ma\/product\/asus-tuf-dash-f15-i7-12650h-16gb-512gb-rtx3060\/","og_locale":"es_ES","og_type":"article","og_title":"ASUS TUF DASH F15 I7 12650H\/16GB\/512GB\/RTX3060 - Osaka","og_url":"https:\/\/osaka.ma\/product\/asus-tuf-dash-f15-i7-12650h-16gb-512gb-rtx3060\/","og_site_name":"Osaka","article_modified_time":"2024-12-18T15:35:55+00:00","og_image":[{"width":1600,"height":1600,"url":"https:\/\/osaka.ma\/wp-content\/uploads\/2024\/04\/asustufgaming-1.jpg","type":"image\/jpeg"}],"twitter_card":"summary_large_image","twitter_misc":{"Est. reading time":"5 minutes"},"schema":{"@context":"https:\/\/schema.org","@graph":[{"@type":"WebPage","@id":"https:\/\/osaka.ma\/product\/asus-tuf-dash-f15-i7-12650h-16gb-512gb-rtx3060\/","url":"https:\/\/osaka.ma\/product\/asus-tuf-dash-f15-i7-12650h-16gb-512gb-rtx3060\/","name":"ASUS TUF DASH F15 I7 12650H\/16GB\/512GB\/RTX3060 - Osaka","isPartOf":{"@id":"https:\/\/osaka.ma\/#website"},"primaryImageOfPage":{"@id":"https:\/\/osaka.ma\/product\/asus-tuf-dash-f15-i7-12650h-16gb-512gb-rtx3060\/#primaryimage"},"image":{"@id":"https:\/\/osaka.ma\/product\/asus-tuf-dash-f15-i7-12650h-16gb-512gb-rtx3060\/#primaryimage"},"thumbnailUrl":"https:\/\/osaka.ma\/wp-content\/uploads\/2024\/04\/asustufgaming-1.jpg","datePublished":"2024-04-19T10:20:50+00:00","dateModified":"2024-12-18T15:35:55+00:00","breadcrumb":{"@id":"https:\/\/osaka.ma\/product\/asus-tuf-dash-f15-i7-12650h-16gb-512gb-rtx3060\/#breadcrumb"},"inLanguage":"es-ES","potentialAction":[{"@type":"ReadAction","target":["https:\/\/osaka.ma\/product\/asus-tuf-dash-f15-i7-12650h-16gb-512gb-rtx3060\/"]}]},{"@type":"ImageObject","inLanguage":"es-ES","@id":"https:\/\/osaka.ma\/product\/asus-tuf-dash-f15-i7-12650h-16gb-512gb-rtx3060\/#primaryimage","url":"https:\/\/osaka.ma\/wp-content\/uploads\/2024\/04\/asustufgaming-1.jpg","contentUrl":"https:\/\/osaka.ma\/wp-content\/uploads\/2024\/04\/asustufgaming-1.jpg","width":1600,"height":1600},{"@type":"BreadcrumbList","@id":"https:\/\/osaka.ma\/product\/asus-tuf-dash-f15-i7-12650h-16gb-512gb-rtx3060\/#breadcrumb","itemListElement":[{"@type":"ListItem","position":1,"name":"Home","item":"https:\/\/osaka.ma\/"},{"@type":"ListItem","position":2,"name":"Shop","item":"https:\/\/osaka.ma\/shop-2\/"},{"@type":"ListItem","position":3,"name":"ASUS TUF DASH F15 I7 12650H\/16GB\/512GB\/RTX3060"}]},{"@type":"WebSite","@id":"https:\/\/osaka.ma\/#website","url":"https:\/\/osaka.ma\/","name":"Osaka","description":"","publisher":{"@id":"https:\/\/osaka.ma\/#organization"},"potentialAction":[{"@type":"SearchAction","target":{"@type":"EntryPoint","urlTemplate":"https:\/\/osaka.ma\/?s={search_term_string}"},"query-input":{"@type":"PropertyValueSpecification","valueRequired":true,"valueName":"search_term_string"}}],"inLanguage":"es-ES"},{"@type":"Organization","@id":"https:\/\/osaka.ma\/#organization","name":"Osaka","url":"https:\/\/osaka.ma\/","logo":{"@type":"ImageObject","inLanguage":"es-ES","@id":"https:\/\/osaka.ma\/#\/schema\/logo\/image\/","url":"https:\/\/osaka.ma\/wp-content\/uploads\/2026\/01\/model-slogan-logo-2Plan-de-travail-1dksl-plus-finnn.png","contentUrl":"https:\/\/osaka.ma\/wp-content\/uploads\/2026\/01\/model-slogan-logo-2Plan-de-travail-1dksl-plus-finnn.png","width":842,"height":226,"caption":"Osaka"},"image":{"@id":"https:\/\/osaka.ma\/#\/schema\/logo\/image\/"}}]}},"jetpack_sharing_enabled":true,"brands":[],"_links":{"self":[{"href":"https:\/\/osaka.ma\/es\/wp-json\/wp\/v2\/product\/8440","targetHints":{"allow":["GET"]}}],"collection":[{"href":"https:\/\/osaka.ma\/es\/wp-json\/wp\/v2\/product"}],"about":[{"href":"https:\/\/osaka.ma\/es\/wp-json\/wp\/v2\/types\/product"}],"version-history":[{"count":0,"href":"https:\/\/osaka.ma\/es\/wp-json\/wp\/v2\/product\/8440\/revisions"}],"wp:featuredmedia":[{"embeddable":true,"href":"https:\/\/osaka.ma\/es\/wp-json\/wp\/v2\/media\/1008302"}],"wp:attachment":[{"href":"https:\/\/osaka.ma\/es\/wp-json\/wp\/v2\/media?parent=8440"}],"wp:term":[{"taxonomy":"pwb-brand","embeddable":true,"href":"https:\/\/osaka.ma\/es\/wp-json\/wp\/v2\/pwb-brand?post=8440"},{"taxonomy":"product_brand","embeddable":true,"href":"https:\/\/osaka.ma\/es\/wp-json\/wp\/v2\/product_brand?post=8440"},{"taxonomy":"product_cat","embeddable":true,"href":"https:\/\/osaka.ma\/es\/wp-json\/wp\/v2\/product_cat?post=8440"},{"taxonomy":"product_tag","embeddable":true,"href":"https:\/\/osaka.ma\/es\/wp-json\/wp\/v2\/product_tag?post=8440"},{"taxonomy":"pcb_component_type","embeddable":true,"href":"https:\/\/osaka.ma\/es\/wp-json\/wp\/v2\/pcb_component_type?post=8440"}],"curies":[{"name":"wp","href":"https:\/\/api.w.org\/{rel}","templated":true}]}}