{"id":8526,"date":"2024-04-22T14:16:03","date_gmt":"2024-04-22T14:16:03","guid":{"rendered":"https:\/\/osaka.ma\/?post_type=product&#038;p=8526"},"modified":"2024-12-18T15:35:56","modified_gmt":"2024-12-18T15:35:56","slug":"msi-thin-gf63-i5-12450h-16gb-512gb-rtx-4050-6gb-15-3","status":"publish","type":"product","link":"https:\/\/osaka.ma\/es\/product\/msi-thin-gf63-i5-12450h-16gb-512gb-rtx-4050-6gb-15-3\/","title":{"rendered":"MSI THIN GF63 I5 12450H\/16GB\/512GB\/RTX 4050 6GB\/15.3&#8243; FHD 144HZ"},"content":{"rendered":"<p>Profitez d&#8217;excellentes performances avec le PC portable Gamer MSI Thin GF63 12VE ! Cet ordinateur portable MSI offre un parfait confort de jeu gr\u00e2ce \u00e0 ses composants performants, son \u00e9cran de 15.6&#8243; Full HD 144 Hz, son clavier gamer r\u00e9tro\u00e9clair\u00e9 et son syst\u00e8me audio performant.<\/p>\n<p>&nbsp;<\/p>\n<div class=\"logo\"><a href=\"https:\/\/www.ldlc.com\/msi\/bint000000992\/\" rel=\"nofollow noopener\" target=\"_blank\"><img decoding=\"async\" src=\"https:\/\/media.ldlc.com\/v3\/marque\/bo\/00\/05\/99\/39\/V30005993997.gif\" alt=\"MSI\" \/><\/a><\/div>\n<div id=\"description\" class=\"description\">\n<div class=\"details-pdt-desc\">\n<h2 class=\"h2-master\">Performances abordables\u00a0pour les Gamers<\/h2>\n<section>Profitez d&#8217;excellentes performances avec le PC portable Gamer\u00a0<strong>MSI Thin GF63 12VE<\/strong>\u00a0! Cet ordinateur portable MSI offre un parfait confort de jeu gr\u00e2ce \u00e0 ses composants performants, son \u00e9cran de 15.6&#8243; Full HD 144 Hz, son clavier gamer r\u00e9tro\u00e9clair\u00e9 et son syst\u00e8me audio performant. Le PC portable MSI Thin GF63 12VE-054FR propose d&#8217;excellentes performances gr\u00e2ce \u00e0 son processeur\u00a0<strong>Intel Core i5-12450H<\/strong>, ses<strong>\u00a016 Go de m\u00e9moire DDR4<\/strong>, sa puce graphique\u00a0<strong>NVIDIA GeForce RTX 4050\u00a0<\/strong>et son\u00a0<strong>SSD M.2 PCIe de 512 Go<\/strong>.<\/section>\n<section>\n<div class=\"desc-image\"><img decoding=\"async\" src=\"https:\/\/media.ldlc.com\/bo\/images\/fiches\/pc_portables\/msi\/gf63\/12\/801.jpg\" alt=\"\" \/><\/div>\n<div class=\"desc-text\">\n<h2>PROCESSEUR INTEL CORE I5 DE 12E G\u00c9N\u00c9RATION<\/h2>\n<p>Gr\u00e2ce \u00e0 un processeur Intel Core de 12e g\u00e9n\u00e9ration, avec architecture hybride, l&#8217;ordinateur portable Thin GF63 vous offre un coup de fouet en termes d&#8217;am\u00e9lioration des performances pour tous vos projets multit\u00e2ches et tous vos jeux les plus exigeants.<\/p>\n<\/div>\n<\/section>\n<section>\n<div class=\"desc-text\">\n<h2>NVIDIA GEFORCE RTX 4050<\/h2>\n<p>Les puces graphiques NVIDIA GeForce RTX s\u00e9rie 40 offrent performance et rapidit\u00e9 pour les joueurs et les cr\u00e9ateurs. Reposant sur l\u2019architecture ultra-efficiente NVIDIA Ada Lovelace, ces GPU transcendent les performances des PC portables gr\u00e2ce au DLSS 3 optimis\u00e9 par l&#8217;IA et donnent vie \u00e0 des mondes virtuels plus vrais que nature avec le ray tracing int\u00e9gral. De plus, la suite de technologies Max-Q optimise les performances, la consommation, l\u2019autonomie et le niveau acoustique du syst\u00e8me pour une efficacit\u00e9 maximale.<\/p>\n<\/div>\n<div class=\"desc-image\"><img decoding=\"async\" src=\"https:\/\/media.ldlc.com\/bo\/images\/fiches\/pc_portables\/msi\/gf63\/12\/802.jpg\" alt=\"\" \/><\/div>\n<\/section>\n<section>\n<div class=\"desc-image\"><img decoding=\"async\" src=\"https:\/\/media.ldlc.com\/bo\/images\/fiches\/pc_portables\/msi\/gf63\/slim.jpg\" alt=\"\" \/><\/div>\n<div class=\"desc-text\">\n<h2>UN AFFICHAGE FULL HD PERFORMANT<\/h2>\n<p>Le PC portable Gamer MSI Thin GF63 allie performance et design mince. Avec 21.7\u00a0mm d&#8217;\u00e9paisseur et une\u00a0<strong>dalle \u00e0 cadre mince<\/strong>\u00a0(5 mm) qui occupe une grande partie de la surface du ch\u00e2ssis de l&#8217;\u00e9cran, cet ordinateur portable a tout pour faciliter le transport et d\u00e9cupler le confort et le plaisir de jeu !<\/p>\n<\/div>\n<\/section>\n<section>\n<h2>CARACT\u00c9RISTIQUES PRINCIPALES :<\/h2>\n<ul>\n<li><strong>Processeur\u00a0Intel Core i5-12450H<\/strong>\u00a0(4 Performance-Cores 4.4 GHz Turbo + 4 Efficient-Cores 3.3 GHz Turbo &#8211; 12 Threads &#8211; Cache 12 Mo)<\/li>\n<li>\u00c9cran de 15.6 pouces avec\u00a0r\u00e9solution Full HD (1920 x 1080 pixels) et\u00a0<strong>fr\u00e9quence de 144 Hz<\/strong><\/li>\n<li><strong>Dalle de type IPS<\/strong>\u00a0: couleurs lumineuses et angles de vision larges<\/li>\n<li>16 Go de m\u00e9moire vive DDR4 3200 MHz (2x 8 Go &#8211; 2 slots avec maximum 64 Go au total)<\/li>\n<li>Puce graphique\u00a0<strong>NVIDIA GeForce RTX 4050 Laptop\u00a0<\/strong>avec 6 Go de m\u00e9moire d\u00e9di\u00e9e (1605 MHz &#8211; 45W Dynamic Boost)<\/li>\n<li><strong>SSD M.2 PCIe 4.0 de 512 Go<\/strong>\u00a0+ 1 baie 2.5&#8243; disponible<\/li>\n<li>Clavier gamer avec r\u00e9tro\u00e9clairage couleur rouge<\/li>\n<li>Communication sans fil fiable et performante\u00a0<strong>Wi-Fi 6<\/strong>\u00a0+<strong>\u00a0Bluetooth 5.2<\/strong><\/li>\n<li>Syst\u00e8me sonore avec technologie Nahimic<\/li>\n<li>Webcam HD 720p int\u00e9gr\u00e9e<\/li>\n<li>Adaptateur d&#8217;alimentation 120\u00a0W<\/li>\n<li><strong>Windows 11 Famille<\/strong><\/li>\n<li><strong>Comme Neuf (Activ\u00e9 4 jours)<\/strong><\/li>\n<\/ul>\n<\/section>\n<\/div>\n<\/div>\n","protected":false},"excerpt":{"rendered":"<h2>CARACT\u00c9RISTIQUES PRINCIPALES :<\/h2>\n<ul>\n<li><strong>Processeur\u00a0Intel Core i5-12450H<\/strong>\u00a0(4 Performance-Cores 4.4 GHz Turbo + 4 Efficient-Cores 3.3 GHz Turbo &#8211; 12 Threads &#8211; Cache 12 Mo)<\/li>\n<li>\u00c9cran de 15.6 pouces avec\u00a0r\u00e9solution Full HD (1920 x 1080 pixels) et\u00a0<strong>fr\u00e9quence de 144 Hz<\/strong><\/li>\n<li><strong>Dalle de type IPS<\/strong>\u00a0: couleurs lumineuses et angles de vision larges<\/li>\n<li>16 Go de m\u00e9moire vive DDR4 3200 MHz (2x 8 Go &#8211; 2 slots avec maximum 64 Go au total)<\/li>\n<li>Puce graphique\u00a0<strong>NVIDIA GeForce RTX 4050 Laptop\u00a0<\/strong>avec 6 Go de m\u00e9moire d\u00e9di\u00e9e (1605 MHz &#8211; 45W Dynamic Boost)<\/li>\n<li><strong>SSD M.2 PCIe 4.0 de 512 Go<\/strong>\u00a0+ 1 baie 2.5&#8243; disponible<\/li>\n<li>Clavier gamer avec r\u00e9tro\u00e9clairage couleur rouge<\/li>\n<li>Communication sans fil fiable et performante\u00a0<strong>Wi-Fi 6<\/strong>\u00a0+<strong>\u00a0Bluetooth 5.2<\/strong><\/li>\n<li>Syst\u00e8me sonore avec technologie Nahimic<\/li>\n<li>Webcam HD 720p int\u00e9gr\u00e9e<\/li>\n<li>Adaptateur d&#8217;alimentation 120\u00a0W<\/li>\n<li><strong>Windows 11 Famille<\/strong><\/li>\n<li><strong>Comme Neuf (Activ\u00e9 4 jours)<\/strong><\/li>\n<\/ul>\n","protected":false},"featured_media":1008431,"template":"","meta":{"_acf_changed":false},"pwb-brand":[],"product_brand":[],"product_cat":[122,121,126],"product_tag":[],"pcb_component_type":[],"class_list":{"0":"post-8526","1":"product","2":"type-product","3":"status-publish","4":"has-post-thumbnail","6":"product_cat-gaming","7":"product_cat-pc-portable","8":"product_cat-professional","10":"first","11":"outofstock","12":"shipping-taxable","13":"product-type-simple"},"translation":{"provider":"WPGlobus","version":"3.0.2","language":"es","enabled_languages":["en","es","de","fr","ru"],"languages":{"en":{"title":true,"content":true,"excerpt":true},"es":{"title":false,"content":false,"excerpt":false},"de":{"title":false,"content":false,"excerpt":false},"fr":{"title":false,"content":false,"excerpt":false},"ru":{"title":false,"content":false,"excerpt":false}}},"acf":[],"yoast_head":"<!-- This site is optimized with the Yoast SEO plugin v27.2 - https:\/\/yoast.com\/product\/yoast-seo-wordpress\/ -->\n<title>MSI THIN GF63 I5 12450H\/16GB\/512GB\/RTX 4050 6GB\/15.3&quot; FHD 144HZ - Osaka<\/title>\n<meta name=\"robots\" content=\"index, follow, max-snippet:-1, max-image-preview:large, max-video-preview:-1\" \/>\n<link rel=\"canonical\" href=\"https:\/\/osaka.ma\/product\/msi-thin-gf63-i5-12450h-16gb-512gb-rtx-4050-6gb-15-3\/\" \/>\n<meta property=\"og:locale\" content=\"es_ES\" \/>\n<meta property=\"og:type\" content=\"article\" \/>\n<meta property=\"og:title\" content=\"MSI THIN GF63 I5 12450H\/16GB\/512GB\/RTX 4050 6GB\/15.3&quot; FHD 144HZ - Osaka\" \/>\n<meta property=\"og:url\" content=\"https:\/\/osaka.ma\/product\/msi-thin-gf63-i5-12450h-16gb-512gb-rtx-4050-6gb-15-3\/\" \/>\n<meta property=\"og:site_name\" content=\"Osaka\" \/>\n<meta property=\"article:modified_time\" content=\"2024-12-18T15:35:56+00:00\" \/>\n<meta property=\"og:image\" content=\"https:\/\/osaka.ma\/wp-content\/uploads\/2024\/04\/MSITHIN-1.jpg\" \/>\n\t<meta property=\"og:image:width\" content=\"1600\" \/>\n\t<meta property=\"og:image:height\" content=\"1600\" \/>\n\t<meta property=\"og:image:type\" content=\"image\/jpeg\" \/>\n<meta name=\"twitter:card\" content=\"summary_large_image\" \/>\n<meta name=\"twitter:label1\" content=\"Est. reading time\" \/>\n\t<meta name=\"twitter:data1\" content=\"3 minutes\" \/>\n<script type=\"application\/ld+json\" class=\"yoast-schema-graph\">{\"@context\":\"https:\/\/schema.org\",\"@graph\":[{\"@type\":\"WebPage\",\"@id\":\"https:\/\/osaka.ma\/product\/msi-thin-gf63-i5-12450h-16gb-512gb-rtx-4050-6gb-15-3\/\",\"url\":\"https:\/\/osaka.ma\/product\/msi-thin-gf63-i5-12450h-16gb-512gb-rtx-4050-6gb-15-3\/\",\"name\":\"MSI THIN GF63 I5 12450H\/16GB\/512GB\/RTX 4050 6GB\/15.3\\\" FHD 144HZ - Osaka\",\"isPartOf\":{\"@id\":\"https:\/\/osaka.ma\/#website\"},\"primaryImageOfPage\":{\"@id\":\"https:\/\/osaka.ma\/product\/msi-thin-gf63-i5-12450h-16gb-512gb-rtx-4050-6gb-15-3\/#primaryimage\"},\"image\":{\"@id\":\"https:\/\/osaka.ma\/product\/msi-thin-gf63-i5-12450h-16gb-512gb-rtx-4050-6gb-15-3\/#primaryimage\"},\"thumbnailUrl\":\"https:\/\/osaka.ma\/wp-content\/uploads\/2024\/04\/MSITHIN-1.jpg\",\"datePublished\":\"2024-04-22T14:16:03+00:00\",\"dateModified\":\"2024-12-18T15:35:56+00:00\",\"breadcrumb\":{\"@id\":\"https:\/\/osaka.ma\/product\/msi-thin-gf63-i5-12450h-16gb-512gb-rtx-4050-6gb-15-3\/#breadcrumb\"},\"inLanguage\":\"es-ES\",\"potentialAction\":[{\"@type\":\"ReadAction\",\"target\":[\"https:\/\/osaka.ma\/product\/msi-thin-gf63-i5-12450h-16gb-512gb-rtx-4050-6gb-15-3\/\"]}]},{\"@type\":\"ImageObject\",\"inLanguage\":\"es-ES\",\"@id\":\"https:\/\/osaka.ma\/product\/msi-thin-gf63-i5-12450h-16gb-512gb-rtx-4050-6gb-15-3\/#primaryimage\",\"url\":\"https:\/\/osaka.ma\/wp-content\/uploads\/2024\/04\/MSITHIN-1.jpg\",\"contentUrl\":\"https:\/\/osaka.ma\/wp-content\/uploads\/2024\/04\/MSITHIN-1.jpg\",\"width\":1600,\"height\":1600},{\"@type\":\"BreadcrumbList\",\"@id\":\"https:\/\/osaka.ma\/product\/msi-thin-gf63-i5-12450h-16gb-512gb-rtx-4050-6gb-15-3\/#breadcrumb\",\"itemListElement\":[{\"@type\":\"ListItem\",\"position\":1,\"name\":\"Home\",\"item\":\"https:\/\/osaka.ma\/\"},{\"@type\":\"ListItem\",\"position\":2,\"name\":\"Shop\",\"item\":\"https:\/\/osaka.ma\/shop-2\/\"},{\"@type\":\"ListItem\",\"position\":3,\"name\":\"MSI THIN GF63 I5 12450H\/16GB\/512GB\/RTX 4050 6GB\/15.3&#8243; FHD 144HZ\"}]},{\"@type\":\"WebSite\",\"@id\":\"https:\/\/osaka.ma\/#website\",\"url\":\"https:\/\/osaka.ma\/\",\"name\":\"Osaka\",\"description\":\"\",\"publisher\":{\"@id\":\"https:\/\/osaka.ma\/#organization\"},\"potentialAction\":[{\"@type\":\"SearchAction\",\"target\":{\"@type\":\"EntryPoint\",\"urlTemplate\":\"https:\/\/osaka.ma\/?s={search_term_string}\"},\"query-input\":{\"@type\":\"PropertyValueSpecification\",\"valueRequired\":true,\"valueName\":\"search_term_string\"}}],\"inLanguage\":\"es-ES\"},{\"@type\":\"Organization\",\"@id\":\"https:\/\/osaka.ma\/#organization\",\"name\":\"Osaka\",\"url\":\"https:\/\/osaka.ma\/\",\"logo\":{\"@type\":\"ImageObject\",\"inLanguage\":\"es-ES\",\"@id\":\"https:\/\/osaka.ma\/#\/schema\/logo\/image\/\",\"url\":\"https:\/\/osaka.ma\/wp-content\/uploads\/2026\/01\/model-slogan-logo-2Plan-de-travail-1dksl-plus-finnn.png\",\"contentUrl\":\"https:\/\/osaka.ma\/wp-content\/uploads\/2026\/01\/model-slogan-logo-2Plan-de-travail-1dksl-plus-finnn.png\",\"width\":842,\"height\":226,\"caption\":\"Osaka\"},\"image\":{\"@id\":\"https:\/\/osaka.ma\/#\/schema\/logo\/image\/\"}}]}<\/script>\n<!-- \/ Yoast SEO plugin. -->","yoast_head_json":{"title":"MSI THIN GF63 I5 12450H\/16GB\/512GB\/RTX 4050 6GB\/15.3\" FHD 144HZ - Osaka","robots":{"index":"index","follow":"follow","max-snippet":"max-snippet:-1","max-image-preview":"max-image-preview:large","max-video-preview":"max-video-preview:-1"},"canonical":"https:\/\/osaka.ma\/product\/msi-thin-gf63-i5-12450h-16gb-512gb-rtx-4050-6gb-15-3\/","og_locale":"es_ES","og_type":"article","og_title":"MSI THIN GF63 I5 12450H\/16GB\/512GB\/RTX 4050 6GB\/15.3\" FHD 144HZ - Osaka","og_url":"https:\/\/osaka.ma\/product\/msi-thin-gf63-i5-12450h-16gb-512gb-rtx-4050-6gb-15-3\/","og_site_name":"Osaka","article_modified_time":"2024-12-18T15:35:56+00:00","og_image":[{"width":1600,"height":1600,"url":"https:\/\/osaka.ma\/wp-content\/uploads\/2024\/04\/MSITHIN-1.jpg","type":"image\/jpeg"}],"twitter_card":"summary_large_image","twitter_misc":{"Est. reading time":"3 minutes"},"schema":{"@context":"https:\/\/schema.org","@graph":[{"@type":"WebPage","@id":"https:\/\/osaka.ma\/product\/msi-thin-gf63-i5-12450h-16gb-512gb-rtx-4050-6gb-15-3\/","url":"https:\/\/osaka.ma\/product\/msi-thin-gf63-i5-12450h-16gb-512gb-rtx-4050-6gb-15-3\/","name":"MSI THIN GF63 I5 12450H\/16GB\/512GB\/RTX 4050 6GB\/15.3\" FHD 144HZ - Osaka","isPartOf":{"@id":"https:\/\/osaka.ma\/#website"},"primaryImageOfPage":{"@id":"https:\/\/osaka.ma\/product\/msi-thin-gf63-i5-12450h-16gb-512gb-rtx-4050-6gb-15-3\/#primaryimage"},"image":{"@id":"https:\/\/osaka.ma\/product\/msi-thin-gf63-i5-12450h-16gb-512gb-rtx-4050-6gb-15-3\/#primaryimage"},"thumbnailUrl":"https:\/\/osaka.ma\/wp-content\/uploads\/2024\/04\/MSITHIN-1.jpg","datePublished":"2024-04-22T14:16:03+00:00","dateModified":"2024-12-18T15:35:56+00:00","breadcrumb":{"@id":"https:\/\/osaka.ma\/product\/msi-thin-gf63-i5-12450h-16gb-512gb-rtx-4050-6gb-15-3\/#breadcrumb"},"inLanguage":"es-ES","potentialAction":[{"@type":"ReadAction","target":["https:\/\/osaka.ma\/product\/msi-thin-gf63-i5-12450h-16gb-512gb-rtx-4050-6gb-15-3\/"]}]},{"@type":"ImageObject","inLanguage":"es-ES","@id":"https:\/\/osaka.ma\/product\/msi-thin-gf63-i5-12450h-16gb-512gb-rtx-4050-6gb-15-3\/#primaryimage","url":"https:\/\/osaka.ma\/wp-content\/uploads\/2024\/04\/MSITHIN-1.jpg","contentUrl":"https:\/\/osaka.ma\/wp-content\/uploads\/2024\/04\/MSITHIN-1.jpg","width":1600,"height":1600},{"@type":"BreadcrumbList","@id":"https:\/\/osaka.ma\/product\/msi-thin-gf63-i5-12450h-16gb-512gb-rtx-4050-6gb-15-3\/#breadcrumb","itemListElement":[{"@type":"ListItem","position":1,"name":"Home","item":"https:\/\/osaka.ma\/"},{"@type":"ListItem","position":2,"name":"Shop","item":"https:\/\/osaka.ma\/shop-2\/"},{"@type":"ListItem","position":3,"name":"MSI THIN GF63 I5 12450H\/16GB\/512GB\/RTX 4050 6GB\/15.3&#8243; FHD 144HZ"}]},{"@type":"WebSite","@id":"https:\/\/osaka.ma\/#website","url":"https:\/\/osaka.ma\/","name":"Osaka","description":"","publisher":{"@id":"https:\/\/osaka.ma\/#organization"},"potentialAction":[{"@type":"SearchAction","target":{"@type":"EntryPoint","urlTemplate":"https:\/\/osaka.ma\/?s={search_term_string}"},"query-input":{"@type":"PropertyValueSpecification","valueRequired":true,"valueName":"search_term_string"}}],"inLanguage":"es-ES"},{"@type":"Organization","@id":"https:\/\/osaka.ma\/#organization","name":"Osaka","url":"https:\/\/osaka.ma\/","logo":{"@type":"ImageObject","inLanguage":"es-ES","@id":"https:\/\/osaka.ma\/#\/schema\/logo\/image\/","url":"https:\/\/osaka.ma\/wp-content\/uploads\/2026\/01\/model-slogan-logo-2Plan-de-travail-1dksl-plus-finnn.png","contentUrl":"https:\/\/osaka.ma\/wp-content\/uploads\/2026\/01\/model-slogan-logo-2Plan-de-travail-1dksl-plus-finnn.png","width":842,"height":226,"caption":"Osaka"},"image":{"@id":"https:\/\/osaka.ma\/#\/schema\/logo\/image\/"}}]}},"jetpack_sharing_enabled":true,"brands":[],"_links":{"self":[{"href":"https:\/\/osaka.ma\/es\/wp-json\/wp\/v2\/product\/8526","targetHints":{"allow":["GET"]}}],"collection":[{"href":"https:\/\/osaka.ma\/es\/wp-json\/wp\/v2\/product"}],"about":[{"href":"https:\/\/osaka.ma\/es\/wp-json\/wp\/v2\/types\/product"}],"version-history":[{"count":0,"href":"https:\/\/osaka.ma\/es\/wp-json\/wp\/v2\/product\/8526\/revisions"}],"wp:featuredmedia":[{"embeddable":true,"href":"https:\/\/osaka.ma\/es\/wp-json\/wp\/v2\/media\/1008431"}],"wp:attachment":[{"href":"https:\/\/osaka.ma\/es\/wp-json\/wp\/v2\/media?parent=8526"}],"wp:term":[{"taxonomy":"pwb-brand","embeddable":true,"href":"https:\/\/osaka.ma\/es\/wp-json\/wp\/v2\/pwb-brand?post=8526"},{"taxonomy":"product_brand","embeddable":true,"href":"https:\/\/osaka.ma\/es\/wp-json\/wp\/v2\/product_brand?post=8526"},{"taxonomy":"product_cat","embeddable":true,"href":"https:\/\/osaka.ma\/es\/wp-json\/wp\/v2\/product_cat?post=8526"},{"taxonomy":"product_tag","embeddable":true,"href":"https:\/\/osaka.ma\/es\/wp-json\/wp\/v2\/product_tag?post=8526"},{"taxonomy":"pcb_component_type","embeddable":true,"href":"https:\/\/osaka.ma\/es\/wp-json\/wp\/v2\/pcb_component_type?post=8526"}],"curies":[{"name":"wp","href":"https:\/\/api.w.org\/{rel}","templated":true}]}}