{"id":8841,"date":"2024-05-13T12:31:28","date_gmt":"2024-05-13T12:31:28","guid":{"rendered":"https:\/\/osaka.ma\/?post_type=product&#038;p=8841"},"modified":"2024-12-18T15:36:05","modified_gmt":"2024-12-18T15:36:05","slug":"lenovo-ideapad-gaming-3-15arh7-ryzen-5-7535hs-16gb-512gb-ssd-rtx-4050-15-6-120hz","status":"publish","type":"product","link":"https:\/\/osaka.ma\/es\/product\/lenovo-ideapad-gaming-3-15arh7-ryzen-5-7535hs-16gb-512gb-ssd-rtx-4050-15-6-120hz\/","title":{"rendered":"Lenovo IdeaPad Gaming 3 15ARH7 RYZEN 5 7535HS\/16GB\/512GB SSD\/RTX 4050\/15.6&#8243; 120HZ"},"content":{"rendered":"<div class=\"feature-item blade_1 right-left\">\n<div class=\"gallery-section\" data-gallery-id=\"12816\">\n<div class=\"feature-content\">\n<div class=\"feature-content-section\">\n<div class=\"headlines\">\n<p>Une rapidit\u00e9 sans faille gr\u00e2ce aux processeurs AMD Ryzen\u2122<\/p>\n<h2>CARACT\u00c9RISTIQUES PRINCIPALES :<\/h2>\n<ul>\n<li><strong>Processeur AMD Ryzen 5 7535HS<\/strong>\u00a0(Hexa-Core 3.3 GHz \/ 4.2 GHz Turbo \u2013 12 Threads \u2013 Cache 16 Mo)<\/li>\n<li>16 Go de m\u00e9moire DDR4 3200 MHz (2x 4 Go)<\/li>\n<li><strong>SSD M.2 PCIe de 512 Go<\/strong><\/li>\n<li>Ecran IPS de 15.6\u2033 avec r\u00e9solution Full HD (1920 x 1080 pixels) et\u00a0<strong>fr\u00e9quence de 120 Hz<\/strong><\/li>\n<li>Puce graphique\u00a0<strong>NVIDIA GeForce RTX 4050 Laptop<\/strong> avec 6 Go de m\u00e9moire GDDR6<\/li>\n<li>Communication sans fil Wi-Fi 6 (AX) + Bluetooth 5.2<\/li>\n<li>Clavier avec touches r\u00e9tro\u00e9clair\u00e9es (coloris vert acidul\u00e9)<\/li>\n<li>Haut-parleurs avec certification Bang &amp; Olufsen et technologie HP Audio Boost<\/li>\n<li>Webcam HD 720p int\u00e9gr\u00e9e<\/li>\n<li><strong>Windows 11 Famille 64 bits<\/strong><\/li>\n<li>Neuf<\/li>\n<\/ul>\n<\/div>\n<div class=\"description\">\n<p>B\u00e9n\u00e9ficiez d\u2019une rapidit\u00e9 sans faille lorsque vous jouez avec un portable de gaming optimis\u00e9 des processeurs par AMD Ryzen\u2122. Jouissez de performances hors pair qui vous feront gagner, sans ruiner l\u2019autonomie de votre batterie.<\/p>\n<\/div>\n<\/div>\n<div class=\"feature-content-section\"><\/div>\n<\/div>\n<\/div>\n<\/div>\n<div class=\"feature-item blade_1 left-right\">\n<div class=\"gallery-section\" data-gallery-id=\"12865\">\n<div class=\"feature-media\" data-bg-image=\"\"><img decoding=\"async\" src=\"https:\/\/p3-ofp.static.pub\/fes\/cms\/2022\/09\/22\/mukq8n30oifhsimnayqvonjk49xu90746267.jpg\" alt=\"IdeaPad Gaming 3 Gen 7 (15\" \/><\/div>\n<div class=\"feature-content\">\n<div class=\"feature-content-section\">\n<div class=\"headlines\">\n<p>Un gaming extr\u00eame<\/p>\n<\/div>\n<div class=\"description\">\n<p>Les GPU GeForce RTX\u2122 s\u00e9rie 40 offrent aux joueurs et aux cr\u00e9ateurs des performances extr\u00eames. Ils sont optimis\u00e9s par Ampere, l\u2019architecture RTX\u2122 de 2e g\u00e9n\u00e9ration de NVIDIA, et int\u00e8grent de nouveaux c\u0153urs Ray tracing et Tensor ainsi que des multiprocesseurs en streaming afin d\u2019offrir un rendu graphique plus r\u00e9aliste gr\u00e2ce au Ray tracing et \u00e0 de nouvelles fonctionnalit\u00e9s d\u2019IA de pointe.<\/p>\n<\/div>\n<\/div>\n<div class=\"feature-content-section\"><\/div>\n<\/div>\n<\/div>\n<\/div>\n<div class=\"feature-item blade_1 right-left\">\n<div class=\"gallery-section\" data-gallery-id=\"12866\">\n<div class=\"feature-media\" data-bg-image=\"\"><img decoding=\"async\" src=\"https:\/\/p2-ofp.static.pub\/ShareResource\/we\/Products\/features_game_pass.png\" alt=\"Xbox Game Pass\" \/><\/div>\n<div class=\"feature-content\">\n<div class=\"feature-content-section\">\n<div class=\"headlines\">\n<p>Jouez \u00e0 plus de 100 jeux de haute qualit\u00e9 avec le Game Pass inclus<\/p>\n<\/div>\n<div class=\"description\">\n<p>Jouez \u00e0 plus de 100 jeux de haute qualit\u00e9 avec votre nouveau portable de gaming IdeaPad et trois mois de Xbox Game Pass offerts, EA Play inclus. Des jeux sont ajout\u00e9s en permanence, il y a toujours quelque chose de nouveau pour s\u2019amuser. T\u00e9l\u00e9chargez et jouez avec un rendu ultra-fid\u00e8le ou jouez \u00e0 des jeux de console depuis le cloud avec une manette connect\u00e9e.\u00a0<a href=\"https:\/\/www.lenovo.com\/fr\/fr\/xbox-game-pass\" target=\"_blank\" rel=\"noopener\">En savoir plus<\/a><\/p>\n<\/div>\n<\/div>\n<div class=\"feature-content-section\"><\/div>\n<\/div>\n<\/div>\n<\/div>\n<div class=\"feature-item blade_1 left-right\">\n<div class=\"gallery-section\" data-gallery-id=\"12868\">\n<div class=\"feature-media\" data-bg-image=\"\"><img decoding=\"async\" src=\"https:\/\/p4-ofp.static.pub\/fes\/cms\/2022\/09\/22\/x1ytl6bg8ac1j6q3hhwjdwgp8gsmk4239621.jpg\" alt=\"IdeaPad Gaming 3 Gen 7 (15\" \/><\/div>\n<div class=\"feature-content\">\n<div class=\"feature-content-section\">\n<div class=\"headlines\">\n<p>Syst\u00e8me de refroidissement Quad Vent<\/p>\n<\/div>\n<div class=\"description\">\n<p>Le syst\u00e8me refroidissement Quad Vent rapide et silencieux du portable IdeaPad Gaming 3 Gen 7 refroidit davantage votre ordinateur pour vous permettre de jouer avec les param\u00e8tres de performance les plus \u00e9lev\u00e9s. Int\u00e9grant des fonctionnalit\u00e9s comme l\u2019entr\u00e9e d\u2019air au niveau du clavier, des taux de ventilation optimis\u00e9s de 20 % et un d\u00e9bit d\u2019air du ventilateur accru de 10 % par rapport \u00e0 la g\u00e9n\u00e9ration pr\u00e9c\u00e9dente, ce portable vous permettra de jouer aux jeux les plus cools sur l\u2019une des machines Lenovo les plus performantes.<\/p>\n<\/div>\n<\/div>\n<div class=\"feature-content-section\"><\/div>\n<\/div>\n<\/div>\n<\/div>\n<div class=\"feature-item blade_1 right-left\">\n<div class=\"gallery-section\" data-gallery-id=\"12869\">\n<div class=\"feature-media\" data-bg-image=\"\"><img decoding=\"async\" src=\"https:\/\/p3-ofp.static.pub\/fes\/cms\/2022\/08\/04\/zeai2e9ke70k658bcs2osll3q98lf3777020.jpg\" alt=\"IdeaPad Gaming 3 Gen 7 (15\" \/><\/div>\n<div class=\"feature-content\">\n<div class=\"feature-content-section\">\n<div class=\"headlines\">\n<p>Nouveau design \u00e9l\u00e9gant et simplifi\u00e9<\/p>\n<\/div>\n<div class=\"description\">\n<p>Les designs Onyx Grey et Glacier White sont \u00e0 la fois simples et uniques en leur genre, avec des logos discrets et des tonalit\u00e9s bleues subtiles qui indiquent que vous \u00eates l\u00e0 pour jouer, mais avec style. Les ports d\u2019E\/S arri\u00e8re gardent vos c\u00e2bles propres et bien rang\u00e9s. De plus, le clavier de jeu sign\u00e9 Lenovo est dot\u00e9 de commandes multim\u00e9dias et d\u2019un pav\u00e9 num\u00e9rique. Vous profiterez en outre d\u2019une discr\u00e9tion accrue gr\u00e2ce au commutateur du cache de confidentialit\u00e9 int\u00e9gr\u00e9 \u00e0 la webcam.<\/p>\n<\/div>\n<\/div>\n<div class=\"feature-content-section\"><\/div>\n<\/div>\n<\/div>\n<\/div>\n","protected":false},"excerpt":{"rendered":"<h2>CARACT\u00c9RISTIQUES PRINCIPALES :<\/h2>\n<ul>\n<li><strong>Processeur AMD Ryzen 5 7535HS<\/strong>\u00a0(Hexa-Core 3.3 GHz \/ 4.2 GHz Turbo \u2013 12 Threads \u2013 Cache 16 Mo)<\/li>\n<li>16 Go de m\u00e9moire DDR4 3200 MHz (2x 4 Go)<\/li>\n<li><strong>SSD M.2 PCIe de 512 Go<\/strong><\/li>\n<li>Ecran IPS de 15.6\u2033 avec r\u00e9solution Full HD (1920 x 1080 pixels) et\u00a0<strong>fr\u00e9quence de 120 Hz<\/strong><\/li>\n<li>Puce graphique\u00a0<strong>NVIDIA GeForce RTX 4050 Laptop<\/strong> avec 6 Go de m\u00e9moire GDDR6<\/li>\n<li>Communication sans fil Wi-Fi 6 (AX) + Bluetooth 5.2<\/li>\n<li>Clavier avec touches r\u00e9tro\u00e9clair\u00e9es (coloris vert acidul\u00e9)<\/li>\n<li>Haut-parleurs avec certification Bang &amp; Olufsen et technologie HP Audio Boost<\/li>\n<li>Webcam HD 720p int\u00e9gr\u00e9e<\/li>\n<li><strong>Windows 11 Famille 64 bits<\/strong><\/li>\n<li>Neuf<\/li>\n<\/ul>\n","protected":false},"featured_media":1008843,"template":"","meta":{"_acf_changed":false},"pwb-brand":[],"product_brand":[],"product_cat":[122,121,126],"product_tag":[],"pcb_component_type":[],"class_list":{"0":"post-8841","1":"product","2":"type-product","3":"status-publish","4":"has-post-thumbnail","6":"product_cat-gaming","7":"product_cat-pc-portable","8":"product_cat-professional","10":"first","11":"outofstock","12":"shipping-taxable","13":"product-type-simple"},"translation":{"provider":"WPGlobus","version":"3.0.2","language":"es","enabled_languages":["en","es","de","fr","ru"],"languages":{"en":{"title":true,"content":true,"excerpt":true},"es":{"title":false,"content":false,"excerpt":false},"de":{"title":false,"content":false,"excerpt":false},"fr":{"title":false,"content":false,"excerpt":false},"ru":{"title":false,"content":false,"excerpt":false}}},"acf":[],"yoast_head":"<!-- This site is optimized with the Yoast SEO plugin v27.2 - https:\/\/yoast.com\/product\/yoast-seo-wordpress\/ -->\n<title>Lenovo IdeaPad Gaming 3 15ARH7 RYZEN 5 7535HS\/16GB\/512GB SSD\/RTX 4050\/15.6&quot; 120HZ - Osaka<\/title>\n<meta name=\"robots\" content=\"index, follow, max-snippet:-1, max-image-preview:large, max-video-preview:-1\" \/>\n<link rel=\"canonical\" href=\"https:\/\/osaka.ma\/de\/product\/lenovo-ideapad-gaming-3-15arh7-ryzen-5-7535hs-16gb-512gb-ssd-rtx-4050-15-6-120hz\/\" \/>\n<meta property=\"og:locale\" content=\"es_ES\" \/>\n<meta property=\"og:type\" content=\"article\" \/>\n<meta property=\"og:title\" content=\"Lenovo IdeaPad Gaming 3 15ARH7 RYZEN 5 7535HS\/16GB\/512GB SSD\/RTX 4050\/15.6&quot; 120HZ - Osaka\" \/>\n<meta property=\"og:url\" content=\"https:\/\/osaka.ma\/de\/product\/lenovo-ideapad-gaming-3-15arh7-ryzen-5-7535hs-16gb-512gb-ssd-rtx-4050-15-6-120hz\/\" \/>\n<meta property=\"og:site_name\" content=\"Osaka\" \/>\n<meta property=\"article:modified_time\" content=\"2024-12-18T15:36:05+00:00\" \/>\n<meta property=\"og:image\" content=\"https:\/\/osaka.ma\/wp-content\/uploads\/2024\/05\/IDEAPADGAMING3-2.jpg\" \/>\n\t<meta property=\"og:image:width\" content=\"1500\" \/>\n\t<meta property=\"og:image:height\" content=\"1500\" \/>\n\t<meta property=\"og:image:type\" content=\"image\/jpeg\" \/>\n<meta name=\"twitter:card\" content=\"summary_large_image\" \/>\n<meta name=\"twitter:label1\" content=\"Est. reading time\" \/>\n\t<meta name=\"twitter:data1\" content=\"4 minutes\" \/>\n<script type=\"application\/ld+json\" class=\"yoast-schema-graph\">{\"@context\":\"https:\/\/schema.org\",\"@graph\":[{\"@type\":\"WebPage\",\"@id\":\"https:\/\/osaka.ma\/de\/product\/lenovo-ideapad-gaming-3-15arh7-ryzen-5-7535hs-16gb-512gb-ssd-rtx-4050-15-6-120hz\/\",\"url\":\"https:\/\/osaka.ma\/de\/product\/lenovo-ideapad-gaming-3-15arh7-ryzen-5-7535hs-16gb-512gb-ssd-rtx-4050-15-6-120hz\/\",\"name\":\"Lenovo IdeaPad Gaming 3 15ARH7 RYZEN 5 7535HS\/16GB\/512GB SSD\/RTX 4050\/15.6\\\" 120HZ - Osaka\",\"isPartOf\":{\"@id\":\"https:\/\/osaka.ma\/#website\"},\"primaryImageOfPage\":{\"@id\":\"https:\/\/osaka.ma\/de\/product\/lenovo-ideapad-gaming-3-15arh7-ryzen-5-7535hs-16gb-512gb-ssd-rtx-4050-15-6-120hz\/#primaryimage\"},\"image\":{\"@id\":\"https:\/\/osaka.ma\/de\/product\/lenovo-ideapad-gaming-3-15arh7-ryzen-5-7535hs-16gb-512gb-ssd-rtx-4050-15-6-120hz\/#primaryimage\"},\"thumbnailUrl\":\"https:\/\/osaka.ma\/wp-content\/uploads\/2024\/05\/IDEAPADGAMING3-2.jpg\",\"datePublished\":\"2024-05-13T12:31:28+00:00\",\"dateModified\":\"2024-12-18T15:36:05+00:00\",\"breadcrumb\":{\"@id\":\"https:\/\/osaka.ma\/de\/product\/lenovo-ideapad-gaming-3-15arh7-ryzen-5-7535hs-16gb-512gb-ssd-rtx-4050-15-6-120hz\/#breadcrumb\"},\"inLanguage\":\"es-ES\",\"potentialAction\":[{\"@type\":\"ReadAction\",\"target\":[\"https:\/\/osaka.ma\/de\/product\/lenovo-ideapad-gaming-3-15arh7-ryzen-5-7535hs-16gb-512gb-ssd-rtx-4050-15-6-120hz\/\"]}]},{\"@type\":\"ImageObject\",\"inLanguage\":\"es-ES\",\"@id\":\"https:\/\/osaka.ma\/de\/product\/lenovo-ideapad-gaming-3-15arh7-ryzen-5-7535hs-16gb-512gb-ssd-rtx-4050-15-6-120hz\/#primaryimage\",\"url\":\"https:\/\/osaka.ma\/wp-content\/uploads\/2024\/05\/IDEAPADGAMING3-2.jpg\",\"contentUrl\":\"https:\/\/osaka.ma\/wp-content\/uploads\/2024\/05\/IDEAPADGAMING3-2.jpg\",\"width\":1500,\"height\":1500},{\"@type\":\"BreadcrumbList\",\"@id\":\"https:\/\/osaka.ma\/de\/product\/lenovo-ideapad-gaming-3-15arh7-ryzen-5-7535hs-16gb-512gb-ssd-rtx-4050-15-6-120hz\/#breadcrumb\",\"itemListElement\":[{\"@type\":\"ListItem\",\"position\":1,\"name\":\"Home\",\"item\":\"https:\/\/osaka.ma\/\"},{\"@type\":\"ListItem\",\"position\":2,\"name\":\"Shop\",\"item\":\"https:\/\/osaka.ma\/shop-2\/\"},{\"@type\":\"ListItem\",\"position\":3,\"name\":\"Lenovo IdeaPad Gaming 3 15ARH7 RYZEN 5 7535HS\/16GB\/512GB SSD\/RTX 4050\/15.6&#8243; 120HZ\"}]},{\"@type\":\"WebSite\",\"@id\":\"https:\/\/osaka.ma\/#website\",\"url\":\"https:\/\/osaka.ma\/\",\"name\":\"Osaka\",\"description\":\"\",\"publisher\":{\"@id\":\"https:\/\/osaka.ma\/#organization\"},\"potentialAction\":[{\"@type\":\"SearchAction\",\"target\":{\"@type\":\"EntryPoint\",\"urlTemplate\":\"https:\/\/osaka.ma\/?s={search_term_string}\"},\"query-input\":{\"@type\":\"PropertyValueSpecification\",\"valueRequired\":true,\"valueName\":\"search_term_string\"}}],\"inLanguage\":\"es-ES\"},{\"@type\":\"Organization\",\"@id\":\"https:\/\/osaka.ma\/#organization\",\"name\":\"Osaka\",\"url\":\"https:\/\/osaka.ma\/\",\"logo\":{\"@type\":\"ImageObject\",\"inLanguage\":\"es-ES\",\"@id\":\"https:\/\/osaka.ma\/#\/schema\/logo\/image\/\",\"url\":\"https:\/\/osaka.ma\/wp-content\/uploads\/2026\/01\/model-slogan-logo-2Plan-de-travail-1dksl-plus-finnn.png\",\"contentUrl\":\"https:\/\/osaka.ma\/wp-content\/uploads\/2026\/01\/model-slogan-logo-2Plan-de-travail-1dksl-plus-finnn.png\",\"width\":842,\"height\":226,\"caption\":\"Osaka\"},\"image\":{\"@id\":\"https:\/\/osaka.ma\/#\/schema\/logo\/image\/\"}}]}<\/script>\n<!-- \/ Yoast SEO plugin. -->","yoast_head_json":{"title":"Lenovo IdeaPad Gaming 3 15ARH7 RYZEN 5 7535HS\/16GB\/512GB SSD\/RTX 4050\/15.6\" 120HZ - Osaka","robots":{"index":"index","follow":"follow","max-snippet":"max-snippet:-1","max-image-preview":"max-image-preview:large","max-video-preview":"max-video-preview:-1"},"canonical":"https:\/\/osaka.ma\/de\/product\/lenovo-ideapad-gaming-3-15arh7-ryzen-5-7535hs-16gb-512gb-ssd-rtx-4050-15-6-120hz\/","og_locale":"es_ES","og_type":"article","og_title":"Lenovo IdeaPad Gaming 3 15ARH7 RYZEN 5 7535HS\/16GB\/512GB SSD\/RTX 4050\/15.6\" 120HZ - Osaka","og_url":"https:\/\/osaka.ma\/de\/product\/lenovo-ideapad-gaming-3-15arh7-ryzen-5-7535hs-16gb-512gb-ssd-rtx-4050-15-6-120hz\/","og_site_name":"Osaka","article_modified_time":"2024-12-18T15:36:05+00:00","og_image":[{"width":1500,"height":1500,"url":"https:\/\/osaka.ma\/wp-content\/uploads\/2024\/05\/IDEAPADGAMING3-2.jpg","type":"image\/jpeg"}],"twitter_card":"summary_large_image","twitter_misc":{"Est. reading time":"4 minutes"},"schema":{"@context":"https:\/\/schema.org","@graph":[{"@type":"WebPage","@id":"https:\/\/osaka.ma\/de\/product\/lenovo-ideapad-gaming-3-15arh7-ryzen-5-7535hs-16gb-512gb-ssd-rtx-4050-15-6-120hz\/","url":"https:\/\/osaka.ma\/de\/product\/lenovo-ideapad-gaming-3-15arh7-ryzen-5-7535hs-16gb-512gb-ssd-rtx-4050-15-6-120hz\/","name":"Lenovo IdeaPad Gaming 3 15ARH7 RYZEN 5 7535HS\/16GB\/512GB SSD\/RTX 4050\/15.6\" 120HZ - Osaka","isPartOf":{"@id":"https:\/\/osaka.ma\/#website"},"primaryImageOfPage":{"@id":"https:\/\/osaka.ma\/de\/product\/lenovo-ideapad-gaming-3-15arh7-ryzen-5-7535hs-16gb-512gb-ssd-rtx-4050-15-6-120hz\/#primaryimage"},"image":{"@id":"https:\/\/osaka.ma\/de\/product\/lenovo-ideapad-gaming-3-15arh7-ryzen-5-7535hs-16gb-512gb-ssd-rtx-4050-15-6-120hz\/#primaryimage"},"thumbnailUrl":"https:\/\/osaka.ma\/wp-content\/uploads\/2024\/05\/IDEAPADGAMING3-2.jpg","datePublished":"2024-05-13T12:31:28+00:00","dateModified":"2024-12-18T15:36:05+00:00","breadcrumb":{"@id":"https:\/\/osaka.ma\/de\/product\/lenovo-ideapad-gaming-3-15arh7-ryzen-5-7535hs-16gb-512gb-ssd-rtx-4050-15-6-120hz\/#breadcrumb"},"inLanguage":"es-ES","potentialAction":[{"@type":"ReadAction","target":["https:\/\/osaka.ma\/de\/product\/lenovo-ideapad-gaming-3-15arh7-ryzen-5-7535hs-16gb-512gb-ssd-rtx-4050-15-6-120hz\/"]}]},{"@type":"ImageObject","inLanguage":"es-ES","@id":"https:\/\/osaka.ma\/de\/product\/lenovo-ideapad-gaming-3-15arh7-ryzen-5-7535hs-16gb-512gb-ssd-rtx-4050-15-6-120hz\/#primaryimage","url":"https:\/\/osaka.ma\/wp-content\/uploads\/2024\/05\/IDEAPADGAMING3-2.jpg","contentUrl":"https:\/\/osaka.ma\/wp-content\/uploads\/2024\/05\/IDEAPADGAMING3-2.jpg","width":1500,"height":1500},{"@type":"BreadcrumbList","@id":"https:\/\/osaka.ma\/de\/product\/lenovo-ideapad-gaming-3-15arh7-ryzen-5-7535hs-16gb-512gb-ssd-rtx-4050-15-6-120hz\/#breadcrumb","itemListElement":[{"@type":"ListItem","position":1,"name":"Home","item":"https:\/\/osaka.ma\/"},{"@type":"ListItem","position":2,"name":"Shop","item":"https:\/\/osaka.ma\/shop-2\/"},{"@type":"ListItem","position":3,"name":"Lenovo IdeaPad Gaming 3 15ARH7 RYZEN 5 7535HS\/16GB\/512GB SSD\/RTX 4050\/15.6&#8243; 120HZ"}]},{"@type":"WebSite","@id":"https:\/\/osaka.ma\/#website","url":"https:\/\/osaka.ma\/","name":"Osaka","description":"","publisher":{"@id":"https:\/\/osaka.ma\/#organization"},"potentialAction":[{"@type":"SearchAction","target":{"@type":"EntryPoint","urlTemplate":"https:\/\/osaka.ma\/?s={search_term_string}"},"query-input":{"@type":"PropertyValueSpecification","valueRequired":true,"valueName":"search_term_string"}}],"inLanguage":"es-ES"},{"@type":"Organization","@id":"https:\/\/osaka.ma\/#organization","name":"Osaka","url":"https:\/\/osaka.ma\/","logo":{"@type":"ImageObject","inLanguage":"es-ES","@id":"https:\/\/osaka.ma\/#\/schema\/logo\/image\/","url":"https:\/\/osaka.ma\/wp-content\/uploads\/2026\/01\/model-slogan-logo-2Plan-de-travail-1dksl-plus-finnn.png","contentUrl":"https:\/\/osaka.ma\/wp-content\/uploads\/2026\/01\/model-slogan-logo-2Plan-de-travail-1dksl-plus-finnn.png","width":842,"height":226,"caption":"Osaka"},"image":{"@id":"https:\/\/osaka.ma\/#\/schema\/logo\/image\/"}}]}},"jetpack_sharing_enabled":true,"brands":[],"_links":{"self":[{"href":"https:\/\/osaka.ma\/es\/wp-json\/wp\/v2\/product\/8841","targetHints":{"allow":["GET"]}}],"collection":[{"href":"https:\/\/osaka.ma\/es\/wp-json\/wp\/v2\/product"}],"about":[{"href":"https:\/\/osaka.ma\/es\/wp-json\/wp\/v2\/types\/product"}],"version-history":[{"count":0,"href":"https:\/\/osaka.ma\/es\/wp-json\/wp\/v2\/product\/8841\/revisions"}],"wp:featuredmedia":[{"embeddable":true,"href":"https:\/\/osaka.ma\/es\/wp-json\/wp\/v2\/media\/1008843"}],"wp:attachment":[{"href":"https:\/\/osaka.ma\/es\/wp-json\/wp\/v2\/media?parent=8841"}],"wp:term":[{"taxonomy":"pwb-brand","embeddable":true,"href":"https:\/\/osaka.ma\/es\/wp-json\/wp\/v2\/pwb-brand?post=8841"},{"taxonomy":"product_brand","embeddable":true,"href":"https:\/\/osaka.ma\/es\/wp-json\/wp\/v2\/product_brand?post=8841"},{"taxonomy":"product_cat","embeddable":true,"href":"https:\/\/osaka.ma\/es\/wp-json\/wp\/v2\/product_cat?post=8841"},{"taxonomy":"product_tag","embeddable":true,"href":"https:\/\/osaka.ma\/es\/wp-json\/wp\/v2\/product_tag?post=8841"},{"taxonomy":"pcb_component_type","embeddable":true,"href":"https:\/\/osaka.ma\/es\/wp-json\/wp\/v2\/pcb_component_type?post=8841"}],"curies":[{"name":"wp","href":"https:\/\/api.w.org\/{rel}","templated":true}]}}