{"id":8872,"date":"2024-05-14T15:56:22","date_gmt":"2024-05-14T15:56:22","guid":{"rendered":"https:\/\/osaka.ma\/?post_type=product&#038;p=8872"},"modified":"2024-12-18T15:36:05","modified_gmt":"2024-12-18T15:36:05","slug":"pc-gamer-amd-ryzen-5-7600x-16gb-1tb-ssd-rtx3060","status":"publish","type":"product","link":"https:\/\/osaka.ma\/es\/product\/pc-gamer-amd-ryzen-5-7600x-16gb-1tb-ssd-rtx3060\/","title":{"rendered":"PC Gamer AMD RYZEN\u2122 5 7600X \/ 16GB\/1TB SSD\/RTX3060"},"content":{"rendered":"<p><i><img decoding=\"async\" src=\"https:\/\/media.ldlc.com\/bo\/images\/fiches\/kit_upgrade\/case_80.png\" alt=\"\" \/>Voici le PC Gaming parfait : le OSAKA<strong>\u00a0PC11 Zen-M5 Plus Perfect<\/strong>. Configur\u00e9 pour offrir les meilleures performances dans les jeux les plus r\u00e9cents, il vous accompagnera quelles que soient vos envies. Avec un\u00a0<strong>processeur Ryzen 5 7600X boost\u00e9e <\/strong>, une carte graphique NVIDIA RTX 3060\u00a0 , 16 Go de m\u00e9moire vive DDR5, un SSD NVMe PCIe 4.0 de 1TB pour le stockage, le <strong>PC Zen-M5 Plus Perfect<\/strong>\u00a0ne laisse rien au hasard et vous permettra de jouer \u00e0 vos Hits PC favoris dans de tr\u00e8s bonnes conditions de r\u00e9solution et de framerate.<br \/>\n<\/i><\/p>\n<ul>\n<li>Processeur<strong>\u00a0<a href=\"https:\/\/osaka.ma\/produit\/amd-ryzen-5-7600x-tray-4-7-ghz-5-3-ghz\/\" target=\"_blank\" rel=\"noopener\">AMD Ryzen 5 7600X (4.2 GHz \/ 5.0 GHz)<\/a><\/strong><\/li>\n<li>Carte m\u00e8re\u00a0<a href=\"https:\/\/osaka.ma\/produit\/msi-pro-b650m-b\/\"><strong>MSI PRO B650M-B<\/strong><\/a><\/li>\n<li>RAM\u00a0 :<strong> 16GB XPG DDR5 4800MHZ<\/strong><\/li>\n<li>Carte graphique :\u00a0<a href=\"https:\/\/osaka.ma\/produit\/msi-ventus-xs-rtx-3060-12gb\/\"><strong>MSI VENTUS 2X\u00a0 RTX 3060 12GB<\/strong><\/a><\/li>\n<li>SSD<a href=\"https:\/\/osaka.ma\/produit\/crucial-p3-plus-1tb-gen4\/\"><strong> 1TB CRUCIAL P3 PLUS GEN4<\/strong><\/a><\/li>\n<li>Bo\u00eetier :<a href=\"https:\/\/osaka.ma\/produit\/aerocool-ore-saturn-frgb\/\"><strong> AEROCOOL ORE SATURN FRGB<\/strong><\/a><\/li>\n<li>Aircooler : <a href=\"https:\/\/osaka.ma\/produit\/aerocool-cylon-4f\/\"><strong>AEROCOOL CYLON 4F<\/strong><\/a><\/li>\n<li>Alimentation : <strong>MSI MAG A650BNL 80+ BRONZE<\/strong><\/li>\n<li>Windows 11 Famille (mont\u00e9)<\/li>\n<\/ul>\n<h2 class=\"h2-master\">Performance de jeu extr\u00eame !<\/h2>\n<section>Atteignez un nouveau seuil de performance avec le PC Gamer OSAKA ! Taill\u00e9e pour vous offrir des performances de Gaming haut de gamme, avec une fluidit\u00e9 impeccable, cette configuration Gamer sera \u00e9galement \u00e0 l\u2019aise pour la cr\u00e9ation de contenus et le multit\u00e2che intensif.<\/section>\n<section>\n<div class=\"desc-image\"><img decoding=\"async\" src=\"https:\/\/media.ldlc.com\/bo\/images\/fiches\/Processeur\/AMD\/raphael\/amd_ryzen_7000_001.jpg\" alt=\"\" \/><\/div>\n<div class=\"desc-text\">\n<h2>AMD RYZEN 5 7600X<\/h2>\n<p>Les fr\u00e9quences \u00e9lev\u00e9es des processeurs\u00a0<strong>AMD Ryzen Zen 4<\/strong>\u00a0sont un v\u00e9ritable avantage dans les jeux. Choisissez les bons composants et concevez un PC Gaming surpuissant, sans latences et pr\u00eat \u00e0 servir quand il faut. Prenez l\u2019avantage sur vos adversaires et atteignez des sommets gr\u00e2ce aux processeurs<strong>\u00a0AMD Ryzen 7000<\/strong>\u00a0et aux cartes m\u00e8res\u00a0<strong>AMD AM5<\/strong>.<\/p>\n<p>Les processeurs\u00a0<strong>AMD Ryzen 7000<\/strong>\u00a0sont performants dans tous les domaines. Ils vont permettront de cr\u00e9er plus vite, d\u2019atteindre vos objectifs plus rapidement et de gagner du temps en permanence. Qu\u2019il s\u2019agisse de rendu 3D ou d\u2019exportation de fichiers vid\u00e9o volumineux, concevez, livrez et faites le job avec la vitesse et le stockage PCIe 5.0, de nombreux threads de traitement et des acc\u00e9l\u00e9rateurs vid\u00e9o d\u00e9di\u00e9s.<\/p>\n<\/div>\n<\/section>\n<h2 class=\"h2-master\">NVIDIA DLSS 3 et ray tracing au coeur du jeu<\/h2>\n<section>Bas\u00e9e sur l\u2019architecture NVIDIA Ada Lovelace, la carte graphique\u00a0<strong>MSI GeForce RTX 3060 VENTUS 2X BLACK 12G OC <\/strong>s\u2019appuie sur la technologie\u00a0<strong>DLSS 3\u00a0<\/strong>et le<strong>\u00a0ray tracing mat\u00e9riel<\/strong> pour sublimer les jeux les plus r\u00e9cents et vous permettre de vivre une exp\u00e9rience vid\u00e9oludique immersive et r\u00e9aliste. Au-del\u00e0 du jeu, les cartes graphiques NVIDIA GeForce RTX 3060 offrent de hautes performances pour cr\u00e9er et streamer.<\/section>\n<section>\n<div class=\"desc-image\"><img decoding=\"async\" src=\"https:\/\/media.ldlc.com\/bo\/images\/fiches\/Carte_graphique\/MSI\/msi_rtx_ventus_2x_black_001.jpg\" alt=\"\" \/><\/div>\n<div class=\"desc-text\">\n<h2>MSI GEFORCE RTX 3060 VENTUS 2X BLACK 12G OC<\/h2>\n<ul>\n<li>Syst\u00e8me de refroidissement Dual Fan<\/li>\n<li>Ventilateurs TORX FAN 4.0<\/li>\n<li>Backplate renrforc\u00e9e<\/li>\n<li>Technologie Zero Frozr : arr\u00eat des ventilateurs lorsque le syst\u00e8me est peu sollicit\u00e9<\/li>\n<li>Logiciels MSI Center et Afterburner<\/li>\n<\/ul>\n<\/div>\n<\/section>\n<section>\n<div class=\"desc-text\">\n<h2>ARCHITECTURE NVIDIA ADA LOVELACE<\/h2>\n<p>Cette architecture nouvelle va vous permettre de garder une longueur d\u2019avance. Elle est en avance sur son temps comme sur le jeu.<\/p>\n<ul>\n<li>Nouveaux multiprocesseurs de flux : Jusqu\u2019\u00e0 2 fois plus de performances et de rendement \u00e9nerg\u00e9tique<\/li>\n<li>C\u0153urs Tensor de quatri\u00e8me g\u00e9n\u00e9ration : Jusqu\u2019\u00e0 2 fois plus de performances d\u2019IA<\/li>\n<li>C\u0153urs RT de troisi\u00e8me g\u00e9n\u00e9ration : Jusqu\u2019\u00e0 2 fois plus de performances de ray tracing et des graphismes r\u00e9alistes et immersifs<\/li>\n<li>Plateforme NVIDIA Reflex \u00e0 faible latence<\/li>\n<li>Encodeur NVIDIA : Conception pour le streaming en direct<\/li>\n<li>NVIDIA Broadcast : Vid\u00e9o et voix optimis\u00e9es par l\u2019IA<\/li>\n<li>NVIDIA Studio : Acc\u00e9l\u00e9rez votre cr\u00e9ativit\u00e9<\/li>\n<li>NVIDIA DLSS 3 : Performances acc\u00e9l\u00e9r\u00e9es par l\u2019IA<\/li>\n<\/ul>\n<p>&nbsp;<\/p>\n<\/div>\n<div class=\"desc-image\"><img decoding=\"async\" src=\"https:\/\/media.ldlc.com\/bo\/images\/fiches\/Carte_graphique\/NVIDIA\/nvidia_ada_lovelace_001.jpg\" alt=\"\" \/><\/div>\n<\/section>\n","protected":false},"excerpt":{"rendered":"<p><i>Voici le PC Gaming parfait : le OSAKA<strong>\u00a0PC11 Zen-M5 Plus Perfect<\/strong>. Configur\u00e9 pour offrir les meilleures performances dans les jeux les plus r\u00e9cents, il vous accompagnera quelles que soient vos envies. Avec un\u00a0<strong>processeur Ryzen 5 7600X boost\u00e9e <\/strong>, une carte graphique NVIDIA RTX 3060 12GB\u00a0 , 16 Go de m\u00e9moire vive DDR5, un SSD NVMe PCIe 4.0 de 1TB pour le stockage, le <strong>PC Zen-M5 Plus Perfect<\/strong>\u00a0ne laisse rien au hasard et vous permettra de jouer \u00e0 vos Hits PC favoris dans de tr\u00e8s bonnes conditions de r\u00e9solution et de framerate.<br \/>\n<\/i><\/p>\n<ul>\n<li>Processeur<strong>\u00a0AMD Ryzen 5 7600X (4.2 GHz \/ 5.0 GHz)<\/strong><\/li>\n<li>Carte m\u00e8re\u00a0<strong>MSI PRO B650M-B<\/strong><\/li>\n<li>RAM\u00a0 :<strong> 16GB XPG DDR5 4800MHZ<\/strong><\/li>\n<li>Carte graphique :\u00a0<strong>MSI VENTUS 2X\u00a0 RTX 3060 12GB<\/strong><\/li>\n<li>SSD<strong> 1TB CRUCIAL P3 PLUS GEN4<\/strong><\/li>\n<li>Bo\u00eetier :<strong> AEROCOOL ORE SATURN FRGB<\/strong><\/li>\n<li>Watercooling : <b>AEROCOOL CYLON 4F<\/b><\/li>\n<li>Alimentation : <strong>MSI MAG A650BNL 80+ BRONZE<\/strong><\/li>\n<li>Windows 11 Famille (mont\u00e9)<\/li>\n<\/ul>\n","protected":false},"featured_media":1008575,"template":"","meta":{"_acf_changed":false},"pwb-brand":[],"product_brand":[],"product_cat":[54,53],"product_tag":[],"pcb_component_type":[],"class_list":{"0":"post-8872","1":"product","2":"type-product","3":"status-publish","4":"has-post-thumbnail","6":"product_cat-amd-ryzen","7":"product_cat-pc-gamer","9":"first","10":"outofstock","11":"shipping-taxable","12":"product-type-simple"},"translation":{"provider":"WPGlobus","version":"3.0.2","language":"es","enabled_languages":["en","es","de","fr","ru"],"languages":{"en":{"title":true,"content":true,"excerpt":true},"es":{"title":false,"content":false,"excerpt":false},"de":{"title":false,"content":false,"excerpt":false},"fr":{"title":false,"content":false,"excerpt":false},"ru":{"title":false,"content":false,"excerpt":false}}},"acf":[],"yoast_head":"<!-- This site is optimized with the Yoast SEO plugin v27.2 - https:\/\/yoast.com\/product\/yoast-seo-wordpress\/ -->\n<title>PC Gamer AMD RYZEN\u2122 5 7600X \/ 16GB\/1TB SSD\/RTX3060 - Osaka<\/title>\n<meta name=\"robots\" content=\"index, follow, max-snippet:-1, max-image-preview:large, max-video-preview:-1\" \/>\n<link rel=\"canonical\" href=\"https:\/\/osaka.ma\/ru\/product\/pc-gamer-amd-ryzen-5-7600x-16gb-1tb-ssd-rtx3060\/\" \/>\n<meta property=\"og:locale\" content=\"es_ES\" \/>\n<meta property=\"og:type\" content=\"article\" \/>\n<meta property=\"og:title\" content=\"PC Gamer AMD RYZEN\u2122 5 7600X \/ 16GB\/1TB SSD\/RTX3060 - Osaka\" \/>\n<meta property=\"og:url\" content=\"https:\/\/osaka.ma\/ru\/product\/pc-gamer-amd-ryzen-5-7600x-16gb-1tb-ssd-rtx3060\/\" \/>\n<meta property=\"og:site_name\" content=\"Osaka\" \/>\n<meta property=\"article:modified_time\" content=\"2024-12-18T15:36:05+00:00\" \/>\n<meta property=\"og:image\" content=\"https:\/\/osaka.ma\/wp-content\/uploads\/2024\/04\/AEROCOOLORE-1-1.jpg\" \/>\n\t<meta property=\"og:image:width\" content=\"700\" \/>\n\t<meta property=\"og:image:height\" content=\"700\" \/>\n\t<meta property=\"og:image:type\" content=\"image\/jpeg\" \/>\n<meta name=\"twitter:card\" content=\"summary_large_image\" \/>\n<meta name=\"twitter:label1\" content=\"Est. reading time\" \/>\n\t<meta name=\"twitter:data1\" content=\"4 minutes\" \/>\n<script type=\"application\/ld+json\" class=\"yoast-schema-graph\">{\"@context\":\"https:\/\/schema.org\",\"@graph\":[{\"@type\":\"WebPage\",\"@id\":\"https:\/\/osaka.ma\/ru\/product\/pc-gamer-amd-ryzen-5-7600x-16gb-1tb-ssd-rtx3060\/\",\"url\":\"https:\/\/osaka.ma\/ru\/product\/pc-gamer-amd-ryzen-5-7600x-16gb-1tb-ssd-rtx3060\/\",\"name\":\"PC Gamer AMD RYZEN\u2122 5 7600X \/ 16GB\/1TB SSD\/RTX3060 - Osaka\",\"isPartOf\":{\"@id\":\"https:\/\/osaka.ma\/#website\"},\"primaryImageOfPage\":{\"@id\":\"https:\/\/osaka.ma\/ru\/product\/pc-gamer-amd-ryzen-5-7600x-16gb-1tb-ssd-rtx3060\/#primaryimage\"},\"image\":{\"@id\":\"https:\/\/osaka.ma\/ru\/product\/pc-gamer-amd-ryzen-5-7600x-16gb-1tb-ssd-rtx3060\/#primaryimage\"},\"thumbnailUrl\":\"https:\/\/osaka.ma\/wp-content\/uploads\/2024\/04\/AEROCOOLORE-1-1.jpg\",\"datePublished\":\"2024-05-14T15:56:22+00:00\",\"dateModified\":\"2024-12-18T15:36:05+00:00\",\"breadcrumb\":{\"@id\":\"https:\/\/osaka.ma\/ru\/product\/pc-gamer-amd-ryzen-5-7600x-16gb-1tb-ssd-rtx3060\/#breadcrumb\"},\"inLanguage\":\"es-ES\",\"potentialAction\":[{\"@type\":\"ReadAction\",\"target\":[\"https:\/\/osaka.ma\/ru\/product\/pc-gamer-amd-ryzen-5-7600x-16gb-1tb-ssd-rtx3060\/\"]}]},{\"@type\":\"ImageObject\",\"inLanguage\":\"es-ES\",\"@id\":\"https:\/\/osaka.ma\/ru\/product\/pc-gamer-amd-ryzen-5-7600x-16gb-1tb-ssd-rtx3060\/#primaryimage\",\"url\":\"https:\/\/osaka.ma\/wp-content\/uploads\/2024\/04\/AEROCOOLORE-1-1.jpg\",\"contentUrl\":\"https:\/\/osaka.ma\/wp-content\/uploads\/2024\/04\/AEROCOOLORE-1-1.jpg\",\"width\":700,\"height\":700},{\"@type\":\"BreadcrumbList\",\"@id\":\"https:\/\/osaka.ma\/ru\/product\/pc-gamer-amd-ryzen-5-7600x-16gb-1tb-ssd-rtx3060\/#breadcrumb\",\"itemListElement\":[{\"@type\":\"ListItem\",\"position\":1,\"name\":\"Home\",\"item\":\"https:\/\/osaka.ma\/\"},{\"@type\":\"ListItem\",\"position\":2,\"name\":\"Shop\",\"item\":\"https:\/\/osaka.ma\/shop-2\/\"},{\"@type\":\"ListItem\",\"position\":3,\"name\":\"PC Gamer AMD RYZEN\u2122 5 7600X \/ 16GB\/1TB SSD\/RTX3060\"}]},{\"@type\":\"WebSite\",\"@id\":\"https:\/\/osaka.ma\/#website\",\"url\":\"https:\/\/osaka.ma\/\",\"name\":\"Osaka\",\"description\":\"\",\"publisher\":{\"@id\":\"https:\/\/osaka.ma\/#organization\"},\"potentialAction\":[{\"@type\":\"SearchAction\",\"target\":{\"@type\":\"EntryPoint\",\"urlTemplate\":\"https:\/\/osaka.ma\/?s={search_term_string}\"},\"query-input\":{\"@type\":\"PropertyValueSpecification\",\"valueRequired\":true,\"valueName\":\"search_term_string\"}}],\"inLanguage\":\"es-ES\"},{\"@type\":\"Organization\",\"@id\":\"https:\/\/osaka.ma\/#organization\",\"name\":\"Osaka\",\"url\":\"https:\/\/osaka.ma\/\",\"logo\":{\"@type\":\"ImageObject\",\"inLanguage\":\"es-ES\",\"@id\":\"https:\/\/osaka.ma\/#\/schema\/logo\/image\/\",\"url\":\"https:\/\/osaka.ma\/wp-content\/uploads\/2026\/01\/model-slogan-logo-2Plan-de-travail-1dksl-plus-finnn.png\",\"contentUrl\":\"https:\/\/osaka.ma\/wp-content\/uploads\/2026\/01\/model-slogan-logo-2Plan-de-travail-1dksl-plus-finnn.png\",\"width\":842,\"height\":226,\"caption\":\"Osaka\"},\"image\":{\"@id\":\"https:\/\/osaka.ma\/#\/schema\/logo\/image\/\"}}]}<\/script>\n<!-- \/ Yoast SEO plugin. -->","yoast_head_json":{"title":"PC Gamer AMD RYZEN\u2122 5 7600X \/ 16GB\/1TB SSD\/RTX3060 - Osaka","robots":{"index":"index","follow":"follow","max-snippet":"max-snippet:-1","max-image-preview":"max-image-preview:large","max-video-preview":"max-video-preview:-1"},"canonical":"https:\/\/osaka.ma\/ru\/product\/pc-gamer-amd-ryzen-5-7600x-16gb-1tb-ssd-rtx3060\/","og_locale":"es_ES","og_type":"article","og_title":"PC Gamer AMD RYZEN\u2122 5 7600X \/ 16GB\/1TB SSD\/RTX3060 - Osaka","og_url":"https:\/\/osaka.ma\/ru\/product\/pc-gamer-amd-ryzen-5-7600x-16gb-1tb-ssd-rtx3060\/","og_site_name":"Osaka","article_modified_time":"2024-12-18T15:36:05+00:00","og_image":[{"width":700,"height":700,"url":"https:\/\/osaka.ma\/wp-content\/uploads\/2024\/04\/AEROCOOLORE-1-1.jpg","type":"image\/jpeg"}],"twitter_card":"summary_large_image","twitter_misc":{"Est. reading time":"4 minutes"},"schema":{"@context":"https:\/\/schema.org","@graph":[{"@type":"WebPage","@id":"https:\/\/osaka.ma\/ru\/product\/pc-gamer-amd-ryzen-5-7600x-16gb-1tb-ssd-rtx3060\/","url":"https:\/\/osaka.ma\/ru\/product\/pc-gamer-amd-ryzen-5-7600x-16gb-1tb-ssd-rtx3060\/","name":"PC Gamer AMD RYZEN\u2122 5 7600X \/ 16GB\/1TB SSD\/RTX3060 - Osaka","isPartOf":{"@id":"https:\/\/osaka.ma\/#website"},"primaryImageOfPage":{"@id":"https:\/\/osaka.ma\/ru\/product\/pc-gamer-amd-ryzen-5-7600x-16gb-1tb-ssd-rtx3060\/#primaryimage"},"image":{"@id":"https:\/\/osaka.ma\/ru\/product\/pc-gamer-amd-ryzen-5-7600x-16gb-1tb-ssd-rtx3060\/#primaryimage"},"thumbnailUrl":"https:\/\/osaka.ma\/wp-content\/uploads\/2024\/04\/AEROCOOLORE-1-1.jpg","datePublished":"2024-05-14T15:56:22+00:00","dateModified":"2024-12-18T15:36:05+00:00","breadcrumb":{"@id":"https:\/\/osaka.ma\/ru\/product\/pc-gamer-amd-ryzen-5-7600x-16gb-1tb-ssd-rtx3060\/#breadcrumb"},"inLanguage":"es-ES","potentialAction":[{"@type":"ReadAction","target":["https:\/\/osaka.ma\/ru\/product\/pc-gamer-amd-ryzen-5-7600x-16gb-1tb-ssd-rtx3060\/"]}]},{"@type":"ImageObject","inLanguage":"es-ES","@id":"https:\/\/osaka.ma\/ru\/product\/pc-gamer-amd-ryzen-5-7600x-16gb-1tb-ssd-rtx3060\/#primaryimage","url":"https:\/\/osaka.ma\/wp-content\/uploads\/2024\/04\/AEROCOOLORE-1-1.jpg","contentUrl":"https:\/\/osaka.ma\/wp-content\/uploads\/2024\/04\/AEROCOOLORE-1-1.jpg","width":700,"height":700},{"@type":"BreadcrumbList","@id":"https:\/\/osaka.ma\/ru\/product\/pc-gamer-amd-ryzen-5-7600x-16gb-1tb-ssd-rtx3060\/#breadcrumb","itemListElement":[{"@type":"ListItem","position":1,"name":"Home","item":"https:\/\/osaka.ma\/"},{"@type":"ListItem","position":2,"name":"Shop","item":"https:\/\/osaka.ma\/shop-2\/"},{"@type":"ListItem","position":3,"name":"PC Gamer AMD RYZEN\u2122 5 7600X \/ 16GB\/1TB SSD\/RTX3060"}]},{"@type":"WebSite","@id":"https:\/\/osaka.ma\/#website","url":"https:\/\/osaka.ma\/","name":"Osaka","description":"","publisher":{"@id":"https:\/\/osaka.ma\/#organization"},"potentialAction":[{"@type":"SearchAction","target":{"@type":"EntryPoint","urlTemplate":"https:\/\/osaka.ma\/?s={search_term_string}"},"query-input":{"@type":"PropertyValueSpecification","valueRequired":true,"valueName":"search_term_string"}}],"inLanguage":"es-ES"},{"@type":"Organization","@id":"https:\/\/osaka.ma\/#organization","name":"Osaka","url":"https:\/\/osaka.ma\/","logo":{"@type":"ImageObject","inLanguage":"es-ES","@id":"https:\/\/osaka.ma\/#\/schema\/logo\/image\/","url":"https:\/\/osaka.ma\/wp-content\/uploads\/2026\/01\/model-slogan-logo-2Plan-de-travail-1dksl-plus-finnn.png","contentUrl":"https:\/\/osaka.ma\/wp-content\/uploads\/2026\/01\/model-slogan-logo-2Plan-de-travail-1dksl-plus-finnn.png","width":842,"height":226,"caption":"Osaka"},"image":{"@id":"https:\/\/osaka.ma\/#\/schema\/logo\/image\/"}}]}},"jetpack_sharing_enabled":true,"brands":[],"_links":{"self":[{"href":"https:\/\/osaka.ma\/es\/wp-json\/wp\/v2\/product\/8872","targetHints":{"allow":["GET"]}}],"collection":[{"href":"https:\/\/osaka.ma\/es\/wp-json\/wp\/v2\/product"}],"about":[{"href":"https:\/\/osaka.ma\/es\/wp-json\/wp\/v2\/types\/product"}],"version-history":[{"count":0,"href":"https:\/\/osaka.ma\/es\/wp-json\/wp\/v2\/product\/8872\/revisions"}],"wp:featuredmedia":[{"embeddable":true,"href":"https:\/\/osaka.ma\/es\/wp-json\/wp\/v2\/media\/1008575"}],"wp:attachment":[{"href":"https:\/\/osaka.ma\/es\/wp-json\/wp\/v2\/media?parent=8872"}],"wp:term":[{"taxonomy":"pwb-brand","embeddable":true,"href":"https:\/\/osaka.ma\/es\/wp-json\/wp\/v2\/pwb-brand?post=8872"},{"taxonomy":"product_brand","embeddable":true,"href":"https:\/\/osaka.ma\/es\/wp-json\/wp\/v2\/product_brand?post=8872"},{"taxonomy":"product_cat","embeddable":true,"href":"https:\/\/osaka.ma\/es\/wp-json\/wp\/v2\/product_cat?post=8872"},{"taxonomy":"product_tag","embeddable":true,"href":"https:\/\/osaka.ma\/es\/wp-json\/wp\/v2\/product_tag?post=8872"},{"taxonomy":"pcb_component_type","embeddable":true,"href":"https:\/\/osaka.ma\/es\/wp-json\/wp\/v2\/pcb_component_type?post=8872"}],"curies":[{"name":"wp","href":"https:\/\/api.w.org\/{rel}","templated":true}]}}