{"id":9174,"date":"2024-06-05T11:30:25","date_gmt":"2024-06-05T11:30:25","guid":{"rendered":"https:\/\/osaka.ma\/?post_type=product&#038;p=9174"},"modified":"2025-04-12T12:09:33","modified_gmt":"2025-04-12T12:09:33","slug":"msi-suprim-teamliquid-x-rtx-4090-24g","status":"publish","type":"product","link":"https:\/\/osaka.ma\/es\/product\/msi-suprim-teamliquid-x-rtx-4090-24g\/","title":{"rendered":"MSI SUPRIM TEAMLIQUID X GEFORCE RTX 4090 24G"},"content":{"rendered":"<div class=\"logo\"><img decoding=\"async\" src=\"https:\/\/media.ldlc.com\/v3\/marque\/bo\/00\/05\/99\/39\/V30005993997.gif\" alt=\"MSI\" \/><\/div>\n<div id=\"description\" class=\"description\">\n<div class=\"details-pdt-desc\">\n<h2 class=\"h2-master\">MSI SUPRIM LIQUID X : Un Diamant plus rapide que jamais<\/h2>\n<section>La\u00a0<strong>carte graphique NVIDIA GeForce RTX 4090\u00a0<\/strong>offre une rapidit\u00e9 extr\u00eame pour les joueurs comme pour les cr\u00e9ateurs. Avec des performances hors norme et des capacit\u00e9s graphiques am\u00e9lior\u00e9es par Intelligence Artificielle, ce nouveau monstre de puissance vous permettra de plonger au c\u0153ur de l&#8217;action et de vous immerger dans des mondes aux graphismes ultra-r\u00e9alistes. Le rendu \u00e0 faible latence, les fr\u00e9quences d&#8217;images ultra-\u00e9lev\u00e9es et le ray tracing avanc\u00e9 vous permettront de jouer comme jamais auparavant. Enfin, de nouvelles m\u00e9thodes r\u00e9volutionnaires pour cr\u00e9er du contenu vous permettront d&#8217;acc\u00e9l\u00e9rer vos workflows de mani\u00e8re totalement in\u00e9dite.<\/section>\n<section>\n<div class=\"desc-image\"><img decoding=\"async\" src=\"https:\/\/media.ldlc.com\/bo\/images\/fiches\/Carte_graphique\/MSI\/rtx4000\/msi_geforce_rtx4090_suprim_liquid_x_24g.jpg\" alt=\"\" \/><\/div>\n<div class=\"desc-text\">\n<h2>MSI GEFORCE RTX 4090 SUPRIM LIQUID X 24G<\/h2>\n<p>Une\u00a0RTX 4090 cr\u00e9\u00e9e sur mesure par\u00a0MSI.\u00a0Equip\u00e9e d&#8217;un syst\u00e8me de refroidissement liquide avec un watercooling de 240 mm, son objectif est de vous permettre de jouer \u00e0 vos jeux pr\u00e9f\u00e9r\u00e9s dans les meilleures conditions, sans lag et sans surchauffe.\u00a0<strong>Deux ventilateurs MSI TORX 5.0<\/strong>\u00a0assurent le flux d&#8217;air et l&#8217;\u00e9vacuation de la chaleur.<\/p>\n<\/div>\n<\/section>\n<section>\n<div class=\"desc-text\">\n<h2>ARCHITECTURE NVIDIA ADA LOVELACE<\/h2>\n<p>Cette architecture nouvelle va vous permettre de garder une longueur d&#8217;avance. Elle est en avance sur son temps comme sur le jeu.<\/p>\n<ul>\n<li>Nouveaux multiprocesseurs de flux : Jusqu\u2019\u00e0 2 fois plus de performances et de rendement \u00e9nerg\u00e9tique<\/li>\n<li>C\u0153urs Tensor de quatri\u00e8me g\u00e9n\u00e9ration : Jusqu\u2019\u00e0 2 fois plus de performances d\u2019IA<\/li>\n<li>C\u0153urs RT de troisi\u00e8me g\u00e9n\u00e9ration : Jusqu\u2019\u00e0 2 fois plus de performances de ray tracing et des graphismes r\u00e9alistes et immersifs<\/li>\n<li>Plateforme NVIDIA Reflex \u00e0 faible latence<\/li>\n<li>Encodeur NVIDIA : Conception pour le streaming en direct<\/li>\n<li>NVIDIA Broadcast : Vid\u00e9o et voix optimis\u00e9es par l\u2019IA<\/li>\n<li>NVIDIA Studio : Acc\u00e9l\u00e9rez votre cr\u00e9ativit\u00e9<\/li>\n<li>NVIDIA DLSS 3 : Performances acc\u00e9l\u00e9r\u00e9es par l\u2019IA<\/li>\n<\/ul>\n<p>&nbsp;<\/p>\n<\/div>\n<div class=\"desc-image\"><img decoding=\"async\" src=\"https:\/\/media.ldlc.com\/bo\/images\/fiches\/Carte_graphique\/NVIDIA\/nvidia_ada_lovelace_001.jpg\" alt=\"\" \/><\/div>\n<\/section>\n<section>\n<div class=\"desc-image\"><img decoding=\"async\" src=\"https:\/\/media.ldlc.com\/bo\/images\/fiches\/Carte_graphique\/NVIDIA\/nvidia_ada_lovelace_002.jpg\" alt=\"\" \/><\/div>\n<div class=\"desc-text\">\n<h2>RAY TRACING<\/h2>\n<p>Hyper-r\u00e9aliste et hyper-rapide, le Ray tracing vous rapproche au plus pr\u00e8s de la r\u00e9alit\u00e9. L\u2019architecture Ada exploite toute la puissance du ray tracing, qui simule le comportement de la lumi\u00e8re dans le monde r\u00e9el. Gr\u00e2ce \u00e0 la puissance des GPU RTX s\u00e9rie 40 et aux c\u0153urs RT de troisi\u00e8me g\u00e9n\u00e9ration, vous profitez de mondes virtuels plus d\u00e9taill\u00e9s que jamais.<\/p>\n<\/div>\n<\/section>\n<section>\n<div class=\"desc-text\">\n<h2>NVIDIA DLSS\u00a03<\/h2>\n<p>Multipliez vos performances gr\u00e2ce \u00e0 l\u2019IA. Innovation r\u00e9volutionnaire dans le domaine du rendu graphique bas\u00e9 sur l\u2019IA, le DLSS acc\u00e9l\u00e8re grandement les performances de jeu. Optimis\u00e9 par les c\u0153urs Tensor de quatri\u00e8me g\u00e9n\u00e9ration et l\u2019acc\u00e9l\u00e9rateur de flux optiques des GPU GeForce RTX s\u00e9rie 40, le DLSS 3 exploite l\u2019IA pour g\u00e9n\u00e9rer des images additionnelles de haute qualit\u00e9.<\/p>\n<\/div>\n<div class=\"desc-image\"><img decoding=\"async\" src=\"https:\/\/media.ldlc.com\/bo\/images\/fiches\/Carte_graphique\/NVIDIA\/nvidia_ada_lovelace_003.jpg\" alt=\"\" \/><\/div>\n<\/section>\n<section>\n<div class=\"desc-image\"><img decoding=\"async\" src=\"https:\/\/media.ldlc.com\/bo\/images\/fiches\/Carte_graphique\/NVIDIA\/nvidia_ada_lovelace_004.jpg\" alt=\"\" \/><\/div>\n<div class=\"desc-text\">\n<h2>NVIDIA REFLEX<\/h2>\n<p>La victoire se mesure en millisecondes. Les GPU GeForce RTX s\u00e9rie 40 et la technologie NVIDIA Reflex fournissent la latence la plus faible et la meilleure r\u00e9activit\u00e9 pour vous garantir un avantage comp\u00e9titif ultime. Con\u00e7ue pour optimiser et mesurer la latence de votre syst\u00e8me, la technologie NVIDIA Reflex acc\u00e9l\u00e8re l\u2019acquisition des cibles, minimise les temps de r\u00e9action et renforce la pr\u00e9cision de vos tirs dans les jeux comp\u00e9titifs.<\/p>\n<\/div>\n<\/section>\n<section>\n<div class=\"desc-text\">\n<h2>NVIDIA STUDIO<\/h2>\n<p>Vos id\u00e9es, acc\u00e9l\u00e9r\u00e9es par NVIDIA Studio. Faites passer vos projets cr\u00e9atifs au niveau sup\u00e9rieur avec NVIDIA Studio. Optimis\u00e9es par un nouveau mat\u00e9riel d\u00e9di\u00e9, les cartes graphiques RTX s\u00e9rie 40 vous fournissent des performances in\u00e9gal\u00e9es pour le rendu 3D, le montage vid\u00e9o et la conception graphique. Profitez des capacit\u00e9s d\u2019acc\u00e9l\u00e9ration sans pr\u00e9c\u00e9dent de RTX dans les principales applications de cr\u00e9ation du march\u00e9, des pilotes NVIDIA Studio \u00e0 la pointe de la technologie con\u00e7us pour garantir un maximum de stabilit\u00e9 et d\u2019une suite d\u2019outils exclusifs exploitant la puissance de RTX pour acc\u00e9l\u00e9rer les workflows de cr\u00e9ation assist\u00e9s par l\u2019IA.<\/p>\n<\/div>\n<div class=\"desc-image\"><img decoding=\"async\" src=\"https:\/\/media.ldlc.com\/bo\/images\/fiches\/Carte_graphique\/NVIDIA\/nvidia_ada_lovelace_005.jpg\" alt=\"\" \/><\/div>\n<\/section>\n<\/div>\n<\/div>\n","protected":false},"excerpt":{"rendered":"<p><strong>La carte graphique NVIDIA GeForce RTX 4090 offre une rapidit\u00e9 extr\u00eame pour les joueurs comme pour les cr\u00e9ateurs. Avec des performances hors norme et des capacit\u00e9s graphiques am\u00e9lior\u00e9es par Intelligence Artificielle, ce nouveau monstre de puissance vous permettra de plonger au coeur de l&#8217;action.<\/strong><\/p>\n","protected":false},"featured_media":1009175,"template":"","meta":{"_acf_changed":false},"pwb-brand":[],"product_brand":[96],"product_cat":[24,17,26],"product_tag":[],"pcb_component_type":[],"class_list":{"0":"post-9174","1":"product","2":"type-product","3":"status-publish","4":"has-post-thumbnail","6":"product_brand-msi","7":"product_cat-cartes-graphiques","8":"product_cat-composants-gaming","9":"product_cat-nvidia","11":"first","12":"outofstock","13":"shipping-taxable","14":"product-type-simple"},"translation":{"provider":"WPGlobus","version":"3.0.2","language":"es","enabled_languages":["en","es","de","fr","ru"],"languages":{"en":{"title":true,"content":true,"excerpt":true},"es":{"title":false,"content":false,"excerpt":false},"de":{"title":false,"content":false,"excerpt":false},"fr":{"title":false,"content":false,"excerpt":false},"ru":{"title":false,"content":false,"excerpt":false}}},"acf":[],"yoast_head":"<!-- This site is optimized with the Yoast SEO plugin v27.2 - https:\/\/yoast.com\/product\/yoast-seo-wordpress\/ -->\n<title>MSI SUPRIM TEAMLIQUID X GEFORCE RTX 4090 24G - Osaka<\/title>\n<meta name=\"robots\" content=\"index, follow, max-snippet:-1, max-image-preview:large, max-video-preview:-1\" \/>\n<link rel=\"canonical\" href=\"https:\/\/osaka.ma\/product\/msi-suprim-teamliquid-x-rtx-4090-24g\/\" \/>\n<meta property=\"og:locale\" content=\"es_ES\" \/>\n<meta property=\"og:type\" content=\"article\" \/>\n<meta property=\"og:title\" content=\"MSI SUPRIM TEAMLIQUID X GEFORCE RTX 4090 24G - Osaka\" \/>\n<meta property=\"og:url\" content=\"https:\/\/osaka.ma\/product\/msi-suprim-teamliquid-x-rtx-4090-24g\/\" \/>\n<meta property=\"og:site_name\" content=\"Osaka\" \/>\n<meta property=\"article:modified_time\" content=\"2025-04-12T12:09:33+00:00\" \/>\n<meta property=\"og:image\" content=\"https:\/\/osaka.ma\/wp-content\/uploads\/2024\/06\/SUPRIM-1.jpg\" \/>\n\t<meta property=\"og:image:width\" content=\"374\" \/>\n\t<meta property=\"og:image:height\" content=\"374\" \/>\n\t<meta property=\"og:image:type\" content=\"image\/jpeg\" \/>\n<meta name=\"twitter:card\" content=\"summary_large_image\" \/>\n<meta name=\"twitter:label1\" content=\"Est. reading time\" \/>\n\t<meta name=\"twitter:data1\" content=\"5 minutes\" \/>\n<script type=\"application\/ld+json\" class=\"yoast-schema-graph\">{\"@context\":\"https:\/\/schema.org\",\"@graph\":[{\"@type\":\"WebPage\",\"@id\":\"https:\/\/osaka.ma\/product\/msi-suprim-teamliquid-x-rtx-4090-24g\/\",\"url\":\"https:\/\/osaka.ma\/product\/msi-suprim-teamliquid-x-rtx-4090-24g\/\",\"name\":\"MSI SUPRIM TEAMLIQUID X GEFORCE RTX 4090 24G - Osaka\",\"isPartOf\":{\"@id\":\"https:\/\/osaka.ma\/#website\"},\"primaryImageOfPage\":{\"@id\":\"https:\/\/osaka.ma\/product\/msi-suprim-teamliquid-x-rtx-4090-24g\/#primaryimage\"},\"image\":{\"@id\":\"https:\/\/osaka.ma\/product\/msi-suprim-teamliquid-x-rtx-4090-24g\/#primaryimage\"},\"thumbnailUrl\":\"https:\/\/osaka.ma\/wp-content\/uploads\/2024\/06\/SUPRIM-1.jpg\",\"datePublished\":\"2024-06-05T11:30:25+00:00\",\"dateModified\":\"2025-04-12T12:09:33+00:00\",\"breadcrumb\":{\"@id\":\"https:\/\/osaka.ma\/product\/msi-suprim-teamliquid-x-rtx-4090-24g\/#breadcrumb\"},\"inLanguage\":\"es-ES\",\"potentialAction\":[{\"@type\":\"ReadAction\",\"target\":[\"https:\/\/osaka.ma\/product\/msi-suprim-teamliquid-x-rtx-4090-24g\/\"]}]},{\"@type\":\"ImageObject\",\"inLanguage\":\"es-ES\",\"@id\":\"https:\/\/osaka.ma\/product\/msi-suprim-teamliquid-x-rtx-4090-24g\/#primaryimage\",\"url\":\"https:\/\/osaka.ma\/wp-content\/uploads\/2024\/06\/SUPRIM-1.jpg\",\"contentUrl\":\"https:\/\/osaka.ma\/wp-content\/uploads\/2024\/06\/SUPRIM-1.jpg\",\"width\":374,\"height\":374},{\"@type\":\"BreadcrumbList\",\"@id\":\"https:\/\/osaka.ma\/product\/msi-suprim-teamliquid-x-rtx-4090-24g\/#breadcrumb\",\"itemListElement\":[{\"@type\":\"ListItem\",\"position\":1,\"name\":\"Home\",\"item\":\"https:\/\/osaka.ma\/\"},{\"@type\":\"ListItem\",\"position\":2,\"name\":\"Shop\",\"item\":\"https:\/\/osaka.ma\/shop-2\/\"},{\"@type\":\"ListItem\",\"position\":3,\"name\":\"MSI SUPRIM TEAMLIQUID X GEFORCE RTX 4090 24G\"}]},{\"@type\":\"WebSite\",\"@id\":\"https:\/\/osaka.ma\/#website\",\"url\":\"https:\/\/osaka.ma\/\",\"name\":\"Osaka\",\"description\":\"\",\"publisher\":{\"@id\":\"https:\/\/osaka.ma\/#organization\"},\"potentialAction\":[{\"@type\":\"SearchAction\",\"target\":{\"@type\":\"EntryPoint\",\"urlTemplate\":\"https:\/\/osaka.ma\/?s={search_term_string}\"},\"query-input\":{\"@type\":\"PropertyValueSpecification\",\"valueRequired\":true,\"valueName\":\"search_term_string\"}}],\"inLanguage\":\"es-ES\"},{\"@type\":\"Organization\",\"@id\":\"https:\/\/osaka.ma\/#organization\",\"name\":\"Osaka\",\"url\":\"https:\/\/osaka.ma\/\",\"logo\":{\"@type\":\"ImageObject\",\"inLanguage\":\"es-ES\",\"@id\":\"https:\/\/osaka.ma\/#\/schema\/logo\/image\/\",\"url\":\"https:\/\/osaka.ma\/wp-content\/uploads\/2026\/01\/model-slogan-logo-2Plan-de-travail-1dksl-plus-finnn.png\",\"contentUrl\":\"https:\/\/osaka.ma\/wp-content\/uploads\/2026\/01\/model-slogan-logo-2Plan-de-travail-1dksl-plus-finnn.png\",\"width\":842,\"height\":226,\"caption\":\"Osaka\"},\"image\":{\"@id\":\"https:\/\/osaka.ma\/#\/schema\/logo\/image\/\"}}]}<\/script>\n<!-- \/ Yoast SEO plugin. -->","yoast_head_json":{"title":"MSI SUPRIM TEAMLIQUID X GEFORCE RTX 4090 24G - Osaka","robots":{"index":"index","follow":"follow","max-snippet":"max-snippet:-1","max-image-preview":"max-image-preview:large","max-video-preview":"max-video-preview:-1"},"canonical":"https:\/\/osaka.ma\/product\/msi-suprim-teamliquid-x-rtx-4090-24g\/","og_locale":"es_ES","og_type":"article","og_title":"MSI SUPRIM TEAMLIQUID X GEFORCE RTX 4090 24G - Osaka","og_url":"https:\/\/osaka.ma\/product\/msi-suprim-teamliquid-x-rtx-4090-24g\/","og_site_name":"Osaka","article_modified_time":"2025-04-12T12:09:33+00:00","og_image":[{"width":374,"height":374,"url":"https:\/\/osaka.ma\/wp-content\/uploads\/2024\/06\/SUPRIM-1.jpg","type":"image\/jpeg"}],"twitter_card":"summary_large_image","twitter_misc":{"Est. reading time":"5 minutes"},"schema":{"@context":"https:\/\/schema.org","@graph":[{"@type":"WebPage","@id":"https:\/\/osaka.ma\/product\/msi-suprim-teamliquid-x-rtx-4090-24g\/","url":"https:\/\/osaka.ma\/product\/msi-suprim-teamliquid-x-rtx-4090-24g\/","name":"MSI SUPRIM TEAMLIQUID X GEFORCE RTX 4090 24G - Osaka","isPartOf":{"@id":"https:\/\/osaka.ma\/#website"},"primaryImageOfPage":{"@id":"https:\/\/osaka.ma\/product\/msi-suprim-teamliquid-x-rtx-4090-24g\/#primaryimage"},"image":{"@id":"https:\/\/osaka.ma\/product\/msi-suprim-teamliquid-x-rtx-4090-24g\/#primaryimage"},"thumbnailUrl":"https:\/\/osaka.ma\/wp-content\/uploads\/2024\/06\/SUPRIM-1.jpg","datePublished":"2024-06-05T11:30:25+00:00","dateModified":"2025-04-12T12:09:33+00:00","breadcrumb":{"@id":"https:\/\/osaka.ma\/product\/msi-suprim-teamliquid-x-rtx-4090-24g\/#breadcrumb"},"inLanguage":"es-ES","potentialAction":[{"@type":"ReadAction","target":["https:\/\/osaka.ma\/product\/msi-suprim-teamliquid-x-rtx-4090-24g\/"]}]},{"@type":"ImageObject","inLanguage":"es-ES","@id":"https:\/\/osaka.ma\/product\/msi-suprim-teamliquid-x-rtx-4090-24g\/#primaryimage","url":"https:\/\/osaka.ma\/wp-content\/uploads\/2024\/06\/SUPRIM-1.jpg","contentUrl":"https:\/\/osaka.ma\/wp-content\/uploads\/2024\/06\/SUPRIM-1.jpg","width":374,"height":374},{"@type":"BreadcrumbList","@id":"https:\/\/osaka.ma\/product\/msi-suprim-teamliquid-x-rtx-4090-24g\/#breadcrumb","itemListElement":[{"@type":"ListItem","position":1,"name":"Home","item":"https:\/\/osaka.ma\/"},{"@type":"ListItem","position":2,"name":"Shop","item":"https:\/\/osaka.ma\/shop-2\/"},{"@type":"ListItem","position":3,"name":"MSI SUPRIM TEAMLIQUID X GEFORCE RTX 4090 24G"}]},{"@type":"WebSite","@id":"https:\/\/osaka.ma\/#website","url":"https:\/\/osaka.ma\/","name":"Osaka","description":"","publisher":{"@id":"https:\/\/osaka.ma\/#organization"},"potentialAction":[{"@type":"SearchAction","target":{"@type":"EntryPoint","urlTemplate":"https:\/\/osaka.ma\/?s={search_term_string}"},"query-input":{"@type":"PropertyValueSpecification","valueRequired":true,"valueName":"search_term_string"}}],"inLanguage":"es-ES"},{"@type":"Organization","@id":"https:\/\/osaka.ma\/#organization","name":"Osaka","url":"https:\/\/osaka.ma\/","logo":{"@type":"ImageObject","inLanguage":"es-ES","@id":"https:\/\/osaka.ma\/#\/schema\/logo\/image\/","url":"https:\/\/osaka.ma\/wp-content\/uploads\/2026\/01\/model-slogan-logo-2Plan-de-travail-1dksl-plus-finnn.png","contentUrl":"https:\/\/osaka.ma\/wp-content\/uploads\/2026\/01\/model-slogan-logo-2Plan-de-travail-1dksl-plus-finnn.png","width":842,"height":226,"caption":"Osaka"},"image":{"@id":"https:\/\/osaka.ma\/#\/schema\/logo\/image\/"}}]}},"jetpack_sharing_enabled":true,"brands":[],"_links":{"self":[{"href":"https:\/\/osaka.ma\/es\/wp-json\/wp\/v2\/product\/9174","targetHints":{"allow":["GET"]}}],"collection":[{"href":"https:\/\/osaka.ma\/es\/wp-json\/wp\/v2\/product"}],"about":[{"href":"https:\/\/osaka.ma\/es\/wp-json\/wp\/v2\/types\/product"}],"version-history":[{"count":0,"href":"https:\/\/osaka.ma\/es\/wp-json\/wp\/v2\/product\/9174\/revisions"}],"wp:featuredmedia":[{"embeddable":true,"href":"https:\/\/osaka.ma\/es\/wp-json\/wp\/v2\/media\/1009175"}],"wp:attachment":[{"href":"https:\/\/osaka.ma\/es\/wp-json\/wp\/v2\/media?parent=9174"}],"wp:term":[{"taxonomy":"pwb-brand","embeddable":true,"href":"https:\/\/osaka.ma\/es\/wp-json\/wp\/v2\/pwb-brand?post=9174"},{"taxonomy":"product_brand","embeddable":true,"href":"https:\/\/osaka.ma\/es\/wp-json\/wp\/v2\/product_brand?post=9174"},{"taxonomy":"product_cat","embeddable":true,"href":"https:\/\/osaka.ma\/es\/wp-json\/wp\/v2\/product_cat?post=9174"},{"taxonomy":"product_tag","embeddable":true,"href":"https:\/\/osaka.ma\/es\/wp-json\/wp\/v2\/product_tag?post=9174"},{"taxonomy":"pcb_component_type","embeddable":true,"href":"https:\/\/osaka.ma\/es\/wp-json\/wp\/v2\/pcb_component_type?post=9174"}],"curies":[{"name":"wp","href":"https:\/\/api.w.org\/{rel}","templated":true}]}}