{"id":9202,"date":"2024-06-06T11:31:49","date_gmt":"2024-06-06T11:31:49","guid":{"rendered":"https:\/\/osaka.ma\/?post_type=product&#038;p=9202"},"modified":"2024-12-18T15:36:09","modified_gmt":"2024-12-18T15:36:09","slug":"setup-gamer-osaka-gaming-ryzen-5-5600g-gtx-1050ti-aoc-24%e2%80%b3-75hz-clavier-rgb-r8souris-gamer-r8-tapis-xxl","status":"publish","type":"product","link":"https:\/\/osaka.ma\/es\/product\/setup-gamer-osaka-gaming-ryzen-5-5600g-gtx-1050ti-aoc-24%e2%80%b3-75hz-clavier-rgb-r8souris-gamer-r8-tapis-xxl\/","title":{"rendered":"SETUP GAMER RYZEN 5 5600G\/16GB\/512GB\/GTX 1050TI\/AOC 24\u2033 75HZ + CLAVIER RGB R8+SOURIS GAMER R8+ TAPIS XXL"},"content":{"rendered":"<p><img decoding=\"async\" class=\" wp-image-6550 aligncenter\" src=\"https:\/\/osaka.ma\/wp-content\/uploads\/2023\/10\/OSA-1.png\" alt=\"\" width=\"294\" height=\"113\" \/><\/p>\n<p><i><img decoding=\"async\" class=\"\" src=\"https:\/\/media.ldlc.com\/bo\/images\/fiches\/kit_upgrade\/case_80.png\" alt=\"\" width=\"48\" height=\"48\" \/><\/i>PC Gamer Osaka vous offre une configuration AMD RYZEN\u2122 avec des composants \u00e9quilibr\u00e9e avec un bon prix, ce PC Gamer compos\u00e9 d\u2019un processeur AMD RYZEN\u2122 5 5600G ainsi que d\u2019une carte graphiqueNVIDIA GEFORCE GTX 1050TI 4GB Il int\u00e8gre \u00e9galement un SSD 512GB pour un syst\u00e8me toujours plus rapide et 16 (8\u00d72) Go de RAM. Voila les atouts de ce PC puissant taill\u00e9 pour travailler dans les meilleures conditions.<\/p>\n<ul>\n<li>Processeur\u00a0<strong>RYZEN 5 5600G (3.4 GHz \/ 4.6 GHz)<\/strong><\/li>\n<li>Carte m\u00e8re<strong> MSI A520M A-PRO<\/strong><\/li>\n<li>Ram\u00a0<strong>16GB(8\u00d72) CORSAIR LPX 3200MHZ<\/strong><\/li>\n<li>Carte graphique<strong>\u00a0ZOTAC DUAL GTX 1050TI 4GB LP<\/strong><\/li>\n<li>Bo\u00eetier <strong>GAMDIAS ARGUS M2<\/strong><\/li>\n<li>SSD <strong>512GB LEXAR NM620 NVME<\/strong><\/li>\n<li>Ventirad\u00a0<strong>ARCTIC ALPINE 23<\/strong><\/li>\n<li>Alimentation\u00a0<strong>RADIX TACENS ECO 400W\u00a0<\/strong><\/li>\n<li>Ecran <strong>AOC 24B2XH EU 24&#8243; IPS 75HZ<\/strong><\/li>\n<li>Souris <strong>R8 GAMER RGB<\/strong><\/li>\n<li>Clavier <strong>R8 CLAVIER GAMER RGB<\/strong><\/li>\n<li>Mouse pad XXL<\/li>\n<li><strong>Win11 \/ Bien assembl\u00e9<\/strong><\/li>\n<\/ul>\n<p>&nbsp;<\/p>\n<h2 class=\"h2-master\">Un processeur d\u2019\u00e9lite pour le Jeu Vid\u00e9o<\/h2>\n<section>Le\u00a0<strong>processeur AMD Ryzen 5 5600G <\/strong>est optimis\u00e9 pour le jeu vid\u00e9o : 6<strong>\u00a0Cores<\/strong>,\u00a0<strong>12 Threads<\/strong>\u00a0et\u00a0<strong>GameCache 36\u00a0Mo<\/strong>. Sans parler des fr\u00e9quences natives et boost qui atteignent des sommets pour vous permettre de profiter de vos jeux pr\u00e9f\u00e9r\u00e9s dans les meilleures conditions. Associez lui une carte graphique hautes performances et vous pourrez jouer \u00e0 tous les jeux de mani\u00e8re fluide.<\/section>\n<section>\n<div class=\"desc-image\"><img decoding=\"async\" src=\"https:\/\/media.ldlc.com\/bo\/images\/fiches\/processeur\/amd\/vermeer\/amd_ryzen_0001.jpg\" alt=\"\" \/><\/div>\n<div class=\"desc-text\">\n<h2>6 C\u0152URS NATIFS ET 12 COEURS LOGIQUES<\/h2>\n<p>Le\u00a0<strong>processeur pour PC de bureau AMD Ryzen 5 5600G <\/strong>propose 6<strong>\u00a0coeurs natifs<\/strong>\u00a0et\u00a0<strong>12 coeurs logiques<\/strong>\u00a0pour un traitement multit\u00e2che agr\u00e9ablement fluide. Gr\u00e2ce \u00e0 sa\u00a0<strong>fr\u00e9quence native \u00e9lev\u00e9e<\/strong>\u00a0et \u00e0 son mode\u00a0<strong><em>Turbo Core<\/em><\/strong>\u00a0ajustant la puissance en fonction des besoins, le\u00a0<strong>CPU AMD Ryzen de nouvelle g\u00e9n\u00e9ration<\/strong>\u00a0d\u00e9livre des performances exceptionnelles dans tous les domaines : Jeux vid\u00e9o, multit\u00e2che intensif, \u00e9dition vid\u00e9o, mod\u00e9lisation 3D et bien plus encore. Le\u00a0<strong>cache L3 de 32\u00a0Mo<\/strong>\u00a0permet en outre le traitement ultrarapide d\u2019un grand nombre d\u2019instructions gr\u00e2ce \u00e0 des latences r\u00e9duites.<\/p>\n<div class=\"logo\"><img decoding=\"async\" src=\"https:\/\/media.ldlc.com\/v3\/marque\/190\/C000005549.gif\" alt=\"AOC\" \/><\/div>\n<div id=\"description\" class=\"description\">\n<div class=\"details-pdt-desc\">\n<h2 class=\"h2-master\">Dalle IPS 24 pouces pour un confort quotidien<\/h2>\n<section>Simple et efficace, le\u00a0<strong>moniteur IPS 24 pouces AOC 24B2XH<\/strong>\u00a0est un outil confortable et pratique pour vos activit\u00e9s de bureautique ou vos envies multim\u00e9dia. B\u00e9n\u00e9ficiez d&#8217;une belle image Full HD lumineuse et contrast\u00e9e et d&#8217;un design moderne aux bords fins pour une int\u00e9gration naturelle dans votre environnement. Ce mod\u00e8le sign\u00e9 AOC est \u00e9galement \u00e9conome en \u00e9nergie pour vous accompagner parfaitement jour apr\u00e8s jour.<\/section>\n<section>\n<div class=\"desc-image\"><img decoding=\"async\" src=\"https:\/\/media.ldlc.com\/bo\/images\/fiches\/moniteur%20led\/aoc\/24b2xh\/dalle_ips_24_pouces.jpg\" alt=\"\" \/><\/div>\n<div class=\"desc-text\">\n<h2>APPR\u00c9CIEZ LE DESIGN SANS CONTOUR<\/h2>\n<p>En plus du look moderne et attrayant qu&#8217;il procure, le\u00a0<strong>design sans contour<\/strong>\u00a0permet des configurations \u00e0 plusieurs \u00e9crans sans interruption. Votre curseur, vos fen\u00eatres ne sont plus perdus dans les abysses sombres des contours lorsque plusieurs \u00e9crans sont plac\u00e9s les uns \u00e0 c\u00f4t\u00e9 des autres.<\/p>\n<p>Le\u00a0<strong>profil plat<\/strong>\u00a0de ce moniteur AOC offre de nombreux avantages. Tr\u00e8s \u00e9l\u00e9gant sous tous les angles, il devient un choix id\u00e9al dans les espaces publics. Sa finesse et sa conception moderne lui permettent d&#8217;occuper moins de place sur le bureau.<\/p>\n<p><img decoding=\"async\" src=\"https:\/\/www.4me.ma\/611-large_default\/clavier-souris-1910-r8-combo-retro-eclaire-.jpg\" alt=\"Clavier souris 1910 R8 combo r\u00e9tro-\u00e9clair\u00e9 au prix g\u00e9nial au Maroc\" \/><\/p>\n<\/div>\n<\/section>\n<\/div>\n<\/div>\n<\/div>\n<\/section>\n","protected":false},"excerpt":{"rendered":"<p>PC Gamer Osaka vous offre une configuration AMD RYZEN\u2122 avec des composants \u00e9quilibr\u00e9e avec un bon prix, ce PC Gamer compos\u00e9 d\u2019un processeur AMD RYZEN\u2122 5 5600G ainsi que d\u2019une carte graphiqueNVIDIA GEFORCE GTX 1050TI 4GB Il int\u00e8gre \u00e9galement un SSD 512GB pour un syst\u00e8me toujours plus rapide et 16 (8\u00d72) Go de RAM. Voila les atouts de ce PC puissant taill\u00e9 pour travailler dans les meilleures conditions.<\/p>\n<ul>\n<li>Processeur\u00a0<strong>RYZEN 5 5600G (3.4 GHz \/ 4.6 GHz)<\/strong><\/li>\n<li>Carte m\u00e8re<strong> MSI A520M A-PRO<\/strong><\/li>\n<li>Ram\u00a0<strong>16GB(8\u00d72) CORSAIR LPX 3200MHZ<\/strong><\/li>\n<li>Carte graphique<strong>\u00a0ZOTAC DUAL GTX 1050TI 4GB LP<\/strong><\/li>\n<li>Bo\u00eetier <strong>GAMDIAS ARGUS M2<\/strong><\/li>\n<li>SSD <strong>512GB LEXAR NM620 NVME<\/strong><\/li>\n<li>Ventirad\u00a0<strong>ARCTIC ALPINE 23<\/strong><\/li>\n<li>Alimentation\u00a0<strong>RADIX TACENS ECO 400W\u00a0<\/strong><\/li>\n<li>Ecran <strong>AOC 24B2XH EU 24&#8243; IPS 75HZ<\/strong><\/li>\n<li>Souris <strong>R8 GAMER RGB<\/strong><\/li>\n<li>Clavier <strong>R8 CLAVIER GAMER RGB<\/strong><\/li>\n<li><strong>Mouse pad XXL<\/strong><\/li>\n<li><strong>Win11 \/ Bien assembl\u00e9<\/strong><\/li>\n<\/ul>\n","protected":false},"featured_media":1009204,"template":"","meta":{"_acf_changed":false},"pwb-brand":[],"product_brand":[],"product_cat":[137,138],"product_tag":[],"pcb_component_type":[],"class_list":{"0":"post-9202","1":"product","2":"type-product","3":"status-publish","4":"has-post-thumbnail","6":"product_cat-setup-gamer","7":"product_cat-setup-gamer-amd","9":"first","10":"outofstock","11":"shipping-taxable","12":"product-type-simple"},"translation":{"provider":"WPGlobus","version":"3.0.2","language":"es","enabled_languages":["en","es","de","fr","ru"],"languages":{"en":{"title":true,"content":true,"excerpt":true},"es":{"title":false,"content":false,"excerpt":false},"de":{"title":false,"content":false,"excerpt":false},"fr":{"title":false,"content":false,"excerpt":false},"ru":{"title":false,"content":false,"excerpt":false}}},"acf":[],"yoast_head":"<!-- This site is optimized with the Yoast SEO plugin v27.2 - https:\/\/yoast.com\/product\/yoast-seo-wordpress\/ -->\n<title>SETUP GAMER RYZEN 5 5600G\/16GB\/512GB\/GTX 1050TI\/AOC 24\u2033 75HZ + CLAVIER RGB R8+SOURIS GAMER R8+ TAPIS XXL - Osaka<\/title>\n<meta name=\"robots\" content=\"index, follow, max-snippet:-1, max-image-preview:large, max-video-preview:-1\" \/>\n<link rel=\"canonical\" href=\"https:\/\/osaka.ma\/product\/setup-gamer-osaka-gaming-ryzen-5-5600g-gtx-1050ti-aoc-24\u2033-75hz-clavier-rgb-r8souris-gamer-r8-tapis-xxl\/\" \/>\n<meta property=\"og:locale\" content=\"es_ES\" \/>\n<meta property=\"og:type\" content=\"article\" \/>\n<meta property=\"og:title\" content=\"SETUP GAMER RYZEN 5 5600G\/16GB\/512GB\/GTX 1050TI\/AOC 24\u2033 75HZ + CLAVIER RGB R8+SOURIS GAMER R8+ TAPIS XXL - Osaka\" \/>\n<meta property=\"og:url\" content=\"https:\/\/osaka.ma\/product\/setup-gamer-osaka-gaming-ryzen-5-5600g-gtx-1050ti-aoc-24\u2033-75hz-clavier-rgb-r8souris-gamer-r8-tapis-xxl\/\" \/>\n<meta property=\"og:site_name\" content=\"Osaka\" \/>\n<meta property=\"article:modified_time\" content=\"2024-12-18T15:36:09+00:00\" \/>\n<meta property=\"og:image\" content=\"https:\/\/osaka.ma\/wp-content\/uploads\/2024\/06\/FULL-SETUP.png\" \/>\n\t<meta property=\"og:image:width\" content=\"1080\" \/>\n\t<meta property=\"og:image:height\" content=\"1080\" \/>\n\t<meta property=\"og:image:type\" content=\"image\/png\" \/>\n<meta name=\"twitter:card\" content=\"summary_large_image\" \/>\n<meta name=\"twitter:label1\" content=\"Est. reading time\" \/>\n\t<meta name=\"twitter:data1\" content=\"4 minutes\" \/>\n<script type=\"application\/ld+json\" class=\"yoast-schema-graph\">{\"@context\":\"https:\/\/schema.org\",\"@graph\":[{\"@type\":\"WebPage\",\"@id\":\"https:\/\/osaka.ma\/product\/setup-gamer-osaka-gaming-ryzen-5-5600g-gtx-1050ti-aoc-24%e2%80%b3-75hz-clavier-rgb-r8souris-gamer-r8-tapis-xxl\/\",\"url\":\"https:\/\/osaka.ma\/product\/setup-gamer-osaka-gaming-ryzen-5-5600g-gtx-1050ti-aoc-24%e2%80%b3-75hz-clavier-rgb-r8souris-gamer-r8-tapis-xxl\/\",\"name\":\"SETUP GAMER RYZEN 5 5600G\/16GB\/512GB\/GTX 1050TI\/AOC 24\u2033 75HZ + CLAVIER RGB R8+SOURIS GAMER R8+ TAPIS XXL - Osaka\",\"isPartOf\":{\"@id\":\"https:\/\/osaka.ma\/#website\"},\"primaryImageOfPage\":{\"@id\":\"https:\/\/osaka.ma\/product\/setup-gamer-osaka-gaming-ryzen-5-5600g-gtx-1050ti-aoc-24%e2%80%b3-75hz-clavier-rgb-r8souris-gamer-r8-tapis-xxl\/#primaryimage\"},\"image\":{\"@id\":\"https:\/\/osaka.ma\/product\/setup-gamer-osaka-gaming-ryzen-5-5600g-gtx-1050ti-aoc-24%e2%80%b3-75hz-clavier-rgb-r8souris-gamer-r8-tapis-xxl\/#primaryimage\"},\"thumbnailUrl\":\"https:\/\/osaka.ma\/wp-content\/uploads\/2024\/06\/FULL-SETUP.png\",\"datePublished\":\"2024-06-06T11:31:49+00:00\",\"dateModified\":\"2024-12-18T15:36:09+00:00\",\"breadcrumb\":{\"@id\":\"https:\/\/osaka.ma\/product\/setup-gamer-osaka-gaming-ryzen-5-5600g-gtx-1050ti-aoc-24%e2%80%b3-75hz-clavier-rgb-r8souris-gamer-r8-tapis-xxl\/#breadcrumb\"},\"inLanguage\":\"es-ES\",\"potentialAction\":[{\"@type\":\"ReadAction\",\"target\":[\"https:\/\/osaka.ma\/product\/setup-gamer-osaka-gaming-ryzen-5-5600g-gtx-1050ti-aoc-24%e2%80%b3-75hz-clavier-rgb-r8souris-gamer-r8-tapis-xxl\/\"]}]},{\"@type\":\"ImageObject\",\"inLanguage\":\"es-ES\",\"@id\":\"https:\/\/osaka.ma\/product\/setup-gamer-osaka-gaming-ryzen-5-5600g-gtx-1050ti-aoc-24%e2%80%b3-75hz-clavier-rgb-r8souris-gamer-r8-tapis-xxl\/#primaryimage\",\"url\":\"https:\/\/osaka.ma\/wp-content\/uploads\/2024\/06\/FULL-SETUP.png\",\"contentUrl\":\"https:\/\/osaka.ma\/wp-content\/uploads\/2024\/06\/FULL-SETUP.png\",\"width\":1080,\"height\":1080},{\"@type\":\"BreadcrumbList\",\"@id\":\"https:\/\/osaka.ma\/product\/setup-gamer-osaka-gaming-ryzen-5-5600g-gtx-1050ti-aoc-24%e2%80%b3-75hz-clavier-rgb-r8souris-gamer-r8-tapis-xxl\/#breadcrumb\",\"itemListElement\":[{\"@type\":\"ListItem\",\"position\":1,\"name\":\"Home\",\"item\":\"https:\/\/osaka.ma\/\"},{\"@type\":\"ListItem\",\"position\":2,\"name\":\"Shop\",\"item\":\"https:\/\/osaka.ma\/shop-2\/\"},{\"@type\":\"ListItem\",\"position\":3,\"name\":\"SETUP GAMER RYZEN 5 5600G\/16GB\/512GB\/GTX 1050TI\/AOC 24\u2033 75HZ + CLAVIER RGB R8+SOURIS GAMER R8+ TAPIS XXL\"}]},{\"@type\":\"WebSite\",\"@id\":\"https:\/\/osaka.ma\/#website\",\"url\":\"https:\/\/osaka.ma\/\",\"name\":\"Osaka\",\"description\":\"\",\"publisher\":{\"@id\":\"https:\/\/osaka.ma\/#organization\"},\"potentialAction\":[{\"@type\":\"SearchAction\",\"target\":{\"@type\":\"EntryPoint\",\"urlTemplate\":\"https:\/\/osaka.ma\/?s={search_term_string}\"},\"query-input\":{\"@type\":\"PropertyValueSpecification\",\"valueRequired\":true,\"valueName\":\"search_term_string\"}}],\"inLanguage\":\"es-ES\"},{\"@type\":\"Organization\",\"@id\":\"https:\/\/osaka.ma\/#organization\",\"name\":\"Osaka\",\"url\":\"https:\/\/osaka.ma\/\",\"logo\":{\"@type\":\"ImageObject\",\"inLanguage\":\"es-ES\",\"@id\":\"https:\/\/osaka.ma\/#\/schema\/logo\/image\/\",\"url\":\"https:\/\/osaka.ma\/wp-content\/uploads\/2026\/01\/model-slogan-logo-2Plan-de-travail-1dksl-plus-finnn.png\",\"contentUrl\":\"https:\/\/osaka.ma\/wp-content\/uploads\/2026\/01\/model-slogan-logo-2Plan-de-travail-1dksl-plus-finnn.png\",\"width\":842,\"height\":226,\"caption\":\"Osaka\"},\"image\":{\"@id\":\"https:\/\/osaka.ma\/#\/schema\/logo\/image\/\"}}]}<\/script>\n<!-- \/ Yoast SEO plugin. -->","yoast_head_json":{"title":"SETUP GAMER RYZEN 5 5600G\/16GB\/512GB\/GTX 1050TI\/AOC 24\u2033 75HZ + CLAVIER RGB R8+SOURIS GAMER R8+ TAPIS XXL - Osaka","robots":{"index":"index","follow":"follow","max-snippet":"max-snippet:-1","max-image-preview":"max-image-preview:large","max-video-preview":"max-video-preview:-1"},"canonical":"https:\/\/osaka.ma\/product\/setup-gamer-osaka-gaming-ryzen-5-5600g-gtx-1050ti-aoc-24\u2033-75hz-clavier-rgb-r8souris-gamer-r8-tapis-xxl\/","og_locale":"es_ES","og_type":"article","og_title":"SETUP GAMER RYZEN 5 5600G\/16GB\/512GB\/GTX 1050TI\/AOC 24\u2033 75HZ + CLAVIER RGB R8+SOURIS GAMER R8+ TAPIS XXL - Osaka","og_url":"https:\/\/osaka.ma\/product\/setup-gamer-osaka-gaming-ryzen-5-5600g-gtx-1050ti-aoc-24\u2033-75hz-clavier-rgb-r8souris-gamer-r8-tapis-xxl\/","og_site_name":"Osaka","article_modified_time":"2024-12-18T15:36:09+00:00","og_image":[{"width":1080,"height":1080,"url":"https:\/\/osaka.ma\/wp-content\/uploads\/2024\/06\/FULL-SETUP.png","type":"image\/png"}],"twitter_card":"summary_large_image","twitter_misc":{"Est. reading time":"4 minutes"},"schema":{"@context":"https:\/\/schema.org","@graph":[{"@type":"WebPage","@id":"https:\/\/osaka.ma\/product\/setup-gamer-osaka-gaming-ryzen-5-5600g-gtx-1050ti-aoc-24%e2%80%b3-75hz-clavier-rgb-r8souris-gamer-r8-tapis-xxl\/","url":"https:\/\/osaka.ma\/product\/setup-gamer-osaka-gaming-ryzen-5-5600g-gtx-1050ti-aoc-24%e2%80%b3-75hz-clavier-rgb-r8souris-gamer-r8-tapis-xxl\/","name":"SETUP GAMER RYZEN 5 5600G\/16GB\/512GB\/GTX 1050TI\/AOC 24\u2033 75HZ + CLAVIER RGB R8+SOURIS GAMER R8+ TAPIS XXL - Osaka","isPartOf":{"@id":"https:\/\/osaka.ma\/#website"},"primaryImageOfPage":{"@id":"https:\/\/osaka.ma\/product\/setup-gamer-osaka-gaming-ryzen-5-5600g-gtx-1050ti-aoc-24%e2%80%b3-75hz-clavier-rgb-r8souris-gamer-r8-tapis-xxl\/#primaryimage"},"image":{"@id":"https:\/\/osaka.ma\/product\/setup-gamer-osaka-gaming-ryzen-5-5600g-gtx-1050ti-aoc-24%e2%80%b3-75hz-clavier-rgb-r8souris-gamer-r8-tapis-xxl\/#primaryimage"},"thumbnailUrl":"https:\/\/osaka.ma\/wp-content\/uploads\/2024\/06\/FULL-SETUP.png","datePublished":"2024-06-06T11:31:49+00:00","dateModified":"2024-12-18T15:36:09+00:00","breadcrumb":{"@id":"https:\/\/osaka.ma\/product\/setup-gamer-osaka-gaming-ryzen-5-5600g-gtx-1050ti-aoc-24%e2%80%b3-75hz-clavier-rgb-r8souris-gamer-r8-tapis-xxl\/#breadcrumb"},"inLanguage":"es-ES","potentialAction":[{"@type":"ReadAction","target":["https:\/\/osaka.ma\/product\/setup-gamer-osaka-gaming-ryzen-5-5600g-gtx-1050ti-aoc-24%e2%80%b3-75hz-clavier-rgb-r8souris-gamer-r8-tapis-xxl\/"]}]},{"@type":"ImageObject","inLanguage":"es-ES","@id":"https:\/\/osaka.ma\/product\/setup-gamer-osaka-gaming-ryzen-5-5600g-gtx-1050ti-aoc-24%e2%80%b3-75hz-clavier-rgb-r8souris-gamer-r8-tapis-xxl\/#primaryimage","url":"https:\/\/osaka.ma\/wp-content\/uploads\/2024\/06\/FULL-SETUP.png","contentUrl":"https:\/\/osaka.ma\/wp-content\/uploads\/2024\/06\/FULL-SETUP.png","width":1080,"height":1080},{"@type":"BreadcrumbList","@id":"https:\/\/osaka.ma\/product\/setup-gamer-osaka-gaming-ryzen-5-5600g-gtx-1050ti-aoc-24%e2%80%b3-75hz-clavier-rgb-r8souris-gamer-r8-tapis-xxl\/#breadcrumb","itemListElement":[{"@type":"ListItem","position":1,"name":"Home","item":"https:\/\/osaka.ma\/"},{"@type":"ListItem","position":2,"name":"Shop","item":"https:\/\/osaka.ma\/shop-2\/"},{"@type":"ListItem","position":3,"name":"SETUP GAMER RYZEN 5 5600G\/16GB\/512GB\/GTX 1050TI\/AOC 24\u2033 75HZ + CLAVIER RGB R8+SOURIS GAMER R8+ TAPIS XXL"}]},{"@type":"WebSite","@id":"https:\/\/osaka.ma\/#website","url":"https:\/\/osaka.ma\/","name":"Osaka","description":"","publisher":{"@id":"https:\/\/osaka.ma\/#organization"},"potentialAction":[{"@type":"SearchAction","target":{"@type":"EntryPoint","urlTemplate":"https:\/\/osaka.ma\/?s={search_term_string}"},"query-input":{"@type":"PropertyValueSpecification","valueRequired":true,"valueName":"search_term_string"}}],"inLanguage":"es-ES"},{"@type":"Organization","@id":"https:\/\/osaka.ma\/#organization","name":"Osaka","url":"https:\/\/osaka.ma\/","logo":{"@type":"ImageObject","inLanguage":"es-ES","@id":"https:\/\/osaka.ma\/#\/schema\/logo\/image\/","url":"https:\/\/osaka.ma\/wp-content\/uploads\/2026\/01\/model-slogan-logo-2Plan-de-travail-1dksl-plus-finnn.png","contentUrl":"https:\/\/osaka.ma\/wp-content\/uploads\/2026\/01\/model-slogan-logo-2Plan-de-travail-1dksl-plus-finnn.png","width":842,"height":226,"caption":"Osaka"},"image":{"@id":"https:\/\/osaka.ma\/#\/schema\/logo\/image\/"}}]}},"jetpack_sharing_enabled":true,"brands":[],"_links":{"self":[{"href":"https:\/\/osaka.ma\/es\/wp-json\/wp\/v2\/product\/9202","targetHints":{"allow":["GET"]}}],"collection":[{"href":"https:\/\/osaka.ma\/es\/wp-json\/wp\/v2\/product"}],"about":[{"href":"https:\/\/osaka.ma\/es\/wp-json\/wp\/v2\/types\/product"}],"version-history":[{"count":0,"href":"https:\/\/osaka.ma\/es\/wp-json\/wp\/v2\/product\/9202\/revisions"}],"wp:featuredmedia":[{"embeddable":true,"href":"https:\/\/osaka.ma\/es\/wp-json\/wp\/v2\/media\/1009204"}],"wp:attachment":[{"href":"https:\/\/osaka.ma\/es\/wp-json\/wp\/v2\/media?parent=9202"}],"wp:term":[{"taxonomy":"pwb-brand","embeddable":true,"href":"https:\/\/osaka.ma\/es\/wp-json\/wp\/v2\/pwb-brand?post=9202"},{"taxonomy":"product_brand","embeddable":true,"href":"https:\/\/osaka.ma\/es\/wp-json\/wp\/v2\/product_brand?post=9202"},{"taxonomy":"product_cat","embeddable":true,"href":"https:\/\/osaka.ma\/es\/wp-json\/wp\/v2\/product_cat?post=9202"},{"taxonomy":"product_tag","embeddable":true,"href":"https:\/\/osaka.ma\/es\/wp-json\/wp\/v2\/product_tag?post=9202"},{"taxonomy":"pcb_component_type","embeddable":true,"href":"https:\/\/osaka.ma\/es\/wp-json\/wp\/v2\/pcb_component_type?post=9202"}],"curies":[{"name":"wp","href":"https:\/\/api.w.org\/{rel}","templated":true}]}}