{"id":9694,"date":"2024-07-10T12:03:24","date_gmt":"2024-07-10T12:03:24","guid":{"rendered":"https:\/\/osaka.ma\/?post_type=product&#038;p=9694"},"modified":"2024-12-18T15:36:14","modified_gmt":"2024-12-18T15:36:14","slug":"hp-omen-16-i7-13620h-16gb-1tb-rtx-4060-8gb-16-1-ips-fhd-165hz","status":"publish","type":"product","link":"https:\/\/osaka.ma\/es\/product\/hp-omen-16-i7-13620h-16gb-1tb-rtx-4060-8gb-16-1-ips-fhd-165hz\/","title":{"rendered":"HP OMEN 16 i7-13620H \/ 16GB \/ 1TB\/ RTX 4060 8GB\/ 16.1&#8243; IPS FHD 165HZ"},"content":{"rendered":"<div class=\"logo\"><img decoding=\"async\" class=\"aligncenter\" src=\"https:\/\/media.ldlc.com\/v3\/marque\/bo\/00\/03\/15\/98\/V30003159855_2.jpg\" alt=\"HP\" \/><\/div>\n<div id=\"description\" class=\"description\">\n<div class=\"details-pdt-desc\">\n<h2><\/h2>\n<h2 class=\"h2-master\">Performance, mobilit\u00e9 et confort pour les gamers<\/h2>\n<section>Atteignez les sommets\u00a0avec le PC\u00a0portable\u00a0<strong>HP OMEN Laptop 16<\/strong>\u00a0! Dot\u00e9 d\u2019un \u00e9cran <strong>IPS FHD 165 Hz<\/strong>, de composants performants et d\u2019un syst\u00e8me sonore Bang &amp; Olufsen, il offre d\u2019excellentes conditions de jeu et un excellent niveau de confort. L\u2019ordinateur portable\u00a0<strong>HP OMEN Laptop 16<\/strong>\u00a0se montre optimal pour\u00a0le jeu gr\u00e2ce \u00e0 son processeur\u00a0<strong>Intel Core i7-13620H<\/strong>, ses <strong>16GB de m\u00e9moire DDR5<\/strong>, son chipset graphique <strong>NVIDIA GeForce RTX 4060<\/strong>\u00a0et son\u00a0<strong>SSD M.2 PCIe NVMe de 1TB<\/strong>.<\/section>\n<section><\/section>\n<section><\/section>\n<section>\n<div class=\"desc-image\"><img decoding=\"async\" src=\"https:\/\/media.ldlc.com\/bo\/images\/fiches\/pc_portables\/hp\/omen_laptop_17\/v2\/801.jpg\" alt=\"\" \/><\/div>\n<div class=\"desc-text\">\n<h2><\/h2>\n<h2>PERFORMANCES POUR LES GAMERS<\/h2>\n<p>Avec un puissant processeur Intel Core i7-12620H et une puce graphique NVIDIA GeForce RTX 4060, le PC portable HP OMEN Laptop 16 offre des performances de jeu remarquables. Les processeurs Intel Core de 13\u00e8me g\u00e9n\u00e9ration vous font acc\u00e9der \u00e0 un nouveau seuil de performance et de fluidit\u00e9. Exploitant l\u2019architecture Amp\u00e8re, la puce graphique NVIDIA GeForce RTX 4060 combine hautes performances et consommation d\u2019\u00e9nergie ma\u00eetris\u00e9e. Elle est con\u00e7ue pour offrir aux gamers des hautes performances et un affichage fluide.<\/p>\n<\/div>\n<\/section>\n<section>\n<div class=\"desc-text\">\n<h2>TECHNOLOGIES DE POINTE<\/h2>\n<p>Le\u00a0<strong>PC portable HP OMEN Laptop 16\u00a0<\/strong>int\u00e8gre des technologies de pointe pour vous permettre de jouer dans les meilleures conditions, sans surchauffe et en \u00e9conomisant la batterie. Le design bas\u00e9 sur la technologie<strong>\u00a0NVIDIA\u00a0<\/strong>\u00a0permet \u00e0 votre laptop d\u2019int\u00e9grer les meilleurs composants tout en \u00e9tant parfaitement refroidi. Vous pouvez obtenir des performances nettement plus \u00e9lev\u00e9es dans des configurations moins encombrantes. C\u00f4t\u00e9 graphismes, les technologies\u00a0<strong>NVIDIA DLSS<\/strong>\u00a0et\u00a0<strong>ray tracing<\/strong>\u00a0offrent un rendu plus r\u00e9aliste et une qualit\u00e9 d\u2019image irr\u00e9prochable, pour des jeux encore plus beaux et plus immersifs.<\/p>\n<p>&nbsp;<\/p>\n<\/div>\n<div class=\"desc-image\"><img decoding=\"async\" src=\"https:\/\/media.ldlc.com\/bo\/images\/fiches\/pc_portables\/hp\/pavilion_gaming_15\/802_b.jpg\" alt=\"\" \/><\/div>\n<\/section>\n<section>\n<div class=\"desc-image\"><img decoding=\"async\" src=\"https:\/\/media.ldlc.com\/bo\/images\/fiches\/pc_portables\/hp\/omen_laptop_17\/v2\/802.jpg\" alt=\"\" \/><\/div>\n<div class=\"desc-text\">\n<h2><\/h2>\n<h2>ECRAN IPS QHD AVEC FR\u00c9QUENCE 165 HZ<\/h2>\n<p>L\u2019\u00e9cran \u00e0 cadre mince du HP OMEN Laptop 16 offre une excellente immersion dans les jeux. Sa dalle IPS avec\u00a0<strong>r\u00e9solution FHD<\/strong>\u00a0d\u00e9livre un excellent niveau de d\u00e9tails avec des couleurs riches et homog\u00e8nes, quelle que soit votre position devant l\u2019\u00e9cran, vous ne ratez aucun d\u00e9tail des animations \u00e0 l\u2019\u00e9cran, m\u00eame au coeur de l\u2019action ! De plus, avec une\u00a0<strong>fr\u00e9quence de 165 Hz<\/strong>, profitez d\u2019un affichage ultra-fluide !<\/p>\n<\/div>\n<section>\n<div class=\"desc-text\">\n<h2>CONFORT DE JEU<\/h2>\n<p>Le PC portable HP OMEN Laptop 17\u00a0offre un excellent confort de jeu gr\u00e2ce \u00e0 son\u00a0<strong>clavier Gamer avec touches r\u00e9tro\u00e9clair\u00e9es RGB<\/strong>. De plus, les haut-parleurs, le syst\u00e8me HP Audio Boost et une optimisation sonore sign\u00e9e\u00a0<strong>Bang &amp; Olufsen<\/strong>\u00a0donneront une autre dimension \u00e0 vos contenus de divertissement. Mettez vos sens en \u00e9veil gr\u00e2ce \u00e0 un syst\u00e8me audio proche de la perfection. Par ailleurs, avec le tableau de bord gaming\u00a0<strong>OMEN Gaming Hub<\/strong>\u00a0profitez de nombreuses options de personnalisation, g\u00e9rez les performances du PC portable et retrouvez tous vos jeux au m\u00eame endroit !<\/p>\n<p>&nbsp;<\/p>\n<\/div>\n<div class=\"desc-image\"><img decoding=\"async\" src=\"https:\/\/media.ldlc.com\/bo\/images\/fiches\/pc_portables\/hp\/omen_laptop_17\/v2\/803.jpg\" alt=\"\" \/><\/div>\n<\/section>\n<section>\n<div class=\"desc-image\"><img decoding=\"async\" src=\"https:\/\/media.ldlc.com\/bo\/images\/fiches\/pc_portables\/hp\/omen_laptop_17\/v2\/804.jpg\" alt=\"\" \/><\/div>\n<div class=\"desc-text\">\n<h2>REFROIDISSEMENT PERFORMANT<\/h2>\n<p>Avec ses \u00e9vents sur 3 c\u00f4t\u00e9s et son flux d\u2019air \u00e0 5 voies, la technologie OMEN Tempest Cooling offre au HP OMEN Laptop 17 une dissipation de la chaleur ultra-efficace. Les composants ne souffrent ainsi d\u2019aucune surchauffe et les performances restent stables.<\/p>\n<h3><strong>CARACT\u00c9RISTIQUES PRINCIPALES :<\/strong><\/h3>\n<ul>\n<li><strong>Processeur Intel Core i7-13620H<\/strong>\u00a0(6 Performance-Cores 4.7 GHz Turbo + 4 Efficient-Cores 3.6 GHz Turbo &#8211; 16 Threads &#8211; Cache 24 Mo)<\/li>\n<li><strong>16GB<\/strong> de m\u00e9moire <strong>DDR5 5200MHz<\/strong> (2 x 16 Go \u2013 2 slots) <strong>fr\u00e9quence de 5600mhz<\/strong><\/li>\n<li>Ecran de <strong>16.1\u2033 anti-reflets\u00a0<\/strong>avec r\u00e9solution\u00a0<strong>FHD<\/strong>\u00a0(1920 x 1080) et\u00a0<strong>fr\u00e9quence de 165 Hz<\/strong><\/li>\n<li><strong>Dalle IPS<\/strong> : couleurs de qualit\u00e9 sup\u00e9rieure avec angles de vision larges<\/li>\n<li>Puce graphique\u00a0<strong>NVIDIA GeForce RTX 4060 laptop <\/strong>avec 8GB de m\u00e9moire GDDR6<\/li>\n<li><strong>SSD M.2 PCIe NVMe de 1 TB<\/strong><\/li>\n<li>Communication sans fil Wi-Fi 6 + Bluetooth 5.0<\/li>\n<li>Haut-parleurs Bang &amp; Olufsen avec technologies DTS:X Ultra et HP Audio Boost<\/li>\n<li>Connecteur Thunderbolt 4 (USB-C)<\/li>\n<li>Clavier Gamer avec touches r\u00e9tro\u00e9clair\u00e9es RGB<\/li>\n<li>Adaptateur secteur 330 Watts<\/li>\n<li><strong>Condition<\/strong>\u00a0:<strong> Comme neuf<\/strong><\/li>\n<\/ul>\n<\/div>\n<\/section>\n<\/section>\n<\/div>\n<\/div>\n","protected":false},"excerpt":{"rendered":"<h4>CARACT\u00c9RISTIQUES PRINCIPALES :<\/h4>\n<ul>\n<li>Processeur <strong>Intel Core i7-13620H<\/strong> (3.6 GHz \/\u00a04.7 GHz)<\/li>\n<li><strong>16GB de m\u00e9moire DDR5<\/strong> <strong>5200MHz<\/strong><\/li>\n<li>Ecran de <strong>16.1\u2033<\/strong> anti-reflets<strong>\u00a0<\/strong>avec r\u00e9solution\u00a0<strong>FHD\u00a0(1920 x 1080)<\/strong> et\u00a0fr\u00e9quence de <strong>165 Hz<\/strong><\/li>\n<li><strong>Dalle IPS<\/strong> : couleurs de qualit\u00e9 sup\u00e9rieure avec angles de vision larges<\/li>\n<li>Puce graphique <strong>NVIDIA GeForce RTX 4060<\/strong> laptop avec <strong>8GB<\/strong> de m\u00e9moire GDDR6<\/li>\n<li>SSD\u00a0<strong>\u00a01TB\u00a0<\/strong><strong>NVMe <\/strong>M.2 PCIe<\/li>\n<li>Communication sans fil Wi-Fi 6 + Bluetooth 5.0<\/li>\n<li>Haut-parleurs Bang &amp; Olufsen avec technologies DTS:X Ultra et HP Audio Boost<\/li>\n<li>Connecteur Thunderbolt 4 (USB-C)<\/li>\n<li>Clavier Gamer avec touches r\u00e9tro\u00e9clair\u00e9es RGB<\/li>\n<li>Adaptateur secteur 330 Watts<\/li>\n<li>Condition\u00a0: Comme neuf<\/li>\n<\/ul>\n","protected":false},"featured_media":1009291,"template":"","meta":{"_acf_changed":false},"pwb-brand":[],"product_brand":[],"product_cat":[122,121,126],"product_tag":[],"pcb_component_type":[],"class_list":{"0":"post-9694","1":"product","2":"type-product","3":"status-publish","4":"has-post-thumbnail","6":"product_cat-gaming","7":"product_cat-pc-portable","8":"product_cat-professional","10":"first","11":"outofstock","12":"shipping-taxable","13":"product-type-simple"},"translation":{"provider":"WPGlobus","version":"3.0.2","language":"es","enabled_languages":["en","es","de","fr","ru"],"languages":{"en":{"title":true,"content":true,"excerpt":true},"es":{"title":false,"content":false,"excerpt":false},"de":{"title":false,"content":false,"excerpt":false},"fr":{"title":false,"content":false,"excerpt":false},"ru":{"title":false,"content":false,"excerpt":false}}},"acf":[],"yoast_head":"<!-- This site is optimized with the Yoast SEO plugin v27.2 - https:\/\/yoast.com\/product\/yoast-seo-wordpress\/ -->\n<title>HP OMEN 16 i7-13620H \/ 16GB \/ 1TB\/ RTX 4060 8GB\/ 16.1&quot; IPS FHD 165HZ - Osaka<\/title>\n<meta name=\"robots\" content=\"index, follow, max-snippet:-1, max-image-preview:large, max-video-preview:-1\" \/>\n<link rel=\"canonical\" href=\"https:\/\/osaka.ma\/de\/product\/hp-omen-16-i7-13620h-16gb-1tb-rtx-4060-8gb-16-1-ips-fhd-165hz\/\" \/>\n<meta property=\"og:locale\" content=\"es_ES\" \/>\n<meta property=\"og:type\" content=\"article\" \/>\n<meta property=\"og:title\" content=\"HP OMEN 16 i7-13620H \/ 16GB \/ 1TB\/ RTX 4060 8GB\/ 16.1&quot; IPS FHD 165HZ - Osaka\" \/>\n<meta property=\"og:url\" content=\"https:\/\/osaka.ma\/de\/product\/hp-omen-16-i7-13620h-16gb-1tb-rtx-4060-8gb-16-1-ips-fhd-165hz\/\" \/>\n<meta property=\"og:site_name\" content=\"Osaka\" \/>\n<meta property=\"article:modified_time\" content=\"2024-12-18T15:36:14+00:00\" \/>\n<meta property=\"og:image\" content=\"https:\/\/osaka.ma\/wp-content\/uploads\/2024\/06\/HP-Omen-16.webp\" \/>\n\t<meta property=\"og:image:width\" content=\"1600\" \/>\n\t<meta property=\"og:image:height\" content=\"1359\" \/>\n\t<meta property=\"og:image:type\" content=\"image\/webp\" \/>\n<meta name=\"twitter:card\" content=\"summary_large_image\" \/>\n<meta name=\"twitter:label1\" content=\"Est. reading time\" \/>\n\t<meta name=\"twitter:data1\" content=\"4 minutes\" \/>\n<script type=\"application\/ld+json\" class=\"yoast-schema-graph\">{\"@context\":\"https:\/\/schema.org\",\"@graph\":[{\"@type\":\"WebPage\",\"@id\":\"https:\/\/osaka.ma\/de\/product\/hp-omen-16-i7-13620h-16gb-1tb-rtx-4060-8gb-16-1-ips-fhd-165hz\/\",\"url\":\"https:\/\/osaka.ma\/de\/product\/hp-omen-16-i7-13620h-16gb-1tb-rtx-4060-8gb-16-1-ips-fhd-165hz\/\",\"name\":\"HP OMEN 16 i7-13620H \/ 16GB \/ 1TB\/ RTX 4060 8GB\/ 16.1\\\" IPS FHD 165HZ - Osaka\",\"isPartOf\":{\"@id\":\"https:\/\/osaka.ma\/#website\"},\"primaryImageOfPage\":{\"@id\":\"https:\/\/osaka.ma\/de\/product\/hp-omen-16-i7-13620h-16gb-1tb-rtx-4060-8gb-16-1-ips-fhd-165hz\/#primaryimage\"},\"image\":{\"@id\":\"https:\/\/osaka.ma\/de\/product\/hp-omen-16-i7-13620h-16gb-1tb-rtx-4060-8gb-16-1-ips-fhd-165hz\/#primaryimage\"},\"thumbnailUrl\":\"https:\/\/osaka.ma\/wp-content\/uploads\/2024\/06\/HP-Omen-16.webp\",\"datePublished\":\"2024-07-10T12:03:24+00:00\",\"dateModified\":\"2024-12-18T15:36:14+00:00\",\"breadcrumb\":{\"@id\":\"https:\/\/osaka.ma\/de\/product\/hp-omen-16-i7-13620h-16gb-1tb-rtx-4060-8gb-16-1-ips-fhd-165hz\/#breadcrumb\"},\"inLanguage\":\"es-ES\",\"potentialAction\":[{\"@type\":\"ReadAction\",\"target\":[\"https:\/\/osaka.ma\/de\/product\/hp-omen-16-i7-13620h-16gb-1tb-rtx-4060-8gb-16-1-ips-fhd-165hz\/\"]}]},{\"@type\":\"ImageObject\",\"inLanguage\":\"es-ES\",\"@id\":\"https:\/\/osaka.ma\/de\/product\/hp-omen-16-i7-13620h-16gb-1tb-rtx-4060-8gb-16-1-ips-fhd-165hz\/#primaryimage\",\"url\":\"https:\/\/osaka.ma\/wp-content\/uploads\/2024\/06\/HP-Omen-16.webp\",\"contentUrl\":\"https:\/\/osaka.ma\/wp-content\/uploads\/2024\/06\/HP-Omen-16.webp\",\"width\":1600,\"height\":1359},{\"@type\":\"BreadcrumbList\",\"@id\":\"https:\/\/osaka.ma\/de\/product\/hp-omen-16-i7-13620h-16gb-1tb-rtx-4060-8gb-16-1-ips-fhd-165hz\/#breadcrumb\",\"itemListElement\":[{\"@type\":\"ListItem\",\"position\":1,\"name\":\"Home\",\"item\":\"https:\/\/osaka.ma\/\"},{\"@type\":\"ListItem\",\"position\":2,\"name\":\"Shop\",\"item\":\"https:\/\/osaka.ma\/shop-2\/\"},{\"@type\":\"ListItem\",\"position\":3,\"name\":\"HP OMEN 16 i7-13620H \/ 16GB \/ 1TB\/ RTX 4060 8GB\/ 16.1&#8243; IPS FHD 165HZ\"}]},{\"@type\":\"WebSite\",\"@id\":\"https:\/\/osaka.ma\/#website\",\"url\":\"https:\/\/osaka.ma\/\",\"name\":\"Osaka\",\"description\":\"\",\"publisher\":{\"@id\":\"https:\/\/osaka.ma\/#organization\"},\"potentialAction\":[{\"@type\":\"SearchAction\",\"target\":{\"@type\":\"EntryPoint\",\"urlTemplate\":\"https:\/\/osaka.ma\/?s={search_term_string}\"},\"query-input\":{\"@type\":\"PropertyValueSpecification\",\"valueRequired\":true,\"valueName\":\"search_term_string\"}}],\"inLanguage\":\"es-ES\"},{\"@type\":\"Organization\",\"@id\":\"https:\/\/osaka.ma\/#organization\",\"name\":\"Osaka\",\"url\":\"https:\/\/osaka.ma\/\",\"logo\":{\"@type\":\"ImageObject\",\"inLanguage\":\"es-ES\",\"@id\":\"https:\/\/osaka.ma\/#\/schema\/logo\/image\/\",\"url\":\"https:\/\/osaka.ma\/wp-content\/uploads\/2026\/01\/model-slogan-logo-2Plan-de-travail-1dksl-plus-finnn.png\",\"contentUrl\":\"https:\/\/osaka.ma\/wp-content\/uploads\/2026\/01\/model-slogan-logo-2Plan-de-travail-1dksl-plus-finnn.png\",\"width\":842,\"height\":226,\"caption\":\"Osaka\"},\"image\":{\"@id\":\"https:\/\/osaka.ma\/#\/schema\/logo\/image\/\"}}]}<\/script>\n<!-- \/ Yoast SEO plugin. -->","yoast_head_json":{"title":"HP OMEN 16 i7-13620H \/ 16GB \/ 1TB\/ RTX 4060 8GB\/ 16.1\" IPS FHD 165HZ - Osaka","robots":{"index":"index","follow":"follow","max-snippet":"max-snippet:-1","max-image-preview":"max-image-preview:large","max-video-preview":"max-video-preview:-1"},"canonical":"https:\/\/osaka.ma\/de\/product\/hp-omen-16-i7-13620h-16gb-1tb-rtx-4060-8gb-16-1-ips-fhd-165hz\/","og_locale":"es_ES","og_type":"article","og_title":"HP OMEN 16 i7-13620H \/ 16GB \/ 1TB\/ RTX 4060 8GB\/ 16.1\" IPS FHD 165HZ - Osaka","og_url":"https:\/\/osaka.ma\/de\/product\/hp-omen-16-i7-13620h-16gb-1tb-rtx-4060-8gb-16-1-ips-fhd-165hz\/","og_site_name":"Osaka","article_modified_time":"2024-12-18T15:36:14+00:00","og_image":[{"width":1600,"height":1359,"url":"https:\/\/osaka.ma\/wp-content\/uploads\/2024\/06\/HP-Omen-16.webp","type":"image\/webp"}],"twitter_card":"summary_large_image","twitter_misc":{"Est. reading time":"4 minutes"},"schema":{"@context":"https:\/\/schema.org","@graph":[{"@type":"WebPage","@id":"https:\/\/osaka.ma\/de\/product\/hp-omen-16-i7-13620h-16gb-1tb-rtx-4060-8gb-16-1-ips-fhd-165hz\/","url":"https:\/\/osaka.ma\/de\/product\/hp-omen-16-i7-13620h-16gb-1tb-rtx-4060-8gb-16-1-ips-fhd-165hz\/","name":"HP OMEN 16 i7-13620H \/ 16GB \/ 1TB\/ RTX 4060 8GB\/ 16.1\" IPS FHD 165HZ - Osaka","isPartOf":{"@id":"https:\/\/osaka.ma\/#website"},"primaryImageOfPage":{"@id":"https:\/\/osaka.ma\/de\/product\/hp-omen-16-i7-13620h-16gb-1tb-rtx-4060-8gb-16-1-ips-fhd-165hz\/#primaryimage"},"image":{"@id":"https:\/\/osaka.ma\/de\/product\/hp-omen-16-i7-13620h-16gb-1tb-rtx-4060-8gb-16-1-ips-fhd-165hz\/#primaryimage"},"thumbnailUrl":"https:\/\/osaka.ma\/wp-content\/uploads\/2024\/06\/HP-Omen-16.webp","datePublished":"2024-07-10T12:03:24+00:00","dateModified":"2024-12-18T15:36:14+00:00","breadcrumb":{"@id":"https:\/\/osaka.ma\/de\/product\/hp-omen-16-i7-13620h-16gb-1tb-rtx-4060-8gb-16-1-ips-fhd-165hz\/#breadcrumb"},"inLanguage":"es-ES","potentialAction":[{"@type":"ReadAction","target":["https:\/\/osaka.ma\/de\/product\/hp-omen-16-i7-13620h-16gb-1tb-rtx-4060-8gb-16-1-ips-fhd-165hz\/"]}]},{"@type":"ImageObject","inLanguage":"es-ES","@id":"https:\/\/osaka.ma\/de\/product\/hp-omen-16-i7-13620h-16gb-1tb-rtx-4060-8gb-16-1-ips-fhd-165hz\/#primaryimage","url":"https:\/\/osaka.ma\/wp-content\/uploads\/2024\/06\/HP-Omen-16.webp","contentUrl":"https:\/\/osaka.ma\/wp-content\/uploads\/2024\/06\/HP-Omen-16.webp","width":1600,"height":1359},{"@type":"BreadcrumbList","@id":"https:\/\/osaka.ma\/de\/product\/hp-omen-16-i7-13620h-16gb-1tb-rtx-4060-8gb-16-1-ips-fhd-165hz\/#breadcrumb","itemListElement":[{"@type":"ListItem","position":1,"name":"Home","item":"https:\/\/osaka.ma\/"},{"@type":"ListItem","position":2,"name":"Shop","item":"https:\/\/osaka.ma\/shop-2\/"},{"@type":"ListItem","position":3,"name":"HP OMEN 16 i7-13620H \/ 16GB \/ 1TB\/ RTX 4060 8GB\/ 16.1&#8243; IPS FHD 165HZ"}]},{"@type":"WebSite","@id":"https:\/\/osaka.ma\/#website","url":"https:\/\/osaka.ma\/","name":"Osaka","description":"","publisher":{"@id":"https:\/\/osaka.ma\/#organization"},"potentialAction":[{"@type":"SearchAction","target":{"@type":"EntryPoint","urlTemplate":"https:\/\/osaka.ma\/?s={search_term_string}"},"query-input":{"@type":"PropertyValueSpecification","valueRequired":true,"valueName":"search_term_string"}}],"inLanguage":"es-ES"},{"@type":"Organization","@id":"https:\/\/osaka.ma\/#organization","name":"Osaka","url":"https:\/\/osaka.ma\/","logo":{"@type":"ImageObject","inLanguage":"es-ES","@id":"https:\/\/osaka.ma\/#\/schema\/logo\/image\/","url":"https:\/\/osaka.ma\/wp-content\/uploads\/2026\/01\/model-slogan-logo-2Plan-de-travail-1dksl-plus-finnn.png","contentUrl":"https:\/\/osaka.ma\/wp-content\/uploads\/2026\/01\/model-slogan-logo-2Plan-de-travail-1dksl-plus-finnn.png","width":842,"height":226,"caption":"Osaka"},"image":{"@id":"https:\/\/osaka.ma\/#\/schema\/logo\/image\/"}}]}},"jetpack_sharing_enabled":true,"brands":[],"_links":{"self":[{"href":"https:\/\/osaka.ma\/es\/wp-json\/wp\/v2\/product\/9694","targetHints":{"allow":["GET"]}}],"collection":[{"href":"https:\/\/osaka.ma\/es\/wp-json\/wp\/v2\/product"}],"about":[{"href":"https:\/\/osaka.ma\/es\/wp-json\/wp\/v2\/types\/product"}],"version-history":[{"count":0,"href":"https:\/\/osaka.ma\/es\/wp-json\/wp\/v2\/product\/9694\/revisions"}],"wp:featuredmedia":[{"embeddable":true,"href":"https:\/\/osaka.ma\/es\/wp-json\/wp\/v2\/media\/1009291"}],"wp:attachment":[{"href":"https:\/\/osaka.ma\/es\/wp-json\/wp\/v2\/media?parent=9694"}],"wp:term":[{"taxonomy":"pwb-brand","embeddable":true,"href":"https:\/\/osaka.ma\/es\/wp-json\/wp\/v2\/pwb-brand?post=9694"},{"taxonomy":"product_brand","embeddable":true,"href":"https:\/\/osaka.ma\/es\/wp-json\/wp\/v2\/product_brand?post=9694"},{"taxonomy":"product_cat","embeddable":true,"href":"https:\/\/osaka.ma\/es\/wp-json\/wp\/v2\/product_cat?post=9694"},{"taxonomy":"product_tag","embeddable":true,"href":"https:\/\/osaka.ma\/es\/wp-json\/wp\/v2\/product_tag?post=9694"},{"taxonomy":"pcb_component_type","embeddable":true,"href":"https:\/\/osaka.ma\/es\/wp-json\/wp\/v2\/pcb_component_type?post=9694"}],"curies":[{"name":"wp","href":"https:\/\/api.w.org\/{rel}","templated":true}]}}