{"id":9757,"date":"2024-07-15T10:11:23","date_gmt":"2024-07-15T10:11:23","guid":{"rendered":"https:\/\/osaka.ma\/?post_type=product&#038;p=9757"},"modified":"2024-12-18T15:36:14","modified_gmt":"2024-12-18T15:36:14","slug":"msi-katana-15-b13v-i7-13620h-16gb-1tb-ssd-rtx-4070-15-6-qhd-ips-165hz","status":"publish","type":"product","link":"https:\/\/osaka.ma\/es\/product\/msi-katana-15-b13v-i7-13620h-16gb-1tb-ssd-rtx-4070-15-6-qhd-ips-165hz\/","title":{"rendered":"MSI Katana 15 B13V i7-13620H\/ 16GB\/ 1Tb SSD\/ RTX 4070 8GB\/ 15.6&#8243; QHD IPS 165Hz"},"content":{"rendered":"<div class=\"logo\"><img decoding=\"async\" class=\"aligncenter\" src=\"https:\/\/media.ldlc.com\/v3\/marque\/bo\/00\/05\/99\/39\/V30005993997.gif\" alt=\"MSI\" \/><\/div>\n<div id=\"description\" class=\"description\">\n<div class=\"details-pdt-desc\">\n<h2><\/h2>\n<h2 class=\"h2-master\">Performance de jeu et finesse avec un \u00e9cran 165Hz<\/h2>\n<section>Le\u00a0<strong>MSI Katana 15 B13 <\/strong>est un PC portable Gaming \u00e9quip\u00e9 d&#8217;un processeur <strong>Intel Core de 13e g\u00e9n\u00e9ration<\/strong>, d&#8217;une puce graphique <strong>NVIDIA GeForce RTX s\u00e9rie 4000<\/strong>, de <strong>RAM DDR5<\/strong>, d&#8217;un SSD PCIe ultra-rapide et d&#8217;un \u00e9cran <strong>QHD 165Hz<\/strong>. Ce PC portable Gamer MSI sera un achat id\u00e9al pour les joueurs \u00e0 la recherche d&#8217;un juste milieu entre performance et mobilit\u00e9, le tout pour un budget ma\u00eetris\u00e9.<\/section>\n<section><\/section>\n<section>\n<div class=\"desc-image\"><img decoding=\"async\" src=\"https:\/\/media.ldlc.com\/bo\/images\/fiches\/pc_portables\/msi\/katana_15\/801.jpg\" alt=\"\" \/><\/div>\n<div class=\"desc-text\">\n<h2><\/h2>\n<h2>PROCESSEUR INTEL CORE I7 DE 13E G\u00c9N\u00c9RATION<\/h2>\n<p>Gr\u00e2ce aux processeurs Intel Core de 13e g\u00e9n\u00e9ration, l&#8217;ordinateur portable MSI Katana 15 offre des performances survitamin\u00e9es, qu&#8217;il s&#8217;agisse de projets multit\u00e2ches ou de jeux vid\u00e9o dernier cri. Gr\u00e2ce \u00e0 une architecture hybride hautes performances, les processeurs Intel Core de 13e g\u00e9n\u00e9ration offrent une combinaison unique de c\u0153urs performants et efficaces (P-core et E-core). La charge de travail \u00e9tant achemin\u00e9e intelligemment par Intel Thread Director, le processeur divise pour mieux conqu\u00e9rir !<\/p>\n<\/div>\n<\/section>\n<section>\n<div class=\"desc-text\">\n<h2>NVIDIA GEFORCE RTX 4070<\/h2>\n<p>Les puces graphiques NVIDIA GeForce RTX s\u00e9rie 40 offrent une rapidit\u00e9 extr\u00eame aux gamers et aux cr\u00e9ateurs. Bas\u00e9s sur l&#8217;architecture NVIDIA Ada Lovelace \u00e0 haut degr\u00e9 d\u2019efficacit\u00e9, ces GPU constituent une avanc\u00e9e d\u00e9cisive en mati\u00e8re de performances gr\u00e2ce au DLSS 3 bas\u00e9 sur l&#8217;IA et au ray tracing qui assure des images ultrar\u00e9alistes. De plus, la suite de technologies Max-Q optimise les performances du syst\u00e8me, l&#8217;alimentation, l&#8217;autonomie de la batterie et le niveau de bruit, pour une efficacit\u00e9 plus \u00e9lev\u00e9e.<\/p>\n<\/div>\n<div><\/div>\n<div class=\"desc-image\"><img decoding=\"async\" src=\"https:\/\/media.ldlc.com\/bo\/images\/fiches\/pc_portables\/msi\/katana_15\/802.jpg\" alt=\"\" \/><\/div>\n<\/section>\n<section>\n<div class=\"desc-image\"><\/div>\n<div class=\"desc-text\">\n<h2>\u00c9CRAN 165 HZ \u00c0 CADRE \u00c0 BORDS FINS<\/h2>\n<p>L&#8217;\u00e9cran \u00e0 bords fins du Katana 15 offre un taux de rafra\u00eechissement de 165Hz et vous assure des images r\u00e9alistes et d\u00e9taill\u00e9es pour des jeux plus immersifs. En tirant parti du meilleur de la carte graphique NVIDIA GeForce RTX int\u00e9gr\u00e9e, l&#8217;\u00e9cran du Katana 15 offre des jeux fluides avec des graphismes \u00e0 couper le souffle.<\/p>\n<\/div>\n<\/section>\n<section>\n<div class=\"desc-text\">\n<h2>CLAVIER GAMING<\/h2>\n<p>Cet ordinateur portable MSI Katana 15 est \u00e9quip\u00e9 d&#8217;un clavier \u00e0 quatre zones de r\u00e9tro\u00e9clairage ainsi que de touches ZQSD mises en avant par un r\u00e9tro\u00e9clairage d\u00e9di\u00e9 et un design sp\u00e9cial. Vivez totalement votre jeu et ressentez l&#8217;\u00e9nergie de votre ordinateur portable Katana avec style !<\/p>\n<p>&nbsp;<\/p>\n<\/div>\n<div class=\"desc-image\"><img decoding=\"async\" src=\"https:\/\/media.ldlc.com\/bo\/images\/fiches\/pc_portables\/msi\/katana_15\/804.jpg\" alt=\"\" \/><\/div>\n<div><\/div>\n<\/section>\n<section class=\"list\">\n<h2>CARACT\u00c9RISTIQUES PRINCIPALES :<\/h2>\n<ul>\n<li><strong>Processeur Intel Core i7-13620H<\/strong>\u00a0(6 Performance-Cores 4.7 GHz Turbo + 4 Efficient-Cores 3.6 GHz Turbo &#8211; 16 Threads &#8211; Cache 24 Mo)<\/li>\n<li>\u00c9cran de <strong>15.6 pouces<\/strong> avec\u00a0r\u00e9solution<strong> QHD 2k (2560 \u00d7 1440 pixels)<\/strong><\/li>\n<li>Image fluide avec\u00a0<strong>fr\u00e9quence d&#8217;affichage de 165 Hz<\/strong><\/li>\n<li><strong>16Gb<\/strong> de m\u00e9moire vive <strong>DDR5 5200Mhz<\/strong> (1 x 16 Go &#8211; 2 slots avec maximum 64 Go au total)<\/li>\n<li>Puce graphique<strong> NVIDIA GeForce RTX 4070 Laptop<\/strong> avec <strong>8Gb<\/strong> de m\u00e9moire d\u00e9di\u00e9e GDDR6<\/li>\n<li><strong>SSD M.2 PCIe 4.0 de 1 Tb<\/strong>\u00a0+ emplacement libre pour un second SSD M.2 PCIe (n\u00e9cessite un kit d&#8217;installation, non fourni)<\/li>\n<li><strong>Clavier Gamer\u00a0<\/strong>avec\u00a0<strong>r\u00e9tro\u00e9clairage des touches RGB sur 4 zones<\/strong><\/li>\n<li>Communication sans fil fiable et performante\u00a0<strong>Wi-Fi 6E<\/strong>\u00a0+<strong>\u00a0Bluetooth 5.3<\/strong><\/li>\n<li>Syst\u00e8me audio avec technologie Nahimic 3<\/li>\n<li>Cooler Boost 5 : refroidissement performant avec 2 ventilateurs et 4 caloducs<\/li>\n<li>Webcam HD 720p int\u00e9gr\u00e9e<\/li>\n<li>Adaptateur d&#8217;alimentation 200 W<\/li>\n<li><strong>Condition : Neuf<\/strong><\/li>\n<\/ul>\n<\/section>\n<\/div>\n<\/div>\n","protected":false},"excerpt":{"rendered":"<h4>CARACT\u00c9RISTIQUES PRINCIPALES :<\/h4>\n<ul>\n<li>Processeur<strong> Intel Core i7-13620H<\/strong> ( 3.6 GHz \/ 4.7 GHz )<\/li>\n<li>\u00c9cran de <strong>15.6 pouces<\/strong> avec\u00a0r\u00e9solution<strong> QHD 2k (2560 \u00d7 1440 pixels)<\/strong><\/li>\n<li>Image fluide avec\u00a0<strong>fr\u00e9quence d&#8217;affichage de 165 Hz<\/strong><\/li>\n<li><strong>16Gb<\/strong> de m\u00e9moire vive <strong>DDR5 5200Mhz<\/strong><\/li>\n<li>Puce graphique<strong> NVIDIA GeForce RTX 4070 Laptop<\/strong> avec 8 Gb de m\u00e9moire d\u00e9di\u00e9e GDDR6<\/li>\n<li><strong>SSD M.2 PCIe 4.0 de 1Tb<\/strong> + emplacement libre pour un second SSD M.2 PCIe<\/li>\n<li><strong>Clavier Gamer\u00a0<\/strong>avec\u00a0<strong>r\u00e9tro\u00e9clairage des touches RGB sur 4 zones<\/strong><\/li>\n<li>Communication sans fil fiable et performante\u00a0<strong>Wi-Fi 6E<\/strong>\u00a0+<strong>\u00a0Bluetooth 5.3<\/strong><\/li>\n<li>Syst\u00e8me audio avec technologie Nahimic 3<\/li>\n<li>Cooler Boost 5 : refroidissement performant avec 2 ventilateurs et 4 caloducs<\/li>\n<li>Webcam HD 720p int\u00e9gr\u00e9e<\/li>\n<li>Adaptateur d&#8217;alimentation 200 W<\/li>\n<li><strong>Condition : Neuf<\/strong><\/li>\n<\/ul>\n","protected":false},"featured_media":1009758,"template":"","meta":{"_acf_changed":false},"pwb-brand":[],"product_brand":[],"product_cat":[122,121,126],"product_tag":[],"pcb_component_type":[],"class_list":{"0":"post-9757","1":"product","2":"type-product","3":"status-publish","4":"has-post-thumbnail","6":"product_cat-gaming","7":"product_cat-pc-portable","8":"product_cat-professional","10":"first","11":"outofstock","12":"shipping-taxable","13":"product-type-simple"},"translation":{"provider":"WPGlobus","version":"3.0.2","language":"es","enabled_languages":["en","es","de","fr","ru"],"languages":{"en":{"title":true,"content":true,"excerpt":true},"es":{"title":false,"content":false,"excerpt":false},"de":{"title":false,"content":false,"excerpt":false},"fr":{"title":false,"content":false,"excerpt":false},"ru":{"title":false,"content":false,"excerpt":false}}},"acf":[],"yoast_head":"<!-- This site is optimized with the Yoast SEO plugin v27.2 - https:\/\/yoast.com\/product\/yoast-seo-wordpress\/ -->\n<title>MSI Katana 15 B13V i7-13620H\/ 16GB\/ 1Tb SSD\/ RTX 4070 8GB\/ 15.6&quot; QHD IPS 165Hz - Osaka<\/title>\n<meta name=\"robots\" content=\"index, follow, max-snippet:-1, max-image-preview:large, max-video-preview:-1\" \/>\n<link rel=\"canonical\" href=\"https:\/\/osaka.ma\/es\/product\/msi-katana-15-b13v-i7-13620h-16gb-1tb-ssd-rtx-4070-15-6-qhd-ips-165hz\/\" \/>\n<meta property=\"og:locale\" content=\"es_ES\" \/>\n<meta property=\"og:type\" content=\"article\" \/>\n<meta property=\"og:title\" content=\"MSI Katana 15 B13V i7-13620H\/ 16GB\/ 1Tb SSD\/ RTX 4070 8GB\/ 15.6&quot; QHD IPS 165Hz - Osaka\" \/>\n<meta property=\"og:url\" content=\"https:\/\/osaka.ma\/es\/product\/msi-katana-15-b13v-i7-13620h-16gb-1tb-ssd-rtx-4070-15-6-qhd-ips-165hz\/\" \/>\n<meta property=\"og:site_name\" content=\"Osaka\" \/>\n<meta property=\"article:modified_time\" content=\"2024-12-18T15:36:14+00:00\" \/>\n<meta property=\"og:image\" content=\"https:\/\/osaka.ma\/wp-content\/uploads\/2024\/07\/Msi-Katana-15-B13v.jpg\" \/>\n\t<meta property=\"og:image:width\" content=\"1600\" \/>\n\t<meta property=\"og:image:height\" content=\"1600\" \/>\n\t<meta property=\"og:image:type\" content=\"image\/jpeg\" \/>\n<meta name=\"twitter:card\" content=\"summary_large_image\" \/>\n<meta name=\"twitter:label1\" content=\"Est. reading time\" \/>\n\t<meta name=\"twitter:data1\" content=\"4 minutes\" \/>\n<script type=\"application\/ld+json\" class=\"yoast-schema-graph\">{\"@context\":\"https:\/\/schema.org\",\"@graph\":[{\"@type\":\"WebPage\",\"@id\":\"https:\/\/osaka.ma\/es\/product\/msi-katana-15-b13v-i7-13620h-16gb-1tb-ssd-rtx-4070-15-6-qhd-ips-165hz\/\",\"url\":\"https:\/\/osaka.ma\/es\/product\/msi-katana-15-b13v-i7-13620h-16gb-1tb-ssd-rtx-4070-15-6-qhd-ips-165hz\/\",\"name\":\"MSI Katana 15 B13V i7-13620H\/ 16GB\/ 1Tb SSD\/ RTX 4070 8GB\/ 15.6\\\" QHD IPS 165Hz - Osaka\",\"isPartOf\":{\"@id\":\"https:\/\/osaka.ma\/#website\"},\"primaryImageOfPage\":{\"@id\":\"https:\/\/osaka.ma\/es\/product\/msi-katana-15-b13v-i7-13620h-16gb-1tb-ssd-rtx-4070-15-6-qhd-ips-165hz\/#primaryimage\"},\"image\":{\"@id\":\"https:\/\/osaka.ma\/es\/product\/msi-katana-15-b13v-i7-13620h-16gb-1tb-ssd-rtx-4070-15-6-qhd-ips-165hz\/#primaryimage\"},\"thumbnailUrl\":\"https:\/\/osaka.ma\/wp-content\/uploads\/2024\/07\/Msi-Katana-15-B13v.jpg\",\"datePublished\":\"2024-07-15T10:11:23+00:00\",\"dateModified\":\"2024-12-18T15:36:14+00:00\",\"breadcrumb\":{\"@id\":\"https:\/\/osaka.ma\/es\/product\/msi-katana-15-b13v-i7-13620h-16gb-1tb-ssd-rtx-4070-15-6-qhd-ips-165hz\/#breadcrumb\"},\"inLanguage\":\"es-ES\",\"potentialAction\":[{\"@type\":\"ReadAction\",\"target\":[\"https:\/\/osaka.ma\/es\/product\/msi-katana-15-b13v-i7-13620h-16gb-1tb-ssd-rtx-4070-15-6-qhd-ips-165hz\/\"]}]},{\"@type\":\"ImageObject\",\"inLanguage\":\"es-ES\",\"@id\":\"https:\/\/osaka.ma\/es\/product\/msi-katana-15-b13v-i7-13620h-16gb-1tb-ssd-rtx-4070-15-6-qhd-ips-165hz\/#primaryimage\",\"url\":\"https:\/\/osaka.ma\/wp-content\/uploads\/2024\/07\/Msi-Katana-15-B13v.jpg\",\"contentUrl\":\"https:\/\/osaka.ma\/wp-content\/uploads\/2024\/07\/Msi-Katana-15-B13v.jpg\",\"width\":1600,\"height\":1600},{\"@type\":\"BreadcrumbList\",\"@id\":\"https:\/\/osaka.ma\/es\/product\/msi-katana-15-b13v-i7-13620h-16gb-1tb-ssd-rtx-4070-15-6-qhd-ips-165hz\/#breadcrumb\",\"itemListElement\":[{\"@type\":\"ListItem\",\"position\":1,\"name\":\"Home\",\"item\":\"https:\/\/osaka.ma\/\"},{\"@type\":\"ListItem\",\"position\":2,\"name\":\"Shop\",\"item\":\"https:\/\/osaka.ma\/shop-2\/\"},{\"@type\":\"ListItem\",\"position\":3,\"name\":\"MSI Katana 15 B13V i7-13620H\/ 16GB\/ 1Tb SSD\/ RTX 4070 8GB\/ 15.6&#8243; QHD IPS 165Hz\"}]},{\"@type\":\"WebSite\",\"@id\":\"https:\/\/osaka.ma\/#website\",\"url\":\"https:\/\/osaka.ma\/\",\"name\":\"Osaka\",\"description\":\"\",\"publisher\":{\"@id\":\"https:\/\/osaka.ma\/#organization\"},\"potentialAction\":[{\"@type\":\"SearchAction\",\"target\":{\"@type\":\"EntryPoint\",\"urlTemplate\":\"https:\/\/osaka.ma\/?s={search_term_string}\"},\"query-input\":{\"@type\":\"PropertyValueSpecification\",\"valueRequired\":true,\"valueName\":\"search_term_string\"}}],\"inLanguage\":\"es-ES\"},{\"@type\":\"Organization\",\"@id\":\"https:\/\/osaka.ma\/#organization\",\"name\":\"Osaka\",\"url\":\"https:\/\/osaka.ma\/\",\"logo\":{\"@type\":\"ImageObject\",\"inLanguage\":\"es-ES\",\"@id\":\"https:\/\/osaka.ma\/#\/schema\/logo\/image\/\",\"url\":\"https:\/\/osaka.ma\/wp-content\/uploads\/2026\/01\/model-slogan-logo-2Plan-de-travail-1dksl-plus-finnn.png\",\"contentUrl\":\"https:\/\/osaka.ma\/wp-content\/uploads\/2026\/01\/model-slogan-logo-2Plan-de-travail-1dksl-plus-finnn.png\",\"width\":842,\"height\":226,\"caption\":\"Osaka\"},\"image\":{\"@id\":\"https:\/\/osaka.ma\/#\/schema\/logo\/image\/\"}}]}<\/script>\n<!-- \/ Yoast SEO plugin. -->","yoast_head_json":{"title":"MSI Katana 15 B13V i7-13620H\/ 16GB\/ 1Tb SSD\/ RTX 4070 8GB\/ 15.6\" QHD IPS 165Hz - Osaka","robots":{"index":"index","follow":"follow","max-snippet":"max-snippet:-1","max-image-preview":"max-image-preview:large","max-video-preview":"max-video-preview:-1"},"canonical":"https:\/\/osaka.ma\/es\/product\/msi-katana-15-b13v-i7-13620h-16gb-1tb-ssd-rtx-4070-15-6-qhd-ips-165hz\/","og_locale":"es_ES","og_type":"article","og_title":"MSI Katana 15 B13V i7-13620H\/ 16GB\/ 1Tb SSD\/ RTX 4070 8GB\/ 15.6\" QHD IPS 165Hz - Osaka","og_url":"https:\/\/osaka.ma\/es\/product\/msi-katana-15-b13v-i7-13620h-16gb-1tb-ssd-rtx-4070-15-6-qhd-ips-165hz\/","og_site_name":"Osaka","article_modified_time":"2024-12-18T15:36:14+00:00","og_image":[{"width":1600,"height":1600,"url":"https:\/\/osaka.ma\/wp-content\/uploads\/2024\/07\/Msi-Katana-15-B13v.jpg","type":"image\/jpeg"}],"twitter_card":"summary_large_image","twitter_misc":{"Est. reading time":"4 minutes"},"schema":{"@context":"https:\/\/schema.org","@graph":[{"@type":"WebPage","@id":"https:\/\/osaka.ma\/es\/product\/msi-katana-15-b13v-i7-13620h-16gb-1tb-ssd-rtx-4070-15-6-qhd-ips-165hz\/","url":"https:\/\/osaka.ma\/es\/product\/msi-katana-15-b13v-i7-13620h-16gb-1tb-ssd-rtx-4070-15-6-qhd-ips-165hz\/","name":"MSI Katana 15 B13V i7-13620H\/ 16GB\/ 1Tb SSD\/ RTX 4070 8GB\/ 15.6\" QHD IPS 165Hz - Osaka","isPartOf":{"@id":"https:\/\/osaka.ma\/#website"},"primaryImageOfPage":{"@id":"https:\/\/osaka.ma\/es\/product\/msi-katana-15-b13v-i7-13620h-16gb-1tb-ssd-rtx-4070-15-6-qhd-ips-165hz\/#primaryimage"},"image":{"@id":"https:\/\/osaka.ma\/es\/product\/msi-katana-15-b13v-i7-13620h-16gb-1tb-ssd-rtx-4070-15-6-qhd-ips-165hz\/#primaryimage"},"thumbnailUrl":"https:\/\/osaka.ma\/wp-content\/uploads\/2024\/07\/Msi-Katana-15-B13v.jpg","datePublished":"2024-07-15T10:11:23+00:00","dateModified":"2024-12-18T15:36:14+00:00","breadcrumb":{"@id":"https:\/\/osaka.ma\/es\/product\/msi-katana-15-b13v-i7-13620h-16gb-1tb-ssd-rtx-4070-15-6-qhd-ips-165hz\/#breadcrumb"},"inLanguage":"es-ES","potentialAction":[{"@type":"ReadAction","target":["https:\/\/osaka.ma\/es\/product\/msi-katana-15-b13v-i7-13620h-16gb-1tb-ssd-rtx-4070-15-6-qhd-ips-165hz\/"]}]},{"@type":"ImageObject","inLanguage":"es-ES","@id":"https:\/\/osaka.ma\/es\/product\/msi-katana-15-b13v-i7-13620h-16gb-1tb-ssd-rtx-4070-15-6-qhd-ips-165hz\/#primaryimage","url":"https:\/\/osaka.ma\/wp-content\/uploads\/2024\/07\/Msi-Katana-15-B13v.jpg","contentUrl":"https:\/\/osaka.ma\/wp-content\/uploads\/2024\/07\/Msi-Katana-15-B13v.jpg","width":1600,"height":1600},{"@type":"BreadcrumbList","@id":"https:\/\/osaka.ma\/es\/product\/msi-katana-15-b13v-i7-13620h-16gb-1tb-ssd-rtx-4070-15-6-qhd-ips-165hz\/#breadcrumb","itemListElement":[{"@type":"ListItem","position":1,"name":"Home","item":"https:\/\/osaka.ma\/"},{"@type":"ListItem","position":2,"name":"Shop","item":"https:\/\/osaka.ma\/shop-2\/"},{"@type":"ListItem","position":3,"name":"MSI Katana 15 B13V i7-13620H\/ 16GB\/ 1Tb SSD\/ RTX 4070 8GB\/ 15.6&#8243; QHD IPS 165Hz"}]},{"@type":"WebSite","@id":"https:\/\/osaka.ma\/#website","url":"https:\/\/osaka.ma\/","name":"Osaka","description":"","publisher":{"@id":"https:\/\/osaka.ma\/#organization"},"potentialAction":[{"@type":"SearchAction","target":{"@type":"EntryPoint","urlTemplate":"https:\/\/osaka.ma\/?s={search_term_string}"},"query-input":{"@type":"PropertyValueSpecification","valueRequired":true,"valueName":"search_term_string"}}],"inLanguage":"es-ES"},{"@type":"Organization","@id":"https:\/\/osaka.ma\/#organization","name":"Osaka","url":"https:\/\/osaka.ma\/","logo":{"@type":"ImageObject","inLanguage":"es-ES","@id":"https:\/\/osaka.ma\/#\/schema\/logo\/image\/","url":"https:\/\/osaka.ma\/wp-content\/uploads\/2026\/01\/model-slogan-logo-2Plan-de-travail-1dksl-plus-finnn.png","contentUrl":"https:\/\/osaka.ma\/wp-content\/uploads\/2026\/01\/model-slogan-logo-2Plan-de-travail-1dksl-plus-finnn.png","width":842,"height":226,"caption":"Osaka"},"image":{"@id":"https:\/\/osaka.ma\/#\/schema\/logo\/image\/"}}]}},"jetpack_sharing_enabled":true,"brands":[],"_links":{"self":[{"href":"https:\/\/osaka.ma\/es\/wp-json\/wp\/v2\/product\/9757","targetHints":{"allow":["GET"]}}],"collection":[{"href":"https:\/\/osaka.ma\/es\/wp-json\/wp\/v2\/product"}],"about":[{"href":"https:\/\/osaka.ma\/es\/wp-json\/wp\/v2\/types\/product"}],"version-history":[{"count":0,"href":"https:\/\/osaka.ma\/es\/wp-json\/wp\/v2\/product\/9757\/revisions"}],"wp:featuredmedia":[{"embeddable":true,"href":"https:\/\/osaka.ma\/es\/wp-json\/wp\/v2\/media\/1009758"}],"wp:attachment":[{"href":"https:\/\/osaka.ma\/es\/wp-json\/wp\/v2\/media?parent=9757"}],"wp:term":[{"taxonomy":"pwb-brand","embeddable":true,"href":"https:\/\/osaka.ma\/es\/wp-json\/wp\/v2\/pwb-brand?post=9757"},{"taxonomy":"product_brand","embeddable":true,"href":"https:\/\/osaka.ma\/es\/wp-json\/wp\/v2\/product_brand?post=9757"},{"taxonomy":"product_cat","embeddable":true,"href":"https:\/\/osaka.ma\/es\/wp-json\/wp\/v2\/product_cat?post=9757"},{"taxonomy":"product_tag","embeddable":true,"href":"https:\/\/osaka.ma\/es\/wp-json\/wp\/v2\/product_tag?post=9757"},{"taxonomy":"pcb_component_type","embeddable":true,"href":"https:\/\/osaka.ma\/es\/wp-json\/wp\/v2\/pcb_component_type?post=9757"}],"curies":[{"name":"wp","href":"https:\/\/api.w.org\/{rel}","templated":true}]}}