{"id":9836,"date":"2024-07-24T10:51:56","date_gmt":"2024-07-24T10:51:56","guid":{"rendered":"https:\/\/osaka.ma\/?post_type=product&#038;p=9836"},"modified":"2024-12-18T15:36:15","modified_gmt":"2024-12-18T15:36:15","slug":"pc-gamer-i7-12700kf-16gb-480gb-rtx-4060-8gb","status":"publish","type":"product","link":"https:\/\/osaka.ma\/es\/product\/pc-gamer-i7-12700kf-16gb-480gb-rtx-4060-8gb\/","title":{"rendered":"PC GAMER i7-12700KF\/ 16GB\/ 480GB\/ RTX 4060 8GB"},"content":{"rendered":"<p><img decoding=\"async\" class=\" wp-image-6550 aligncenter\" src=\"https:\/\/osaka.ma\/wp-content\/uploads\/2023\/10\/OSA-1.png\" alt=\"\" width=\"294\" height=\"113\" \/><\/p>\n<p><i><img decoding=\"async\" class=\"\" src=\"https:\/\/media.ldlc.com\/bo\/images\/fiches\/kit_upgrade\/case_80.png\" alt=\"\" width=\"48\" height=\"48\" \/><\/i>PC Gamer Osaka vous offre une configuration avec des composants \u00e9quilibr\u00e9e avec un bon prix, ce PC Gamer compos\u00e9 d\u2019un processeur INTEL CORE i7 ainsi que d\u2019une carte graphique NVIDIA GEFORCE RTX de s\u00e9rie 4000 Il int\u00e8gre \u00e9galement un SSD 2.5 pour un syst\u00e8me toujours plus rapide . Voila les atouts de ce PC puissant taill\u00e9 pour travailler dans les meilleures conditions.<\/p>\n<h2>CARACTERISTIQUES PRINCIPALES :<\/h2>\n<ul>\n<li>Processeur <strong>Intel Core i7-12700KF<\/strong> \u00a08 Performance-Cores\u00a0(3.6 GHz \u2013 5.0 GHz) + 4 Efficient-Cores (2.7\u00a0GHz \u2013 3.8\u00a0GHz)<\/li>\n<li>Carte m\u00e8re<strong> H610M-E DDR4<\/strong><\/li>\n<li>Ram\u00a0<strong>16GB (8\u00d72) GIGASTONE DDR4 3200MHz<\/strong><\/li>\n<li>Carte graphique<strong>\u00a0MSI VENTUS 2X RTX 4060 8GB<\/strong><\/li>\n<li>Bo\u00eetier<strong> E-ACER V900BK RGB<\/strong><\/li>\n<li>SSD\u00a0<strong>480GB MSI S270 2.5 SATA<\/strong><\/li>\n<li>Ventirad\u00a0<strong>MARS GAMING MCPU120 RGB<\/strong><\/li>\n<li>Alimentation\u00a0<strong>ICELIL 650W 80+BRONZE<\/strong><\/li>\n<li><strong>Win11 \/ Bien assembl\u00e9<\/strong><\/li>\n<\/ul>\n<div class=\"logo\"><img decoding=\"async\" class=\"aligncenter\" src=\"https:\/\/media.ldlc.com\/v3\/marque\/bo\/00\/05\/72\/22\/V30005722262_2.jpg\" alt=\"Intel\" \/><\/div>\n<div id=\"description\" class=\"description\">\n<div class=\"details-pdt-desc\">\n<h2><\/h2>\n<h2 class=\"h2-master\">Nouvelle architecture hybride pour des performances optimales<\/h2>\n<section>Avec les\u00a0<strong>processeurs Alder Lake<\/strong>,\u00a0<strong>Intel\u00a0<\/strong>signe une petite r\u00e9volution dans le monde de l\u2019architecture x86 en adoptant une\u00a0<strong>technologie hybride bas\u00e9e sur 2 types de coeurs diff\u00e9rents assembl\u00e9s au sein d\u2019une m\u00eame puce<\/strong>\u00a0: Les\u00a0<strong>Performances-Cores\u00a0<\/strong>et les\u00a0<strong>Efficient-Cores<\/strong>. Avec plus de coeurs et plus de puissance, les<strong>\u00a0processeurs Intel de 12\u00e8me g\u00e9n\u00e9ration<\/strong>\u00a0sont pr\u00eats pour les jeux nouvelle g\u00e9n\u00e9ration, les cartes graphiques<strong>\u00a0PCI-Express 5.0\u00a0<\/strong>ou encore la<strong>\u00a0RAM DDR5<\/strong>.<\/section>\n<section>\n<div class=\"desc-image\"><img decoding=\"async\" src=\"https:\/\/media.ldlc.com\/bo\/images\/fiches\/processeur\/intel\/alder-lake\/intel_alder-lake_core-i7_003.jpg\" alt=\"\" \/><\/div>\n<div><\/div>\n<div class=\"desc-text\">\n<h2>INTEL CORE I7-12700KF 12-CORE (8P+4E)<\/h2>\n<ul>\n<li>Processeur\u00a0<strong>12 Cores<\/strong>\u00a0\/ 20 Threads<\/li>\n<li><strong>8 Performance-Cores<\/strong>\u00a0(3.6 GHz \u2013 5.0 GHz) + 4 Efficient-Cores (2.7\u00a0GHz \u2013 3.8\u00a0GHz)<\/li>\n<li>Cache\u00a0<strong>L3 25 Mo<\/strong>\u00a0+ Cache L2 12 Mo<\/li>\n<li><strong>Unlocked\u00a0<\/strong>(co\u00e9fficient multiplicateur d\u00e9bloqu\u00e9 pour l\u2019overclocking)<\/li>\n<li>IGP : Aucun<\/li>\n<li>Contr\u00f4leur m\u00e9moire : DDR4 \/\u00a0<strong>DDR5<\/strong><\/li>\n<li>Compatible\u00a0<strong>PCI-E 5.0<\/strong><\/li>\n<li>TDP\u00a0: 125W<\/li>\n<li>TDP max. (Turbo Power) : 190W<\/li>\n<\/ul>\n<\/div>\n<\/section>\n<section>\n<div class=\"desc-text\">\n<h2>DES COEURS \u00c0 L\u2019OUVRAGE<\/h2>\n<p>La\u00a0<strong>nouvelle architecture hybride hautes performances\u00a0<\/strong>d\u2019Intel int\u00e8gre\u00a0<strong>deux familles de coeurs sur un m\u00eame processeur<\/strong>\u00a0pour une exp\u00e9rience de jeu encore plus fluide.\u00a0<strong>Intel Thread Director<\/strong>\u00a0hi\u00e9rarchise et g\u00e8re les charges de travail en d\u00e9terminant le coeur le plus adapt\u00e9 \u00e0 chaque t\u00e2che. Les\u00a0<strong>coeurs Performances<\/strong>\u00a0sont con\u00e7us pour les charges de travail uniques et \u00e0 faible nombre de threads, am\u00e9liorant ainsi les activit\u00e9s comme le jeu vid\u00e9o ou les t\u00e2ches de productivit\u00e9. Les<strong>\u00a0coeurs Efficiences<\/strong>\u00a0sont quant \u00e0 eux optimis\u00e9s pour le multithread en r\u00e9duisant les interruptions li\u00e9es aux t\u00e2ches secondaires.<\/p>\n<p>&nbsp;<\/p>\n<\/div>\n<div class=\"logo\"><img decoding=\"async\" class=\"aligncenter\" src=\"https:\/\/media.ldlc.com\/v3\/marque\/bo\/00\/05\/99\/39\/V30005993997.gif\" alt=\"MSI\" \/><\/div>\n<div id=\"description\" class=\"description\">\n<div class=\"details-pdt-desc\">\n<h2><\/h2>\n<h2 class=\"h2-master\">NVIDIA DLSS 3 et ray tracing au coeur du jeu<\/h2>\n<section>Bas\u00e9e sur l\u2019architecture NVIDIA Ada Lovelace, la carte graphique\u00a0<strong>MSI GeForce RTX 4060 VENTUS 2X BLACK 8G OC\u00a0<\/strong>s\u2019appuie sur la technologie\u00a0<strong>DLSS 3\u00a0<\/strong>et le<strong>\u00a0ray tracing mat\u00e9riel<\/strong>\u00a0pour sublimer les jeux les plus r\u00e9cents et vous permettre de vivre une exp\u00e9rience vid\u00e9oludique immersive et r\u00e9aliste. Au-del\u00e0 du jeu, les cartes graphiques NVIDIA GeForce RTX 4060 offrent de hautes performances pour cr\u00e9er et streamer.<\/section>\n<section>\n<div class=\"desc-image\"><img decoding=\"async\" src=\"https:\/\/media.ldlc.com\/bo\/images\/fiches\/Carte_graphique\/MSI\/msi_rtx_ventus_2x_black_001.jpg\" alt=\"\" \/><\/div>\n<div class=\"desc-text\">\n<h2>MSI GEFORCE RTX 4060 VENTUS 2X BLACK 8G OC<\/h2>\n<ul>\n<li>Syst\u00e8me de refroidissement Dual Fan<\/li>\n<li>Ventilateurs TORX FAN 4.0<\/li>\n<li>Backplate renrforc\u00e9e<\/li>\n<li>Technologie Zero Frozr : arr\u00eat des ventilateurs lorsque le syst\u00e8me est peu sollicit\u00e9<\/li>\n<li>Logiciels MSI Center et Afterburner<\/li>\n<\/ul>\n<\/div>\n<\/section>\n<section>\n<div class=\"desc-text\">\n<h2>ARCHITECTURE NVIDIA ADA LOVELACE<\/h2>\n<p>Cette architecture nouvelle va vous permettre de garder une longueur d\u2019avance. Elle est en avance sur son temps comme sur le jeu.<\/p>\n<ul>\n<li>Nouveaux multiprocesseurs de flux : Jusqu\u2019\u00e0 2 fois plus de performances et de rendement \u00e9nerg\u00e9tique<\/li>\n<li>C\u0153urs Tensor de quatri\u00e8me g\u00e9n\u00e9ration : Jusqu\u2019\u00e0 2 fois plus de performances d\u2019IA<\/li>\n<li>C\u0153urs RT de troisi\u00e8me g\u00e9n\u00e9ration : Jusqu\u2019\u00e0 2 fois plus de performances de ray tracing et des graphismes r\u00e9alistes et immersifs<\/li>\n<li>Plateforme NVIDIA Reflex \u00e0 faible latence<\/li>\n<li>Encodeur NVIDIA : Conception pour le streaming en direct<\/li>\n<li>NVIDIA Broadcast : Vid\u00e9o et voix optimis\u00e9es par l\u2019IA<\/li>\n<li>NVIDIA Studio : Acc\u00e9l\u00e9rez votre cr\u00e9ativit\u00e9<\/li>\n<li>NVIDIA DLSS 3 : Performances acc\u00e9l\u00e9r\u00e9es par l\u2019IA<\/li>\n<\/ul>\n<p>&nbsp;<\/p>\n<\/div>\n<\/section>\n<\/div>\n<\/div>\n<\/section>\n<\/div>\n<\/div>\n","protected":false},"excerpt":{"rendered":"<p>PC Gamer Osaka vous offre une configuration avec des composants \u00e9quilibr\u00e9e avec un bon prix, ce PC Gamer compos\u00e9 d\u2019un processeur INTEL CORE i7 ainsi que d\u2019une carte graphique NVIDIA GEFORCE RTX de s\u00e9rie 4000 Il int\u00e8gre \u00e9galement un SSD 2.5 pour un syst\u00e8me toujours plus rapide . Voila les atouts de ce PC puissant taill\u00e9 pour travailler dans les meilleures conditions.<\/p>\n<h4>CARACTERISTIQUES PRINCIPALES :<\/h4>\n<ul>\n<li>Processeur <strong>Intel Core i7-12700KF<\/strong>\u00a0(3.6 GHz \u2013 5.0 GHz)<\/li>\n<li>Carte m\u00e8re<strong> H610M-E\u00a0<\/strong><\/li>\n<li>Ram\u00a0<strong>16GB GIGASTONE DDR4 3200MHz<\/strong><\/li>\n<li>Carte graphique<strong>\u00a0MSI VENTUS 2X RTX 4060 8GB<\/strong><\/li>\n<li>Bo\u00eetier<strong> E-ACER V900BK RGB<\/strong><\/li>\n<li>SSD\u00a0<strong>480GB MSI S270 2.5 SATA<\/strong><\/li>\n<li>Ventirad\u00a0<strong>MARS GAMING MCPU120 RGB<\/strong><\/li>\n<li>Alimentation\u00a0<strong>ICELIL 650W 80+BRONZE<\/strong><\/li>\n<li><strong>Win11 \/ Bien assembl\u00e9<\/strong><\/li>\n<\/ul>\n","protected":false},"featured_media":1009658,"template":"","meta":{"_acf_changed":false},"pwb-brand":[],"product_brand":[],"product_cat":[57,53],"product_tag":[],"pcb_component_type":[],"class_list":{"0":"post-9836","1":"product","2":"type-product","3":"status-publish","4":"has-post-thumbnail","6":"product_cat-intel","7":"product_cat-pc-gamer","9":"first","10":"outofstock","11":"shipping-taxable","12":"product-type-simple"},"translation":{"provider":"WPGlobus","version":"3.0.2","language":"es","enabled_languages":["en","es","de","fr","ru"],"languages":{"en":{"title":true,"content":true,"excerpt":true},"es":{"title":false,"content":false,"excerpt":false},"de":{"title":false,"content":false,"excerpt":false},"fr":{"title":false,"content":false,"excerpt":false},"ru":{"title":false,"content":false,"excerpt":false}}},"acf":[],"yoast_head":"<!-- This site is optimized with the Yoast SEO plugin v27.2 - https:\/\/yoast.com\/product\/yoast-seo-wordpress\/ -->\n<title>PC GAMER i7-12700KF\/ 16GB\/ 480GB\/ RTX 4060 8GB - Osaka<\/title>\n<meta name=\"robots\" content=\"index, follow, max-snippet:-1, max-image-preview:large, max-video-preview:-1\" \/>\n<link rel=\"canonical\" href=\"https:\/\/osaka.ma\/es\/product\/pc-gamer-i7-12700kf-16gb-480gb-rtx-4060-8gb\/\" \/>\n<meta property=\"og:locale\" content=\"es_ES\" \/>\n<meta property=\"og:type\" content=\"article\" \/>\n<meta property=\"og:title\" content=\"PC GAMER i7-12700KF\/ 16GB\/ 480GB\/ RTX 4060 8GB - Osaka\" \/>\n<meta property=\"og:url\" content=\"https:\/\/osaka.ma\/es\/product\/pc-gamer-i7-12700kf-16gb-480gb-rtx-4060-8gb\/\" \/>\n<meta property=\"og:site_name\" content=\"Osaka\" \/>\n<meta property=\"article:modified_time\" content=\"2024-12-18T15:36:15+00:00\" \/>\n<meta property=\"og:image\" content=\"https:\/\/osaka.ma\/wp-content\/uploads\/2024\/07\/v900B-removebg-preview-1.png\" \/>\n\t<meta property=\"og:image:width\" content=\"487\" \/>\n\t<meta property=\"og:image:height\" content=\"446\" \/>\n\t<meta property=\"og:image:type\" content=\"image\/png\" \/>\n<meta name=\"twitter:card\" content=\"summary_large_image\" \/>\n<meta name=\"twitter:label1\" content=\"Est. reading time\" \/>\n\t<meta name=\"twitter:data1\" content=\"4 minutes\" \/>\n<script type=\"application\/ld+json\" class=\"yoast-schema-graph\">{\"@context\":\"https:\/\/schema.org\",\"@graph\":[{\"@type\":\"WebPage\",\"@id\":\"https:\/\/osaka.ma\/es\/product\/pc-gamer-i7-12700kf-16gb-480gb-rtx-4060-8gb\/\",\"url\":\"https:\/\/osaka.ma\/es\/product\/pc-gamer-i7-12700kf-16gb-480gb-rtx-4060-8gb\/\",\"name\":\"PC GAMER i7-12700KF\/ 16GB\/ 480GB\/ RTX 4060 8GB - Osaka\",\"isPartOf\":{\"@id\":\"https:\/\/osaka.ma\/#website\"},\"primaryImageOfPage\":{\"@id\":\"https:\/\/osaka.ma\/es\/product\/pc-gamer-i7-12700kf-16gb-480gb-rtx-4060-8gb\/#primaryimage\"},\"image\":{\"@id\":\"https:\/\/osaka.ma\/es\/product\/pc-gamer-i7-12700kf-16gb-480gb-rtx-4060-8gb\/#primaryimage\"},\"thumbnailUrl\":\"https:\/\/osaka.ma\/wp-content\/uploads\/2024\/07\/v900B-removebg-preview-1.png\",\"datePublished\":\"2024-07-24T10:51:56+00:00\",\"dateModified\":\"2024-12-18T15:36:15+00:00\",\"breadcrumb\":{\"@id\":\"https:\/\/osaka.ma\/es\/product\/pc-gamer-i7-12700kf-16gb-480gb-rtx-4060-8gb\/#breadcrumb\"},\"inLanguage\":\"es-ES\",\"potentialAction\":[{\"@type\":\"ReadAction\",\"target\":[\"https:\/\/osaka.ma\/es\/product\/pc-gamer-i7-12700kf-16gb-480gb-rtx-4060-8gb\/\"]}]},{\"@type\":\"ImageObject\",\"inLanguage\":\"es-ES\",\"@id\":\"https:\/\/osaka.ma\/es\/product\/pc-gamer-i7-12700kf-16gb-480gb-rtx-4060-8gb\/#primaryimage\",\"url\":\"https:\/\/osaka.ma\/wp-content\/uploads\/2024\/07\/v900B-removebg-preview-1.png\",\"contentUrl\":\"https:\/\/osaka.ma\/wp-content\/uploads\/2024\/07\/v900B-removebg-preview-1.png\",\"width\":487,\"height\":446},{\"@type\":\"BreadcrumbList\",\"@id\":\"https:\/\/osaka.ma\/es\/product\/pc-gamer-i7-12700kf-16gb-480gb-rtx-4060-8gb\/#breadcrumb\",\"itemListElement\":[{\"@type\":\"ListItem\",\"position\":1,\"name\":\"Home\",\"item\":\"https:\/\/osaka.ma\/\"},{\"@type\":\"ListItem\",\"position\":2,\"name\":\"Shop\",\"item\":\"https:\/\/osaka.ma\/shop-2\/\"},{\"@type\":\"ListItem\",\"position\":3,\"name\":\"PC GAMER i7-12700KF\/ 16GB\/ 480GB\/ RTX 4060 8GB\"}]},{\"@type\":\"WebSite\",\"@id\":\"https:\/\/osaka.ma\/#website\",\"url\":\"https:\/\/osaka.ma\/\",\"name\":\"Osaka\",\"description\":\"\",\"publisher\":{\"@id\":\"https:\/\/osaka.ma\/#organization\"},\"potentialAction\":[{\"@type\":\"SearchAction\",\"target\":{\"@type\":\"EntryPoint\",\"urlTemplate\":\"https:\/\/osaka.ma\/?s={search_term_string}\"},\"query-input\":{\"@type\":\"PropertyValueSpecification\",\"valueRequired\":true,\"valueName\":\"search_term_string\"}}],\"inLanguage\":\"es-ES\"},{\"@type\":\"Organization\",\"@id\":\"https:\/\/osaka.ma\/#organization\",\"name\":\"Osaka\",\"url\":\"https:\/\/osaka.ma\/\",\"logo\":{\"@type\":\"ImageObject\",\"inLanguage\":\"es-ES\",\"@id\":\"https:\/\/osaka.ma\/#\/schema\/logo\/image\/\",\"url\":\"https:\/\/osaka.ma\/wp-content\/uploads\/2026\/01\/model-slogan-logo-2Plan-de-travail-1dksl-plus-finnn.png\",\"contentUrl\":\"https:\/\/osaka.ma\/wp-content\/uploads\/2026\/01\/model-slogan-logo-2Plan-de-travail-1dksl-plus-finnn.png\",\"width\":842,\"height\":226,\"caption\":\"Osaka\"},\"image\":{\"@id\":\"https:\/\/osaka.ma\/#\/schema\/logo\/image\/\"}}]}<\/script>\n<!-- \/ Yoast SEO plugin. -->","yoast_head_json":{"title":"PC GAMER i7-12700KF\/ 16GB\/ 480GB\/ RTX 4060 8GB - Osaka","robots":{"index":"index","follow":"follow","max-snippet":"max-snippet:-1","max-image-preview":"max-image-preview:large","max-video-preview":"max-video-preview:-1"},"canonical":"https:\/\/osaka.ma\/es\/product\/pc-gamer-i7-12700kf-16gb-480gb-rtx-4060-8gb\/","og_locale":"es_ES","og_type":"article","og_title":"PC GAMER i7-12700KF\/ 16GB\/ 480GB\/ RTX 4060 8GB - Osaka","og_url":"https:\/\/osaka.ma\/es\/product\/pc-gamer-i7-12700kf-16gb-480gb-rtx-4060-8gb\/","og_site_name":"Osaka","article_modified_time":"2024-12-18T15:36:15+00:00","og_image":[{"width":487,"height":446,"url":"https:\/\/osaka.ma\/wp-content\/uploads\/2024\/07\/v900B-removebg-preview-1.png","type":"image\/png"}],"twitter_card":"summary_large_image","twitter_misc":{"Est. reading time":"4 minutes"},"schema":{"@context":"https:\/\/schema.org","@graph":[{"@type":"WebPage","@id":"https:\/\/osaka.ma\/es\/product\/pc-gamer-i7-12700kf-16gb-480gb-rtx-4060-8gb\/","url":"https:\/\/osaka.ma\/es\/product\/pc-gamer-i7-12700kf-16gb-480gb-rtx-4060-8gb\/","name":"PC GAMER i7-12700KF\/ 16GB\/ 480GB\/ RTX 4060 8GB - Osaka","isPartOf":{"@id":"https:\/\/osaka.ma\/#website"},"primaryImageOfPage":{"@id":"https:\/\/osaka.ma\/es\/product\/pc-gamer-i7-12700kf-16gb-480gb-rtx-4060-8gb\/#primaryimage"},"image":{"@id":"https:\/\/osaka.ma\/es\/product\/pc-gamer-i7-12700kf-16gb-480gb-rtx-4060-8gb\/#primaryimage"},"thumbnailUrl":"https:\/\/osaka.ma\/wp-content\/uploads\/2024\/07\/v900B-removebg-preview-1.png","datePublished":"2024-07-24T10:51:56+00:00","dateModified":"2024-12-18T15:36:15+00:00","breadcrumb":{"@id":"https:\/\/osaka.ma\/es\/product\/pc-gamer-i7-12700kf-16gb-480gb-rtx-4060-8gb\/#breadcrumb"},"inLanguage":"es-ES","potentialAction":[{"@type":"ReadAction","target":["https:\/\/osaka.ma\/es\/product\/pc-gamer-i7-12700kf-16gb-480gb-rtx-4060-8gb\/"]}]},{"@type":"ImageObject","inLanguage":"es-ES","@id":"https:\/\/osaka.ma\/es\/product\/pc-gamer-i7-12700kf-16gb-480gb-rtx-4060-8gb\/#primaryimage","url":"https:\/\/osaka.ma\/wp-content\/uploads\/2024\/07\/v900B-removebg-preview-1.png","contentUrl":"https:\/\/osaka.ma\/wp-content\/uploads\/2024\/07\/v900B-removebg-preview-1.png","width":487,"height":446},{"@type":"BreadcrumbList","@id":"https:\/\/osaka.ma\/es\/product\/pc-gamer-i7-12700kf-16gb-480gb-rtx-4060-8gb\/#breadcrumb","itemListElement":[{"@type":"ListItem","position":1,"name":"Home","item":"https:\/\/osaka.ma\/"},{"@type":"ListItem","position":2,"name":"Shop","item":"https:\/\/osaka.ma\/shop-2\/"},{"@type":"ListItem","position":3,"name":"PC GAMER i7-12700KF\/ 16GB\/ 480GB\/ RTX 4060 8GB"}]},{"@type":"WebSite","@id":"https:\/\/osaka.ma\/#website","url":"https:\/\/osaka.ma\/","name":"Osaka","description":"","publisher":{"@id":"https:\/\/osaka.ma\/#organization"},"potentialAction":[{"@type":"SearchAction","target":{"@type":"EntryPoint","urlTemplate":"https:\/\/osaka.ma\/?s={search_term_string}"},"query-input":{"@type":"PropertyValueSpecification","valueRequired":true,"valueName":"search_term_string"}}],"inLanguage":"es-ES"},{"@type":"Organization","@id":"https:\/\/osaka.ma\/#organization","name":"Osaka","url":"https:\/\/osaka.ma\/","logo":{"@type":"ImageObject","inLanguage":"es-ES","@id":"https:\/\/osaka.ma\/#\/schema\/logo\/image\/","url":"https:\/\/osaka.ma\/wp-content\/uploads\/2026\/01\/model-slogan-logo-2Plan-de-travail-1dksl-plus-finnn.png","contentUrl":"https:\/\/osaka.ma\/wp-content\/uploads\/2026\/01\/model-slogan-logo-2Plan-de-travail-1dksl-plus-finnn.png","width":842,"height":226,"caption":"Osaka"},"image":{"@id":"https:\/\/osaka.ma\/#\/schema\/logo\/image\/"}}]}},"jetpack_sharing_enabled":true,"brands":[],"_links":{"self":[{"href":"https:\/\/osaka.ma\/es\/wp-json\/wp\/v2\/product\/9836","targetHints":{"allow":["GET"]}}],"collection":[{"href":"https:\/\/osaka.ma\/es\/wp-json\/wp\/v2\/product"}],"about":[{"href":"https:\/\/osaka.ma\/es\/wp-json\/wp\/v2\/types\/product"}],"version-history":[{"count":0,"href":"https:\/\/osaka.ma\/es\/wp-json\/wp\/v2\/product\/9836\/revisions"}],"wp:featuredmedia":[{"embeddable":true,"href":"https:\/\/osaka.ma\/es\/wp-json\/wp\/v2\/media\/1009658"}],"wp:attachment":[{"href":"https:\/\/osaka.ma\/es\/wp-json\/wp\/v2\/media?parent=9836"}],"wp:term":[{"taxonomy":"pwb-brand","embeddable":true,"href":"https:\/\/osaka.ma\/es\/wp-json\/wp\/v2\/pwb-brand?post=9836"},{"taxonomy":"product_brand","embeddable":true,"href":"https:\/\/osaka.ma\/es\/wp-json\/wp\/v2\/product_brand?post=9836"},{"taxonomy":"product_cat","embeddable":true,"href":"https:\/\/osaka.ma\/es\/wp-json\/wp\/v2\/product_cat?post=9836"},{"taxonomy":"product_tag","embeddable":true,"href":"https:\/\/osaka.ma\/es\/wp-json\/wp\/v2\/product_tag?post=9836"},{"taxonomy":"pcb_component_type","embeddable":true,"href":"https:\/\/osaka.ma\/es\/wp-json\/wp\/v2\/pcb_component_type?post=9836"}],"curies":[{"name":"wp","href":"https:\/\/api.w.org\/{rel}","templated":true}]}}