{"id":9856,"date":"2024-07-26T11:51:38","date_gmt":"2024-07-26T11:51:38","guid":{"rendered":"https:\/\/osaka.ma\/?post_type=product&#038;p=9856"},"modified":"2024-12-18T15:36:15","modified_gmt":"2024-12-18T15:36:15","slug":"pc-gamer-i7-14700k-32gb-1tb-ssd-rtx-4070ti-12gb","status":"publish","type":"product","link":"https:\/\/osaka.ma\/es\/product\/pc-gamer-i7-14700k-32gb-1tb-ssd-rtx-4070ti-12gb\/","title":{"rendered":"PC Gamer i7 14700K\/ 32GB\/ 1TB SSD\/ RTX 4070TI 12GB"},"content":{"rendered":"<div id=\"description\" class=\"description\">\n<div><img decoding=\"async\" class=\" wp-image-6550 aligncenter\" src=\"https:\/\/osaka.ma\/wp-content\/uploads\/2023\/10\/OSA-1.png\" alt=\"\" width=\"294\" height=\"113\" \/><\/div>\n<div><\/div>\n<\/div>\n<p><strong><i><img decoding=\"async\" class=\"\" src=\"https:\/\/media.ldlc.com\/bo\/images\/fiches\/kit_upgrade\/case_80.png\" alt=\"\" width=\"48\" height=\"48\" \/><\/i>PC Gamer Osaka<\/strong> vous offre une configuration INTEL avec des composants \u00e9quilibr\u00e9s, ce PC Gamer compos\u00e9 d\u2019un processeur <strong>INTEL\u00ae CORE\u2122i7-14700K\u00a0<\/strong>ainsi que d\u2019une carte graphique\u00a0<strong>MSI VENTUS 2X RTX 4070 TI 12GB<\/strong>\u00a0Il int\u00e8gre \u00e9galement un\u00a0<strong>SSD 1TB<\/strong>\u00a0pour un syst\u00e8me toujours plus rapide et\u00a0<strong>32 GB<\/strong>\u00a0<strong>de RAM DDR5<\/strong>. Voila les atouts de ce PC puissant taill\u00e9 pour travailler dans les meilleures conditions.<\/p>\n<h2><strong>CARACT\u00c9RISTIQUES PRINCIPALES :<\/strong><\/h2>\n<ul>\n<li>Processeur\u00a0<a href=\"https:\/\/osaka.ma\/produit\/intel-core-i7-14700k-3-4-ghz-5-6-ghz-tray-2\/\"><strong>INTEL\u00aeCORE\u2122i7-14700K\u00a0<\/strong><\/a>Processeur 20-Core (8 Performance-Cores + 12 Efficient-Cores) 28-Threads Socket 1700 Cache L3 33 MB Intel UHD Graphics 770<\/li>\n<li>Carte m\u00e8re\u00a0<a href=\"https:\/\/osaka.ma\/produit\/msi-pro-z790-s-wifi\/\"><strong>MSI PRO Z790-S WIFI DDR5<\/strong><\/a><\/li>\n<li>Ram\u00a0<a href=\"https:\/\/osaka.ma\/produit\/32gb-2-x-16-gb-corsair-vengeance-cl36-ddr5-5600mhz\/\"><strong>32GB (16X2) CORSAIR VENGEANCE DDR5 5600MHZ<\/strong><\/a><\/li>\n<li>Carte graphique\u00a0<a href=\"https:\/\/osaka.ma\/produit\/msi-ventus-2x-rtx-4070ti-12gb\/\"><strong>MSI VENTUS 2X RTX 4070 TI 12GB<\/strong><\/a><\/li>\n<li>Bo\u00eetier<a href=\"https:\/\/osaka.ma\/produit\/boitier-pc-acer-v950b-noir\/\"><strong> E-ACER V950BK RGB ( 7 FANS + CONTROLLER )<\/strong><\/a><\/li>\n<li>SSD\u00a0<a href=\"https:\/\/osaka.ma\/produit\/1tb-samsung-990-pro\/\"><strong>1TB SAMSUNG 990 PRO NVMe M.2<\/strong><\/a><\/li>\n<li>Watercooler<a href=\"https:\/\/osaka.ma\/produit\/corsair-liquid-cooling-h150-rgb-360mm\/\"><strong> CORSAIR H150 360MM RGB<\/strong><\/a><\/li>\n<li>Alimentation\u00a0<a href=\"https:\/\/osaka.ma\/produit\/msi-mag-a750bn-pcie5-0\/\"><b>MSI MAG A750BN PCIE5 750W 80+ BRONZE<\/b><\/a><\/li>\n<li><strong>Win11 \/ Bien assembl\u00e9<\/strong><\/li>\n<\/ul>\n<div class=\"logo\"><img decoding=\"async\" class=\"aligncenter\" src=\"https:\/\/media.ldlc.com\/v3\/marque\/bo\/00\/05\/72\/22\/V30005722262_2.jpg\" alt=\"Intel\" \/><\/div>\n<div><\/div>\n<div><\/div>\n<div id=\"description\" class=\"description\">\n<div class=\"details-pdt-desc\">\n<h2 class=\"h2-master\">Faites en plus, sans compromis<\/h2>\n<section>Avec plus de c\u0153urs et des fr\u00e9quences plus \u00e9lev\u00e9es, les processeurs\u00a0<strong>Intel Core de 14\u00e8me g\u00e9n\u00e9ration<\/strong>\u00a0vous permettent d\u2019en faire plus, sans compromis sur les performances. Con\u00e7us pour r\u00e9pondre \u00e0 tous vos besoins, comme pour jouer dans les meilleures conditions, les processeurs\u00a0<strong>Intel Raptor Lake Refresh\u00a0<\/strong>sont ce qui se fait de mieux pour d\u00e9passer toutes les limites.<\/section>\n<section><\/section>\n<section>\n<div class=\"desc-image\"><img decoding=\"async\" src=\"https:\/\/media.ldlc.com\/bo\/images\/fiches\/Processeur\/Intel\/intel_core_14th_i7k_001.jpg\" alt=\"\" \/><\/div>\n<div><\/div>\n<div class=\"desc-text\">\n<h2>INTEL CORE\u00a0I7-14700K 20-CORE (8P+12E)<\/h2>\n<ul>\n<li>Processeur\u00a0<strong>20 Cores<\/strong>\u00a0\/ 28\u00a0Threads<\/li>\n<li><strong>8 Performance-Cores<\/strong>\u00a0(3.4 GHz \u2013 5.6\u00a0GHz) + 12 Efficient-Cores (jusqu\u2019\u00e0 4.3\u00a0GHz)<\/li>\n<li>Cache\u00a0<strong>L3 33 Mo<\/strong>\u00a0+ Cache L2 28 Mo<\/li>\n<li><strong>Unlocked\u00a0<\/strong>(coefficient multiplicateur d\u00e9bloqu\u00e9 pour l\u2019overclocking)<\/li>\n<li>IGP : Intel UHD Graphics 770<\/li>\n<li>Contr\u00f4leur m\u00e9moire : DDR4 \/\u00a0<strong>DDR5<\/strong><\/li>\n<li>Compatible\u00a0<strong>PCI-E 5.0<\/strong><\/li>\n<li>TDP\u00a0: 125W<\/li>\n<li>TDP max. (Turbo Power) : 253W<\/li>\n<\/ul>\n<\/div>\n<\/section>\n<section>\n<div class=\"desc-text\">\n<h2>ARCHITECTURE HYBRIDE<\/h2>\n<p>Les processeurs Intel\u00a0Core\u00a0sont dot\u00e9s d\u2019une nouvelle architecture hybride optimis\u00e9e et de technologies de pointe qui vous permettent d\u2019aller au-del\u00e0 des jeux vid\u00e9o et de la cr\u00e9ation. Avec Intel, profitez d\u2019une exp\u00e9rience sans compromis pour toutes vos t\u00e2ches. Intel vous donne les moyens de sans cesse vous surpasser, sur tous vos terrains de jeu.\u00a0L\u2019architecture hybride hautes performances d\u2019Intel est con\u00e7ue pour r\u00e9pondre aux besoins des jeux les plus exigeants.<\/p>\n<\/div>\n<div class=\"desc-image\"><img decoding=\"async\" src=\"https:\/\/media.ldlc.com\/bo\/images\/fiches\/Processeur\/Intel\/intel_core_14th_003.jpg\" alt=\"\" \/><\/div>\n<div><\/div>\n<\/section>\n<div>\n<div class=\"logo\"><img decoding=\"async\" class=\"aligncenter\" src=\"https:\/\/media.ldlc.com\/v3\/marque\/bo\/00\/05\/99\/39\/V30005993997.gif\" alt=\"MSI\" \/><\/div>\n<div><\/div>\n<div id=\"description\" class=\"description\">\n<div class=\"details-pdt-desc\">\n<h2 class=\"h2-master\">Des jeux r\u00e9alistes et immersifs<\/h2>\n<section>Gr\u00e2ce au\u00a0<strong>DLSS 3<\/strong>, au\u00a0<strong>ray tracing \u00e0 haute vitesse<\/strong>\u00a0et aux\u00a0<strong>performances acc\u00e9l\u00e9r\u00e9es par IA<\/strong>, la\u00a0<strong>carte graphique MSI GeForce RTX 4070TI VENTUS 2X\u00a0 12G OC\u00a0<\/strong>vous permet d\u2019obtenir une qualit\u00e9 graphique exceptionnelle pour jouer dans les meilleures conditions. Immersion totale garantie gr\u00e2ce \u00e0 des graphismes ultra-r\u00e9alistes. Sans oublier bien s\u00fbr la possibilit\u00e9 de cr\u00e9er des contenus r\u00e9volutionnaires rapidement et en toute simplicit\u00e9.\u00a0<\/section>\n<section>\n<div class=\"desc-image\"><img decoding=\"async\" src=\"https:\/\/media.ldlc.com\/bo\/images\/fiches\/Carte_graphique\/MSI\/msi_geforce_rtx4070_ventus_2x_e_12g.jpg\" alt=\"\" \/><\/div>\n<div class=\"desc-text\">\n<h2>MSI GEFORCE RTX 4070TI VENTUS 2X\u00a0 12G OC<\/h2>\n<ul>\n<li>Syst\u00e8me de refroidissement 2 ventilateurs<\/li>\n<li>Dissipateur et pales Airflow Control<\/li>\n<li>Ventilateurs TORX FAN 4.0<\/li>\n<li>Radiateur GPU avec contacts et heatpipes en cuivre<\/li>\n<li>Backplate renforc\u00e9e<\/li>\n<li>Technologie Zero Frozr qui coupe les ventilateurs lorsque la temp\u00e9rature GPU est suffisamment basse<\/li>\n<li>Logiciel MSI Center<\/li>\n<\/ul>\n<\/div>\n<\/section>\n<section>\n<div class=\"desc-text\">\n<h2>ARCHITECTURE NVIDIA ADA LOVELACE<\/h2>\n<p>Cette architecture nouvelle va vous permettre de garder une longueur d\u2019avance. Elle est en avance sur son temps comme sur le jeu.<\/p>\n<ul>\n<li>Nouveaux multiprocesseurs de flux : Jusqu\u2019\u00e0 2 fois plus de performances et de rendement \u00e9nerg\u00e9tique<\/li>\n<li>C\u0153urs Tensor de quatri\u00e8me g\u00e9n\u00e9ration : Jusqu\u2019\u00e0 2 fois plus de performances d\u2019IA<\/li>\n<li>C\u0153urs RT de troisi\u00e8me g\u00e9n\u00e9ration : Jusqu\u2019\u00e0 2 fois plus de performances de ray tracing et des graphismes r\u00e9alistes et immersifs<\/li>\n<li>Plateforme NVIDIA Reflex \u00e0 faible latence<\/li>\n<li>Encodeur NVIDIA : Conception pour le streaming en direct<\/li>\n<li>NVIDIA Broadcast : Vid\u00e9o et voix optimis\u00e9es par l\u2019IA<\/li>\n<li>NVIDIA Studio : Acc\u00e9l\u00e9rez votre cr\u00e9ativit\u00e9<\/li>\n<li>NVIDIA DLSS 3 : Performances acc\u00e9l\u00e9r\u00e9es par l\u2019IA<\/li>\n<\/ul>\n<p>&nbsp;<\/p>\n<\/div>\n<div class=\"desc-image\"><img decoding=\"async\" src=\"https:\/\/media.ldlc.com\/bo\/images\/fiches\/Carte_graphique\/NVIDIA\/nvidia_ada_lovelace_001.jpg\" alt=\"\" \/><\/div>\n<\/section>\n<div>\n<div class=\"logo\"><a href=\"https:\/\/www.ldlc.com\/en\/samsung\/bint000001080\/\" rel=\"nofollow noopener\" target=\"_blank\"><img decoding=\"async\" class=\"aligncenter\" src=\"https:\/\/media.ldlc.com\/v3\/marque\/bo\/00\/06\/07\/33\/V30006073318.jpg\" alt=\"Samsung\" \/><\/a><\/div>\n<div id=\"description\" class=\"description\">\n<div class=\"details-pdt-desc\">\n<h2 class=\"h2-master\">SSD 990 PRO: Ultra high performance PCIe 4.0 SSD<\/h2>\n<section>The Samsung\u00a0<strong>SSD 990 PRO 1TB<\/strong>\u00a0takes your machine to the next level. This SSD has stratospheric speeds and a very high endurance. The Samsung 990 PRO in M.2 2280 format is based on the PCI-E 4.0 x4 interface and NVMe 2.0 technology. It is equipped with\u00a0<span class=\"product-specs__highlights-desc\">Samsung V-NAND 3-bit MLC<\/span>\u00a0memory chips and 1 GB LPDDR4 cache memory.\u00a0<\/section>\n<section>\n<div class=\"desc-image\"><img decoding=\"async\" src=\"https:\/\/media.ldlc.com\/bo\/images\/fiches\/Disque_dur_SSD\/Samsung\/990_pro\/samsung_990_pro.jpg\" alt=\"\" \/><\/div>\n<div class=\"desc-text\">\n<h2>PCI-EXPRESS 4.0 PERFORMANCE<\/h2>\n<p>The Samsung 990 PRO NVMe PCIe 4.0 SSD. The 990 PRO pushes the PCIe 4.0 interface to the limit by doubling the data transfer rate of PCIe 3.0, while remaining backwards compatible with it.<\/p>\n<p>The 990 PRO can achieve read speeds of 7450 MB\/s and 6900 MB\/s for writing (depending on the model)<\/p>\n<\/div>\n<\/section>\n<section>\n<div class=\"desc-text\">\n<h2>SAMSUNG MAGICIAN<\/h2>\n<p>Access the true power of the 990 PRO with Samsung Magician software and its intuitive tools: monitor the status of the drive, optimise its performance, protect your important data, and get all the updates to ensure you always get the best possible performance from your SSD.<\/p>\n<\/div>\n<div class=\"desc-image\"><img decoding=\"async\" src=\"https:\/\/media.ldlc.com\/bo\/images\/fiches\/disque_dur_ssd\/samsung\/980_pro\/800_3.jpg\" alt=\"\" \/><\/div>\n<\/section>\n<\/div>\n<\/div>\n<\/div>\n<div><\/div>\n<\/div>\n<\/div>\n<\/div>\n<\/div>\n<\/div>\n","protected":false},"excerpt":{"rendered":"<p><strong>PC Gamer Osaka<\/strong> vous offre une configuration INTEL avec des composants \u00e9quilibr\u00e9s, ce PC Gamer compos\u00e9 d\u2019un processeur <strong>INTEL\u00ae CORE\u2122i7 <\/strong>ainsi que d\u2019une carte graphique <strong>NVIDIA GEFORCE RTX serie\u00a04000 <\/strong>Il int\u00e8gre \u00e9galement un\u00a0<strong>SSD NVMe GEN4<\/strong> pour un syst\u00e8me toujours plus rapide et de <strong>RAM DDR5<\/strong>. Voila les atouts de ce PC puissant taill\u00e9 pour travailler dans les meilleures conditions.<\/p>\n<h4>CARACT\u00c9RISTIQUES PRINCIPALES :<\/h4>\n<ul>\n<li>Processeur\u00a0<strong>INTEL\u00aeCORE\u2122i7-14700K \u00a0<\/strong>( 3.4GHz \/ 5.6GHz )<\/li>\n<li>Carte m\u00e8re\u00a0<strong>MSI PRO Z790-S WIF<\/strong><strong>I <\/strong><strong>DDR5<\/strong><\/li>\n<li>Ram\u00a0<strong>32GB CORSAIR VENGEANCE DDR5 5600MHZ<\/strong><\/li>\n<li>Carte graphique\u00a0<strong>MSI VENTUS 2X RTX 4070 TI 12GB<\/strong><\/li>\n<li>Bo\u00eetier<strong> E-ACER V950BK RGB<\/strong><\/li>\n<li>SSD\u00a0<strong>1TB SAMSUNG 990 PRO NVMe M.2<\/strong><\/li>\n<li>Watercooler<strong> CORSAIR H150 360MM RGB<\/strong><\/li>\n<li>Alimentation\u00a0<b>MSI MAG A750BN PCIE5 750W 80+ BRONZE<\/b><\/li>\n<li><strong>Win11 \/ Bien assembl\u00e9<\/strong><\/li>\n<\/ul>\n","protected":false},"featured_media":0,"template":"","meta":{"_acf_changed":false},"pwb-brand":[],"product_brand":[],"product_cat":[57,53],"product_tag":[],"pcb_component_type":[],"class_list":{"0":"post-9856","1":"product","2":"type-product","3":"status-publish","5":"product_cat-intel","6":"product_cat-pc-gamer","8":"first","9":"outofstock","10":"shipping-taxable","11":"product-type-simple"},"translation":{"provider":"WPGlobus","version":"3.0.2","language":"es","enabled_languages":["en","es","de","fr","ru"],"languages":{"en":{"title":true,"content":true,"excerpt":true},"es":{"title":false,"content":false,"excerpt":false},"de":{"title":false,"content":false,"excerpt":false},"fr":{"title":false,"content":false,"excerpt":false},"ru":{"title":false,"content":false,"excerpt":false}}},"acf":[],"yoast_head":"<!-- This site is optimized with the Yoast SEO plugin v27.2 - https:\/\/yoast.com\/product\/yoast-seo-wordpress\/ -->\n<title>PC Gamer i7 14700K\/ 32GB\/ 1TB SSD\/ RTX 4070TI 12GB - Osaka<\/title>\n<meta name=\"robots\" content=\"index, follow, max-snippet:-1, max-image-preview:large, max-video-preview:-1\" \/>\n<link rel=\"canonical\" href=\"https:\/\/osaka.ma\/es\/product\/pc-gamer-i7-14700k-32gb-1tb-ssd-rtx-4070ti-12gb\/\" \/>\n<meta property=\"og:locale\" content=\"es_ES\" \/>\n<meta property=\"og:type\" content=\"article\" \/>\n<meta property=\"og:title\" content=\"PC Gamer i7 14700K\/ 32GB\/ 1TB SSD\/ RTX 4070TI 12GB - Osaka\" \/>\n<meta property=\"og:url\" content=\"https:\/\/osaka.ma\/es\/product\/pc-gamer-i7-14700k-32gb-1tb-ssd-rtx-4070ti-12gb\/\" \/>\n<meta property=\"og:site_name\" content=\"Osaka\" \/>\n<meta property=\"article:modified_time\" content=\"2024-12-18T15:36:15+00:00\" \/>\n<meta property=\"og:image\" content=\"https:\/\/osaka.ma\/wp-content\/uploads\/2023\/10\/OSA-1.png\" \/>\n<meta name=\"twitter:card\" content=\"summary_large_image\" \/>\n<meta name=\"twitter:label1\" content=\"Est. reading time\" \/>\n\t<meta name=\"twitter:data1\" content=\"6 minutes\" \/>\n<script type=\"application\/ld+json\" class=\"yoast-schema-graph\">{\"@context\":\"https:\/\/schema.org\",\"@graph\":[{\"@type\":\"WebPage\",\"@id\":\"https:\/\/osaka.ma\/es\/product\/pc-gamer-i7-14700k-32gb-1tb-ssd-rtx-4070ti-12gb\/\",\"url\":\"https:\/\/osaka.ma\/es\/product\/pc-gamer-i7-14700k-32gb-1tb-ssd-rtx-4070ti-12gb\/\",\"name\":\"PC Gamer i7 14700K\/ 32GB\/ 1TB SSD\/ RTX 4070TI 12GB - Osaka\",\"isPartOf\":{\"@id\":\"https:\/\/osaka.ma\/#website\"},\"primaryImageOfPage\":{\"@id\":\"https:\/\/osaka.ma\/es\/product\/pc-gamer-i7-14700k-32gb-1tb-ssd-rtx-4070ti-12gb\/#primaryimage\"},\"image\":{\"@id\":\"https:\/\/osaka.ma\/es\/product\/pc-gamer-i7-14700k-32gb-1tb-ssd-rtx-4070ti-12gb\/#primaryimage\"},\"thumbnailUrl\":\"https:\/\/osaka.ma\/wp-content\/uploads\/2023\/10\/OSA-1.png\",\"datePublished\":\"2024-07-26T11:51:38+00:00\",\"dateModified\":\"2024-12-18T15:36:15+00:00\",\"breadcrumb\":{\"@id\":\"https:\/\/osaka.ma\/es\/product\/pc-gamer-i7-14700k-32gb-1tb-ssd-rtx-4070ti-12gb\/#breadcrumb\"},\"inLanguage\":\"es-ES\",\"potentialAction\":[{\"@type\":\"ReadAction\",\"target\":[\"https:\/\/osaka.ma\/es\/product\/pc-gamer-i7-14700k-32gb-1tb-ssd-rtx-4070ti-12gb\/\"]}]},{\"@type\":\"ImageObject\",\"inLanguage\":\"es-ES\",\"@id\":\"https:\/\/osaka.ma\/es\/product\/pc-gamer-i7-14700k-32gb-1tb-ssd-rtx-4070ti-12gb\/#primaryimage\",\"url\":\"https:\/\/osaka.ma\/wp-content\/uploads\/2023\/10\/OSA-1.png\",\"contentUrl\":\"https:\/\/osaka.ma\/wp-content\/uploads\/2023\/10\/OSA-1.png\"},{\"@type\":\"BreadcrumbList\",\"@id\":\"https:\/\/osaka.ma\/es\/product\/pc-gamer-i7-14700k-32gb-1tb-ssd-rtx-4070ti-12gb\/#breadcrumb\",\"itemListElement\":[{\"@type\":\"ListItem\",\"position\":1,\"name\":\"Home\",\"item\":\"https:\/\/osaka.ma\/\"},{\"@type\":\"ListItem\",\"position\":2,\"name\":\"Shop\",\"item\":\"https:\/\/osaka.ma\/shop-2\/\"},{\"@type\":\"ListItem\",\"position\":3,\"name\":\"PC Gamer i7 14700K\/ 32GB\/ 1TB SSD\/ RTX 4070TI 12GB\"}]},{\"@type\":\"WebSite\",\"@id\":\"https:\/\/osaka.ma\/#website\",\"url\":\"https:\/\/osaka.ma\/\",\"name\":\"Osaka\",\"description\":\"\",\"publisher\":{\"@id\":\"https:\/\/osaka.ma\/#organization\"},\"potentialAction\":[{\"@type\":\"SearchAction\",\"target\":{\"@type\":\"EntryPoint\",\"urlTemplate\":\"https:\/\/osaka.ma\/?s={search_term_string}\"},\"query-input\":{\"@type\":\"PropertyValueSpecification\",\"valueRequired\":true,\"valueName\":\"search_term_string\"}}],\"inLanguage\":\"es-ES\"},{\"@type\":\"Organization\",\"@id\":\"https:\/\/osaka.ma\/#organization\",\"name\":\"Osaka\",\"url\":\"https:\/\/osaka.ma\/\",\"logo\":{\"@type\":\"ImageObject\",\"inLanguage\":\"es-ES\",\"@id\":\"https:\/\/osaka.ma\/#\/schema\/logo\/image\/\",\"url\":\"https:\/\/osaka.ma\/wp-content\/uploads\/2026\/01\/model-slogan-logo-2Plan-de-travail-1dksl-plus-finnn.png\",\"contentUrl\":\"https:\/\/osaka.ma\/wp-content\/uploads\/2026\/01\/model-slogan-logo-2Plan-de-travail-1dksl-plus-finnn.png\",\"width\":842,\"height\":226,\"caption\":\"Osaka\"},\"image\":{\"@id\":\"https:\/\/osaka.ma\/#\/schema\/logo\/image\/\"}}]}<\/script>\n<!-- \/ Yoast SEO plugin. -->","yoast_head_json":{"title":"PC Gamer i7 14700K\/ 32GB\/ 1TB SSD\/ RTX 4070TI 12GB - Osaka","robots":{"index":"index","follow":"follow","max-snippet":"max-snippet:-1","max-image-preview":"max-image-preview:large","max-video-preview":"max-video-preview:-1"},"canonical":"https:\/\/osaka.ma\/es\/product\/pc-gamer-i7-14700k-32gb-1tb-ssd-rtx-4070ti-12gb\/","og_locale":"es_ES","og_type":"article","og_title":"PC Gamer i7 14700K\/ 32GB\/ 1TB SSD\/ RTX 4070TI 12GB - Osaka","og_url":"https:\/\/osaka.ma\/es\/product\/pc-gamer-i7-14700k-32gb-1tb-ssd-rtx-4070ti-12gb\/","og_site_name":"Osaka","article_modified_time":"2024-12-18T15:36:15+00:00","og_image":[{"url":"https:\/\/osaka.ma\/wp-content\/uploads\/2023\/10\/OSA-1.png","type":"","width":"","height":""}],"twitter_card":"summary_large_image","twitter_misc":{"Est. reading time":"6 minutes"},"schema":{"@context":"https:\/\/schema.org","@graph":[{"@type":"WebPage","@id":"https:\/\/osaka.ma\/es\/product\/pc-gamer-i7-14700k-32gb-1tb-ssd-rtx-4070ti-12gb\/","url":"https:\/\/osaka.ma\/es\/product\/pc-gamer-i7-14700k-32gb-1tb-ssd-rtx-4070ti-12gb\/","name":"PC Gamer i7 14700K\/ 32GB\/ 1TB SSD\/ RTX 4070TI 12GB - Osaka","isPartOf":{"@id":"https:\/\/osaka.ma\/#website"},"primaryImageOfPage":{"@id":"https:\/\/osaka.ma\/es\/product\/pc-gamer-i7-14700k-32gb-1tb-ssd-rtx-4070ti-12gb\/#primaryimage"},"image":{"@id":"https:\/\/osaka.ma\/es\/product\/pc-gamer-i7-14700k-32gb-1tb-ssd-rtx-4070ti-12gb\/#primaryimage"},"thumbnailUrl":"https:\/\/osaka.ma\/wp-content\/uploads\/2023\/10\/OSA-1.png","datePublished":"2024-07-26T11:51:38+00:00","dateModified":"2024-12-18T15:36:15+00:00","breadcrumb":{"@id":"https:\/\/osaka.ma\/es\/product\/pc-gamer-i7-14700k-32gb-1tb-ssd-rtx-4070ti-12gb\/#breadcrumb"},"inLanguage":"es-ES","potentialAction":[{"@type":"ReadAction","target":["https:\/\/osaka.ma\/es\/product\/pc-gamer-i7-14700k-32gb-1tb-ssd-rtx-4070ti-12gb\/"]}]},{"@type":"ImageObject","inLanguage":"es-ES","@id":"https:\/\/osaka.ma\/es\/product\/pc-gamer-i7-14700k-32gb-1tb-ssd-rtx-4070ti-12gb\/#primaryimage","url":"https:\/\/osaka.ma\/wp-content\/uploads\/2023\/10\/OSA-1.png","contentUrl":"https:\/\/osaka.ma\/wp-content\/uploads\/2023\/10\/OSA-1.png"},{"@type":"BreadcrumbList","@id":"https:\/\/osaka.ma\/es\/product\/pc-gamer-i7-14700k-32gb-1tb-ssd-rtx-4070ti-12gb\/#breadcrumb","itemListElement":[{"@type":"ListItem","position":1,"name":"Home","item":"https:\/\/osaka.ma\/"},{"@type":"ListItem","position":2,"name":"Shop","item":"https:\/\/osaka.ma\/shop-2\/"},{"@type":"ListItem","position":3,"name":"PC Gamer i7 14700K\/ 32GB\/ 1TB SSD\/ RTX 4070TI 12GB"}]},{"@type":"WebSite","@id":"https:\/\/osaka.ma\/#website","url":"https:\/\/osaka.ma\/","name":"Osaka","description":"","publisher":{"@id":"https:\/\/osaka.ma\/#organization"},"potentialAction":[{"@type":"SearchAction","target":{"@type":"EntryPoint","urlTemplate":"https:\/\/osaka.ma\/?s={search_term_string}"},"query-input":{"@type":"PropertyValueSpecification","valueRequired":true,"valueName":"search_term_string"}}],"inLanguage":"es-ES"},{"@type":"Organization","@id":"https:\/\/osaka.ma\/#organization","name":"Osaka","url":"https:\/\/osaka.ma\/","logo":{"@type":"ImageObject","inLanguage":"es-ES","@id":"https:\/\/osaka.ma\/#\/schema\/logo\/image\/","url":"https:\/\/osaka.ma\/wp-content\/uploads\/2026\/01\/model-slogan-logo-2Plan-de-travail-1dksl-plus-finnn.png","contentUrl":"https:\/\/osaka.ma\/wp-content\/uploads\/2026\/01\/model-slogan-logo-2Plan-de-travail-1dksl-plus-finnn.png","width":842,"height":226,"caption":"Osaka"},"image":{"@id":"https:\/\/osaka.ma\/#\/schema\/logo\/image\/"}}]}},"jetpack_sharing_enabled":true,"brands":[],"_links":{"self":[{"href":"https:\/\/osaka.ma\/es\/wp-json\/wp\/v2\/product\/9856","targetHints":{"allow":["GET"]}}],"collection":[{"href":"https:\/\/osaka.ma\/es\/wp-json\/wp\/v2\/product"}],"about":[{"href":"https:\/\/osaka.ma\/es\/wp-json\/wp\/v2\/types\/product"}],"version-history":[{"count":0,"href":"https:\/\/osaka.ma\/es\/wp-json\/wp\/v2\/product\/9856\/revisions"}],"wp:attachment":[{"href":"https:\/\/osaka.ma\/es\/wp-json\/wp\/v2\/media?parent=9856"}],"wp:term":[{"taxonomy":"pwb-brand","embeddable":true,"href":"https:\/\/osaka.ma\/es\/wp-json\/wp\/v2\/pwb-brand?post=9856"},{"taxonomy":"product_brand","embeddable":true,"href":"https:\/\/osaka.ma\/es\/wp-json\/wp\/v2\/product_brand?post=9856"},{"taxonomy":"product_cat","embeddable":true,"href":"https:\/\/osaka.ma\/es\/wp-json\/wp\/v2\/product_cat?post=9856"},{"taxonomy":"product_tag","embeddable":true,"href":"https:\/\/osaka.ma\/es\/wp-json\/wp\/v2\/product_tag?post=9856"},{"taxonomy":"pcb_component_type","embeddable":true,"href":"https:\/\/osaka.ma\/es\/wp-json\/wp\/v2\/pcb_component_type?post=9856"}],"curies":[{"name":"wp","href":"https:\/\/api.w.org\/{rel}","templated":true}]}}