{"id":10088,"date":"2024-08-07T14:16:34","date_gmt":"2024-08-07T14:16:34","guid":{"rendered":"https:\/\/osaka.ma\/?post_type=product&#038;p=10088"},"modified":"2025-04-24T17:12:00","modified_gmt":"2025-04-24T17:12:00","slug":"cooler-master-mwe-v2-450w-bronze","status":"publish","type":"product","link":"https:\/\/osaka.ma\/fr\/product\/cooler-master-mwe-v2-450w-bronze\/","title":{"rendered":"Cooler Master MWE V2 450W Bronze"},"content":{"rendered":"<div class=\"logo\"><img decoding=\"async\" class=\"aligncenter\" src=\"https:\/\/media.ldlc.com\/v3\/marque\/bo\/00\/03\/65\/33\/V30003653338_2.jpg\" alt=\"Cooler Master Ltd\" \/><\/div>\n<div id=\"description\" class=\"description\">\n<div class=\"details-pdt-desc\">\n<h2><\/h2>\n<h2 class=\"h2-master\">Alimentation PC haute efficacit\u00e9 abordable<\/h2>\n<section>L&#8217;<strong>alimentation PC\u00a0Cooler Master MWE Bronze 450W V2<\/strong>\u00a0offre une\u00a0<strong>efficacit\u00e9 80PLUS Bronze<\/strong>, un gage de performances d&#8217;efficience moyenne de 85% pour une charge typique. Le design de\u00a0<strong>circuit CC-CC<\/strong>\u00a0assure l&#8217;alimentation \u00e9lectrique en toute s\u00e9curit\u00e9 des composants de mani\u00e8re fiable. Le<strong>\u00a0ventilateur HDB de 120mm\u00a0<\/strong>dispose d&#8217;un mode semi-passif jusqu&#8217;\u00e0 15% de charge. En d&#8217;autres termes, moins de gaspillage d&#8217;\u00e9nergie et moins de bruit pour les op\u00e9rations basiques du syst\u00e8me. Discrets, les c\u00e2bles noirs plats sont flexibles, facilitant ainsi leur mise en \u0153uvre dans votre syst\u00e8me tout en prenant moins de place. Un v\u00e9ritable &#8220;plus&#8221; pratique pour les petits bo\u00eetiers.&nbsp;<\/p>\n<\/section>\n<section>\n<div class=\"desc-image\"><img decoding=\"async\" src=\"https:\/\/media.ldlc.com\/bo\/images\/fiches\/alimentation\/cooler_master\/mwe_v2\/80plus_bronze\/800_1.jpg\" alt=\"\" \/><\/div>\n<div class=\"desc-text\">\n<h2><\/h2>\n<h2>Le choix de la fiabilit\u00e9<\/h2>\n<p>La prise murale assure l&#8217;alimentation \u00e9lectrique de votre alimentation pour un niveau de tension mais vos composants ont chacun besoin d&#8217;une tension sp\u00e9cifique pour fonctionner correctement. Le processus de transformation de l&#8217;alimentation \u00e9lectrique brute de la prise murale vers les diff\u00e9rents niveaux de tension exig\u00e9s par vos pi\u00e8ces implique des composants sp\u00e9ciaux pour assurer en toute s\u00e9curit\u00e9 ce traitement rapidement et avec efficience. La technologie CC-CC du mod\u00e8le MWE Bronze est le fruit d&#8217;efforts intenses pour atteindre cet objectif. L&#8217;agencement de circuit Double avant a \u00e9t\u00e9 pens\u00e9 afin de convertir une alimentation \u00e9lectrique 12V en 3V et 5V tout en minimisant le bruit d&#8217;alimentation, en offrant une efficience 80 PLUS Bronze et en r\u00e9duisant le risque pour vos composants connect\u00e9s.<\/p>\n<\/div>\n<\/section>\n<section>\n<div class=\"desc-text\">\n<h2>Ventilateur HDB 120 MM et 80PLUS Bronze<\/h2>\n<p>Le\u00a0<strong>ventilateur HDB de 120mm<\/strong>\u00a0du mod\u00e8le<strong>\u00a0<\/strong><strong>MWE Bronze V2<\/strong>\u00a0ne tourne pas tant que l&#8217;alimentation n&#8217;a pas atteint 15% de charge totale, minimisant ainsi le niveau acoustique tout en prolongeant le cycle de vie de l&#8217;alimentation.\u00a0La certification 80 PLUS Bronze garantit une efficience typique de 85% sous des conditions de fonctionnement normales.<\/p>\n<\/div>\n<div><\/div>\n<div class=\"desc-image\"><img decoding=\"async\" src=\"https:\/\/media.ldlc.com\/bo\/images\/fiches\/alimentation\/cooler_master\/mwe_v2\/80plus_bronze\/800_2.jpg\" alt=\"\" \/><\/div>\n<\/section>\n<\/div>\n<\/div>\n","protected":false},"excerpt":{"rendered":"<p><strong>Alimentation 450W ATX 12V v2.52 &#8211; 80PLUS Bronze<\/strong><\/p>\n","protected":false},"featured_media":0,"template":"","meta":{"_acf_changed":false},"pwb-brand":[],"product_brand":[],"product_cat":[29,17],"product_tag":[],"pcb_component_type":[],"class_list":{"0":"post-10088","1":"product","2":"type-product","3":"status-publish","5":"product_cat-blocs-dalimentation","6":"product_cat-composants-gaming","8":"first","9":"outofstock","10":"shipping-taxable","11":"product-type-simple"},"translation":{"provider":"WPGlobus","version":"3.0.2","language":"fr","enabled_languages":["en","es","de","fr","ru"],"languages":{"en":{"title":true,"content":true,"excerpt":true},"es":{"title":false,"content":false,"excerpt":false},"de":{"title":false,"content":false,"excerpt":false},"fr":{"title":false,"content":false,"excerpt":false},"ru":{"title":false,"content":false,"excerpt":false}}},"acf":[],"yoast_head":"<!-- This site is optimized with the Yoast SEO plugin v27.2 - https:\/\/yoast.com\/product\/yoast-seo-wordpress\/ -->\n<title>Cooler Master MWE V2 450W Bronze - Osaka<\/title>\n<meta name=\"robots\" content=\"index, follow, max-snippet:-1, max-image-preview:large, max-video-preview:-1\" \/>\n<link rel=\"canonical\" href=\"https:\/\/osaka.ma\/product\/cooler-master-mwe-v2-450w-bronze\/\" \/>\n<meta property=\"og:locale\" content=\"fr_FR\" \/>\n<meta property=\"og:type\" content=\"article\" \/>\n<meta property=\"og:title\" content=\"Cooler Master MWE V2 450W Bronze - Osaka\" \/>\n<meta property=\"og:url\" content=\"https:\/\/osaka.ma\/product\/cooler-master-mwe-v2-450w-bronze\/\" \/>\n<meta property=\"og:site_name\" content=\"Osaka\" \/>\n<meta property=\"article:modified_time\" content=\"2025-04-24T17:12:00+00:00\" \/>\n<meta property=\"og:image\" content=\"https:\/\/media.ldlc.com\/v3\/marque\/bo\/00\/03\/65\/33\/V30003653338_2.jpg\" \/>\n<meta name=\"twitter:card\" content=\"summary_large_image\" \/>\n<meta name=\"twitter:label1\" content=\"Dur\u00e9e de lecture estim\u00e9e\" \/>\n\t<meta name=\"twitter:data1\" content=\"3 minutes\" \/>\n<script type=\"application\/ld+json\" class=\"yoast-schema-graph\">{\"@context\":\"https:\/\/schema.org\",\"@graph\":[{\"@type\":\"WebPage\",\"@id\":\"https:\/\/osaka.ma\/product\/cooler-master-mwe-v2-450w-bronze\/\",\"url\":\"https:\/\/osaka.ma\/product\/cooler-master-mwe-v2-450w-bronze\/\",\"name\":\"Cooler Master MWE V2 450W Bronze - Osaka\",\"isPartOf\":{\"@id\":\"https:\/\/osaka.ma\/#website\"},\"primaryImageOfPage\":{\"@id\":\"https:\/\/osaka.ma\/product\/cooler-master-mwe-v2-450w-bronze\/#primaryimage\"},\"image\":{\"@id\":\"https:\/\/osaka.ma\/product\/cooler-master-mwe-v2-450w-bronze\/#primaryimage\"},\"thumbnailUrl\":\"https:\/\/media.ldlc.com\/v3\/marque\/bo\/00\/03\/65\/33\/V30003653338_2.jpg\",\"datePublished\":\"2024-08-07T14:16:34+00:00\",\"dateModified\":\"2025-04-24T17:12:00+00:00\",\"breadcrumb\":{\"@id\":\"https:\/\/osaka.ma\/product\/cooler-master-mwe-v2-450w-bronze\/#breadcrumb\"},\"inLanguage\":\"fr-FR\",\"potentialAction\":[{\"@type\":\"ReadAction\",\"target\":[\"https:\/\/osaka.ma\/product\/cooler-master-mwe-v2-450w-bronze\/\"]}]},{\"@type\":\"ImageObject\",\"inLanguage\":\"fr-FR\",\"@id\":\"https:\/\/osaka.ma\/product\/cooler-master-mwe-v2-450w-bronze\/#primaryimage\",\"url\":\"https:\/\/media.ldlc.com\/v3\/marque\/bo\/00\/03\/65\/33\/V30003653338_2.jpg\",\"contentUrl\":\"https:\/\/media.ldlc.com\/v3\/marque\/bo\/00\/03\/65\/33\/V30003653338_2.jpg\"},{\"@type\":\"BreadcrumbList\",\"@id\":\"https:\/\/osaka.ma\/product\/cooler-master-mwe-v2-450w-bronze\/#breadcrumb\",\"itemListElement\":[{\"@type\":\"ListItem\",\"position\":1,\"name\":\"Home\",\"item\":\"https:\/\/osaka.ma\/\"},{\"@type\":\"ListItem\",\"position\":2,\"name\":\"Shop\",\"item\":\"https:\/\/osaka.ma\/shop-2\/\"},{\"@type\":\"ListItem\",\"position\":3,\"name\":\"Cooler Master MWE V2 450W Bronze\"}]},{\"@type\":\"WebSite\",\"@id\":\"https:\/\/osaka.ma\/#website\",\"url\":\"https:\/\/osaka.ma\/\",\"name\":\"Osaka\",\"description\":\"\",\"publisher\":{\"@id\":\"https:\/\/osaka.ma\/#organization\"},\"potentialAction\":[{\"@type\":\"SearchAction\",\"target\":{\"@type\":\"EntryPoint\",\"urlTemplate\":\"https:\/\/osaka.ma\/?s={search_term_string}\"},\"query-input\":{\"@type\":\"PropertyValueSpecification\",\"valueRequired\":true,\"valueName\":\"search_term_string\"}}],\"inLanguage\":\"fr-FR\"},{\"@type\":\"Organization\",\"@id\":\"https:\/\/osaka.ma\/#organization\",\"name\":\"Osaka\",\"url\":\"https:\/\/osaka.ma\/\",\"logo\":{\"@type\":\"ImageObject\",\"inLanguage\":\"fr-FR\",\"@id\":\"https:\/\/osaka.ma\/#\/schema\/logo\/image\/\",\"url\":\"https:\/\/osaka.ma\/wp-content\/uploads\/2026\/01\/model-slogan-logo-2Plan-de-travail-1dksl-plus-finnn.png\",\"contentUrl\":\"https:\/\/osaka.ma\/wp-content\/uploads\/2026\/01\/model-slogan-logo-2Plan-de-travail-1dksl-plus-finnn.png\",\"width\":842,\"height\":226,\"caption\":\"Osaka\"},\"image\":{\"@id\":\"https:\/\/osaka.ma\/#\/schema\/logo\/image\/\"}}]}<\/script>\n<!-- \/ Yoast SEO plugin. -->","yoast_head_json":{"title":"Cooler Master MWE V2 450W Bronze - Osaka","robots":{"index":"index","follow":"follow","max-snippet":"max-snippet:-1","max-image-preview":"max-image-preview:large","max-video-preview":"max-video-preview:-1"},"canonical":"https:\/\/osaka.ma\/product\/cooler-master-mwe-v2-450w-bronze\/","og_locale":"fr_FR","og_type":"article","og_title":"Cooler Master MWE V2 450W Bronze - Osaka","og_url":"https:\/\/osaka.ma\/product\/cooler-master-mwe-v2-450w-bronze\/","og_site_name":"Osaka","article_modified_time":"2025-04-24T17:12:00+00:00","og_image":[{"url":"https:\/\/media.ldlc.com\/v3\/marque\/bo\/00\/03\/65\/33\/V30003653338_2.jpg","type":"","width":"","height":""}],"twitter_card":"summary_large_image","twitter_misc":{"Dur\u00e9e de lecture estim\u00e9e":"3 minutes"},"schema":{"@context":"https:\/\/schema.org","@graph":[{"@type":"WebPage","@id":"https:\/\/osaka.ma\/product\/cooler-master-mwe-v2-450w-bronze\/","url":"https:\/\/osaka.ma\/product\/cooler-master-mwe-v2-450w-bronze\/","name":"Cooler Master MWE V2 450W Bronze - Osaka","isPartOf":{"@id":"https:\/\/osaka.ma\/#website"},"primaryImageOfPage":{"@id":"https:\/\/osaka.ma\/product\/cooler-master-mwe-v2-450w-bronze\/#primaryimage"},"image":{"@id":"https:\/\/osaka.ma\/product\/cooler-master-mwe-v2-450w-bronze\/#primaryimage"},"thumbnailUrl":"https:\/\/media.ldlc.com\/v3\/marque\/bo\/00\/03\/65\/33\/V30003653338_2.jpg","datePublished":"2024-08-07T14:16:34+00:00","dateModified":"2025-04-24T17:12:00+00:00","breadcrumb":{"@id":"https:\/\/osaka.ma\/product\/cooler-master-mwe-v2-450w-bronze\/#breadcrumb"},"inLanguage":"fr-FR","potentialAction":[{"@type":"ReadAction","target":["https:\/\/osaka.ma\/product\/cooler-master-mwe-v2-450w-bronze\/"]}]},{"@type":"ImageObject","inLanguage":"fr-FR","@id":"https:\/\/osaka.ma\/product\/cooler-master-mwe-v2-450w-bronze\/#primaryimage","url":"https:\/\/media.ldlc.com\/v3\/marque\/bo\/00\/03\/65\/33\/V30003653338_2.jpg","contentUrl":"https:\/\/media.ldlc.com\/v3\/marque\/bo\/00\/03\/65\/33\/V30003653338_2.jpg"},{"@type":"BreadcrumbList","@id":"https:\/\/osaka.ma\/product\/cooler-master-mwe-v2-450w-bronze\/#breadcrumb","itemListElement":[{"@type":"ListItem","position":1,"name":"Home","item":"https:\/\/osaka.ma\/"},{"@type":"ListItem","position":2,"name":"Shop","item":"https:\/\/osaka.ma\/shop-2\/"},{"@type":"ListItem","position":3,"name":"Cooler Master MWE V2 450W Bronze"}]},{"@type":"WebSite","@id":"https:\/\/osaka.ma\/#website","url":"https:\/\/osaka.ma\/","name":"Osaka","description":"","publisher":{"@id":"https:\/\/osaka.ma\/#organization"},"potentialAction":[{"@type":"SearchAction","target":{"@type":"EntryPoint","urlTemplate":"https:\/\/osaka.ma\/?s={search_term_string}"},"query-input":{"@type":"PropertyValueSpecification","valueRequired":true,"valueName":"search_term_string"}}],"inLanguage":"fr-FR"},{"@type":"Organization","@id":"https:\/\/osaka.ma\/#organization","name":"Osaka","url":"https:\/\/osaka.ma\/","logo":{"@type":"ImageObject","inLanguage":"fr-FR","@id":"https:\/\/osaka.ma\/#\/schema\/logo\/image\/","url":"https:\/\/osaka.ma\/wp-content\/uploads\/2026\/01\/model-slogan-logo-2Plan-de-travail-1dksl-plus-finnn.png","contentUrl":"https:\/\/osaka.ma\/wp-content\/uploads\/2026\/01\/model-slogan-logo-2Plan-de-travail-1dksl-plus-finnn.png","width":842,"height":226,"caption":"Osaka"},"image":{"@id":"https:\/\/osaka.ma\/#\/schema\/logo\/image\/"}}]}},"jetpack_sharing_enabled":true,"brands":[],"_links":{"self":[{"href":"https:\/\/osaka.ma\/fr\/wp-json\/wp\/v2\/product\/10088","targetHints":{"allow":["GET"]}}],"collection":[{"href":"https:\/\/osaka.ma\/fr\/wp-json\/wp\/v2\/product"}],"about":[{"href":"https:\/\/osaka.ma\/fr\/wp-json\/wp\/v2\/types\/product"}],"version-history":[{"count":0,"href":"https:\/\/osaka.ma\/fr\/wp-json\/wp\/v2\/product\/10088\/revisions"}],"wp:attachment":[{"href":"https:\/\/osaka.ma\/fr\/wp-json\/wp\/v2\/media?parent=10088"}],"wp:term":[{"taxonomy":"pwb-brand","embeddable":true,"href":"https:\/\/osaka.ma\/fr\/wp-json\/wp\/v2\/pwb-brand?post=10088"},{"taxonomy":"product_brand","embeddable":true,"href":"https:\/\/osaka.ma\/fr\/wp-json\/wp\/v2\/product_brand?post=10088"},{"taxonomy":"product_cat","embeddable":true,"href":"https:\/\/osaka.ma\/fr\/wp-json\/wp\/v2\/product_cat?post=10088"},{"taxonomy":"product_tag","embeddable":true,"href":"https:\/\/osaka.ma\/fr\/wp-json\/wp\/v2\/product_tag?post=10088"},{"taxonomy":"pcb_component_type","embeddable":true,"href":"https:\/\/osaka.ma\/fr\/wp-json\/wp\/v2\/pcb_component_type?post=10088"}],"curies":[{"name":"wp","href":"https:\/\/api.w.org\/{rel}","templated":true}]}}