{"id":10118,"date":"2024-08-12T09:40:00","date_gmt":"2024-08-12T09:40:00","guid":{"rendered":"https:\/\/osaka.ma\/?post_type=product&#038;p=10118"},"modified":"2025-04-08T16:05:17","modified_gmt":"2025-04-08T16:05:17","slug":"asus-prime-z790-v-wifi","status":"publish","type":"product","link":"https:\/\/osaka.ma\/fr\/product\/asus-prime-z790-v-wifi\/","title":{"rendered":"ASUS PRIME Z790-V WIFI"},"content":{"rendered":"<div class=\"flex-1 overflow-hidden\">\n<div class=\"h-full\">\n<div class=\"react-scroll-to-bottom--css-yunrp-79elbk h-full\">\n<div class=\"react-scroll-to-bottom--css-yunrp-1n7m0yu\">\n<div class=\"flex flex-col text-sm md:pb-9\">\n<div class=\"w-full text-token-text-primary\" dir=\"auto\" data-testid=\"conversation-turn-5\" data-scroll-anchor=\"true\">\n<div class=\"text-base py-[18px] px-3 md:px-4 m-auto md:px-5 lg:px-1 xl:px-5\">\n<div class=\"mx-auto flex flex-1 gap-4 text-base md:gap-5 lg:gap-6 md:max-w-3xl\">\n<div class=\"group\/conversation-turn relative flex w-full min-w-0 flex-col agent-turn\">\n<div class=\"flex-col gap-1 md:gap-3\">\n<div class=\"flex max-w-full flex-col flex-grow\">\n<div class=\"min-h-[20px] text-message flex w-full flex-col items-end gap-2 whitespace-pre-wrap break-words [.text-message+&amp;]:mt-5 overflow-x-auto\" dir=\"auto\" data-message-author-role=\"assistant\" data-message-id=\"ddd623e6-797a-4c05-ac1b-5a600d2ceb5c\">\n<div class=\"flex w-full flex-col gap-1 empty:hidden first:pt-[3px]\">\n<div class=\"markdown prose w-full break-words dark:prose-invert light\"><\/div>\n<\/div>\n<\/div>\n<\/div>\n<div class=\"mt-1 flex gap-3 empty:hidden -ml-2\">\n<div class=\"items-center justify-start rounded-xl p-1 flex\">\n<div class=\"flex items-center\"><\/div>\n<\/div>\n<\/div>\n<div class=\"pr-2 lg:pr-0\"><\/div>\n<div class=\"mt-3 w-full empty:hidden\">\n<div class=\"text-center\"><\/div>\n<\/div>\n<\/div>\n<div class=\"absolute\">\n<div class=\"flex items-center justify-center\">\n<div class=\"logo\"><img decoding=\"async\" class=\"aligncenter lazy loaded\" src=\"https:\/\/media.ldlc.com\/v3\/marque\/bo\/00\/05\/62\/42\/V30005624251_2.jpg\" alt=\"ASUS\" data-src=\"https:\/\/media.ldlc.com\/v3\/marque\/bo\/00\/05\/62\/42\/V30005624251_2.jpg\" data-was-processed=\"true\" \/><\/div>\n<div id=\"description\" class=\"description\">\n<div class=\"details-pdt-desc\">\n<h2><\/h2>\n<h2 class=\"h2-master\">Asus PRIME Z790-V Wifi : Exploitez toute la puissance de votre processeur Intel Core<\/h2>\n<section>Con\u00e7ue pour accueillir les processeurs Intel Core hybrides de 12\u00e8me et 13\u00e8me g\u00e9n\u00e9ration sur socket Intel LGA 1700, la\u00a0<strong>carte m\u00e8re ASUS PRIME Z790-V WIFI<\/strong>\u00a0servira de base solide \u00e0 une configuration ax\u00e9e sur les performances. Les\u00a0<strong>cartes m\u00e8res ASUS Prime\u00a0<\/strong>sont pens\u00e9es et con\u00e7ues pour les utilisateurs exigeants \u00e0 la recherche de performances constantes et de fiabilit\u00e9 \u00e0 long terme. Elles permettent de tirer parti du meilleur de leurs composants gr\u00e2ce \u00e0 une conception unique faite de mat\u00e9riaux robustes et d\u2019utilitaires exclusifs. Elles int\u00e8grent des fonctionnalit\u00e9s professionnelles et associent les avantages des nouveaux processeurs Intel avec le design et les caract\u00e9ristiques embl\u00e9matiques d\u2019ASUS.\u00a0<\/section>\n<section>\n<div class=\"desc-image\"><img decoding=\"async\" class=\"aligncenter lazy loaded\" src=\"https:\/\/media.ldlc.com\/bo\/images\/fiches\/carte-mere\/ASUS\/asus_prime_series_0001.jpg\" alt=\"\" data-src=\"https:\/\/media.ldlc.com\/bo\/images\/fiches\/carte-mere\/ASUS\/asus_prime_series_0001.jpg\" data-was-processed=\"true\" \/><\/div>\n<div class=\"desc-text\">\n<h2><\/h2>\n<h2><\/h2>\n<h2>ASUS PRIME Z790-V WIFI<\/h2>\n<ul>\n<li>Support des processeurs Intel Core de 12\u00e8me et 13\u00e8me et 14\u00e8me g\u00e9n\u00e9ration sur socket LGA 1700<\/li>\n<li>Support de la m\u00e9moire DDR5, jusqu\u2019\u00e0 7200 MHz (OC)<\/li>\n<li>3 emplacements M.2 PCIe 4.0 4x + 4 ports SATA 6 Gbps<\/li>\n<li>Port PCI-Express 5.0 16x<\/li>\n<li>ASUS 5X PROTECTION III avec\u00a0DIGI+ VRM, LANGuard, Overvoltage Protection<\/li>\n<li>Refroidissement complet : grand radiateur VRM, radiateur M.2, connecteurs de ventilateurs hybrides et Fan Xpert 4<\/li>\n<li>Port USB 3.2 Type C<\/li>\n<li>LAN 2.5 GbE<\/li>\n<li>Wi-Fi 5 \/ Bluetooth 5.0<\/li>\n<li>Compatible Aura Sync et ventilateurs ARGB<\/li>\n<\/ul>\n<\/div>\n<\/section>\n<\/div>\n<\/div>\n<\/div>\n<\/div>\n<\/div>\n<\/div>\n<\/div>\n<\/div>\n<\/div>\n<\/div>\n<\/div>\n<\/div>\n<\/div>\n<div class=\"md:pt-0 dark:border-white\/20 md:border-transparent md:dark:border-transparent w-full\">\n<div class=\"text-base px-3 md:px-4 m-auto md:px-5 lg:px-1 xl:px-5\">\n<div class=\"mx-auto flex flex-1 gap-4 text-base md:gap-5 lg:gap-6 md:max-w-3xl\">\n<form class=\"w-full\" aria-haspopup=\"dialog\" aria-expanded=\"false\" aria-controls=\"radix-:r1:\" data-state=\"closed\">\n<div class=\"relative flex h-full max-w-full flex-1 flex-col\">\n<div class=\"absolute bottom-full left-0 right-0 z-20\"><\/div>\n<div class=\"flex w-full items-center\">\n<div class=\"flex w-full flex-col gap-1.5 rounded-[26px] p-1.5 transition-colors bg-[#f4f4f4] dark:bg-token-main-surface-secondary\">\n<div class=\"flex items-end gap-1.5 md:gap-2\">\n<div class=\"flex min-w-0 flex-1 flex-col pl-4\"><\/div>\n<\/div>\n<\/div>\n<\/div>\n<\/div>\n<\/form>\n<\/div>\n<\/div>\n<\/div>\n","protected":false},"excerpt":{"rendered":"<div class=\"flex max-w-full flex-col flex-grow\">\n<div class=\"min-h-[20px] text-message flex w-full flex-col items-end gap-2 whitespace-pre-wrap break-words [.text-message+&amp;]:mt-5 overflow-x-auto\" dir=\"auto\" data-message-author-role=\"assistant\" data-message-id=\"ddd623e6-797a-4c05-ac1b-5a600d2ceb5c\">\n<div class=\"flex w-full flex-col gap-1 empty:hidden first:pt-[3px]\">\n<div class=\"markdown prose w-full break-words dark:prose-invert light\">\n<p><strong>Carte m\u00e8re ATX Socket 1700 Intel Z790 Express &#8211; 4x DDR5 &#8211; 3x M.2 PCIe 4.0 &#8211; USB 3.2 &#8211; PCI-Express 5.0 16x &#8211; LAN 2.5 GbE &#8211; Wi-Fi 5\/Bluetooth 5.0<\/strong><\/p>\n<p>Les cartes m\u00e8res de la s\u00e9rie ASUS Prime sont ing\u00e9nieusement con\u00e7ues pour lib\u00e9rer tout le potentiel des processeurs Intel\u00ae Core\u2122 de 14e g\u00e9n\u00e9ration. Avec un design de puissance robuste, des solutions de refroidissement compl\u00e8tes et des options de r\u00e9glage intelligentes, la PRIME Z790-V WIFI offre aux utilisateurs et aux amateurs de PC DIY une gamme d&#8217;optimisations de performance gr\u00e2ce \u00e0 des fonctionnalit\u00e9s logicielles et firmware intuitives. Cette plateforme fournit la puissance et la connectivit\u00e9 requises par les applications PC IA avanc\u00e9es.<\/p>\n<\/div>\n<\/div>\n<\/div>\n<\/div>\n","protected":false},"featured_media":0,"template":"","meta":{"_acf_changed":false},"pwb-brand":[],"product_brand":[],"product_cat":[84,17,100],"product_tag":[],"pcb_component_type":[],"class_list":{"0":"post-10118","1":"product","2":"type-product","3":"status-publish","5":"product_cat-carte-mere","6":"product_cat-composants-gaming","7":"product_cat-intel-carte-mere-composants-gaming-9","9":"first","10":"outofstock","11":"shipping-taxable","12":"product-type-simple"},"translation":{"provider":"WPGlobus","version":"3.0.2","language":"fr","enabled_languages":["en","es","de","fr","ru"],"languages":{"en":{"title":true,"content":true,"excerpt":true},"es":{"title":false,"content":false,"excerpt":false},"de":{"title":false,"content":false,"excerpt":false},"fr":{"title":false,"content":false,"excerpt":false},"ru":{"title":false,"content":false,"excerpt":false}}},"acf":[],"yoast_head":"<!-- This site is optimized with the Yoast SEO plugin v27.2 - https:\/\/yoast.com\/product\/yoast-seo-wordpress\/ -->\n<title>ASUS PRIME Z790-V WIFI - Osaka<\/title>\n<meta name=\"robots\" content=\"index, follow, max-snippet:-1, max-image-preview:large, max-video-preview:-1\" \/>\n<link rel=\"canonical\" href=\"https:\/\/osaka.ma\/product\/asus-prime-z790-v-wifi\/\" \/>\n<meta property=\"og:locale\" content=\"fr_FR\" \/>\n<meta property=\"og:type\" content=\"article\" \/>\n<meta property=\"og:title\" content=\"ASUS PRIME Z790-V WIFI - Osaka\" \/>\n<meta property=\"og:url\" content=\"https:\/\/osaka.ma\/product\/asus-prime-z790-v-wifi\/\" \/>\n<meta property=\"og:site_name\" content=\"Osaka\" \/>\n<meta property=\"article:modified_time\" content=\"2025-04-08T16:05:17+00:00\" \/>\n<meta property=\"og:image\" content=\"https:\/\/media.ldlc.com\/v3\/marque\/bo\/00\/05\/62\/42\/V30005624251_2.jpg\" \/>\n<meta name=\"twitter:card\" content=\"summary_large_image\" \/>\n<meta name=\"twitter:label1\" content=\"Dur\u00e9e de lecture estim\u00e9e\" \/>\n\t<meta name=\"twitter:data1\" content=\"2 minutes\" \/>\n<script type=\"application\/ld+json\" class=\"yoast-schema-graph\">{\"@context\":\"https:\/\/schema.org\",\"@graph\":[{\"@type\":\"WebPage\",\"@id\":\"https:\/\/osaka.ma\/product\/asus-prime-z790-v-wifi\/\",\"url\":\"https:\/\/osaka.ma\/product\/asus-prime-z790-v-wifi\/\",\"name\":\"ASUS PRIME Z790-V WIFI - Osaka\",\"isPartOf\":{\"@id\":\"https:\/\/osaka.ma\/#website\"},\"primaryImageOfPage\":{\"@id\":\"https:\/\/osaka.ma\/product\/asus-prime-z790-v-wifi\/#primaryimage\"},\"image\":{\"@id\":\"https:\/\/osaka.ma\/product\/asus-prime-z790-v-wifi\/#primaryimage\"},\"thumbnailUrl\":\"https:\/\/media.ldlc.com\/v3\/marque\/bo\/00\/05\/62\/42\/V30005624251_2.jpg\",\"datePublished\":\"2024-08-12T09:40:00+00:00\",\"dateModified\":\"2025-04-08T16:05:17+00:00\",\"breadcrumb\":{\"@id\":\"https:\/\/osaka.ma\/product\/asus-prime-z790-v-wifi\/#breadcrumb\"},\"inLanguage\":\"fr-FR\",\"potentialAction\":[{\"@type\":\"ReadAction\",\"target\":[\"https:\/\/osaka.ma\/product\/asus-prime-z790-v-wifi\/\"]}]},{\"@type\":\"ImageObject\",\"inLanguage\":\"fr-FR\",\"@id\":\"https:\/\/osaka.ma\/product\/asus-prime-z790-v-wifi\/#primaryimage\",\"url\":\"https:\/\/media.ldlc.com\/v3\/marque\/bo\/00\/05\/62\/42\/V30005624251_2.jpg\",\"contentUrl\":\"https:\/\/media.ldlc.com\/v3\/marque\/bo\/00\/05\/62\/42\/V30005624251_2.jpg\"},{\"@type\":\"BreadcrumbList\",\"@id\":\"https:\/\/osaka.ma\/product\/asus-prime-z790-v-wifi\/#breadcrumb\",\"itemListElement\":[{\"@type\":\"ListItem\",\"position\":1,\"name\":\"Home\",\"item\":\"https:\/\/osaka.ma\/\"},{\"@type\":\"ListItem\",\"position\":2,\"name\":\"Shop\",\"item\":\"https:\/\/osaka.ma\/shop-2\/\"},{\"@type\":\"ListItem\",\"position\":3,\"name\":\"ASUS PRIME Z790-V WIFI\"}]},{\"@type\":\"WebSite\",\"@id\":\"https:\/\/osaka.ma\/#website\",\"url\":\"https:\/\/osaka.ma\/\",\"name\":\"Osaka\",\"description\":\"\",\"publisher\":{\"@id\":\"https:\/\/osaka.ma\/#organization\"},\"potentialAction\":[{\"@type\":\"SearchAction\",\"target\":{\"@type\":\"EntryPoint\",\"urlTemplate\":\"https:\/\/osaka.ma\/?s={search_term_string}\"},\"query-input\":{\"@type\":\"PropertyValueSpecification\",\"valueRequired\":true,\"valueName\":\"search_term_string\"}}],\"inLanguage\":\"fr-FR\"},{\"@type\":\"Organization\",\"@id\":\"https:\/\/osaka.ma\/#organization\",\"name\":\"Osaka\",\"url\":\"https:\/\/osaka.ma\/\",\"logo\":{\"@type\":\"ImageObject\",\"inLanguage\":\"fr-FR\",\"@id\":\"https:\/\/osaka.ma\/#\/schema\/logo\/image\/\",\"url\":\"https:\/\/osaka.ma\/wp-content\/uploads\/2026\/01\/model-slogan-logo-2Plan-de-travail-1dksl-plus-finnn.png\",\"contentUrl\":\"https:\/\/osaka.ma\/wp-content\/uploads\/2026\/01\/model-slogan-logo-2Plan-de-travail-1dksl-plus-finnn.png\",\"width\":842,\"height\":226,\"caption\":\"Osaka\"},\"image\":{\"@id\":\"https:\/\/osaka.ma\/#\/schema\/logo\/image\/\"}}]}<\/script>\n<!-- \/ Yoast SEO plugin. -->","yoast_head_json":{"title":"ASUS PRIME Z790-V WIFI - Osaka","robots":{"index":"index","follow":"follow","max-snippet":"max-snippet:-1","max-image-preview":"max-image-preview:large","max-video-preview":"max-video-preview:-1"},"canonical":"https:\/\/osaka.ma\/product\/asus-prime-z790-v-wifi\/","og_locale":"fr_FR","og_type":"article","og_title":"ASUS PRIME Z790-V WIFI - Osaka","og_url":"https:\/\/osaka.ma\/product\/asus-prime-z790-v-wifi\/","og_site_name":"Osaka","article_modified_time":"2025-04-08T16:05:17+00:00","og_image":[{"url":"https:\/\/media.ldlc.com\/v3\/marque\/bo\/00\/05\/62\/42\/V30005624251_2.jpg","type":"","width":"","height":""}],"twitter_card":"summary_large_image","twitter_misc":{"Dur\u00e9e de lecture estim\u00e9e":"2 minutes"},"schema":{"@context":"https:\/\/schema.org","@graph":[{"@type":"WebPage","@id":"https:\/\/osaka.ma\/product\/asus-prime-z790-v-wifi\/","url":"https:\/\/osaka.ma\/product\/asus-prime-z790-v-wifi\/","name":"ASUS PRIME Z790-V WIFI - Osaka","isPartOf":{"@id":"https:\/\/osaka.ma\/#website"},"primaryImageOfPage":{"@id":"https:\/\/osaka.ma\/product\/asus-prime-z790-v-wifi\/#primaryimage"},"image":{"@id":"https:\/\/osaka.ma\/product\/asus-prime-z790-v-wifi\/#primaryimage"},"thumbnailUrl":"https:\/\/media.ldlc.com\/v3\/marque\/bo\/00\/05\/62\/42\/V30005624251_2.jpg","datePublished":"2024-08-12T09:40:00+00:00","dateModified":"2025-04-08T16:05:17+00:00","breadcrumb":{"@id":"https:\/\/osaka.ma\/product\/asus-prime-z790-v-wifi\/#breadcrumb"},"inLanguage":"fr-FR","potentialAction":[{"@type":"ReadAction","target":["https:\/\/osaka.ma\/product\/asus-prime-z790-v-wifi\/"]}]},{"@type":"ImageObject","inLanguage":"fr-FR","@id":"https:\/\/osaka.ma\/product\/asus-prime-z790-v-wifi\/#primaryimage","url":"https:\/\/media.ldlc.com\/v3\/marque\/bo\/00\/05\/62\/42\/V30005624251_2.jpg","contentUrl":"https:\/\/media.ldlc.com\/v3\/marque\/bo\/00\/05\/62\/42\/V30005624251_2.jpg"},{"@type":"BreadcrumbList","@id":"https:\/\/osaka.ma\/product\/asus-prime-z790-v-wifi\/#breadcrumb","itemListElement":[{"@type":"ListItem","position":1,"name":"Home","item":"https:\/\/osaka.ma\/"},{"@type":"ListItem","position":2,"name":"Shop","item":"https:\/\/osaka.ma\/shop-2\/"},{"@type":"ListItem","position":3,"name":"ASUS PRIME Z790-V WIFI"}]},{"@type":"WebSite","@id":"https:\/\/osaka.ma\/#website","url":"https:\/\/osaka.ma\/","name":"Osaka","description":"","publisher":{"@id":"https:\/\/osaka.ma\/#organization"},"potentialAction":[{"@type":"SearchAction","target":{"@type":"EntryPoint","urlTemplate":"https:\/\/osaka.ma\/?s={search_term_string}"},"query-input":{"@type":"PropertyValueSpecification","valueRequired":true,"valueName":"search_term_string"}}],"inLanguage":"fr-FR"},{"@type":"Organization","@id":"https:\/\/osaka.ma\/#organization","name":"Osaka","url":"https:\/\/osaka.ma\/","logo":{"@type":"ImageObject","inLanguage":"fr-FR","@id":"https:\/\/osaka.ma\/#\/schema\/logo\/image\/","url":"https:\/\/osaka.ma\/wp-content\/uploads\/2026\/01\/model-slogan-logo-2Plan-de-travail-1dksl-plus-finnn.png","contentUrl":"https:\/\/osaka.ma\/wp-content\/uploads\/2026\/01\/model-slogan-logo-2Plan-de-travail-1dksl-plus-finnn.png","width":842,"height":226,"caption":"Osaka"},"image":{"@id":"https:\/\/osaka.ma\/#\/schema\/logo\/image\/"}}]}},"jetpack_sharing_enabled":true,"brands":[],"_links":{"self":[{"href":"https:\/\/osaka.ma\/fr\/wp-json\/wp\/v2\/product\/10118","targetHints":{"allow":["GET"]}}],"collection":[{"href":"https:\/\/osaka.ma\/fr\/wp-json\/wp\/v2\/product"}],"about":[{"href":"https:\/\/osaka.ma\/fr\/wp-json\/wp\/v2\/types\/product"}],"version-history":[{"count":0,"href":"https:\/\/osaka.ma\/fr\/wp-json\/wp\/v2\/product\/10118\/revisions"}],"wp:attachment":[{"href":"https:\/\/osaka.ma\/fr\/wp-json\/wp\/v2\/media?parent=10118"}],"wp:term":[{"taxonomy":"pwb-brand","embeddable":true,"href":"https:\/\/osaka.ma\/fr\/wp-json\/wp\/v2\/pwb-brand?post=10118"},{"taxonomy":"product_brand","embeddable":true,"href":"https:\/\/osaka.ma\/fr\/wp-json\/wp\/v2\/product_brand?post=10118"},{"taxonomy":"product_cat","embeddable":true,"href":"https:\/\/osaka.ma\/fr\/wp-json\/wp\/v2\/product_cat?post=10118"},{"taxonomy":"product_tag","embeddable":true,"href":"https:\/\/osaka.ma\/fr\/wp-json\/wp\/v2\/product_tag?post=10118"},{"taxonomy":"pcb_component_type","embeddable":true,"href":"https:\/\/osaka.ma\/fr\/wp-json\/wp\/v2\/pcb_component_type?post=10118"}],"curies":[{"name":"wp","href":"https:\/\/api.w.org\/{rel}","templated":true}]}}