{"id":1022314,"date":"2026-03-30T16:26:32","date_gmt":"2026-03-30T15:26:32","guid":{"rendered":"https:\/\/osaka.ma\/product\/msi-crosshair-16-hx-ai-d2xw-ultra-9-275hx-rtx-5070-8gb-32gb-1tb-qhd-240hz-neuf\/"},"modified":"2026-04-01T01:06:39","modified_gmt":"2026-04-01T00:06:39","slug":"msi-crosshair-16-hx-ai-d2xw-ultra-9-275hx-rtx-5070-8gb-32gb-1tb-qhd-240hz-neuf","status":"publish","type":"product","link":"https:\/\/osaka.ma\/fr\/product\/msi-crosshair-16-hx-ai-d2xw-ultra-9-275hx-rtx-5070-8gb-32gb-1tb-qhd-240hz-neuf\/","title":{"rendered":"MSI Crosshair 16 HX AI D2XW \u2013 Ultra 9 275HX | RTX 5070 8GB | 32GB | 1TB | QHD+ 240Hz | Neuf"},"content":{"rendered":"<h2><img decoding=\"async\" class=\"aligncenter\" src=\"https:\/\/media.ldlc.com\/v3\/marque\/bo\/00\/05\/99\/39\/V30005993997.gif\" alt=\"MSI\" \/><\/h2>\n<h2 class=\"h2-master\">Hautes performances pour le jeu et la cr\u00e9ation<\/h2>\n<section>\n<div class=\"text-base my-auto mx-auto pb-10 [--thread-content-margin:--spacing(4)] @[37rem]:[--thread-content-margin:--spacing(6)] @[72rem]:[--thread-content-margin:--spacing(16)] px-(--thread-content-margin)\">\n<div class=\"[--thread-content-max-width:32rem] @[34rem]:[--thread-content-max-width:40rem] @[64rem]:[--thread-content-max-width:48rem] mx-auto max-w-(--thread-content-max-width) flex-1 group\/turn-messages focus-visible:outline-hidden relative flex w-full min-w-0 flex-col agent-turn\" tabindex=\"-1\">\n<div class=\"flex max-w-full flex-col grow\">\n<div class=\"min-h-8 text-message relative flex w-full flex-col items-end gap-2 text-start break-words whitespace-normal [.text-message+&amp;]:mt-5\" dir=\"auto\" data-message-author-role=\"assistant\" data-message-id=\"d0681e7a-7162-4e4d-8b82-44be9521a7d1\" data-message-model-slug=\"gpt-5\">\n<div class=\"flex w-full flex-col gap-1 empty:hidden first:pt-[3px]\">\n<div class=\"markdown prose dark:prose-invert w-full break-words dark markdown-new-styling\">\n<p data-start=\"0\" data-end=\"519\" data-is-last-node=\"\" data-is-only-node=\"\">Adapt\u00e9 aussi bien aux jeux vid\u00e9o qu\u2019aux besoins des professionnels STEM (science, technologie, ing\u00e9nierie et math\u00e9matiques), l\u2019ordinateur portable <strong>MSI Crosshair 16 HX AI D2XW<\/strong> offre des performances et une stabilit\u00e9 \u00e9lev\u00e9es. Que vous d\u00e9veloppiez des logiciels, analysiez des donn\u00e9es ou ex\u00e9cutiez des simulations, le Crosshair 16 HX AI garantit un niveau de performance et de fiabilit\u00e9 qui vous permettra d\u2019exceller dans tous vos d\u00e9fis quotidiens. Le mod\u00e8le MSI Crosshair 16 est particuli\u00e8rement appr\u00e9ci\u00e9 pour ces usages.<\/p>\n<\/div>\n<\/div>\n<\/div>\n<\/div>\n<\/div>\n<\/div>\n<\/section>\n<section>\n<div class=\"desc-image\"><\/div>\n<div class=\"desc-text\">\n<h2>Performance Avec Intel Core Ultra 9<\/h2>\n<p>Avec une architecture combinant c\u0153urs P-core et E-core, offrant un rendement \u00e9nerg\u00e9tique optimis\u00e9, le processeur <strong>Intel Core Ultra 9 275HX<\/strong> est pr\u00eat \u00e0 rendre votre exp\u00e9rience de jeu encore plus extr\u00eame, silencieuse et bien refroidie, avec des performances dignes d\u2019un PC de bureau haut de gamme, comme dans la s\u00e9rie MSI Crosshair 16.<\/p>\n<\/div>\n<\/section>\n<section>\n<div class=\"desc-text\">\n<h2>Changez la donne avec NVIDIA GeForce RTX 50<\/h2>\n<p data-start=\"0\" data-end=\"520\">Propuls\u00e9es par l\u2019architecture NVIDIA Blackwell, les puces graphiques GeForce RTX s\u00e9rie 50 offrent des capacit\u00e9s r\u00e9volutionnaires aux joueurs et cr\u00e9ateurs. La puissance ph\u00e9nom\u00e9nale de l\u2019IA de la s\u00e9rie RTX 50 vous permet d\u2019atteindre un nouveau niveau de fid\u00e9lit\u00e9 graphique. Acc\u00e9l\u00e9rez les performances visuelles avec NVIDIA DLSS 4, g\u00e9n\u00e9rez des images \u00e0 une vitesse in\u00e9dite et exprimez votre cr\u00e9ativit\u00e9 avec NVIDIA Studio. Les amateurs de PC portables gaming vivront une exp\u00e9rience exceptionnelle avec le MSI Crosshair 16.<\/p>\n<p data-start=\"522\" data-end=\"972\" data-is-last-node=\"\" data-is-only-node=\"\">Con\u00e7u pour prendre en charge les microservices NVIDIA NIM, ce PC portable MSI est optimis\u00e9 pour les mod\u00e8les d\u2019IA d\u00e9di\u00e9s au traitement du langage, \u00e0 la parole, \u00e0 la vision, \u00e0 la g\u00e9n\u00e9ration de contenu et bien plus encore. Gr\u00e2ce \u00e0 ces outils, les utilisateurs passionn\u00e9s et les d\u00e9veloppeurs pourront cr\u00e9er des assistants IA, d\u00e9velopper des plugins de productivit\u00e9 ou concevoir localement des workflows innovants de cr\u00e9ation de contenu sur des PC IA RTX.<\/p>\n<\/div>\n<div class=\"desc-image\"><img fetchpriority=\"high\" decoding=\"async\" class=\"alignnone\" src=\"https:\/\/media.ldlc.com\/bo\/images\/fiches\/pc_portables\/msi\/Vector_16_HX_AI_A2XW\/802.jpg\" alt=\"MSI Crosshair 16 HX AI D2XW \u2013 Ultra 9 275HX | RTX 5070 | QHD+ 240Hz\" width=\"800\" height=\"500\" \/><\/div>\n<\/section>\n<section>\n<div class=\"desc-image\"><img decoding=\"async\" class=\"alignnone\" src=\"https:\/\/media.ldlc.com\/bo\/images\/fiches\/pc_portables\/msi\/Vector_16_HX_AI_A2XW\/803.jpg\" alt=\"MSI Crosshair 16 HX AI D2XW \u2013 Ultra 9 275HX | RTX 5070 | QHD+ 240Hz\" width=\"800\" height=\"500\" \/><\/div>\n<div class=\"desc-text\">\n<div class=\"text-base my-auto mx-auto pb-10 [--thread-content-margin:--spacing(4)] @[37rem]:[--thread-content-margin:--spacing(6)] @[72rem]:[--thread-content-margin:--spacing(16)] px-(--thread-content-margin)\">\n<div class=\"[--thread-content-max-width:32rem] @[34rem]:[--thread-content-max-width:40rem] @[64rem]:[--thread-content-max-width:48rem] mx-auto max-w-(--thread-content-max-width) flex-1 group\/turn-messages focus-visible:outline-hidden relative flex w-full min-w-0 flex-col agent-turn\" tabindex=\"-1\">\n<div class=\"flex max-w-full flex-col grow\">\n<div class=\"min-h-8 text-message relative flex w-full flex-col items-end gap-2 text-start break-words whitespace-normal [.text-message+&amp;]:mt-5\" dir=\"auto\" data-message-author-role=\"assistant\" data-message-id=\"bf9f3149-b0b9-4ce7-99ea-a49f01928537\" data-message-model-slug=\"gpt-5\">\n<div class=\"flex w-full flex-col gap-1 empty:hidden first:pt-[3px]\">\n<div class=\"markdown prose dark:prose-invert w-full break-words dark markdown-new-styling\">\n<h2 data-start=\"0\" data-end=\"33\">Refroidissement haute performance<\/h2>\n<\/div>\n<\/div>\n<\/div>\n<\/div>\n<\/div>\n<\/div>\n<p>Con\u00e7ue pour assurer un refroidissement optimal, la technologie <strong>MSI Cooler Boost 5<\/strong> prend en charge \u00e0 la fois le processeur et la carte graphique. Gr\u00e2ce \u00e0 des ventilateurs plus grands et \u00e0 des caloducs plus \u00e9pais, elle garantit des performances maximales m\u00eame lors des sessions de jeu les plus intenses, un atout essentiel pour les utilisateurs du MSI Crosshair 16.<\/p>\n<\/div>\n<\/section>\n<section>\n<div class=\"desc-text\">\n<h2>Connecteurs Thunderbolt 5<\/h2>\n<p>Profitez d\u2019une solution de pointe pour le transfert de donn\u00e9es et la connectivit\u00e9. Avec Thunderbolt 5, b\u00e9n\u00e9ficiez d\u2019une bande passante pouvant atteindre 120 Gbit\/s gr\u00e2ce au Thunderbolt Bandwidth Boost, ainsi que de la possibilit\u00e9 de connecter davantage d\u2019\u00e9crans avec une r\u00e9solution et un taux de rafra\u00eechissement plus \u00e9lev\u00e9s que jamais.<\/p>\n<\/div>\n<div class=\"desc-image\"><img decoding=\"async\" class=\"alignnone\" src=\"https:\/\/media.ldlc.com\/bo\/images\/fiches\/pc_portables\/msi\/Vector_16_HX_AI_A2XW\/804.jpg\" alt=\"MSI Crosshair 16 HX AI D2XW \u2013 Ultra 9 275HX | RTX 5070 | QHD+ 240Hz\" width=\"800\" height=\"500\" \/><\/div>\n<\/section>\n<section>\n<div class=\"desc-image\"><img loading=\"lazy\" decoding=\"async\" class=\"alignnone\" src=\"https:\/\/media.ldlc.com\/bo\/images\/fiches\/pc_portables\/msi\/Vector_16_HX_AI_A2XW\/805.jpg\" alt=\"MSI Crosshair 16 HX AI D2XW \u2013 Ultra 9 275HX | RTX 5070 | QHD+ 240Hz\" width=\"800\" height=\"500\" \/><\/div>\n<div class=\"desc-text\">\n<h2>\u00c9cran QHD+ 16 pouces avec 240 Hz<\/h2>\n<div class=\"text-base my-auto mx-auto pb-10 [--thread-content-margin:--spacing(4)] @[37rem]:[--thread-content-margin:--spacing(6)] @[72rem]:[--thread-content-margin:--spacing(16)] px-(--thread-content-margin)\">\n<div class=\"[--thread-content-max-width:32rem] @[34rem]:[--thread-content-max-width:40rem] @[64rem]:[--thread-content-max-width:48rem] mx-auto max-w-(--thread-content-max-width) flex-1 group\/turn-messages focus-visible:outline-hidden relative flex w-full min-w-0 flex-col agent-turn\" tabindex=\"-1\">\n<div class=\"flex max-w-full flex-col grow\">\n<div class=\"min-h-8 text-message relative flex w-full flex-col items-end gap-2 text-start break-words whitespace-normal [.text-message+&amp;]:mt-5\" dir=\"auto\" data-message-author-role=\"assistant\" data-message-id=\"34c46fbb-62cc-434b-b912-7f3f600058d8\" data-message-model-slug=\"gpt-5-mini\">\n<div class=\"flex w-full flex-col gap-1 empty:hidden first:pt-[3px]\">\n<div class=\"markdown prose dark:prose-invert w-full break-words dark markdown-new-styling\">\n<p data-start=\"0\" data-end=\"354\" data-is-last-node=\"\" data-is-only-node=\"\">Les <strong>PC portables gaming MSI<\/strong> sont sp\u00e9cialement con\u00e7us pour r\u00e9pondre aux besoins des joueurs, notamment en mati\u00e8re de qualit\u00e9 d\u2019image. Ainsi, ce mod\u00e8le, y compris la variante <strong>MSI Crosshair 16<\/strong>, offre une haute r\u00e9solution et un taux de rafra\u00eechissement \u00e9lev\u00e9 pour vous immerger dans vos jeux, gr\u00e2ce \u00e0 une fluidit\u00e9 et une rapidit\u00e9 d\u2019affichage exceptionnelles.<\/p>\n<\/div>\n<\/div>\n<\/div>\n<\/div>\n<\/div>\n<\/div>\n<\/div>\n<\/section>\n<section class=\"list\">\n<article class=\"text-token-text-primary w-full focus:outline-none scroll-mt-[calc(var(--header-height)+min(200px,max(70px,20svh)))]\" dir=\"auto\" tabindex=\"-1\" data-turn-id=\"request-689f1b47-2ab4-8321-be67-901fd3111a05-12\" data-testid=\"conversation-turn-30\" data-scroll-anchor=\"true\" data-turn=\"assistant\">\n<div class=\"text-base my-auto mx-auto pb-10 [--thread-content-margin:--spacing(4)] @[37rem]:[--thread-content-margin:--spacing(6)] @[72rem]:[--thread-content-margin:--spacing(16)] px-(--thread-content-margin)\">\n<div class=\"[--thread-content-max-width:32rem] @[34rem]:[--thread-content-max-width:40rem] @[64rem]:[--thread-content-max-width:48rem] mx-auto max-w-(--thread-content-max-width) flex-1 group\/turn-messages focus-visible:outline-hidden relative flex w-full min-w-0 flex-col agent-turn\" tabindex=\"-1\">\n<div class=\"flex max-w-full flex-col grow\">\n<div class=\"min-h-8 text-message relative flex w-full flex-col items-end gap-2 text-start break-words whitespace-normal [.text-message+&amp;]:mt-5\" dir=\"auto\" data-message-author-role=\"assistant\" data-message-id=\"49082480-c034-4ae5-a6b6-2f1f07797a84\" data-message-model-slug=\"gpt-5-mini\">\n<div class=\"flex w-full flex-col gap-1 empty:hidden first:pt-[3px]\">\n<div class=\"markdown prose dark:prose-invert w-full break-words dark markdown-new-styling\">\n<h2 data-start=\"0\" data-end=\"32\">Caract\u00e9ristiques principales :<\/h2>\n<ul>\n<li data-start=\"35\" data-end=\"72\">Processeur Intel Core <strong>Ultra 9 275HX<\/strong><\/li>\n<li data-start=\"75\" data-end=\"113\">\u00c9cran <strong>16&#8243; QHD+<\/strong> avec fr\u00e9quence <strong>240 Hz<\/strong><\/li>\n<li data-start=\"116\" data-end=\"176\">Dalle <em>IPS<\/em> : couleurs \u00e9clatantes et grands angles de vision<\/li>\n<li data-start=\"179\" data-end=\"244\"><strong>32 Go<\/strong> de RAM <strong>DDR5<\/strong> (2&#215;16 Go \u2013 2 slots, extensible jusqu\u2019\u00e0 96 Go)<\/li>\n<li data-start=\"247\" data-end=\"322\">Carte graphique <strong>NVIDIA GeForce RTX 5070<\/strong> avec <strong>8 Go<\/strong> de m\u00e9moire d\u00e9di\u00e9e <strong>GDDR7<\/strong><\/li>\n<li data-start=\"325\" data-end=\"398\">SSD <strong>1 To<\/strong> <strong>M.2 PCIe 4.0<\/strong> x4 + 1 slot M.2 PCIe 5.0 libre pour un second SSD<\/li>\n<li data-start=\"401\" data-end=\"458\">2 ports Thunderbolt 5 (DisplayPort, Power Delivery 3.1)<\/li>\n<li data-start=\"461\" data-end=\"533\">Connexion sans fil fiable et performante avec Wi-Fi 7 et Bluetooth 5.4<\/li>\n<li data-start=\"536\" data-end=\"624\">Refroidissement haute performance \u00e0 double ventilateur avec technologie Cooler Boost 5<\/li>\n<li data-start=\"627\" data-end=\"685\">Clavier r\u00e9tro\u00e9clair\u00e9 avec 24 zones<strong> RGB<\/strong> et touche Copilot<\/li>\n<li data-start=\"688\" data-end=\"704\">Webcam HD 720p<\/li>\n<li data-start=\"707\" data-end=\"722\"><strong>Windows 11 Famille<\/strong><\/li>\n<li data-start=\"707\" data-end=\"722\"><strong>Neuf<\/strong> &#8211; Sans bo\u00eete<\/li>\n<\/ul>\n<\/div>\n<\/div>\n<\/div>\n<\/div>\n<div class=\"flex min-h-[46px] justify-start\"><\/div>\n<div class=\"mt-3 w-full empty:hidden\">\n<div class=\"text-center\"><\/div>\n<\/div>\n<\/div>\n<\/div>\n<\/article>\n<div class=\"pointer-events-none h-px w-px\" aria-hidden=\"true\" data-edge=\"true\"><\/div>\n<\/section>\n","protected":false},"excerpt":{"rendered":"<div class=\"flex max-w-full flex-col grow\">\n<div class=\"min-h-8 text-message relative flex w-full flex-col items-end gap-2 text-start break-words whitespace-normal [.text-message+&amp;]:mt-5\" dir=\"auto\" data-message-author-role=\"assistant\" data-message-id=\"49082480-c034-4ae5-a6b6-2f1f07797a84\" data-message-model-slug=\"gpt-5-mini\">\n<div class=\"flex w-full flex-col gap-1 empty:hidden first:pt-[3px]\">\n<div class=\"markdown prose dark:prose-invert w-full break-words dark markdown-new-styling\">\n<p data-start=\"0\" data-end=\"32\">Le <strong>MSI Crosshair<\/strong> est un PC portable gaming haut de gamme con\u00e7u pour offrir des performances exceptionnelles, une fluidit\u00e9 de jeu in\u00e9gal\u00e9e et une exp\u00e9rience immersive, que ce soit pour jouer, cr\u00e9er ou d\u00e9velopper vos projets.<\/p>\n<h4 data-start=\"0\" data-end=\"32\">Caract\u00e9ristiques principales :<\/h4>\n<ul>\n<li data-start=\"35\" data-end=\"72\">Processeur Intel Core <strong>Ultra 9 275HX<\/strong><\/li>\n<li data-start=\"75\" data-end=\"113\">\u00c9cran <strong>16&#8243; QHD+<\/strong> avec fr\u00e9quence <strong>240 Hz<\/strong><\/li>\n<li data-start=\"179\" data-end=\"244\"><strong>32 Go<\/strong> de RAM <strong>DDR5<\/strong><\/li>\n<li data-start=\"325\" data-end=\"398\">SD <strong>1 To<\/strong> <strong>M.2 PCIe 4.0<\/strong><\/li>\n<li data-start=\"247\" data-end=\"322\">Carte graphique <strong>NVIDIA GeForce RTX 5070<\/strong> avec <strong>8 Go<\/strong>\u00a0<strong>GDDR7<\/strong><\/li>\n<li data-start=\"627\" data-end=\"685\">Clavier r\u00e9tro\u00e9clair\u00e9<strong> RGB<\/strong><\/li>\n<li data-start=\"707\" data-end=\"722\"><strong>Windows 11 Famille<\/strong><\/li>\n<li data-start=\"707\" data-end=\"722\"><strong>Neuf<\/strong> &#8211; Sans bo\u00eete<\/li>\n<\/ul>\n<\/div>\n<\/div>\n<\/div>\n<\/div>\n<div class=\"flex min-h-[46px] justify-start\"><\/div>\n","protected":false},"featured_media":5508,"template":"","meta":{"_acf_changed":false},"pwb-brand":[],"product_brand":[],"product_cat":[16],"product_tag":[],"pcb_component_type":[],"class_list":{"0":"post-1022314","1":"product","2":"type-product","3":"status-publish","4":"has-post-thumbnail","6":"product_cat-uncategorized","8":"first","9":"outofstock","10":"shipping-taxable","11":"product-type-simple"},"translation":{"provider":"WPGlobus","version":"3.0.2","language":"fr","enabled_languages":["en","es","de","fr","ru"],"languages":{"en":{"title":true,"content":true,"excerpt":true},"es":{"title":false,"content":false,"excerpt":false},"de":{"title":false,"content":false,"excerpt":false},"fr":{"title":false,"content":false,"excerpt":false},"ru":{"title":false,"content":false,"excerpt":false}}},"acf":[],"yoast_head":"<!-- This site is optimized with the Yoast SEO plugin v27.2 - https:\/\/yoast.com\/product\/yoast-seo-wordpress\/ -->\n<title>MSI Crosshair 16HX AI ULTRA 9 RTX 5070 8GB performant<\/title>\n<meta name=\"robots\" content=\"index, follow, max-snippet:-1, max-image-preview:large, max-video-preview:-1\" \/>\n<link rel=\"canonical\" href=\"https:\/\/osaka.ma\/product\/msi-crosshair-16-hx-ai-d2xw-ultra-9-275hx-rtx-5070-8gb-32gb-1tb-qhd-240hz-neuf\/\" \/>\n<meta property=\"og:locale\" content=\"fr_FR\" \/>\n<meta property=\"og:type\" content=\"article\" \/>\n<meta property=\"og:title\" content=\"MSI Crosshair 16 HX AI D2XW \u2013 Ultra 9 275HX | RTX 5070 8GB | 32GB | 1TB | QHD+ 240Hz | Neuf - Osaka\" \/>\n<meta property=\"og:url\" content=\"https:\/\/osaka.ma\/product\/msi-crosshair-16-hx-ai-d2xw-ultra-9-275hx-rtx-5070-8gb-32gb-1tb-qhd-240hz-neuf\/\" \/>\n<meta property=\"og:site_name\" content=\"Osaka\" \/>\n<meta property=\"article:modified_time\" content=\"2026-04-01T00:06:39+00:00\" \/>\n<meta property=\"og:image\" content=\"https:\/\/osaka.ma\/wp-content\/uploads\/2026\/01\/MSI-Crosshair-16-HX-AI-D2XW-\u2013-Ultra-9-275HX-\u2013-RTX-5070-\u2013-QHD-240Hz.png\" \/>\n\t<meta property=\"og:image:width\" content=\"600\" \/>\n\t<meta property=\"og:image:height\" content=\"480\" \/>\n\t<meta property=\"og:image:type\" content=\"image\/png\" \/>\n<meta name=\"twitter:card\" content=\"summary_large_image\" \/>\n<meta name=\"twitter:label1\" content=\"Dur\u00e9e de lecture estim\u00e9e\" \/>\n\t<meta name=\"twitter:data1\" content=\"6 minutes\" \/>\n<script type=\"application\/ld+json\" class=\"yoast-schema-graph\">{\"@context\":\"https:\/\/schema.org\",\"@graph\":[{\"@type\":\"WebPage\",\"@id\":\"https:\/\/osaka.ma\/product\/msi-crosshair-16-hx-ai-d2xw-ultra-9-275hx-rtx-5070-8gb-32gb-1tb-qhd-240hz-neuf\/\",\"url\":\"https:\/\/osaka.ma\/product\/msi-crosshair-16-hx-ai-d2xw-ultra-9-275hx-rtx-5070-8gb-32gb-1tb-qhd-240hz-neuf\/\",\"name\":\"MSI Crosshair 16HX AI ULTRA 9 RTX 5070 8GB performant\",\"isPartOf\":{\"@id\":\"https:\/\/osaka.ma\/#website\"},\"primaryImageOfPage\":{\"@id\":\"https:\/\/osaka.ma\/product\/msi-crosshair-16-hx-ai-d2xw-ultra-9-275hx-rtx-5070-8gb-32gb-1tb-qhd-240hz-neuf\/#primaryimage\"},\"image\":{\"@id\":\"https:\/\/osaka.ma\/product\/msi-crosshair-16-hx-ai-d2xw-ultra-9-275hx-rtx-5070-8gb-32gb-1tb-qhd-240hz-neuf\/#primaryimage\"},\"thumbnailUrl\":\"https:\/\/osaka.ma\/wp-content\/uploads\/2026\/01\/MSI-Crosshair-16-HX-AI-D2XW-\u2013-Ultra-9-275HX-\u2013-RTX-5070-\u2013-QHD-240Hz.png\",\"datePublished\":\"2026-03-30T15:26:32+00:00\",\"dateModified\":\"2026-04-01T00:06:39+00:00\",\"description\":\"D\u00e9couvrez la puissance de l'ordinateur portable MSI Crosshair 16 HX AI D2XW \u2013 Ultra 9 275HX | RTX 5070 8GB | 32GB | 1TB | QHD+ 240Hz | Neuf | Maroc | id\u00e9al pour les jeux et les professionnels STEM.\",\"breadcrumb\":{\"@id\":\"https:\/\/osaka.ma\/product\/msi-crosshair-16-hx-ai-d2xw-ultra-9-275hx-rtx-5070-8gb-32gb-1tb-qhd-240hz-neuf\/#breadcrumb\"},\"inLanguage\":\"fr-FR\",\"potentialAction\":[{\"@type\":\"ReadAction\",\"target\":[\"https:\/\/osaka.ma\/product\/msi-crosshair-16-hx-ai-d2xw-ultra-9-275hx-rtx-5070-8gb-32gb-1tb-qhd-240hz-neuf\/\"]}]},{\"@type\":\"ImageObject\",\"inLanguage\":\"fr-FR\",\"@id\":\"https:\/\/osaka.ma\/product\/msi-crosshair-16-hx-ai-d2xw-ultra-9-275hx-rtx-5070-8gb-32gb-1tb-qhd-240hz-neuf\/#primaryimage\",\"url\":\"https:\/\/osaka.ma\/wp-content\/uploads\/2026\/01\/MSI-Crosshair-16-HX-AI-D2XW-\u2013-Ultra-9-275HX-\u2013-RTX-5070-\u2013-QHD-240Hz.png\",\"contentUrl\":\"https:\/\/osaka.ma\/wp-content\/uploads\/2026\/01\/MSI-Crosshair-16-HX-AI-D2XW-\u2013-Ultra-9-275HX-\u2013-RTX-5070-\u2013-QHD-240Hz.png\",\"width\":600,\"height\":480},{\"@type\":\"BreadcrumbList\",\"@id\":\"https:\/\/osaka.ma\/product\/msi-crosshair-16-hx-ai-d2xw-ultra-9-275hx-rtx-5070-8gb-32gb-1tb-qhd-240hz-neuf\/#breadcrumb\",\"itemListElement\":[{\"@type\":\"ListItem\",\"position\":1,\"name\":\"Home\",\"item\":\"https:\/\/osaka.ma\/\"},{\"@type\":\"ListItem\",\"position\":2,\"name\":\"Shop\",\"item\":\"https:\/\/osaka.ma\/shop-2\/\"},{\"@type\":\"ListItem\",\"position\":3,\"name\":\"MSI Crosshair 16 HX AI D2XW \u2013 Ultra 9 275HX | RTX 5070 8GB | 32GB | 1TB | QHD+ 240Hz | Neuf\"}]},{\"@type\":\"WebSite\",\"@id\":\"https:\/\/osaka.ma\/#website\",\"url\":\"https:\/\/osaka.ma\/\",\"name\":\"Osaka\",\"description\":\"\",\"publisher\":{\"@id\":\"https:\/\/osaka.ma\/#organization\"},\"potentialAction\":[{\"@type\":\"SearchAction\",\"target\":{\"@type\":\"EntryPoint\",\"urlTemplate\":\"https:\/\/osaka.ma\/?s={search_term_string}\"},\"query-input\":{\"@type\":\"PropertyValueSpecification\",\"valueRequired\":true,\"valueName\":\"search_term_string\"}}],\"inLanguage\":\"fr-FR\"},{\"@type\":\"Organization\",\"@id\":\"https:\/\/osaka.ma\/#organization\",\"name\":\"Osaka\",\"url\":\"https:\/\/osaka.ma\/\",\"logo\":{\"@type\":\"ImageObject\",\"inLanguage\":\"fr-FR\",\"@id\":\"https:\/\/osaka.ma\/#\/schema\/logo\/image\/\",\"url\":\"https:\/\/osaka.ma\/wp-content\/uploads\/2026\/01\/model-slogan-logo-2Plan-de-travail-1dksl-plus-finnn.png\",\"contentUrl\":\"https:\/\/osaka.ma\/wp-content\/uploads\/2026\/01\/model-slogan-logo-2Plan-de-travail-1dksl-plus-finnn.png\",\"width\":842,\"height\":226,\"caption\":\"Osaka\"},\"image\":{\"@id\":\"https:\/\/osaka.ma\/#\/schema\/logo\/image\/\"}}]}<\/script>\n<!-- \/ Yoast SEO plugin. -->","yoast_head_json":{"title":"MSI Crosshair 16HX AI ULTRA 9 RTX 5070 8GB performant","robots":{"index":"index","follow":"follow","max-snippet":"max-snippet:-1","max-image-preview":"max-image-preview:large","max-video-preview":"max-video-preview:-1"},"canonical":"https:\/\/osaka.ma\/product\/msi-crosshair-16-hx-ai-d2xw-ultra-9-275hx-rtx-5070-8gb-32gb-1tb-qhd-240hz-neuf\/","og_locale":"fr_FR","og_type":"article","og_title":"MSI Crosshair 16 HX AI D2XW \u2013 Ultra 9 275HX | RTX 5070 8GB | 32GB | 1TB | QHD+ 240Hz | Neuf - Osaka","og_url":"https:\/\/osaka.ma\/product\/msi-crosshair-16-hx-ai-d2xw-ultra-9-275hx-rtx-5070-8gb-32gb-1tb-qhd-240hz-neuf\/","og_site_name":"Osaka","article_modified_time":"2026-04-01T00:06:39+00:00","og_image":[{"width":600,"height":480,"url":"https:\/\/osaka.ma\/wp-content\/uploads\/2026\/01\/MSI-Crosshair-16-HX-AI-D2XW-\u2013-Ultra-9-275HX-\u2013-RTX-5070-\u2013-QHD-240Hz.png","type":"image\/png"}],"twitter_card":"summary_large_image","twitter_misc":{"Dur\u00e9e de lecture estim\u00e9e":"6 minutes"},"schema":{"@context":"https:\/\/schema.org","@graph":[{"@type":"WebPage","@id":"https:\/\/osaka.ma\/product\/msi-crosshair-16-hx-ai-d2xw-ultra-9-275hx-rtx-5070-8gb-32gb-1tb-qhd-240hz-neuf\/","url":"https:\/\/osaka.ma\/product\/msi-crosshair-16-hx-ai-d2xw-ultra-9-275hx-rtx-5070-8gb-32gb-1tb-qhd-240hz-neuf\/","name":"MSI Crosshair 16HX AI ULTRA 9 RTX 5070 8GB performant","isPartOf":{"@id":"https:\/\/osaka.ma\/#website"},"primaryImageOfPage":{"@id":"https:\/\/osaka.ma\/product\/msi-crosshair-16-hx-ai-d2xw-ultra-9-275hx-rtx-5070-8gb-32gb-1tb-qhd-240hz-neuf\/#primaryimage"},"image":{"@id":"https:\/\/osaka.ma\/product\/msi-crosshair-16-hx-ai-d2xw-ultra-9-275hx-rtx-5070-8gb-32gb-1tb-qhd-240hz-neuf\/#primaryimage"},"thumbnailUrl":"https:\/\/osaka.ma\/wp-content\/uploads\/2026\/01\/MSI-Crosshair-16-HX-AI-D2XW-\u2013-Ultra-9-275HX-\u2013-RTX-5070-\u2013-QHD-240Hz.png","datePublished":"2026-03-30T15:26:32+00:00","dateModified":"2026-04-01T00:06:39+00:00","description":"D\u00e9couvrez la puissance de l'ordinateur portable MSI Crosshair 16 HX AI D2XW \u2013 Ultra 9 275HX | RTX 5070 8GB | 32GB | 1TB | QHD+ 240Hz | Neuf | Maroc | id\u00e9al pour les jeux et les professionnels STEM.","breadcrumb":{"@id":"https:\/\/osaka.ma\/product\/msi-crosshair-16-hx-ai-d2xw-ultra-9-275hx-rtx-5070-8gb-32gb-1tb-qhd-240hz-neuf\/#breadcrumb"},"inLanguage":"fr-FR","potentialAction":[{"@type":"ReadAction","target":["https:\/\/osaka.ma\/product\/msi-crosshair-16-hx-ai-d2xw-ultra-9-275hx-rtx-5070-8gb-32gb-1tb-qhd-240hz-neuf\/"]}]},{"@type":"ImageObject","inLanguage":"fr-FR","@id":"https:\/\/osaka.ma\/product\/msi-crosshair-16-hx-ai-d2xw-ultra-9-275hx-rtx-5070-8gb-32gb-1tb-qhd-240hz-neuf\/#primaryimage","url":"https:\/\/osaka.ma\/wp-content\/uploads\/2026\/01\/MSI-Crosshair-16-HX-AI-D2XW-\u2013-Ultra-9-275HX-\u2013-RTX-5070-\u2013-QHD-240Hz.png","contentUrl":"https:\/\/osaka.ma\/wp-content\/uploads\/2026\/01\/MSI-Crosshair-16-HX-AI-D2XW-\u2013-Ultra-9-275HX-\u2013-RTX-5070-\u2013-QHD-240Hz.png","width":600,"height":480},{"@type":"BreadcrumbList","@id":"https:\/\/osaka.ma\/product\/msi-crosshair-16-hx-ai-d2xw-ultra-9-275hx-rtx-5070-8gb-32gb-1tb-qhd-240hz-neuf\/#breadcrumb","itemListElement":[{"@type":"ListItem","position":1,"name":"Home","item":"https:\/\/osaka.ma\/"},{"@type":"ListItem","position":2,"name":"Shop","item":"https:\/\/osaka.ma\/shop-2\/"},{"@type":"ListItem","position":3,"name":"MSI Crosshair 16 HX AI D2XW \u2013 Ultra 9 275HX | RTX 5070 8GB | 32GB | 1TB | QHD+ 240Hz | Neuf"}]},{"@type":"WebSite","@id":"https:\/\/osaka.ma\/#website","url":"https:\/\/osaka.ma\/","name":"Osaka","description":"","publisher":{"@id":"https:\/\/osaka.ma\/#organization"},"potentialAction":[{"@type":"SearchAction","target":{"@type":"EntryPoint","urlTemplate":"https:\/\/osaka.ma\/?s={search_term_string}"},"query-input":{"@type":"PropertyValueSpecification","valueRequired":true,"valueName":"search_term_string"}}],"inLanguage":"fr-FR"},{"@type":"Organization","@id":"https:\/\/osaka.ma\/#organization","name":"Osaka","url":"https:\/\/osaka.ma\/","logo":{"@type":"ImageObject","inLanguage":"fr-FR","@id":"https:\/\/osaka.ma\/#\/schema\/logo\/image\/","url":"https:\/\/osaka.ma\/wp-content\/uploads\/2026\/01\/model-slogan-logo-2Plan-de-travail-1dksl-plus-finnn.png","contentUrl":"https:\/\/osaka.ma\/wp-content\/uploads\/2026\/01\/model-slogan-logo-2Plan-de-travail-1dksl-plus-finnn.png","width":842,"height":226,"caption":"Osaka"},"image":{"@id":"https:\/\/osaka.ma\/#\/schema\/logo\/image\/"}}]}},"jetpack_sharing_enabled":true,"brands":[],"_links":{"self":[{"href":"https:\/\/osaka.ma\/fr\/wp-json\/wp\/v2\/product\/1022314","targetHints":{"allow":["GET"]}}],"collection":[{"href":"https:\/\/osaka.ma\/fr\/wp-json\/wp\/v2\/product"}],"about":[{"href":"https:\/\/osaka.ma\/fr\/wp-json\/wp\/v2\/types\/product"}],"version-history":[{"count":1,"href":"https:\/\/osaka.ma\/fr\/wp-json\/wp\/v2\/product\/1022314\/revisions"}],"predecessor-version":[{"id":1022441,"href":"https:\/\/osaka.ma\/fr\/wp-json\/wp\/v2\/product\/1022314\/revisions\/1022441"}],"wp:featuredmedia":[{"embeddable":true,"href":"https:\/\/osaka.ma\/fr\/wp-json\/wp\/v2\/media\/5508"}],"wp:attachment":[{"href":"https:\/\/osaka.ma\/fr\/wp-json\/wp\/v2\/media?parent=1022314"}],"wp:term":[{"taxonomy":"pwb-brand","embeddable":true,"href":"https:\/\/osaka.ma\/fr\/wp-json\/wp\/v2\/pwb-brand?post=1022314"},{"taxonomy":"product_brand","embeddable":true,"href":"https:\/\/osaka.ma\/fr\/wp-json\/wp\/v2\/product_brand?post=1022314"},{"taxonomy":"product_cat","embeddable":true,"href":"https:\/\/osaka.ma\/fr\/wp-json\/wp\/v2\/product_cat?post=1022314"},{"taxonomy":"product_tag","embeddable":true,"href":"https:\/\/osaka.ma\/fr\/wp-json\/wp\/v2\/product_tag?post=1022314"},{"taxonomy":"pcb_component_type","embeddable":true,"href":"https:\/\/osaka.ma\/fr\/wp-json\/wp\/v2\/pcb_component_type?post=1022314"}],"curies":[{"name":"wp","href":"https:\/\/api.w.org\/{rel}","templated":true}]}}