{"id":1022741,"date":"2026-04-04T14:59:00","date_gmt":"2026-04-04T13:59:00","guid":{"rendered":"https:\/\/osaka.ma\/?post_type=product&#038;p=1022741"},"modified":"2026-04-12T22:26:40","modified_gmt":"2026-04-12T21:26:40","slug":"corsair-rs-rgb-16gb-3200mhz-cl16-ram-ddr4-rgb","status":"publish","type":"product","link":"https:\/\/osaka.ma\/fr\/product\/corsair-rs-rgb-16gb-3200mhz-cl16-ram-ddr4-rgb\/","title":{"rendered":"CORSAIR RS RGB 16GB 3200MHz CL16 \u2013 RAM DDR4 RGB"},"content":{"rendered":"<p data-start=\"1360\" data-end=\"1612\"><img decoding=\"async\" class=\"aligncenter\" src=\"https:\/\/media.ldlc.com\/v3\/marque\/bo\/00\/05\/72\/97\/V30005729722_2.jpg\" alt=\"Corsair\" \/><\/p>\n<p data-start=\"1360\" data-end=\"1612\">La CORSAIR RS RGB 16GB 3200MHz CL16 offre une combinaison id\u00e9ale de performance, stabilit\u00e9 et esth\u00e9tique lumineuse. De plus, ce kit am\u00e9liore efficacement la r\u00e9activit\u00e9 g\u00e9n\u00e9rale du syst\u00e8me, ce qui reste essentiel pour les configurations gaming modernes.<\/p>\n<p data-start=\"1614\" data-end=\"1904\">Avec <strong data-start=\"1619\" data-end=\"1643\">16GB en dual-channel<\/strong>, le multit\u00e2che devient plus fluide, notamment dans les logiciels lourds et les jeux r\u00e9cents. Ensuite, la fr\u00e9quence <strong data-start=\"1759\" data-end=\"1770\">3200MHz<\/strong> et la latence <strong data-start=\"1785\" data-end=\"1793\">CL16<\/strong> garantissent une ex\u00e9cution rapide, ce qui convient parfaitement aux cr\u00e9ateurs, streamers et joueurs exigeants.<\/p>\n<p data-start=\"1614\" data-end=\"1904\"><img decoding=\"async\" src=\"https:\/\/media.ldlc.com\/bo\/images\/fiches\/RAM\/Corsair\/corsair_vengeance_rgb_rs.jpg\" \/><\/p>\n<p data-start=\"1906\" data-end=\"2205\">L\u2019\u00e9clairage <strong data-start=\"1918\" data-end=\"1936\">RGB adressable<\/strong> apporte une forte pr\u00e9sence visuelle. Par ailleurs, la compatibilit\u00e9 \u00e9tendue avec les cartes m\u00e8res Intel et AMD permet une synchronisation coh\u00e9rente dans la majorit\u00e9 des setups RGB. Ainsi, cette m\u00e9moire s\u2019int\u00e8gre facilement dans un environnement lumineux d\u00e9j\u00e0 existant.<\/p>\n<p data-start=\"2207\" data-end=\"2445\">Le dissipateur en aluminium noir am\u00e9liore la gestion thermique. Il garde les modules stables, m\u00eame lors d\u2019une utilisation prolong\u00e9e. Toutefois, son profil reste compact, ce qui facilite l\u2019installation \u00e0 proximit\u00e9 des ventirads volumineux.<\/p>\n<p data-start=\"2447\" data-end=\"2732\">En performance r\u00e9elle, ce kit surpasse les modules DDR4 plus lents, ce qui r\u00e9duit les temps de chargement et am\u00e9liore la fluidit\u00e9 globale. Ensuite, compar\u00e9e \u00e0 de la DDR4 2666MHz, la diff\u00e9rence devient imm\u00e9diatement perceptible dans les jeux comp\u00e9titifs et les applications multim\u00e9dias.<\/p>\n<p data-start=\"2734\" data-end=\"2970\">Finalement, la CORSAIR RS RGB CL16 repr\u00e9sente une excellente mise \u00e0 niveau pour les utilisateurs souhaitant une m\u00e9moire rapide, fiable et visuellement attrayante. Elle reste adapt\u00e9e aux PC gamers, cr\u00e9ateurs de contenu et professionnels.<\/p>\n","protected":false},"excerpt":{"rendered":"<p data-start=\"867\" data-end=\"1023\">La CORSAIR RS RGB 16GB 3200MHz CL16 am\u00e9liore la fluidit\u00e9 du syst\u00e8me, tout en offrant un \u00e9clairage RGB \u00e9l\u00e9gant compatible avec la majorit\u00e9 des setups gaming.<\/p>\n<hr data-start=\"1025\" data-end=\"1028\" \/>\n<h3 data-start=\"1030\" data-end=\"1065\"><strong data-start=\"1032\" data-end=\"1063\">Caract\u00e9ristiques Techniques<\/strong><\/h3>\n<p data-start=\"1066\" data-end=\"1282\">Capacit\u00e9 : 16GB DDR4<br data-start=\"1095\" data-end=\"1098\" \/>Fr\u00e9quence : 3200MHz<br data-start=\"1117\" data-end=\"1120\" \/>Latence : CL16<br data-start=\"1134\" data-end=\"1137\" \/>Profil : XMP 2.0<br data-start=\"1153\" data-end=\"1156\" \/>RGB : Adressable, synchronisation multi-marques<br data-start=\"1203\" data-end=\"1206\" \/>Dissipateur : Aluminium noir<br data-start=\"1234\" data-end=\"1237\" \/>Compatibilit\u00e9 : Intel &amp; AMD DDR4<br data-start=\"1269\" data-end=\"1272\" \/>\u00c9tat : NEW<\/p>\n","protected":false},"featured_media":1019429,"template":"","meta":{"_acf_changed":false},"pwb-brand":[],"product_brand":[78],"product_cat":[17,19,18],"product_tag":[],"pcb_component_type":[],"class_list":{"0":"post-1022741","1":"product","2":"type-product","3":"status-publish","4":"has-post-thumbnail","6":"product_brand-corsair","7":"product_cat-composants-gaming","8":"product_cat-ddr4","9":"product_cat-ram","11":"first","12":"instock","13":"sale","14":"shipping-taxable","15":"purchasable","16":"product-type-simple"},"translation":{"provider":"WPGlobus","version":"3.0.2","language":"fr","enabled_languages":["en","es","de","fr","ru"],"languages":{"en":{"title":true,"content":true,"excerpt":true},"es":{"title":false,"content":false,"excerpt":false},"de":{"title":false,"content":false,"excerpt":false},"fr":{"title":false,"content":false,"excerpt":false},"ru":{"title":false,"content":false,"excerpt":false}}},"acf":[],"yoast_head":"<!-- This site is optimized with the Yoast SEO plugin v27.2 - https:\/\/yoast.com\/product\/yoast-seo-wordpress\/ -->\n<title>Corsair RS RGB 32GB 3200MHz CL16 \u2013 RAM DDR4 Gaming - Osaka<\/title>\n<meta name=\"robots\" content=\"index, follow, max-snippet:-1, max-image-preview:large, max-video-preview:-1\" \/>\n<link rel=\"canonical\" href=\"https:\/\/osaka.ma\/product\/corsair-rs-rgb-16gb-3200mhz-cl16-ram-ddr4-rgb\/\" \/>\n<meta property=\"og:locale\" content=\"fr_FR\" \/>\n<meta property=\"og:type\" content=\"article\" \/>\n<meta property=\"og:title\" content=\"CORSAIR RS RGB 16GB 3200MHz CL16 \u2013 RAM DDR4 RGB - Osaka\" \/>\n<meta property=\"og:url\" content=\"https:\/\/osaka.ma\/product\/corsair-rs-rgb-16gb-3200mhz-cl16-ram-ddr4-rgb\/\" \/>\n<meta property=\"og:site_name\" content=\"Osaka\" \/>\n<meta property=\"article:modified_time\" content=\"2026-04-12T21:26:40+00:00\" \/>\n<meta property=\"og:image\" content=\"https:\/\/osaka.ma\/wp-content\/uploads\/2025\/11\/Corsair-RS-RGB-32GB-3200MHz-CL16-\u2013-RAM-DDR4-Gaming-Prix-Maroc.jpg\" \/>\n\t<meta property=\"og:image:width\" content=\"1600\" \/>\n\t<meta property=\"og:image:height\" content=\"1600\" \/>\n\t<meta property=\"og:image:type\" content=\"image\/jpeg\" \/>\n<meta name=\"twitter:card\" content=\"summary_large_image\" \/>\n<meta name=\"twitter:label1\" content=\"Dur\u00e9e de lecture estim\u00e9e\" \/>\n\t<meta name=\"twitter:data1\" content=\"2 minutes\" \/>\n<script type=\"application\/ld+json\" class=\"yoast-schema-graph\">{\"@context\":\"https:\/\/schema.org\",\"@graph\":[{\"@type\":\"WebPage\",\"@id\":\"https:\/\/osaka.ma\/product\/corsair-rs-rgb-16gb-3200mhz-cl16-ram-ddr4-rgb\/\",\"url\":\"https:\/\/osaka.ma\/product\/corsair-rs-rgb-16gb-3200mhz-cl16-ram-ddr4-rgb\/\",\"name\":\"Corsair RS RGB 32GB 3200MHz CL16 \u2013 RAM DDR4 Gaming - Osaka\",\"isPartOf\":{\"@id\":\"https:\/\/osaka.ma\/#website\"},\"primaryImageOfPage\":{\"@id\":\"https:\/\/osaka.ma\/product\/corsair-rs-rgb-16gb-3200mhz-cl16-ram-ddr4-rgb\/#primaryimage\"},\"image\":{\"@id\":\"https:\/\/osaka.ma\/product\/corsair-rs-rgb-16gb-3200mhz-cl16-ram-ddr4-rgb\/#primaryimage\"},\"thumbnailUrl\":\"https:\/\/osaka.ma\/wp-content\/uploads\/2025\/11\/Corsair-RS-RGB-32GB-3200MHz-CL16-\u2013-RAM-DDR4-Gaming-Prix-Maroc.jpg\",\"datePublished\":\"2026-04-04T13:59:00+00:00\",\"dateModified\":\"2026-04-12T21:26:40+00:00\",\"description\":\"Am\u00e9liorez votre exp\u00e9rience de jeu avec le Corsair RS RGB 32GB 3200MHz CL16 \u2013 RAM DDR4 Gaming Prix Maroc. Optimisez votre performance d\u00e8s aujourd'hui !\",\"breadcrumb\":{\"@id\":\"https:\/\/osaka.ma\/product\/corsair-rs-rgb-16gb-3200mhz-cl16-ram-ddr4-rgb\/#breadcrumb\"},\"inLanguage\":\"fr-FR\",\"potentialAction\":[{\"@type\":\"ReadAction\",\"target\":[\"https:\/\/osaka.ma\/product\/corsair-rs-rgb-16gb-3200mhz-cl16-ram-ddr4-rgb\/\"]}]},{\"@type\":\"ImageObject\",\"inLanguage\":\"fr-FR\",\"@id\":\"https:\/\/osaka.ma\/product\/corsair-rs-rgb-16gb-3200mhz-cl16-ram-ddr4-rgb\/#primaryimage\",\"url\":\"https:\/\/osaka.ma\/wp-content\/uploads\/2025\/11\/Corsair-RS-RGB-32GB-3200MHz-CL16-\u2013-RAM-DDR4-Gaming-Prix-Maroc.jpg\",\"contentUrl\":\"https:\/\/osaka.ma\/wp-content\/uploads\/2025\/11\/Corsair-RS-RGB-32GB-3200MHz-CL16-\u2013-RAM-DDR4-Gaming-Prix-Maroc.jpg\",\"width\":1600,\"height\":1600,\"caption\":\"Corsair RS RGB 32GB 3200MHz CL16 \u2013 RAM DDR4 Gaming Prix Maroc\"},{\"@type\":\"BreadcrumbList\",\"@id\":\"https:\/\/osaka.ma\/product\/corsair-rs-rgb-16gb-3200mhz-cl16-ram-ddr4-rgb\/#breadcrumb\",\"itemListElement\":[{\"@type\":\"ListItem\",\"position\":1,\"name\":\"Home\",\"item\":\"https:\/\/osaka.ma\/\"},{\"@type\":\"ListItem\",\"position\":2,\"name\":\"Shop\",\"item\":\"https:\/\/osaka.ma\/shop-2\/\"},{\"@type\":\"ListItem\",\"position\":3,\"name\":\"CORSAIR RS RGB 16GB 3200MHz CL16 \u2013 RAM DDR4 RGB\"}]},{\"@type\":\"WebSite\",\"@id\":\"https:\/\/osaka.ma\/#website\",\"url\":\"https:\/\/osaka.ma\/\",\"name\":\"Osaka\",\"description\":\"\",\"publisher\":{\"@id\":\"https:\/\/osaka.ma\/#organization\"},\"potentialAction\":[{\"@type\":\"SearchAction\",\"target\":{\"@type\":\"EntryPoint\",\"urlTemplate\":\"https:\/\/osaka.ma\/?s={search_term_string}\"},\"query-input\":{\"@type\":\"PropertyValueSpecification\",\"valueRequired\":true,\"valueName\":\"search_term_string\"}}],\"inLanguage\":\"fr-FR\"},{\"@type\":\"Organization\",\"@id\":\"https:\/\/osaka.ma\/#organization\",\"name\":\"Osaka\",\"url\":\"https:\/\/osaka.ma\/\",\"logo\":{\"@type\":\"ImageObject\",\"inLanguage\":\"fr-FR\",\"@id\":\"https:\/\/osaka.ma\/#\/schema\/logo\/image\/\",\"url\":\"https:\/\/osaka.ma\/wp-content\/uploads\/2026\/01\/model-slogan-logo-2Plan-de-travail-1dksl-plus-finnn.png\",\"contentUrl\":\"https:\/\/osaka.ma\/wp-content\/uploads\/2026\/01\/model-slogan-logo-2Plan-de-travail-1dksl-plus-finnn.png\",\"width\":842,\"height\":226,\"caption\":\"Osaka\"},\"image\":{\"@id\":\"https:\/\/osaka.ma\/#\/schema\/logo\/image\/\"}}]}<\/script>\n<!-- \/ Yoast SEO plugin. -->","yoast_head_json":{"title":"Corsair RS RGB 32GB 3200MHz CL16 \u2013 RAM DDR4 Gaming - Osaka","robots":{"index":"index","follow":"follow","max-snippet":"max-snippet:-1","max-image-preview":"max-image-preview:large","max-video-preview":"max-video-preview:-1"},"canonical":"https:\/\/osaka.ma\/product\/corsair-rs-rgb-16gb-3200mhz-cl16-ram-ddr4-rgb\/","og_locale":"fr_FR","og_type":"article","og_title":"CORSAIR RS RGB 16GB 3200MHz CL16 \u2013 RAM DDR4 RGB - Osaka","og_url":"https:\/\/osaka.ma\/product\/corsair-rs-rgb-16gb-3200mhz-cl16-ram-ddr4-rgb\/","og_site_name":"Osaka","article_modified_time":"2026-04-12T21:26:40+00:00","og_image":[{"width":1600,"height":1600,"url":"https:\/\/osaka.ma\/wp-content\/uploads\/2025\/11\/Corsair-RS-RGB-32GB-3200MHz-CL16-\u2013-RAM-DDR4-Gaming-Prix-Maroc.jpg","type":"image\/jpeg"}],"twitter_card":"summary_large_image","twitter_misc":{"Dur\u00e9e de lecture estim\u00e9e":"2 minutes"},"schema":{"@context":"https:\/\/schema.org","@graph":[{"@type":"WebPage","@id":"https:\/\/osaka.ma\/product\/corsair-rs-rgb-16gb-3200mhz-cl16-ram-ddr4-rgb\/","url":"https:\/\/osaka.ma\/product\/corsair-rs-rgb-16gb-3200mhz-cl16-ram-ddr4-rgb\/","name":"Corsair RS RGB 32GB 3200MHz CL16 \u2013 RAM DDR4 Gaming - Osaka","isPartOf":{"@id":"https:\/\/osaka.ma\/#website"},"primaryImageOfPage":{"@id":"https:\/\/osaka.ma\/product\/corsair-rs-rgb-16gb-3200mhz-cl16-ram-ddr4-rgb\/#primaryimage"},"image":{"@id":"https:\/\/osaka.ma\/product\/corsair-rs-rgb-16gb-3200mhz-cl16-ram-ddr4-rgb\/#primaryimage"},"thumbnailUrl":"https:\/\/osaka.ma\/wp-content\/uploads\/2025\/11\/Corsair-RS-RGB-32GB-3200MHz-CL16-\u2013-RAM-DDR4-Gaming-Prix-Maroc.jpg","datePublished":"2026-04-04T13:59:00+00:00","dateModified":"2026-04-12T21:26:40+00:00","description":"Am\u00e9liorez votre exp\u00e9rience de jeu avec le Corsair RS RGB 32GB 3200MHz CL16 \u2013 RAM DDR4 Gaming Prix Maroc. Optimisez votre performance d\u00e8s aujourd'hui !","breadcrumb":{"@id":"https:\/\/osaka.ma\/product\/corsair-rs-rgb-16gb-3200mhz-cl16-ram-ddr4-rgb\/#breadcrumb"},"inLanguage":"fr-FR","potentialAction":[{"@type":"ReadAction","target":["https:\/\/osaka.ma\/product\/corsair-rs-rgb-16gb-3200mhz-cl16-ram-ddr4-rgb\/"]}]},{"@type":"ImageObject","inLanguage":"fr-FR","@id":"https:\/\/osaka.ma\/product\/corsair-rs-rgb-16gb-3200mhz-cl16-ram-ddr4-rgb\/#primaryimage","url":"https:\/\/osaka.ma\/wp-content\/uploads\/2025\/11\/Corsair-RS-RGB-32GB-3200MHz-CL16-\u2013-RAM-DDR4-Gaming-Prix-Maroc.jpg","contentUrl":"https:\/\/osaka.ma\/wp-content\/uploads\/2025\/11\/Corsair-RS-RGB-32GB-3200MHz-CL16-\u2013-RAM-DDR4-Gaming-Prix-Maroc.jpg","width":1600,"height":1600,"caption":"Corsair RS RGB 32GB 3200MHz CL16 \u2013 RAM DDR4 Gaming Prix Maroc"},{"@type":"BreadcrumbList","@id":"https:\/\/osaka.ma\/product\/corsair-rs-rgb-16gb-3200mhz-cl16-ram-ddr4-rgb\/#breadcrumb","itemListElement":[{"@type":"ListItem","position":1,"name":"Home","item":"https:\/\/osaka.ma\/"},{"@type":"ListItem","position":2,"name":"Shop","item":"https:\/\/osaka.ma\/shop-2\/"},{"@type":"ListItem","position":3,"name":"CORSAIR RS RGB 16GB 3200MHz CL16 \u2013 RAM DDR4 RGB"}]},{"@type":"WebSite","@id":"https:\/\/osaka.ma\/#website","url":"https:\/\/osaka.ma\/","name":"Osaka","description":"","publisher":{"@id":"https:\/\/osaka.ma\/#organization"},"potentialAction":[{"@type":"SearchAction","target":{"@type":"EntryPoint","urlTemplate":"https:\/\/osaka.ma\/?s={search_term_string}"},"query-input":{"@type":"PropertyValueSpecification","valueRequired":true,"valueName":"search_term_string"}}],"inLanguage":"fr-FR"},{"@type":"Organization","@id":"https:\/\/osaka.ma\/#organization","name":"Osaka","url":"https:\/\/osaka.ma\/","logo":{"@type":"ImageObject","inLanguage":"fr-FR","@id":"https:\/\/osaka.ma\/#\/schema\/logo\/image\/","url":"https:\/\/osaka.ma\/wp-content\/uploads\/2026\/01\/model-slogan-logo-2Plan-de-travail-1dksl-plus-finnn.png","contentUrl":"https:\/\/osaka.ma\/wp-content\/uploads\/2026\/01\/model-slogan-logo-2Plan-de-travail-1dksl-plus-finnn.png","width":842,"height":226,"caption":"Osaka"},"image":{"@id":"https:\/\/osaka.ma\/#\/schema\/logo\/image\/"}}]}},"jetpack_sharing_enabled":true,"brands":[],"_links":{"self":[{"href":"https:\/\/osaka.ma\/fr\/wp-json\/wp\/v2\/product\/1022741","targetHints":{"allow":["GET"]}}],"collection":[{"href":"https:\/\/osaka.ma\/fr\/wp-json\/wp\/v2\/product"}],"about":[{"href":"https:\/\/osaka.ma\/fr\/wp-json\/wp\/v2\/types\/product"}],"version-history":[{"count":3,"href":"https:\/\/osaka.ma\/fr\/wp-json\/wp\/v2\/product\/1022741\/revisions"}],"predecessor-version":[{"id":1022744,"href":"https:\/\/osaka.ma\/fr\/wp-json\/wp\/v2\/product\/1022741\/revisions\/1022744"}],"wp:featuredmedia":[{"embeddable":true,"href":"https:\/\/osaka.ma\/fr\/wp-json\/wp\/v2\/media\/1019429"}],"wp:attachment":[{"href":"https:\/\/osaka.ma\/fr\/wp-json\/wp\/v2\/media?parent=1022741"}],"wp:term":[{"taxonomy":"pwb-brand","embeddable":true,"href":"https:\/\/osaka.ma\/fr\/wp-json\/wp\/v2\/pwb-brand?post=1022741"},{"taxonomy":"product_brand","embeddable":true,"href":"https:\/\/osaka.ma\/fr\/wp-json\/wp\/v2\/product_brand?post=1022741"},{"taxonomy":"product_cat","embeddable":true,"href":"https:\/\/osaka.ma\/fr\/wp-json\/wp\/v2\/product_cat?post=1022741"},{"taxonomy":"product_tag","embeddable":true,"href":"https:\/\/osaka.ma\/fr\/wp-json\/wp\/v2\/product_tag?post=1022741"},{"taxonomy":"pcb_component_type","embeddable":true,"href":"https:\/\/osaka.ma\/fr\/wp-json\/wp\/v2\/pcb_component_type?post=1022741"}],"curies":[{"name":"wp","href":"https:\/\/api.w.org\/{rel}","templated":true}]}}