{"id":10237,"date":"2024-08-27T12:28:40","date_gmt":"2024-08-27T12:28:40","guid":{"rendered":"https:\/\/osaka.ma\/?post_type=product&#038;p=10237"},"modified":"2024-12-18T15:36:18","modified_gmt":"2024-12-18T15:36:18","slug":"msi-thin-15-i7-13620h-16gb-512gb-rtx-3050-6gb-15-6%e2%80%b3-fhd-ips-144hz","status":"publish","type":"product","link":"https:\/\/osaka.ma\/fr\/product\/msi-thin-15-i7-13620h-16gb-512gb-rtx-3050-6gb-15-6%e2%80%b3-fhd-ips-144hz\/","title":{"rendered":"MSI THIN 15 i7-13620H \/ 16GB \/ 512GB \/ RTX 3050 6GB \/ 15.6\u2033 FHD IPS 144Hz"},"content":{"rendered":"<div class=\"logo\"><a href=\"https:\/\/www.ldlc.com\/msi\/bint000000992\/\" rel=\"nofollow noopener\" target=\"_blank\"><img decoding=\"async\" src=\"https:\/\/media.ldlc.com\/v3\/marque\/bo\/00\/05\/99\/39\/V30005993997.gif\" alt=\"MSI\" \/><\/a><\/div>\n<div id=\"description\" class=\"description\">\n<div class=\"details-pdt-desc\">\n<h2 class=\"h2-master\">Performances abordables\u00a0pour les Gamers<\/h2>\n<section>Profitez d&#8217;excellentes performances avec le PC portable Gamer\u00a0<strong>MSI Thin 15<\/strong>\u00a0! Cet ordinateur portable MSI offre un parfait confort de jeu gr\u00e2ce \u00e0 ses composants performants, son \u00e9cran de 15.6&#8243; Full HD 144 Hz, son clavier gamer r\u00e9tro\u00e9clair\u00e9 et son syst\u00e8me audio performant. Le PC portable MSI Thin 15 propose d&#8217;excellentes performances gr\u00e2ce \u00e0 son processeur <strong>Intel Core i7-13620H<\/strong>, ses<strong>\u00a016 Go de m\u00e9moire DDR4<\/strong>, sa puce graphique\u00a0<strong>NVIDIA GeForce RTX 3050 <\/strong>et son\u00a0<strong>SSD M.2 PCIe de 512 Go<\/strong>.<\/section>\n<section>\n<div class=\"desc-image\"><img decoding=\"async\" src=\"https:\/\/media.ldlc.com\/bo\/images\/fiches\/pc_portables\/msi\/Thin_15_B12U\/801.jpg\" alt=\"\" \/><\/div>\n<div class=\"desc-text\">\n<h2>Processeur Intel Core i7 de 13e g\u00e9n\u00e9ration<\/h2>\n<p>Gr\u00e2ce \u00e0 un processeur Intel Core de 13e g\u00e9n\u00e9ration, avec architecture hybride, l&#8217;ordinateur portable Thin\u00a015 vous offre un coup de fouet en termes d&#8217;am\u00e9lioration des performances pour tous vos projets multit\u00e2ches et tous vos jeux les plus exigeants.<\/p>\n<\/div>\n<\/section>\n<section>\n<div class=\"desc-text\">\n<h2>NVIDIA GeForce RTX 3050<\/h2>\n<p>Les puces graphiques et les PC portables NVIDIA GeForce RTX s\u00e9rie 30 incluent des c\u0153urs d\u00e9di\u00e9s au ray tracing et \u00e0 l\u2019IA pour vous fournir des performance de pointe et des fonctionnalit\u00e9s avanc\u00e9es. Dot\u00e9s d\u2019un design ultra-fin, les PC portables GeForce RTX sont des machines de gaming ultimes qui vous offrent des performances foudroyantes et un rendu graphique au r\u00e9alisme in\u00e9gal\u00e9. Profitez de la puissance incomparable du DLSS optimis\u00e9 par l\u2019IA et du ray tracing en temps r\u00e9el pour faire tourner les jeux les plus intenses et accomplir les projets cr\u00e9atifs les plus exigeants.<\/p>\n<\/div>\n<div class=\"desc-image\">\n<section>\n<div class=\"desc-image\"><img decoding=\"async\" src=\"https:\/\/media.ldlc.com\/bo\/images\/fiches\/pc_portables\/msi\/Thin_15_B12U\/802.jpg\" alt=\"\" \/><\/div>\n<\/section>\n<section>\n<div class=\"desc-image\"><img decoding=\"async\" src=\"https:\/\/media.ldlc.com\/bo\/images\/fiches\/pc_portables\/msi\/Thin_15_B12U\/803.jpg\" alt=\"\" \/><\/div>\n<div class=\"desc-text\">\n<h2>Un affichage Full HD 144 Hz<\/h2>\n<\/div>\n<\/section>\n<\/div>\n<\/section>\n<section>\n<div class=\"desc-text\">\n<p>Le PC portable Gamer MSI Thin 15 allie performance et design mince. Pens\u00e9 pour r\u00e9pondre aux besoins des joueurs, notamment en termes de qualit\u00e9 d&#8217;images, ce PC portable MSI propose un taux de rafra\u00eechissement \u00e9lev\u00e9 (144 Hz) pour vous permettre de vivre votre jeu comme si vous y \u00e9tiez, gr\u00e2ce \u00e0 une fluidit\u00e9 et une rapidit\u00e9 d&#8217;affichage \u00e0 couper le souffle.<\/p>\n<\/div>\n<\/section>\n<\/div>\n<\/div>\n<h2>CARACT\u00c9RISTIQUES PRINCIPALES :<\/h2>\n<ul>\n<li><strong>Processeur Intel Core i7-13620H<\/strong>\u00a0(6 Performance-Cores 4.9 GHz Turbo + 4 Efficient-Cores 3.6 GHz Turbo &#8211; 16 Threads &#8211; Cache 24 Mo)<\/li>\n<li>\u00c9cran de 15.6 pouces avec r\u00e9solution<strong>\u00a0Full HD\u00a0<\/strong>(1920 x 1080 pixels)<\/li>\n<li>Image fluide avec\u00a0<strong>fr\u00e9quence d\u2019affichage de 144 Hz<\/strong><\/li>\n<li><strong>16 GB de m\u00e9moire vive DDR4<\/strong> (2x 8 Go \u2013 2 slots avec maximum 64 Go au total)<\/li>\n<li>Puce graphique<strong> NVIDIA GeForce RTX 3050 Laptop<\/strong> avec 6 Go de m\u00e9moire<\/li>\n<li>Latence r\u00e9duite avec\u00a0<strong>NVIDIA Reflex<\/strong><\/li>\n<li><strong>SSD M.2 de 512 Go<\/strong><\/li>\n<li><strong>Clavier Gamer\u00a0<\/strong>avec\u00a0<strong>r\u00e9tro\u00e9clairage des touches bleu<\/strong><\/li>\n<li>Communication sans fil fiable et performante\u00a0<strong>Wi-Fi 6E<\/strong>\u00a0+<strong> Bluetooth 5.3<\/strong><\/li>\n<li>Cooler Boost : refroidissement performant avec ventilateurs, caloducs et p\u00e2te thermique exclusive<\/li>\n<li>Webcam HD 720p int\u00e9gr\u00e9e<\/li>\n<li>Adaptateur d\u2019alimentation 120 W<\/li>\n<li><strong>Windows 11 Famille<\/strong><\/li>\n<li>NEUF<\/li>\n<\/ul>\n","protected":false},"excerpt":{"rendered":"<h2>CARACT\u00c9RISTIQUES PRINCIPALES :<\/h2>\n<ul>\n<li><strong>Processeur Intel Core i7-13620H<\/strong>\u00a0(6 Performance-Cores 4.9 GHz Turbo + 4 Efficient-Cores 3.6 GHz Turbo &#8211; 16 Threads &#8211; Cache 24 Mo)<\/li>\n<li>\u00c9cran de 15.6 pouces avec r\u00e9solution<strong>\u00a0Full HD\u00a0<\/strong>(1920 x 1080 pixels)<\/li>\n<li>Image fluide avec\u00a0<strong>fr\u00e9quence d\u2019affichage de 144 Hz<\/strong><\/li>\n<li><strong>16 GB de m\u00e9moire vive DDR4<\/strong> (2x 8 Go \u2013 2 slots avec maximum 64 Go au total)<\/li>\n<li>Puce graphique<strong> NVIDIA GeForce RTX 3050 Laptop<\/strong> avec 6 Go de m\u00e9moire<\/li>\n<li>Latence r\u00e9duite avec\u00a0<strong>NVIDIA Reflex<\/strong><\/li>\n<li><strong>SSD M.2 de 512 Go<\/strong><\/li>\n<li><strong>Clavier Gamer\u00a0<\/strong>avec\u00a0<strong>r\u00e9tro\u00e9clairage des touches bleu<\/strong><\/li>\n<li>Communication sans fil fiable et performante\u00a0<strong>Wi-Fi 6E<\/strong>\u00a0+<strong> Bluetooth 5.3<\/strong><\/li>\n<li>Cooler Boost : refroidissement performant avec ventilateurs, caloducs et p\u00e2te thermique exclusive<\/li>\n<li>Webcam HD 720p int\u00e9gr\u00e9e<\/li>\n<li>Adaptateur d\u2019alimentation 120 W<\/li>\n<li><strong>Windows 11 Famille<\/strong><\/li>\n<li>NEUF<\/li>\n<\/ul>\n","protected":false},"featured_media":1010243,"template":"","meta":{"_acf_changed":false},"pwb-brand":[],"product_brand":[],"product_cat":[57,53],"product_tag":[],"pcb_component_type":[],"class_list":{"0":"post-10237","1":"product","2":"type-product","3":"status-publish","4":"has-post-thumbnail","6":"product_cat-intel","7":"product_cat-pc-gamer","9":"first","10":"outofstock","11":"shipping-taxable","12":"product-type-simple"},"translation":{"provider":"WPGlobus","version":"3.0.2","language":"fr","enabled_languages":["en","es","de","fr","ru"],"languages":{"en":{"title":true,"content":true,"excerpt":true},"es":{"title":false,"content":false,"excerpt":false},"de":{"title":false,"content":false,"excerpt":false},"fr":{"title":false,"content":false,"excerpt":false},"ru":{"title":false,"content":false,"excerpt":false}}},"acf":[],"yoast_head":"<!-- This site is optimized with the Yoast SEO plugin v27.2 - https:\/\/yoast.com\/product\/yoast-seo-wordpress\/ -->\n<title>MSI THIN 15 i7-13620H \/ 16GB \/ 512GB \/ RTX 3050 6GB \/ 15.6\u2033 FHD IPS 144Hz - Osaka<\/title>\n<meta name=\"robots\" content=\"index, follow, max-snippet:-1, max-image-preview:large, max-video-preview:-1\" \/>\n<link rel=\"canonical\" href=\"https:\/\/osaka.ma\/product\/msi-thin-15-i7-13620h-16gb-512gb-rtx-3050-6gb-15-6\u2033-fhd-ips-144hz\/\" \/>\n<meta property=\"og:locale\" content=\"fr_FR\" \/>\n<meta property=\"og:type\" content=\"article\" \/>\n<meta property=\"og:title\" content=\"MSI THIN 15 i7-13620H \/ 16GB \/ 512GB \/ RTX 3050 6GB \/ 15.6\u2033 FHD IPS 144Hz - Osaka\" \/>\n<meta property=\"og:url\" content=\"https:\/\/osaka.ma\/product\/msi-thin-15-i7-13620h-16gb-512gb-rtx-3050-6gb-15-6\u2033-fhd-ips-144hz\/\" \/>\n<meta property=\"og:site_name\" content=\"Osaka\" \/>\n<meta property=\"article:modified_time\" content=\"2024-12-18T15:36:18+00:00\" \/>\n<meta property=\"og:image\" content=\"https:\/\/osaka.ma\/wp-content\/uploads\/2024\/08\/msi-thin-15.jpeg\" \/>\n\t<meta property=\"og:image:width\" content=\"600\" \/>\n\t<meta property=\"og:image:height\" content=\"600\" \/>\n\t<meta property=\"og:image:type\" content=\"image\/jpeg\" \/>\n<meta name=\"twitter:card\" content=\"summary_large_image\" \/>\n<meta name=\"twitter:label1\" content=\"Dur\u00e9e de lecture estim\u00e9e\" \/>\n\t<meta name=\"twitter:data1\" content=\"3 minutes\" \/>\n<script type=\"application\/ld+json\" class=\"yoast-schema-graph\">{\"@context\":\"https:\/\/schema.org\",\"@graph\":[{\"@type\":\"WebPage\",\"@id\":\"https:\/\/osaka.ma\/product\/msi-thin-15-i7-13620h-16gb-512gb-rtx-3050-6gb-15-6%e2%80%b3-fhd-ips-144hz\/\",\"url\":\"https:\/\/osaka.ma\/product\/msi-thin-15-i7-13620h-16gb-512gb-rtx-3050-6gb-15-6%e2%80%b3-fhd-ips-144hz\/\",\"name\":\"MSI THIN 15 i7-13620H \/ 16GB \/ 512GB \/ RTX 3050 6GB \/ 15.6\u2033 FHD IPS 144Hz - Osaka\",\"isPartOf\":{\"@id\":\"https:\/\/osaka.ma\/#website\"},\"primaryImageOfPage\":{\"@id\":\"https:\/\/osaka.ma\/product\/msi-thin-15-i7-13620h-16gb-512gb-rtx-3050-6gb-15-6%e2%80%b3-fhd-ips-144hz\/#primaryimage\"},\"image\":{\"@id\":\"https:\/\/osaka.ma\/product\/msi-thin-15-i7-13620h-16gb-512gb-rtx-3050-6gb-15-6%e2%80%b3-fhd-ips-144hz\/#primaryimage\"},\"thumbnailUrl\":\"https:\/\/osaka.ma\/wp-content\/uploads\/2024\/08\/msi-thin-15.jpeg\",\"datePublished\":\"2024-08-27T12:28:40+00:00\",\"dateModified\":\"2024-12-18T15:36:18+00:00\",\"breadcrumb\":{\"@id\":\"https:\/\/osaka.ma\/product\/msi-thin-15-i7-13620h-16gb-512gb-rtx-3050-6gb-15-6%e2%80%b3-fhd-ips-144hz\/#breadcrumb\"},\"inLanguage\":\"fr-FR\",\"potentialAction\":[{\"@type\":\"ReadAction\",\"target\":[\"https:\/\/osaka.ma\/product\/msi-thin-15-i7-13620h-16gb-512gb-rtx-3050-6gb-15-6%e2%80%b3-fhd-ips-144hz\/\"]}]},{\"@type\":\"ImageObject\",\"inLanguage\":\"fr-FR\",\"@id\":\"https:\/\/osaka.ma\/product\/msi-thin-15-i7-13620h-16gb-512gb-rtx-3050-6gb-15-6%e2%80%b3-fhd-ips-144hz\/#primaryimage\",\"url\":\"https:\/\/osaka.ma\/wp-content\/uploads\/2024\/08\/msi-thin-15.jpeg\",\"contentUrl\":\"https:\/\/osaka.ma\/wp-content\/uploads\/2024\/08\/msi-thin-15.jpeg\",\"width\":600,\"height\":600},{\"@type\":\"BreadcrumbList\",\"@id\":\"https:\/\/osaka.ma\/product\/msi-thin-15-i7-13620h-16gb-512gb-rtx-3050-6gb-15-6%e2%80%b3-fhd-ips-144hz\/#breadcrumb\",\"itemListElement\":[{\"@type\":\"ListItem\",\"position\":1,\"name\":\"Home\",\"item\":\"https:\/\/osaka.ma\/\"},{\"@type\":\"ListItem\",\"position\":2,\"name\":\"Shop\",\"item\":\"https:\/\/osaka.ma\/shop-2\/\"},{\"@type\":\"ListItem\",\"position\":3,\"name\":\"MSI THIN 15 i7-13620H \/ 16GB \/ 512GB \/ RTX 3050 6GB \/ 15.6\u2033 FHD IPS 144Hz\"}]},{\"@type\":\"WebSite\",\"@id\":\"https:\/\/osaka.ma\/#website\",\"url\":\"https:\/\/osaka.ma\/\",\"name\":\"Osaka\",\"description\":\"\",\"publisher\":{\"@id\":\"https:\/\/osaka.ma\/#organization\"},\"potentialAction\":[{\"@type\":\"SearchAction\",\"target\":{\"@type\":\"EntryPoint\",\"urlTemplate\":\"https:\/\/osaka.ma\/?s={search_term_string}\"},\"query-input\":{\"@type\":\"PropertyValueSpecification\",\"valueRequired\":true,\"valueName\":\"search_term_string\"}}],\"inLanguage\":\"fr-FR\"},{\"@type\":\"Organization\",\"@id\":\"https:\/\/osaka.ma\/#organization\",\"name\":\"Osaka\",\"url\":\"https:\/\/osaka.ma\/\",\"logo\":{\"@type\":\"ImageObject\",\"inLanguage\":\"fr-FR\",\"@id\":\"https:\/\/osaka.ma\/#\/schema\/logo\/image\/\",\"url\":\"https:\/\/osaka.ma\/wp-content\/uploads\/2026\/01\/model-slogan-logo-2Plan-de-travail-1dksl-plus-finnn.png\",\"contentUrl\":\"https:\/\/osaka.ma\/wp-content\/uploads\/2026\/01\/model-slogan-logo-2Plan-de-travail-1dksl-plus-finnn.png\",\"width\":842,\"height\":226,\"caption\":\"Osaka\"},\"image\":{\"@id\":\"https:\/\/osaka.ma\/#\/schema\/logo\/image\/\"}}]}<\/script>\n<!-- \/ Yoast SEO plugin. -->","yoast_head_json":{"title":"MSI THIN 15 i7-13620H \/ 16GB \/ 512GB \/ RTX 3050 6GB \/ 15.6\u2033 FHD IPS 144Hz - Osaka","robots":{"index":"index","follow":"follow","max-snippet":"max-snippet:-1","max-image-preview":"max-image-preview:large","max-video-preview":"max-video-preview:-1"},"canonical":"https:\/\/osaka.ma\/product\/msi-thin-15-i7-13620h-16gb-512gb-rtx-3050-6gb-15-6\u2033-fhd-ips-144hz\/","og_locale":"fr_FR","og_type":"article","og_title":"MSI THIN 15 i7-13620H \/ 16GB \/ 512GB \/ RTX 3050 6GB \/ 15.6\u2033 FHD IPS 144Hz - Osaka","og_url":"https:\/\/osaka.ma\/product\/msi-thin-15-i7-13620h-16gb-512gb-rtx-3050-6gb-15-6\u2033-fhd-ips-144hz\/","og_site_name":"Osaka","article_modified_time":"2024-12-18T15:36:18+00:00","og_image":[{"width":600,"height":600,"url":"https:\/\/osaka.ma\/wp-content\/uploads\/2024\/08\/msi-thin-15.jpeg","type":"image\/jpeg"}],"twitter_card":"summary_large_image","twitter_misc":{"Dur\u00e9e de lecture estim\u00e9e":"3 minutes"},"schema":{"@context":"https:\/\/schema.org","@graph":[{"@type":"WebPage","@id":"https:\/\/osaka.ma\/product\/msi-thin-15-i7-13620h-16gb-512gb-rtx-3050-6gb-15-6%e2%80%b3-fhd-ips-144hz\/","url":"https:\/\/osaka.ma\/product\/msi-thin-15-i7-13620h-16gb-512gb-rtx-3050-6gb-15-6%e2%80%b3-fhd-ips-144hz\/","name":"MSI THIN 15 i7-13620H \/ 16GB \/ 512GB \/ RTX 3050 6GB \/ 15.6\u2033 FHD IPS 144Hz - Osaka","isPartOf":{"@id":"https:\/\/osaka.ma\/#website"},"primaryImageOfPage":{"@id":"https:\/\/osaka.ma\/product\/msi-thin-15-i7-13620h-16gb-512gb-rtx-3050-6gb-15-6%e2%80%b3-fhd-ips-144hz\/#primaryimage"},"image":{"@id":"https:\/\/osaka.ma\/product\/msi-thin-15-i7-13620h-16gb-512gb-rtx-3050-6gb-15-6%e2%80%b3-fhd-ips-144hz\/#primaryimage"},"thumbnailUrl":"https:\/\/osaka.ma\/wp-content\/uploads\/2024\/08\/msi-thin-15.jpeg","datePublished":"2024-08-27T12:28:40+00:00","dateModified":"2024-12-18T15:36:18+00:00","breadcrumb":{"@id":"https:\/\/osaka.ma\/product\/msi-thin-15-i7-13620h-16gb-512gb-rtx-3050-6gb-15-6%e2%80%b3-fhd-ips-144hz\/#breadcrumb"},"inLanguage":"fr-FR","potentialAction":[{"@type":"ReadAction","target":["https:\/\/osaka.ma\/product\/msi-thin-15-i7-13620h-16gb-512gb-rtx-3050-6gb-15-6%e2%80%b3-fhd-ips-144hz\/"]}]},{"@type":"ImageObject","inLanguage":"fr-FR","@id":"https:\/\/osaka.ma\/product\/msi-thin-15-i7-13620h-16gb-512gb-rtx-3050-6gb-15-6%e2%80%b3-fhd-ips-144hz\/#primaryimage","url":"https:\/\/osaka.ma\/wp-content\/uploads\/2024\/08\/msi-thin-15.jpeg","contentUrl":"https:\/\/osaka.ma\/wp-content\/uploads\/2024\/08\/msi-thin-15.jpeg","width":600,"height":600},{"@type":"BreadcrumbList","@id":"https:\/\/osaka.ma\/product\/msi-thin-15-i7-13620h-16gb-512gb-rtx-3050-6gb-15-6%e2%80%b3-fhd-ips-144hz\/#breadcrumb","itemListElement":[{"@type":"ListItem","position":1,"name":"Home","item":"https:\/\/osaka.ma\/"},{"@type":"ListItem","position":2,"name":"Shop","item":"https:\/\/osaka.ma\/shop-2\/"},{"@type":"ListItem","position":3,"name":"MSI THIN 15 i7-13620H \/ 16GB \/ 512GB \/ RTX 3050 6GB \/ 15.6\u2033 FHD IPS 144Hz"}]},{"@type":"WebSite","@id":"https:\/\/osaka.ma\/#website","url":"https:\/\/osaka.ma\/","name":"Osaka","description":"","publisher":{"@id":"https:\/\/osaka.ma\/#organization"},"potentialAction":[{"@type":"SearchAction","target":{"@type":"EntryPoint","urlTemplate":"https:\/\/osaka.ma\/?s={search_term_string}"},"query-input":{"@type":"PropertyValueSpecification","valueRequired":true,"valueName":"search_term_string"}}],"inLanguage":"fr-FR"},{"@type":"Organization","@id":"https:\/\/osaka.ma\/#organization","name":"Osaka","url":"https:\/\/osaka.ma\/","logo":{"@type":"ImageObject","inLanguage":"fr-FR","@id":"https:\/\/osaka.ma\/#\/schema\/logo\/image\/","url":"https:\/\/osaka.ma\/wp-content\/uploads\/2026\/01\/model-slogan-logo-2Plan-de-travail-1dksl-plus-finnn.png","contentUrl":"https:\/\/osaka.ma\/wp-content\/uploads\/2026\/01\/model-slogan-logo-2Plan-de-travail-1dksl-plus-finnn.png","width":842,"height":226,"caption":"Osaka"},"image":{"@id":"https:\/\/osaka.ma\/#\/schema\/logo\/image\/"}}]}},"jetpack_sharing_enabled":true,"brands":[],"_links":{"self":[{"href":"https:\/\/osaka.ma\/fr\/wp-json\/wp\/v2\/product\/10237","targetHints":{"allow":["GET"]}}],"collection":[{"href":"https:\/\/osaka.ma\/fr\/wp-json\/wp\/v2\/product"}],"about":[{"href":"https:\/\/osaka.ma\/fr\/wp-json\/wp\/v2\/types\/product"}],"version-history":[{"count":0,"href":"https:\/\/osaka.ma\/fr\/wp-json\/wp\/v2\/product\/10237\/revisions"}],"wp:featuredmedia":[{"embeddable":true,"href":"https:\/\/osaka.ma\/fr\/wp-json\/wp\/v2\/media\/1010243"}],"wp:attachment":[{"href":"https:\/\/osaka.ma\/fr\/wp-json\/wp\/v2\/media?parent=10237"}],"wp:term":[{"taxonomy":"pwb-brand","embeddable":true,"href":"https:\/\/osaka.ma\/fr\/wp-json\/wp\/v2\/pwb-brand?post=10237"},{"taxonomy":"product_brand","embeddable":true,"href":"https:\/\/osaka.ma\/fr\/wp-json\/wp\/v2\/product_brand?post=10237"},{"taxonomy":"product_cat","embeddable":true,"href":"https:\/\/osaka.ma\/fr\/wp-json\/wp\/v2\/product_cat?post=10237"},{"taxonomy":"product_tag","embeddable":true,"href":"https:\/\/osaka.ma\/fr\/wp-json\/wp\/v2\/product_tag?post=10237"},{"taxonomy":"pcb_component_type","embeddable":true,"href":"https:\/\/osaka.ma\/fr\/wp-json\/wp\/v2\/pcb_component_type?post=10237"}],"curies":[{"name":"wp","href":"https:\/\/api.w.org\/{rel}","templated":true}]}}