{"id":10278,"date":"2024-09-03T12:16:23","date_gmt":"2024-09-03T12:16:23","guid":{"rendered":"https:\/\/osaka.ma\/?post_type=product&#038;p=10278"},"modified":"2025-03-04T15:23:39","modified_gmt":"2025-03-04T15:23:39","slug":"msi-pulse-gl66-1-i7-12700h-16gb-1tb-rtx-3070-ti-8gb-15-6-ips-fhd-240hz","status":"publish","type":"product","link":"https:\/\/osaka.ma\/fr\/product\/msi-pulse-gl66-1-i7-12700h-16gb-1tb-rtx-3070-ti-8gb-15-6-ips-fhd-240hz\/","title":{"rendered":"MSI Pulse GL66 i7-12700H \/ 16GB \/ 1TB \/ RTX 3070 Ti 8GB \/ 15.6&#8243; IPS FHD 240Hz"},"content":{"rendered":"<p class=\"product_title entry-title\">MSI Pulse GL66 1 i7-12700H \/ 16GB \/ 1TB \/ RTX 3070 Ti 8GB \/ 15.6&#8243; IPS FHD 240Hz<\/p>\n<div class=\"logo\"><a href=\"https:\/\/www.ldlc.com\/msi\/bint000000992\/\" rel=\"nofollow noopener\" target=\"_blank\"><img decoding=\"async\" src=\"https:\/\/media.ldlc.com\/v3\/marque\/bo\/00\/05\/99\/39\/V30005993997.gif\" alt=\"MSI\" \/><\/a><\/div>\n<div id=\"description\" class=\"description\">\n<div class=\"details-pdt-desc\">\n<h2 class=\"h2-master\">Performance et confort de jeu<\/h2>\n<section>Mettez toutes les chances de votre c\u00f4t\u00e9 pour atteindre les sommets avec l&#8217;ordinateur portable\u00a0<strong>MSI GL66\u00a0<\/strong><strong>12UGSZOK-1204XES<\/strong> ! Ce PC portable gaming b\u00e9n\u00e9ficie d&#8217;un \u00e9cran IPS avec fr\u00e9quence de 240 Hz et r\u00e9solution FHD et offre de hautes performances gr\u00e2ce \u00e0 ses composants Gaming. Ce mod\u00e8le dispose notamment d&#8217;un processeur <strong>Intel Core i7-12700H<\/strong>, de 16 Go de m\u00e9moire DDR5, d&#8217;une puce graphique\u00a0<strong>NVIDIA GeForce RTX 3070 Ti\u00a0<\/strong>et d&#8217;un\u00a0<strong>SSD M.2 PCIe de 1 To Gen4<\/strong>.<\/section>\n<section>\n<div class=\"desc-image\"><img decoding=\"async\" src=\"https:\/\/storage-asset.msi.com\/global\/picture\/image\/feature\/nb\/2023_RPLS\/sword16-hx-b14v\/intel-i7-badge.jpg\" alt=\"MSI SOUND TUNE\" \/><\/div>\n<div><\/div>\n<div class=\"desc-text\">\n<h2>Processeur Intel Core i7 de 12\u00e8me g\u00e9n\u00e9ration<\/h2>\n<p>Gr\u00e2ce aux processeurs Intel Core de 12e g\u00e9n\u00e9ration, l&#8217;ordinateur portable MSI Pulse GL66 offre des performances survitamin\u00e9es, qu&#8217;il s&#8217;agisse de projets multit\u00e2ches ou de jeux vid\u00e9o dernier cri. Gr\u00e2ce \u00e0 une nouvelle architecture hybride hautes performances, les processeurs Intel Core de 12e g\u00e9n\u00e9ration offrent une combinaison unique de c\u0153urs performants et efficaces (P-core et E-core). La charge de travail \u00e9tant achemin\u00e9e intelligemment par Intel Thread Director, le processeur divise pour mieux conqu\u00e9rir !<\/p>\n<\/div>\n<\/section>\n<section>\n<div class=\"desc-text\">\n<h2>NVIDIA GeForce RTX 3070 Ti<\/h2>\n<p>La puce graphique NVIDIA GeForce RTX 3070 Ti offre aux joueurs des fonctionnalit\u00e9s incomparables et des performances foudroyantes gr\u00e2ce \u00e0 Ampere, qui constitue la deuxi\u00e8me g\u00e9n\u00e9ration de l\u2019architecture NVIDIA RTX. Cette puce graphique de haute technologie est dot\u00e9e d\u2019une multitude de c\u0153urs RT et Tensor sp\u00e9cialement optimis\u00e9s, et elle embarque de nouveaux multiprocesseurs de flux pour une exp\u00e9rience de jeu exceptionnelle.<\/p>\n<p>Bas\u00e9 sur les capacit\u00e9s ph\u00e9nom\u00e9nales de l&#8217;IA, le super-\u00e9chantillonnage par\u00a0<strong>Deep Learning (DLSS)\u00a0<\/strong>de NVIDIA est une technologie de rendu r\u00e9volutionnaire qui vous offre un tout nouveau niveau de fid\u00e9lit\u00e9 visuelle gr\u00e2ce aux processeurs Tensor Core d\u00e9di\u00e9s \u00e0 l&#8217;IA des GPU GeForce RTX. Par ailleurs, le\u00a0<strong>Ray Tracing<\/strong>\u00a0permet de simuler le comportement physique de la lumi\u00e8re afin d&#8217;offrir un rendu cin\u00e9matographique en temps r\u00e9el d&#8217;une grande beaut\u00e9, y compris dans les jeux les plus intenses.La technologie\u00a0<strong>Max-Q<\/strong>\u00a0utilise l&#8217;IA et de nouvelles optimisations syst\u00e8me pour rendre les ordinateurs portables de jeu haute performance plus fins.<\/p>\n<\/div>\n<div class=\"desc-image\"><img decoding=\"async\" src=\"https:\/\/media.ldlc.com\/bo\/images\/fiches\/pc_portables\/msi\/gt76\/800_2.jpg\" alt=\"\" \/><\/div>\n<\/section>\n<section>\n<div class=\"desc-image\"><img decoding=\"async\" src=\"https:\/\/media.ldlc.com\/bo\/images\/fiches\/pc_portables\/msi\/gl66\/803.jpg\" alt=\"\" \/><\/div>\n<div class=\"desc-text\">\n<h2>Refroidissement efficace Cooler Boost 5<\/h2>\n<p>Sur ce PC Portable Gaming, MSI propose sa technologie de refroidissement propri\u00e9taire Cooler Boost 5 qui fonctionne avec deux ventilateurs \u00e0 sept caloducs pens\u00e9s pour expulser l&#8217;air chaud hors du ch\u00e2ssis par l&#8217;interm\u00e9diaire de quatre flux diff\u00e9rents. La technologie\u00a0<strong>Cooler Boost 5<\/strong>\u00a0a \u00e9t\u00e9 sp\u00e9cialement pens\u00e9e pour \u00e9quiper les ordinateurs portables qui int\u00e8grent une carte graphique performante.<\/p>\n<\/div>\n<\/section>\n<section>\n<div class=\"desc-text\">\n<h2>Clavier Gamer r\u00e9tro\u00e9clair\u00e9<\/h2>\n<p>Gr\u00e2ce \u00e0 la technologie Mystic Light du MSI Center, vous pouvez personnaliser le r\u00e9tro\u00e9clairage LED RGB du clavier pour exprimer votre v\u00e9ritable identit\u00e9 de gamer (une seule couleur active \u00e0 la fois).<\/p>\n<\/div>\n<div class=\"desc-image\"><img decoding=\"async\" src=\"https:\/\/media.ldlc.com\/bo\/images\/fiches\/pc_portables\/msi\/gl66\/804.jpg\" alt=\"\" \/><\/div>\n<\/section>\n<\/div>\n<\/div>\n<p>&nbsp;<\/p>\n<h3><strong>CARACT\u00c9RISTIQUES PRINCIPALES :<\/strong><\/h3>\n<ul>\n<li><strong>Processeur Intel Core i7-12700H\u00a0<\/strong>(6 Performance-Cores 4.7 GHz Turbo + 8 Efficient-Cores 3.5 GHz Turbo \u2013 20 Threads \u2013 Cache 24 Mo)<\/li>\n<li>\u00c9cran de 15.6 pouces avec r\u00e9solution<strong> FHD\u00a0<\/strong><b>(1920 x 1080 pixels), <\/b>dalle de niveau<b> IPS<\/b>\u00a0et fr\u00e9quence de\u00a0<b>240 Hz<\/b><\/li>\n<li>16 Go de m\u00e9moire vive DDR5 4800 MHz (2x 8 Go \u2013 2 slots avec maximum 64\u00a0Go)<\/li>\n<li>Puce graphique\u00a0<strong>NVIDIA GeForce RTX 3070 Ti<\/strong>\u00a0avec 8 Go de m\u00e9moire d\u00e9di\u00e9e GDDR6<\/li>\n<li><strong>SSD M.2 PCIe NVMe de 1 To Gen4<\/strong><\/li>\n<li>Communication sans fil fiable et performante avec les technologies\u00a0<strong>Wi-Fi 6<\/strong>\u00a0et<strong>\u00a0Bluetooth 5.2<\/strong><\/li>\n<li>Webcam HD 720p et microphone int\u00e9gr\u00e9s<\/li>\n<li>Clavier\u00a0<b>QWERTY<\/b> avec touches r\u00e9tro\u00e9clair\u00e9es RGB (une seule couleur active \u00e0 la fois)<\/li>\n<li>Adaptateur d\u2019alimentation 240 Watts<\/li>\n<li>Windows 11<\/li>\n<li><strong>Condition<\/strong>\u00a0:<strong> Comme neuf<\/strong><\/li>\n<\/ul>\n","protected":false},"excerpt":{"rendered":"<h3><strong>CARACT\u00c9RISTIQUES PRINCIPALES :<\/strong><\/h3>\n<ul>\n<li><strong>Processeur Intel Core i7-12700H\u00a0<\/strong>(6 Performance-Cores 4.7 GHz Turbo + 8 Efficient-Cores 3.5 GHz Turbo \u2013 20 Threads \u2013 Cache 24 Mo)<\/li>\n<li>\u00c9cran de 15.6 pouces avec r\u00e9solution<strong> FHD\u00a0<\/strong><b>(1920 x 1080 pixels), <\/b>dalle de niveau<b> IPS<\/b>\u00a0et fr\u00e9quence de\u00a0<b>240 Hz<\/b><\/li>\n<li>16 Go de m\u00e9moire vive DDR5 4800 MHz (2x 8 Go \u2013 2 slots avec maximum 64\u00a0Go)<\/li>\n<li>Puce graphique\u00a0<strong>NVIDIA GeForce RTX 3070 Ti<\/strong>\u00a0avec 8 Go de m\u00e9moire d\u00e9di\u00e9e GDDR6<\/li>\n<li><strong>SSD M.2 PCIe NVMe de 1 To Gen4<\/strong><\/li>\n<li>Communication sans fil fiable et performante avec les technologies\u00a0<strong>Wi-Fi 6<\/strong>\u00a0et<strong>\u00a0Bluetooth 5.2<\/strong><\/li>\n<li>Webcam HD 720p et microphone int\u00e9gr\u00e9s<\/li>\n<li>Clavier\u00a0<b>QWERTY<\/b> avec touches r\u00e9tro\u00e9clair\u00e9es RGB (une seule couleur active \u00e0 la fois)<\/li>\n<li>Adaptateur d\u2019alimentation 240 Watts<\/li>\n<li>Windows 11<\/li>\n<li><strong>Condition<\/strong>\u00a0:<strong> Comme neuf<\/strong><\/li>\n<\/ul>\n","protected":false},"featured_media":1010286,"template":"","meta":{"_acf_changed":false},"pwb-brand":[],"product_brand":[],"product_cat":[122,121],"product_tag":[],"pcb_component_type":[],"class_list":{"0":"post-10278","1":"product","2":"type-product","3":"status-publish","4":"has-post-thumbnail","6":"product_cat-gaming","7":"product_cat-pc-portable","9":"first","10":"outofstock","11":"shipping-taxable","12":"product-type-simple"},"translation":{"provider":"WPGlobus","version":"3.0.2","language":"fr","enabled_languages":["en","es","de","fr","ru"],"languages":{"en":{"title":true,"content":true,"excerpt":true},"es":{"title":false,"content":false,"excerpt":false},"de":{"title":false,"content":false,"excerpt":false},"fr":{"title":false,"content":false,"excerpt":false},"ru":{"title":false,"content":false,"excerpt":false}}},"acf":[],"yoast_head":"<!-- This site is optimized with the Yoast SEO plugin v27.2 - https:\/\/yoast.com\/product\/yoast-seo-wordpress\/ -->\n<title>MSI Pulse GL66 i7-12700H \/ 16GB \/ 1TB \/ RTX 3070 Ti 8GB \/ 15.6&quot; IPS FHD 240Hz - Osaka<\/title>\n<meta name=\"robots\" content=\"index, follow, max-snippet:-1, max-image-preview:large, max-video-preview:-1\" \/>\n<link rel=\"canonical\" href=\"https:\/\/osaka.ma\/product\/msi-pulse-gl66-1-i7-12700h-16gb-1tb-rtx-3070-ti-8gb-15-6-ips-fhd-240hz\/\" \/>\n<meta property=\"og:locale\" content=\"fr_FR\" \/>\n<meta property=\"og:type\" content=\"article\" \/>\n<meta property=\"og:title\" content=\"MSI Pulse GL66 i7-12700H \/ 16GB \/ 1TB \/ RTX 3070 Ti 8GB \/ 15.6&quot; IPS FHD 240Hz - Osaka\" \/>\n<meta property=\"og:url\" content=\"https:\/\/osaka.ma\/product\/msi-pulse-gl66-1-i7-12700h-16gb-1tb-rtx-3070-ti-8gb-15-6-ips-fhd-240hz\/\" \/>\n<meta property=\"og:site_name\" content=\"Osaka\" \/>\n<meta property=\"article:modified_time\" content=\"2025-03-04T15:23:39+00:00\" \/>\n<meta property=\"og:image\" content=\"https:\/\/osaka.ma\/wp-content\/uploads\/2024\/09\/msi-pulse-gl66-5-2.jpg\" \/>\n\t<meta property=\"og:image:width\" content=\"976\" \/>\n\t<meta property=\"og:image:height\" content=\"752\" \/>\n\t<meta property=\"og:image:type\" content=\"image\/jpeg\" \/>\n<meta name=\"twitter:card\" content=\"summary_large_image\" \/>\n<meta name=\"twitter:label1\" content=\"Dur\u00e9e de lecture estim\u00e9e\" \/>\n\t<meta name=\"twitter:data1\" content=\"4 minutes\" \/>\n<script type=\"application\/ld+json\" class=\"yoast-schema-graph\">{\"@context\":\"https:\/\/schema.org\",\"@graph\":[{\"@type\":\"WebPage\",\"@id\":\"https:\/\/osaka.ma\/product\/msi-pulse-gl66-1-i7-12700h-16gb-1tb-rtx-3070-ti-8gb-15-6-ips-fhd-240hz\/\",\"url\":\"https:\/\/osaka.ma\/product\/msi-pulse-gl66-1-i7-12700h-16gb-1tb-rtx-3070-ti-8gb-15-6-ips-fhd-240hz\/\",\"name\":\"MSI Pulse GL66 i7-12700H \/ 16GB \/ 1TB \/ RTX 3070 Ti 8GB \/ 15.6\\\" IPS FHD 240Hz - Osaka\",\"isPartOf\":{\"@id\":\"https:\/\/osaka.ma\/#website\"},\"primaryImageOfPage\":{\"@id\":\"https:\/\/osaka.ma\/product\/msi-pulse-gl66-1-i7-12700h-16gb-1tb-rtx-3070-ti-8gb-15-6-ips-fhd-240hz\/#primaryimage\"},\"image\":{\"@id\":\"https:\/\/osaka.ma\/product\/msi-pulse-gl66-1-i7-12700h-16gb-1tb-rtx-3070-ti-8gb-15-6-ips-fhd-240hz\/#primaryimage\"},\"thumbnailUrl\":\"https:\/\/osaka.ma\/wp-content\/uploads\/2024\/09\/msi-pulse-gl66-5-2.jpg\",\"datePublished\":\"2024-09-03T12:16:23+00:00\",\"dateModified\":\"2025-03-04T15:23:39+00:00\",\"breadcrumb\":{\"@id\":\"https:\/\/osaka.ma\/product\/msi-pulse-gl66-1-i7-12700h-16gb-1tb-rtx-3070-ti-8gb-15-6-ips-fhd-240hz\/#breadcrumb\"},\"inLanguage\":\"fr-FR\",\"potentialAction\":[{\"@type\":\"ReadAction\",\"target\":[\"https:\/\/osaka.ma\/product\/msi-pulse-gl66-1-i7-12700h-16gb-1tb-rtx-3070-ti-8gb-15-6-ips-fhd-240hz\/\"]}]},{\"@type\":\"ImageObject\",\"inLanguage\":\"fr-FR\",\"@id\":\"https:\/\/osaka.ma\/product\/msi-pulse-gl66-1-i7-12700h-16gb-1tb-rtx-3070-ti-8gb-15-6-ips-fhd-240hz\/#primaryimage\",\"url\":\"https:\/\/osaka.ma\/wp-content\/uploads\/2024\/09\/msi-pulse-gl66-5-2.jpg\",\"contentUrl\":\"https:\/\/osaka.ma\/wp-content\/uploads\/2024\/09\/msi-pulse-gl66-5-2.jpg\",\"width\":976,\"height\":752},{\"@type\":\"BreadcrumbList\",\"@id\":\"https:\/\/osaka.ma\/product\/msi-pulse-gl66-1-i7-12700h-16gb-1tb-rtx-3070-ti-8gb-15-6-ips-fhd-240hz\/#breadcrumb\",\"itemListElement\":[{\"@type\":\"ListItem\",\"position\":1,\"name\":\"Home\",\"item\":\"https:\/\/osaka.ma\/\"},{\"@type\":\"ListItem\",\"position\":2,\"name\":\"Shop\",\"item\":\"https:\/\/osaka.ma\/shop-2\/\"},{\"@type\":\"ListItem\",\"position\":3,\"name\":\"MSI Pulse GL66 i7-12700H \/ 16GB \/ 1TB \/ RTX 3070 Ti 8GB \/ 15.6&#8243; IPS FHD 240Hz\"}]},{\"@type\":\"WebSite\",\"@id\":\"https:\/\/osaka.ma\/#website\",\"url\":\"https:\/\/osaka.ma\/\",\"name\":\"Osaka\",\"description\":\"\",\"publisher\":{\"@id\":\"https:\/\/osaka.ma\/#organization\"},\"potentialAction\":[{\"@type\":\"SearchAction\",\"target\":{\"@type\":\"EntryPoint\",\"urlTemplate\":\"https:\/\/osaka.ma\/?s={search_term_string}\"},\"query-input\":{\"@type\":\"PropertyValueSpecification\",\"valueRequired\":true,\"valueName\":\"search_term_string\"}}],\"inLanguage\":\"fr-FR\"},{\"@type\":\"Organization\",\"@id\":\"https:\/\/osaka.ma\/#organization\",\"name\":\"Osaka\",\"url\":\"https:\/\/osaka.ma\/\",\"logo\":{\"@type\":\"ImageObject\",\"inLanguage\":\"fr-FR\",\"@id\":\"https:\/\/osaka.ma\/#\/schema\/logo\/image\/\",\"url\":\"https:\/\/osaka.ma\/wp-content\/uploads\/2026\/01\/model-slogan-logo-2Plan-de-travail-1dksl-plus-finnn.png\",\"contentUrl\":\"https:\/\/osaka.ma\/wp-content\/uploads\/2026\/01\/model-slogan-logo-2Plan-de-travail-1dksl-plus-finnn.png\",\"width\":842,\"height\":226,\"caption\":\"Osaka\"},\"image\":{\"@id\":\"https:\/\/osaka.ma\/#\/schema\/logo\/image\/\"}}]}<\/script>\n<!-- \/ Yoast SEO plugin. -->","yoast_head_json":{"title":"MSI Pulse GL66 i7-12700H \/ 16GB \/ 1TB \/ RTX 3070 Ti 8GB \/ 15.6\" IPS FHD 240Hz - Osaka","robots":{"index":"index","follow":"follow","max-snippet":"max-snippet:-1","max-image-preview":"max-image-preview:large","max-video-preview":"max-video-preview:-1"},"canonical":"https:\/\/osaka.ma\/product\/msi-pulse-gl66-1-i7-12700h-16gb-1tb-rtx-3070-ti-8gb-15-6-ips-fhd-240hz\/","og_locale":"fr_FR","og_type":"article","og_title":"MSI Pulse GL66 i7-12700H \/ 16GB \/ 1TB \/ RTX 3070 Ti 8GB \/ 15.6\" IPS FHD 240Hz - Osaka","og_url":"https:\/\/osaka.ma\/product\/msi-pulse-gl66-1-i7-12700h-16gb-1tb-rtx-3070-ti-8gb-15-6-ips-fhd-240hz\/","og_site_name":"Osaka","article_modified_time":"2025-03-04T15:23:39+00:00","og_image":[{"width":976,"height":752,"url":"https:\/\/osaka.ma\/wp-content\/uploads\/2024\/09\/msi-pulse-gl66-5-2.jpg","type":"image\/jpeg"}],"twitter_card":"summary_large_image","twitter_misc":{"Dur\u00e9e de lecture estim\u00e9e":"4 minutes"},"schema":{"@context":"https:\/\/schema.org","@graph":[{"@type":"WebPage","@id":"https:\/\/osaka.ma\/product\/msi-pulse-gl66-1-i7-12700h-16gb-1tb-rtx-3070-ti-8gb-15-6-ips-fhd-240hz\/","url":"https:\/\/osaka.ma\/product\/msi-pulse-gl66-1-i7-12700h-16gb-1tb-rtx-3070-ti-8gb-15-6-ips-fhd-240hz\/","name":"MSI Pulse GL66 i7-12700H \/ 16GB \/ 1TB \/ RTX 3070 Ti 8GB \/ 15.6\" IPS FHD 240Hz - Osaka","isPartOf":{"@id":"https:\/\/osaka.ma\/#website"},"primaryImageOfPage":{"@id":"https:\/\/osaka.ma\/product\/msi-pulse-gl66-1-i7-12700h-16gb-1tb-rtx-3070-ti-8gb-15-6-ips-fhd-240hz\/#primaryimage"},"image":{"@id":"https:\/\/osaka.ma\/product\/msi-pulse-gl66-1-i7-12700h-16gb-1tb-rtx-3070-ti-8gb-15-6-ips-fhd-240hz\/#primaryimage"},"thumbnailUrl":"https:\/\/osaka.ma\/wp-content\/uploads\/2024\/09\/msi-pulse-gl66-5-2.jpg","datePublished":"2024-09-03T12:16:23+00:00","dateModified":"2025-03-04T15:23:39+00:00","breadcrumb":{"@id":"https:\/\/osaka.ma\/product\/msi-pulse-gl66-1-i7-12700h-16gb-1tb-rtx-3070-ti-8gb-15-6-ips-fhd-240hz\/#breadcrumb"},"inLanguage":"fr-FR","potentialAction":[{"@type":"ReadAction","target":["https:\/\/osaka.ma\/product\/msi-pulse-gl66-1-i7-12700h-16gb-1tb-rtx-3070-ti-8gb-15-6-ips-fhd-240hz\/"]}]},{"@type":"ImageObject","inLanguage":"fr-FR","@id":"https:\/\/osaka.ma\/product\/msi-pulse-gl66-1-i7-12700h-16gb-1tb-rtx-3070-ti-8gb-15-6-ips-fhd-240hz\/#primaryimage","url":"https:\/\/osaka.ma\/wp-content\/uploads\/2024\/09\/msi-pulse-gl66-5-2.jpg","contentUrl":"https:\/\/osaka.ma\/wp-content\/uploads\/2024\/09\/msi-pulse-gl66-5-2.jpg","width":976,"height":752},{"@type":"BreadcrumbList","@id":"https:\/\/osaka.ma\/product\/msi-pulse-gl66-1-i7-12700h-16gb-1tb-rtx-3070-ti-8gb-15-6-ips-fhd-240hz\/#breadcrumb","itemListElement":[{"@type":"ListItem","position":1,"name":"Home","item":"https:\/\/osaka.ma\/"},{"@type":"ListItem","position":2,"name":"Shop","item":"https:\/\/osaka.ma\/shop-2\/"},{"@type":"ListItem","position":3,"name":"MSI Pulse GL66 i7-12700H \/ 16GB \/ 1TB \/ RTX 3070 Ti 8GB \/ 15.6&#8243; IPS FHD 240Hz"}]},{"@type":"WebSite","@id":"https:\/\/osaka.ma\/#website","url":"https:\/\/osaka.ma\/","name":"Osaka","description":"","publisher":{"@id":"https:\/\/osaka.ma\/#organization"},"potentialAction":[{"@type":"SearchAction","target":{"@type":"EntryPoint","urlTemplate":"https:\/\/osaka.ma\/?s={search_term_string}"},"query-input":{"@type":"PropertyValueSpecification","valueRequired":true,"valueName":"search_term_string"}}],"inLanguage":"fr-FR"},{"@type":"Organization","@id":"https:\/\/osaka.ma\/#organization","name":"Osaka","url":"https:\/\/osaka.ma\/","logo":{"@type":"ImageObject","inLanguage":"fr-FR","@id":"https:\/\/osaka.ma\/#\/schema\/logo\/image\/","url":"https:\/\/osaka.ma\/wp-content\/uploads\/2026\/01\/model-slogan-logo-2Plan-de-travail-1dksl-plus-finnn.png","contentUrl":"https:\/\/osaka.ma\/wp-content\/uploads\/2026\/01\/model-slogan-logo-2Plan-de-travail-1dksl-plus-finnn.png","width":842,"height":226,"caption":"Osaka"},"image":{"@id":"https:\/\/osaka.ma\/#\/schema\/logo\/image\/"}}]}},"jetpack_sharing_enabled":true,"brands":[],"_links":{"self":[{"href":"https:\/\/osaka.ma\/fr\/wp-json\/wp\/v2\/product\/10278","targetHints":{"allow":["GET"]}}],"collection":[{"href":"https:\/\/osaka.ma\/fr\/wp-json\/wp\/v2\/product"}],"about":[{"href":"https:\/\/osaka.ma\/fr\/wp-json\/wp\/v2\/types\/product"}],"version-history":[{"count":0,"href":"https:\/\/osaka.ma\/fr\/wp-json\/wp\/v2\/product\/10278\/revisions"}],"wp:featuredmedia":[{"embeddable":true,"href":"https:\/\/osaka.ma\/fr\/wp-json\/wp\/v2\/media\/1010286"}],"wp:attachment":[{"href":"https:\/\/osaka.ma\/fr\/wp-json\/wp\/v2\/media?parent=10278"}],"wp:term":[{"taxonomy":"pwb-brand","embeddable":true,"href":"https:\/\/osaka.ma\/fr\/wp-json\/wp\/v2\/pwb-brand?post=10278"},{"taxonomy":"product_brand","embeddable":true,"href":"https:\/\/osaka.ma\/fr\/wp-json\/wp\/v2\/product_brand?post=10278"},{"taxonomy":"product_cat","embeddable":true,"href":"https:\/\/osaka.ma\/fr\/wp-json\/wp\/v2\/product_cat?post=10278"},{"taxonomy":"product_tag","embeddable":true,"href":"https:\/\/osaka.ma\/fr\/wp-json\/wp\/v2\/product_tag?post=10278"},{"taxonomy":"pcb_component_type","embeddable":true,"href":"https:\/\/osaka.ma\/fr\/wp-json\/wp\/v2\/pcb_component_type?post=10278"}],"curies":[{"name":"wp","href":"https:\/\/api.w.org\/{rel}","templated":true}]}}