{"id":10349,"date":"2024-09-10T15:52:25","date_gmt":"2024-09-10T15:52:25","guid":{"rendered":"https:\/\/osaka.ma\/?post_type=product&#038;p=10349"},"modified":"2024-12-18T15:36:19","modified_gmt":"2024-12-18T15:36:19","slug":"victus-by-hp-15l-gaming-desktop-16gb-ddr4-1tb-ssd-4060-8gb","status":"publish","type":"product","link":"https:\/\/osaka.ma\/fr\/product\/victus-by-hp-15l-gaming-desktop-16gb-ddr4-1tb-ssd-4060-8gb\/","title":{"rendered":"Victus by HP 15L Gaming Desktop\/ 16GB DDR4\/ 1TB SSD \/ 4060 8GB"},"content":{"rendered":"<div class=\"split-module aem-GridColumn aem-GridColumn--default--12\">\n<section class=\"c-split-module m-bg-desktops-type-3\">\n<div class=\"c-default-container\">\n<div class=\"c-split-module__item \">\n<div class=\"c-split-module__image\">\n<div class=\"c-image-container hp-image-3878-4510 with-ratio\"><img decoding=\"async\" class=\"inner-image\" src=\"https:\/\/ssl-product-images.www8-hp.com\/digmedialib\/prodimg\/lowres\/c08013366.png\" alt=\"22C1 Victus by HP 15L Gaming Desktop PC MicaSilver nonODD CoreSet Front Facing\" data-wec-listener-initialized=\"true\" \/><\/div>\n<\/div>\n<div class=\"c-split-module__text\">\n<h3 class=\"h2 c-split-module__title\">La victoire \u00e0 pleine puissance<\/h3>\n<p class=\"h4 c-split-module__description\">Pas de demi-mesure avec le processeur\u00a0<span class=\"m-text-nowrap\">Intel\u00ae\u00a0<span class=\"c-footnote-container\"><sup><span class=\"footnote__number\">1<\/span><\/sup>\u00a0<sup><span class=\"footnote__number\">3<\/span><\/sup><\/span><\/span>, des graphismes impressionnants, en plus de la connectivit\u00e9 Bluetooth\u00ae et Wi-Fi.<\/p>\n<\/div>\n<\/div>\n<div class=\"c-split-module__item \">\n<div class=\"c-split-module__image\">\n<div class=\"c-image-container hp-image-d04f-3f5b with-ratio\"><img decoding=\"async\" class=\"inner-image\" src=\"https:\/\/ssl-product-images.www8-hp.com\/digmedialib\/prodimg\/lowres\/c08013337.png\" alt=\"22C1 Victus by HP 15L Gaming Desktop PC MicaSilver nonODD CoreSet Left Facing\" data-wec-listener-initialized=\"true\" \/><\/div>\n<\/div>\n<div class=\"c-split-module__text\">\n<h3 class=\"h2 c-split-module__title\">Une seule machine pour tout<\/h3>\n<p class=\"h4 c-split-module__description\">Pour le loisir comme pour le travail, un PC moderne puissant et polyvalent avec Windows\u00a011, 9\u00a0ports USB et un stockage colossal.<\/p>\n<\/div>\n<\/div>\n<div class=\"c-split-module__item \">\n<div class=\"c-split-module__image\">\n<div class=\"c-image-container hp-image-28a7-9c05 with-ratio\"><img decoding=\"async\" class=\"inner-image\" src=\"https:\/\/ssl-product-images.www8-hp.com\/digmedialib\/prodimg\/lowres\/c08013308.png\" alt=\"22C1 Victus by HP 15L Gaming Desktop PC MicaSilver nonODD CoreSet Right Facing\" data-wec-listener-initialized=\"true\" \/><\/div>\n<\/div>\n<div class=\"c-split-module__text\">\n<h3 class=\"h2 c-split-module__title\">Faites passer votre jeu au niveau sup\u00e9rieur avec OMEN Gaming Hub<\/h3>\n<p class=\"h4 c-split-module__description\">Le OMEN Gaming Hub t\u2019offre la ma\u00eetrise de tous les \u00e9l\u00e9ments, de l\u2019\u00e9tat du syst\u00e8me jusqu\u2019aux commandes mat\u00e9rielles sans oublier l\u2019\u00e9clairage RGB.<\/p>\n<\/div>\n<\/div>\n<\/div>\n<\/section>\n<\/div>\n<div class=\"anchor aem-GridColumn aem-GridColumn--default--12\">\n<div id=\"features\">\n<div class=\"column-module\">\n<section class=\"c-column-module m-bg-desktops-type-2\" data-metrics-link-placement=\"catalog:column\">\n<div class=\"c-default-container\">\n<div class=\"c-column-module__content\">\n<div class=\"c-column-module__features\">\n<div class=\"c-column-module-feature\">\n<h4 class=\"c-column-module-feature__title h4\">Une toute nouvelle perspective<\/h4>\n<div class=\"c-column-module-feature__description h5\">\n<p>Depuis la nouvelle version du menu D\u00e9marrer jusqu\u2019aux nouvelles fa\u00e7ons de vous connecter \u00e0 vos contacts, actualit\u00e9s, jeux et contenus pr\u00e9f\u00e9r\u00e9s, Windows\u00a011 est le lieu id\u00e9al pour penser, s\u2019exprimer et cr\u00e9er de mani\u00e8re naturelle.<\/p>\n<\/div>\n<\/div>\n<div class=\"c-column-module-feature\">\n<h4 class=\"c-column-module-feature__title h4\">Un processeur dynamique qui s&#8217;adapte \u00e0 vous pour des performances multit\u00e2ches accrues<\/h4>\n<div class=\"c-column-module-feature__description h5\">\n<p>Les processeurs Intel\u00ae Core\u2122 de 14\u00e8me g\u00e9n\u00e9ration distribuent les performances l\u00e0 o\u00f9 vous en avez le plus besoin, vous permettant de gagner du temps et de faire ce que vous voulez vraiment.<\/p>\n<\/div>\n<\/div>\n<div class=\"c-column-module-feature\">\n<h4 class=\"c-column-module-feature__title h4\">NVIDIA\u00ae GeForce RTX\u2122 4060<\/h4>\n<div class=\"c-column-module-feature__description h5\">\n<p>Obtenez des performances incroyables gr\u00e2ce aux c\u0153urs Ray Tracing et Tensor am\u00e9lior\u00e9s, aux nouveaux multiprocesseurs de streaming et \u00e0 la m\u00e9moire G6 haute vitesse.<\/p>\n<\/div>\n<\/div>\n<div class=\"c-column-module-feature\">\n<h4 class=\"c-column-module-feature__title h4\">Stockage SSD PCIe NVMe\u2122 M.2<\/h4>\n<div class=\"c-column-module-feature__description h5\">\n<p>D\u00e9marrez votre ordinateur en quelques secondes avec 1 To de stockage SSD PCIe NVMe\u2122 M.2.<\/p>\n<\/div>\n<\/div>\n<\/div>\n<\/div>\n<\/div>\n<\/section>\n<\/div>\n<\/div>\n<\/div>\n<h2><\/h2>\n<h2>CARACT\u00c9RISTIQUES PRINCIPALES :<\/h2>\n<ul class=\"a-unordered-list a-vertical a-spacing-mini\">\n<li><span class=\"a-list-item\"><strong>Processeur Intel Core i5-14400F<\/strong><\/span> (6 Performance-Cores 2.5 GHz \/ 4.7 GHz Turbo + 4 Efficient-Cores 1.8 GHz \/ 3.5 GHz Turbo \u2013 <span class=\"a-list-item\">16MB L3 cache, 10 cores, 16 threads<\/span><\/li>\n<li><strong>16 Go<\/strong> de m\u00e9moire DDR4 <span class=\"a-list-item\">(1x16GB)<\/span> 3200 MHz<\/li>\n<li>Fonctionnement fluide et rapide avec un\u00a0<strong>SSD M.2 PCIe de 1 To<\/strong><\/li>\n<li>Puce graphique\u00a0<strong>NVIDIA GeForce RTX 4060 8GB GDDR6<\/strong><\/li>\n<li class=\"a-spacing-mini\"><span class=\"a-list-item\">Ports: 2 x USB Type-A with 10Gbps signal speed, 2 x USB Type-A with signal speed of 5 Gbps, 1 x headphone\/microphone combo, 4 x USB 2.0 type A, 1 x audio in, 1 x audio output, 1 x RJ-45, 1 x VGA, 1 x HDMI 1.4b output<\/span><\/li>\n<li>Neuf<\/li>\n<\/ul>\n","protected":false},"excerpt":{"rendered":"<h2>CARACT\u00c9RISTIQUES PRINCIPALES :<\/h2>\n<ul class=\"a-unordered-list a-vertical a-spacing-mini\">\n<li><span class=\"a-list-item\"><strong>Processeur Intel Core i5-14400F<\/strong><\/span> (6 Performance-Cores 2.5 GHz \/ 4.7 GHz Turbo + 4 Efficient-Cores 1.8 GHz \/ 3.5 GHz Turbo \u2013 <span class=\"a-list-item\">16MB L3 cache, 10 cores, 16 threads<\/span><\/li>\n<li><strong>16 Go<\/strong> de m\u00e9moire DDR4 <span class=\"a-list-item\">(1x16GB)<\/span> 3200 MHz<\/li>\n<li>Fonctionnement fluide et rapide avec un\u00a0<strong>SSD M.2 PCIe de 1 To<\/strong><\/li>\n<li>Puce graphique\u00a0<strong>NVIDIA GeForce RTX 4060 8GB GDDR6<\/strong><\/li>\n<li class=\"a-spacing-mini\"><span class=\"a-list-item\">Ports: 2 x USB Type-A with 10Gbps signal speed, 2 x USB Type-A with signal speed of 5 Gbps, 1 x headphone\/microphone combo, 4 x USB 2.0 type A, 1 x audio in, 1 x audio output, 1 x RJ-45, 1 x VGA, 1 x HDMI 1.4b output<\/span><\/li>\n<li>Neuf<\/li>\n<\/ul>\n","protected":false},"featured_media":1010358,"template":"","meta":{"_acf_changed":false},"pwb-brand":[],"product_brand":[],"product_cat":[57,53],"product_tag":[],"pcb_component_type":[],"class_list":{"0":"post-10349","1":"product","2":"type-product","3":"status-publish","4":"has-post-thumbnail","6":"product_cat-intel","7":"product_cat-pc-gamer","9":"first","10":"outofstock","11":"shipping-taxable","12":"product-type-simple"},"translation":{"provider":"WPGlobus","version":"3.0.2","language":"fr","enabled_languages":["en","es","de","fr","ru"],"languages":{"en":{"title":true,"content":true,"excerpt":true},"es":{"title":false,"content":false,"excerpt":false},"de":{"title":false,"content":false,"excerpt":false},"fr":{"title":false,"content":false,"excerpt":false},"ru":{"title":false,"content":false,"excerpt":false}}},"acf":[],"yoast_head":"<!-- This site is optimized with the Yoast SEO plugin v27.2 - https:\/\/yoast.com\/product\/yoast-seo-wordpress\/ -->\n<title>Victus by HP 15L Gaming Desktop\/ 16GB DDR4\/ 1TB SSD \/ 4060 8GB - Osaka<\/title>\n<meta name=\"robots\" content=\"index, follow, max-snippet:-1, max-image-preview:large, max-video-preview:-1\" \/>\n<link rel=\"canonical\" href=\"https:\/\/osaka.ma\/product\/victus-by-hp-15l-gaming-desktop-16gb-ddr4-1tb-ssd-4060-8gb\/\" \/>\n<meta property=\"og:locale\" content=\"fr_FR\" \/>\n<meta property=\"og:type\" content=\"article\" \/>\n<meta property=\"og:title\" content=\"Victus by HP 15L Gaming Desktop\/ 16GB DDR4\/ 1TB SSD \/ 4060 8GB - Osaka\" \/>\n<meta property=\"og:url\" content=\"https:\/\/osaka.ma\/product\/victus-by-hp-15l-gaming-desktop-16gb-ddr4-1tb-ssd-4060-8gb\/\" \/>\n<meta property=\"og:site_name\" content=\"Osaka\" \/>\n<meta property=\"article:modified_time\" content=\"2024-12-18T15:36:19+00:00\" \/>\n<meta property=\"og:image\" content=\"https:\/\/osaka.ma\/wp-content\/uploads\/2024\/09\/Victus-by-HP-15L-Gaming-Desktop-PC-2.jpg\" \/>\n\t<meta property=\"og:image:width\" content=\"755\" \/>\n\t<meta property=\"og:image:height\" content=\"580\" \/>\n\t<meta property=\"og:image:type\" content=\"image\/jpeg\" \/>\n<meta name=\"twitter:card\" content=\"summary_large_image\" \/>\n<meta name=\"twitter:label1\" content=\"Dur\u00e9e de lecture estim\u00e9e\" \/>\n\t<meta name=\"twitter:data1\" content=\"3 minutes\" \/>\n<script type=\"application\/ld+json\" class=\"yoast-schema-graph\">{\"@context\":\"https:\/\/schema.org\",\"@graph\":[{\"@type\":\"WebPage\",\"@id\":\"https:\/\/osaka.ma\/product\/victus-by-hp-15l-gaming-desktop-16gb-ddr4-1tb-ssd-4060-8gb\/\",\"url\":\"https:\/\/osaka.ma\/product\/victus-by-hp-15l-gaming-desktop-16gb-ddr4-1tb-ssd-4060-8gb\/\",\"name\":\"Victus by HP 15L Gaming Desktop\/ 16GB DDR4\/ 1TB SSD \/ 4060 8GB - Osaka\",\"isPartOf\":{\"@id\":\"https:\/\/osaka.ma\/fr\/#website\"},\"primaryImageOfPage\":{\"@id\":\"https:\/\/osaka.ma\/product\/victus-by-hp-15l-gaming-desktop-16gb-ddr4-1tb-ssd-4060-8gb\/#primaryimage\"},\"image\":{\"@id\":\"https:\/\/osaka.ma\/product\/victus-by-hp-15l-gaming-desktop-16gb-ddr4-1tb-ssd-4060-8gb\/#primaryimage\"},\"thumbnailUrl\":\"https:\/\/osaka.ma\/wp-content\/uploads\/2024\/09\/Victus-by-HP-15L-Gaming-Desktop-PC-2.jpg\",\"datePublished\":\"2024-09-10T15:52:25+00:00\",\"dateModified\":\"2024-12-18T15:36:19+00:00\",\"breadcrumb\":{\"@id\":\"https:\/\/osaka.ma\/product\/victus-by-hp-15l-gaming-desktop-16gb-ddr4-1tb-ssd-4060-8gb\/#breadcrumb\"},\"inLanguage\":\"fr-FR\",\"potentialAction\":[{\"@type\":\"ReadAction\",\"target\":[\"https:\/\/osaka.ma\/product\/victus-by-hp-15l-gaming-desktop-16gb-ddr4-1tb-ssd-4060-8gb\/\"]}]},{\"@type\":\"ImageObject\",\"inLanguage\":\"fr-FR\",\"@id\":\"https:\/\/osaka.ma\/product\/victus-by-hp-15l-gaming-desktop-16gb-ddr4-1tb-ssd-4060-8gb\/#primaryimage\",\"url\":\"https:\/\/osaka.ma\/wp-content\/uploads\/2024\/09\/Victus-by-HP-15L-Gaming-Desktop-PC-2.jpg\",\"contentUrl\":\"https:\/\/osaka.ma\/wp-content\/uploads\/2024\/09\/Victus-by-HP-15L-Gaming-Desktop-PC-2.jpg\",\"width\":755,\"height\":580},{\"@type\":\"BreadcrumbList\",\"@id\":\"https:\/\/osaka.ma\/product\/victus-by-hp-15l-gaming-desktop-16gb-ddr4-1tb-ssd-4060-8gb\/#breadcrumb\",\"itemListElement\":[{\"@type\":\"ListItem\",\"position\":1,\"name\":\"Home\",\"item\":\"https:\/\/osaka.ma\/fr\/\"},{\"@type\":\"ListItem\",\"position\":2,\"name\":\"Shop\",\"item\":\"https:\/\/osaka.ma\/fr\/shop-2\/\"},{\"@type\":\"ListItem\",\"position\":3,\"name\":\"Victus by HP 15L Gaming Desktop\/ 16GB DDR4\/ 1TB SSD \/ 4060 8GB\"}]},{\"@type\":\"WebSite\",\"@id\":\"https:\/\/osaka.ma\/fr\/#website\",\"url\":\"https:\/\/osaka.ma\/fr\/\",\"name\":\"Osaka\",\"description\":\"\",\"publisher\":{\"@id\":\"https:\/\/osaka.ma\/fr\/#organization\"},\"potentialAction\":[{\"@type\":\"SearchAction\",\"target\":{\"@type\":\"EntryPoint\",\"urlTemplate\":\"https:\/\/osaka.ma\/fr\/?s={search_term_string}\"},\"query-input\":{\"@type\":\"PropertyValueSpecification\",\"valueRequired\":true,\"valueName\":\"search_term_string\"}}],\"inLanguage\":\"fr-FR\"},{\"@type\":\"Organization\",\"@id\":\"https:\/\/osaka.ma\/fr\/#organization\",\"name\":\"Osaka\",\"url\":\"https:\/\/osaka.ma\/fr\/\",\"logo\":{\"@type\":\"ImageObject\",\"inLanguage\":\"fr-FR\",\"@id\":\"https:\/\/osaka.ma\/fr\/#\/schema\/logo\/image\/\",\"url\":\"https:\/\/osaka.ma\/wp-content\/uploads\/2026\/01\/model-slogan-logo-2Plan-de-travail-1dksl-plus-finnn.png\",\"contentUrl\":\"https:\/\/osaka.ma\/wp-content\/uploads\/2026\/01\/model-slogan-logo-2Plan-de-travail-1dksl-plus-finnn.png\",\"width\":842,\"height\":226,\"caption\":\"Osaka\"},\"image\":{\"@id\":\"https:\/\/osaka.ma\/fr\/#\/schema\/logo\/image\/\"}}]}<\/script>\n<!-- \/ Yoast SEO plugin. -->","yoast_head_json":{"title":"Victus by HP 15L Gaming Desktop\/ 16GB DDR4\/ 1TB SSD \/ 4060 8GB - Osaka","robots":{"index":"index","follow":"follow","max-snippet":"max-snippet:-1","max-image-preview":"max-image-preview:large","max-video-preview":"max-video-preview:-1"},"canonical":"https:\/\/osaka.ma\/product\/victus-by-hp-15l-gaming-desktop-16gb-ddr4-1tb-ssd-4060-8gb\/","og_locale":"fr_FR","og_type":"article","og_title":"Victus by HP 15L Gaming Desktop\/ 16GB DDR4\/ 1TB SSD \/ 4060 8GB - Osaka","og_url":"https:\/\/osaka.ma\/product\/victus-by-hp-15l-gaming-desktop-16gb-ddr4-1tb-ssd-4060-8gb\/","og_site_name":"Osaka","article_modified_time":"2024-12-18T15:36:19+00:00","og_image":[{"width":755,"height":580,"url":"https:\/\/osaka.ma\/wp-content\/uploads\/2024\/09\/Victus-by-HP-15L-Gaming-Desktop-PC-2.jpg","type":"image\/jpeg"}],"twitter_card":"summary_large_image","twitter_misc":{"Dur\u00e9e de lecture estim\u00e9e":"3 minutes"},"schema":{"@context":"https:\/\/schema.org","@graph":[{"@type":"WebPage","@id":"https:\/\/osaka.ma\/product\/victus-by-hp-15l-gaming-desktop-16gb-ddr4-1tb-ssd-4060-8gb\/","url":"https:\/\/osaka.ma\/product\/victus-by-hp-15l-gaming-desktop-16gb-ddr4-1tb-ssd-4060-8gb\/","name":"Victus by HP 15L Gaming Desktop\/ 16GB DDR4\/ 1TB SSD \/ 4060 8GB - Osaka","isPartOf":{"@id":"https:\/\/osaka.ma\/fr\/#website"},"primaryImageOfPage":{"@id":"https:\/\/osaka.ma\/product\/victus-by-hp-15l-gaming-desktop-16gb-ddr4-1tb-ssd-4060-8gb\/#primaryimage"},"image":{"@id":"https:\/\/osaka.ma\/product\/victus-by-hp-15l-gaming-desktop-16gb-ddr4-1tb-ssd-4060-8gb\/#primaryimage"},"thumbnailUrl":"https:\/\/osaka.ma\/wp-content\/uploads\/2024\/09\/Victus-by-HP-15L-Gaming-Desktop-PC-2.jpg","datePublished":"2024-09-10T15:52:25+00:00","dateModified":"2024-12-18T15:36:19+00:00","breadcrumb":{"@id":"https:\/\/osaka.ma\/product\/victus-by-hp-15l-gaming-desktop-16gb-ddr4-1tb-ssd-4060-8gb\/#breadcrumb"},"inLanguage":"fr-FR","potentialAction":[{"@type":"ReadAction","target":["https:\/\/osaka.ma\/product\/victus-by-hp-15l-gaming-desktop-16gb-ddr4-1tb-ssd-4060-8gb\/"]}]},{"@type":"ImageObject","inLanguage":"fr-FR","@id":"https:\/\/osaka.ma\/product\/victus-by-hp-15l-gaming-desktop-16gb-ddr4-1tb-ssd-4060-8gb\/#primaryimage","url":"https:\/\/osaka.ma\/wp-content\/uploads\/2024\/09\/Victus-by-HP-15L-Gaming-Desktop-PC-2.jpg","contentUrl":"https:\/\/osaka.ma\/wp-content\/uploads\/2024\/09\/Victus-by-HP-15L-Gaming-Desktop-PC-2.jpg","width":755,"height":580},{"@type":"BreadcrumbList","@id":"https:\/\/osaka.ma\/product\/victus-by-hp-15l-gaming-desktop-16gb-ddr4-1tb-ssd-4060-8gb\/#breadcrumb","itemListElement":[{"@type":"ListItem","position":1,"name":"Home","item":"https:\/\/osaka.ma\/fr\/"},{"@type":"ListItem","position":2,"name":"Shop","item":"https:\/\/osaka.ma\/fr\/shop-2\/"},{"@type":"ListItem","position":3,"name":"Victus by HP 15L Gaming Desktop\/ 16GB DDR4\/ 1TB SSD \/ 4060 8GB"}]},{"@type":"WebSite","@id":"https:\/\/osaka.ma\/fr\/#website","url":"https:\/\/osaka.ma\/fr\/","name":"Osaka","description":"","publisher":{"@id":"https:\/\/osaka.ma\/fr\/#organization"},"potentialAction":[{"@type":"SearchAction","target":{"@type":"EntryPoint","urlTemplate":"https:\/\/osaka.ma\/fr\/?s={search_term_string}"},"query-input":{"@type":"PropertyValueSpecification","valueRequired":true,"valueName":"search_term_string"}}],"inLanguage":"fr-FR"},{"@type":"Organization","@id":"https:\/\/osaka.ma\/fr\/#organization","name":"Osaka","url":"https:\/\/osaka.ma\/fr\/","logo":{"@type":"ImageObject","inLanguage":"fr-FR","@id":"https:\/\/osaka.ma\/fr\/#\/schema\/logo\/image\/","url":"https:\/\/osaka.ma\/wp-content\/uploads\/2026\/01\/model-slogan-logo-2Plan-de-travail-1dksl-plus-finnn.png","contentUrl":"https:\/\/osaka.ma\/wp-content\/uploads\/2026\/01\/model-slogan-logo-2Plan-de-travail-1dksl-plus-finnn.png","width":842,"height":226,"caption":"Osaka"},"image":{"@id":"https:\/\/osaka.ma\/fr\/#\/schema\/logo\/image\/"}}]}},"jetpack_sharing_enabled":true,"brands":[],"_links":{"self":[{"href":"https:\/\/osaka.ma\/fr\/wp-json\/wp\/v2\/product\/10349","targetHints":{"allow":["GET"]}}],"collection":[{"href":"https:\/\/osaka.ma\/fr\/wp-json\/wp\/v2\/product"}],"about":[{"href":"https:\/\/osaka.ma\/fr\/wp-json\/wp\/v2\/types\/product"}],"version-history":[{"count":0,"href":"https:\/\/osaka.ma\/fr\/wp-json\/wp\/v2\/product\/10349\/revisions"}],"wp:featuredmedia":[{"embeddable":true,"href":"https:\/\/osaka.ma\/fr\/wp-json\/wp\/v2\/media\/1010358"}],"wp:attachment":[{"href":"https:\/\/osaka.ma\/fr\/wp-json\/wp\/v2\/media?parent=10349"}],"wp:term":[{"taxonomy":"pwb-brand","embeddable":true,"href":"https:\/\/osaka.ma\/fr\/wp-json\/wp\/v2\/pwb-brand?post=10349"},{"taxonomy":"product_brand","embeddable":true,"href":"https:\/\/osaka.ma\/fr\/wp-json\/wp\/v2\/product_brand?post=10349"},{"taxonomy":"product_cat","embeddable":true,"href":"https:\/\/osaka.ma\/fr\/wp-json\/wp\/v2\/product_cat?post=10349"},{"taxonomy":"product_tag","embeddable":true,"href":"https:\/\/osaka.ma\/fr\/wp-json\/wp\/v2\/product_tag?post=10349"},{"taxonomy":"pcb_component_type","embeddable":true,"href":"https:\/\/osaka.ma\/fr\/wp-json\/wp\/v2\/pcb_component_type?post=10349"}],"curies":[{"name":"wp","href":"https:\/\/api.w.org\/{rel}","templated":true}]}}