{"id":10375,"date":"2024-09-10T18:18:36","date_gmt":"2024-09-10T18:18:36","guid":{"rendered":"https:\/\/osaka.ma\/?post_type=product&#038;p=10375"},"modified":"2024-12-18T15:36:19","modified_gmt":"2024-12-18T15:36:19","slug":"pc-gamer-i9-14900k-64gb-4tb-ssd-rtx-4090-24gb","status":"publish","type":"product","link":"https:\/\/osaka.ma\/fr\/product\/pc-gamer-i9-14900k-64gb-4tb-ssd-rtx-4090-24gb\/","title":{"rendered":"PC Gamer i9-14900K\/ 64GB\/ 4TB SSD\/ RTX 4090 24GB"},"content":{"rendered":"<div id=\"description\" class=\"description\">\n<div><img decoding=\"async\" class=\" wp-image-6550 aligncenter\" src=\"https:\/\/osaka.ma\/wp-content\/uploads\/2023\/10\/OSA-1.png\" alt=\"\" width=\"294\" height=\"113\" \/><\/div>\n<div><\/div>\n<\/div>\n<p><strong><i><img decoding=\"async\" class=\"\" src=\"https:\/\/media.ldlc.com\/bo\/images\/fiches\/kit_upgrade\/case_80.png\" alt=\"\" width=\"48\" height=\"48\" \/><\/i>PC Gamer Osaka<\/strong>\u00a0vous offre une configuration avec des composants \u00e9quilibr\u00e9s, ce PC Gamer compos\u00e9 d\u2019un processeur\u00a0<strong>INTEL\u00ae CORE\u2122i9 <\/strong>ainsi que d\u2019une carte graphique <strong>NVIDIA GEFORCE RTX 4000<\/strong> <b>series\u00a0<\/b>Il int\u00e8gre \u00e9galement un\u00a0<strong>SSD NVMe<\/strong>\u00a0<strong>GEN 4<\/strong>\u00a0pour un syst\u00e8me toujours plus rapide et<strong>\u00a0RAM DDR5<\/strong>. Voila les atouts de ce PC puissant taill\u00e9 pour travailler dans les meilleures conditions.<\/p>\n<p>&nbsp;<\/p>\n<h2>CARACT\u00c9RISTIQUES PRINCIPALES :<\/h2>\n<ul>\n<li>Processeur\u00a0<a href=\"https:\/\/osaka.ma\/produit\/intel-core-i9-14900k-3-2-ghz-5-8-ghz-2\/\"><strong>INTEL\u00aeCORE\u2122i9-14900K<\/strong><\/a>\u00a0 Processeur 24-Core (8 Performance-Cores 5.8 GHz Turbo + 16 Efficient-Cores 4.4 GHz Turbo) 32-Threads Socket 1700 Cache L3 36 MB Intel UHD Graphics 770<\/li>\n<li>Carte m\u00e8re <a href=\"https:\/\/osaka.ma\/produit\/asus-prime-z790-v-wifi\/#:~:text=CARACT%C3%89RISTIQUES%20PRINCIPALES%20%3A,d'affichage%20de%2060%20Hz\"><strong>ASUS PRIME Z790-V WIFI<\/strong><\/a><\/li>\n<li>Ram <a href=\"https:\/\/osaka.ma\/produit\/64gb-2x-16gb-corsair-vengeance-ddr5-5200mhz\/\"><strong>128GB (32X4) CORSAIR VENGEANCE DDR5 5200MHZ<\/strong><\/a><\/li>\n<li>Carte graphique <a href=\"https:\/\/osaka.ma\/produit\/gigabyte-geforce-rtx-4090-windforce-v2-24g\/\"><strong>Gigabyte GeForce RTX 4090 WINDFORCE v2 24G<\/strong><\/a><\/li>\n<li>Bo\u00eetier<a href=\"https:\/\/osaka.ma\/produit\/boitier-pc-acer-v950b-noir\/\"><strong>\u00a0E-ACER V950BK RGB ( 7 FANS + CONTROLLER )<\/strong><\/a><\/li>\n<li>SSD <a href=\"https:\/\/osaka.ma\/produit\/8tb-corsair-mp600-pro-lpx-ssd-m-2-gen4\/\"><strong>8TB Corsair MP600 PRO LPX SSD M.2 GEN4<\/strong><\/a><\/li>\n<li>Watercooler <a href=\"https:\/\/osaka.ma\/produit\/nzxt-kraken-elite-360-rgb\/\"><strong>NZXT KRAKEN ELITE 360 RGB<\/strong><\/a><\/li>\n<li>Alimentation <strong>MSI MAG A1250GL PCIE5 80PLUS Gold 1250W<\/strong><\/li>\n<li><strong>Win11 \/ Bien assembl\u00e9<\/strong><\/li>\n<\/ul>\n<div><\/div>\n<div class=\"logo\">\n<div class=\"logo\"><img decoding=\"async\" class=\"aligncenter\" src=\"https:\/\/media.ldlc.com\/v3\/marque\/bo\/00\/05\/72\/22\/V30005722262_2.jpg\" alt=\"Intel\" \/><\/div>\n<div id=\"description\" class=\"description\">\n<div class=\"details-pdt-desc\">\n<h2><\/h2>\n<h2 class=\"h2-master\">Faites en plus, sans compromis<\/h2>\n<section>Avec plus de c\u0153urs et des fr\u00e9quences plus \u00e9lev\u00e9es, les processeurs\u00a0<strong>Intel Core de 14\u00e8me g\u00e9n\u00e9ration<\/strong>\u00a0vous permettent d\u2019en faire plus, sans compromis sur les performances. Con\u00e7us pour r\u00e9pondre \u00e0 tous vos besoins, comme pour jouer dans les meilleures conditions, les processeurs\u00a0<strong>Intel Raptor Lake Refresh\u00a0<\/strong>sont ce qui se fait de mieux pour d\u00e9passer toutes les limites.<\/section>\n<section>\n<div class=\"desc-image\"><img decoding=\"async\" src=\"https:\/\/media.ldlc.com\/bo\/images\/fiches\/Processeur\/Intel\/intel_core_14th_i9k_001.jpg\" alt=\"\" \/><\/div>\n<div class=\"desc-text\">\n<h2><\/h2>\n<h2>Intel Core\u00a0i9-14900K 24-Core (8P+16E)<\/h2>\n<ul>\n<li>Processeur\u00a0<strong>24 Cores<\/strong>\u00a0\/ 32\u00a0Threads<\/li>\n<li><strong>8 Performance-Cores<\/strong>\u00a0(3.2 GHz \u2013 5.8\u00a0GHz) + 16 Efficient-Cores (jusqu\u2019\u00e0 4.4\u00a0GHz)<\/li>\n<li>Cache\u00a0<strong>L3 36 Mo<\/strong>\u00a0+ Cache L2 32\u00a0Mo<\/li>\n<li><strong>Unlocked\u00a0<\/strong>(coefficient multiplicateur d\u00e9bloqu\u00e9 pour l\u2019overclocking)<\/li>\n<li>IGP : Intel UHD Graphics 770<\/li>\n<li>Contr\u00f4leur m\u00e9moire : DDR4 \/\u00a0<strong>DDR5<\/strong><\/li>\n<li>Compatible\u00a0<strong>PCI-E 5.0<\/strong><\/li>\n<li>TDP\u00a0: 125W<\/li>\n<li>TDP max. (Turbo Power) : 253W<\/li>\n<\/ul>\n<\/div>\n<\/section>\n<\/div>\n<\/div>\n<\/div>\n<p>&nbsp;<\/p>\n<div class=\"logo\"><a href=\"https:\/\/www.ldlc.com\/gigabyte\/bint000000990\/\" rel=\"nofollow noopener\" target=\"_blank\"><img decoding=\"async\" src=\"https:\/\/media.ldlc.com\/v3\/marque\/190\/C000000990.gif\" alt=\"Gigabyte\" \/><\/a><\/div>\n<div id=\"description\" class=\"description\">\n<div class=\"details-pdt-desc\">\n<h2 class=\"h2-master\">Gigabyte GAMING OC : Carte graphique GAMING survitamin\u00e9e<\/h2>\n<section>La\u00a0<strong>carte graphique NVIDIA GeForce RTX 4090\u00a0<\/strong>offre une rapidit\u00e9 extr\u00eame pour les joueurs comme pour les cr\u00e9ateurs. Avec des performances hors norme et des capacit\u00e9s graphiques am\u00e9lior\u00e9es par Intelligence Artificielle, ce nouveau monstre de puissance vous permettra de plonger au c\u0153ur de l&#8217;action et de vous immerger dans des mondes aux graphismes ultra-r\u00e9alistes. Le rendu \u00e0 faible latence, les fr\u00e9quences d&#8217;images ultra-\u00e9lev\u00e9es et le ray tracing avanc\u00e9 vous permettront de jouer comme jamais auparavant. Enfin, de nouvelles m\u00e9thodes r\u00e9volutionnaires pour cr\u00e9er du contenu vous permettront d&#8217;acc\u00e9l\u00e9rer vos workflows de mani\u00e8re totalement in\u00e9dite.<\/section>\n<section>\n<div class=\"desc-image\"><img decoding=\"async\" src=\"https:\/\/media.ldlc.com\/bo\/images\/fiches\/Carte_graphique\/Gigabyte\/rtx_4090\/gigabyte_geforce_rtx4090_gaming_oc_24g.jpg\" alt=\"\" \/><\/div>\n<div class=\"desc-text\">\n<h2>Gigabyte GeForce RTX 4090 GAMING OC 24G<\/h2>\n<p>De la performance et de l&#8217;efficacit\u00e9, voil\u00e0 ce que propose Gigabyte avec sa carte graphique bas\u00e9e sur l&#8217;architecture NVIDIA Ada Lovelace. De la performance gr\u00e2ce\u00a0\u00e0 son overclocking d&#8217;usine\u00a0et\u00a0\u00e0 un syst\u00e8me de refroidissement exclusif et ultra-performant \u00e0 3 ventilateurs \u00e0 rotation altern\u00e9e (WINDFORCE 3X). Sans oublier bien s\u00fbr le\u00a0backplate m\u00e9tal\u00a0au dos du PCB de la carte.<\/p>\n<\/div>\n<\/section>\n<section>\n<div class=\"desc-text\">\n<h2>Architecture NVIDIA Ada Lovelace<\/h2>\n<p>Cette architecture nouvelle va vous permettre de garder une longueur d&#8217;avance. Elle est en avance sur son temps comme sur le jeu.<\/p>\n<ul>\n<li>Nouveaux multiprocesseurs de flux : Jusqu\u2019\u00e0 2 fois plus de performances et de rendement \u00e9nerg\u00e9tique<\/li>\n<li>C\u0153urs Tensor de quatri\u00e8me g\u00e9n\u00e9ration : Jusqu\u2019\u00e0 2 fois plus de performances d\u2019IA<\/li>\n<li>C\u0153urs RT de troisi\u00e8me g\u00e9n\u00e9ration : Jusqu\u2019\u00e0 2 fois plus de performances de ray tracing et des graphismes r\u00e9alistes et immersifs<\/li>\n<li>Plateforme NVIDIA Reflex \u00e0 faible latence<\/li>\n<li>Encodeur NVIDIA : Conception pour le streaming en direct<\/li>\n<li>NVIDIA Broadcast : Vid\u00e9o et voix optimis\u00e9es par l\u2019IA<\/li>\n<li>NVIDIA Studio : Acc\u00e9l\u00e9rez votre cr\u00e9ativit\u00e9<\/li>\n<li>NVIDIA DLSS 3 : Performances acc\u00e9l\u00e9r\u00e9es par l\u2019IA<\/li>\n<\/ul>\n<p>&nbsp;<\/p>\n<\/div>\n<div class=\"desc-image\"><img decoding=\"async\" src=\"https:\/\/media.ldlc.com\/bo\/images\/fiches\/Carte_graphique\/NVIDIA\/nvidia_ada_lovelace_001.jpg\" alt=\"\" \/><\/div>\n<\/section>\n<section>\n<div class=\"desc-image\"><img decoding=\"async\" src=\"https:\/\/media.ldlc.com\/bo\/images\/fiches\/Carte_graphique\/NVIDIA\/nvidia_ada_lovelace_002.jpg\" alt=\"\" \/><\/div>\n<div class=\"desc-text\">\n<h2>Ray tracing<\/h2>\n<p>Hyper-r\u00e9aliste et hyper-rapide, le Ray tracing vous rapproche au plus pr\u00e8s de la r\u00e9alit\u00e9. L\u2019architecture Ada exploite toute la puissance du ray tracing, qui simule le comportement de la lumi\u00e8re dans le monde r\u00e9el. Gr\u00e2ce \u00e0 la puissance des GPU RTX s\u00e9rie 40 et aux c\u0153urs RT de troisi\u00e8me g\u00e9n\u00e9ration, vous profitez de mondes virtuels plus d\u00e9taill\u00e9s que jamais.<\/p>\n<\/div>\n<\/section>\n<section>\n<div class=\"desc-text\">\n<h2>NVIDIA DLSS\u00a03<\/h2>\n<p>Multipliez vos performances gr\u00e2ce \u00e0 l\u2019IA. Innovation r\u00e9volutionnaire dans le domaine du rendu graphique bas\u00e9 sur l\u2019IA, le DLSS acc\u00e9l\u00e8re grandement les performances de jeu. Optimis\u00e9 par les c\u0153urs Tensor de quatri\u00e8me g\u00e9n\u00e9ration et l\u2019acc\u00e9l\u00e9rateur de flux optiques des GPU GeForce RTX s\u00e9rie 40, le DLSS 3 exploite l\u2019IA pour g\u00e9n\u00e9rer des images additionnelles de haute qualit\u00e9.<\/p>\n<\/div>\n<div class=\"desc-image\"><img decoding=\"async\" src=\"https:\/\/media.ldlc.com\/bo\/images\/fiches\/Carte_graphique\/NVIDIA\/nvidia_ada_lovelace_003.jpg\" alt=\"\" \/><\/div>\n<\/section>\n<section>\n<div class=\"desc-image\"><img decoding=\"async\" src=\"https:\/\/media.ldlc.com\/bo\/images\/fiches\/Carte_graphique\/NVIDIA\/nvidia_ada_lovelace_004.jpg\" alt=\"\" \/><\/div>\n<div class=\"desc-text\">\n<h2>NVIDIA Reflex<\/h2>\n<p>La victoire se mesure en millisecondes. Les GPU GeForce RTX s\u00e9rie 40 et la technologie NVIDIA Reflex fournissent la latence la plus faible et la meilleure r\u00e9activit\u00e9 pour vous garantir un avantage comp\u00e9titif ultime. Con\u00e7ue pour optimiser et mesurer la latence de votre syst\u00e8me, la technologie NVIDIA Reflex acc\u00e9l\u00e8re l\u2019acquisition des cibles, minimise les temps de r\u00e9action et renforce la pr\u00e9cision de vos tirs dans les jeux comp\u00e9titifs.<\/p>\n<\/div>\n<\/section>\n<section>\n<div class=\"desc-text\">\n<h2>NVIDIA Studio<\/h2>\n<p>Vos id\u00e9es, acc\u00e9l\u00e9r\u00e9es par NVIDIA Studio. Faites passer vos projets cr\u00e9atifs au niveau sup\u00e9rieur avec NVIDIA Studio. Optimis\u00e9es par un nouveau mat\u00e9riel d\u00e9di\u00e9, les cartes graphiques RTX s\u00e9rie 40 vous fournissent des performances in\u00e9gal\u00e9es pour le rendu 3D, le montage vid\u00e9o et la conception graphique. Profitez des capacit\u00e9s d\u2019acc\u00e9l\u00e9ration sans pr\u00e9c\u00e9dent de RTX dans les principales applications de cr\u00e9ation du march\u00e9, des pilotes NVIDIA Studio \u00e0 la pointe de la technologie con\u00e7us pour garantir un maximum de stabilit\u00e9 et d\u2019une suite d\u2019outils exclusifs exploitant la puissance de RTX pour acc\u00e9l\u00e9rer les workflows de cr\u00e9ation assist\u00e9s par l\u2019IA.<\/p>\n<\/div>\n<div class=\"desc-image\"><img decoding=\"async\" src=\"https:\/\/media.ldlc.com\/bo\/images\/fiches\/Carte_graphique\/NVIDIA\/nvidia_ada_lovelace_005.jpg\" alt=\"\" \/><\/div>\n<\/section>\n<div>\n<div><\/div>\n<div>\n<div class=\"logo\"><a href=\"https:\/\/www.ldlc.com\/en\/kingston\/bint000005591\/\" rel=\"nofollow noopener\" target=\"_blank\"><img decoding=\"async\" src=\"https:\/\/media.ldlc.com\/v3\/marque\/190\/C000005591.gif\" alt=\"Kingston\" \/><\/a><\/div>\n<div id=\"description\" class=\"description\">\n<div class=\"details-pdt-desc\">\n<h2 class=\"h2-master\">Kingston FURY Renegade: High performance PCIe 4.0 storage for gamers<\/h2>\n<section>The\u00a0<strong>Kingston FURY Renegade M.2 PCIe 4.0 x4 SSD<\/strong>\u00a0delivers industry-leading performance with large storage capacities and is designed for gamers and users looking for extreme performance from their PC. Using a Phison E18 PCIe 4.0 x4 NVMe controller and 3D TLC NAND, the Kingston FURY Renegade SSD delivers speeds of up to 7300 MB\/s read and 7000 MB\/s write<em>(depending on model<\/em>) for an exceptional gaming experience. From loading games and applications to streaming and capture, boost your overall system responsiveness.<\/section>\n<section>\n<div class=\"desc-image\"><img decoding=\"async\" src=\"https:\/\/media.ldlc.com\/bo\/images\/fiches\/disque_dur_ssd\/kingston\/kingston_fury_renegade.jpg\" alt=\"\" \/><\/div>\n<div class=\"desc-text\">\n<h2>Key Features<\/h2>\n<ul>\n<li>PCI-Express 4.0 x4 interface<\/li>\n<li>Phison E18 controller<\/li>\n<li>3D TLC NAND<\/li>\n<li>MTTF: 1.8 million hours<\/li>\n<li>Capacity: 4 TB<\/li>\n<li>Endurance : 4 PoE<\/li>\n<li>IOPS : 1,000,000 (4K random read and 4K random write)<\/li>\n<li>Sequential data rates: 7300 MB\/s (read) \/ 7000 MB\/s (write)<\/li>\n<li>Thin aluminium-graphene heat sink<\/li>\n<\/ul>\n<p>&nbsp;<\/p>\n<\/div>\n<\/section>\n<\/div>\n<\/div>\n<\/div>\n<div>\n<h2>CARACT\u00c9RISTIQUES PRINCIPALES :<\/h2>\n<ul>\n<li>Processeur\u00a0<a href=\"https:\/\/osaka.ma\/produit\/intel-core-i9-14900k-3-2-ghz-5-8-ghz-2\/\"><strong>INTEL\u00aeCORE\u2122i9-14900K<\/strong><\/a>\u00a0 Processeur 24-Core (8 Performance-Cores 5.8 GHz Turbo + 16 Efficient-Cores 4.4 GHz Turbo) 32-Threads Socket 1700 Cache L3 36 MB Intel UHD Graphics 770<\/li>\n<li>Carte m\u00e8re <a href=\"https:\/\/osaka.ma\/produit\/asus-prime-z790-v-wifi\/\"><strong>ASUS PRIME Z790-V WIFI<\/strong><\/a><\/li>\n<li>Ram <strong>64GB (16X4) <a href=\"https:\/\/osaka.ma\/produit\/32gb-2-x-16-gb-corsair-vengeance-rgb-ddr5-5600mhz\/\">CORSAIR VENGEANCE DDR5 5600MHZ<\/a><\/strong><\/li>\n<li>Carte graphique <a href=\"https:\/\/osaka.ma\/produit\/gigabyte-geforce-rtx-4090-windforce-v2-24g\/\"><strong>Gigabyte GeForce RTX 4090 WINDFORCE v2 24G<\/strong><\/a><\/li>\n<li>Bo\u00eetier<strong>\u00a0<a href=\"https:\/\/osaka.ma\/produit\/boitier-pc-acer-v950b-noir\/\">E-ACER V950BK RGB<\/a> ( 7 FANS + CONTROLLER )<\/strong><\/li>\n<li>SSD <strong>4TB KINGSTON FURY RENEGADE 4.0<\/strong><\/li>\n<li>Watercooler <a href=\"https:\/\/osaka.ma\/produit\/corsair-liquid-cooling-h150-rgb-360mm\/\"><strong>CORSAIR H150 360MM RGB<\/strong><\/a><\/li>\n<li>Alimentation <strong>MSI MPG A1000G 80PLUS Gold 1000W<\/strong><\/li>\n<li><strong>Win11 \/ Bien assembl\u00e9<\/strong><\/li>\n<\/ul>\n<\/div>\n<\/div>\n<\/div>\n<\/div>\n","protected":false},"excerpt":{"rendered":"<h2>CARACT\u00c9RISTIQUES PRINCIPALES :<\/h2>\n<ul>\n<li>Processeur\u00a0<strong>INTEL\u00aeCORE\u2122i9-14900K<\/strong>\u00a0 Processeur 24-Core (8 Performance-Cores 5.8 GHz Turbo + 16 Efficient-Cores 4.4 GHz Turbo) 32-Threads Socket 1700 Cache L3 36 MB Intel UHD Graphics 770<\/li>\n<li>Carte m\u00e8re <strong>ASUS PRIME Z790-V WIFI<\/strong><\/li>\n<li>Ram <strong>64GB (16X4) CORSAIR VENGEANCE DDR5 5600MHZ<\/strong><\/li>\n<li>Carte graphique <strong>Gigabyte GeForce RTX 4090 WINDFORCE v2 24G<\/strong><\/li>\n<li>Bo\u00eetier<strong>\u00a0E-ACER V950BK RGB ( 7 FANS + CONTROLLER )<\/strong><\/li>\n<li>SSD <strong>4TB KINGSTON FURY RENEGADE 4.0<\/strong><\/li>\n<li>Watercooler <strong>CORSAIR H150 360MM RGB<\/strong><\/li>\n<li>Alimentation <strong>MSI MPG A1000G 80PLUS Gold 1000W<\/strong><\/li>\n<li><strong>Win11 \/ Bien assembl\u00e9<\/strong><\/li>\n<\/ul>\n","protected":false},"featured_media":1010192,"template":"","meta":{"_acf_changed":false},"pwb-brand":[],"product_brand":[],"product_cat":[57,53,137,139],"product_tag":[],"pcb_component_type":[],"class_list":{"0":"post-10375","1":"product","2":"type-product","3":"status-publish","4":"has-post-thumbnail","6":"product_cat-intel","7":"product_cat-pc-gamer","8":"product_cat-setup-gamer","9":"product_cat-setup-gamer-intel","11":"first","12":"outofstock","13":"shipping-taxable","14":"product-type-simple"},"translation":{"provider":"WPGlobus","version":"3.0.2","language":"fr","enabled_languages":["en","es","de","fr","ru"],"languages":{"en":{"title":true,"content":true,"excerpt":true},"es":{"title":false,"content":false,"excerpt":false},"de":{"title":false,"content":false,"excerpt":false},"fr":{"title":false,"content":false,"excerpt":false},"ru":{"title":false,"content":false,"excerpt":false}}},"acf":[],"yoast_head":"<!-- This site is optimized with the Yoast SEO plugin v27.2 - https:\/\/yoast.com\/product\/yoast-seo-wordpress\/ -->\n<title>PC Gamer i9-14900K\/ 64GB\/ 4TB SSD\/ RTX 4090 24GB - Osaka<\/title>\n<meta name=\"robots\" content=\"index, follow, max-snippet:-1, max-image-preview:large, max-video-preview:-1\" \/>\n<link rel=\"canonical\" href=\"https:\/\/osaka.ma\/product\/pc-gamer-i9-14900k-64gb-4tb-ssd-rtx-4090-24gb\/\" \/>\n<meta property=\"og:locale\" content=\"fr_FR\" \/>\n<meta property=\"og:type\" content=\"article\" \/>\n<meta property=\"og:title\" content=\"PC Gamer i9-14900K\/ 64GB\/ 4TB SSD\/ RTX 4090 24GB - Osaka\" \/>\n<meta property=\"og:url\" content=\"https:\/\/osaka.ma\/product\/pc-gamer-i9-14900k-64gb-4tb-ssd-rtx-4090-24gb\/\" \/>\n<meta property=\"og:site_name\" content=\"Osaka\" \/>\n<meta property=\"article:modified_time\" content=\"2024-12-18T15:36:19+00:00\" \/>\n<meta property=\"og:image\" content=\"https:\/\/osaka.ma\/wp-content\/uploads\/2024\/08\/E-ACER-V950BK.png\" \/>\n\t<meta property=\"og:image:width\" content=\"700\" \/>\n\t<meta property=\"og:image:height\" content=\"538\" \/>\n\t<meta property=\"og:image:type\" content=\"image\/png\" \/>\n<meta name=\"twitter:card\" content=\"summary_large_image\" \/>\n<meta name=\"twitter:label1\" content=\"Dur\u00e9e de lecture estim\u00e9e\" \/>\n\t<meta name=\"twitter:data1\" content=\"8 minutes\" \/>\n<script type=\"application\/ld+json\" class=\"yoast-schema-graph\">{\"@context\":\"https:\/\/schema.org\",\"@graph\":[{\"@type\":\"WebPage\",\"@id\":\"https:\/\/osaka.ma\/product\/pc-gamer-i9-14900k-64gb-4tb-ssd-rtx-4090-24gb\/\",\"url\":\"https:\/\/osaka.ma\/product\/pc-gamer-i9-14900k-64gb-4tb-ssd-rtx-4090-24gb\/\",\"name\":\"PC Gamer i9-14900K\/ 64GB\/ 4TB SSD\/ RTX 4090 24GB - Osaka\",\"isPartOf\":{\"@id\":\"https:\/\/osaka.ma\/#website\"},\"primaryImageOfPage\":{\"@id\":\"https:\/\/osaka.ma\/product\/pc-gamer-i9-14900k-64gb-4tb-ssd-rtx-4090-24gb\/#primaryimage\"},\"image\":{\"@id\":\"https:\/\/osaka.ma\/product\/pc-gamer-i9-14900k-64gb-4tb-ssd-rtx-4090-24gb\/#primaryimage\"},\"thumbnailUrl\":\"https:\/\/osaka.ma\/wp-content\/uploads\/2024\/08\/E-ACER-V950BK.png\",\"datePublished\":\"2024-09-10T18:18:36+00:00\",\"dateModified\":\"2024-12-18T15:36:19+00:00\",\"breadcrumb\":{\"@id\":\"https:\/\/osaka.ma\/product\/pc-gamer-i9-14900k-64gb-4tb-ssd-rtx-4090-24gb\/#breadcrumb\"},\"inLanguage\":\"fr-FR\",\"potentialAction\":[{\"@type\":\"ReadAction\",\"target\":[\"https:\/\/osaka.ma\/product\/pc-gamer-i9-14900k-64gb-4tb-ssd-rtx-4090-24gb\/\"]}]},{\"@type\":\"ImageObject\",\"inLanguage\":\"fr-FR\",\"@id\":\"https:\/\/osaka.ma\/product\/pc-gamer-i9-14900k-64gb-4tb-ssd-rtx-4090-24gb\/#primaryimage\",\"url\":\"https:\/\/osaka.ma\/wp-content\/uploads\/2024\/08\/E-ACER-V950BK.png\",\"contentUrl\":\"https:\/\/osaka.ma\/wp-content\/uploads\/2024\/08\/E-ACER-V950BK.png\",\"width\":700,\"height\":538},{\"@type\":\"BreadcrumbList\",\"@id\":\"https:\/\/osaka.ma\/product\/pc-gamer-i9-14900k-64gb-4tb-ssd-rtx-4090-24gb\/#breadcrumb\",\"itemListElement\":[{\"@type\":\"ListItem\",\"position\":1,\"name\":\"Home\",\"item\":\"https:\/\/osaka.ma\/\"},{\"@type\":\"ListItem\",\"position\":2,\"name\":\"Shop\",\"item\":\"https:\/\/osaka.ma\/shop-2\/\"},{\"@type\":\"ListItem\",\"position\":3,\"name\":\"PC Gamer i9-14900K\/ 64GB\/ 4TB SSD\/ RTX 4090 24GB\"}]},{\"@type\":\"WebSite\",\"@id\":\"https:\/\/osaka.ma\/#website\",\"url\":\"https:\/\/osaka.ma\/\",\"name\":\"Osaka\",\"description\":\"\",\"publisher\":{\"@id\":\"https:\/\/osaka.ma\/#organization\"},\"potentialAction\":[{\"@type\":\"SearchAction\",\"target\":{\"@type\":\"EntryPoint\",\"urlTemplate\":\"https:\/\/osaka.ma\/?s={search_term_string}\"},\"query-input\":{\"@type\":\"PropertyValueSpecification\",\"valueRequired\":true,\"valueName\":\"search_term_string\"}}],\"inLanguage\":\"fr-FR\"},{\"@type\":\"Organization\",\"@id\":\"https:\/\/osaka.ma\/#organization\",\"name\":\"Osaka\",\"url\":\"https:\/\/osaka.ma\/\",\"logo\":{\"@type\":\"ImageObject\",\"inLanguage\":\"fr-FR\",\"@id\":\"https:\/\/osaka.ma\/#\/schema\/logo\/image\/\",\"url\":\"https:\/\/osaka.ma\/wp-content\/uploads\/2026\/01\/model-slogan-logo-2Plan-de-travail-1dksl-plus-finnn.png\",\"contentUrl\":\"https:\/\/osaka.ma\/wp-content\/uploads\/2026\/01\/model-slogan-logo-2Plan-de-travail-1dksl-plus-finnn.png\",\"width\":842,\"height\":226,\"caption\":\"Osaka\"},\"image\":{\"@id\":\"https:\/\/osaka.ma\/#\/schema\/logo\/image\/\"}}]}<\/script>\n<!-- \/ Yoast SEO plugin. -->","yoast_head_json":{"title":"PC Gamer i9-14900K\/ 64GB\/ 4TB SSD\/ RTX 4090 24GB - Osaka","robots":{"index":"index","follow":"follow","max-snippet":"max-snippet:-1","max-image-preview":"max-image-preview:large","max-video-preview":"max-video-preview:-1"},"canonical":"https:\/\/osaka.ma\/product\/pc-gamer-i9-14900k-64gb-4tb-ssd-rtx-4090-24gb\/","og_locale":"fr_FR","og_type":"article","og_title":"PC Gamer i9-14900K\/ 64GB\/ 4TB SSD\/ RTX 4090 24GB - Osaka","og_url":"https:\/\/osaka.ma\/product\/pc-gamer-i9-14900k-64gb-4tb-ssd-rtx-4090-24gb\/","og_site_name":"Osaka","article_modified_time":"2024-12-18T15:36:19+00:00","og_image":[{"width":700,"height":538,"url":"https:\/\/osaka.ma\/wp-content\/uploads\/2024\/08\/E-ACER-V950BK.png","type":"image\/png"}],"twitter_card":"summary_large_image","twitter_misc":{"Dur\u00e9e de lecture estim\u00e9e":"8 minutes"},"schema":{"@context":"https:\/\/schema.org","@graph":[{"@type":"WebPage","@id":"https:\/\/osaka.ma\/product\/pc-gamer-i9-14900k-64gb-4tb-ssd-rtx-4090-24gb\/","url":"https:\/\/osaka.ma\/product\/pc-gamer-i9-14900k-64gb-4tb-ssd-rtx-4090-24gb\/","name":"PC Gamer i9-14900K\/ 64GB\/ 4TB SSD\/ RTX 4090 24GB - Osaka","isPartOf":{"@id":"https:\/\/osaka.ma\/#website"},"primaryImageOfPage":{"@id":"https:\/\/osaka.ma\/product\/pc-gamer-i9-14900k-64gb-4tb-ssd-rtx-4090-24gb\/#primaryimage"},"image":{"@id":"https:\/\/osaka.ma\/product\/pc-gamer-i9-14900k-64gb-4tb-ssd-rtx-4090-24gb\/#primaryimage"},"thumbnailUrl":"https:\/\/osaka.ma\/wp-content\/uploads\/2024\/08\/E-ACER-V950BK.png","datePublished":"2024-09-10T18:18:36+00:00","dateModified":"2024-12-18T15:36:19+00:00","breadcrumb":{"@id":"https:\/\/osaka.ma\/product\/pc-gamer-i9-14900k-64gb-4tb-ssd-rtx-4090-24gb\/#breadcrumb"},"inLanguage":"fr-FR","potentialAction":[{"@type":"ReadAction","target":["https:\/\/osaka.ma\/product\/pc-gamer-i9-14900k-64gb-4tb-ssd-rtx-4090-24gb\/"]}]},{"@type":"ImageObject","inLanguage":"fr-FR","@id":"https:\/\/osaka.ma\/product\/pc-gamer-i9-14900k-64gb-4tb-ssd-rtx-4090-24gb\/#primaryimage","url":"https:\/\/osaka.ma\/wp-content\/uploads\/2024\/08\/E-ACER-V950BK.png","contentUrl":"https:\/\/osaka.ma\/wp-content\/uploads\/2024\/08\/E-ACER-V950BK.png","width":700,"height":538},{"@type":"BreadcrumbList","@id":"https:\/\/osaka.ma\/product\/pc-gamer-i9-14900k-64gb-4tb-ssd-rtx-4090-24gb\/#breadcrumb","itemListElement":[{"@type":"ListItem","position":1,"name":"Home","item":"https:\/\/osaka.ma\/"},{"@type":"ListItem","position":2,"name":"Shop","item":"https:\/\/osaka.ma\/shop-2\/"},{"@type":"ListItem","position":3,"name":"PC Gamer i9-14900K\/ 64GB\/ 4TB SSD\/ RTX 4090 24GB"}]},{"@type":"WebSite","@id":"https:\/\/osaka.ma\/#website","url":"https:\/\/osaka.ma\/","name":"Osaka","description":"","publisher":{"@id":"https:\/\/osaka.ma\/#organization"},"potentialAction":[{"@type":"SearchAction","target":{"@type":"EntryPoint","urlTemplate":"https:\/\/osaka.ma\/?s={search_term_string}"},"query-input":{"@type":"PropertyValueSpecification","valueRequired":true,"valueName":"search_term_string"}}],"inLanguage":"fr-FR"},{"@type":"Organization","@id":"https:\/\/osaka.ma\/#organization","name":"Osaka","url":"https:\/\/osaka.ma\/","logo":{"@type":"ImageObject","inLanguage":"fr-FR","@id":"https:\/\/osaka.ma\/#\/schema\/logo\/image\/","url":"https:\/\/osaka.ma\/wp-content\/uploads\/2026\/01\/model-slogan-logo-2Plan-de-travail-1dksl-plus-finnn.png","contentUrl":"https:\/\/osaka.ma\/wp-content\/uploads\/2026\/01\/model-slogan-logo-2Plan-de-travail-1dksl-plus-finnn.png","width":842,"height":226,"caption":"Osaka"},"image":{"@id":"https:\/\/osaka.ma\/#\/schema\/logo\/image\/"}}]}},"jetpack_sharing_enabled":true,"brands":[],"_links":{"self":[{"href":"https:\/\/osaka.ma\/fr\/wp-json\/wp\/v2\/product\/10375","targetHints":{"allow":["GET"]}}],"collection":[{"href":"https:\/\/osaka.ma\/fr\/wp-json\/wp\/v2\/product"}],"about":[{"href":"https:\/\/osaka.ma\/fr\/wp-json\/wp\/v2\/types\/product"}],"version-history":[{"count":0,"href":"https:\/\/osaka.ma\/fr\/wp-json\/wp\/v2\/product\/10375\/revisions"}],"wp:featuredmedia":[{"embeddable":true,"href":"https:\/\/osaka.ma\/fr\/wp-json\/wp\/v2\/media\/1010192"}],"wp:attachment":[{"href":"https:\/\/osaka.ma\/fr\/wp-json\/wp\/v2\/media?parent=10375"}],"wp:term":[{"taxonomy":"pwb-brand","embeddable":true,"href":"https:\/\/osaka.ma\/fr\/wp-json\/wp\/v2\/pwb-brand?post=10375"},{"taxonomy":"product_brand","embeddable":true,"href":"https:\/\/osaka.ma\/fr\/wp-json\/wp\/v2\/product_brand?post=10375"},{"taxonomy":"product_cat","embeddable":true,"href":"https:\/\/osaka.ma\/fr\/wp-json\/wp\/v2\/product_cat?post=10375"},{"taxonomy":"product_tag","embeddable":true,"href":"https:\/\/osaka.ma\/fr\/wp-json\/wp\/v2\/product_tag?post=10375"},{"taxonomy":"pcb_component_type","embeddable":true,"href":"https:\/\/osaka.ma\/fr\/wp-json\/wp\/v2\/pcb_component_type?post=10375"}],"curies":[{"name":"wp","href":"https:\/\/api.w.org\/{rel}","templated":true}]}}