{"id":10393,"date":"2024-09-13T15:37:36","date_gmt":"2024-09-13T15:37:36","guid":{"rendered":"https:\/\/osaka.ma\/?post_type=product&#038;p=10393"},"modified":"2024-12-18T15:36:19","modified_gmt":"2024-12-18T15:36:19","slug":"msi-katana-17-i7-12650h-16gb-1tb-rtx-4060-8gb-17-fhd-144hz","status":"publish","type":"product","link":"https:\/\/osaka.ma\/fr\/product\/msi-katana-17-i7-12650h-16gb-1tb-rtx-4060-8gb-17-fhd-144hz\/","title":{"rendered":"MSI KATANA 17 I7 12650H\/ 16GB\/ 1TB\/ RTX 4060 8GB 17 FHD 144HZ"},"content":{"rendered":"<div class=\"logo\"><a href=\"https:\/\/www.ldlc.com\/msi\/bint000000992\/\" rel=\"nofollow noopener\" target=\"_blank\"><img decoding=\"async\" src=\"https:\/\/media.ldlc.com\/v3\/marque\/bo\/00\/05\/99\/39\/V30005993997.gif\" alt=\"MSI\" \/><\/a><\/div>\n<div id=\"description\" class=\"description\">\n<div class=\"details-pdt-desc\">\n<h2 class=\"h2-master\">Performance de jeu et finesse avec un \u00e9cran 144 Hz<\/h2>\n<section>Le\u00a0<strong>MSI Katana 17 B12VFK-206FR<\/strong>\u00a0est un PC portable Gaming \u00e9quip\u00e9 d&#8217;un processeur Intel Core de 12e g\u00e9n\u00e9ration, d&#8217;une puce graphique NVIDIA GeForce RTX s\u00e9rie 4000, de RAM DDR5, d&#8217;un SSD PCIe ultra-rapide et d&#8217;un \u00e9cran Full HD 144 Hz. Ce PC portable Gamer MSI sera un achat id\u00e9al pour les joueurs \u00e0 la recherche d&#8217;un juste milieu entre performance et mobilit\u00e9, le tout pour un budget ma\u00eetris\u00e9.<br \/>\n<\/section>\n<section>\n<div class=\"desc-image\"><img decoding=\"async\" src=\"https:\/\/media.ldlc.com\/bo\/images\/fiches\/pc_portables\/msi\/katana_15\/801.jpg\" alt=\"\" \/><\/div>\n<div class=\"desc-text\">\n<h2>Processeur Intel Core i7 de 12e g\u00e9n\u00e9ration<\/h2>\n<p>Gr\u00e2ce aux processeurs Intel Core de 12e g\u00e9n\u00e9ration, l&#8217;ordinateur portable MSI Katana 17 offre des performances survitamin\u00e9es, qu&#8217;il s&#8217;agisse de projets multit\u00e2ches ou de jeux vid\u00e9o dernier cri. Gr\u00e2ce \u00e0 une architecture hybride hautes performances, les processeurs Intel Core de 12e g\u00e9n\u00e9ration offrent une combinaison unique de c\u0153urs performants et efficaces (P-core et E-core). La charge de travail \u00e9tant achemin\u00e9e intelligemment par Intel Thread Director, le processeur divise pour mieux conqu\u00e9rir !<\/p>\n<\/div>\n<\/section>\n<section>\n<div class=\"desc-text\">\n<h2>NVIDIA GeForce RTX 4060<\/h2>\n<p>Les puces graphiques NVIDIA GeForce RTX s\u00e9rie 40 offrent une rapidit\u00e9 extr\u00eame aux gamers et aux cr\u00e9ateurs. Bas\u00e9s sur l&#8217;architecture NVIDIA Ada Lovelace \u00e0 haut degr\u00e9 d\u2019efficacit\u00e9, ces GPU constituent une avanc\u00e9e d\u00e9cisive en mati\u00e8re de performances gr\u00e2ce au DLSS 3 bas\u00e9 sur l&#8217;IA et au ray tracing qui assure des images ultrar\u00e9alistes. De plus, la suite de technologies Max-Q optimise les performances du syst\u00e8me, l&#8217;alimentation, l&#8217;autonomie de la batterie et le niveau de bruit, pour une efficacit\u00e9 plus \u00e9lev\u00e9e.<\/p>\n<\/div>\n<div class=\"desc-image\"><img decoding=\"async\" src=\"https:\/\/media.ldlc.com\/bo\/images\/fiches\/pc_portables\/msi\/katana_15\/802.jpg\" alt=\"\" \/><\/div>\n<\/section>\n<section>\n<div class=\"desc-image\"><img decoding=\"async\" src=\"https:\/\/media.ldlc.com\/bo\/images\/fiches\/pc_portables\/msi\/katana_15\/803.jpg\" alt=\"\" \/><\/div>\n<div class=\"desc-text\">\n<h2>\u00e9cran 144 Hz \u00e0 cadre \u00e0 bords fins<\/h2>\n<p>L&#8217;\u00e9cran \u00e0 bords fins du Katana 17 offre un taux de rafra\u00eechissement de 144 Hz et vous assure des images r\u00e9alistes et d\u00e9taill\u00e9es pour des jeux plus immersifs. En tirant parti du meilleur de la carte graphique NVIDIA GeForce RTX int\u00e9gr\u00e9e, l&#8217;\u00e9cran du Katana 17 offre des jeux fluides avec des graphismes \u00e0 couper le souffle.<\/p>\n<\/div>\n<\/section>\n<section>\n<div class=\"desc-text\">\n<h2>Clavier Gaming<\/h2>\n<p>Cet ordinateur portable MSI Katana 17 est \u00e9quip\u00e9 d&#8217;un clavier \u00e0 quatre zones de r\u00e9tro\u00e9clairage ainsi que de touches ZQSD mises en avant par un r\u00e9tro\u00e9clairage d\u00e9di\u00e9 et un design sp\u00e9cial. Vivez totalement votre jeu et ressentez l&#8217;\u00e9nergie de votre ordinateur portable Katana avec style !<\/p>\n<\/div>\n<div class=\"desc-image\"><img decoding=\"async\" src=\"https:\/\/media.ldlc.com\/bo\/images\/fiches\/pc_portables\/msi\/katana_15\/804.jpg\" alt=\"\" \/><\/div>\n<\/section>\n<section class=\"list\">\n<h2>Caract\u00e9ristiques principales :<\/h2>\n<ul>\n<li><strong>Processeur Intel Core i7-12650H<\/strong>\u00a0(6 Performance-Cores 4.7 GHz Turbo + 4 Efficient-Cores 3.5 GHz Turbo &#8211; 16 Threads &#8211; Cache 24 Mo)<\/li>\n<li>\u00c9cran de 17.3 pouces avec\u00a0r\u00e9solution<strong>\u00a0Full HD\u00a0<\/strong>(1920 x 1080 pixels)<\/li>\n<li>Image fluide avec\u00a0<strong>fr\u00e9quence d&#8217;affichage de 144 Hz<\/strong><\/li>\n<li>16 Go de m\u00e9moire vive DDR5 (2x 8 Go &#8211; 2 slots avec maximum 64 Go au total)<\/li>\n<li>Puce graphique<strong>\u00a0NVIDIA GeForce RTX 4060 Laptop<\/strong>\u00a0avec 8 Go de m\u00e9moire d\u00e9di\u00e9e GDDR6 (2250 MHz &#8211; 105 W)<\/li>\n<li><strong>SSD M.2 PCIe 4.0 de 1 To<\/strong>\u00a0+ emplacement libre pour un second SSD M.2 PCIe<\/li>\n<li><strong>Clavier Gamer\u00a0<\/strong>avec\u00a0<strong>r\u00e9tro\u00e9clairage des touches RGB sur 4 zones<\/strong><\/li>\n<li>Communication sans fil fiable et performante\u00a0<strong>Wi-Fi 6<\/strong>\u00a0+<strong>\u00a0Bluetooth 5.2<\/strong><\/li>\n<li>Syst\u00e8me audio avec technologie Nahimic 3<\/li>\n<li>Cooler Boost 5 : refroidissement performant avec 2 ventilateurs et 4 caloducs<\/li>\n<li>Webcam HD 720p int\u00e9gr\u00e9e<\/li>\n<li>Adaptateur d&#8217;alimentation 200 W<\/li>\n<li><strong>Windows 11<\/strong><\/li>\n<li>Neuf<\/li>\n<\/ul>\n<\/section>\n<\/div>\n<\/div>\n","protected":false},"excerpt":{"rendered":"<h2>Caract\u00e9ristiques principales :<\/h2>\n<ul>\n<li><strong>Processeur Intel Core i7-12650H<\/strong>\u00a0(6 Performance-Cores 4.7 GHz Turbo + 4 Efficient-Cores 3.5 GHz Turbo &#8211; 16 Threads &#8211; Cache 24 Mo)<\/li>\n<li>\u00c9cran de 17.3 pouces avec\u00a0r\u00e9solution<strong>\u00a0Full HD\u00a0<\/strong>(1920 x 1080 pixels)<\/li>\n<li>Image fluide avec\u00a0<strong>fr\u00e9quence d&#8217;affichage de 144 Hz<\/strong><\/li>\n<li>16 Go de m\u00e9moire vive DDR5 (2x 8 Go &#8211; 2 slots avec maximum 64 Go au total)<\/li>\n<li>Puce graphique<strong>\u00a0NVIDIA GeForce RTX 4060 Laptop<\/strong>\u00a0avec 8 Go de m\u00e9moire d\u00e9di\u00e9e GDDR6 (2250 MHz &#8211; 105 W)<\/li>\n<li><strong>SSD M.2 PCIe 4.0 de 1 To<\/strong>\u00a0+ emplacement libre pour un second SSD M.2 PCIe<\/li>\n<li><strong>Clavier Gamer\u00a0<\/strong>avec\u00a0<strong>r\u00e9tro\u00e9clairage des touches RGB sur 4 zones<\/strong><\/li>\n<li>Communication sans fil fiable et performante\u00a0<strong>Wi-Fi 6<\/strong>\u00a0+<strong>\u00a0Bluetooth 5.2<\/strong><\/li>\n<li>Syst\u00e8me audio avec technologie Nahimic 3<\/li>\n<li>Cooler Boost 5 : refroidissement performant avec 2 ventilateurs et 4 caloducs<\/li>\n<li>Webcam HD 720p int\u00e9gr\u00e9e<\/li>\n<li>Adaptateur d&#8217;alimentation 200 W<\/li>\n<li><strong>Windows 11<\/strong><\/li>\n<li>Neuf<\/li>\n<li><\/li>\n<\/ul>\n","protected":false},"featured_media":1010398,"template":"","meta":{"_acf_changed":false},"pwb-brand":[],"product_brand":[],"product_cat":[122,121],"product_tag":[],"pcb_component_type":[],"class_list":{"0":"post-10393","1":"product","2":"type-product","3":"status-publish","4":"has-post-thumbnail","6":"product_cat-gaming","7":"product_cat-pc-portable","9":"first","10":"outofstock","11":"shipping-taxable","12":"product-type-simple"},"translation":{"provider":"WPGlobus","version":"3.0.2","language":"fr","enabled_languages":["en","es","de","fr","ru"],"languages":{"en":{"title":true,"content":true,"excerpt":true},"es":{"title":false,"content":false,"excerpt":false},"de":{"title":false,"content":false,"excerpt":false},"fr":{"title":false,"content":false,"excerpt":false},"ru":{"title":false,"content":false,"excerpt":false}}},"acf":[],"yoast_head":"<!-- This site is optimized with the Yoast SEO plugin v27.2 - https:\/\/yoast.com\/product\/yoast-seo-wordpress\/ -->\n<title>MSI KATANA 17 I7 12650H\/ 16GB\/ 1TB\/ RTX 4060 8GB 17 FHD 144HZ - Osaka<\/title>\n<meta name=\"robots\" content=\"index, follow, max-snippet:-1, max-image-preview:large, max-video-preview:-1\" \/>\n<link rel=\"canonical\" href=\"https:\/\/osaka.ma\/product\/msi-katana-17-i7-12650h-16gb-1tb-rtx-4060-8gb-17-fhd-144hz\/\" \/>\n<meta property=\"og:locale\" content=\"fr_FR\" \/>\n<meta property=\"og:type\" content=\"article\" \/>\n<meta property=\"og:title\" content=\"MSI KATANA 17 I7 12650H\/ 16GB\/ 1TB\/ RTX 4060 8GB 17 FHD 144HZ - Osaka\" \/>\n<meta property=\"og:url\" content=\"https:\/\/osaka.ma\/product\/msi-katana-17-i7-12650h-16gb-1tb-rtx-4060-8gb-17-fhd-144hz\/\" \/>\n<meta property=\"og:site_name\" content=\"Osaka\" \/>\n<meta property=\"article:modified_time\" content=\"2024-12-18T15:36:19+00:00\" \/>\n<meta property=\"og:image\" content=\"https:\/\/osaka.ma\/wp-content\/uploads\/2024\/09\/MSI-KATANA-17.jpg\" \/>\n\t<meta property=\"og:image:width\" content=\"700\" \/>\n\t<meta property=\"og:image:height\" content=\"869\" \/>\n\t<meta property=\"og:image:type\" content=\"image\/jpeg\" \/>\n<meta name=\"twitter:card\" content=\"summary_large_image\" \/>\n<meta name=\"twitter:label1\" content=\"Dur\u00e9e de lecture estim\u00e9e\" \/>\n\t<meta name=\"twitter:data1\" content=\"4 minutes\" \/>\n<script type=\"application\/ld+json\" class=\"yoast-schema-graph\">{\"@context\":\"https:\/\/schema.org\",\"@graph\":[{\"@type\":\"WebPage\",\"@id\":\"https:\/\/osaka.ma\/product\/msi-katana-17-i7-12650h-16gb-1tb-rtx-4060-8gb-17-fhd-144hz\/\",\"url\":\"https:\/\/osaka.ma\/product\/msi-katana-17-i7-12650h-16gb-1tb-rtx-4060-8gb-17-fhd-144hz\/\",\"name\":\"MSI KATANA 17 I7 12650H\/ 16GB\/ 1TB\/ RTX 4060 8GB 17 FHD 144HZ - Osaka\",\"isPartOf\":{\"@id\":\"https:\/\/osaka.ma\/#website\"},\"primaryImageOfPage\":{\"@id\":\"https:\/\/osaka.ma\/product\/msi-katana-17-i7-12650h-16gb-1tb-rtx-4060-8gb-17-fhd-144hz\/#primaryimage\"},\"image\":{\"@id\":\"https:\/\/osaka.ma\/product\/msi-katana-17-i7-12650h-16gb-1tb-rtx-4060-8gb-17-fhd-144hz\/#primaryimage\"},\"thumbnailUrl\":\"https:\/\/osaka.ma\/wp-content\/uploads\/2024\/09\/MSI-KATANA-17.jpg\",\"datePublished\":\"2024-09-13T15:37:36+00:00\",\"dateModified\":\"2024-12-18T15:36:19+00:00\",\"breadcrumb\":{\"@id\":\"https:\/\/osaka.ma\/product\/msi-katana-17-i7-12650h-16gb-1tb-rtx-4060-8gb-17-fhd-144hz\/#breadcrumb\"},\"inLanguage\":\"fr-FR\",\"potentialAction\":[{\"@type\":\"ReadAction\",\"target\":[\"https:\/\/osaka.ma\/product\/msi-katana-17-i7-12650h-16gb-1tb-rtx-4060-8gb-17-fhd-144hz\/\"]}]},{\"@type\":\"ImageObject\",\"inLanguage\":\"fr-FR\",\"@id\":\"https:\/\/osaka.ma\/product\/msi-katana-17-i7-12650h-16gb-1tb-rtx-4060-8gb-17-fhd-144hz\/#primaryimage\",\"url\":\"https:\/\/osaka.ma\/wp-content\/uploads\/2024\/09\/MSI-KATANA-17.jpg\",\"contentUrl\":\"https:\/\/osaka.ma\/wp-content\/uploads\/2024\/09\/MSI-KATANA-17.jpg\",\"width\":700,\"height\":869},{\"@type\":\"BreadcrumbList\",\"@id\":\"https:\/\/osaka.ma\/product\/msi-katana-17-i7-12650h-16gb-1tb-rtx-4060-8gb-17-fhd-144hz\/#breadcrumb\",\"itemListElement\":[{\"@type\":\"ListItem\",\"position\":1,\"name\":\"Home\",\"item\":\"https:\/\/osaka.ma\/\"},{\"@type\":\"ListItem\",\"position\":2,\"name\":\"Shop\",\"item\":\"https:\/\/osaka.ma\/shop-2\/\"},{\"@type\":\"ListItem\",\"position\":3,\"name\":\"MSI KATANA 17 I7 12650H\/ 16GB\/ 1TB\/ RTX 4060 8GB 17 FHD 144HZ\"}]},{\"@type\":\"WebSite\",\"@id\":\"https:\/\/osaka.ma\/#website\",\"url\":\"https:\/\/osaka.ma\/\",\"name\":\"Osaka\",\"description\":\"\",\"publisher\":{\"@id\":\"https:\/\/osaka.ma\/#organization\"},\"potentialAction\":[{\"@type\":\"SearchAction\",\"target\":{\"@type\":\"EntryPoint\",\"urlTemplate\":\"https:\/\/osaka.ma\/?s={search_term_string}\"},\"query-input\":{\"@type\":\"PropertyValueSpecification\",\"valueRequired\":true,\"valueName\":\"search_term_string\"}}],\"inLanguage\":\"fr-FR\"},{\"@type\":\"Organization\",\"@id\":\"https:\/\/osaka.ma\/#organization\",\"name\":\"Osaka\",\"url\":\"https:\/\/osaka.ma\/\",\"logo\":{\"@type\":\"ImageObject\",\"inLanguage\":\"fr-FR\",\"@id\":\"https:\/\/osaka.ma\/#\/schema\/logo\/image\/\",\"url\":\"https:\/\/osaka.ma\/wp-content\/uploads\/2026\/01\/model-slogan-logo-2Plan-de-travail-1dksl-plus-finnn.png\",\"contentUrl\":\"https:\/\/osaka.ma\/wp-content\/uploads\/2026\/01\/model-slogan-logo-2Plan-de-travail-1dksl-plus-finnn.png\",\"width\":842,\"height\":226,\"caption\":\"Osaka\"},\"image\":{\"@id\":\"https:\/\/osaka.ma\/#\/schema\/logo\/image\/\"}}]}<\/script>\n<!-- \/ Yoast SEO plugin. -->","yoast_head_json":{"title":"MSI KATANA 17 I7 12650H\/ 16GB\/ 1TB\/ RTX 4060 8GB 17 FHD 144HZ - Osaka","robots":{"index":"index","follow":"follow","max-snippet":"max-snippet:-1","max-image-preview":"max-image-preview:large","max-video-preview":"max-video-preview:-1"},"canonical":"https:\/\/osaka.ma\/product\/msi-katana-17-i7-12650h-16gb-1tb-rtx-4060-8gb-17-fhd-144hz\/","og_locale":"fr_FR","og_type":"article","og_title":"MSI KATANA 17 I7 12650H\/ 16GB\/ 1TB\/ RTX 4060 8GB 17 FHD 144HZ - Osaka","og_url":"https:\/\/osaka.ma\/product\/msi-katana-17-i7-12650h-16gb-1tb-rtx-4060-8gb-17-fhd-144hz\/","og_site_name":"Osaka","article_modified_time":"2024-12-18T15:36:19+00:00","og_image":[{"width":700,"height":869,"url":"https:\/\/osaka.ma\/wp-content\/uploads\/2024\/09\/MSI-KATANA-17.jpg","type":"image\/jpeg"}],"twitter_card":"summary_large_image","twitter_misc":{"Dur\u00e9e de lecture estim\u00e9e":"4 minutes"},"schema":{"@context":"https:\/\/schema.org","@graph":[{"@type":"WebPage","@id":"https:\/\/osaka.ma\/product\/msi-katana-17-i7-12650h-16gb-1tb-rtx-4060-8gb-17-fhd-144hz\/","url":"https:\/\/osaka.ma\/product\/msi-katana-17-i7-12650h-16gb-1tb-rtx-4060-8gb-17-fhd-144hz\/","name":"MSI KATANA 17 I7 12650H\/ 16GB\/ 1TB\/ RTX 4060 8GB 17 FHD 144HZ - Osaka","isPartOf":{"@id":"https:\/\/osaka.ma\/#website"},"primaryImageOfPage":{"@id":"https:\/\/osaka.ma\/product\/msi-katana-17-i7-12650h-16gb-1tb-rtx-4060-8gb-17-fhd-144hz\/#primaryimage"},"image":{"@id":"https:\/\/osaka.ma\/product\/msi-katana-17-i7-12650h-16gb-1tb-rtx-4060-8gb-17-fhd-144hz\/#primaryimage"},"thumbnailUrl":"https:\/\/osaka.ma\/wp-content\/uploads\/2024\/09\/MSI-KATANA-17.jpg","datePublished":"2024-09-13T15:37:36+00:00","dateModified":"2024-12-18T15:36:19+00:00","breadcrumb":{"@id":"https:\/\/osaka.ma\/product\/msi-katana-17-i7-12650h-16gb-1tb-rtx-4060-8gb-17-fhd-144hz\/#breadcrumb"},"inLanguage":"fr-FR","potentialAction":[{"@type":"ReadAction","target":["https:\/\/osaka.ma\/product\/msi-katana-17-i7-12650h-16gb-1tb-rtx-4060-8gb-17-fhd-144hz\/"]}]},{"@type":"ImageObject","inLanguage":"fr-FR","@id":"https:\/\/osaka.ma\/product\/msi-katana-17-i7-12650h-16gb-1tb-rtx-4060-8gb-17-fhd-144hz\/#primaryimage","url":"https:\/\/osaka.ma\/wp-content\/uploads\/2024\/09\/MSI-KATANA-17.jpg","contentUrl":"https:\/\/osaka.ma\/wp-content\/uploads\/2024\/09\/MSI-KATANA-17.jpg","width":700,"height":869},{"@type":"BreadcrumbList","@id":"https:\/\/osaka.ma\/product\/msi-katana-17-i7-12650h-16gb-1tb-rtx-4060-8gb-17-fhd-144hz\/#breadcrumb","itemListElement":[{"@type":"ListItem","position":1,"name":"Home","item":"https:\/\/osaka.ma\/"},{"@type":"ListItem","position":2,"name":"Shop","item":"https:\/\/osaka.ma\/shop-2\/"},{"@type":"ListItem","position":3,"name":"MSI KATANA 17 I7 12650H\/ 16GB\/ 1TB\/ RTX 4060 8GB 17 FHD 144HZ"}]},{"@type":"WebSite","@id":"https:\/\/osaka.ma\/#website","url":"https:\/\/osaka.ma\/","name":"Osaka","description":"","publisher":{"@id":"https:\/\/osaka.ma\/#organization"},"potentialAction":[{"@type":"SearchAction","target":{"@type":"EntryPoint","urlTemplate":"https:\/\/osaka.ma\/?s={search_term_string}"},"query-input":{"@type":"PropertyValueSpecification","valueRequired":true,"valueName":"search_term_string"}}],"inLanguage":"fr-FR"},{"@type":"Organization","@id":"https:\/\/osaka.ma\/#organization","name":"Osaka","url":"https:\/\/osaka.ma\/","logo":{"@type":"ImageObject","inLanguage":"fr-FR","@id":"https:\/\/osaka.ma\/#\/schema\/logo\/image\/","url":"https:\/\/osaka.ma\/wp-content\/uploads\/2026\/01\/model-slogan-logo-2Plan-de-travail-1dksl-plus-finnn.png","contentUrl":"https:\/\/osaka.ma\/wp-content\/uploads\/2026\/01\/model-slogan-logo-2Plan-de-travail-1dksl-plus-finnn.png","width":842,"height":226,"caption":"Osaka"},"image":{"@id":"https:\/\/osaka.ma\/#\/schema\/logo\/image\/"}}]}},"jetpack_sharing_enabled":true,"brands":[],"_links":{"self":[{"href":"https:\/\/osaka.ma\/fr\/wp-json\/wp\/v2\/product\/10393","targetHints":{"allow":["GET"]}}],"collection":[{"href":"https:\/\/osaka.ma\/fr\/wp-json\/wp\/v2\/product"}],"about":[{"href":"https:\/\/osaka.ma\/fr\/wp-json\/wp\/v2\/types\/product"}],"version-history":[{"count":0,"href":"https:\/\/osaka.ma\/fr\/wp-json\/wp\/v2\/product\/10393\/revisions"}],"wp:featuredmedia":[{"embeddable":true,"href":"https:\/\/osaka.ma\/fr\/wp-json\/wp\/v2\/media\/1010398"}],"wp:attachment":[{"href":"https:\/\/osaka.ma\/fr\/wp-json\/wp\/v2\/media?parent=10393"}],"wp:term":[{"taxonomy":"pwb-brand","embeddable":true,"href":"https:\/\/osaka.ma\/fr\/wp-json\/wp\/v2\/pwb-brand?post=10393"},{"taxonomy":"product_brand","embeddable":true,"href":"https:\/\/osaka.ma\/fr\/wp-json\/wp\/v2\/product_brand?post=10393"},{"taxonomy":"product_cat","embeddable":true,"href":"https:\/\/osaka.ma\/fr\/wp-json\/wp\/v2\/product_cat?post=10393"},{"taxonomy":"product_tag","embeddable":true,"href":"https:\/\/osaka.ma\/fr\/wp-json\/wp\/v2\/product_tag?post=10393"},{"taxonomy":"pcb_component_type","embeddable":true,"href":"https:\/\/osaka.ma\/fr\/wp-json\/wp\/v2\/pcb_component_type?post=10393"}],"curies":[{"name":"wp","href":"https:\/\/api.w.org\/{rel}","templated":true}]}}