{"id":10407,"date":"2024-09-16T17:17:24","date_gmt":"2024-09-16T17:17:24","guid":{"rendered":"https:\/\/osaka.ma\/?post_type=product&#038;p=10407"},"modified":"2025-01-20T14:36:32","modified_gmt":"2025-01-20T14:36:32","slug":"asus-rog-strix-g17-ryzen-9-7940hx-32gb-1tb-ssd-rtx-4070-8gb-17-3-fhd-ips-144hz","status":"publish","type":"product","link":"https:\/\/osaka.ma\/fr\/product\/asus-rog-strix-g17-ryzen-9-7940hx-32gb-1tb-ssd-rtx-4070-8gb-17-3-fhd-ips-144hz\/","title":{"rendered":"Asus Rog Strix G17 Ryzen 9-7940HX\/ 32GB\/ 1TB SSD\/ RTX 4070 8GB\/ 17.3&#8243; FHD IPS 144Hz"},"content":{"rendered":"<p><img decoding=\"async\" class=\"\" src=\"https:\/\/m.media-amazon.com\/images\/S\/aplus-media-library-service-media\/013ed55d-3571-4b7e-94c8-bd9ef4777988.__CR0,0,970,300_PT0_SX970_V1___.png\" alt=\"Asus Rog Strix, Pc portable, Ordinateur portable, Gaming, RGB Pc gameur \" data-src=\"https:\/\/m.media-amazon.com\/images\/S\/aplus-media-library-service-media\/013ed55d-3571-4b7e-94c8-bd9ef4777988.__CR0,0,970,300_PT0_SX970_V1___.png\" \/><\/p>\n<p><img decoding=\"async\" src=\"https:\/\/m.media-amazon.com\/images\/S\/aplus-media-library-service-media\/dd546998-0ca4-4c01-9dfc-38e115b63573.__CR0,0,300,300_PT0_SX300_V1___.jpg\" alt=\"Asus Rog Strix, Pc portable, Ordinateur portable, Gaming, RGB Pc gameur \" \/><\/p>\n<ul class=\"a-unordered-list a-vertical\">\n<li><span class=\"a-list-item\">Jusqu&#8217;\u00e0 un processeur AMD Ryzen 9 7945HX et jusqu&#8217;\u00e0 une carte graphique pour ordinateur portable NVIDIA GeForce RTX 4070<\/span><\/li>\n<li><span class=\"a-list-item\">Jusqu&#8217;\u00e0 une carte graphique pour ordinateur portable NVIDIA GeForce RTX 4070 avec une TGP maximale de 140 W, DLSS 3 et NVIDIA Advanced Optimus<\/span><\/li>\n<li><span class=\"a-list-item\">Refroidissement intelligent ROG avec un compos\u00e9 thermique \u00e0 base de m\u00e9tal liquide Conductonaut Extreme sur le CPU<\/span><\/li>\n<li><span class=\"a-list-item\">Jeu fluide et rapide avec un \u00e9cran FHD 144 Hz<\/span><\/li>\n<li><span class=\"a-list-item\">Prise en charge de Dolby Vision et Dolby Atmos pour un contenu immersif<\/span><\/li>\n<\/ul>\n<p><img decoding=\"async\" src=\"https:\/\/m.media-amazon.com\/images\/S\/aplus-media-library-service-media\/315bcd86-04a2-4369-8d2d-b4bb804f2820.__CR0,0,300,300_PT0_SX300_V1___.jpg\" alt=\"ASUS ROG STRIX G17 (G713) PC Portable Gamer 17&amp;#39;\" \/><\/p>\n<h4 class=\"a-spacing-mini\">Optimisez votre puissance de jeu.<\/h4>\n<p>Profitez de la puissance de Ryzen avec le processeur AMD Ryzen 9 7945HX. Ce processeur phare offre des performances incroyables en mono-thread, essentielles pour une exp\u00e9rience de jeu fluide. Lorsque vous avez besoin de diffuser ou d&#8217;enregistrer votre gameplay, les 16 c\u0153urs et 32 threads peuvent \u00e9galement montrer leur puissance multi-thread sans aucun probl\u00e8me. Peu importe comment vous pr\u00e9voyez de jouer, l&#8217;AMD Ryzen 9 7945HX est l\u00e0 pour vous soutenir. Les composants de haut niveau n\u00e9cessitent de la puissance, surtout en ce qui concerne les GPU de pointe. C&#8217;est pourquoi nous avons \u00e9quip\u00e9 le Strix G17 d&#8217;une TGP maximale de 140 W avec Dynamic Boost pour le GPU NVIDIA GeForce RTX 4070 pour ordinateur portable. Des limites de puissance plus \u00e9lev\u00e9es d\u00e9bloquent encore plus de performances de ce silicium de pointe, garantissant une exp\u00e9rience de jeu absolument exceptionnelle.<\/p>\n<p><img decoding=\"async\" src=\"https:\/\/m.media-amazon.com\/images\/S\/aplus-media-library-service-media\/e74d97cf-997f-4adc-84cb-d5f414719a90.__CR0,0,300,300_PT0_SX300_V1___.jpg\" alt=\"Asus Rog Strix, Pc portable, Ordinateur portable, Gaming, RGB Pc gameur \" \/><\/p>\n<h4 class=\"a-spacing-mini\">Optimisez votre puissance de jeu.<\/h4>\n<p>Profitez de la puissance de Ryzen avec le processeur AMD Ryzen 9 7945HX. Ce processeur phare offre des performances incroyables en mono-thread, essentielles pour une exp\u00e9rience de jeu fluide. Lorsque vous avez besoin de diffuser ou d&#8217;enregistrer votre gameplay, les 16 c\u0153urs et 32 threads peuvent \u00e9galement montrer leur puissance multi-thread sans aucun probl\u00e8me. Peu importe comment vous pr\u00e9voyez de jouer, l&#8217;AMD Ryzen 9 7945HX est l\u00e0 pour vous soutenir. Les composants de haut niveau n\u00e9cessitent de la puissance, surtout en ce qui concerne les GPU de pointe. C&#8217;est pourquoi nous avons \u00e9quip\u00e9 le Strix G17 d&#8217;une TGP maximale de 140 W avec Dynamic Boost pour le GPU NVIDIA GeForce RTX 4070 pour ordinateur portable. Des limites de puissance plus \u00e9lev\u00e9es d\u00e9bloquent encore plus de performances de ce silicium de pointe, garantissant une exp\u00e9rience de jeu absolument exceptionnelle.<\/p>\n<p><img decoding=\"async\" src=\"https:\/\/m.media-amazon.com\/images\/S\/aplus-media-library-service-media\/e74d97cf-997f-4adc-84cb-d5f414719a90.__CR0,0,300,300_PT0_SX300_V1___.jpg\" alt=\"Asus Rog Strix, Pc portable, Ordinateur portable, Gaming, RGB Pc gameur \" \/><\/p>\n<h4 class=\"a-spacing-mini\">Refroidissement intelligent ROG<\/h4>\n<p>Les composants de jeu haut de gamme g\u00e9n\u00e8rent de la chaleur, ce qui peut avoir un impact sur les performances et les niveaux sonores. Le Strix G17 utilise le refroidissement intelligent ROG pour maintenir les temp\u00e9ratures sous contr\u00f4le. Le conductonaut Extreme, un m\u00e9tal liquide, est utilis\u00e9 sur le CPU pour commencer le processus, ce qui permet de r\u00e9duire les temp\u00e9ratures jusqu&#8217;\u00e0 15\u00b0 Celsius par rapport aux p\u00e2tes thermiques traditionnelles. Quatre sorties d&#8217;air assurent que l&#8217;ordinateur portable puisse se d\u00e9barrasser de la chaleur excessive de la mani\u00e8re la plus efficace possible.<\/p>\n<p><img decoding=\"async\" src=\"https:\/\/m.media-amazon.com\/images\/S\/aplus-media-library-service-media\/bcb28802-9ff1-42cd-b193-d6ac3ba8afe6.__CR0,0,300,300_PT0_SX300_V1___.jpg\" alt=\"Asus Rog Strix, Pc portable, Ordinateur portable Gaming, Gmaeur, RGB\" \/><\/p>\n<h4 class=\"a-spacing-mini\">Sous les radars<\/h4>\n<p>L&#8217;option de couleur Eclipse Gray permet de garder le v\u00e9ritable potentiel de votre ordinateur portable discret, permettant \u00e0 cette machine de jeu de se fondre dans la foule lorsque vous \u00eates en d\u00e9placement.<\/p>\n<p><img decoding=\"async\" src=\"https:\/\/m.media-amazon.com\/images\/S\/aplus-media-library-service-media\/be02e8df-718c-496a-9fe0-16861e28b3f7.__CR0,0,300,300_PT0_SX300_V1___.jpg\" alt=\"ASUS ROG STRIX G17 (G713) PC Portable Gamer 17&amp;#39;\" \/><\/p>\n<h4 class=\"a-spacing-mini\">Fr\u00e9quence de comp\u00e9tition<\/h4>\n<p>En tant qu&#8217;ordinateur de jeu sp\u00e9cialement con\u00e7u, le Strix G17 offre des options d&#8217;\u00e9cran QHD 240 Hz et FHD 144 Hz, avec prise en charge du NVIDIA G-SYNC. Les \u00e9crans \u00e0 taux de rafra\u00eechissement \u00e9lev\u00e9 sont essentiels pour les jeux comp\u00e9titifs, ils permettent de lisser les animations et de rendre les mouvements des ennemis plus faciles \u00e0 suivre. M\u00eame dans les jeux les plus rapides, le Strix G17 peut vous aider \u00e0 rester concentr\u00e9 sur votre cible. Certains mod\u00e8les ont un temps de r\u00e9ponse de 3 ms et prennent en charge la technologie Dolby Vision HDR pour un contraste et une qualit\u00e9 d&#8217;image exceptionnels.<\/p>\n<p><img decoding=\"async\" src=\"https:\/\/m.media-amazon.com\/images\/S\/aplus-media-library-service-media\/fc84dd67-b258-4f1a-b5fb-9579f203ab7c.__CR0,0,300,300_PT0_SX300_V1___.jpg\" alt=\"ASUS ROG STRIX G17 (G713) PC Portable Gamer 17&amp;#39;\" \/><\/p>\n<h4 class=\"a-spacing-mini\">Communication claire comme du cristal<\/h4>\n<p>Les haut-parleurs Smart Amp associ\u00e9s au Dolby Atmos am\u00e9liorent l&#8217;immersion spatiale avec des effets sonores plus nuanc\u00e9s et superpos\u00e9s que vous pouvez optimiser avec des modes pr\u00e9d\u00e9finis sp\u00e9cialement r\u00e9gl\u00e9s pour les films et les jeux. L&#8217;audio Hi-Res garantit une qualit\u00e9 sonore optimale lorsque vous \u00e9coutez avec des \u00e9couteurs. La technologie de suppression du bruit AI filtre \u00e0 la fois le son entrant et sortant, garantissant une communication d&#8217;une clart\u00e9 cristalline, m\u00eame en pr\u00e9sence de bruit de fond. Ne manquez plus jamais un appel important.<\/p>\n<p><img decoding=\"async\" src=\"https:\/\/m.media-amazon.com\/images\/S\/aplus-media-library-service-media\/5b6a6451-fa07-4fc8-945d-920e84ebb1d6.__CR0,0,300,300_PT0_SX300_V1___.jpg\" alt=\" \" \/><\/p>\n<h4 class=\"a-spacing-mini\">Frappez avec pr\u00e9cision<\/h4>\n<p>La technologie Overstroke offre une exp\u00e9rience de travail et de jeu sublime sur le Strix G17, r\u00e9duisant l&#8217;activation des touches et am\u00e9liorant la r\u00e9activit\u00e9. Con\u00e7u en pensant aux joueurs, il dispose de touches de fonction espac\u00e9es pour une identification intuitive et de touches de raccourci d\u00e9di\u00e9es pour un acc\u00e8s rapide aux commandes essentielles. Les touches fl\u00e9ch\u00e9es de grande taille permettent un contr\u00f4le plus pr\u00e9cis dans l&#8217;intensit\u00e9 du combat. Un pav\u00e9 tactile g\u00e9n\u00e9reux facilite le suivi sur l&#8217;ensemble de vos applications. L&#8217;\u00e9clairage RGB \u00e0 4 zones vous permet de choisir parmi des millions de couleurs pour rendre le Strix G17 unique en son genre.<\/p>\n<p><img decoding=\"async\" src=\"https:\/\/m.media-amazon.com\/images\/S\/aplus-media-library-service-media\/9eacfd91-f5fc-4561-92f9-f14fc7b64c53.__CR0,0,300,300_PT0_SX300_V1___.jpg\" alt=\"ASUS ROG STRIX G17 (G713) PC Portable Gamer 17&amp;#39;\" \/><\/p>\n<h4 class=\"a-spacing-mini\">Restez aux commandes<\/h4>\n<p>Lorsque vous avez besoin de jouer en d\u00e9placement, d\u00e9branchez-vous et faites-en plus avec une batterie haute capacit\u00e9 de 90 Wh. Profitez de jusqu&#8217;\u00e0 12 heures de lecture vid\u00e9o sans vous soucier des prises de courant. Le Strix G prend en charge la charge rapide qui peut porter la capacit\u00e9 de votre appareil de 0 \u00e0 50% en seulement 30 minutes. Ou rechargez en d\u00e9placement avec un port USB de type C, en utilisant la batterie externe de votre choix.<\/p>\n<p><img decoding=\"async\" src=\"https:\/\/m.media-amazon.com\/images\/S\/aplus-media-library-service-media\/b52170e3-313f-45ea-b4e5-fe0a0893167a.__CR0,0,300,300_PT0_SX300_V1___.jpg\" alt=\"Asus Rog Strix, Pc portable, Ordinateur portable Gaming, Gmaeur, RGB\" \/><\/p>\n<h4 class=\"a-spacing-mini\">Connectivit\u00e9 compl\u00e8te<\/h4>\n<p>Donnez de la puissance \u00e0 votre configuration avec une s\u00e9lection polyvalente de ports d&#8217;E\/S. Cr\u00e9ez facilement une configuration multi-\u00e9crans gr\u00e2ce aux deux ports USB 3.2 de type C qui prennent tous deux en charge le DisplayPort 1.4, dont l&#8217;un prend \u00e9galement en charge la livraison d&#8217;alimentation USB. Deux ports USB 3.2 de type A de g\u00e9n\u00e9ration 1 sont pr\u00eats pour votre \u00e9quipement de jeu pr\u00e9f\u00e9r\u00e9, et un port LAN 1G garantit une connexion r\u00e9seau solide. Les ports cl\u00e9s sont strat\u00e9giquement positionn\u00e9s \u00e0 l&#8217;arri\u00e8re pour \u00e9loigner les c\u00e2bles de votre main de souris.<\/p>\n<h2>Caract\u00e9ristiques principales :<\/h2>\n<div class=\"a-row a-expander-container a-expander-inline-container\">\n<div class=\"a-expander-content a-expander-extend-content a-expander-content-expanded\" data-expanded=\"true\">\n<ul>\n<li><strong>Processeur AMD Ryzen 9\u00a0<\/strong><span class=\"a-list-item\"><strong>7940HX<\/strong> Mobile (16-core\/32-thread, 64MB L3 cache, jusqu&#8217;\u00e0 5.2 GHz max boost<\/span><\/li>\n<li><strong>32GB<\/strong> de m\u00e9moire vive <strong>DDR5 4800 MHz<\/strong> (2x 16 GB &#8211; 2 slots &#8211; maximum 32 GB au total)<\/li>\n<li>\u00c9cran de niveau IPS 17.3&#8243; avec r\u00e9solution FHD (1920 x 1080 pixels) et <strong>fr\u00e9quence de 144 Hz<\/strong><\/li>\n<li>Puce graphique\u00a0<strong>NVIDIA GeForce RTX 4070 Laptop 8GB <\/strong>de m\u00e9moire d\u00e9di\u00e9e GDDR6<\/li>\n<li><strong>SSD M.2 PCIe 4.0 de 1 TB <\/strong>+ 2 slot M.2 PCIe 4.0 libre<\/li>\n<li>Communication sans fil performante : Wi-Fi 6E + Bluetooth 5.3<\/li>\n<li>Clavier gaming avec touches r\u00e9tro\u00e9clair\u00e9es RGB<\/li>\n<li>Haut-parleurs int\u00e9gr\u00e9s 2 x 1W avec technologie Smart Amp<\/li>\n<li><b>Windows 11<\/b><\/li>\n<li><strong>Codition : Neuf (Sans emballage)<\/strong><\/li>\n<\/ul>\n<\/div>\n<\/div>\n","protected":false},"excerpt":{"rendered":"<h2>Caract\u00e9ristiques principales :<\/h2>\n<div class=\"a-row a-expander-container a-expander-inline-container\">\n<div class=\"a-expander-content a-expander-extend-content a-expander-content-expanded\" data-expanded=\"true\">\n<ul>\n<li><strong>Processeur AMD Ryzen 9\u00a0<\/strong><span class=\"a-list-item\"><strong>7940HX<\/strong> Mobile (16-core\/32-thread, 64MB L3 cache, jusqu&#8217;\u00e0 5.2 GHz max boost<\/span><\/li>\n<li><strong>32GB<\/strong> de m\u00e9moire vive <strong>DDR5 4800 MHz<\/strong> (2x 16 GB &#8211; 2 slots &#8211; maximum 32 GB au total)<\/li>\n<li>\u00c9cran de niveau IPS 17.3&#8243; avec r\u00e9solution FHD (1920 x 1080 pixels) et <strong>fr\u00e9quence de 144 Hz<\/strong><\/li>\n<li>Puce graphique\u00a0<strong>NVIDIA GeForce RTX 4070 Laptop 8GB <\/strong>de m\u00e9moire d\u00e9di\u00e9e GDDR6<\/li>\n<li><strong>SSD M.2 PCIe 4.0 de 1 TB <\/strong>+ 2 slot M.2 PCIe 4.0 libre<\/li>\n<li>Communication sans fil performante : Wi-Fi 6E + Bluetooth 5.3<\/li>\n<li>Clavier gaming avec touches r\u00e9tro\u00e9clair\u00e9es RGB<\/li>\n<li>Haut-parleurs int\u00e9gr\u00e9s 2 x 1W avec technologie Smart Amp<\/li>\n<li><b>Windows 11<\/b><\/li>\n<li><strong>Codition : Neuf<\/strong><\/li>\n<\/ul>\n<\/div>\n<\/div>\n","protected":false},"featured_media":1010409,"template":"","meta":{"_acf_changed":false},"pwb-brand":[],"product_brand":[],"product_cat":[122,121],"product_tag":[],"pcb_component_type":[],"class_list":{"0":"post-10407","1":"product","2":"type-product","3":"status-publish","4":"has-post-thumbnail","6":"product_cat-gaming","7":"product_cat-pc-portable","9":"first","10":"outofstock","11":"shipping-taxable","12":"product-type-simple"},"translation":{"provider":"WPGlobus","version":"3.0.2","language":"fr","enabled_languages":["en","es","de","fr","ru"],"languages":{"en":{"title":true,"content":true,"excerpt":true},"es":{"title":false,"content":false,"excerpt":false},"de":{"title":false,"content":false,"excerpt":false},"fr":{"title":false,"content":false,"excerpt":false},"ru":{"title":false,"content":false,"excerpt":false}}},"acf":[],"yoast_head":"<!-- This site is optimized with the Yoast SEO plugin v27.2 - https:\/\/yoast.com\/product\/yoast-seo-wordpress\/ -->\n<title>Asus Rog Strix G17 Ryzen 9-7940HX\/ 32GB\/ 1TB SSD\/ RTX 4070 8GB\/ 17.3&quot; FHD IPS 144Hz - Osaka<\/title>\n<meta name=\"robots\" content=\"index, follow, max-snippet:-1, max-image-preview:large, max-video-preview:-1\" \/>\n<link rel=\"canonical\" href=\"https:\/\/osaka.ma\/product\/asus-rog-strix-g17-ryzen-9-7940hx-32gb-1tb-ssd-rtx-4070-8gb-17-3-fhd-ips-144hz\/\" \/>\n<meta property=\"og:locale\" content=\"fr_FR\" \/>\n<meta property=\"og:type\" content=\"article\" \/>\n<meta property=\"og:title\" content=\"Asus Rog Strix G17 Ryzen 9-7940HX\/ 32GB\/ 1TB SSD\/ RTX 4070 8GB\/ 17.3&quot; FHD IPS 144Hz - Osaka\" \/>\n<meta property=\"og:url\" content=\"https:\/\/osaka.ma\/product\/asus-rog-strix-g17-ryzen-9-7940hx-32gb-1tb-ssd-rtx-4070-8gb-17-3-fhd-ips-144hz\/\" \/>\n<meta property=\"og:site_name\" content=\"Osaka\" \/>\n<meta property=\"article:modified_time\" content=\"2025-01-20T14:36:32+00:00\" \/>\n<meta property=\"og:image\" content=\"https:\/\/osaka.ma\/wp-content\/uploads\/2024\/09\/asus-rog-strix-g17-g713pi-hx120w-1.webp\" \/>\n\t<meta property=\"og:image:width\" content=\"800\" \/>\n\t<meta property=\"og:image:height\" content=\"800\" \/>\n\t<meta property=\"og:image:type\" content=\"image\/webp\" \/>\n<meta name=\"twitter:card\" content=\"summary_large_image\" \/>\n<meta name=\"twitter:label1\" content=\"Dur\u00e9e de lecture estim\u00e9e\" \/>\n\t<meta name=\"twitter:data1\" content=\"8 minutes\" \/>\n<script type=\"application\/ld+json\" class=\"yoast-schema-graph\">{\"@context\":\"https:\/\/schema.org\",\"@graph\":[{\"@type\":\"WebPage\",\"@id\":\"https:\/\/osaka.ma\/product\/asus-rog-strix-g17-ryzen-9-7940hx-32gb-1tb-ssd-rtx-4070-8gb-17-3-fhd-ips-144hz\/\",\"url\":\"https:\/\/osaka.ma\/product\/asus-rog-strix-g17-ryzen-9-7940hx-32gb-1tb-ssd-rtx-4070-8gb-17-3-fhd-ips-144hz\/\",\"name\":\"Asus Rog Strix G17 Ryzen 9-7940HX\/ 32GB\/ 1TB SSD\/ RTX 4070 8GB\/ 17.3\\\" FHD IPS 144Hz - Osaka\",\"isPartOf\":{\"@id\":\"https:\/\/osaka.ma\/#website\"},\"primaryImageOfPage\":{\"@id\":\"https:\/\/osaka.ma\/product\/asus-rog-strix-g17-ryzen-9-7940hx-32gb-1tb-ssd-rtx-4070-8gb-17-3-fhd-ips-144hz\/#primaryimage\"},\"image\":{\"@id\":\"https:\/\/osaka.ma\/product\/asus-rog-strix-g17-ryzen-9-7940hx-32gb-1tb-ssd-rtx-4070-8gb-17-3-fhd-ips-144hz\/#primaryimage\"},\"thumbnailUrl\":\"https:\/\/osaka.ma\/wp-content\/uploads\/2024\/09\/asus-rog-strix-g17-g713pi-hx120w-1.webp\",\"datePublished\":\"2024-09-16T17:17:24+00:00\",\"dateModified\":\"2025-01-20T14:36:32+00:00\",\"breadcrumb\":{\"@id\":\"https:\/\/osaka.ma\/product\/asus-rog-strix-g17-ryzen-9-7940hx-32gb-1tb-ssd-rtx-4070-8gb-17-3-fhd-ips-144hz\/#breadcrumb\"},\"inLanguage\":\"fr-FR\",\"potentialAction\":[{\"@type\":\"ReadAction\",\"target\":[\"https:\/\/osaka.ma\/product\/asus-rog-strix-g17-ryzen-9-7940hx-32gb-1tb-ssd-rtx-4070-8gb-17-3-fhd-ips-144hz\/\"]}]},{\"@type\":\"ImageObject\",\"inLanguage\":\"fr-FR\",\"@id\":\"https:\/\/osaka.ma\/product\/asus-rog-strix-g17-ryzen-9-7940hx-32gb-1tb-ssd-rtx-4070-8gb-17-3-fhd-ips-144hz\/#primaryimage\",\"url\":\"https:\/\/osaka.ma\/wp-content\/uploads\/2024\/09\/asus-rog-strix-g17-g713pi-hx120w-1.webp\",\"contentUrl\":\"https:\/\/osaka.ma\/wp-content\/uploads\/2024\/09\/asus-rog-strix-g17-g713pi-hx120w-1.webp\",\"width\":800,\"height\":800},{\"@type\":\"BreadcrumbList\",\"@id\":\"https:\/\/osaka.ma\/product\/asus-rog-strix-g17-ryzen-9-7940hx-32gb-1tb-ssd-rtx-4070-8gb-17-3-fhd-ips-144hz\/#breadcrumb\",\"itemListElement\":[{\"@type\":\"ListItem\",\"position\":1,\"name\":\"Home\",\"item\":\"https:\/\/osaka.ma\/\"},{\"@type\":\"ListItem\",\"position\":2,\"name\":\"Shop\",\"item\":\"https:\/\/osaka.ma\/shop-2\/\"},{\"@type\":\"ListItem\",\"position\":3,\"name\":\"Asus Rog Strix G17 Ryzen 9-7940HX\/ 32GB\/ 1TB SSD\/ RTX 4070 8GB\/ 17.3&#8243; FHD IPS 144Hz\"}]},{\"@type\":\"WebSite\",\"@id\":\"https:\/\/osaka.ma\/#website\",\"url\":\"https:\/\/osaka.ma\/\",\"name\":\"Osaka\",\"description\":\"\",\"publisher\":{\"@id\":\"https:\/\/osaka.ma\/#organization\"},\"potentialAction\":[{\"@type\":\"SearchAction\",\"target\":{\"@type\":\"EntryPoint\",\"urlTemplate\":\"https:\/\/osaka.ma\/?s={search_term_string}\"},\"query-input\":{\"@type\":\"PropertyValueSpecification\",\"valueRequired\":true,\"valueName\":\"search_term_string\"}}],\"inLanguage\":\"fr-FR\"},{\"@type\":\"Organization\",\"@id\":\"https:\/\/osaka.ma\/#organization\",\"name\":\"Osaka\",\"url\":\"https:\/\/osaka.ma\/\",\"logo\":{\"@type\":\"ImageObject\",\"inLanguage\":\"fr-FR\",\"@id\":\"https:\/\/osaka.ma\/#\/schema\/logo\/image\/\",\"url\":\"https:\/\/osaka.ma\/wp-content\/uploads\/2026\/01\/model-slogan-logo-2Plan-de-travail-1dksl-plus-finnn.png\",\"contentUrl\":\"https:\/\/osaka.ma\/wp-content\/uploads\/2026\/01\/model-slogan-logo-2Plan-de-travail-1dksl-plus-finnn.png\",\"width\":842,\"height\":226,\"caption\":\"Osaka\"},\"image\":{\"@id\":\"https:\/\/osaka.ma\/#\/schema\/logo\/image\/\"}}]}<\/script>\n<!-- \/ Yoast SEO plugin. -->","yoast_head_json":{"title":"Asus Rog Strix G17 Ryzen 9-7940HX\/ 32GB\/ 1TB SSD\/ RTX 4070 8GB\/ 17.3\" FHD IPS 144Hz - Osaka","robots":{"index":"index","follow":"follow","max-snippet":"max-snippet:-1","max-image-preview":"max-image-preview:large","max-video-preview":"max-video-preview:-1"},"canonical":"https:\/\/osaka.ma\/product\/asus-rog-strix-g17-ryzen-9-7940hx-32gb-1tb-ssd-rtx-4070-8gb-17-3-fhd-ips-144hz\/","og_locale":"fr_FR","og_type":"article","og_title":"Asus Rog Strix G17 Ryzen 9-7940HX\/ 32GB\/ 1TB SSD\/ RTX 4070 8GB\/ 17.3\" FHD IPS 144Hz - Osaka","og_url":"https:\/\/osaka.ma\/product\/asus-rog-strix-g17-ryzen-9-7940hx-32gb-1tb-ssd-rtx-4070-8gb-17-3-fhd-ips-144hz\/","og_site_name":"Osaka","article_modified_time":"2025-01-20T14:36:32+00:00","og_image":[{"width":800,"height":800,"url":"https:\/\/osaka.ma\/wp-content\/uploads\/2024\/09\/asus-rog-strix-g17-g713pi-hx120w-1.webp","type":"image\/webp"}],"twitter_card":"summary_large_image","twitter_misc":{"Dur\u00e9e de lecture estim\u00e9e":"8 minutes"},"schema":{"@context":"https:\/\/schema.org","@graph":[{"@type":"WebPage","@id":"https:\/\/osaka.ma\/product\/asus-rog-strix-g17-ryzen-9-7940hx-32gb-1tb-ssd-rtx-4070-8gb-17-3-fhd-ips-144hz\/","url":"https:\/\/osaka.ma\/product\/asus-rog-strix-g17-ryzen-9-7940hx-32gb-1tb-ssd-rtx-4070-8gb-17-3-fhd-ips-144hz\/","name":"Asus Rog Strix G17 Ryzen 9-7940HX\/ 32GB\/ 1TB SSD\/ RTX 4070 8GB\/ 17.3\" FHD IPS 144Hz - Osaka","isPartOf":{"@id":"https:\/\/osaka.ma\/#website"},"primaryImageOfPage":{"@id":"https:\/\/osaka.ma\/product\/asus-rog-strix-g17-ryzen-9-7940hx-32gb-1tb-ssd-rtx-4070-8gb-17-3-fhd-ips-144hz\/#primaryimage"},"image":{"@id":"https:\/\/osaka.ma\/product\/asus-rog-strix-g17-ryzen-9-7940hx-32gb-1tb-ssd-rtx-4070-8gb-17-3-fhd-ips-144hz\/#primaryimage"},"thumbnailUrl":"https:\/\/osaka.ma\/wp-content\/uploads\/2024\/09\/asus-rog-strix-g17-g713pi-hx120w-1.webp","datePublished":"2024-09-16T17:17:24+00:00","dateModified":"2025-01-20T14:36:32+00:00","breadcrumb":{"@id":"https:\/\/osaka.ma\/product\/asus-rog-strix-g17-ryzen-9-7940hx-32gb-1tb-ssd-rtx-4070-8gb-17-3-fhd-ips-144hz\/#breadcrumb"},"inLanguage":"fr-FR","potentialAction":[{"@type":"ReadAction","target":["https:\/\/osaka.ma\/product\/asus-rog-strix-g17-ryzen-9-7940hx-32gb-1tb-ssd-rtx-4070-8gb-17-3-fhd-ips-144hz\/"]}]},{"@type":"ImageObject","inLanguage":"fr-FR","@id":"https:\/\/osaka.ma\/product\/asus-rog-strix-g17-ryzen-9-7940hx-32gb-1tb-ssd-rtx-4070-8gb-17-3-fhd-ips-144hz\/#primaryimage","url":"https:\/\/osaka.ma\/wp-content\/uploads\/2024\/09\/asus-rog-strix-g17-g713pi-hx120w-1.webp","contentUrl":"https:\/\/osaka.ma\/wp-content\/uploads\/2024\/09\/asus-rog-strix-g17-g713pi-hx120w-1.webp","width":800,"height":800},{"@type":"BreadcrumbList","@id":"https:\/\/osaka.ma\/product\/asus-rog-strix-g17-ryzen-9-7940hx-32gb-1tb-ssd-rtx-4070-8gb-17-3-fhd-ips-144hz\/#breadcrumb","itemListElement":[{"@type":"ListItem","position":1,"name":"Home","item":"https:\/\/osaka.ma\/"},{"@type":"ListItem","position":2,"name":"Shop","item":"https:\/\/osaka.ma\/shop-2\/"},{"@type":"ListItem","position":3,"name":"Asus Rog Strix G17 Ryzen 9-7940HX\/ 32GB\/ 1TB SSD\/ RTX 4070 8GB\/ 17.3&#8243; FHD IPS 144Hz"}]},{"@type":"WebSite","@id":"https:\/\/osaka.ma\/#website","url":"https:\/\/osaka.ma\/","name":"Osaka","description":"","publisher":{"@id":"https:\/\/osaka.ma\/#organization"},"potentialAction":[{"@type":"SearchAction","target":{"@type":"EntryPoint","urlTemplate":"https:\/\/osaka.ma\/?s={search_term_string}"},"query-input":{"@type":"PropertyValueSpecification","valueRequired":true,"valueName":"search_term_string"}}],"inLanguage":"fr-FR"},{"@type":"Organization","@id":"https:\/\/osaka.ma\/#organization","name":"Osaka","url":"https:\/\/osaka.ma\/","logo":{"@type":"ImageObject","inLanguage":"fr-FR","@id":"https:\/\/osaka.ma\/#\/schema\/logo\/image\/","url":"https:\/\/osaka.ma\/wp-content\/uploads\/2026\/01\/model-slogan-logo-2Plan-de-travail-1dksl-plus-finnn.png","contentUrl":"https:\/\/osaka.ma\/wp-content\/uploads\/2026\/01\/model-slogan-logo-2Plan-de-travail-1dksl-plus-finnn.png","width":842,"height":226,"caption":"Osaka"},"image":{"@id":"https:\/\/osaka.ma\/#\/schema\/logo\/image\/"}}]}},"jetpack_sharing_enabled":true,"brands":[],"_links":{"self":[{"href":"https:\/\/osaka.ma\/fr\/wp-json\/wp\/v2\/product\/10407","targetHints":{"allow":["GET"]}}],"collection":[{"href":"https:\/\/osaka.ma\/fr\/wp-json\/wp\/v2\/product"}],"about":[{"href":"https:\/\/osaka.ma\/fr\/wp-json\/wp\/v2\/types\/product"}],"version-history":[{"count":0,"href":"https:\/\/osaka.ma\/fr\/wp-json\/wp\/v2\/product\/10407\/revisions"}],"wp:featuredmedia":[{"embeddable":true,"href":"https:\/\/osaka.ma\/fr\/wp-json\/wp\/v2\/media\/1010409"}],"wp:attachment":[{"href":"https:\/\/osaka.ma\/fr\/wp-json\/wp\/v2\/media?parent=10407"}],"wp:term":[{"taxonomy":"pwb-brand","embeddable":true,"href":"https:\/\/osaka.ma\/fr\/wp-json\/wp\/v2\/pwb-brand?post=10407"},{"taxonomy":"product_brand","embeddable":true,"href":"https:\/\/osaka.ma\/fr\/wp-json\/wp\/v2\/product_brand?post=10407"},{"taxonomy":"product_cat","embeddable":true,"href":"https:\/\/osaka.ma\/fr\/wp-json\/wp\/v2\/product_cat?post=10407"},{"taxonomy":"product_tag","embeddable":true,"href":"https:\/\/osaka.ma\/fr\/wp-json\/wp\/v2\/product_tag?post=10407"},{"taxonomy":"pcb_component_type","embeddable":true,"href":"https:\/\/osaka.ma\/fr\/wp-json\/wp\/v2\/pcb_component_type?post=10407"}],"curies":[{"name":"wp","href":"https:\/\/api.w.org\/{rel}","templated":true}]}}