{"id":10717,"date":"2024-10-01T10:45:57","date_gmt":"2024-10-01T10:45:57","guid":{"rendered":"https:\/\/osaka.ma\/?post_type=product&#038;p=10717"},"modified":"2024-12-18T15:36:22","modified_gmt":"2024-12-18T15:36:22","slug":"pc-gamer-i7-14700kf-32gb-2tb-ssd-rtx-3090ti-24gb","status":"publish","type":"product","link":"https:\/\/osaka.ma\/fr\/product\/pc-gamer-i7-14700kf-32gb-2tb-ssd-rtx-3090ti-24gb\/","title":{"rendered":"PC Gamer i7-14700KF\/ 32GB\/ 2TB SSD\/ RTX 3090TI 24GB"},"content":{"rendered":"<h4>Caract\u00e9ristiques principales :<\/h4>\n<ul>\n<li>Processeur <strong><strong>Intel Core i7-14700KF <\/strong><\/strong>Processeur 20-Core (8 Performance-Cores + 12 Efficient-Cores) 28-Threads Socket 1700 Cache L3 33 Mo 0.010 micron<\/li>\n<li>Carte m\u00e8re <a href=\"https:\/\/osaka.ma\/produit\/asus-prime-z790-v-wifi\/\"><strong>ASUS PRIME Z790-V WIFI<\/strong><\/a><\/li>\n<li>Ram <strong>32GB(16&#215;2) CORSAIR RGB DDR5 5200MHZ<\/strong><\/li>\n<li>Carte graphique <a href=\"https:\/\/osaka.ma\/produit\/evga-ftw3-geforce-rtx-3090-ti-24gb\/\"><strong>EVGA FTW3 GEFORCE RTX 3090TI 24GB<\/strong><\/a><\/li>\n<li>Bo\u00eetier <a href=\"https:\/\/osaka.ma\/produit\/msi-gungnir-110r\/\"><strong>MSI GUNGNIR 110R<\/strong><\/a><\/li>\n<li>SSD <strong><a href=\"https:\/\/osaka.ma\/produit\/2tb-kingston-ssd-nv2\/\">2TB KINGSTON NV2<\/a><\/strong><\/li>\n<li>Watercoling\u00a0 <strong>MSI MAG CORELEQUID M240<\/strong><\/li>\n<li>Alimentation <a href=\"https:\/\/osaka.ma\/produit\/msi-mag-a750bn-pcie5-0\/\"><strong>MSI MAG A750BN PCIE5<\/strong><\/a><\/li>\n<li><strong>Win11 \/ Bien assembl\u00e9<\/strong><\/li>\n<\/ul>\n<div class=\"logo\">\n<div class=\"logo\">\n<div class=\"logo\"><a href=\"https:\/\/www.ldlc.com\/intel\/bint000000192\/\" rel=\"nofollow noopener\" target=\"_blank\"><img decoding=\"async\" src=\"https:\/\/media.ldlc.com\/v3\/marque\/bo\/00\/05\/72\/22\/V30005722262_2.jpg\" alt=\"Intel\" \/><\/a><\/div>\n<div id=\"description\" class=\"description\">\n<div class=\"details-pdt-desc\">\n<h2 class=\"h2-master\">Faites en plus, sans compromis<\/h2>\n<section>Avec plus de c\u0153urs et des fr\u00e9quences plus \u00e9lev\u00e9es, les processeurs\u00a0<strong>Intel Core de 14\u00e8me g\u00e9n\u00e9ration<\/strong>\u00a0vous permettent d&#8217;en faire plus, sans compromis sur les performances. Con\u00e7us pour r\u00e9pondre \u00e0 tous vos besoins, comme pour jouer dans les meilleures conditions, les processeurs\u00a0<strong>Intel Raptor Lake Refresh\u00a0<\/strong>sont ce qui se fait de mieux pour d\u00e9passer toutes les limites.<\/section>\n<section>\n<div class=\"desc-image\"><img decoding=\"async\" src=\"https:\/\/media.ldlc.com\/bo\/images\/fiches\/Processeur\/Intel\/intel_core_14th_i7k_001.jpg\" alt=\"\" \/><\/div>\n<div class=\"desc-text\">\n<h2>Intel Core\u00a0i7-14700KF 20-Core (8P+12E)<\/h2>\n<ul>\n<li>Processeur\u00a0<strong>20 Cores<\/strong>\u00a0\/ 28\u00a0Threads<\/li>\n<li><strong>8 Performance-Cores<\/strong>\u00a0(3.4 GHz &#8211; 5.6\u00a0GHz) + 12 Efficient-Cores (jusqu&#8217;\u00e0 4.3\u00a0GHz)<\/li>\n<li>Cache\u00a0<strong>L3 33 Mo<\/strong>\u00a0+ Cache L2 28 Mo<\/li>\n<li><strong>Unlocked\u00a0<\/strong>(coefficient multiplicateur d\u00e9bloqu\u00e9 pour l&#8217;overclocking)<\/li>\n<li>IGP : Aucun<\/li>\n<li>Contr\u00f4leur m\u00e9moire : DDR4 \/\u00a0<strong>DDR5<\/strong><\/li>\n<li>Compatible\u00a0<strong>PCI-E 5.0<\/strong><\/li>\n<li>TDP\u00a0: 125W<\/li>\n<li>TDP max. (Turbo Power) : 253W<\/li>\n<\/ul>\n<\/div>\n<\/section>\n<section>\n<div class=\"desc-text\">\n<h2>Architecture hybride<\/h2>\n<p>Les processeurs Intel\u00a0Core\u00a0sont dot\u00e9s d&#8217;une nouvelle architecture hybride optimis\u00e9e et de technologies de pointe qui vous permettent d&#8217;aller au-del\u00e0 des jeux vid\u00e9o et de la cr\u00e9ation. Avec Intel, profitez d&#8217;une exp\u00e9rience sans compromis pour toutes vos t\u00e2ches. Intel vous donne les moyens de sans cesse vous surpasser, sur tous vos terrains de jeu.\u00a0L&#8217;architecture hybride hautes performances d&#8217;Intel est con\u00e7ue pour r\u00e9pondre aux besoins des jeux les plus exigeants.<\/p>\n<\/div>\n<div class=\"desc-image\"><img decoding=\"async\" src=\"https:\/\/media.ldlc.com\/bo\/images\/fiches\/Processeur\/Intel\/intel_core_14th_003.jpg\" alt=\"\" \/><\/div>\n<\/section>\n<section>\n<div class=\"desc-image\"><img decoding=\"async\" src=\"https:\/\/media.ldlc.com\/bo\/images\/fiches\/Processeur\/Intel\/intel_core_14th_002.jpg\" alt=\"\" \/><\/div>\n<div class=\"desc-text\">\n<h2>Potentiel illimit\u00e9<\/h2>\n<p>Avec encore plus d&#8217;E-cores et de puissance pour le multit\u00e2che, il est temps de travailler et de jouer en m\u00eame temps. Jouez tout en regardant des vid\u00e9os en streaming, en \u00e9coutant de la musique et en encodant des vid\u00e9os.\u00a0Gr\u00e2ce \u00e0 leurs Performance-cores, les processeurs Intel\u00a0Core\u00a014\u1d49\u00a0g\u00e9n\u00e9ration\u00a0lib\u00e8rent toute la puissance n\u00e9cessaire pour optimiser les jeux les plus exigeants d&#8217;aujourd&#8217;hui.\u00a0Intel Thread Director vous permet de jouer sans interruptions\u00a0: pas besoin de vous soucier des t\u00e2ches d&#8217;arri\u00e8re-plan qui vous ralentissent. Intel\u00a0Smart Cache\u00a0: la taille \u00e9tendue du cache acc\u00e9l\u00e8re le processeur, offrant ainsi de meilleures performances, une fr\u00e9quence d&#8217;images plus \u00e9lev\u00e9e et plus r\u00e9guli\u00e8re, ainsi que des chargements plus rapides.<\/p>\n<\/div>\n<\/section>\n<\/div>\n<\/div>\n<\/div>\n<div id=\"description\" class=\"description\">\n<div class=\"details-pdt-desc\">\n<section>\u00a0<\/section>\n<div class=\"logo\"><a href=\"https:\/\/www.ldlc.com\/evga\/bint000033842\/\" rel=\"nofollow noopener\" target=\"_blank\"><img decoding=\"async\" src=\"https:\/\/media.ldlc.com\/v3\/marque\/190\/C000033842.gif\" alt=\"EVGA\" \/><\/a><\/div>\n<div id=\"description\" class=\"description\">\n<div class=\"details-pdt-desc\">\n<h2 class=\"h2-master\">Des performances exceptionnelles en 8K HDR<\/h2>\n<section><strong>Jouez en 8K HDR et streamez comme un pro<\/strong>\u00a0avec la<strong>\u00a0carte graphique gaming ultra-haut de gamme NVIDIA GeForce RTX 3090 Ti<\/strong>. Le nouveau monstre de NVIDIA vous permettra de profiter au mieux des derniers jeux PC en ultra-haute r\u00e9solution avec tous les d\u00e9tails au maximum.\u00a0La\u00a0<strong>carte graphique EVGA GeForce RTX 3090 Ti FTW3 GAMING<\/strong>\u00a0embarque\u00a0<strong>24\u00a0Go de m\u00e9moire vid\u00e9o<\/strong>\u00a0de nouvelle g\u00e9n\u00e9ration\u00a0<strong>GDDR6X<\/strong>. Ce mod\u00e8le\u00a0b\u00e9n\u00e9ficie de<strong>\u00a0fr\u00e9quences de fonctionnement \u00e9lev\u00e9es<\/strong>\u00a0et d&#8217;un<strong>\u00a0syst\u00e8me de refroidissement am\u00e9lior\u00e9<\/strong>\u00a0gage de fiabilit\u00e9 et de performances \u00e0 long terme.<\/section>\n<section>\n<div class=\"desc-image\"><img decoding=\"async\" src=\"https:\/\/media.ldlc.com\/bo\/images\/fiches\/Carte_graphique\/EVGA\/evga_rtx_ftw3_001.jpg\" alt=\"\" \/><\/div>\n<div class=\"desc-text\">\n<h2>EVGA GeForce RTX 3090 Ti FTW3 GAMING<\/h2>\n<p>Tous les ingr\u00e9dients du succ\u00e8s et de la performance ont \u00e9t\u00e9 r\u00e9unis par EVGA pour vous permettre de jouer \u00e0 vos Hits PC favoris dans les meilleures conditions : Syst\u00e8me de refroidissement \u00e0 3 ventilateurs (iCX3 Technology), backplate m\u00e9tal ajour\u00e9 et LEDs aRGB. La carte b\u00e9n\u00e9ficie d&#8217;un design superbe et d&#8217;une capacit\u00e9 de dissipation thermique de premier plan.<\/p>\n<\/div>\n<\/section>\n<section>\n<div class=\"desc-text\">\n<h2>Jouez en 8K HDR<\/h2>\n<p>Connectez-vous, jouez, enregistrez du contenu et visionnez des vid\u00e9os de toute beaut\u00e9 en HDR dans des r\u00e9solutions allant jusqu\u2019au 8K avec la carte graphique GeForce RTX 3090 Ti. La norme HDMI 2.1 permet d\u2019afficher des contenus en r\u00e9solution 8K avec un seul c\u00e2ble. Capturez des s\u00e9quences en 8K HDR gr\u00e2ce \u00e0 la fonctionnalit\u00e9 ShadowPlay\u00a0de l\u2019application GeForce Experience, puis lisez-les en toute fluidit\u00e9 gr\u00e2ce au d\u00e9codage AV1.<\/p>\n<\/div>\n<div class=\"desc-image\"><img decoding=\"async\" src=\"https:\/\/media.ldlc.com\/bo\/images\/fiches\/Carte_graphique\/NVIDIA_GeForce_RTX\/rtx_3090_8k-hdr_001.jpg\" alt=\"\" \/><\/div>\n<\/section>\n<section>\n<div class=\"desc-image\"><img decoding=\"async\" src=\"https:\/\/media.ldlc.com\/bo\/images\/fiches\/Carte_graphique\/RTX\/NVIDIA_GeForce_RTX_ON_001.jpg\" alt=\"\" \/><\/div>\n<div class=\"desc-text\">\n<h2>Architecture Amp\u00e8re<\/h2>\n<p>Gr\u00e2ce aux am\u00e9liorations apport\u00e9es par la nouvelle architecture Amp\u00e8re, les cartes graphiques NVIDIA RTX de 2nd g\u00e9n\u00e9ration sont encore plus performantes que les cartes graphiques des g\u00e9n\u00e9rations pr\u00e9c\u00e9dentes. Les jeux vid\u00e9o PC sont plus beaux, plus immersifs et plus fluides que jamais. Les coeurs RT de 2nd g\u00e9n\u00e9ration offrent un rendement 2 fois sup\u00e9rieur \u00e0 celui des cartes de la g\u00e9n\u00e9ration pr\u00e9c\u00e9dente. Les coeurs Tensor de 3\u00e8me g\u00e9n\u00e9ration d\u00e9livrent jusqu&#8217;\u00e0 2 fois plus de rendement et les nouveaux multiprocesseur de flux un rendement FP32 multipli\u00e9 par 2 !<\/p>\n<\/div>\n<\/section>\n<section>\n<div class=\"desc-text\">\n<h2>Fr\u00e9quence d&#8217;images maximale<\/h2>\n<p>Bas\u00e9 sur les capacit\u00e9s ph\u00e9nom\u00e9nales de l\u2019IA, le super-\u00e9chantillonnage par Deep Learning (DLSS) de NVIDIA est une technologie de rendu r\u00e9volutionnaire qui vous offre un tout nouveau niveau de fid\u00e9lit\u00e9 visuelle gr\u00e2ce aux processeurs Tensor Core d\u00e9di\u00e9s \u00e0 l\u2019IA des GPU GeForce RTX. Le DLSS met \u00e0 profit toute la puissance d\u2019un r\u00e9seau optimis\u00e9 de neurones profonds pour acc\u00e9l\u00e9rer les fr\u00e9quences d\u2019images tout en g\u00e9n\u00e9rant des visuels \u00e9poustouflants d\u2019une nettet\u00e9 incomparable. Ce gain de performance significatif permet aux joueurs du monde entier de maximiser les param\u00e8tres du ray tracing et d\u2019augmenter les r\u00e9solutions de sortie.<\/p>\n<\/div>\n<div class=\"desc-image\"><img decoding=\"async\" src=\"https:\/\/media.ldlc.com\/bo\/images\/fiches\/Carte_graphique\/RTX\/NVIDIA_GeForce_RTX_DLSS_001.jpg\" alt=\"\" \/><\/div>\n<\/section>\n<section>\n<div class=\"desc-image\"><img decoding=\"async\" src=\"https:\/\/media.ldlc.com\/bo\/images\/fiches\/Carte_graphique\/RTX\/NVIDIA_GeForce_RTX_STREAM_001.jpg\" alt=\"\" \/><\/div>\n<div class=\"desc-text\">\n<h2>Streamez\u00a0comme un pro<\/h2>\n<p>Volez la vedette aux meilleurs streameurs en diffusant vos parties avec des graphismes sublimes et un rendu fluide. L\u2019encodage et le d\u00e9codage mat\u00e9riel de nouvelle g\u00e9n\u00e9ration vous permettent d\u2019immortaliser vos meilleurs moments avec un niveau de d\u00e9tails incomparable. La toute nouvelle application NVIDIA Broadcast fait passer vos livestreams au niveau sup\u00e9rieur avec de puissantes capacit\u00e9s d\u2019IA qui am\u00e9liorent la qualit\u00e9 de l\u2019audio et de la vid\u00e9o avec des effets avanc\u00e9s comme un arri\u00e8re-plan virtuel, un recadrage automatique de la webcam et la suppression des bruits parasites li\u00e9s au micro. Les GPU GeForce RTX s\u00e9rie 30 vous fournissent les performances graphiques et la qualit\u00e9 d\u2019image requises pour vous pr\u00e9senter \u00e0 votre public sous votre meilleur jour, syst\u00e9matiquement.<\/p>\n<p>&nbsp;<\/p>\n<\/div>\n<div class=\"logo\"><\/div>\n<div id=\"description\" class=\"description\">\n<div class=\"details-pdt-desc\">\n<div class=\"logo\"><img decoding=\"async\" class=\"aligncenter\" src=\"https:\/\/media.ldlc.com\/v3\/marque\/190\/C000005591.gif\" alt=\"Kingston\" \/><\/div>\n<div id=\"description\" class=\"description\">\n<div class=\"details-pdt-desc\">\n<h2 class=\"h2-master\">Mise \u00e0 niveau PCI-Express 4.0<\/h2>\n<section>Le\u00a0<strong>SSD Kingston NV2<\/strong>\u00a0se dote d\u2019une interface PCIe 4.0 x4 NVMe pour une solution de stockage qui offre des vitesses de lecture\/\u00e9criture allant jusqu\u2019\u00e0 3 500\/2 800 MB\/s (suivant les mod\u00e8les). Sa conception compacte et unilat\u00e9rale M.2 2280 rend le NV2 id\u00e9al pour les ordinateurs portables et les syst\u00e8mes \u00e0 petit facteur de forme (SFF). Il est propos\u00e9 dans des capacit\u00e9s \u00e0 partir de 250 GB.\u00a0<\/section>\n<section>\n<div class=\"desc-image\"><img decoding=\"async\" src=\"https:\/\/media.ldlc.com\/bo\/images\/fiches\/Disque_dur_SSD\/Kingston\/kingston_nv2.jpg\" alt=\"\" \/><\/div>\n<div class=\"desc-text\">\n<h2>Caract\u00e9ristiques<\/h2>\n<ul>\n<li>Interface PCIe 4.0 x4 : Offre des vitesses de lecture\/\u00e9criture jusqu\u2019\u00e0 3 500\/2 800 MB\/s (en fonction des mod\u00e8les) pour un syst\u00e8me globalement plus rapide et plus r\u00e9actif.<\/li>\n<li>Disponibles dans une large gamme de capacit\u00e9s \u00e0 partir de 250 GB pour r\u00e9pondre \u00e0 vos besoins de stockage de donn\u00e9es.<\/li>\n<li>Parfait pour les ordinateurs portables fins et les PC \u00e0 petit facteur de forme.<\/li>\n<\/ul>\n<\/div>\n<\/section>\n<\/div>\n<\/div>\n<\/div>\n<\/div>\n<\/section>\n<\/div>\n<\/div>\n<\/div>\n<\/div>\n<\/div>\n","protected":false},"excerpt":{"rendered":"<h4>Caract\u00e9ristiques principales :<\/h4>\n<ul>\n<li>Processeur <strong>Intel Core i7-14700KF <\/strong>Processeur 20-Core (8 Performance-Cores + 12 Efficient-Cores) 28-Threads Socket 1700 Cache L3 33 Mo 0.010 micron<\/li>\n<li>Carte m\u00e8re <strong>ASUS PRIME Z790-V WIFI<\/strong><\/li>\n<li>Ram <strong>32GB(16&#215;2) CORSAIR RGB DDR5 5200MHZ<\/strong><\/li>\n<li>Carte graphique <strong>EVGA FTW3 GEFORCE RTX 3090TI 24GB<\/strong><\/li>\n<li>Bo\u00eetier <strong>MSI GUNGNIR 110R<\/strong><\/li>\n<li>SSD <strong>2TB KINGSTON NV2<\/strong><\/li>\n<li>Watercoling\u00a0 <strong>MSI MAG CORELEQUID M240<\/strong><\/li>\n<li>Alimentation <strong>MSI MAG A750BN PCIE5<\/strong><\/li>\n<li><strong>Win11 \/ Bien assembl\u00e9<\/strong><\/li>\n<\/ul>\n","protected":false},"featured_media":1010455,"template":"","meta":{"_acf_changed":false},"pwb-brand":[],"product_brand":[],"product_cat":[57,53],"product_tag":[],"pcb_component_type":[],"class_list":{"0":"post-10717","1":"product","2":"type-product","3":"status-publish","4":"has-post-thumbnail","6":"product_cat-intel","7":"product_cat-pc-gamer","9":"first","10":"outofstock","11":"shipping-taxable","12":"product-type-simple"},"translation":{"provider":"WPGlobus","version":"3.0.2","language":"fr","enabled_languages":["en","es","de","fr","ru"],"languages":{"en":{"title":true,"content":true,"excerpt":true},"es":{"title":false,"content":false,"excerpt":false},"de":{"title":false,"content":false,"excerpt":false},"fr":{"title":false,"content":false,"excerpt":false},"ru":{"title":false,"content":false,"excerpt":false}}},"acf":[],"yoast_head":"<!-- This site is optimized with the Yoast SEO plugin v27.2 - https:\/\/yoast.com\/product\/yoast-seo-wordpress\/ -->\n<title>PC Gamer i7-14700KF\/ 32GB\/ 2TB SSD\/ RTX 3090TI 24GB - Osaka<\/title>\n<meta name=\"robots\" content=\"index, follow, max-snippet:-1, max-image-preview:large, max-video-preview:-1\" \/>\n<link rel=\"canonical\" href=\"https:\/\/osaka.ma\/es\/product\/pc-gamer-i7-14700kf-32gb-2tb-ssd-rtx-3090ti-24gb\/\" \/>\n<meta property=\"og:locale\" content=\"fr_FR\" \/>\n<meta property=\"og:type\" content=\"article\" \/>\n<meta property=\"og:title\" content=\"PC Gamer i7-14700KF\/ 32GB\/ 2TB SSD\/ RTX 3090TI 24GB - Osaka\" \/>\n<meta property=\"og:url\" content=\"https:\/\/osaka.ma\/es\/product\/pc-gamer-i7-14700kf-32gb-2tb-ssd-rtx-3090ti-24gb\/\" \/>\n<meta property=\"og:site_name\" content=\"Osaka\" \/>\n<meta property=\"article:modified_time\" content=\"2024-12-18T15:36:22+00:00\" \/>\n<meta property=\"og:image\" content=\"https:\/\/osaka.ma\/wp-content\/uploads\/2024\/09\/MSI-GUNGNIR-110R-1.jpg\" \/>\n\t<meta property=\"og:image:width\" content=\"908\" \/>\n\t<meta property=\"og:image:height\" content=\"968\" \/>\n\t<meta property=\"og:image:type\" content=\"image\/jpeg\" \/>\n<meta name=\"twitter:card\" content=\"summary_large_image\" \/>\n<meta name=\"twitter:label1\" content=\"Dur\u00e9e de lecture estim\u00e9e\" \/>\n\t<meta name=\"twitter:data1\" content=\"8 minutes\" \/>\n<script type=\"application\/ld+json\" class=\"yoast-schema-graph\">{\"@context\":\"https:\/\/schema.org\",\"@graph\":[{\"@type\":\"WebPage\",\"@id\":\"https:\/\/osaka.ma\/es\/product\/pc-gamer-i7-14700kf-32gb-2tb-ssd-rtx-3090ti-24gb\/\",\"url\":\"https:\/\/osaka.ma\/es\/product\/pc-gamer-i7-14700kf-32gb-2tb-ssd-rtx-3090ti-24gb\/\",\"name\":\"PC Gamer i7-14700KF\/ 32GB\/ 2TB SSD\/ RTX 3090TI 24GB - Osaka\",\"isPartOf\":{\"@id\":\"https:\/\/osaka.ma\/#website\"},\"primaryImageOfPage\":{\"@id\":\"https:\/\/osaka.ma\/es\/product\/pc-gamer-i7-14700kf-32gb-2tb-ssd-rtx-3090ti-24gb\/#primaryimage\"},\"image\":{\"@id\":\"https:\/\/osaka.ma\/es\/product\/pc-gamer-i7-14700kf-32gb-2tb-ssd-rtx-3090ti-24gb\/#primaryimage\"},\"thumbnailUrl\":\"https:\/\/osaka.ma\/wp-content\/uploads\/2024\/09\/MSI-GUNGNIR-110R-1.jpg\",\"datePublished\":\"2024-10-01T10:45:57+00:00\",\"dateModified\":\"2024-12-18T15:36:22+00:00\",\"breadcrumb\":{\"@id\":\"https:\/\/osaka.ma\/es\/product\/pc-gamer-i7-14700kf-32gb-2tb-ssd-rtx-3090ti-24gb\/#breadcrumb\"},\"inLanguage\":\"fr-FR\",\"potentialAction\":[{\"@type\":\"ReadAction\",\"target\":[\"https:\/\/osaka.ma\/es\/product\/pc-gamer-i7-14700kf-32gb-2tb-ssd-rtx-3090ti-24gb\/\"]}]},{\"@type\":\"ImageObject\",\"inLanguage\":\"fr-FR\",\"@id\":\"https:\/\/osaka.ma\/es\/product\/pc-gamer-i7-14700kf-32gb-2tb-ssd-rtx-3090ti-24gb\/#primaryimage\",\"url\":\"https:\/\/osaka.ma\/wp-content\/uploads\/2024\/09\/MSI-GUNGNIR-110R-1.jpg\",\"contentUrl\":\"https:\/\/osaka.ma\/wp-content\/uploads\/2024\/09\/MSI-GUNGNIR-110R-1.jpg\",\"width\":908,\"height\":968},{\"@type\":\"BreadcrumbList\",\"@id\":\"https:\/\/osaka.ma\/es\/product\/pc-gamer-i7-14700kf-32gb-2tb-ssd-rtx-3090ti-24gb\/#breadcrumb\",\"itemListElement\":[{\"@type\":\"ListItem\",\"position\":1,\"name\":\"Home\",\"item\":\"https:\/\/osaka.ma\/\"},{\"@type\":\"ListItem\",\"position\":2,\"name\":\"Shop\",\"item\":\"https:\/\/osaka.ma\/shop-2\/\"},{\"@type\":\"ListItem\",\"position\":3,\"name\":\"PC Gamer i7-14700KF\/ 32GB\/ 2TB SSD\/ RTX 3090TI 24GB\"}]},{\"@type\":\"WebSite\",\"@id\":\"https:\/\/osaka.ma\/#website\",\"url\":\"https:\/\/osaka.ma\/\",\"name\":\"Osaka\",\"description\":\"\",\"publisher\":{\"@id\":\"https:\/\/osaka.ma\/#organization\"},\"potentialAction\":[{\"@type\":\"SearchAction\",\"target\":{\"@type\":\"EntryPoint\",\"urlTemplate\":\"https:\/\/osaka.ma\/?s={search_term_string}\"},\"query-input\":{\"@type\":\"PropertyValueSpecification\",\"valueRequired\":true,\"valueName\":\"search_term_string\"}}],\"inLanguage\":\"fr-FR\"},{\"@type\":\"Organization\",\"@id\":\"https:\/\/osaka.ma\/#organization\",\"name\":\"Osaka\",\"url\":\"https:\/\/osaka.ma\/\",\"logo\":{\"@type\":\"ImageObject\",\"inLanguage\":\"fr-FR\",\"@id\":\"https:\/\/osaka.ma\/#\/schema\/logo\/image\/\",\"url\":\"https:\/\/osaka.ma\/wp-content\/uploads\/2026\/01\/model-slogan-logo-2Plan-de-travail-1dksl-plus-finnn.png\",\"contentUrl\":\"https:\/\/osaka.ma\/wp-content\/uploads\/2026\/01\/model-slogan-logo-2Plan-de-travail-1dksl-plus-finnn.png\",\"width\":842,\"height\":226,\"caption\":\"Osaka\"},\"image\":{\"@id\":\"https:\/\/osaka.ma\/#\/schema\/logo\/image\/\"}}]}<\/script>\n<!-- \/ Yoast SEO plugin. -->","yoast_head_json":{"title":"PC Gamer i7-14700KF\/ 32GB\/ 2TB SSD\/ RTX 3090TI 24GB - Osaka","robots":{"index":"index","follow":"follow","max-snippet":"max-snippet:-1","max-image-preview":"max-image-preview:large","max-video-preview":"max-video-preview:-1"},"canonical":"https:\/\/osaka.ma\/es\/product\/pc-gamer-i7-14700kf-32gb-2tb-ssd-rtx-3090ti-24gb\/","og_locale":"fr_FR","og_type":"article","og_title":"PC Gamer i7-14700KF\/ 32GB\/ 2TB SSD\/ RTX 3090TI 24GB - Osaka","og_url":"https:\/\/osaka.ma\/es\/product\/pc-gamer-i7-14700kf-32gb-2tb-ssd-rtx-3090ti-24gb\/","og_site_name":"Osaka","article_modified_time":"2024-12-18T15:36:22+00:00","og_image":[{"width":908,"height":968,"url":"https:\/\/osaka.ma\/wp-content\/uploads\/2024\/09\/MSI-GUNGNIR-110R-1.jpg","type":"image\/jpeg"}],"twitter_card":"summary_large_image","twitter_misc":{"Dur\u00e9e de lecture estim\u00e9e":"8 minutes"},"schema":{"@context":"https:\/\/schema.org","@graph":[{"@type":"WebPage","@id":"https:\/\/osaka.ma\/es\/product\/pc-gamer-i7-14700kf-32gb-2tb-ssd-rtx-3090ti-24gb\/","url":"https:\/\/osaka.ma\/es\/product\/pc-gamer-i7-14700kf-32gb-2tb-ssd-rtx-3090ti-24gb\/","name":"PC Gamer i7-14700KF\/ 32GB\/ 2TB SSD\/ RTX 3090TI 24GB - Osaka","isPartOf":{"@id":"https:\/\/osaka.ma\/#website"},"primaryImageOfPage":{"@id":"https:\/\/osaka.ma\/es\/product\/pc-gamer-i7-14700kf-32gb-2tb-ssd-rtx-3090ti-24gb\/#primaryimage"},"image":{"@id":"https:\/\/osaka.ma\/es\/product\/pc-gamer-i7-14700kf-32gb-2tb-ssd-rtx-3090ti-24gb\/#primaryimage"},"thumbnailUrl":"https:\/\/osaka.ma\/wp-content\/uploads\/2024\/09\/MSI-GUNGNIR-110R-1.jpg","datePublished":"2024-10-01T10:45:57+00:00","dateModified":"2024-12-18T15:36:22+00:00","breadcrumb":{"@id":"https:\/\/osaka.ma\/es\/product\/pc-gamer-i7-14700kf-32gb-2tb-ssd-rtx-3090ti-24gb\/#breadcrumb"},"inLanguage":"fr-FR","potentialAction":[{"@type":"ReadAction","target":["https:\/\/osaka.ma\/es\/product\/pc-gamer-i7-14700kf-32gb-2tb-ssd-rtx-3090ti-24gb\/"]}]},{"@type":"ImageObject","inLanguage":"fr-FR","@id":"https:\/\/osaka.ma\/es\/product\/pc-gamer-i7-14700kf-32gb-2tb-ssd-rtx-3090ti-24gb\/#primaryimage","url":"https:\/\/osaka.ma\/wp-content\/uploads\/2024\/09\/MSI-GUNGNIR-110R-1.jpg","contentUrl":"https:\/\/osaka.ma\/wp-content\/uploads\/2024\/09\/MSI-GUNGNIR-110R-1.jpg","width":908,"height":968},{"@type":"BreadcrumbList","@id":"https:\/\/osaka.ma\/es\/product\/pc-gamer-i7-14700kf-32gb-2tb-ssd-rtx-3090ti-24gb\/#breadcrumb","itemListElement":[{"@type":"ListItem","position":1,"name":"Home","item":"https:\/\/osaka.ma\/"},{"@type":"ListItem","position":2,"name":"Shop","item":"https:\/\/osaka.ma\/shop-2\/"},{"@type":"ListItem","position":3,"name":"PC Gamer i7-14700KF\/ 32GB\/ 2TB SSD\/ RTX 3090TI 24GB"}]},{"@type":"WebSite","@id":"https:\/\/osaka.ma\/#website","url":"https:\/\/osaka.ma\/","name":"Osaka","description":"","publisher":{"@id":"https:\/\/osaka.ma\/#organization"},"potentialAction":[{"@type":"SearchAction","target":{"@type":"EntryPoint","urlTemplate":"https:\/\/osaka.ma\/?s={search_term_string}"},"query-input":{"@type":"PropertyValueSpecification","valueRequired":true,"valueName":"search_term_string"}}],"inLanguage":"fr-FR"},{"@type":"Organization","@id":"https:\/\/osaka.ma\/#organization","name":"Osaka","url":"https:\/\/osaka.ma\/","logo":{"@type":"ImageObject","inLanguage":"fr-FR","@id":"https:\/\/osaka.ma\/#\/schema\/logo\/image\/","url":"https:\/\/osaka.ma\/wp-content\/uploads\/2026\/01\/model-slogan-logo-2Plan-de-travail-1dksl-plus-finnn.png","contentUrl":"https:\/\/osaka.ma\/wp-content\/uploads\/2026\/01\/model-slogan-logo-2Plan-de-travail-1dksl-plus-finnn.png","width":842,"height":226,"caption":"Osaka"},"image":{"@id":"https:\/\/osaka.ma\/#\/schema\/logo\/image\/"}}]}},"jetpack_sharing_enabled":true,"brands":[],"_links":{"self":[{"href":"https:\/\/osaka.ma\/fr\/wp-json\/wp\/v2\/product\/10717","targetHints":{"allow":["GET"]}}],"collection":[{"href":"https:\/\/osaka.ma\/fr\/wp-json\/wp\/v2\/product"}],"about":[{"href":"https:\/\/osaka.ma\/fr\/wp-json\/wp\/v2\/types\/product"}],"version-history":[{"count":0,"href":"https:\/\/osaka.ma\/fr\/wp-json\/wp\/v2\/product\/10717\/revisions"}],"wp:featuredmedia":[{"embeddable":true,"href":"https:\/\/osaka.ma\/fr\/wp-json\/wp\/v2\/media\/1010455"}],"wp:attachment":[{"href":"https:\/\/osaka.ma\/fr\/wp-json\/wp\/v2\/media?parent=10717"}],"wp:term":[{"taxonomy":"pwb-brand","embeddable":true,"href":"https:\/\/osaka.ma\/fr\/wp-json\/wp\/v2\/pwb-brand?post=10717"},{"taxonomy":"product_brand","embeddable":true,"href":"https:\/\/osaka.ma\/fr\/wp-json\/wp\/v2\/product_brand?post=10717"},{"taxonomy":"product_cat","embeddable":true,"href":"https:\/\/osaka.ma\/fr\/wp-json\/wp\/v2\/product_cat?post=10717"},{"taxonomy":"product_tag","embeddable":true,"href":"https:\/\/osaka.ma\/fr\/wp-json\/wp\/v2\/product_tag?post=10717"},{"taxonomy":"pcb_component_type","embeddable":true,"href":"https:\/\/osaka.ma\/fr\/wp-json\/wp\/v2\/pcb_component_type?post=10717"}],"curies":[{"name":"wp","href":"https:\/\/api.w.org\/{rel}","templated":true}]}}