{"id":11261,"date":"2024-11-04T16:20:10","date_gmt":"2024-11-04T16:20:10","guid":{"rendered":"https:\/\/osaka.ma\/?post_type=product&#038;p=11261"},"modified":"2024-12-18T15:36:28","modified_gmt":"2024-12-18T15:36:28","slug":"pc-gamer-i9-14900k-32gb-2tb-ssd-rtx-4090-24gb","status":"publish","type":"product","link":"https:\/\/osaka.ma\/fr\/product\/pc-gamer-i9-14900k-32gb-2tb-ssd-rtx-4090-24gb\/","title":{"rendered":"PC Gamer i9-14900K\/ 32GB\/ 2TB SSD\/ RTX 4090 24GB"},"content":{"rendered":"<div id=\"description\" class=\"description\">\n<div><img decoding=\"async\" class=\" wp-image-6550 aligncenter\" src=\"https:\/\/osaka.ma\/wp-content\/uploads\/2023\/10\/OSA-1.png\" alt=\"\" width=\"294\" height=\"113\" \/><\/div>\n<div><\/div>\n<\/div>\n<p><strong><i><img decoding=\"async\" class=\"\" src=\"https:\/\/media.ldlc.com\/bo\/images\/fiches\/kit_upgrade\/case_80.png\" alt=\"\" width=\"48\" height=\"48\" \/><\/i>PC Gamer Osaka<\/strong>\u00a0vous offre une configuration avec des composants \u00e9quilibr\u00e9s, ce PC Gamer compos\u00e9 d\u2019un processeur\u00a0<strong>INTEL\u00ae CORE\u2122i9\u00a0<\/strong>ainsi que d\u2019une carte graphique\u00a0<strong>NVIDIA GEFORCE RTX 4000<\/strong>\u00a0<b>series\u00a0<\/b>Il int\u00e8gre \u00e9galement un\u00a0<strong>SSD NVMe<\/strong>\u00a0<strong>GEN 4<\/strong>\u00a0pour un syst\u00e8me toujours plus rapide et<strong>\u00a0RAM DDR5<\/strong>. Voila les atouts de ce PC puissant taill\u00e9 pour travailler dans les meilleures conditions.<\/p>\n<p>&nbsp;<\/p>\n<h2>CARACT\u00c9RISTIQUES PRINCIPALES :<\/h2>\n<ul>\n<li>Processeur\u00a0<strong>INTEL\u00aeCORE\u2122i9-14900K<\/strong>\u00a0 Processeur 24-Core (8 Performance-Cores 5.8 GHz Turbo + 16 Efficient-Cores 4.4 GHz Turbo) 32-Threads Socket 1700 Cache L3 36 MB Intel UHD Graphics 770<\/li>\n<li>Carte m\u00e8re\u00a0<strong>MSI\u00a0<\/strong><strong>PRO Z790-S<\/strong>\u00a0<strong>WIFI DDR5<\/strong><\/li>\n<li>Ram\u00a0<strong>32<\/strong><strong>GB (16X2) CORSAIR VENGEANCE DDR5 5200MHZ<\/strong><\/li>\n<li>Carte graphique\u00a0<strong>GIGABYTE WINDFORCE RTX 4090 24GB\u00a0<\/strong><\/li>\n<li>Bo\u00eetier<strong> MSI MPG VELOX 100P RGB<\/strong><\/li>\n<li>SSD\u00a0<strong>2TB KINGSTON KC3000 GEN4<\/strong><\/li>\n<li>Watercooler<strong> CORSAIR H150 360MM RGB<\/strong><\/li>\n<li>Alimentation\u00a0<b>NOX HUMMER X 1000W 80 GOLD EDITION\u00a0<\/b><\/li>\n<li><strong>Win11 \/ Bien assembl\u00e9<\/strong><\/li>\n<\/ul>\n<div><\/div>\n<div class=\"logo\">\n<div class=\"logo\"><img decoding=\"async\" class=\"aligncenter\" src=\"https:\/\/media.ldlc.com\/v3\/marque\/bo\/00\/05\/72\/22\/V30005722262_2.jpg\" alt=\"Intel\" \/><\/div>\n<div id=\"description\" class=\"description\">\n<div class=\"details-pdt-desc\">\n<h2><\/h2>\n<h2 class=\"h2-master\">Faites en plus, sans compromis<\/h2>\n<section>Avec plus de c\u0153urs et des fr\u00e9quences plus \u00e9lev\u00e9es, les processeurs\u00a0<strong>Intel Core de 14\u00e8me g\u00e9n\u00e9ration<\/strong>\u00a0vous permettent d\u2019en faire plus, sans compromis sur les performances. Con\u00e7us pour r\u00e9pondre \u00e0 tous vos besoins, comme pour jouer dans les meilleures conditions, les processeurs\u00a0<strong>Intel Raptor Lake Refresh\u00a0<\/strong>sont ce qui se fait de mieux pour d\u00e9passer toutes les limites.<\/section>\n<section>\n<div class=\"desc-image\"><img decoding=\"async\" src=\"https:\/\/media.ldlc.com\/bo\/images\/fiches\/Processeur\/Intel\/intel_core_14th_i9k_001.jpg\" alt=\"\" \/><\/div>\n<div class=\"desc-text\">\n<h2><\/h2>\n<h2>Intel Core\u00a0i9-14900K 24-Core (8P+16E)<\/h2>\n<ul>\n<li>Processeur\u00a0<strong>24 Cores<\/strong>\u00a0\/ 32\u00a0Threads<\/li>\n<li><strong>8 Performance-Cores<\/strong>\u00a0(3.2 GHz \u2013 5.8\u00a0GHz) + 16 Efficient-Cores (jusqu\u2019\u00e0 4.4\u00a0GHz)<\/li>\n<li>Cache\u00a0<strong>L3 36 Mo<\/strong>\u00a0+ Cache L2 32\u00a0Mo<\/li>\n<li><strong>Unlocked\u00a0<\/strong>(coefficient multiplicateur d\u00e9bloqu\u00e9 pour l\u2019overclocking)<\/li>\n<li>IGP : Intel UHD Graphics 770<\/li>\n<li>Contr\u00f4leur m\u00e9moire : DDR4 \/\u00a0<strong>DDR5<\/strong><\/li>\n<li>Compatible\u00a0<strong>PCI-E 5.0<\/strong><\/li>\n<li>TDP\u00a0: 125W<\/li>\n<li>TDP max. (Turbo Power) : 253W<\/li>\n<\/ul>\n<div class=\"logo\"><img decoding=\"async\" class=\"aligncenter\" src=\"https:\/\/media.ldlc.com\/v3\/marque\/190\/C000000990.gif\" alt=\"Gigabyte\" \/><\/div>\n<div id=\"description\" class=\"description\">\n<div class=\"details-pdt-desc\">\n<h2 class=\"h2-master\">Plus rapide que jamais<\/h2>\n<section>La\u00a0<strong>carte graphique NVIDIA GeForce RTX 4090\u00a0<\/strong>offre une rapidit\u00e9 extr\u00eame pour les joueurs comme pour les cr\u00e9ateurs. Avec des performances hors norme et des capacit\u00e9s graphiques am\u00e9lior\u00e9es par Intelligence Artificielle, ce nouveau monstre de puissance vous permettra de plonger au c\u0153ur de l\u2019action et de vous immerger dans des mondes aux graphismes ultra-r\u00e9alistes. Le rendu \u00e0 faible latence, les fr\u00e9quences d\u2019images ultra-\u00e9lev\u00e9es et le ray tracing avanc\u00e9 vous permettront de jouer comme jamais auparavant. Enfin, de nouvelles m\u00e9thodes r\u00e9volutionnaires pour cr\u00e9er du contenu vous permettront d\u2019acc\u00e9l\u00e9rer vos workflows de mani\u00e8re totalement in\u00e9dite.<\/section>\n<section>\n<div class=\"desc-image\"><img decoding=\"async\" src=\"https:\/\/media.ldlc.com\/bo\/images\/fiches\/Carte_graphique\/Gigabyte\/gigabyte_rtx_windforce_0001.jpg\" alt=\"\" \/><\/div>\n<div class=\"desc-text\">\n<h2><\/h2>\n<h2>GIGABYTE GEFORCE RTX 4090 WINDFORCE v2 24G<\/h2>\n<p>De la performance et de l\u2019efficacit\u00e9, voil\u00e0 ce que propose Gigabyte avec sa carte graphique bas\u00e9e sur l\u2019architecture NVIDIA Ada Lovelace. Elle int\u00e8gre un syst\u00e8me de refroidissement exclusif et ultra-performant \u00e0 3 ventilateurs 100 mm, heatpipes cuivre et chambre de vapeur directement en contact avec le GPU. Sans oublier bien s\u00fbr le\u00a0backplate m\u00e9tal\u00a0au dos du PCB de la carte.<\/p>\n<\/div>\n<\/section>\n<section>\n<div class=\"desc-text\">\n<h2>ARCHITECTURE NVIDIA ADA LOVELACE<\/h2>\n<p>Cette architecture nouvelle va vous permettre de garder une longueur d\u2019avance. Elle est en avance sur son temps comme sur le jeu.<\/p>\n<ul>\n<li>Nouveaux multiprocesseurs de flux : Jusqu\u2019\u00e0 2 fois plus de performances et de rendement \u00e9nerg\u00e9tique<\/li>\n<li>C\u0153urs Tensor de quatri\u00e8me g\u00e9n\u00e9ration : Jusqu\u2019\u00e0 2 fois plus de performances d\u2019IA<\/li>\n<li>C\u0153urs RT de troisi\u00e8me g\u00e9n\u00e9ration : Jusqu\u2019\u00e0 2 fois plus de performances de ray tracing et des graphismes r\u00e9alistes et immersifs<\/li>\n<li>Plateforme NVIDIA Reflex \u00e0 faible latence<\/li>\n<li>Encodeur NVIDIA : Conception pour le streaming en direct<\/li>\n<li>NVIDIA Broadcast : Vid\u00e9o et voix optimis\u00e9es par l\u2019IA<\/li>\n<li>NVIDIA Studio : Acc\u00e9l\u00e9rez votre cr\u00e9ativit\u00e9<\/li>\n<li>NVIDIA DLSS 3 : Performances acc\u00e9l\u00e9r\u00e9es par l\u2019IA<\/li>\n<\/ul>\n<p>&nbsp;<\/p>\n<\/div>\n<div class=\"desc-image\"><img decoding=\"async\" src=\"https:\/\/media.ldlc.com\/bo\/images\/fiches\/Carte_graphique\/NVIDIA\/nvidia_ada_lovelace_001.jpg\" alt=\"\" \/><\/div>\n<\/section>\n<\/div>\n<\/div>\n<\/div>\n<\/section>\n<\/div>\n<\/div>\n<\/div>\n","protected":false},"excerpt":{"rendered":"<h2>CARACT\u00c9RISTIQUES PRINCIPALES :<\/h2>\n<ul>\n<li>Processeur\u00a0<strong>INTEL\u00aeCORE\u2122i9-14900K<\/strong>\u00a0 Processeur 24-Core (8 Performance-Cores 5.8 GHz Turbo + 16 Efficient-Cores 4.4 GHz Turbo) 32-Threads Socket 1700 Cache L3 36 MB Intel UHD Graphics 770<\/li>\n<li>Carte m\u00e8re\u00a0<strong>MSI\u00a0<\/strong><strong>PRO Z790-S<\/strong>\u00a0<strong>WIFI DDR5<\/strong><\/li>\n<li>Ram\u00a0<strong>32<\/strong><strong>GB (16X2) CORSAIR VENGEANCE DDR5 5200MHZ<\/strong><\/li>\n<li>Carte graphique\u00a0<strong>GIGABYTE WINDFORCE RTX 4090 24GB\u00a0<\/strong><\/li>\n<li>Bo\u00eetier<strong> MSI MPG VELOX 100P RGB<\/strong><\/li>\n<li>SSD\u00a0<strong>2TB KINGSTON KC3000 GEN4<\/strong><\/li>\n<li>Watercooler<strong> CORSAIR H150 360MM RGB<\/strong><\/li>\n<li>Alimentation\u00a0<b>NOX HUMMER X 1000W 80 GOLD EDITION\u00a0<\/b><\/li>\n<li><strong>Win11 \/ Bien assembl\u00e9<\/strong><\/li>\n<\/ul>\n<div><\/div>\n","protected":false},"featured_media":1010776,"template":"","meta":{"_acf_changed":false},"pwb-brand":[],"product_brand":[],"product_cat":[57,53],"product_tag":[],"pcb_component_type":[],"class_list":{"0":"post-11261","1":"product","2":"type-product","3":"status-publish","4":"has-post-thumbnail","6":"product_cat-intel","7":"product_cat-pc-gamer","9":"first","10":"outofstock","11":"shipping-taxable","12":"product-type-simple"},"translation":{"provider":"WPGlobus","version":"3.0.2","language":"fr","enabled_languages":["en","es","de","fr","ru"],"languages":{"en":{"title":true,"content":true,"excerpt":true},"es":{"title":false,"content":false,"excerpt":false},"de":{"title":false,"content":false,"excerpt":false},"fr":{"title":false,"content":false,"excerpt":false},"ru":{"title":false,"content":false,"excerpt":false}}},"acf":[],"yoast_head":"<!-- This site is optimized with the Yoast SEO plugin v27.2 - https:\/\/yoast.com\/product\/yoast-seo-wordpress\/ -->\n<title>PC Gamer i9-14900K\/ 32GB\/ 2TB SSD\/ RTX 4090 24GB - Osaka<\/title>\n<meta name=\"robots\" content=\"index, follow, max-snippet:-1, max-image-preview:large, max-video-preview:-1\" \/>\n<link rel=\"canonical\" href=\"https:\/\/osaka.ma\/product\/pc-gamer-i9-14900k-32gb-2tb-ssd-rtx-4090-24gb\/\" \/>\n<meta property=\"og:locale\" content=\"fr_FR\" \/>\n<meta property=\"og:type\" content=\"article\" \/>\n<meta property=\"og:title\" content=\"PC Gamer i9-14900K\/ 32GB\/ 2TB SSD\/ RTX 4090 24GB - Osaka\" \/>\n<meta property=\"og:url\" content=\"https:\/\/osaka.ma\/product\/pc-gamer-i9-14900k-32gb-2tb-ssd-rtx-4090-24gb\/\" \/>\n<meta property=\"og:site_name\" content=\"Osaka\" \/>\n<meta property=\"article:modified_time\" content=\"2024-12-18T15:36:28+00:00\" \/>\n<meta property=\"og:image\" content=\"https:\/\/osaka.ma\/wp-content\/uploads\/2024\/10\/MSI-MPG-XVELOX-100P-AIRFLOW.png\" \/>\n\t<meta property=\"og:image:width\" content=\"541\" \/>\n\t<meta property=\"og:image:height\" content=\"582\" \/>\n\t<meta property=\"og:image:type\" content=\"image\/png\" \/>\n<meta name=\"twitter:card\" content=\"summary_large_image\" \/>\n<meta name=\"twitter:label1\" content=\"Dur\u00e9e de lecture estim\u00e9e\" \/>\n\t<meta name=\"twitter:data1\" content=\"4 minutes\" \/>\n<script type=\"application\/ld+json\" class=\"yoast-schema-graph\">{\"@context\":\"https:\/\/schema.org\",\"@graph\":[{\"@type\":\"WebPage\",\"@id\":\"https:\/\/osaka.ma\/product\/pc-gamer-i9-14900k-32gb-2tb-ssd-rtx-4090-24gb\/\",\"url\":\"https:\/\/osaka.ma\/product\/pc-gamer-i9-14900k-32gb-2tb-ssd-rtx-4090-24gb\/\",\"name\":\"PC Gamer i9-14900K\/ 32GB\/ 2TB SSD\/ RTX 4090 24GB - Osaka\",\"isPartOf\":{\"@id\":\"https:\/\/osaka.ma\/#website\"},\"primaryImageOfPage\":{\"@id\":\"https:\/\/osaka.ma\/product\/pc-gamer-i9-14900k-32gb-2tb-ssd-rtx-4090-24gb\/#primaryimage\"},\"image\":{\"@id\":\"https:\/\/osaka.ma\/product\/pc-gamer-i9-14900k-32gb-2tb-ssd-rtx-4090-24gb\/#primaryimage\"},\"thumbnailUrl\":\"https:\/\/osaka.ma\/wp-content\/uploads\/2024\/10\/MSI-MPG-XVELOX-100P-AIRFLOW.png\",\"datePublished\":\"2024-11-04T16:20:10+00:00\",\"dateModified\":\"2024-12-18T15:36:28+00:00\",\"breadcrumb\":{\"@id\":\"https:\/\/osaka.ma\/product\/pc-gamer-i9-14900k-32gb-2tb-ssd-rtx-4090-24gb\/#breadcrumb\"},\"inLanguage\":\"fr-FR\",\"potentialAction\":[{\"@type\":\"ReadAction\",\"target\":[\"https:\/\/osaka.ma\/product\/pc-gamer-i9-14900k-32gb-2tb-ssd-rtx-4090-24gb\/\"]}]},{\"@type\":\"ImageObject\",\"inLanguage\":\"fr-FR\",\"@id\":\"https:\/\/osaka.ma\/product\/pc-gamer-i9-14900k-32gb-2tb-ssd-rtx-4090-24gb\/#primaryimage\",\"url\":\"https:\/\/osaka.ma\/wp-content\/uploads\/2024\/10\/MSI-MPG-XVELOX-100P-AIRFLOW.png\",\"contentUrl\":\"https:\/\/osaka.ma\/wp-content\/uploads\/2024\/10\/MSI-MPG-XVELOX-100P-AIRFLOW.png\",\"width\":541,\"height\":582,\"caption\":\"PC GAMER Ryzen 7 7800X3D\/ 32GB\/ 1TB SSD\/ RTX 4080 16GB\"},{\"@type\":\"BreadcrumbList\",\"@id\":\"https:\/\/osaka.ma\/product\/pc-gamer-i9-14900k-32gb-2tb-ssd-rtx-4090-24gb\/#breadcrumb\",\"itemListElement\":[{\"@type\":\"ListItem\",\"position\":1,\"name\":\"Home\",\"item\":\"https:\/\/osaka.ma\/\"},{\"@type\":\"ListItem\",\"position\":2,\"name\":\"Shop\",\"item\":\"https:\/\/osaka.ma\/shop-2\/\"},{\"@type\":\"ListItem\",\"position\":3,\"name\":\"PC Gamer i9-14900K\/ 32GB\/ 2TB SSD\/ RTX 4090 24GB\"}]},{\"@type\":\"WebSite\",\"@id\":\"https:\/\/osaka.ma\/#website\",\"url\":\"https:\/\/osaka.ma\/\",\"name\":\"Osaka\",\"description\":\"\",\"publisher\":{\"@id\":\"https:\/\/osaka.ma\/#organization\"},\"potentialAction\":[{\"@type\":\"SearchAction\",\"target\":{\"@type\":\"EntryPoint\",\"urlTemplate\":\"https:\/\/osaka.ma\/?s={search_term_string}\"},\"query-input\":{\"@type\":\"PropertyValueSpecification\",\"valueRequired\":true,\"valueName\":\"search_term_string\"}}],\"inLanguage\":\"fr-FR\"},{\"@type\":\"Organization\",\"@id\":\"https:\/\/osaka.ma\/#organization\",\"name\":\"Osaka\",\"url\":\"https:\/\/osaka.ma\/\",\"logo\":{\"@type\":\"ImageObject\",\"inLanguage\":\"fr-FR\",\"@id\":\"https:\/\/osaka.ma\/#\/schema\/logo\/image\/\",\"url\":\"https:\/\/osaka.ma\/wp-content\/uploads\/2026\/01\/model-slogan-logo-2Plan-de-travail-1dksl-plus-finnn.png\",\"contentUrl\":\"https:\/\/osaka.ma\/wp-content\/uploads\/2026\/01\/model-slogan-logo-2Plan-de-travail-1dksl-plus-finnn.png\",\"width\":842,\"height\":226,\"caption\":\"Osaka\"},\"image\":{\"@id\":\"https:\/\/osaka.ma\/#\/schema\/logo\/image\/\"}}]}<\/script>\n<!-- \/ Yoast SEO plugin. -->","yoast_head_json":{"title":"PC Gamer i9-14900K\/ 32GB\/ 2TB SSD\/ RTX 4090 24GB - Osaka","robots":{"index":"index","follow":"follow","max-snippet":"max-snippet:-1","max-image-preview":"max-image-preview:large","max-video-preview":"max-video-preview:-1"},"canonical":"https:\/\/osaka.ma\/product\/pc-gamer-i9-14900k-32gb-2tb-ssd-rtx-4090-24gb\/","og_locale":"fr_FR","og_type":"article","og_title":"PC Gamer i9-14900K\/ 32GB\/ 2TB SSD\/ RTX 4090 24GB - Osaka","og_url":"https:\/\/osaka.ma\/product\/pc-gamer-i9-14900k-32gb-2tb-ssd-rtx-4090-24gb\/","og_site_name":"Osaka","article_modified_time":"2024-12-18T15:36:28+00:00","og_image":[{"width":541,"height":582,"url":"https:\/\/osaka.ma\/wp-content\/uploads\/2024\/10\/MSI-MPG-XVELOX-100P-AIRFLOW.png","type":"image\/png"}],"twitter_card":"summary_large_image","twitter_misc":{"Dur\u00e9e de lecture estim\u00e9e":"4 minutes"},"schema":{"@context":"https:\/\/schema.org","@graph":[{"@type":"WebPage","@id":"https:\/\/osaka.ma\/product\/pc-gamer-i9-14900k-32gb-2tb-ssd-rtx-4090-24gb\/","url":"https:\/\/osaka.ma\/product\/pc-gamer-i9-14900k-32gb-2tb-ssd-rtx-4090-24gb\/","name":"PC Gamer i9-14900K\/ 32GB\/ 2TB SSD\/ RTX 4090 24GB - Osaka","isPartOf":{"@id":"https:\/\/osaka.ma\/#website"},"primaryImageOfPage":{"@id":"https:\/\/osaka.ma\/product\/pc-gamer-i9-14900k-32gb-2tb-ssd-rtx-4090-24gb\/#primaryimage"},"image":{"@id":"https:\/\/osaka.ma\/product\/pc-gamer-i9-14900k-32gb-2tb-ssd-rtx-4090-24gb\/#primaryimage"},"thumbnailUrl":"https:\/\/osaka.ma\/wp-content\/uploads\/2024\/10\/MSI-MPG-XVELOX-100P-AIRFLOW.png","datePublished":"2024-11-04T16:20:10+00:00","dateModified":"2024-12-18T15:36:28+00:00","breadcrumb":{"@id":"https:\/\/osaka.ma\/product\/pc-gamer-i9-14900k-32gb-2tb-ssd-rtx-4090-24gb\/#breadcrumb"},"inLanguage":"fr-FR","potentialAction":[{"@type":"ReadAction","target":["https:\/\/osaka.ma\/product\/pc-gamer-i9-14900k-32gb-2tb-ssd-rtx-4090-24gb\/"]}]},{"@type":"ImageObject","inLanguage":"fr-FR","@id":"https:\/\/osaka.ma\/product\/pc-gamer-i9-14900k-32gb-2tb-ssd-rtx-4090-24gb\/#primaryimage","url":"https:\/\/osaka.ma\/wp-content\/uploads\/2024\/10\/MSI-MPG-XVELOX-100P-AIRFLOW.png","contentUrl":"https:\/\/osaka.ma\/wp-content\/uploads\/2024\/10\/MSI-MPG-XVELOX-100P-AIRFLOW.png","width":541,"height":582,"caption":"PC GAMER Ryzen 7 7800X3D\/ 32GB\/ 1TB SSD\/ RTX 4080 16GB"},{"@type":"BreadcrumbList","@id":"https:\/\/osaka.ma\/product\/pc-gamer-i9-14900k-32gb-2tb-ssd-rtx-4090-24gb\/#breadcrumb","itemListElement":[{"@type":"ListItem","position":1,"name":"Home","item":"https:\/\/osaka.ma\/"},{"@type":"ListItem","position":2,"name":"Shop","item":"https:\/\/osaka.ma\/shop-2\/"},{"@type":"ListItem","position":3,"name":"PC Gamer i9-14900K\/ 32GB\/ 2TB SSD\/ RTX 4090 24GB"}]},{"@type":"WebSite","@id":"https:\/\/osaka.ma\/#website","url":"https:\/\/osaka.ma\/","name":"Osaka","description":"","publisher":{"@id":"https:\/\/osaka.ma\/#organization"},"potentialAction":[{"@type":"SearchAction","target":{"@type":"EntryPoint","urlTemplate":"https:\/\/osaka.ma\/?s={search_term_string}"},"query-input":{"@type":"PropertyValueSpecification","valueRequired":true,"valueName":"search_term_string"}}],"inLanguage":"fr-FR"},{"@type":"Organization","@id":"https:\/\/osaka.ma\/#organization","name":"Osaka","url":"https:\/\/osaka.ma\/","logo":{"@type":"ImageObject","inLanguage":"fr-FR","@id":"https:\/\/osaka.ma\/#\/schema\/logo\/image\/","url":"https:\/\/osaka.ma\/wp-content\/uploads\/2026\/01\/model-slogan-logo-2Plan-de-travail-1dksl-plus-finnn.png","contentUrl":"https:\/\/osaka.ma\/wp-content\/uploads\/2026\/01\/model-slogan-logo-2Plan-de-travail-1dksl-plus-finnn.png","width":842,"height":226,"caption":"Osaka"},"image":{"@id":"https:\/\/osaka.ma\/#\/schema\/logo\/image\/"}}]}},"jetpack_sharing_enabled":true,"brands":[],"_links":{"self":[{"href":"https:\/\/osaka.ma\/fr\/wp-json\/wp\/v2\/product\/11261","targetHints":{"allow":["GET"]}}],"collection":[{"href":"https:\/\/osaka.ma\/fr\/wp-json\/wp\/v2\/product"}],"about":[{"href":"https:\/\/osaka.ma\/fr\/wp-json\/wp\/v2\/types\/product"}],"version-history":[{"count":0,"href":"https:\/\/osaka.ma\/fr\/wp-json\/wp\/v2\/product\/11261\/revisions"}],"wp:featuredmedia":[{"embeddable":true,"href":"https:\/\/osaka.ma\/fr\/wp-json\/wp\/v2\/media\/1010776"}],"wp:attachment":[{"href":"https:\/\/osaka.ma\/fr\/wp-json\/wp\/v2\/media?parent=11261"}],"wp:term":[{"taxonomy":"pwb-brand","embeddable":true,"href":"https:\/\/osaka.ma\/fr\/wp-json\/wp\/v2\/pwb-brand?post=11261"},{"taxonomy":"product_brand","embeddable":true,"href":"https:\/\/osaka.ma\/fr\/wp-json\/wp\/v2\/product_brand?post=11261"},{"taxonomy":"product_cat","embeddable":true,"href":"https:\/\/osaka.ma\/fr\/wp-json\/wp\/v2\/product_cat?post=11261"},{"taxonomy":"product_tag","embeddable":true,"href":"https:\/\/osaka.ma\/fr\/wp-json\/wp\/v2\/product_tag?post=11261"},{"taxonomy":"pcb_component_type","embeddable":true,"href":"https:\/\/osaka.ma\/fr\/wp-json\/wp\/v2\/pcb_component_type?post=11261"}],"curies":[{"name":"wp","href":"https:\/\/api.w.org\/{rel}","templated":true}]}}