{"id":11519,"date":"2024-12-14T11:25:13","date_gmt":"2024-12-14T11:25:13","guid":{"rendered":"https:\/\/osaka.ma\/?post_type=product&#038;p=11519"},"modified":"2025-09-30T23:30:48","modified_gmt":"2025-09-30T22:30:48","slug":"asus-rog-zephyrus-g16-ga605wi-ryzen-9-ai-hx370-32gb-ddr5-1tb-rtx-4070-16-2-5k-240hz","status":"publish","type":"product","link":"https:\/\/osaka.ma\/fr\/product\/asus-rog-zephyrus-g16-ga605wi-ryzen-9-ai-hx370-32gb-ddr5-1tb-rtx-4070-16-2-5k-240hz\/","title":{"rendered":"ASUS ROG G16  ZEPHYRUS Ryzen 9 AI HX370 \/ 32GB DDR5 \/1TB \/ RTX 4070 8 GB \/16&#8243; 2.5K 240Hz"},"content":{"rendered":"<div class=\"logo\"><a href=\"https:\/\/www.ldlc.com\/asus\/bint000000806\/\" rel=\"nofollow noopener\" target=\"_blank\"><img decoding=\"async\" class=\"aligncenter\" src=\"https:\/\/media.ldlc.com\/v3\/marque\/bo\/00\/05\/62\/42\/V30005624251_2.jpg\" alt=\"ASUS\" \/><\/a><\/div>\n<div id=\"description\" class=\"description\">\n<div class=\"details-pdt-desc\">\n<h2 class=\"h2-master\">Confort, puissance et finesse sans compromis<\/h2>\n<section>Puissance, pr\u00e9cision et \u00e9l\u00e9gance d\u00e9finissent le\u00a0<strong>PC portable ASUS Zephyrus G16 GA605<\/strong>. Avec ses composants performants, son superbe \u00e9cran OLED de 16 pouces et son \u00e9l\u00e9gant ch\u00e2ssis en aluminium usin\u00e9 CNC, cet ordinateur portable ASUS incarne la fusion parfaite de la performance et du style.<\/section>\n<section>\n<div class=\"desc-image\"><img decoding=\"async\" src=\"https:\/\/media.ldlc.com\/bo\/images\/fiches\/pc_portables\/asus\/gu605\/801.jpg\" alt=\"\" \/><\/div>\n<div class=\"desc-text\">\n<h2>Hautes performances de jeu<\/h2>\n<p>Le Zephyrus G16 r\u00e9ussit \u00e0 allier parfaitement rapidit\u00e9, puissance et portabilit\u00e9. Son ch\u00e2ssis ultrafin abrite un processeur AMD Ryzen AI 9 HX 370 avec acc\u00e9l\u00e9rateurs IA et une puce graphique NVIDIA GeForce RTX s\u00e9rie 4000. Avec en prime de la m\u00e9moire LPDDR5 et un SSD au format M.2 PCIe 4.0, ce PC portable Gamer vous offrira un fonctionnement fluide et rapide. Avec ce PC portable, que vous soyez en train de passer un appel vid\u00e9o, de monter une vid\u00e9o ou de jouer \u00e0 un jeu de nouvelle g\u00e9n\u00e9ration, l&#8217;IA travaillera sans rel\u00e2che en coulisses pour am\u00e9liorer votre exp\u00e9rience.<\/p>\n<\/div>\n<\/section>\n<section>\n<div class=\"desc-text\">\n<h2>\u00c9cran OLED 240 Hz<\/h2>\n<p>Avec le PC portable ASUS ROG Zephyrus G16, profitez de temps de r\u00e9ponse ultra-rapides et de taux de contraste incroyables qui ne sont possibles qu&#8217;avec la technologie OLED. Son \u00e9cran affiche une r\u00e9solution de 2,5K, ce qui lui conf\u00e8re une forte densit\u00e9 de pixels pour un \u00e9cran de 16 pouces. par ailleurs, un taux de rafra\u00eechissement de 240 Hz assure la fluidit\u00e9 de tous vos jeux. La couverture \u00e0 100 % de l&#8217;espace colorim\u00e9trique DCI-P3, la pr\u00e9cision des couleurs delta E inf\u00e9rieure \u00e0 1 et la certification VESA HDR True Black 500 permettent une immersion dans des contenus HDR si r\u00e9alistes que l&#8217;\u00e9cran s&#8217;efface.<\/p>\n<\/div>\n<div class=\"desc-image\"><img decoding=\"async\" src=\"https:\/\/media.ldlc.com\/bo\/images\/fiches\/pc_portables\/asus\/gu605\/802.jpg\" alt=\"\" \/><\/div>\n<\/section>\n<section>\n<div class=\"desc-image\"><img decoding=\"async\" src=\"https:\/\/media.ldlc.com\/bo\/images\/fiches\/pc_portables\/asus\/gu605\/803.jpg\" alt=\"\" \/><\/div>\n<div class=\"desc-text\">\n<h2>Refroidissement performant<\/h2>\n<p>Le syst\u00e8me de refroidissement ROG Intelligent Cooling regroupe un ensemble de composants qui travaillent en harmonie pour maintenir les ordinateurs portables hautes performances au frais et dans le silence. Le Zephyrus G16 b\u00e9n\u00e9ficie de perfectionnements \u00e0 la liste des technologies de refroidissement de ROG, notamment les Arc Flow Fans de 2e g\u00e9n\u00e9ration et une sortie d&#8217;air repens\u00e9e \u00e0 haute efficacit\u00e9. Ce PC portable est \u00e9galement \u00e9quip\u00e9 de m\u00e9tal liquide, un mat\u00e9riau d&#8217;interface thermique ultra-performant.<\/p>\n<\/div>\n<\/section>\n<section>\n<div class=\"desc-text\">\n<h2>Excellente qualit\u00e9 audio<\/h2>\n<p>Laissez-vous emporter par la musique gr\u00e2ce aux woofers am\u00e9lior\u00e9s du Zephyrus G16. Gr\u00e2ce \u00e0 une augmentation de volume stup\u00e9fiante de 47 % et \u00e0 une fr\u00e9quence de basse ultra-basse de 100 Hz, le G16 produit un son clair et vibrant que l&#8217;on n&#8217;attendrait pas d&#8217;un appareil ultrafin de 16 pouces. Que vous \u00e9coutiez votre podcast pr\u00e9f\u00e9r\u00e9 ou que vous sauviez le monde dans les derniers jeux, le Zephyrus G16 est pr\u00eat \u00e0 faire monter le volume.<\/p>\n<\/div>\n<div class=\"desc-image\"><img decoding=\"async\" src=\"https:\/\/media.ldlc.com\/bo\/images\/fiches\/pc_portables\/asus\/gu605\/804.jpg\" alt=\"\" \/><\/div>\n<\/section>\n<section>\n<div class=\"desc-image\"><img decoding=\"async\" src=\"https:\/\/media.ldlc.com\/bo\/images\/fiches\/pc_portables\/asus\/gu605\/805.jpg\" alt=\"\" \/><\/div>\n<div class=\"desc-text\">\n<h2>Un design \u00e9clatant et pr\u00e9cis<\/h2>\n<p>Le Zephyrus G16 attire l&#8217;attention d\u00e8s le premier coup d&#8217;\u0153il. Usin\u00e9 avec pr\u00e9cision par CNC \u00e0 partir d&#8217;un alliage d&#8217;aluminium, ce mat\u00e9riau tr\u00e8s r\u00e9sistant accepte les formes complexes et est absolument magnifique apr\u00e8s avoir \u00e9t\u00e9 anodis\u00e9 en gris ou en blanc, selon le mod\u00e8le. Fabriqu\u00e9 \u00e0 partir d&#8217;un alliage d&#8217;aluminium 6063, le ch\u00e2ssis du Zephyrus G16 est minutieusement usin\u00e9 par CNC pour minimiser le volume tout en maintenant la rigidit\u00e9. Gr\u00e2ce \u00e0 des outils de pr\u00e9cision d&#8217;un diam\u00e8tre de 0,7 mm seulement, les canaux pour le clavier, le pav\u00e9 tactile et les haut-parleurs sont frais\u00e9s avec des tol\u00e9rances ultra serr\u00e9es pour obtenir un ch\u00e2ssis haut de gamme et robuste dont les composants s&#8217;\u00e9tirent d&#8217;un bord \u00e0 l&#8217;autre. Apr\u00e8s un processus en huit \u00e9tapes, le ch\u00e2ssis G16 sabl\u00e9, poli et anodis\u00e9 est pr\u00eat \u00e0 supporter son mat\u00e9riel phare.<\/p>\n<\/div>\n<\/section>\n<section>\n<h2>Caract\u00e9ristiques principales :<\/h2>\n<ul>\n<li><strong>Processeur AMD Ryzen AI 9 HX 370<\/strong><\/li>\n<li>32 Go de m\u00e9moire vive LPDDR5 (m\u00e9moire int\u00e9gr\u00e9e)<\/li>\n<li>\u00c9cran de 17&#8243; avec r\u00e9solution <strong>QHD+<\/strong>\u00a0(2560 x 1600 pixels)<\/li>\n<li><strong>Dalle OLED<\/strong>\u00a0avec fr\u00e9quence d&#8217;affichage de\u00a0<strong>240 Hz\u00a0<\/strong>et temps de r\u00e9ponse de 0.2 ms<\/li>\n<li>Prise en charge de NVIDIA G-SYNC<\/li>\n<li>Puce graphique\u00a0<strong>NVIDIA GeForce RTX 4070<\/strong>\u00a0avec 8 Go de m\u00e9moire d\u00e9di\u00e9e GDDR6<\/li>\n<li>Fonctionnement ultra-rapide avec un\u00a0<strong>SSD M.2 PCIe 4.0 de 1 To<\/strong><\/li>\n<li>Connexion sans fil Wi-Fi 7 + Bluetooth 5.4<\/li>\n<li>Clavier Gamer avec r\u00e9tro\u00e9clairage RGB (1 zone)<\/li>\n<li>Webcam IR 1080p<\/li>\n<li>Adaptateur secteur 200 watts<\/li>\n<li><strong>Windows 11 Professionnel<br \/>\n<\/strong><\/li>\n<li>QUASINeuf (sans emballage)<\/li>\n<\/ul>\n<\/section>\n<\/div>\n<\/div>\n","protected":false},"excerpt":{"rendered":"<section>\n<div class=\"desc-text\">\n<p>Le Zephyrus G16 attire l&#8217;attention d\u00e8s le premier coup d&#8217;\u0153il. Usin\u00e9 avec pr\u00e9cision par CNC \u00e0 partir d&#8217;un alliage d&#8217;aluminium, ce mat\u00e9riau tr\u00e8s r\u00e9sistant accepte les formes complexes et est absolument magnifique apr\u00e8s avoir \u00e9t\u00e9 anodis\u00e9 en gris ou en blanc, selon le mod\u00e8le. Fabriqu\u00e9 \u00e0 partir d&#8217;un alliage d&#8217;aluminium 6063<\/p>\n<\/div>\n<\/section>\n<section>\n<h2>Caract\u00e9ristiques principales :<\/h2>\n<ul>\n<li><strong>Processeur AMD Ryzen AI 9 HX 370<\/strong><\/li>\n<li>32 Go de m\u00e9moire vive LPDDR5 (m\u00e9moire int\u00e9gr\u00e9e)<\/li>\n<li>\u00c9cran de 17&#8243; avec r\u00e9solution <strong>QHD+<\/strong>\u00a0(2560 x 1600 pixels)<\/li>\n<li><strong>Dalle OLED<\/strong>\u00a0avec fr\u00e9quence d&#8217;affichage de\u00a0<strong>240 Hz\u00a0<\/strong>et temps de r\u00e9ponse de 0.2 ms<\/li>\n<li>Prise en charge de NVIDIA G-SYNC<\/li>\n<li>Puce graphique\u00a0<strong>NVIDIA GeForce RTX 4070<\/strong>\u00a0avec 8 Go de m\u00e9moire d\u00e9di\u00e9e GDDR6<\/li>\n<li>Fonctionnement ultra-rapide avec un\u00a0<strong>SSD M.2 PCIe 4.0 de 1 To<\/strong><\/li>\n<li>Connexion sans fil Wi-Fi 7 + Bluetooth 5.4<\/li>\n<li>Clavier Gamer avec r\u00e9tro\u00e9clairage RGB (1 zone)<\/li>\n<li>Webcam IR 1080p<\/li>\n<li>Adaptateur secteur 200 watts<\/li>\n<li><strong>Windows 11 Professionnel<br \/>\n<\/strong><\/li>\n<li>QUASINeuf (sans emballage)<\/li>\n<\/ul>\n<\/section>\n","protected":false},"featured_media":1011523,"template":"","meta":{"_acf_changed":false},"pwb-brand":[],"product_brand":[],"product_cat":[122,121,126],"product_tag":[],"pcb_component_type":[],"class_list":{"0":"post-11519","1":"product","2":"type-product","3":"status-publish","4":"has-post-thumbnail","6":"product_cat-gaming","7":"product_cat-pc-portable","8":"product_cat-professional","10":"first","11":"outofstock","12":"shipping-taxable","13":"product-type-simple"},"translation":{"provider":"WPGlobus","version":"3.0.2","language":"fr","enabled_languages":["en","es","de","fr","ru"],"languages":{"en":{"title":true,"content":true,"excerpt":true},"es":{"title":false,"content":false,"excerpt":false},"de":{"title":false,"content":false,"excerpt":false},"fr":{"title":false,"content":false,"excerpt":false},"ru":{"title":false,"content":false,"excerpt":false}}},"acf":[],"yoast_head":"<!-- This site is optimized with the Yoast SEO plugin v27.2 - https:\/\/yoast.com\/product\/yoast-seo-wordpress\/ -->\n<title>ASUS ROG G16 ZEPHYRUS Ryzen 9 AI HX370 \/ 32GB DDR5 \/1TB \/ RTX 4070 8 GB \/16&quot; 2.5K 240Hz - Osaka<\/title>\n<meta name=\"robots\" content=\"index, follow, max-snippet:-1, max-image-preview:large, max-video-preview:-1\" \/>\n<link rel=\"canonical\" href=\"https:\/\/osaka.ma\/ru\/product\/asus-rog-zephyrus-g16-ga605wi-ryzen-9-ai-hx370-32gb-ddr5-1tb-rtx-4070-16-2-5k-240hz\/\" \/>\n<meta property=\"og:locale\" content=\"fr_FR\" \/>\n<meta property=\"og:type\" content=\"article\" \/>\n<meta property=\"og:title\" content=\"ASUS ROG G16 ZEPHYRUS Ryzen 9 AI HX370 \/ 32GB DDR5 \/1TB \/ RTX 4070 8 GB \/16&quot; 2.5K 240Hz - Osaka\" \/>\n<meta property=\"og:url\" content=\"https:\/\/osaka.ma\/ru\/product\/asus-rog-zephyrus-g16-ga605wi-ryzen-9-ai-hx370-32gb-ddr5-1tb-rtx-4070-16-2-5k-240hz\/\" \/>\n<meta property=\"og:site_name\" content=\"Osaka\" \/>\n<meta property=\"article:modified_time\" content=\"2025-09-30T22:30:48+00:00\" \/>\n<meta property=\"og:image\" content=\"https:\/\/osaka.ma\/wp-content\/uploads\/2024\/12\/ASUS-ROG-Zephyrus-G16-GA605WV-QR067X.jpg\" \/>\n\t<meta property=\"og:image:width\" content=\"1600\" \/>\n\t<meta property=\"og:image:height\" content=\"1600\" \/>\n\t<meta property=\"og:image:type\" content=\"image\/jpeg\" \/>\n<meta name=\"twitter:card\" content=\"summary_large_image\" \/>\n<meta name=\"twitter:label1\" content=\"Dur\u00e9e de lecture estim\u00e9e\" \/>\n\t<meta name=\"twitter:data1\" content=\"7 minutes\" \/>\n<script type=\"application\/ld+json\" class=\"yoast-schema-graph\">{\"@context\":\"https:\/\/schema.org\",\"@graph\":[{\"@type\":\"WebPage\",\"@id\":\"https:\/\/osaka.ma\/ru\/product\/asus-rog-zephyrus-g16-ga605wi-ryzen-9-ai-hx370-32gb-ddr5-1tb-rtx-4070-16-2-5k-240hz\/\",\"url\":\"https:\/\/osaka.ma\/ru\/product\/asus-rog-zephyrus-g16-ga605wi-ryzen-9-ai-hx370-32gb-ddr5-1tb-rtx-4070-16-2-5k-240hz\/\",\"name\":\"ASUS ROG G16 ZEPHYRUS Ryzen 9 AI HX370 \/ 32GB DDR5 \/1TB \/ RTX 4070 8 GB \/16\\\" 2.5K 240Hz - Osaka\",\"isPartOf\":{\"@id\":\"https:\/\/osaka.ma\/#website\"},\"primaryImageOfPage\":{\"@id\":\"https:\/\/osaka.ma\/ru\/product\/asus-rog-zephyrus-g16-ga605wi-ryzen-9-ai-hx370-32gb-ddr5-1tb-rtx-4070-16-2-5k-240hz\/#primaryimage\"},\"image\":{\"@id\":\"https:\/\/osaka.ma\/ru\/product\/asus-rog-zephyrus-g16-ga605wi-ryzen-9-ai-hx370-32gb-ddr5-1tb-rtx-4070-16-2-5k-240hz\/#primaryimage\"},\"thumbnailUrl\":\"https:\/\/osaka.ma\/wp-content\/uploads\/2024\/12\/ASUS-ROG-Zephyrus-G16-GA605WV-QR067X.jpg\",\"datePublished\":\"2024-12-14T11:25:13+00:00\",\"dateModified\":\"2025-09-30T22:30:48+00:00\",\"breadcrumb\":{\"@id\":\"https:\/\/osaka.ma\/ru\/product\/asus-rog-zephyrus-g16-ga605wi-ryzen-9-ai-hx370-32gb-ddr5-1tb-rtx-4070-16-2-5k-240hz\/#breadcrumb\"},\"inLanguage\":\"fr-FR\",\"potentialAction\":[{\"@type\":\"ReadAction\",\"target\":[\"https:\/\/osaka.ma\/ru\/product\/asus-rog-zephyrus-g16-ga605wi-ryzen-9-ai-hx370-32gb-ddr5-1tb-rtx-4070-16-2-5k-240hz\/\"]}]},{\"@type\":\"ImageObject\",\"inLanguage\":\"fr-FR\",\"@id\":\"https:\/\/osaka.ma\/ru\/product\/asus-rog-zephyrus-g16-ga605wi-ryzen-9-ai-hx370-32gb-ddr5-1tb-rtx-4070-16-2-5k-240hz\/#primaryimage\",\"url\":\"https:\/\/osaka.ma\/wp-content\/uploads\/2024\/12\/ASUS-ROG-Zephyrus-G16-GA605WV-QR067X.jpg\",\"contentUrl\":\"https:\/\/osaka.ma\/wp-content\/uploads\/2024\/12\/ASUS-ROG-Zephyrus-G16-GA605WV-QR067X.jpg\",\"width\":1600,\"height\":1600},{\"@type\":\"BreadcrumbList\",\"@id\":\"https:\/\/osaka.ma\/ru\/product\/asus-rog-zephyrus-g16-ga605wi-ryzen-9-ai-hx370-32gb-ddr5-1tb-rtx-4070-16-2-5k-240hz\/#breadcrumb\",\"itemListElement\":[{\"@type\":\"ListItem\",\"position\":1,\"name\":\"Home\",\"item\":\"https:\/\/osaka.ma\/\"},{\"@type\":\"ListItem\",\"position\":2,\"name\":\"Shop\",\"item\":\"https:\/\/osaka.ma\/shop-2\/\"},{\"@type\":\"ListItem\",\"position\":3,\"name\":\"ASUS ROG G16 ZEPHYRUS Ryzen 9 AI HX370 \/ 32GB DDR5 \/1TB \/ RTX 4070 8 GB \/16&#8243; 2.5K 240Hz\"}]},{\"@type\":\"WebSite\",\"@id\":\"https:\/\/osaka.ma\/#website\",\"url\":\"https:\/\/osaka.ma\/\",\"name\":\"Osaka\",\"description\":\"\",\"publisher\":{\"@id\":\"https:\/\/osaka.ma\/#organization\"},\"potentialAction\":[{\"@type\":\"SearchAction\",\"target\":{\"@type\":\"EntryPoint\",\"urlTemplate\":\"https:\/\/osaka.ma\/?s={search_term_string}\"},\"query-input\":{\"@type\":\"PropertyValueSpecification\",\"valueRequired\":true,\"valueName\":\"search_term_string\"}}],\"inLanguage\":\"fr-FR\"},{\"@type\":\"Organization\",\"@id\":\"https:\/\/osaka.ma\/#organization\",\"name\":\"Osaka\",\"url\":\"https:\/\/osaka.ma\/\",\"logo\":{\"@type\":\"ImageObject\",\"inLanguage\":\"fr-FR\",\"@id\":\"https:\/\/osaka.ma\/#\/schema\/logo\/image\/\",\"url\":\"https:\/\/osaka.ma\/wp-content\/uploads\/2026\/01\/model-slogan-logo-2Plan-de-travail-1dksl-plus-finnn.png\",\"contentUrl\":\"https:\/\/osaka.ma\/wp-content\/uploads\/2026\/01\/model-slogan-logo-2Plan-de-travail-1dksl-plus-finnn.png\",\"width\":842,\"height\":226,\"caption\":\"Osaka\"},\"image\":{\"@id\":\"https:\/\/osaka.ma\/#\/schema\/logo\/image\/\"}}]}<\/script>\n<!-- \/ Yoast SEO plugin. -->","yoast_head_json":{"title":"ASUS ROG G16 ZEPHYRUS Ryzen 9 AI HX370 \/ 32GB DDR5 \/1TB \/ RTX 4070 8 GB \/16\" 2.5K 240Hz - Osaka","robots":{"index":"index","follow":"follow","max-snippet":"max-snippet:-1","max-image-preview":"max-image-preview:large","max-video-preview":"max-video-preview:-1"},"canonical":"https:\/\/osaka.ma\/ru\/product\/asus-rog-zephyrus-g16-ga605wi-ryzen-9-ai-hx370-32gb-ddr5-1tb-rtx-4070-16-2-5k-240hz\/","og_locale":"fr_FR","og_type":"article","og_title":"ASUS ROG G16 ZEPHYRUS Ryzen 9 AI HX370 \/ 32GB DDR5 \/1TB \/ RTX 4070 8 GB \/16\" 2.5K 240Hz - Osaka","og_url":"https:\/\/osaka.ma\/ru\/product\/asus-rog-zephyrus-g16-ga605wi-ryzen-9-ai-hx370-32gb-ddr5-1tb-rtx-4070-16-2-5k-240hz\/","og_site_name":"Osaka","article_modified_time":"2025-09-30T22:30:48+00:00","og_image":[{"width":1600,"height":1600,"url":"https:\/\/osaka.ma\/wp-content\/uploads\/2024\/12\/ASUS-ROG-Zephyrus-G16-GA605WV-QR067X.jpg","type":"image\/jpeg"}],"twitter_card":"summary_large_image","twitter_misc":{"Dur\u00e9e de lecture estim\u00e9e":"7 minutes"},"schema":{"@context":"https:\/\/schema.org","@graph":[{"@type":"WebPage","@id":"https:\/\/osaka.ma\/ru\/product\/asus-rog-zephyrus-g16-ga605wi-ryzen-9-ai-hx370-32gb-ddr5-1tb-rtx-4070-16-2-5k-240hz\/","url":"https:\/\/osaka.ma\/ru\/product\/asus-rog-zephyrus-g16-ga605wi-ryzen-9-ai-hx370-32gb-ddr5-1tb-rtx-4070-16-2-5k-240hz\/","name":"ASUS ROG G16 ZEPHYRUS Ryzen 9 AI HX370 \/ 32GB DDR5 \/1TB \/ RTX 4070 8 GB \/16\" 2.5K 240Hz - Osaka","isPartOf":{"@id":"https:\/\/osaka.ma\/#website"},"primaryImageOfPage":{"@id":"https:\/\/osaka.ma\/ru\/product\/asus-rog-zephyrus-g16-ga605wi-ryzen-9-ai-hx370-32gb-ddr5-1tb-rtx-4070-16-2-5k-240hz\/#primaryimage"},"image":{"@id":"https:\/\/osaka.ma\/ru\/product\/asus-rog-zephyrus-g16-ga605wi-ryzen-9-ai-hx370-32gb-ddr5-1tb-rtx-4070-16-2-5k-240hz\/#primaryimage"},"thumbnailUrl":"https:\/\/osaka.ma\/wp-content\/uploads\/2024\/12\/ASUS-ROG-Zephyrus-G16-GA605WV-QR067X.jpg","datePublished":"2024-12-14T11:25:13+00:00","dateModified":"2025-09-30T22:30:48+00:00","breadcrumb":{"@id":"https:\/\/osaka.ma\/ru\/product\/asus-rog-zephyrus-g16-ga605wi-ryzen-9-ai-hx370-32gb-ddr5-1tb-rtx-4070-16-2-5k-240hz\/#breadcrumb"},"inLanguage":"fr-FR","potentialAction":[{"@type":"ReadAction","target":["https:\/\/osaka.ma\/ru\/product\/asus-rog-zephyrus-g16-ga605wi-ryzen-9-ai-hx370-32gb-ddr5-1tb-rtx-4070-16-2-5k-240hz\/"]}]},{"@type":"ImageObject","inLanguage":"fr-FR","@id":"https:\/\/osaka.ma\/ru\/product\/asus-rog-zephyrus-g16-ga605wi-ryzen-9-ai-hx370-32gb-ddr5-1tb-rtx-4070-16-2-5k-240hz\/#primaryimage","url":"https:\/\/osaka.ma\/wp-content\/uploads\/2024\/12\/ASUS-ROG-Zephyrus-G16-GA605WV-QR067X.jpg","contentUrl":"https:\/\/osaka.ma\/wp-content\/uploads\/2024\/12\/ASUS-ROG-Zephyrus-G16-GA605WV-QR067X.jpg","width":1600,"height":1600},{"@type":"BreadcrumbList","@id":"https:\/\/osaka.ma\/ru\/product\/asus-rog-zephyrus-g16-ga605wi-ryzen-9-ai-hx370-32gb-ddr5-1tb-rtx-4070-16-2-5k-240hz\/#breadcrumb","itemListElement":[{"@type":"ListItem","position":1,"name":"Home","item":"https:\/\/osaka.ma\/"},{"@type":"ListItem","position":2,"name":"Shop","item":"https:\/\/osaka.ma\/shop-2\/"},{"@type":"ListItem","position":3,"name":"ASUS ROG G16 ZEPHYRUS Ryzen 9 AI HX370 \/ 32GB DDR5 \/1TB \/ RTX 4070 8 GB \/16&#8243; 2.5K 240Hz"}]},{"@type":"WebSite","@id":"https:\/\/osaka.ma\/#website","url":"https:\/\/osaka.ma\/","name":"Osaka","description":"","publisher":{"@id":"https:\/\/osaka.ma\/#organization"},"potentialAction":[{"@type":"SearchAction","target":{"@type":"EntryPoint","urlTemplate":"https:\/\/osaka.ma\/?s={search_term_string}"},"query-input":{"@type":"PropertyValueSpecification","valueRequired":true,"valueName":"search_term_string"}}],"inLanguage":"fr-FR"},{"@type":"Organization","@id":"https:\/\/osaka.ma\/#organization","name":"Osaka","url":"https:\/\/osaka.ma\/","logo":{"@type":"ImageObject","inLanguage":"fr-FR","@id":"https:\/\/osaka.ma\/#\/schema\/logo\/image\/","url":"https:\/\/osaka.ma\/wp-content\/uploads\/2026\/01\/model-slogan-logo-2Plan-de-travail-1dksl-plus-finnn.png","contentUrl":"https:\/\/osaka.ma\/wp-content\/uploads\/2026\/01\/model-slogan-logo-2Plan-de-travail-1dksl-plus-finnn.png","width":842,"height":226,"caption":"Osaka"},"image":{"@id":"https:\/\/osaka.ma\/#\/schema\/logo\/image\/"}}]}},"jetpack_sharing_enabled":true,"brands":[],"_links":{"self":[{"href":"https:\/\/osaka.ma\/fr\/wp-json\/wp\/v2\/product\/11519","targetHints":{"allow":["GET"]}}],"collection":[{"href":"https:\/\/osaka.ma\/fr\/wp-json\/wp\/v2\/product"}],"about":[{"href":"https:\/\/osaka.ma\/fr\/wp-json\/wp\/v2\/types\/product"}],"version-history":[{"count":0,"href":"https:\/\/osaka.ma\/fr\/wp-json\/wp\/v2\/product\/11519\/revisions"}],"wp:featuredmedia":[{"embeddable":true,"href":"https:\/\/osaka.ma\/fr\/wp-json\/wp\/v2\/media\/1011523"}],"wp:attachment":[{"href":"https:\/\/osaka.ma\/fr\/wp-json\/wp\/v2\/media?parent=11519"}],"wp:term":[{"taxonomy":"pwb-brand","embeddable":true,"href":"https:\/\/osaka.ma\/fr\/wp-json\/wp\/v2\/pwb-brand?post=11519"},{"taxonomy":"product_brand","embeddable":true,"href":"https:\/\/osaka.ma\/fr\/wp-json\/wp\/v2\/product_brand?post=11519"},{"taxonomy":"product_cat","embeddable":true,"href":"https:\/\/osaka.ma\/fr\/wp-json\/wp\/v2\/product_cat?post=11519"},{"taxonomy":"product_tag","embeddable":true,"href":"https:\/\/osaka.ma\/fr\/wp-json\/wp\/v2\/product_tag?post=11519"},{"taxonomy":"pcb_component_type","embeddable":true,"href":"https:\/\/osaka.ma\/fr\/wp-json\/wp\/v2\/pcb_component_type?post=11519"}],"curies":[{"name":"wp","href":"https:\/\/api.w.org\/{rel}","templated":true}]}}