{"id":11918,"date":"2024-12-31T11:56:55","date_gmt":"2024-12-31T11:56:55","guid":{"rendered":"https:\/\/osaka.ma\/?post_type=product&#038;p=11918"},"modified":"2025-03-24T11:28:13","modified_gmt":"2025-03-24T11:28:13","slug":"pc-gamer-ryzen-7-9700x-32gb-1tb-ssd-rtx-4060ti-16gb","status":"publish","type":"product","link":"https:\/\/osaka.ma\/fr\/product\/pc-gamer-ryzen-7-9700x-32gb-1tb-ssd-rtx-4060ti-16gb\/","title":{"rendered":"PC Gamer RYZEN 7 9700X\/ 32GB\/ 1TB SSD\/  RTX 4060TI 16GB"},"content":{"rendered":"<h2>Caract\u00e9ristiques principales :<\/h2>\n<ul>\n<li>Processeur <strong>AMD Ryzen 7 9700X (3.8 GHz \/ 5.5 GHz)<\/strong> Processeur 8-Core 16-Threads socket AM5 GameCache 40 Mo 4 nm TDP 65W<\/li>\n<li>Carte m\u00e8re <strong>Micro ATX Socket AM5 AMD B650<\/strong> &#8211; 2x DDR5 &#8211; M.2 PCIe 4.0 &#8211; USB 3.0 &#8211; PCI-Express 4.0 16x<\/li>\n<li>Ram <strong>32Go (2 x 16Go) 5200 MHz<\/strong> Corsair Vengeance RGB DDR5\u00a0 CL40<\/li>\n<li>Carte graphique MSI GeForce <strong>RTX 4060 Ti VENTUS 2X BLACK 16G OC<\/strong><\/li>\n<li>Bo\u00eetier <strong>XTRMLAB VISION<\/strong><\/li>\n<li>SSD <strong>Samsung\u00a0 990 PRO M.2 PCIe NVMe 1TB<\/strong><\/li>\n<li>Ventirad\u00a0<b> DeepCool AK400 Black<\/b><\/li>\n<li>Alimentation<strong> EVGA SuperNOVA 750 G3, 80 Plus GOLD 750W<\/strong><\/li>\n<li><strong>Win11 \/ Bien assembl\u00e9<\/strong><\/li>\n<\/ul>\n<p>&nbsp;<\/p>\n<div class=\"logo\">\n<div class=\"logo\">\n<div class=\"logo\">\n<div class=\"logo\"><a href=\"https:\/\/www.ldlc.com\/amd\/bint000000805\/\" rel=\"nofollow noopener\" target=\"_blank\"><img decoding=\"async\" src=\"https:\/\/media.ldlc.com\/v3\/marque\/bo\/00\/01\/69\/31\/V30001693127_2.gif\" alt=\"AMD\" \/><\/a><\/div>\n<div id=\"description\" class=\"description\">\n<div class=\"details-pdt-desc\">\n<h2 class=\"h2-master\">Le meilleur processeur pour le Jeu Vid\u00e9o, avec 100 Mo de cache !<\/h2>\n<section>Le\u00a0<strong>processeur gaming AMD Ryzen 7 5800X3D<\/strong>\u00a0int\u00e8gre la\u00a0<strong>technologie exclusive AMD\u00a0 V-Cache<\/strong>\u00a0pour des performances exceptionnelles en Jeu. En multipliant par 3 la quantit\u00e9 de m\u00e9moire cache disponible, cette technologie permet au\u00a0<strong>processeur AMD Ryzen 7 9700X d&#8217;atteindre 100 Mo de cache L2 + L3<\/strong>. Cette capacit\u00e9 \u00e0 traiter un tr\u00e8s grand nombre d&#8217;instructions rend ce processeur AMD ultra-performant dans les jeux. Associ\u00e9 \u00e0 une carte graphique haut de gamme, le\u00a0<strong>Ryzen 7 9700X <\/strong>\u00a0est tout simplement ce qui se fait de mieux pour jouer sur PC.<\/section>\n<section>\n<div class=\"desc-image\"><img decoding=\"async\" src=\"https:\/\/media.ldlc.com\/bo\/images\/fiches\/Processeur\/AMD\/amd_ryzen_5000_002.jpg\" alt=\"\" \/><\/div>\n<div class=\"desc-text\">\n<h2>AMD\u00a0 \u00a0V-Cache 100 Mo<\/h2>\n<p><strong>100 Mo de cache pour les jeux<\/strong>, 100 Mo de cache pour traiter un plus grand nombre d&#8217;instructions. C&#8217;est ce que propose le\u00a0<strong>processeur AMD Ryzen 7 9700X\u00a0 <\/strong>, une premi\u00e8re pour un processeur pour PC de bureau grand public.\u00a0Lorsque vous b\u00e9n\u00e9ficiez de l&#8217;architecture de processeur la plus avanc\u00e9e pour les\u00a0gamers et les cr\u00e9ateurs de contenu, les possibilit\u00e9s sont infinies. Le\u00a0<strong>cache L2 + L3 de 100 Mo<\/strong>\u00a0permet\u00a0le traitement ultrarapide d&#8217;un grand nombre d&#8217;instructions et d&#8217;obtenir des performances encore plus spectaculaires dans les jeux.<\/p>\n<\/div>\n<\/section>\n<section>\n<div class=\"desc-text\">\n<h2>8\u00a0c\u0153urs natifs\u00a0et 16\u00a0coeurs logiques<\/h2>\n<p>Le\u00a0<strong>processeur pour PC de bureau AMD Ryzen 7 9700X\u00a0 <\/strong>propose\u00a0<strong>8 coeurs natifs<\/strong>\u00a0et\u00a0<strong>16 coeurs logiques<\/strong>\u00a0pour un traitement multit\u00e2che agr\u00e9ablement fluide. Gr\u00e2ce \u00e0 sa\u00a0<strong>fr\u00e9quence native \u00e9lev\u00e9e<\/strong>\u00a0et \u00e0 son mode\u00a0<strong><em>Turbo Core<\/em><\/strong>\u00a0ajustant la puissance en fonction des besoins, le\u00a0<strong>CPU AMD Ryzen de nouvelle g\u00e9n\u00e9ration<\/strong>\u00a0d\u00e9livre des performances exceptionnelles dans tous les domaines : Jeux vid\u00e9o, multit\u00e2che intensif, \u00e9dition vid\u00e9o, mod\u00e9lisation 3D et bien plus encore.<\/p>\n<\/div>\n<div class=\"desc-image\"><img decoding=\"async\" src=\"https:\/\/media.ldlc.com\/bo\/images\/fiches\/Processeur\/AMD\/amd_ryzen_5000_001.jpg\" alt=\"\" \/><\/div>\n<\/section>\n<section>\n<div class=\"desc-image\"><img decoding=\"async\" src=\"https:\/\/media.ldlc.com\/bo\/images\/fiches\/Processeur\/AMD\/vermeer\/amd_ryzen_master.jpg\" alt=\"\" \/><\/div>\n<div class=\"desc-text\">\n<h2>Prenez le contr\u00f4le<\/h2>\n<p>Ryzen Master est l&#8217;outil qu&#8217;il vous faut pour g\u00e9rer efficacement les performances de votre processeur. C&#8217;est l&#8217;utilitaire d&#8217;overclocking simple et puissant destin\u00e9 aux processeurs AMD Ryzen.\u00a0Chaque processeur AMD Ryzen\u00a0est d\u00e9brid\u00e9 au niveau du multiplicateur en usine afin que vous puissiez personnaliser les performances \u00e0 votre go\u00fbt. AMD fournit l\u2019utilitaire AMD Ryzen\u00a0Master pour acc\u00e9der \u00e0 ce puissant avantage.\u00a0La nouvelle vue de base vous offre la possibilit\u00e9 d\u2019overclocker automatiquement votre CPU, de contr\u00f4ler manuellement la quantit\u00e9 d\u2019overclocking que vous souhaitez appliquer, tout en vous offrant une visibilit\u00e9 sur les param\u00e8tres syst\u00e8me importants comme la temp\u00e9rature, la vitesse et les tensions du CPU.<\/p>\n<\/div>\n<\/section>\n<\/div>\n<\/div>\n<\/div>\n<\/div>\n<\/div>\n<div class=\"logo\"><\/div>\n<div id=\"description\" class=\"description\">\n<div class=\"details-pdt-desc\">\n<section>\n<div class=\"desc-text\">\n<div class=\"logo\">\n<div class=\"logo\"><a href=\"https:\/\/www.ldlc.com\/msi\/bint000000992\/\" rel=\"nofollow noopener\" target=\"_blank\"><img decoding=\"async\" src=\"https:\/\/media.ldlc.com\/v3\/marque\/bo\/00\/05\/99\/39\/V30005993997.gif\" alt=\"MSI\" \/><\/a><\/div>\n<div id=\"description\" class=\"description\">\n<div class=\"details-pdt-desc\">\n<h2 class=\"h2-master\">NVIDIA DLSS 3 et ray tracing au coeur du jeu<\/h2>\n<section>Profitez des meilleures technologies et plongez au c\u0153ur de l&#8217;action gr\u00e2ce \u00e0 la\u00a0<strong>carte graphique MSI GeForce RTX 4060 Ti VENTUS 2X BLACK 16G OC<\/strong>. La technologie\u00a0<strong>NVIDIA DLSS 3\u00a0<\/strong>et le\u00a0<strong>ray tracing \u00e0 haute vitesse<\/strong>\u00a0subliment les derniers jeux PC pour vous permettre de b\u00e9n\u00e9ficier d&#8217;une exp\u00e9rience vid\u00e9oludique d&#8217;exception.<\/p>\n<\/section>\n<section>\n<div class=\"desc-image\"><img decoding=\"async\" src=\"https:\/\/media.ldlc.com\/bo\/images\/fiches\/Carte_graphique\/MSI\/msi_rtx_ventus_2x_black_001.jpg\" alt=\"\" \/><\/div>\n<div class=\"desc-text\">\n<h2>MSI GeForce RTX 4060 Ti VENTUS 2X BLACK 16 G OC<\/h2>\n<ul>\n<li>Syst\u00e8me de refroidissement Dual Fan<\/li>\n<li>Ventilateurs TORX FAN 4.0<\/li>\n<li>Backplate renrforc\u00e9e<\/li>\n<li>Technologie Zero Frozr : arr\u00eat des ventilateurs lorsque le syst\u00e8me est peu sollicit\u00e9<\/li>\n<li>Logiciels MSI Center et Afterburner<\/li>\n<\/ul>\n<\/div>\n<\/section>\n<section>\n<div class=\"desc-text\">\n<h2>Architecture NVIDIA Ada Lovelace<\/h2>\n<p>Cette architecture nouvelle va vous permettre de garder une longueur d&#8217;avance. Elle est en avance sur son temps comme sur le jeu.<\/p>\n<ul>\n<li>Nouveaux multiprocesseurs de flux : Jusqu\u2019\u00e0 2 fois plus de performances et de rendement \u00e9nerg\u00e9tique<\/li>\n<li>C\u0153urs Tensor de quatri\u00e8me g\u00e9n\u00e9ration : Jusqu\u2019\u00e0 2 fois plus de performances d\u2019IA<\/li>\n<li>C\u0153urs RT de troisi\u00e8me g\u00e9n\u00e9ration : Jusqu\u2019\u00e0 2 fois plus de performances de ray tracing et des graphismes r\u00e9alistes et immersifs<\/li>\n<li>Plateforme NVIDIA Reflex \u00e0 faible latence<\/li>\n<li>Encodeur NVIDIA : Conception pour le streaming en direct<\/li>\n<li>NVIDIA Broadcast : Vid\u00e9o et voix optimis\u00e9es par l\u2019IA<\/li>\n<li>NVIDIA Studio : Acc\u00e9l\u00e9rez votre cr\u00e9ativit\u00e9<\/li>\n<li>NVIDIA DLSS 3 : Performances acc\u00e9l\u00e9r\u00e9es par l\u2019IA<\/li>\n<\/ul>\n<p>&nbsp;<\/p>\n<\/div>\n<div class=\"desc-image\"><img decoding=\"async\" src=\"https:\/\/media.ldlc.com\/bo\/images\/fiches\/Carte_graphique\/NVIDIA\/nvidia_ada_lovelace_001.jpg\" alt=\"\" \/><\/div>\n<\/section>\n<section>\n<div class=\"desc-image\"><img decoding=\"async\" src=\"https:\/\/media.ldlc.com\/bo\/images\/fiches\/Carte_graphique\/NVIDIA\/nvidia_ada_lovelace_002.jpg\" alt=\"\" \/><\/div>\n<div class=\"desc-text\">\n<h2>Ray tracing<\/h2>\n<p>Hyper-r\u00e9aliste et hyper-rapide, le Ray tracing vous rapproche au plus pr\u00e8s de la r\u00e9alit\u00e9. L\u2019architecture Ada exploite toute la puissance du ray tracing, qui simule le comportement de la lumi\u00e8re dans le monde r\u00e9el. Gr\u00e2ce \u00e0 la puissance des GPU RTX s\u00e9rie 40 et aux c\u0153urs RT de troisi\u00e8me g\u00e9n\u00e9ration, vous profitez de mondes virtuels plus d\u00e9taill\u00e9s que jamais.\n<\/p><\/div>\n<\/section>\n<section>\n<div class=\"desc-text\">\n<h2>NVIDIA DLSS\u00a03<\/h2>\n<p>Multipliez vos performances gr\u00e2ce \u00e0 l\u2019IA. Innovation r\u00e9volutionnaire dans le domaine du rendu graphique bas\u00e9 sur l\u2019IA, le DLSS acc\u00e9l\u00e8re grandement les performances de jeu. Optimis\u00e9 par les c\u0153urs Tensor de quatri\u00e8me g\u00e9n\u00e9ration et l\u2019acc\u00e9l\u00e9rateur de flux optiques des GPU GeForce RTX s\u00e9rie 40, le DLSS 3 exploite l\u2019IA pour g\u00e9n\u00e9rer des images additionnelles de haute qualit\u00e9.\n<\/p><\/div>\n<div class=\"desc-image\"><img decoding=\"async\" src=\"https:\/\/media.ldlc.com\/bo\/images\/fiches\/Carte_graphique\/NVIDIA\/nvidia_ada_lovelace_003.jpg\" alt=\"\" \/><\/div>\n<\/section>\n<section>\n<div class=\"desc-image\"><img decoding=\"async\" src=\"https:\/\/media.ldlc.com\/bo\/images\/fiches\/Carte_graphique\/NVIDIA\/nvidia_ada_lovelace_004.jpg\" alt=\"\" \/><\/div>\n<div class=\"desc-text\">\n<h2>NVIDIA Reflex<\/h2>\n<p>La victoire se mesure en millisecondes. Les GPU GeForce RTX s\u00e9rie 40 et la technologie NVIDIA Reflex fournissent la latence la plus faible et la meilleure r\u00e9activit\u00e9 pour vous garantir un avantage comp\u00e9titif ultime. Con\u00e7ue pour optimiser et mesurer la latence de votre syst\u00e8me, la technologie NVIDIA Reflex acc\u00e9l\u00e8re l\u2019acquisition des cibles, minimise les temps de r\u00e9action et renforce la pr\u00e9cision de vos tirs dans les jeux comp\u00e9titifs.<\/p>\n<\/div>\n<\/section>\n<section>\n<div class=\"desc-text\">\n<h2>NVIDIA Studio<\/h2>\n<p>Vos id\u00e9es, acc\u00e9l\u00e9r\u00e9es par NVIDIA Studio. Faites passer vos projets cr\u00e9atifs au niveau sup\u00e9rieur avec NVIDIA Studio. Optimis\u00e9es par un nouveau mat\u00e9riel d\u00e9di\u00e9, les cartes graphiques RTX s\u00e9rie 40 vous fournissent des performances in\u00e9gal\u00e9es pour le rendu 3D, le montage vid\u00e9o et la conception graphique. Profitez des capacit\u00e9s d\u2019acc\u00e9l\u00e9ration sans pr\u00e9c\u00e9dent de RTX dans les principales applications de cr\u00e9ation du march\u00e9, des pilotes NVIDIA Studio \u00e0 la pointe de la technologie con\u00e7us pour garantir un maximum de stabilit\u00e9 et d\u2019une suite d\u2019outils exclusifs exploitant la puissance de RTX pour acc\u00e9l\u00e9rer les workflows de cr\u00e9ation assist\u00e9s par l\u2019IA.<\/p>\n<\/div>\n<div class=\"desc-image\"><img decoding=\"async\" src=\"https:\/\/media.ldlc.com\/bo\/images\/fiches\/Carte_graphique\/NVIDIA\/nvidia_ada_lovelace_005.jpg\" alt=\"\" \/><\/div>\n<\/section>\n<\/div>\n<\/div>\n<\/div>\n<div id=\"description\" class=\"description\">\n<div class=\"details-pdt-desc\">\n<h2 class=\"h2-master\">SSD 990 PRO : SSD PCIe 4.0 ultra hautes performances<\/h2>\n<section>Le disque\u00a0<strong>SSD 990 PRO 1 To<\/strong>\u00a0de Samsung permet \u00e0 votre machine de changer de dimension. Ce SSD b\u00e9n\u00e9ficie de vitesses stratosph\u00e9riques et d&#8217;une endurance tr\u00e8s \u00e9lev\u00e9e. Le Samsung 990 PRO au format M.2 2280 s&#8217;appuie sur l&#8217;interface PCI-E 4.0 x4 et la technologie NVMe 2.0. Il embarque des puces m\u00e9moire\u00a0<span class=\"product-specs__highlights-desc\">Samsung V-NAND 3-bit MLC<\/span>\u00a0et 1 Go de m\u00e9moire cache LPDDR4.<\/p>\n<\/section>\n<section>\n<div class=\"desc-image\"><img decoding=\"async\" src=\"https:\/\/media.ldlc.com\/bo\/images\/fiches\/Disque_dur_SSD\/Samsung\/990_pro\/800_1.jpg\" alt=\"\" \/><\/div>\n<div class=\"desc-text\">\n<h2>Performances PCI-Express 4.0<\/h2>\n<p>Le SSD Samsung 990 PRO NVMe PCIe 4.0. Le 990 PRO permet de pousser l&#8217;interface PCIe 4.0 dans ses derniers retranchements en doublant le taux de transfert de donn\u00e9es du PCIe 3.0, tout en restant r\u00e9tro compatible avec cette derni\u00e8re.<\/p>\n<p>Le 990 PRO permet d&#8217;atteindre des vitesses de lecture de 7450 Mo\/s et de 6900 Mo\/s en \u00e9criture (suivant les mod\u00e8les)<\/p>\n<\/div>\n<\/section>\n<section>\n<div class=\"desc-text\">\n<h2>Samsung Magician<\/h2>\n<p>Acc\u00e9der \u00e0 la vraie puissance du 990 PRO gr\u00e2ce au logiciel Samsung Magician et ses outils intuitifs\u00a0: surveiller l&#8217;\u00e9tat du disque, optimiser ses performances, prot\u00e9ger vos donn\u00e9es importantes, et recevez toutes les mises \u00e0 jour pour toujours b\u00e9n\u00e9ficier des meilleures performances possibles avec votre SSD.<\/p>\n<\/div>\n<div class=\"desc-image\"><img decoding=\"async\" src=\"https:\/\/media.ldlc.com\/bo\/images\/fiches\/Disque_dur_SSD\/Samsung\/990_pro\/800_2.jpg\" alt=\"\" \/><\/div>\n<\/section>\n<\/div>\n<\/div>\n<\/div>\n<\/section>\n<\/div>\n<\/div>\n","protected":false},"excerpt":{"rendered":"<h2>Caract\u00e9ristiques principales :<\/h2>\n<ul>\n<li>Processeur <strong>AMD Ryzen 7 9700X (3.8 GHz \/ 5.5 GHz)<\/strong> Processeur 8-Core 16-Threads socket AM5 GameCache 40 Mo 4 nm TDP 65W<\/li>\n<li>Carte m\u00e8re <strong>Micro ATX Socket AM5 AMD B650<\/strong> &#8211; 2x DDR5 &#8211; M.2 PCIe 4.0 &#8211; USB 3.0 &#8211; PCI-Express 4.0 16x<\/li>\n<li>Ram <strong>32Go (2 x 16Go) 5200 MHz<\/strong> Corsair Vengeance RGB DDR5\u00a0 CL40<\/li>\n<li>Carte graphique MSI GeForce <strong>RTX 4060 Ti VENTUS 2X BLACK 16G OC<\/strong><\/li>\n<li>Bo\u00eetier <strong>XTRMLAB VISION<\/strong><\/li>\n<li>SSD <strong>Samsung\u00a0 990 PRO M.2 PCIe NVMe 1TB<\/strong><\/li>\n<li>Ventirad\u00a0<b> DeepCool AK400 Black<\/b><\/li>\n<li>Alimentation<strong> EVGA SuperNOVA 750 G3, 80 Plus GOLD 750W<\/strong><\/li>\n<li><strong>Win11 \/ Bien assembl\u00e9<\/strong><\/li>\n<\/ul>\n","protected":false},"featured_media":1011920,"template":"","meta":{"_acf_changed":false},"pwb-brand":[],"product_brand":[],"product_cat":[54,53],"product_tag":[],"pcb_component_type":[],"class_list":{"0":"post-11918","1":"product","2":"type-product","3":"status-publish","4":"has-post-thumbnail","6":"product_cat-amd-ryzen","7":"product_cat-pc-gamer","9":"first","10":"outofstock","11":"shipping-taxable","12":"product-type-simple"},"translation":{"provider":"WPGlobus","version":"3.0.2","language":"fr","enabled_languages":["en","es","de","fr","ru"],"languages":{"en":{"title":true,"content":true,"excerpt":true},"es":{"title":false,"content":false,"excerpt":false},"de":{"title":false,"content":false,"excerpt":false},"fr":{"title":false,"content":false,"excerpt":false},"ru":{"title":false,"content":false,"excerpt":false}}},"acf":[],"yoast_head":"<!-- This site is optimized with the Yoast SEO plugin v27.2 - https:\/\/yoast.com\/product\/yoast-seo-wordpress\/ -->\n<title>PC Gamer RYZEN 7 9700X\/ 32GB\/ 1TB SSD\/ RTX 4060TI 16GB - Osaka<\/title>\n<meta name=\"robots\" content=\"index, follow, max-snippet:-1, max-image-preview:large, max-video-preview:-1\" \/>\n<link rel=\"canonical\" href=\"https:\/\/osaka.ma\/product\/pc-gamer-ryzen-7-9700x-32gb-1tb-ssd-rtx-4060ti-16gb\/\" \/>\n<meta property=\"og:locale\" content=\"fr_FR\" \/>\n<meta property=\"og:type\" content=\"article\" \/>\n<meta property=\"og:title\" content=\"PC Gamer RYZEN 7 9700X\/ 32GB\/ 1TB SSD\/ RTX 4060TI 16GB - Osaka\" \/>\n<meta property=\"og:url\" content=\"https:\/\/osaka.ma\/product\/pc-gamer-ryzen-7-9700x-32gb-1tb-ssd-rtx-4060ti-16gb\/\" \/>\n<meta property=\"og:site_name\" content=\"Osaka\" \/>\n<meta property=\"article:modified_time\" content=\"2025-03-24T11:28:13+00:00\" \/>\n<meta property=\"og:image\" content=\"https:\/\/osaka.ma\/wp-content\/uploads\/2024\/12\/xtrmlab-vision-black.jpg\" \/>\n\t<meta property=\"og:image:width\" content=\"600\" \/>\n\t<meta property=\"og:image:height\" content=\"600\" \/>\n\t<meta property=\"og:image:type\" content=\"image\/jpeg\" \/>\n<meta name=\"twitter:card\" content=\"summary_large_image\" \/>\n<meta name=\"twitter:label1\" content=\"Dur\u00e9e de lecture estim\u00e9e\" \/>\n\t<meta name=\"twitter:data1\" content=\"8 minutes\" \/>\n<script type=\"application\/ld+json\" class=\"yoast-schema-graph\">{\"@context\":\"https:\/\/schema.org\",\"@graph\":[{\"@type\":\"WebPage\",\"@id\":\"https:\/\/osaka.ma\/product\/pc-gamer-ryzen-7-9700x-32gb-1tb-ssd-rtx-4060ti-16gb\/\",\"url\":\"https:\/\/osaka.ma\/product\/pc-gamer-ryzen-7-9700x-32gb-1tb-ssd-rtx-4060ti-16gb\/\",\"name\":\"PC Gamer RYZEN 7 9700X\/ 32GB\/ 1TB SSD\/ RTX 4060TI 16GB - Osaka\",\"isPartOf\":{\"@id\":\"https:\/\/osaka.ma\/#website\"},\"primaryImageOfPage\":{\"@id\":\"https:\/\/osaka.ma\/product\/pc-gamer-ryzen-7-9700x-32gb-1tb-ssd-rtx-4060ti-16gb\/#primaryimage\"},\"image\":{\"@id\":\"https:\/\/osaka.ma\/product\/pc-gamer-ryzen-7-9700x-32gb-1tb-ssd-rtx-4060ti-16gb\/#primaryimage\"},\"thumbnailUrl\":\"https:\/\/osaka.ma\/wp-content\/uploads\/2024\/12\/xtrmlab-vision-black.jpg\",\"datePublished\":\"2024-12-31T11:56:55+00:00\",\"dateModified\":\"2025-03-24T11:28:13+00:00\",\"breadcrumb\":{\"@id\":\"https:\/\/osaka.ma\/product\/pc-gamer-ryzen-7-9700x-32gb-1tb-ssd-rtx-4060ti-16gb\/#breadcrumb\"},\"inLanguage\":\"fr-FR\",\"potentialAction\":[{\"@type\":\"ReadAction\",\"target\":[\"https:\/\/osaka.ma\/product\/pc-gamer-ryzen-7-9700x-32gb-1tb-ssd-rtx-4060ti-16gb\/\"]}]},{\"@type\":\"ImageObject\",\"inLanguage\":\"fr-FR\",\"@id\":\"https:\/\/osaka.ma\/product\/pc-gamer-ryzen-7-9700x-32gb-1tb-ssd-rtx-4060ti-16gb\/#primaryimage\",\"url\":\"https:\/\/osaka.ma\/wp-content\/uploads\/2024\/12\/xtrmlab-vision-black.jpg\",\"contentUrl\":\"https:\/\/osaka.ma\/wp-content\/uploads\/2024\/12\/xtrmlab-vision-black.jpg\",\"width\":600,\"height\":600},{\"@type\":\"BreadcrumbList\",\"@id\":\"https:\/\/osaka.ma\/product\/pc-gamer-ryzen-7-9700x-32gb-1tb-ssd-rtx-4060ti-16gb\/#breadcrumb\",\"itemListElement\":[{\"@type\":\"ListItem\",\"position\":1,\"name\":\"Home\",\"item\":\"https:\/\/osaka.ma\/\"},{\"@type\":\"ListItem\",\"position\":2,\"name\":\"Shop\",\"item\":\"https:\/\/osaka.ma\/shop-2\/\"},{\"@type\":\"ListItem\",\"position\":3,\"name\":\"PC Gamer RYZEN 7 9700X\/ 32GB\/ 1TB SSD\/ RTX 4060TI 16GB\"}]},{\"@type\":\"WebSite\",\"@id\":\"https:\/\/osaka.ma\/#website\",\"url\":\"https:\/\/osaka.ma\/\",\"name\":\"Osaka\",\"description\":\"\",\"publisher\":{\"@id\":\"https:\/\/osaka.ma\/#organization\"},\"potentialAction\":[{\"@type\":\"SearchAction\",\"target\":{\"@type\":\"EntryPoint\",\"urlTemplate\":\"https:\/\/osaka.ma\/?s={search_term_string}\"},\"query-input\":{\"@type\":\"PropertyValueSpecification\",\"valueRequired\":true,\"valueName\":\"search_term_string\"}}],\"inLanguage\":\"fr-FR\"},{\"@type\":\"Organization\",\"@id\":\"https:\/\/osaka.ma\/#organization\",\"name\":\"Osaka\",\"url\":\"https:\/\/osaka.ma\/\",\"logo\":{\"@type\":\"ImageObject\",\"inLanguage\":\"fr-FR\",\"@id\":\"https:\/\/osaka.ma\/#\/schema\/logo\/image\/\",\"url\":\"https:\/\/osaka.ma\/wp-content\/uploads\/2026\/01\/model-slogan-logo-2Plan-de-travail-1dksl-plus-finnn.png\",\"contentUrl\":\"https:\/\/osaka.ma\/wp-content\/uploads\/2026\/01\/model-slogan-logo-2Plan-de-travail-1dksl-plus-finnn.png\",\"width\":842,\"height\":226,\"caption\":\"Osaka\"},\"image\":{\"@id\":\"https:\/\/osaka.ma\/#\/schema\/logo\/image\/\"}}]}<\/script>\n<!-- \/ Yoast SEO plugin. -->","yoast_head_json":{"title":"PC Gamer RYZEN 7 9700X\/ 32GB\/ 1TB SSD\/ RTX 4060TI 16GB - Osaka","robots":{"index":"index","follow":"follow","max-snippet":"max-snippet:-1","max-image-preview":"max-image-preview:large","max-video-preview":"max-video-preview:-1"},"canonical":"https:\/\/osaka.ma\/product\/pc-gamer-ryzen-7-9700x-32gb-1tb-ssd-rtx-4060ti-16gb\/","og_locale":"fr_FR","og_type":"article","og_title":"PC Gamer RYZEN 7 9700X\/ 32GB\/ 1TB SSD\/ RTX 4060TI 16GB - Osaka","og_url":"https:\/\/osaka.ma\/product\/pc-gamer-ryzen-7-9700x-32gb-1tb-ssd-rtx-4060ti-16gb\/","og_site_name":"Osaka","article_modified_time":"2025-03-24T11:28:13+00:00","og_image":[{"width":600,"height":600,"url":"https:\/\/osaka.ma\/wp-content\/uploads\/2024\/12\/xtrmlab-vision-black.jpg","type":"image\/jpeg"}],"twitter_card":"summary_large_image","twitter_misc":{"Dur\u00e9e de lecture estim\u00e9e":"8 minutes"},"schema":{"@context":"https:\/\/schema.org","@graph":[{"@type":"WebPage","@id":"https:\/\/osaka.ma\/product\/pc-gamer-ryzen-7-9700x-32gb-1tb-ssd-rtx-4060ti-16gb\/","url":"https:\/\/osaka.ma\/product\/pc-gamer-ryzen-7-9700x-32gb-1tb-ssd-rtx-4060ti-16gb\/","name":"PC Gamer RYZEN 7 9700X\/ 32GB\/ 1TB SSD\/ RTX 4060TI 16GB - Osaka","isPartOf":{"@id":"https:\/\/osaka.ma\/#website"},"primaryImageOfPage":{"@id":"https:\/\/osaka.ma\/product\/pc-gamer-ryzen-7-9700x-32gb-1tb-ssd-rtx-4060ti-16gb\/#primaryimage"},"image":{"@id":"https:\/\/osaka.ma\/product\/pc-gamer-ryzen-7-9700x-32gb-1tb-ssd-rtx-4060ti-16gb\/#primaryimage"},"thumbnailUrl":"https:\/\/osaka.ma\/wp-content\/uploads\/2024\/12\/xtrmlab-vision-black.jpg","datePublished":"2024-12-31T11:56:55+00:00","dateModified":"2025-03-24T11:28:13+00:00","breadcrumb":{"@id":"https:\/\/osaka.ma\/product\/pc-gamer-ryzen-7-9700x-32gb-1tb-ssd-rtx-4060ti-16gb\/#breadcrumb"},"inLanguage":"fr-FR","potentialAction":[{"@type":"ReadAction","target":["https:\/\/osaka.ma\/product\/pc-gamer-ryzen-7-9700x-32gb-1tb-ssd-rtx-4060ti-16gb\/"]}]},{"@type":"ImageObject","inLanguage":"fr-FR","@id":"https:\/\/osaka.ma\/product\/pc-gamer-ryzen-7-9700x-32gb-1tb-ssd-rtx-4060ti-16gb\/#primaryimage","url":"https:\/\/osaka.ma\/wp-content\/uploads\/2024\/12\/xtrmlab-vision-black.jpg","contentUrl":"https:\/\/osaka.ma\/wp-content\/uploads\/2024\/12\/xtrmlab-vision-black.jpg","width":600,"height":600},{"@type":"BreadcrumbList","@id":"https:\/\/osaka.ma\/product\/pc-gamer-ryzen-7-9700x-32gb-1tb-ssd-rtx-4060ti-16gb\/#breadcrumb","itemListElement":[{"@type":"ListItem","position":1,"name":"Home","item":"https:\/\/osaka.ma\/"},{"@type":"ListItem","position":2,"name":"Shop","item":"https:\/\/osaka.ma\/shop-2\/"},{"@type":"ListItem","position":3,"name":"PC Gamer RYZEN 7 9700X\/ 32GB\/ 1TB SSD\/ RTX 4060TI 16GB"}]},{"@type":"WebSite","@id":"https:\/\/osaka.ma\/#website","url":"https:\/\/osaka.ma\/","name":"Osaka","description":"","publisher":{"@id":"https:\/\/osaka.ma\/#organization"},"potentialAction":[{"@type":"SearchAction","target":{"@type":"EntryPoint","urlTemplate":"https:\/\/osaka.ma\/?s={search_term_string}"},"query-input":{"@type":"PropertyValueSpecification","valueRequired":true,"valueName":"search_term_string"}}],"inLanguage":"fr-FR"},{"@type":"Organization","@id":"https:\/\/osaka.ma\/#organization","name":"Osaka","url":"https:\/\/osaka.ma\/","logo":{"@type":"ImageObject","inLanguage":"fr-FR","@id":"https:\/\/osaka.ma\/#\/schema\/logo\/image\/","url":"https:\/\/osaka.ma\/wp-content\/uploads\/2026\/01\/model-slogan-logo-2Plan-de-travail-1dksl-plus-finnn.png","contentUrl":"https:\/\/osaka.ma\/wp-content\/uploads\/2026\/01\/model-slogan-logo-2Plan-de-travail-1dksl-plus-finnn.png","width":842,"height":226,"caption":"Osaka"},"image":{"@id":"https:\/\/osaka.ma\/#\/schema\/logo\/image\/"}}]}},"jetpack_sharing_enabled":true,"brands":[],"_links":{"self":[{"href":"https:\/\/osaka.ma\/fr\/wp-json\/wp\/v2\/product\/11918","targetHints":{"allow":["GET"]}}],"collection":[{"href":"https:\/\/osaka.ma\/fr\/wp-json\/wp\/v2\/product"}],"about":[{"href":"https:\/\/osaka.ma\/fr\/wp-json\/wp\/v2\/types\/product"}],"version-history":[{"count":0,"href":"https:\/\/osaka.ma\/fr\/wp-json\/wp\/v2\/product\/11918\/revisions"}],"wp:featuredmedia":[{"embeddable":true,"href":"https:\/\/osaka.ma\/fr\/wp-json\/wp\/v2\/media\/1011920"}],"wp:attachment":[{"href":"https:\/\/osaka.ma\/fr\/wp-json\/wp\/v2\/media?parent=11918"}],"wp:term":[{"taxonomy":"pwb-brand","embeddable":true,"href":"https:\/\/osaka.ma\/fr\/wp-json\/wp\/v2\/pwb-brand?post=11918"},{"taxonomy":"product_brand","embeddable":true,"href":"https:\/\/osaka.ma\/fr\/wp-json\/wp\/v2\/product_brand?post=11918"},{"taxonomy":"product_cat","embeddable":true,"href":"https:\/\/osaka.ma\/fr\/wp-json\/wp\/v2\/product_cat?post=11918"},{"taxonomy":"product_tag","embeddable":true,"href":"https:\/\/osaka.ma\/fr\/wp-json\/wp\/v2\/product_tag?post=11918"},{"taxonomy":"pcb_component_type","embeddable":true,"href":"https:\/\/osaka.ma\/fr\/wp-json\/wp\/v2\/pcb_component_type?post=11918"}],"curies":[{"name":"wp","href":"https:\/\/api.w.org\/{rel}","templated":true}]}}