{"id":12059,"date":"2025-01-15T15:05:07","date_gmt":"2025-01-15T15:05:07","guid":{"rendered":"https:\/\/osaka.ma\/?post_type=product&#038;p=12059"},"modified":"2025-12-24T14:40:24","modified_gmt":"2025-12-24T13:40:24","slug":"prostrike-vortex-white-4-fan-argb","status":"publish","type":"product","link":"https:\/\/osaka.ma\/fr\/product\/prostrike-vortex-white-4-fan-argb\/","title":{"rendered":"PROSTRIKE VORTEX WHITE 4 FAN ARGB"},"content":{"rendered":"<p>&nbsp;<\/p>\n<p>Mettez vos composants gamings en valeur avec le bo\u00eetier GAMER PROSTRIKE VORTEX ! Avec ses panneaux en verre tremp\u00e9, vous aurez une vue imprenable sur votre setup. Son \u00e9clairage ARGB ajoute une touche de style qui vous permet de personnaliser votre PC selon vos envies. Les 4 ventilateurs PROSTRIKE VOX 120 ARGB de 120 mm inclus offrent un \u00e9clairage ARGB avec des effets de miroir infini. En plus d&#8217;un look incroyable, le PROSTRIKE VORTEX assure une excellente circulation d&#8217;air et une performance thermique. Il supporte les cartes m\u00e8res ATX M-ATX et ITX, laisse de la place pour des GPU jusqu&#8217;\u00e0 410 mm et poss\u00e8de un demi-car\u00e9nage styl\u00e9 et a\u00e9r\u00e9 pour votre alimentation. Ce bo\u00eetier est compatible avec tout le mat\u00e9riel actuel du march\u00e9, alors faites-vous plaisir et montez le PC de vos r\u00eaves !<\/p>\n<p><strong>Caract\u00e9ristiques principales :<\/strong><br \/>\n<strong>Bo\u00eetier Gamer ATX Tour : 420(L)mm ,212(W)mm, 470(H)mm<\/strong><\/p>\n<p><strong>Panneaux en verre tremp\u00e9<\/strong><\/p>\n<p><strong>Compatible avec les cartes m\u00e8res ATX, Micro-ATX, Mini ITX<\/strong><\/p>\n<p><strong>Longueur maximum carte graphique : 400 mm<\/strong><\/p>\n<p><strong>Hauteur maximum ventirad : 165 mm<\/strong><\/p>\n<p><strong>4 ventilateurs VOX 120 ARGB &#8211; Blanc pr\u00e9install\u00e9s<\/strong><\/p>\n<p><strong>10 emplacements pour ventilateurs de 120 mm<\/strong><\/p>\n<p><strong>Connectique : 1x USB 3.0, 2x USB 2.0, 1x prise HD audio<\/strong><\/p>\n<p><strong>Compatibilit\u00e9 watercooling maximum : 360 mm<\/strong><\/p>\n<p><strong>Emplacements SSD &amp; HDD : 4 Emplacements<\/strong><\/p>\n<p><img decoding=\"async\" src=\"https:\/\/casaconfig.ma\/wp-content\/uploads\/2024\/12\/Prostrike-Vortex-Banner-Specification.png\" \/><\/p>\n","protected":false},"excerpt":{"rendered":"<h2><strong>Caract\u00e9ristiques principales :<\/strong><\/h2>\n<p><strong>Bo\u00eetier Gamer ATX Tour : 420(L)mm ,212(W)mm, 470(H)mm<\/strong><\/p>\n<p><strong>Panneaux en verre tremp\u00e9<\/strong><\/p>\n<p><strong>Compatible avec les cartes m\u00e8res ATX, Micro-ATX, Mini ITX<\/strong><\/p>\n<p><strong>Longueur maximum carte graphique : 400 mm<\/strong><\/p>\n<p><strong>Hauteur maximum ventirad : 165 mm<\/strong><\/p>\n<p><strong>4 ventilateurs VOX 120 ARGB &#8211; Blanc pr\u00e9install\u00e9s<\/strong><\/p>\n<p><strong>10 emplacements pour ventilateurs de 120 mm<\/strong><\/p>\n<p><strong>Connectique : 1x USB 3.0, 2x USB 2.0, 1x prise HD audio<\/strong><\/p>\n<p><strong>Compatibilit\u00e9 watercooling maximum : 360 mm<\/strong><\/p>\n<p><strong>Emplacements SSD &amp; HDD : 4 Emplacements<\/strong><\/p>\n","protected":false},"featured_media":1012066,"template":"","meta":{"_acf_changed":false},"pwb-brand":[],"product_brand":[],"product_cat":[27,17],"product_tag":[],"pcb_component_type":[],"class_list":{"0":"post-12059","1":"product","2":"type-product","3":"status-publish","4":"has-post-thumbnail","6":"product_cat-boitiers-pc","7":"product_cat-composants-gaming","9":"first","10":"instock","11":"sale","12":"shipping-taxable","13":"purchasable","14":"product-type-simple"},"translation":{"provider":"WPGlobus","version":"3.0.2","language":"fr","enabled_languages":["en","es","de","fr","ru"],"languages":{"en":{"title":true,"content":true,"excerpt":true},"es":{"title":false,"content":false,"excerpt":false},"de":{"title":false,"content":false,"excerpt":false},"fr":{"title":false,"content":false,"excerpt":false},"ru":{"title":false,"content":false,"excerpt":false}}},"acf":[],"yoast_head":"<!-- This site is optimized with the Yoast SEO plugin v27.2 - https:\/\/yoast.com\/product\/yoast-seo-wordpress\/ -->\n<title>PROSTRIKE VORTEX WHITE 4 FAN ARGB - Osaka<\/title>\n<meta name=\"robots\" content=\"index, follow, max-snippet:-1, max-image-preview:large, max-video-preview:-1\" \/>\n<link rel=\"canonical\" href=\"https:\/\/osaka.ma\/product\/prostrike-vortex-white-4-fan-argb\/\" \/>\n<meta property=\"og:locale\" content=\"fr_FR\" \/>\n<meta property=\"og:type\" content=\"article\" \/>\n<meta property=\"og:title\" content=\"PROSTRIKE VORTEX WHITE 4 FAN ARGB - Osaka\" \/>\n<meta property=\"og:url\" content=\"https:\/\/osaka.ma\/product\/prostrike-vortex-white-4-fan-argb\/\" \/>\n<meta property=\"og:site_name\" content=\"Osaka\" \/>\n<meta property=\"article:modified_time\" content=\"2025-12-24T13:40:24+00:00\" \/>\n<meta property=\"og:image\" content=\"https:\/\/osaka.ma\/wp-content\/uploads\/2025\/01\/01-Prostrike-Vortex-Case-Gaming-PSD-600x600-1.webp\" \/>\n\t<meta property=\"og:image:width\" content=\"600\" \/>\n\t<meta property=\"og:image:height\" content=\"600\" \/>\n\t<meta property=\"og:image:type\" content=\"image\/webp\" \/>\n<meta name=\"twitter:card\" content=\"summary_large_image\" \/>\n<meta name=\"twitter:label1\" content=\"Dur\u00e9e de lecture estim\u00e9e\" \/>\n\t<meta name=\"twitter:data1\" content=\"3 minutes\" \/>\n<script type=\"application\/ld+json\" class=\"yoast-schema-graph\">{\"@context\":\"https:\/\/schema.org\",\"@graph\":[{\"@type\":\"WebPage\",\"@id\":\"https:\/\/osaka.ma\/product\/prostrike-vortex-white-4-fan-argb\/\",\"url\":\"https:\/\/osaka.ma\/product\/prostrike-vortex-white-4-fan-argb\/\",\"name\":\"PROSTRIKE VORTEX WHITE 4 FAN ARGB - Osaka\",\"isPartOf\":{\"@id\":\"https:\/\/osaka.ma\/#website\"},\"primaryImageOfPage\":{\"@id\":\"https:\/\/osaka.ma\/product\/prostrike-vortex-white-4-fan-argb\/#primaryimage\"},\"image\":{\"@id\":\"https:\/\/osaka.ma\/product\/prostrike-vortex-white-4-fan-argb\/#primaryimage\"},\"thumbnailUrl\":\"https:\/\/osaka.ma\/wp-content\/uploads\/2025\/01\/01-Prostrike-Vortex-Case-Gaming-PSD-600x600-1.webp\",\"datePublished\":\"2025-01-15T15:05:07+00:00\",\"dateModified\":\"2025-12-24T13:40:24+00:00\",\"breadcrumb\":{\"@id\":\"https:\/\/osaka.ma\/product\/prostrike-vortex-white-4-fan-argb\/#breadcrumb\"},\"inLanguage\":\"fr-FR\",\"potentialAction\":[{\"@type\":\"ReadAction\",\"target\":[\"https:\/\/osaka.ma\/product\/prostrike-vortex-white-4-fan-argb\/\"]}]},{\"@type\":\"ImageObject\",\"inLanguage\":\"fr-FR\",\"@id\":\"https:\/\/osaka.ma\/product\/prostrike-vortex-white-4-fan-argb\/#primaryimage\",\"url\":\"https:\/\/osaka.ma\/wp-content\/uploads\/2025\/01\/01-Prostrike-Vortex-Case-Gaming-PSD-600x600-1.webp\",\"contentUrl\":\"https:\/\/osaka.ma\/wp-content\/uploads\/2025\/01\/01-Prostrike-Vortex-Case-Gaming-PSD-600x600-1.webp\",\"width\":600,\"height\":600},{\"@type\":\"BreadcrumbList\",\"@id\":\"https:\/\/osaka.ma\/product\/prostrike-vortex-white-4-fan-argb\/#breadcrumb\",\"itemListElement\":[{\"@type\":\"ListItem\",\"position\":1,\"name\":\"Home\",\"item\":\"https:\/\/osaka.ma\/\"},{\"@type\":\"ListItem\",\"position\":2,\"name\":\"Shop\",\"item\":\"https:\/\/osaka.ma\/shop-2\/\"},{\"@type\":\"ListItem\",\"position\":3,\"name\":\"PROSTRIKE VORTEX WHITE 4 FAN ARGB\"}]},{\"@type\":\"WebSite\",\"@id\":\"https:\/\/osaka.ma\/#website\",\"url\":\"https:\/\/osaka.ma\/\",\"name\":\"Osaka\",\"description\":\"\",\"publisher\":{\"@id\":\"https:\/\/osaka.ma\/#organization\"},\"potentialAction\":[{\"@type\":\"SearchAction\",\"target\":{\"@type\":\"EntryPoint\",\"urlTemplate\":\"https:\/\/osaka.ma\/?s={search_term_string}\"},\"query-input\":{\"@type\":\"PropertyValueSpecification\",\"valueRequired\":true,\"valueName\":\"search_term_string\"}}],\"inLanguage\":\"fr-FR\"},{\"@type\":\"Organization\",\"@id\":\"https:\/\/osaka.ma\/#organization\",\"name\":\"Osaka\",\"url\":\"https:\/\/osaka.ma\/\",\"logo\":{\"@type\":\"ImageObject\",\"inLanguage\":\"fr-FR\",\"@id\":\"https:\/\/osaka.ma\/#\/schema\/logo\/image\/\",\"url\":\"https:\/\/osaka.ma\/wp-content\/uploads\/2026\/01\/model-slogan-logo-2Plan-de-travail-1dksl-plus-finnn.png\",\"contentUrl\":\"https:\/\/osaka.ma\/wp-content\/uploads\/2026\/01\/model-slogan-logo-2Plan-de-travail-1dksl-plus-finnn.png\",\"width\":842,\"height\":226,\"caption\":\"Osaka\"},\"image\":{\"@id\":\"https:\/\/osaka.ma\/#\/schema\/logo\/image\/\"}}]}<\/script>\n<!-- \/ Yoast SEO plugin. -->","yoast_head_json":{"title":"PROSTRIKE VORTEX WHITE 4 FAN ARGB - Osaka","robots":{"index":"index","follow":"follow","max-snippet":"max-snippet:-1","max-image-preview":"max-image-preview:large","max-video-preview":"max-video-preview:-1"},"canonical":"https:\/\/osaka.ma\/product\/prostrike-vortex-white-4-fan-argb\/","og_locale":"fr_FR","og_type":"article","og_title":"PROSTRIKE VORTEX WHITE 4 FAN ARGB - Osaka","og_url":"https:\/\/osaka.ma\/product\/prostrike-vortex-white-4-fan-argb\/","og_site_name":"Osaka","article_modified_time":"2025-12-24T13:40:24+00:00","og_image":[{"width":600,"height":600,"url":"https:\/\/osaka.ma\/wp-content\/uploads\/2025\/01\/01-Prostrike-Vortex-Case-Gaming-PSD-600x600-1.webp","type":"image\/webp"}],"twitter_card":"summary_large_image","twitter_misc":{"Dur\u00e9e de lecture estim\u00e9e":"3 minutes"},"schema":{"@context":"https:\/\/schema.org","@graph":[{"@type":"WebPage","@id":"https:\/\/osaka.ma\/product\/prostrike-vortex-white-4-fan-argb\/","url":"https:\/\/osaka.ma\/product\/prostrike-vortex-white-4-fan-argb\/","name":"PROSTRIKE VORTEX WHITE 4 FAN ARGB - Osaka","isPartOf":{"@id":"https:\/\/osaka.ma\/#website"},"primaryImageOfPage":{"@id":"https:\/\/osaka.ma\/product\/prostrike-vortex-white-4-fan-argb\/#primaryimage"},"image":{"@id":"https:\/\/osaka.ma\/product\/prostrike-vortex-white-4-fan-argb\/#primaryimage"},"thumbnailUrl":"https:\/\/osaka.ma\/wp-content\/uploads\/2025\/01\/01-Prostrike-Vortex-Case-Gaming-PSD-600x600-1.webp","datePublished":"2025-01-15T15:05:07+00:00","dateModified":"2025-12-24T13:40:24+00:00","breadcrumb":{"@id":"https:\/\/osaka.ma\/product\/prostrike-vortex-white-4-fan-argb\/#breadcrumb"},"inLanguage":"fr-FR","potentialAction":[{"@type":"ReadAction","target":["https:\/\/osaka.ma\/product\/prostrike-vortex-white-4-fan-argb\/"]}]},{"@type":"ImageObject","inLanguage":"fr-FR","@id":"https:\/\/osaka.ma\/product\/prostrike-vortex-white-4-fan-argb\/#primaryimage","url":"https:\/\/osaka.ma\/wp-content\/uploads\/2025\/01\/01-Prostrike-Vortex-Case-Gaming-PSD-600x600-1.webp","contentUrl":"https:\/\/osaka.ma\/wp-content\/uploads\/2025\/01\/01-Prostrike-Vortex-Case-Gaming-PSD-600x600-1.webp","width":600,"height":600},{"@type":"BreadcrumbList","@id":"https:\/\/osaka.ma\/product\/prostrike-vortex-white-4-fan-argb\/#breadcrumb","itemListElement":[{"@type":"ListItem","position":1,"name":"Home","item":"https:\/\/osaka.ma\/"},{"@type":"ListItem","position":2,"name":"Shop","item":"https:\/\/osaka.ma\/shop-2\/"},{"@type":"ListItem","position":3,"name":"PROSTRIKE VORTEX WHITE 4 FAN ARGB"}]},{"@type":"WebSite","@id":"https:\/\/osaka.ma\/#website","url":"https:\/\/osaka.ma\/","name":"Osaka","description":"","publisher":{"@id":"https:\/\/osaka.ma\/#organization"},"potentialAction":[{"@type":"SearchAction","target":{"@type":"EntryPoint","urlTemplate":"https:\/\/osaka.ma\/?s={search_term_string}"},"query-input":{"@type":"PropertyValueSpecification","valueRequired":true,"valueName":"search_term_string"}}],"inLanguage":"fr-FR"},{"@type":"Organization","@id":"https:\/\/osaka.ma\/#organization","name":"Osaka","url":"https:\/\/osaka.ma\/","logo":{"@type":"ImageObject","inLanguage":"fr-FR","@id":"https:\/\/osaka.ma\/#\/schema\/logo\/image\/","url":"https:\/\/osaka.ma\/wp-content\/uploads\/2026\/01\/model-slogan-logo-2Plan-de-travail-1dksl-plus-finnn.png","contentUrl":"https:\/\/osaka.ma\/wp-content\/uploads\/2026\/01\/model-slogan-logo-2Plan-de-travail-1dksl-plus-finnn.png","width":842,"height":226,"caption":"Osaka"},"image":{"@id":"https:\/\/osaka.ma\/#\/schema\/logo\/image\/"}}]}},"jetpack_sharing_enabled":true,"brands":[],"_links":{"self":[{"href":"https:\/\/osaka.ma\/fr\/wp-json\/wp\/v2\/product\/12059","targetHints":{"allow":["GET"]}}],"collection":[{"href":"https:\/\/osaka.ma\/fr\/wp-json\/wp\/v2\/product"}],"about":[{"href":"https:\/\/osaka.ma\/fr\/wp-json\/wp\/v2\/types\/product"}],"version-history":[{"count":0,"href":"https:\/\/osaka.ma\/fr\/wp-json\/wp\/v2\/product\/12059\/revisions"}],"wp:featuredmedia":[{"embeddable":true,"href":"https:\/\/osaka.ma\/fr\/wp-json\/wp\/v2\/media\/1012066"}],"wp:attachment":[{"href":"https:\/\/osaka.ma\/fr\/wp-json\/wp\/v2\/media?parent=12059"}],"wp:term":[{"taxonomy":"pwb-brand","embeddable":true,"href":"https:\/\/osaka.ma\/fr\/wp-json\/wp\/v2\/pwb-brand?post=12059"},{"taxonomy":"product_brand","embeddable":true,"href":"https:\/\/osaka.ma\/fr\/wp-json\/wp\/v2\/product_brand?post=12059"},{"taxonomy":"product_cat","embeddable":true,"href":"https:\/\/osaka.ma\/fr\/wp-json\/wp\/v2\/product_cat?post=12059"},{"taxonomy":"product_tag","embeddable":true,"href":"https:\/\/osaka.ma\/fr\/wp-json\/wp\/v2\/product_tag?post=12059"},{"taxonomy":"pcb_component_type","embeddable":true,"href":"https:\/\/osaka.ma\/fr\/wp-json\/wp\/v2\/pcb_component_type?post=12059"}],"curies":[{"name":"wp","href":"https:\/\/api.w.org\/{rel}","templated":true}]}}