{"id":12132,"date":"2025-01-22T10:22:42","date_gmt":"2025-01-22T10:22:42","guid":{"rendered":"https:\/\/osaka.ma\/?post_type=product&#038;p=12132"},"modified":"2025-08-11T17:43:20","modified_gmt":"2025-08-11T16:43:20","slug":"pc-gamer-ryzen-7-9700x-32gb-2tb-ssd-rtx-4070-super-12gb","status":"publish","type":"product","link":"https:\/\/osaka.ma\/fr\/product\/pc-gamer-ryzen-7-9700x-32gb-2tb-ssd-rtx-4070-super-12gb\/","title":{"rendered":"PC Gamer RYZEN 7 9700X\/ 32GB\/ 2TB SSD\/ RTX 4070 SUPER 12GB"},"content":{"rendered":"<h2 class=\"product_title entry-title\">PC Gamer RYZEN 7 9700X\/ 32GB\/ 2TB SSD\/ RTX 4070 SUPER 12GB<\/h2>\n<h1 class=\"product_title entry-title\"><span style=\"font-size: 16px;\">Caract\u00e9ristiques principales :<\/span><\/h1>\n<div class=\"woocommerce-product-details__short-description\">\n<ul>\n<li>Processeur\u00a0<strong>AMD Ryzen 7 9700X (3.8 GHz \/ 5.5 GHz)<\/strong>\u00a0Processeur 8-Core 16-Threads socket AM5 GameCache 40 Mo 4 nm TDP 65W<\/li>\n<li>Carte m\u00e8re\u00a0<strong>Micro ATX Socket AM5 AMD B650<\/strong>\u00a0\u2013 2x DDR5 \u2013 M.2 PCIe 4.0 \u2013 USB 3.0 \u2013 PCI-Express 4.0 16x<\/li>\n<li>Ram\u00a0<strong>32Go (2 x 16Go) 5200 MHz<\/strong>\u00a0Corsair Vengeance RGB DDR5\u00a0 CL40<\/li>\n<li>Carte graphique<strong> MSI GeForce RTX 4070 SUPER\u00a0 X2\u00a0 12G<\/strong><\/li>\n<li>Bo\u00eetier\u00a0 <strong>PROSTRIKE SPYDER (Black)<\/strong><\/li>\n<li>SSD\u00a0<strong> 2TB Kingston SSD NV2\u00a0 M.2 NVMe<\/strong><\/li>\n<li>Ventirad\u00a0<b>\u00a0DeepCool AK400 Black<\/b><\/li>\n<li>Alimentation<strong>\u00a0EVGA SuperNOVA 750 G3, 80 Plus GOLD 750W<\/strong><\/li>\n<li><strong>Win11 \/ Bien assembl\u00e9<\/strong><\/li>\n<\/ul>\n<\/div>\n<div class=\"logo\"><a href=\"https:\/\/www.ldlc.com\/amd\/bint000000805\/\" rel=\"nofollow noopener\" target=\"_blank\"><img decoding=\"async\" class=\"aligncenter\" src=\"https:\/\/media.ldlc.com\/v3\/marque\/bo\/00\/01\/69\/31\/V30001693127_2.gif\" alt=\"AMD\" \/><\/a><\/div>\n<div id=\"description\" class=\"description\">\n<div class=\"details-pdt-desc\">\n<h2 class=\"h2-master\">Le meilleur processeur pour le Jeu Vid\u00e9o, avec 100 Mo de cache !<\/h2>\n<section>Le\u00a0<strong>processeur gaming AMD Ryzen 7 5800X3D<\/strong>\u00a0int\u00e8gre la\u00a0<strong>technologie exclusive AMD\u00a0 V-Cache<\/strong>\u00a0pour des performances exceptionnelles en Jeu. En multipliant par 3 la quantit\u00e9 de m\u00e9moire cache disponible, cette technologie permet au\u00a0<strong>processeur AMD Ryzen 7 9700X d\u2019atteindre 100 Mo de cache L2 + L3<\/strong>. Cette capacit\u00e9 \u00e0 traiter un tr\u00e8s grand nombre d\u2019instructions rend ce processeur AMD ultra-performant dans les jeux. Associ\u00e9 \u00e0 une carte graphique haut de gamme, le\u00a0<strong>Ryzen 7 9700X\u00a0<\/strong>\u00a0est tout simplement ce qui se fait de mieux pour jouer sur PC.<\/section>\n<section>\n<div class=\"desc-image\"><img decoding=\"async\" src=\"https:\/\/media.ldlc.com\/bo\/images\/fiches\/Processeur\/AMD\/amd_ryzen_5000_002.jpg\" alt=\"\" \/><\/div>\n<div class=\"desc-text\">\n<h2>AMD\u00a0 \u00a0V-Cache 100 Mo<\/h2>\n<p><strong>100 Mo de cache pour les jeux<\/strong>, 100 Mo de cache pour traiter un plus grand nombre d\u2019instructions. C\u2019est ce que propose le\u00a0<strong>processeur AMD Ryzen 7 9700X\u00a0\u00a0<\/strong>, une premi\u00e8re pour un processeur pour PC de bureau grand public.\u00a0Lorsque vous b\u00e9n\u00e9ficiez de l\u2019architecture de processeur la plus avanc\u00e9e pour les\u00a0gamers et les cr\u00e9ateurs de contenu, les possibilit\u00e9s sont infinies. Le\u00a0<strong>cache L2 + L3 de 100 Mo<\/strong>\u00a0permet\u00a0le traitement ultrarapide d\u2019un grand nombre d\u2019instructions et d\u2019obtenir des performances encore plus spectaculaires dans les jeux.<\/p>\n<\/div>\n<\/section>\n<section>\n<div class=\"desc-text\">\n<h2>8\u00a0c\u0153urs natifs\u00a0et 16\u00a0coeurs logiques<\/h2>\n<p>Le\u00a0<strong>processeur pour PC de bureau AMD Ryzen 7 9700X\u00a0\u00a0<\/strong>propose\u00a0<strong>8 coeurs natifs<\/strong>\u00a0et\u00a0<strong>16 coeurs logiques<\/strong>\u00a0pour un traitement multit\u00e2che agr\u00e9ablement fluide. Gr\u00e2ce \u00e0 sa\u00a0<strong>fr\u00e9quence native \u00e9lev\u00e9e<\/strong>\u00a0et \u00e0 son mode\u00a0<strong><em>Turbo Core<\/em><\/strong>\u00a0ajustant la puissance en fonction des besoins, le\u00a0<strong>CPU AMD Ryzen de nouvelle g\u00e9n\u00e9ration<\/strong>\u00a0d\u00e9livre des performances exceptionnelles dans tous les domaines : Jeux vid\u00e9o, multit\u00e2che intensif, \u00e9dition vid\u00e9o, mod\u00e9lisation 3D et bien plus encore.<\/p>\n<\/div>\n<div class=\"desc-image\"><img decoding=\"async\" src=\"https:\/\/media.ldlc.com\/bo\/images\/fiches\/Processeur\/AMD\/amd_ryzen_5000_001.jpg\" alt=\"\" \/><\/div>\n<\/section>\n<section>\n<div class=\"desc-image\"><img decoding=\"async\" src=\"https:\/\/media.ldlc.com\/bo\/images\/fiches\/Processeur\/AMD\/vermeer\/amd_ryzen_master.jpg\" alt=\"\" \/><\/div>\n<div class=\"desc-text\">\n<h2>Prenez le contr\u00f4le<\/h2>\n<p>Ryzen Master est l\u2019outil qu\u2019il vous faut pour g\u00e9rer efficacement les performances de votre processeur. C\u2019est l\u2019utilitaire d\u2019overclocking simple et puissant destin\u00e9 aux processeurs AMD Ryzen.\u00a0Chaque processeur AMD Ryzen\u00a0est d\u00e9brid\u00e9 au niveau du multiplicateur en usine afin que vous puissiez personnaliser les performances \u00e0 votre go\u00fbt. AMD fournit l\u2019utilitaire AMD Ryzen\u00a0Master pour acc\u00e9der \u00e0 ce puissant avantage.\u00a0La nouvelle vue de base vous offre la possibilit\u00e9 d\u2019overclocker automatiquement votre CPU, de contr\u00f4ler manuellement la quantit\u00e9 d\u2019overclocking que vous souhaitez appliquer, tout en vous offrant une visibilit\u00e9 sur les param\u00e8tres syst\u00e8me importants comme la temp\u00e9rature, la vitesse et les tensions du CPU.<\/p>\n<div class=\"logo\"><a href=\"https:\/\/www.ldlc.com\/msi\/bint000000992\/\" rel=\"nofollow noopener\" target=\"_blank\"><img decoding=\"async\" class=\"aligncenter\" src=\"https:\/\/media.ldlc.com\/v3\/marque\/bo\/00\/05\/99\/39\/V30005993997.gif\" alt=\"MSI\" \/><\/a><\/div>\n<div id=\"description\" class=\"description\">\n<div class=\"details-pdt-desc\">\n<h2 class=\"h2-master\">Super performances pour les joueurs et les cr\u00e9atifs<\/h2>\n<section>Tout ce dont vous avez besoin pour jouer ou cr\u00e9er est r\u00e9uni au sein d&#8217;une seule et m\u00eame\u00a0<strong>carte graphique haut de gamme<\/strong>, la\u00a0<strong>MSI GeForce RTX 4070 SUPER 12G VENTUS 2X OC<\/strong>. Con\u00e7ue pour les gamers et les cr\u00e9ateurs, la\u00a0<strong>carte graphique NVIDIA GeForce RTX 4070 SUPER<\/strong>\u00a0d\u00e9livre des performances \u00e9poustouflantes. Cette carte graphique hautes performances vous permettra de jouer aux derniers jeux les plus gourmands de mani\u00e8re ultra-fluide et en tr\u00e8s haute r\u00e9solution et du calcul de rendu ultrarapide gr\u00e2ce \u00e0 sa technologie DLSS 3, au ray tracing et \u00e0 l\u2019intelligence artificielle.<\/section>\n<section>\n<div class=\"desc-image\"><img decoding=\"async\" src=\"https:\/\/media.ldlc.com\/bo\/images\/fiches\/Carte_graphique\/MSI\/msi_geforce_rtx4070_ventus_2x_e_12g.jpg\" alt=\"\" \/><\/div>\n<div class=\"desc-text\">\n<h2>MSI GeForce RTX 4070\u00a0SUPER 12G VENTUS 2X OC<\/h2>\n<ul>\n<li>Syst\u00e8me de refroidissement 2 ventilateurs<\/li>\n<li>Dissipateur et pales Airflow Control<\/li>\n<li>Ventilateurs TORX FAN 4.0<\/li>\n<li>Radiateur GPU avec contacts et heatpipes en cuivre<\/li>\n<li>Backplate renforc\u00e9e<\/li>\n<li>Technologie Zero Frozr qui coupe les ventilateurs lorsque la temp\u00e9rature GPU est suffisamment basse<\/li>\n<li>Logiciel MSI Center<\/li>\n<\/ul>\n<\/div>\n<\/section>\n<section>\n<div class=\"desc-text\">\n<h2>Architecture NVIDIA Ada Lovelace<\/h2>\n<p>Cette architecture nouvelle va vous permettre de garder une longueur d&#8217;avance. Elle est en avance sur son temps comme sur le jeu.<\/p>\n<ul>\n<li>Nouveaux multiprocesseurs de flux : Jusqu\u2019\u00e0 2 fois plus de performances et de rendement \u00e9nerg\u00e9tique<\/li>\n<li>C\u0153urs Tensor de quatri\u00e8me g\u00e9n\u00e9ration : Jusqu\u2019\u00e0 2 fois plus de performances d\u2019IA<\/li>\n<li>C\u0153urs RT de troisi\u00e8me g\u00e9n\u00e9ration : Jusqu\u2019\u00e0 2 fois plus de performances de ray tracing et des graphismes r\u00e9alistes et immersifs<\/li>\n<li>Plateforme NVIDIA Reflex \u00e0 faible latence<\/li>\n<li>Encodeur NVIDIA : Conception pour le streaming en direct<\/li>\n<li>NVIDIA Broadcast : Vid\u00e9o et voix optimis\u00e9es par l\u2019IA<\/li>\n<li>NVIDIA Studio : Acc\u00e9l\u00e9rez votre cr\u00e9ativit\u00e9<\/li>\n<li>NVIDIA DLSS 3 : Performances acc\u00e9l\u00e9r\u00e9es par l\u2019IA<\/li>\n<\/ul>\n<p>&nbsp;<\/p>\n<\/div>\n<div class=\"desc-image\"><img decoding=\"async\" src=\"https:\/\/media.ldlc.com\/bo\/images\/fiches\/Carte_graphique\/NVIDIA\/nvidia_ada_lovelace_001.jpg\" alt=\"\" \/><\/div>\n<\/section>\n<section>\n<div class=\"desc-image\"><img decoding=\"async\" src=\"https:\/\/media.ldlc.com\/bo\/images\/fiches\/Carte_graphique\/NVIDIA\/nvidia_ada_lovelace_002.jpg\" alt=\"\" \/><\/div>\n<div class=\"desc-text\">\n<h2>Ray tracing<\/h2>\n<p>Hyper-r\u00e9aliste et hyper-rapide, le Ray tracing vous rapproche au plus pr\u00e8s de la r\u00e9alit\u00e9. L\u2019architecture Ada exploite toute la puissance du ray tracing, qui simule le comportement de la lumi\u00e8re dans le monde r\u00e9el. Gr\u00e2ce \u00e0 la puissance des GPU RTX s\u00e9rie 40 et aux c\u0153urs RT de troisi\u00e8me g\u00e9n\u00e9ration, vous profitez de mondes virtuels plus d\u00e9taill\u00e9s que jamais.<\/p>\n<\/div>\n<\/section>\n<section>\n<div class=\"desc-text\">\n<h2>NVIDIA DLSS\u00a03<\/h2>\n<p>Multipliez vos performances gr\u00e2ce \u00e0 l\u2019IA. Innovation r\u00e9volutionnaire dans le domaine du rendu graphique bas\u00e9 sur l\u2019IA, le DLSS acc\u00e9l\u00e8re grandement les performances de jeu. Optimis\u00e9 par les c\u0153urs Tensor de quatri\u00e8me g\u00e9n\u00e9ration et l\u2019acc\u00e9l\u00e9rateur de flux optiques des GPU GeForce RTX s\u00e9rie 40, le DLSS 3 exploite l\u2019IA pour g\u00e9n\u00e9rer des images additionnelles de haute qualit\u00e9.<\/p>\n<p>&nbsp;<\/p>\n<\/div>\n<div class=\"desc-image\"><img decoding=\"async\" src=\"https:\/\/media.ldlc.com\/bo\/images\/fiches\/Carte_graphique\/NVIDIA\/nvidia_ada_lovelace_003.jpg\" alt=\"\" \/><\/div>\n<\/section>\n<section>\n<div class=\"desc-image\"><img decoding=\"async\" src=\"https:\/\/media.ldlc.com\/bo\/images\/fiches\/Carte_graphique\/NVIDIA\/nvidia_ada_lovelace_004.jpg\" alt=\"\" \/><\/div>\n<div class=\"desc-text\">\n<h2>NVIDIA Reflex<\/h2>\n<p>La victoire se mesure en millisecondes. Les GPU GeForce RTX s\u00e9rie 40 et la technologie NVIDIA Reflex fournissent la latence la plus faible et la meilleure r\u00e9activit\u00e9 pour vous garantir un avantage comp\u00e9titif ultime. Con\u00e7ue pour optimiser et mesurer la latence de votre syst\u00e8me, la technologie NVIDIA Reflex acc\u00e9l\u00e8re l\u2019acquisition des cibles, minimise les temps de r\u00e9action et renforce la pr\u00e9cision de vos tirs dans les jeux comp\u00e9titifs.<\/p>\n<\/div>\n<\/section>\n<section>\n<div class=\"desc-text\">\n<h2>NVIDIA Studio<\/h2>\n<p>Vos id\u00e9es, acc\u00e9l\u00e9r\u00e9es par NVIDIA Studio. Faites passer vos projets cr\u00e9atifs au niveau sup\u00e9rieur avec NVIDIA Studio. Optimis\u00e9es par un nouveau mat\u00e9riel d\u00e9di\u00e9, les cartes graphiques RTX s\u00e9rie 40 vous fournissent des performances in\u00e9gal\u00e9es pour le rendu 3D, le montage vid\u00e9o et la conception graphique. Profitez des capacit\u00e9s d\u2019acc\u00e9l\u00e9ration sans pr\u00e9c\u00e9dent de RTX dans les principales applications de cr\u00e9ation du march\u00e9, des pilotes NVIDIA Studio \u00e0 la pointe de la technologie con\u00e7us pour garantir un maximum de stabilit\u00e9 et d\u2019une suite d\u2019outils exclusifs exploitant la puissance de RTX pour acc\u00e9l\u00e9rer les workflows de cr\u00e9ation assist\u00e9s par l\u2019IA.<\/p>\n<\/div>\n<div class=\"desc-image\">\n<p><img decoding=\"async\" src=\"https:\/\/media.ldlc.com\/bo\/images\/fiches\/Carte_graphique\/NVIDIA\/nvidia_ada_lovelace_005.jpg\" alt=\"\" \/><\/p>\n<div class=\"logo\"><a href=\"https:\/\/www.ldlc.com\/kingston\/bint000005591\/\" rel=\"nofollow noopener\" target=\"_blank\"><img decoding=\"async\" class=\"aligncenter\" src=\"https:\/\/media.ldlc.com\/v3\/marque\/190\/C000005591.gif\" alt=\"Kingston\" \/><\/a><\/div>\n<div id=\"description\" class=\"description\">\n<div class=\"details-pdt-desc\">\n<h2 class=\"h2-master\">Mise \u00e0 niveau PCI-Express 4.0<\/h2>\n<section>Le\u00a0<strong>SSD Kingston NV2<\/strong>\u00a0se dote d&#8217;une interface PCIe 4.0 x4 NVMe pour une solution de stockage qui offre des vitesses de lecture\/\u00e9criture allant jusqu&#8217;\u00e0 3 500\/2 800 Mo\/s (suivant les mod\u00e8les). Sa conception compacte et unilat\u00e9rale M.2 2280\u00a0rend le NV2 id\u00e9al pour les ordinateurs portables et les syst\u00e8mes \u00e0 petit facteur de forme (SFF). Il est propos\u00e9 dans des capacit\u00e9s \u00e0 partir de 250 Go.<\/section>\n<section>\n<div class=\"desc-image\"><img decoding=\"async\" src=\"https:\/\/media.ldlc.com\/bo\/images\/fiches\/Disque_dur_SSD\/Kingston\/kingston_nv2.jpg\" alt=\"\" \/><\/div>\n<div class=\"desc-text\">\n<h2>Caract\u00e9ristiques<\/h2>\n<ul>\n<li>Interface PCIe 4.0 x4 : Offre des vitesses de lecture\/\u00e9criture jusqu&#8217;\u00e0 3 500\/2 800 Mo\/s (en fonction des mod\u00e8les) pour un syst\u00e8me globalement plus rapide et plus r\u00e9actif.<\/li>\n<li>Disponibles dans une large gamme de capacit\u00e9s \u00e0 partir de 250 Go pour r\u00e9pondre \u00e0 vos besoins de stockage de donn\u00e9es.<\/li>\n<li>Parfait pour les ordinateurs portables fins et les PC \u00e0 petit facteur de forme.<\/li>\n<\/ul>\n<\/div>\n<\/section>\n<\/div>\n<\/div>\n<\/div>\n<\/section>\n<\/div>\n<\/div>\n<\/div>\n<\/section>\n<\/div>\n<\/div>\n","protected":false},"excerpt":{"rendered":"<h1 class=\"product_title entry-title\"><span style=\"font-size: 16px;\">Caract\u00e9ristiques principales :<\/span><\/h1>\n<div class=\"woocommerce-product-details__short-description\">\n<ul>\n<li>Processeur\u00a0<strong>AMD Ryzen 7 9700X (3.8 GHz \/ 5.5 GHz)<\/strong>\u00a0Processeur 8-Core 16-Threads socket AM5 GameCache 40 Mo 4 nm TDP 65W<\/li>\n<li>Carte m\u00e8re\u00a0<strong>Micro ATX Socket AM5 AMD B650<\/strong>\u00a0\u2013 2x DDR5 \u2013 M.2 PCIe 4.0 \u2013 USB 3.0 \u2013 PCI-Express 4.0 16x<\/li>\n<li>Ram\u00a0<strong>32Go (2 x 16Go) 5200 MHz<\/strong>\u00a0Corsair Vengeance RGB DDR5\u00a0 CL40<\/li>\n<li>Carte graphique <strong>MSI GeForce RTX 4070 SUPER\u00a0 X2\u00a0 12G<\/strong><\/li>\n<li>Bo\u00eetier\u00a0 <strong>PROSTRIKE SPYDER (Black)<\/strong><\/li>\n<li>SSD\u00a0<strong> 2TB Kingston SSD NV2\u00a0 M.2 NVMe<\/strong><\/li>\n<li>Ventirad\u00a0<b>\u00a0DeepCool AK400 Black<\/b><\/li>\n<li>Alimentation<strong>\u00a0EVGA SuperNOVA 750 G3, 80 Plus GOLD 750W<\/strong><\/li>\n<li><strong>Win11 \/ Bien assembl\u00e9<\/strong><\/li>\n<\/ul>\n<\/div>\n","protected":false},"featured_media":1012092,"template":"","meta":{"_acf_changed":false},"pwb-brand":[],"product_brand":[],"product_cat":[54,53],"product_tag":[],"pcb_component_type":[],"class_list":{"0":"post-12132","1":"product","2":"type-product","3":"status-publish","4":"has-post-thumbnail","6":"product_cat-amd-ryzen","7":"product_cat-pc-gamer","9":"first","10":"outofstock","11":"shipping-taxable","12":"purchasable","13":"product-type-simple"},"translation":{"provider":"WPGlobus","version":"3.0.2","language":"fr","enabled_languages":["en","es","de","fr","ru"],"languages":{"en":{"title":true,"content":true,"excerpt":true},"es":{"title":false,"content":false,"excerpt":false},"de":{"title":false,"content":false,"excerpt":false},"fr":{"title":false,"content":false,"excerpt":false},"ru":{"title":false,"content":false,"excerpt":false}}},"acf":[],"yoast_head":"<!-- This site is optimized with the Yoast SEO plugin v27.2 - https:\/\/yoast.com\/product\/yoast-seo-wordpress\/ -->\n<title>PC Gamer RYZEN 7 9700X\/ 32GB\/ 2TB SSD\/ RTX 4070 SUPER 12GB - Osaka<\/title>\n<meta name=\"robots\" content=\"index, follow, max-snippet:-1, max-image-preview:large, max-video-preview:-1\" \/>\n<link rel=\"canonical\" href=\"https:\/\/osaka.ma\/de\/product\/pc-gamer-ryzen-7-9700x-32gb-2tb-ssd-rtx-4070-super-12gb\/\" \/>\n<meta property=\"og:locale\" content=\"fr_FR\" \/>\n<meta property=\"og:type\" content=\"article\" \/>\n<meta property=\"og:title\" content=\"PC Gamer RYZEN 7 9700X\/ 32GB\/ 2TB SSD\/ RTX 4070 SUPER 12GB - Osaka\" \/>\n<meta property=\"og:url\" content=\"https:\/\/osaka.ma\/de\/product\/pc-gamer-ryzen-7-9700x-32gb-2tb-ssd-rtx-4070-super-12gb\/\" \/>\n<meta property=\"og:site_name\" content=\"Osaka\" \/>\n<meta property=\"article:modified_time\" content=\"2025-08-11T16:43:20+00:00\" \/>\n<meta property=\"og:image\" content=\"https:\/\/osaka.ma\/wp-content\/uploads\/2025\/01\/PROSTRIKE-SPYDER-Black-PRIX-MAROC-600x600-1.webp\" \/>\n\t<meta property=\"og:image:width\" content=\"600\" \/>\n\t<meta property=\"og:image:height\" content=\"600\" \/>\n\t<meta property=\"og:image:type\" content=\"image\/webp\" \/>\n<meta name=\"twitter:card\" content=\"summary_large_image\" \/>\n<meta name=\"twitter:label1\" content=\"Dur\u00e9e de lecture estim\u00e9e\" \/>\n\t<meta name=\"twitter:data1\" content=\"8 minutes\" \/>\n<script type=\"application\/ld+json\" class=\"yoast-schema-graph\">{\"@context\":\"https:\/\/schema.org\",\"@graph\":[{\"@type\":\"WebPage\",\"@id\":\"https:\/\/osaka.ma\/de\/product\/pc-gamer-ryzen-7-9700x-32gb-2tb-ssd-rtx-4070-super-12gb\/\",\"url\":\"https:\/\/osaka.ma\/de\/product\/pc-gamer-ryzen-7-9700x-32gb-2tb-ssd-rtx-4070-super-12gb\/\",\"name\":\"PC Gamer RYZEN 7 9700X\/ 32GB\/ 2TB SSD\/ RTX 4070 SUPER 12GB - Osaka\",\"isPartOf\":{\"@id\":\"https:\/\/osaka.ma\/#website\"},\"primaryImageOfPage\":{\"@id\":\"https:\/\/osaka.ma\/de\/product\/pc-gamer-ryzen-7-9700x-32gb-2tb-ssd-rtx-4070-super-12gb\/#primaryimage\"},\"image\":{\"@id\":\"https:\/\/osaka.ma\/de\/product\/pc-gamer-ryzen-7-9700x-32gb-2tb-ssd-rtx-4070-super-12gb\/#primaryimage\"},\"thumbnailUrl\":\"https:\/\/osaka.ma\/wp-content\/uploads\/2025\/01\/PROSTRIKE-SPYDER-Black-PRIX-MAROC-600x600-1.webp\",\"datePublished\":\"2025-01-22T10:22:42+00:00\",\"dateModified\":\"2025-08-11T16:43:20+00:00\",\"breadcrumb\":{\"@id\":\"https:\/\/osaka.ma\/de\/product\/pc-gamer-ryzen-7-9700x-32gb-2tb-ssd-rtx-4070-super-12gb\/#breadcrumb\"},\"inLanguage\":\"fr-FR\",\"potentialAction\":[{\"@type\":\"ReadAction\",\"target\":[\"https:\/\/osaka.ma\/de\/product\/pc-gamer-ryzen-7-9700x-32gb-2tb-ssd-rtx-4070-super-12gb\/\"]}]},{\"@type\":\"ImageObject\",\"inLanguage\":\"fr-FR\",\"@id\":\"https:\/\/osaka.ma\/de\/product\/pc-gamer-ryzen-7-9700x-32gb-2tb-ssd-rtx-4070-super-12gb\/#primaryimage\",\"url\":\"https:\/\/osaka.ma\/wp-content\/uploads\/2025\/01\/PROSTRIKE-SPYDER-Black-PRIX-MAROC-600x600-1.webp\",\"contentUrl\":\"https:\/\/osaka.ma\/wp-content\/uploads\/2025\/01\/PROSTRIKE-SPYDER-Black-PRIX-MAROC-600x600-1.webp\",\"width\":600,\"height\":600},{\"@type\":\"BreadcrumbList\",\"@id\":\"https:\/\/osaka.ma\/de\/product\/pc-gamer-ryzen-7-9700x-32gb-2tb-ssd-rtx-4070-super-12gb\/#breadcrumb\",\"itemListElement\":[{\"@type\":\"ListItem\",\"position\":1,\"name\":\"Home\",\"item\":\"https:\/\/osaka.ma\/\"},{\"@type\":\"ListItem\",\"position\":2,\"name\":\"Shop\",\"item\":\"https:\/\/osaka.ma\/shop-2\/\"},{\"@type\":\"ListItem\",\"position\":3,\"name\":\"PC Gamer RYZEN 7 9700X\/ 32GB\/ 2TB SSD\/ RTX 4070 SUPER 12GB\"}]},{\"@type\":\"WebSite\",\"@id\":\"https:\/\/osaka.ma\/#website\",\"url\":\"https:\/\/osaka.ma\/\",\"name\":\"Osaka\",\"description\":\"\",\"publisher\":{\"@id\":\"https:\/\/osaka.ma\/#organization\"},\"potentialAction\":[{\"@type\":\"SearchAction\",\"target\":{\"@type\":\"EntryPoint\",\"urlTemplate\":\"https:\/\/osaka.ma\/?s={search_term_string}\"},\"query-input\":{\"@type\":\"PropertyValueSpecification\",\"valueRequired\":true,\"valueName\":\"search_term_string\"}}],\"inLanguage\":\"fr-FR\"},{\"@type\":\"Organization\",\"@id\":\"https:\/\/osaka.ma\/#organization\",\"name\":\"Osaka\",\"url\":\"https:\/\/osaka.ma\/\",\"logo\":{\"@type\":\"ImageObject\",\"inLanguage\":\"fr-FR\",\"@id\":\"https:\/\/osaka.ma\/#\/schema\/logo\/image\/\",\"url\":\"https:\/\/osaka.ma\/wp-content\/uploads\/2026\/01\/model-slogan-logo-2Plan-de-travail-1dksl-plus-finnn.png\",\"contentUrl\":\"https:\/\/osaka.ma\/wp-content\/uploads\/2026\/01\/model-slogan-logo-2Plan-de-travail-1dksl-plus-finnn.png\",\"width\":842,\"height\":226,\"caption\":\"Osaka\"},\"image\":{\"@id\":\"https:\/\/osaka.ma\/#\/schema\/logo\/image\/\"}}]}<\/script>\n<!-- \/ Yoast SEO plugin. -->","yoast_head_json":{"title":"PC Gamer RYZEN 7 9700X\/ 32GB\/ 2TB SSD\/ RTX 4070 SUPER 12GB - Osaka","robots":{"index":"index","follow":"follow","max-snippet":"max-snippet:-1","max-image-preview":"max-image-preview:large","max-video-preview":"max-video-preview:-1"},"canonical":"https:\/\/osaka.ma\/de\/product\/pc-gamer-ryzen-7-9700x-32gb-2tb-ssd-rtx-4070-super-12gb\/","og_locale":"fr_FR","og_type":"article","og_title":"PC Gamer RYZEN 7 9700X\/ 32GB\/ 2TB SSD\/ RTX 4070 SUPER 12GB - Osaka","og_url":"https:\/\/osaka.ma\/de\/product\/pc-gamer-ryzen-7-9700x-32gb-2tb-ssd-rtx-4070-super-12gb\/","og_site_name":"Osaka","article_modified_time":"2025-08-11T16:43:20+00:00","og_image":[{"width":600,"height":600,"url":"https:\/\/osaka.ma\/wp-content\/uploads\/2025\/01\/PROSTRIKE-SPYDER-Black-PRIX-MAROC-600x600-1.webp","type":"image\/webp"}],"twitter_card":"summary_large_image","twitter_misc":{"Dur\u00e9e de lecture estim\u00e9e":"8 minutes"},"schema":{"@context":"https:\/\/schema.org","@graph":[{"@type":"WebPage","@id":"https:\/\/osaka.ma\/de\/product\/pc-gamer-ryzen-7-9700x-32gb-2tb-ssd-rtx-4070-super-12gb\/","url":"https:\/\/osaka.ma\/de\/product\/pc-gamer-ryzen-7-9700x-32gb-2tb-ssd-rtx-4070-super-12gb\/","name":"PC Gamer RYZEN 7 9700X\/ 32GB\/ 2TB SSD\/ RTX 4070 SUPER 12GB - Osaka","isPartOf":{"@id":"https:\/\/osaka.ma\/#website"},"primaryImageOfPage":{"@id":"https:\/\/osaka.ma\/de\/product\/pc-gamer-ryzen-7-9700x-32gb-2tb-ssd-rtx-4070-super-12gb\/#primaryimage"},"image":{"@id":"https:\/\/osaka.ma\/de\/product\/pc-gamer-ryzen-7-9700x-32gb-2tb-ssd-rtx-4070-super-12gb\/#primaryimage"},"thumbnailUrl":"https:\/\/osaka.ma\/wp-content\/uploads\/2025\/01\/PROSTRIKE-SPYDER-Black-PRIX-MAROC-600x600-1.webp","datePublished":"2025-01-22T10:22:42+00:00","dateModified":"2025-08-11T16:43:20+00:00","breadcrumb":{"@id":"https:\/\/osaka.ma\/de\/product\/pc-gamer-ryzen-7-9700x-32gb-2tb-ssd-rtx-4070-super-12gb\/#breadcrumb"},"inLanguage":"fr-FR","potentialAction":[{"@type":"ReadAction","target":["https:\/\/osaka.ma\/de\/product\/pc-gamer-ryzen-7-9700x-32gb-2tb-ssd-rtx-4070-super-12gb\/"]}]},{"@type":"ImageObject","inLanguage":"fr-FR","@id":"https:\/\/osaka.ma\/de\/product\/pc-gamer-ryzen-7-9700x-32gb-2tb-ssd-rtx-4070-super-12gb\/#primaryimage","url":"https:\/\/osaka.ma\/wp-content\/uploads\/2025\/01\/PROSTRIKE-SPYDER-Black-PRIX-MAROC-600x600-1.webp","contentUrl":"https:\/\/osaka.ma\/wp-content\/uploads\/2025\/01\/PROSTRIKE-SPYDER-Black-PRIX-MAROC-600x600-1.webp","width":600,"height":600},{"@type":"BreadcrumbList","@id":"https:\/\/osaka.ma\/de\/product\/pc-gamer-ryzen-7-9700x-32gb-2tb-ssd-rtx-4070-super-12gb\/#breadcrumb","itemListElement":[{"@type":"ListItem","position":1,"name":"Home","item":"https:\/\/osaka.ma\/"},{"@type":"ListItem","position":2,"name":"Shop","item":"https:\/\/osaka.ma\/shop-2\/"},{"@type":"ListItem","position":3,"name":"PC Gamer RYZEN 7 9700X\/ 32GB\/ 2TB SSD\/ RTX 4070 SUPER 12GB"}]},{"@type":"WebSite","@id":"https:\/\/osaka.ma\/#website","url":"https:\/\/osaka.ma\/","name":"Osaka","description":"","publisher":{"@id":"https:\/\/osaka.ma\/#organization"},"potentialAction":[{"@type":"SearchAction","target":{"@type":"EntryPoint","urlTemplate":"https:\/\/osaka.ma\/?s={search_term_string}"},"query-input":{"@type":"PropertyValueSpecification","valueRequired":true,"valueName":"search_term_string"}}],"inLanguage":"fr-FR"},{"@type":"Organization","@id":"https:\/\/osaka.ma\/#organization","name":"Osaka","url":"https:\/\/osaka.ma\/","logo":{"@type":"ImageObject","inLanguage":"fr-FR","@id":"https:\/\/osaka.ma\/#\/schema\/logo\/image\/","url":"https:\/\/osaka.ma\/wp-content\/uploads\/2026\/01\/model-slogan-logo-2Plan-de-travail-1dksl-plus-finnn.png","contentUrl":"https:\/\/osaka.ma\/wp-content\/uploads\/2026\/01\/model-slogan-logo-2Plan-de-travail-1dksl-plus-finnn.png","width":842,"height":226,"caption":"Osaka"},"image":{"@id":"https:\/\/osaka.ma\/#\/schema\/logo\/image\/"}}]}},"jetpack_sharing_enabled":true,"brands":[],"_links":{"self":[{"href":"https:\/\/osaka.ma\/fr\/wp-json\/wp\/v2\/product\/12132","targetHints":{"allow":["GET"]}}],"collection":[{"href":"https:\/\/osaka.ma\/fr\/wp-json\/wp\/v2\/product"}],"about":[{"href":"https:\/\/osaka.ma\/fr\/wp-json\/wp\/v2\/types\/product"}],"version-history":[{"count":0,"href":"https:\/\/osaka.ma\/fr\/wp-json\/wp\/v2\/product\/12132\/revisions"}],"wp:featuredmedia":[{"embeddable":true,"href":"https:\/\/osaka.ma\/fr\/wp-json\/wp\/v2\/media\/1012092"}],"wp:attachment":[{"href":"https:\/\/osaka.ma\/fr\/wp-json\/wp\/v2\/media?parent=12132"}],"wp:term":[{"taxonomy":"pwb-brand","embeddable":true,"href":"https:\/\/osaka.ma\/fr\/wp-json\/wp\/v2\/pwb-brand?post=12132"},{"taxonomy":"product_brand","embeddable":true,"href":"https:\/\/osaka.ma\/fr\/wp-json\/wp\/v2\/product_brand?post=12132"},{"taxonomy":"product_cat","embeddable":true,"href":"https:\/\/osaka.ma\/fr\/wp-json\/wp\/v2\/product_cat?post=12132"},{"taxonomy":"product_tag","embeddable":true,"href":"https:\/\/osaka.ma\/fr\/wp-json\/wp\/v2\/product_tag?post=12132"},{"taxonomy":"pcb_component_type","embeddable":true,"href":"https:\/\/osaka.ma\/fr\/wp-json\/wp\/v2\/pcb_component_type?post=12132"}],"curies":[{"name":"wp","href":"https:\/\/api.w.org\/{rel}","templated":true}]}}