{"id":12778,"date":"2025-02-15T10:34:48","date_gmt":"2025-02-15T10:34:48","guid":{"rendered":"https:\/\/osaka.ma\/?post_type=product&#038;p=12778"},"modified":"2026-02-20T14:07:40","modified_gmt":"2026-02-20T13:07:40","slug":"samsung-so-dimm-ddr5-8-go-4800-mhz","status":"publish","type":"product","link":"https:\/\/osaka.ma\/fr\/product\/samsung-so-dimm-ddr5-8-go-4800-mhz\/","title":{"rendered":"SAMSUNG SO-DIMM DDR5 8 Go 4800 MHz"},"content":{"rendered":"<div class=\"electro-description clearfix\">\n<h1 class=\"title h1 mb-2\">Samsung RAM PC Portable 8 GB DDR5\u00a0 4800MHz<\/h1>\n<p><img fetchpriority=\"high\" decoding=\"async\" class=\"aligncenter\" src=\"https:\/\/yaratech.ma\/wp-content\/uploads\/2024\/02\/Samsung-RAM-PC-Portable-DDR5.png\" alt=\"Samsung RAM PC Portable DDR5\" width=\"664\" height=\"664\" \/><\/p>\n<p>La DDR5 est la derni\u00e8re technologie RAM Pc , con\u00e7ue pour les applications de nouvelle g\u00e9n\u00e9ration qui n\u00e9cessitent une vitesse, une capacit\u00e9 et une fiabilit\u00e9 am\u00e9lior\u00e9es. Samsung 8GB DDR5 4800MHz PC4-38400 SO-DIMM\u00a0 est 2 fois plus rapide que la DDR5, 20 % plus \u00e9conome en \u00e9nergie et comporte un code de correction d\u2019erreur sur la puce pour une stabilit\u00e9 accrue.<\/p>\n<p><img decoding=\"async\" class=\"\" src=\"https:\/\/yaratech.ma\/wp-content\/uploads\/2024\/02\/Samsung-RAM-PC-Portable-8GB.png\" alt=\"Samsung RAM PC Portable 8GB\" width=\"359\" height=\"359\" \/>\u00a0 \u00a0 \u00a0<img decoding=\"async\" class=\"\" src=\"https:\/\/yaratech.ma\/wp-content\/uploads\/2024\/02\/Samsung-RAM-PC.png\" alt=\"Samsung RAM PC\" width=\"358\" height=\"358\" \/><\/p>\n<p>Boostez les performances de votre ordinateur portable avec la RAM Samsung DDR5 8GB. Avec une fr\u00e9quence impressionnante de 4800MHz, cette m\u00e9moire offre une vitesse de transfert rapide pour une exp\u00e9rience informatique fluide. Id\u00e9ale pour les t\u00e2ches multit\u00e2ches, le jeu et la cr\u00e9ation de contenu, cette RAM garantit une r\u00e9activit\u00e9 maximale de votre syst\u00e8me. De plus, la fiabilit\u00e9 de la marque Samsung assure une performance durable pour r\u00e9pondre \u00e0 vos besoins quotidiens en mati\u00e8re de m\u00e9moire.<\/p>\n<p><img loading=\"lazy\" decoding=\"async\" class=\"entered lazyloaded\" src=\"https:\/\/yaratech.ma\/wp-content\/uploads\/2024\/02\/Samsung-RAM.png\" alt=\"Samsung RAM\" width=\"550\" height=\"550\" data-lazy-src=\"https:\/\/yaratech.ma\/wp-content\/uploads\/2024\/02\/Samsung-RAM.png\" data-ll-status=\"loaded\" \/><\/p>\n<h5>Caract\u00e9ristique techniques :<\/h5>\n<ul>\n<li>Model: Samsung RAM PC Portable 8GB DDR5 4800MHz<\/li>\n<li>Marque: Samsung<\/li>\n<li>R\u00e9f\u00e9rence : M425R1GB4BB0-CQKOL<\/li>\n<li>Capacit\u00e9 par module: 8Go<\/li>\n<li>Type de m\u00e9moire : DDR5<\/li>\n<li>Vitesse : 48 MHz<\/li>\n<li>Tension d\u2019alimentation de fonctionnement : 1.1 V<\/li>\n<li>Temp\u00e9rature maximale de travail : 85\u00b0C<\/li>\n<\/ul>\n<\/div>\n<div class=\"product_meta\"><\/div>\n","protected":false},"excerpt":{"rendered":"<div class=\"electro-description clearfix\">\n<h5>Caract\u00e9ristique techniques :<\/h5>\n<ul>\n<li>Model: Samsung RAM PC Portable 8GB DDR5 4800MHz<\/li>\n<li>Marque: Samsung<\/li>\n<li>R\u00e9f\u00e9rence : M425R1GB4BB0-CQKOL<\/li>\n<li>Capacit\u00e9 par module: 8Go<\/li>\n<li>Type de m\u00e9moire : DDR5<\/li>\n<li>Vitesse : 48 MHz<\/li>\n<li>Tension d\u2019alimentation de fonctionnement : 1.1 V<\/li>\n<li>Temp\u00e9rature maximale de travail : 85\u00b0C<\/li>\n<\/ul>\n<\/div>\n<div class=\"product_meta\"><\/div>\n","protected":false},"featured_media":1012779,"template":"","meta":{"_acf_changed":false},"pwb-brand":[],"product_brand":[],"product_cat":[17,18,79],"product_tag":[],"pcb_component_type":[],"class_list":{"0":"post-12778","1":"product","2":"type-product","3":"status-publish","4":"has-post-thumbnail","6":"product_cat-composants-gaming","7":"product_cat-ram","8":"product_cat-ram-pour-pc-portable","10":"first","11":"instock","12":"sale","13":"shipping-taxable","14":"purchasable","15":"product-type-simple"},"translation":{"provider":"WPGlobus","version":"3.0.2","language":"fr","enabled_languages":["en","es","de","fr","ru"],"languages":{"en":{"title":true,"content":true,"excerpt":true},"es":{"title":false,"content":false,"excerpt":false},"de":{"title":false,"content":false,"excerpt":false},"fr":{"title":false,"content":false,"excerpt":false},"ru":{"title":false,"content":false,"excerpt":false}}},"acf":[],"yoast_head":"<!-- This site is optimized with the Yoast SEO plugin v27.2 - https:\/\/yoast.com\/product\/yoast-seo-wordpress\/ -->\n<title>SAMSUNG SO-DIMM DDR5 8 Go 4800 MHz - Osaka<\/title>\n<meta name=\"robots\" content=\"index, follow, max-snippet:-1, max-image-preview:large, max-video-preview:-1\" \/>\n<link rel=\"canonical\" href=\"https:\/\/osaka.ma\/product\/samsung-so-dimm-ddr5-8-go-4800-mhz\/\" \/>\n<meta property=\"og:locale\" content=\"fr_FR\" \/>\n<meta property=\"og:type\" content=\"article\" \/>\n<meta property=\"og:title\" content=\"SAMSUNG SO-DIMM DDR5 8 Go 4800 MHz - Osaka\" \/>\n<meta property=\"og:url\" content=\"https:\/\/osaka.ma\/product\/samsung-so-dimm-ddr5-8-go-4800-mhz\/\" \/>\n<meta property=\"og:site_name\" content=\"Osaka\" \/>\n<meta property=\"article:modified_time\" content=\"2026-02-20T13:07:40+00:00\" \/>\n<meta property=\"og:image\" content=\"https:\/\/osaka.ma\/wp-content\/uploads\/2025\/02\/LENOVO-X380-YOGA-7.png\" \/>\n\t<meta property=\"og:image:width\" content=\"1080\" \/>\n\t<meta property=\"og:image:height\" content=\"1080\" \/>\n\t<meta property=\"og:image:type\" content=\"image\/png\" \/>\n<meta name=\"twitter:card\" content=\"summary_large_image\" \/>\n<meta name=\"twitter:label1\" content=\"Dur\u00e9e de lecture estim\u00e9e\" \/>\n\t<meta name=\"twitter:data1\" content=\"2 minutes\" \/>\n<script type=\"application\/ld+json\" class=\"yoast-schema-graph\">{\"@context\":\"https:\/\/schema.org\",\"@graph\":[{\"@type\":\"WebPage\",\"@id\":\"https:\/\/osaka.ma\/product\/samsung-so-dimm-ddr5-8-go-4800-mhz\/\",\"url\":\"https:\/\/osaka.ma\/product\/samsung-so-dimm-ddr5-8-go-4800-mhz\/\",\"name\":\"SAMSUNG SO-DIMM DDR5 8 Go 4800 MHz - Osaka\",\"isPartOf\":{\"@id\":\"https:\/\/osaka.ma\/#website\"},\"primaryImageOfPage\":{\"@id\":\"https:\/\/osaka.ma\/product\/samsung-so-dimm-ddr5-8-go-4800-mhz\/#primaryimage\"},\"image\":{\"@id\":\"https:\/\/osaka.ma\/product\/samsung-so-dimm-ddr5-8-go-4800-mhz\/#primaryimage\"},\"thumbnailUrl\":\"https:\/\/osaka.ma\/wp-content\/uploads\/2025\/02\/LENOVO-X380-YOGA-7.png\",\"datePublished\":\"2025-02-15T10:34:48+00:00\",\"dateModified\":\"2026-02-20T13:07:40+00:00\",\"breadcrumb\":{\"@id\":\"https:\/\/osaka.ma\/product\/samsung-so-dimm-ddr5-8-go-4800-mhz\/#breadcrumb\"},\"inLanguage\":\"fr-FR\",\"potentialAction\":[{\"@type\":\"ReadAction\",\"target\":[\"https:\/\/osaka.ma\/product\/samsung-so-dimm-ddr5-8-go-4800-mhz\/\"]}]},{\"@type\":\"ImageObject\",\"inLanguage\":\"fr-FR\",\"@id\":\"https:\/\/osaka.ma\/product\/samsung-so-dimm-ddr5-8-go-4800-mhz\/#primaryimage\",\"url\":\"https:\/\/osaka.ma\/wp-content\/uploads\/2025\/02\/LENOVO-X380-YOGA-7.png\",\"contentUrl\":\"https:\/\/osaka.ma\/wp-content\/uploads\/2025\/02\/LENOVO-X380-YOGA-7.png\",\"width\":1080,\"height\":1080},{\"@type\":\"BreadcrumbList\",\"@id\":\"https:\/\/osaka.ma\/product\/samsung-so-dimm-ddr5-8-go-4800-mhz\/#breadcrumb\",\"itemListElement\":[{\"@type\":\"ListItem\",\"position\":1,\"name\":\"Home\",\"item\":\"https:\/\/osaka.ma\/\"},{\"@type\":\"ListItem\",\"position\":2,\"name\":\"Shop\",\"item\":\"https:\/\/osaka.ma\/shop-2\/\"},{\"@type\":\"ListItem\",\"position\":3,\"name\":\"SAMSUNG SO-DIMM DDR5 8 Go 4800 MHz\"}]},{\"@type\":\"WebSite\",\"@id\":\"https:\/\/osaka.ma\/#website\",\"url\":\"https:\/\/osaka.ma\/\",\"name\":\"Osaka\",\"description\":\"\",\"publisher\":{\"@id\":\"https:\/\/osaka.ma\/#organization\"},\"potentialAction\":[{\"@type\":\"SearchAction\",\"target\":{\"@type\":\"EntryPoint\",\"urlTemplate\":\"https:\/\/osaka.ma\/?s={search_term_string}\"},\"query-input\":{\"@type\":\"PropertyValueSpecification\",\"valueRequired\":true,\"valueName\":\"search_term_string\"}}],\"inLanguage\":\"fr-FR\"},{\"@type\":\"Organization\",\"@id\":\"https:\/\/osaka.ma\/#organization\",\"name\":\"Osaka\",\"url\":\"https:\/\/osaka.ma\/\",\"logo\":{\"@type\":\"ImageObject\",\"inLanguage\":\"fr-FR\",\"@id\":\"https:\/\/osaka.ma\/#\/schema\/logo\/image\/\",\"url\":\"https:\/\/osaka.ma\/wp-content\/uploads\/2026\/01\/model-slogan-logo-2Plan-de-travail-1dksl-plus-finnn.png\",\"contentUrl\":\"https:\/\/osaka.ma\/wp-content\/uploads\/2026\/01\/model-slogan-logo-2Plan-de-travail-1dksl-plus-finnn.png\",\"width\":842,\"height\":226,\"caption\":\"Osaka\"},\"image\":{\"@id\":\"https:\/\/osaka.ma\/#\/schema\/logo\/image\/\"}}]}<\/script>\n<!-- \/ Yoast SEO plugin. -->","yoast_head_json":{"title":"SAMSUNG SO-DIMM DDR5 8 Go 4800 MHz - Osaka","robots":{"index":"index","follow":"follow","max-snippet":"max-snippet:-1","max-image-preview":"max-image-preview:large","max-video-preview":"max-video-preview:-1"},"canonical":"https:\/\/osaka.ma\/product\/samsung-so-dimm-ddr5-8-go-4800-mhz\/","og_locale":"fr_FR","og_type":"article","og_title":"SAMSUNG SO-DIMM DDR5 8 Go 4800 MHz - Osaka","og_url":"https:\/\/osaka.ma\/product\/samsung-so-dimm-ddr5-8-go-4800-mhz\/","og_site_name":"Osaka","article_modified_time":"2026-02-20T13:07:40+00:00","og_image":[{"width":1080,"height":1080,"url":"https:\/\/osaka.ma\/wp-content\/uploads\/2025\/02\/LENOVO-X380-YOGA-7.png","type":"image\/png"}],"twitter_card":"summary_large_image","twitter_misc":{"Dur\u00e9e de lecture estim\u00e9e":"2 minutes"},"schema":{"@context":"https:\/\/schema.org","@graph":[{"@type":"WebPage","@id":"https:\/\/osaka.ma\/product\/samsung-so-dimm-ddr5-8-go-4800-mhz\/","url":"https:\/\/osaka.ma\/product\/samsung-so-dimm-ddr5-8-go-4800-mhz\/","name":"SAMSUNG SO-DIMM DDR5 8 Go 4800 MHz - Osaka","isPartOf":{"@id":"https:\/\/osaka.ma\/#website"},"primaryImageOfPage":{"@id":"https:\/\/osaka.ma\/product\/samsung-so-dimm-ddr5-8-go-4800-mhz\/#primaryimage"},"image":{"@id":"https:\/\/osaka.ma\/product\/samsung-so-dimm-ddr5-8-go-4800-mhz\/#primaryimage"},"thumbnailUrl":"https:\/\/osaka.ma\/wp-content\/uploads\/2025\/02\/LENOVO-X380-YOGA-7.png","datePublished":"2025-02-15T10:34:48+00:00","dateModified":"2026-02-20T13:07:40+00:00","breadcrumb":{"@id":"https:\/\/osaka.ma\/product\/samsung-so-dimm-ddr5-8-go-4800-mhz\/#breadcrumb"},"inLanguage":"fr-FR","potentialAction":[{"@type":"ReadAction","target":["https:\/\/osaka.ma\/product\/samsung-so-dimm-ddr5-8-go-4800-mhz\/"]}]},{"@type":"ImageObject","inLanguage":"fr-FR","@id":"https:\/\/osaka.ma\/product\/samsung-so-dimm-ddr5-8-go-4800-mhz\/#primaryimage","url":"https:\/\/osaka.ma\/wp-content\/uploads\/2025\/02\/LENOVO-X380-YOGA-7.png","contentUrl":"https:\/\/osaka.ma\/wp-content\/uploads\/2025\/02\/LENOVO-X380-YOGA-7.png","width":1080,"height":1080},{"@type":"BreadcrumbList","@id":"https:\/\/osaka.ma\/product\/samsung-so-dimm-ddr5-8-go-4800-mhz\/#breadcrumb","itemListElement":[{"@type":"ListItem","position":1,"name":"Home","item":"https:\/\/osaka.ma\/"},{"@type":"ListItem","position":2,"name":"Shop","item":"https:\/\/osaka.ma\/shop-2\/"},{"@type":"ListItem","position":3,"name":"SAMSUNG SO-DIMM DDR5 8 Go 4800 MHz"}]},{"@type":"WebSite","@id":"https:\/\/osaka.ma\/#website","url":"https:\/\/osaka.ma\/","name":"Osaka","description":"","publisher":{"@id":"https:\/\/osaka.ma\/#organization"},"potentialAction":[{"@type":"SearchAction","target":{"@type":"EntryPoint","urlTemplate":"https:\/\/osaka.ma\/?s={search_term_string}"},"query-input":{"@type":"PropertyValueSpecification","valueRequired":true,"valueName":"search_term_string"}}],"inLanguage":"fr-FR"},{"@type":"Organization","@id":"https:\/\/osaka.ma\/#organization","name":"Osaka","url":"https:\/\/osaka.ma\/","logo":{"@type":"ImageObject","inLanguage":"fr-FR","@id":"https:\/\/osaka.ma\/#\/schema\/logo\/image\/","url":"https:\/\/osaka.ma\/wp-content\/uploads\/2026\/01\/model-slogan-logo-2Plan-de-travail-1dksl-plus-finnn.png","contentUrl":"https:\/\/osaka.ma\/wp-content\/uploads\/2026\/01\/model-slogan-logo-2Plan-de-travail-1dksl-plus-finnn.png","width":842,"height":226,"caption":"Osaka"},"image":{"@id":"https:\/\/osaka.ma\/#\/schema\/logo\/image\/"}}]}},"jetpack_sharing_enabled":true,"brands":[],"_links":{"self":[{"href":"https:\/\/osaka.ma\/fr\/wp-json\/wp\/v2\/product\/12778","targetHints":{"allow":["GET"]}}],"collection":[{"href":"https:\/\/osaka.ma\/fr\/wp-json\/wp\/v2\/product"}],"about":[{"href":"https:\/\/osaka.ma\/fr\/wp-json\/wp\/v2\/types\/product"}],"version-history":[{"count":0,"href":"https:\/\/osaka.ma\/fr\/wp-json\/wp\/v2\/product\/12778\/revisions"}],"wp:featuredmedia":[{"embeddable":true,"href":"https:\/\/osaka.ma\/fr\/wp-json\/wp\/v2\/media\/1012779"}],"wp:attachment":[{"href":"https:\/\/osaka.ma\/fr\/wp-json\/wp\/v2\/media?parent=12778"}],"wp:term":[{"taxonomy":"pwb-brand","embeddable":true,"href":"https:\/\/osaka.ma\/fr\/wp-json\/wp\/v2\/pwb-brand?post=12778"},{"taxonomy":"product_brand","embeddable":true,"href":"https:\/\/osaka.ma\/fr\/wp-json\/wp\/v2\/product_brand?post=12778"},{"taxonomy":"product_cat","embeddable":true,"href":"https:\/\/osaka.ma\/fr\/wp-json\/wp\/v2\/product_cat?post=12778"},{"taxonomy":"product_tag","embeddable":true,"href":"https:\/\/osaka.ma\/fr\/wp-json\/wp\/v2\/product_tag?post=12778"},{"taxonomy":"pcb_component_type","embeddable":true,"href":"https:\/\/osaka.ma\/fr\/wp-json\/wp\/v2\/pcb_component_type?post=12778"}],"curies":[{"name":"wp","href":"https:\/\/api.w.org\/{rel}","templated":true}]}}