{"id":13036,"date":"2025-02-20T15:27:00","date_gmt":"2025-02-20T15:27:00","guid":{"rendered":"https:\/\/osaka.ma\/?post_type=product&#038;p=13036"},"modified":"2025-05-16T17:32:59","modified_gmt":"2025-05-16T17:32:59","slug":"corsair-hs50-pro-stereo","status":"publish","type":"product","link":"https:\/\/osaka.ma\/fr\/product\/corsair-hs50-pro-stereo\/","title":{"rendered":"CORSAIR HS50 PRO STEREO"},"content":{"rendered":"<div class=\"logo\"><a href=\"https:\/\/www.ldlc.com\/corsair\/bint000005345\/\" rel=\"nofollow noopener\" target=\"_blank\"><img decoding=\"async\" src=\"https:\/\/media.ldlc.com\/v3\/marque\/bo\/00\/05\/72\/97\/V30005729722_2.jpg\" alt=\"Corsair\" \/><\/a><\/div>\n<div id=\"description\" class=\"description\">\n<div class=\"details-pdt-desc\">\n<h2 class=\"h2-master\">HS50 Pro : le casque qui vous m\u00e8nera vers la victoire<\/h2>\n<section>Pr\u00e9parez-vous \u00e0 surpasser vos adversaires en mettant toutes les chances de votre c\u00f4t\u00e9 gr\u00e2ce au\u00a0<strong>micro-casque gamer Corsair HS50 Pro<\/strong>. Ce casque circum-aural st\u00e9r\u00e9o vous permettra d&#8217;entendre les moindres faits et gestes des concurrents tout en assurant des conversations claires et confortables avec vos partenaires. Confortable, ce mod\u00e8le vous accompagnera id\u00e9alement dans votre qu\u00eate des sommets !<\/section>\n<section>\n<div class=\"desc-image\"><img decoding=\"async\" src=\"https:\/\/media.ldlc.com\/bo\/images\/fiches\/casque\/Corsair\/HS50_Pro\/casque_gaming.jpg\" alt=\"\" \/><\/div>\n<div class=\"desc-text\">\n<h2>Une exp\u00e9rience gaming immersive<\/h2>\n<p>Vivez votre jeu en totale immersion avec le\u00a0<strong>casque-micro Corsair HS50 Pro<\/strong>\u00a0et plongez au coeur de l&#8217;action ! Ce mod\u00e8le circum-aural poss\u00e8de des transducteurs de 50 mm en n\u00e9odyme pour un son de haute qualit\u00e9 et la possibilit\u00e9 pour chaque joueur d&#8217;entendre chaque \u00e9l\u00e9ment de la partie.<\/p>\n<p>Etablissez des strat\u00e9gies avec vos co\u00e9quipiers dans les meilleures conditions gr\u00e2ce au microphone \u00e0 r\u00e9duction de bruit. Des conversations claires et audibles seront au rendez-vous ! De plus, le\u00a0<strong>micro est amovible<\/strong>\u00a0et\u00a0<strong>certifi\u00e9 Discord<\/strong>\u00a0pour vous assurer la victoire en coop\u00e9ration !<\/p>\n<\/div>\n<\/section>\n<section>\n<div class=\"desc-text\">\n<h2>Confort au quotidien<\/h2>\n<p>Confortable au quotidien, ce casque Corsair pense \u00e0 vos oreilles ! De la\u00a0<strong>mousse \u00e0 m\u00e9moire de forme<\/strong>\u00a0est pr\u00e9sente pour affronter les parties \u00e0 rallonge avec un confort agr\u00e9able. L&#8217;armature en aluminium se montrera robuste tandis que les commandes sur l&#8217;oreillette vous offriront\u00a0un\u00a0contr\u00f4le parfait pour le volume et la mise en sourdine de votre microphone.<\/p>\n<p>Polyvalent, le Corsair HS50 Pro vous accompagnera aussi bien sur PC, Mac, PS4, Xbox One, Nintendo Switch et m\u00eame sur votre smartphone.<\/p>\n<\/div>\n<div class=\"desc-image\"><img decoding=\"async\" src=\"https:\/\/media.ldlc.com\/bo\/images\/fiches\/casque\/Corsair\/HS50_Pro\/multi-plateforme.jpg\" alt=\"\" \/><\/div>\n<\/section>\n<\/div>\n<\/div>\n","protected":false},"excerpt":{"rendered":"<p data-start=\"37\" data-end=\"168\">Pr\u00e9parez-vous \u00e0 surpasser vos adversaires en mettant toutes les chances de votre c\u00f4t\u00e9 gr\u00e2ce au micro-casque gamer Corsair HS50 Pro. Ce casque circum-aural st\u00e9r\u00e9o vous permettra d&#8217;entendre les moindres faits et gestes des concurrents tout en assurant des conversations claires et confortables<\/p>\n<p data-start=\"170\" data-end=\"455\"><strong data-start=\"173\" data-end=\"212\">Custom-tuned 50mm neodymium drivers<\/strong> for high-quality audio<br data-start=\"235\" data-end=\"238\" \/><strong data-start=\"241\" data-end=\"271\">Plush memory foam ear cups<\/strong> for lasting comfort<br data-start=\"291\" data-end=\"294\" data-is-only-node=\"\" \/><strong data-start=\"297\" data-end=\"338\">Detachable noise-canceling microphone<\/strong> for crystal-clear communication<br data-start=\"370\" data-end=\"373\" \/><strong data-start=\"376\" data-end=\"408\">Multi-platform compatibility<\/strong> \u2013 works with PC, PS5, Xbox, Switch, and more<\/p>\n<p data-start=\"457\" data-end=\"562\">Game in style with <strong data-start=\"476\" data-end=\"526\">Corsair\u2019s signature durability and performance<\/strong>. Ready to level up your sound?<\/p>\n","protected":false},"featured_media":1013923,"template":"","meta":{"_acf_changed":false},"pwb-brand":[],"product_brand":[78],"product_cat":[31,39],"product_tag":[],"pcb_component_type":[],"class_list":{"0":"post-13036","1":"product","2":"type-product","3":"status-publish","4":"has-post-thumbnail","6":"product_brand-corsair","7":"product_cat-accessoires","8":"product_cat-casques","10":"first","11":"outofstock","12":"shipping-taxable","13":"product-type-simple"},"translation":{"provider":"WPGlobus","version":"3.0.2","language":"fr","enabled_languages":["en","es","de","fr","ru"],"languages":{"en":{"title":true,"content":true,"excerpt":true},"es":{"title":false,"content":false,"excerpt":false},"de":{"title":false,"content":false,"excerpt":false},"fr":{"title":false,"content":false,"excerpt":false},"ru":{"title":false,"content":false,"excerpt":false}}},"acf":[],"yoast_head":"<!-- This site is optimized with the Yoast SEO plugin v27.2 - https:\/\/yoast.com\/product\/yoast-seo-wordpress\/ -->\n<title>CORSAIR HS50 PRO STEREO - Osaka<\/title>\n<meta name=\"robots\" content=\"index, follow, max-snippet:-1, max-image-preview:large, max-video-preview:-1\" \/>\n<link rel=\"canonical\" href=\"https:\/\/osaka.ma\/de\/product\/corsair-hs50-pro-stereo\/\" \/>\n<meta property=\"og:locale\" content=\"fr_FR\" \/>\n<meta property=\"og:type\" content=\"article\" \/>\n<meta property=\"og:title\" content=\"CORSAIR HS50 PRO STEREO - Osaka\" \/>\n<meta property=\"og:url\" content=\"https:\/\/osaka.ma\/de\/product\/corsair-hs50-pro-stereo\/\" \/>\n<meta property=\"og:site_name\" content=\"Osaka\" \/>\n<meta property=\"article:modified_time\" content=\"2025-05-16T17:32:59+00:00\" \/>\n<meta name=\"twitter:card\" content=\"summary_large_image\" \/>\n<meta name=\"twitter:label1\" content=\"Dur\u00e9e de lecture estim\u00e9e\" \/>\n\t<meta name=\"twitter:data1\" content=\"2 minutes\" \/>\n<script type=\"application\/ld+json\" class=\"yoast-schema-graph\">{\"@context\":\"https:\/\/schema.org\",\"@graph\":[{\"@type\":\"WebPage\",\"@id\":\"https:\/\/osaka.ma\/de\/product\/corsair-hs50-pro-stereo\/\",\"url\":\"https:\/\/osaka.ma\/de\/product\/corsair-hs50-pro-stereo\/\",\"name\":\"CORSAIR HS50 PRO STEREO - Osaka\",\"isPartOf\":{\"@id\":\"https:\/\/osaka.ma\/#website\"},\"primaryImageOfPage\":{\"@id\":\"https:\/\/osaka.ma\/de\/product\/corsair-hs50-pro-stereo\/#primaryimage\"},\"image\":{\"@id\":\"https:\/\/osaka.ma\/de\/product\/corsair-hs50-pro-stereo\/#primaryimage\"},\"thumbnailUrl\":\"https:\/\/osaka.ma\/wp-content\/uploads\/2025\/02\/CORSAIR-HS50-PRO-STEREO-1.avif\",\"datePublished\":\"2025-02-20T15:27:00+00:00\",\"dateModified\":\"2025-05-16T17:32:59+00:00\",\"breadcrumb\":{\"@id\":\"https:\/\/osaka.ma\/de\/product\/corsair-hs50-pro-stereo\/#breadcrumb\"},\"inLanguage\":\"fr-FR\",\"potentialAction\":[{\"@type\":\"ReadAction\",\"target\":[\"https:\/\/osaka.ma\/de\/product\/corsair-hs50-pro-stereo\/\"]}]},{\"@type\":\"ImageObject\",\"inLanguage\":\"fr-FR\",\"@id\":\"https:\/\/osaka.ma\/de\/product\/corsair-hs50-pro-stereo\/#primaryimage\",\"url\":\"https:\/\/osaka.ma\/wp-content\/uploads\/2025\/02\/CORSAIR-HS50-PRO-STEREO-1.avif\",\"contentUrl\":\"https:\/\/osaka.ma\/wp-content\/uploads\/2025\/02\/CORSAIR-HS50-PRO-STEREO-1.avif\",\"width\":1100,\"height\":1100},{\"@type\":\"BreadcrumbList\",\"@id\":\"https:\/\/osaka.ma\/de\/product\/corsair-hs50-pro-stereo\/#breadcrumb\",\"itemListElement\":[{\"@type\":\"ListItem\",\"position\":1,\"name\":\"Home\",\"item\":\"https:\/\/osaka.ma\/\"},{\"@type\":\"ListItem\",\"position\":2,\"name\":\"Shop\",\"item\":\"https:\/\/osaka.ma\/shop-2\/\"},{\"@type\":\"ListItem\",\"position\":3,\"name\":\"CORSAIR HS50 PRO STEREO\"}]},{\"@type\":\"WebSite\",\"@id\":\"https:\/\/osaka.ma\/#website\",\"url\":\"https:\/\/osaka.ma\/\",\"name\":\"Osaka\",\"description\":\"\",\"publisher\":{\"@id\":\"https:\/\/osaka.ma\/#organization\"},\"potentialAction\":[{\"@type\":\"SearchAction\",\"target\":{\"@type\":\"EntryPoint\",\"urlTemplate\":\"https:\/\/osaka.ma\/?s={search_term_string}\"},\"query-input\":{\"@type\":\"PropertyValueSpecification\",\"valueRequired\":true,\"valueName\":\"search_term_string\"}}],\"inLanguage\":\"fr-FR\"},{\"@type\":\"Organization\",\"@id\":\"https:\/\/osaka.ma\/#organization\",\"name\":\"Osaka\",\"url\":\"https:\/\/osaka.ma\/\",\"logo\":{\"@type\":\"ImageObject\",\"inLanguage\":\"fr-FR\",\"@id\":\"https:\/\/osaka.ma\/#\/schema\/logo\/image\/\",\"url\":\"https:\/\/osaka.ma\/wp-content\/uploads\/2026\/01\/model-slogan-logo-2Plan-de-travail-1dksl-plus-finnn.png\",\"contentUrl\":\"https:\/\/osaka.ma\/wp-content\/uploads\/2026\/01\/model-slogan-logo-2Plan-de-travail-1dksl-plus-finnn.png\",\"width\":842,\"height\":226,\"caption\":\"Osaka\"},\"image\":{\"@id\":\"https:\/\/osaka.ma\/#\/schema\/logo\/image\/\"}}]}<\/script>\n<!-- \/ Yoast SEO plugin. -->","yoast_head_json":{"title":"CORSAIR HS50 PRO STEREO - Osaka","robots":{"index":"index","follow":"follow","max-snippet":"max-snippet:-1","max-image-preview":"max-image-preview:large","max-video-preview":"max-video-preview:-1"},"canonical":"https:\/\/osaka.ma\/de\/product\/corsair-hs50-pro-stereo\/","og_locale":"fr_FR","og_type":"article","og_title":"CORSAIR HS50 PRO STEREO - Osaka","og_url":"https:\/\/osaka.ma\/de\/product\/corsair-hs50-pro-stereo\/","og_site_name":"Osaka","article_modified_time":"2025-05-16T17:32:59+00:00","twitter_card":"summary_large_image","twitter_misc":{"Dur\u00e9e de lecture estim\u00e9e":"2 minutes"},"schema":{"@context":"https:\/\/schema.org","@graph":[{"@type":"WebPage","@id":"https:\/\/osaka.ma\/de\/product\/corsair-hs50-pro-stereo\/","url":"https:\/\/osaka.ma\/de\/product\/corsair-hs50-pro-stereo\/","name":"CORSAIR HS50 PRO STEREO - Osaka","isPartOf":{"@id":"https:\/\/osaka.ma\/#website"},"primaryImageOfPage":{"@id":"https:\/\/osaka.ma\/de\/product\/corsair-hs50-pro-stereo\/#primaryimage"},"image":{"@id":"https:\/\/osaka.ma\/de\/product\/corsair-hs50-pro-stereo\/#primaryimage"},"thumbnailUrl":"https:\/\/osaka.ma\/wp-content\/uploads\/2025\/02\/CORSAIR-HS50-PRO-STEREO-1.avif","datePublished":"2025-02-20T15:27:00+00:00","dateModified":"2025-05-16T17:32:59+00:00","breadcrumb":{"@id":"https:\/\/osaka.ma\/de\/product\/corsair-hs50-pro-stereo\/#breadcrumb"},"inLanguage":"fr-FR","potentialAction":[{"@type":"ReadAction","target":["https:\/\/osaka.ma\/de\/product\/corsair-hs50-pro-stereo\/"]}]},{"@type":"ImageObject","inLanguage":"fr-FR","@id":"https:\/\/osaka.ma\/de\/product\/corsair-hs50-pro-stereo\/#primaryimage","url":"https:\/\/osaka.ma\/wp-content\/uploads\/2025\/02\/CORSAIR-HS50-PRO-STEREO-1.avif","contentUrl":"https:\/\/osaka.ma\/wp-content\/uploads\/2025\/02\/CORSAIR-HS50-PRO-STEREO-1.avif","width":1100,"height":1100},{"@type":"BreadcrumbList","@id":"https:\/\/osaka.ma\/de\/product\/corsair-hs50-pro-stereo\/#breadcrumb","itemListElement":[{"@type":"ListItem","position":1,"name":"Home","item":"https:\/\/osaka.ma\/"},{"@type":"ListItem","position":2,"name":"Shop","item":"https:\/\/osaka.ma\/shop-2\/"},{"@type":"ListItem","position":3,"name":"CORSAIR HS50 PRO STEREO"}]},{"@type":"WebSite","@id":"https:\/\/osaka.ma\/#website","url":"https:\/\/osaka.ma\/","name":"Osaka","description":"","publisher":{"@id":"https:\/\/osaka.ma\/#organization"},"potentialAction":[{"@type":"SearchAction","target":{"@type":"EntryPoint","urlTemplate":"https:\/\/osaka.ma\/?s={search_term_string}"},"query-input":{"@type":"PropertyValueSpecification","valueRequired":true,"valueName":"search_term_string"}}],"inLanguage":"fr-FR"},{"@type":"Organization","@id":"https:\/\/osaka.ma\/#organization","name":"Osaka","url":"https:\/\/osaka.ma\/","logo":{"@type":"ImageObject","inLanguage":"fr-FR","@id":"https:\/\/osaka.ma\/#\/schema\/logo\/image\/","url":"https:\/\/osaka.ma\/wp-content\/uploads\/2026\/01\/model-slogan-logo-2Plan-de-travail-1dksl-plus-finnn.png","contentUrl":"https:\/\/osaka.ma\/wp-content\/uploads\/2026\/01\/model-slogan-logo-2Plan-de-travail-1dksl-plus-finnn.png","width":842,"height":226,"caption":"Osaka"},"image":{"@id":"https:\/\/osaka.ma\/#\/schema\/logo\/image\/"}}]}},"jetpack_sharing_enabled":true,"brands":[],"_links":{"self":[{"href":"https:\/\/osaka.ma\/fr\/wp-json\/wp\/v2\/product\/13036","targetHints":{"allow":["GET"]}}],"collection":[{"href":"https:\/\/osaka.ma\/fr\/wp-json\/wp\/v2\/product"}],"about":[{"href":"https:\/\/osaka.ma\/fr\/wp-json\/wp\/v2\/types\/product"}],"version-history":[{"count":0,"href":"https:\/\/osaka.ma\/fr\/wp-json\/wp\/v2\/product\/13036\/revisions"}],"wp:featuredmedia":[{"embeddable":true,"href":"https:\/\/osaka.ma\/fr\/wp-json\/wp\/v2\/media\/1013923"}],"wp:attachment":[{"href":"https:\/\/osaka.ma\/fr\/wp-json\/wp\/v2\/media?parent=13036"}],"wp:term":[{"taxonomy":"pwb-brand","embeddable":true,"href":"https:\/\/osaka.ma\/fr\/wp-json\/wp\/v2\/pwb-brand?post=13036"},{"taxonomy":"product_brand","embeddable":true,"href":"https:\/\/osaka.ma\/fr\/wp-json\/wp\/v2\/product_brand?post=13036"},{"taxonomy":"product_cat","embeddable":true,"href":"https:\/\/osaka.ma\/fr\/wp-json\/wp\/v2\/product_cat?post=13036"},{"taxonomy":"product_tag","embeddable":true,"href":"https:\/\/osaka.ma\/fr\/wp-json\/wp\/v2\/product_tag?post=13036"},{"taxonomy":"pcb_component_type","embeddable":true,"href":"https:\/\/osaka.ma\/fr\/wp-json\/wp\/v2\/pcb_component_type?post=13036"}],"curies":[{"name":"wp","href":"https:\/\/api.w.org\/{rel}","templated":true}]}}