{"id":13749,"date":"2025-02-24T12:25:28","date_gmt":"2025-02-24T12:25:28","guid":{"rendered":"https:\/\/osaka.ma\/?post_type=product&#038;p=13749"},"modified":"2025-09-18T17:35:09","modified_gmt":"2025-09-18T16:35:09","slug":"energy-sistem-gaming-esg-k4-kompact-wireless","status":"publish","type":"product","link":"https:\/\/osaka.ma\/fr\/product\/energy-sistem-gaming-esg-k4-kompact-wireless\/","title":{"rendered":"Energy Sistem Gaming ESG K4 Kompact Wireless"},"content":{"rendered":"<div class=\"widget-grid widget-grid-one\">\n<div class=\"container\">\n<div class=\"row no-gutters flex-row-reverse\">\n<div class=\"col-md-4 block-text\">\n<div class=\"block\">\n<div class=\"block-title\">\n<h3 style=\"text-align: center;\">Une plus grande agilit\u00e9 avec 698 touches seulement<\/h3>\n<\/div>\n<div class=\"block-content\" style=\"text-align: center;\">Mini clavier gamer \u00e0 membrane compos\u00e9 de 69 touches seulement. \u00c9conomisez de l\u2019espace sur votre table de jeu sans perdre en rapidit\u00e9 et en agilit\u00e9, n\u00e9cessaires pendant vos parties. Sa taille compacte et l\u00e9g\u00e8re est un plus qui vous permet de le transporter en toute commodit\u00e9.<\/div>\n<\/div>\n<\/div>\n<div class=\"col-md-8 block-image\"><picture><source srcset=\"https:\/\/dhb3yazwboecu.cloudfront.net\/1706\/product-ficha-premium\/45507\/1_D_Gaming-Keyboard-ESG-K4-KOMPACT-RGB_45507.webp?1664450779.3035\" media=\"(min-width: 992px)\" \/><source srcset=\"https:\/\/dhb3yazwboecu.cloudfront.net\/1706\/product-ficha-premium\/45507\/1_T_Gaming-Keyboard-ESG-K4-KOMPACT-RGB_45507.webp?1664450779.3035\" media=\"(min-width: 768px)\" \/><img decoding=\"async\" id=\"MDM-IMAGE-01\" src=\"https:\/\/dhb3yazwboecu.cloudfront.net\/1706\/product-ficha-premium\/45507\/1_M_Gaming-Keyboard-ESG-K4-KOMPACT-RGB_45507.webp?1664450779.3035\" alt=\"Une plus grande agilit\u00e9 avec 68 touches seulement \" \/><\/picture><\/div>\n<\/div>\n<\/div>\n<\/div>\n<div class=\"widget-grid widget-grid-one\">\n<div class=\"container\">\n<div class=\"row no-gutters flex-row-normal\">\n<div class=\"col-md-4 block-text\">\n<div class=\"block\">\n<div class=\"block-title\">\n<h3 style=\"text-align: center;\">11 modes d\u2019\u00e9clairage LED RGB<\/h3>\n<\/div>\n<div class=\"block-content\" style=\"text-align: center;\">Vive l\u2019intensit\u00e9 maximale pendant le jeu ! Gr\u00e2ce \u00e0 la technologie de r\u00e9tro\u00e9clairage avec lumi\u00e8res LED \u00e0 effet RGB, votre chambre deviendra une sc\u00e8ne de jeu suppl\u00e9mentaire. Il est \u00e9quip\u00e9 de 11 modes d\u2019\u00e9clairage diff\u00e9rents. Vous pouvez \u00e9galement r\u00e9gler la brillance et la vitesse.<\/div>\n<\/div>\n<\/div>\n<div class=\"col-md-8 block-image\"><picture><source srcset=\"https:\/\/dhb3yazwboecu.cloudfront.net\/1706\/product-ficha-premium\/45507\/2_D_Gaming-Keyboard-ESG-K4-KOMPACT-RGB_45507.webp?1664450779.3035\" media=\"(min-width: 992px)\" \/><source srcset=\"https:\/\/dhb3yazwboecu.cloudfront.net\/1706\/product-ficha-premium\/45507\/2_T_Gaming-Keyboard-ESG-K4-KOMPACT-RGB_45507.webp?1664450779.3035\" media=\"(min-width: 768px)\" \/><img decoding=\"async\" id=\"MDM-IMAGE-02\" src=\"https:\/\/dhb3yazwboecu.cloudfront.net\/1706\/product-ficha-premium\/45507\/2_M_Gaming-Keyboard-ESG-K4-KOMPACT-RGB_45507.webp?1664450779.3035\" alt=\"11 modes d\u2019\u00e9clairage LED RGB\" \/><\/picture><\/div>\n<\/div>\n<\/div>\n<\/div>\n<div class=\"widget-grid widget-grid-three [GAMING-COLOR]\">\n<div class=\"container\">\n<div class=\"row no-gutters\">\n<div class=\"col-md-4 block-image\"><picture><source srcset=\"https:\/\/dhb3yazwboecu.cloudfront.net\/1706\/product-ficha-premium\/45507\/3_D_Gaming-Keyboard-ESG-K4-KOMPACT-RGB_45507.webp?1664450779.3035\" media=\"(min-width: 992px)\" \/><source srcset=\"https:\/\/dhb3yazwboecu.cloudfront.net\/1706\/product-ficha-premium\/45507\/3_T_Gaming-Keyboard-ESG-K4-KOMPACT-RGB_45507.webp?1664450779.3035\" media=\"(min-width: 768px)\" \/><img decoding=\"async\" id=\"MDM-IMAGE-03\" src=\"https:\/\/dhb3yazwboecu.cloudfront.net\/1706\/product-ficha-premium\/45507\/3_T_Gaming-Keyboard-ESG-K4-KOMPACT-RGB_45507.webp?1664450779.3035\" alt=\"Le jeu vous suit partout\" \/><\/picture><\/div>\n<div class=\"col-md-4 block-text\">\n<div class=\"block\">\n<div class=\"block-title\">\n<h3 style=\"text-align: center;\">Le jeu vous suit partout<\/h3>\n<\/div>\n<div class=\"block-content\">\n<p style=\"text-align: center;\">Mini clavier gamer \u00e9quip\u00e9 d\u2019un c\u00e2ble amovible USB Type C de 150 cm, pour plus de confort au moment de ranger le clavier ou de l\u2019emporter avec vous. Et si le c\u00e2ble est endommag\u00e9, remplacez-le et continuez \u00e0 vous battre pour la victoire, inutile d\u2019acheter un nouveau clavier.<\/p>\n<\/div>\n<\/div>\n<\/div>\n<div class=\"col-md-4 block-image\"><picture><source srcset=\"https:\/\/dhb3yazwboecu.cloudfront.net\/1706\/product-ficha-premium\/45507\/4_D_Gaming-Keyboard-ESG-K4-KOMPACT-RGB_45507.webp?1664450779.3035\" media=\"(min-width: 992px)\" \/><source srcset=\"https:\/\/dhb3yazwboecu.cloudfront.net\/1706\/product-ficha-premium\/45507\/4_T_Gaming-Keyboard-ESG-K4-KOMPACT-RGB_45507.webp?1664450779.3035\" media=\"(min-width: 768px)\" \/><img decoding=\"async\" id=\"MDM-IMAGE-04\" src=\"https:\/\/dhb3yazwboecu.cloudfront.net\/1706\/product-ficha-premium\/45507\/4_M_Gaming-Keyboard-ESG-K4-KOMPACT-RGB_45507.webp?1664450779.3035\" alt=\"Le jeu vous suit partout\" \/><\/picture><\/div>\n<\/div>\n<\/div>\n<\/div>\n<div class=\"widget-grid widget-grid-one\">\n<div class=\"container\">\n<div class=\"row no-gutters flex-row-reverse\">\n<div class=\"col-md-4 block-text\">\n<div class=\"block\">\n<div class=\"block-title\">\n<h3 style=\"text-align: center;\">Mini clavier gamer avec Winlock key<\/h3>\n<\/div>\n<div class=\"block-content\" style=\"text-align: center;\">Que rien ne puisse vous d\u00e9concentrer ! Afin d&#8217;\u00e9viter de sortir du bureau, si vous appuyez par erreur sur la touche Windows, utilisez la fonction Winlock du mini clavier gamer ESG K4. Et oubliez les interruptions lorsque vous utilisez des programmes ou des jeux en plein \u00e9cran.<\/div>\n<\/div>\n<\/div>\n<div class=\"col-md-8 block-image\"><picture><source srcset=\"https:\/\/dhb3yazwboecu.cloudfront.net\/1706\/product-ficha-premium\/45507\/5_D_Gaming-Keyboard-ESG-K4-KOMPACT-RGB_45507.webp?1664450779.3035\" media=\"(min-width: 992px)\" \/><source srcset=\"https:\/\/dhb3yazwboecu.cloudfront.net\/1706\/product-ficha-premium\/45507\/5_T_Gaming-Keyboard-ESG-K4-KOMPACT-RGB_45507.webp?1664450779.3035\" media=\"(min-width: 768px)\" \/><img decoding=\"async\" id=\"MDM-IMAGE-05\" src=\"https:\/\/dhb3yazwboecu.cloudfront.net\/1706\/product-ficha-premium\/45507\/5_M_Gaming-Keyboard-ESG-K4-KOMPACT-RGB_45507.webp?1664450779.3035\" alt=\"Mini clavier gamer avec Winlock key\" \/><\/picture><\/div>\n<\/div>\n<\/div>\n<\/div>\n","protected":false},"excerpt":{"rendered":"<p data-start=\"40\" data-end=\"191\">Le <strong data-start=\"43\" data-end=\"91\">Energy Sistem Gaming ESG K4 Kompact Wireless<\/strong> est un clavier de jeu sans fil compact con\u00e7u pour offrir une exp\u00e9rience de jeu fluide et immersive.<\/p>\n<p data-start=\"193\" data-end=\"227\"><strong data-start=\"193\" data-end=\"227\">Caract\u00e9ristiques principales :<\/strong><\/p>\n<ul data-start=\"229\" data-end=\"1144\">\n<li data-start=\"229\" data-end=\"469\">\n<p data-start=\"231\" data-end=\"469\"><strong data-start=\"231\" data-end=\"264\">Design compact \u00e0 69 touches :<\/strong> Ce clavier r\u00e9duit l&#8217;encombrement de votre bureau tout en maintenant une fonctionnalit\u00e9 compl\u00e8te, id\u00e9al pour les espaces restreints ou pour les joueurs en d\u00e9placement.<\/p>\n<\/li>\n<li data-start=\"471\" data-end=\"693\">\n<p data-start=\"473\" data-end=\"693\"><strong data-start=\"473\" data-end=\"508\">Connectivit\u00e9 sans fil 2.4 GHz :<\/strong> Profitez d&#8217;une connexion stable et r\u00e9active sans les contraintes des c\u00e2bles, avec une port\u00e9e suffisante pour la plupart des configurations de jeu.<\/p>\n<\/li>\n<li data-start=\"695\" data-end=\"935\">\n<p data-start=\"697\" data-end=\"935\"><strong data-start=\"697\" data-end=\"736\">\u00c9clairage LED RGB personnalisable :<\/strong> Choisissez parmi 11 modes d&#8217;\u00e9clairage diff\u00e9rents, avec des options de luminosit\u00e9 et de vitesse ajustables, pour personnaliser l&#8217;ambiance de votre espace de jeu.<\/p>\n<\/li>\n<li data-start=\"937\" data-end=\"1144\">\n<p data-start=\"939\" data-end=\"1144\"><strong data-start=\"939\" data-end=\"966\">Compatibilit\u00e9 \u00e9tendue :<\/strong> Compatible avec Windows, Linux, Mac, PlayStation et Xbox, assurant une int\u00e9gration transparente avec divers syst\u00e8mes et plateformes de jeu.<\/p>\n<div class=\"relative inline-flex items-center\"><\/div>\n<\/li>\n<\/ul>\n","protected":false},"featured_media":1013750,"template":"","meta":{"_acf_changed":false},"pwb-brand":[],"product_brand":[],"product_cat":[31,34],"product_tag":[],"pcb_component_type":[],"class_list":{"0":"post-13749","1":"product","2":"type-product","3":"status-publish","4":"has-post-thumbnail","6":"product_cat-accessoires","7":"product_cat-claviers","9":"first","10":"outofstock","11":"shipping-taxable","12":"product-type-simple"},"translation":{"provider":"WPGlobus","version":"3.0.2","language":"fr","enabled_languages":["en","es","de","fr","ru"],"languages":{"en":{"title":true,"content":true,"excerpt":true},"es":{"title":false,"content":false,"excerpt":false},"de":{"title":false,"content":false,"excerpt":false},"fr":{"title":false,"content":false,"excerpt":false},"ru":{"title":false,"content":false,"excerpt":false}}},"acf":[],"yoast_head":"<!-- This site is optimized with the Yoast SEO plugin v27.2 - https:\/\/yoast.com\/product\/yoast-seo-wordpress\/ -->\n<title>Energy Sistem Gaming ESG K4 Kompact Wireless - Osaka<\/title>\n<meta name=\"robots\" content=\"index, follow, max-snippet:-1, max-image-preview:large, max-video-preview:-1\" \/>\n<link rel=\"canonical\" href=\"https:\/\/osaka.ma\/product\/energy-sistem-gaming-esg-k4-kompact-wireless\/\" \/>\n<meta property=\"og:locale\" content=\"fr_FR\" \/>\n<meta property=\"og:type\" content=\"article\" \/>\n<meta property=\"og:title\" content=\"Energy Sistem Gaming ESG K4 Kompact Wireless - Osaka\" \/>\n<meta property=\"og:url\" content=\"https:\/\/osaka.ma\/product\/energy-sistem-gaming-esg-k4-kompact-wireless\/\" \/>\n<meta property=\"og:site_name\" content=\"Osaka\" \/>\n<meta property=\"article:modified_time\" content=\"2025-09-18T16:35:09+00:00\" \/>\n<meta property=\"og:image\" content=\"https:\/\/osaka.ma\/wp-content\/uploads\/2025\/02\/Energy-Sistem-Gaming-ESG-K4-Kompact-Wireless-1.jpg\" \/>\n\t<meta property=\"og:image:width\" content=\"2000\" \/>\n\t<meta property=\"og:image:height\" content=\"2000\" \/>\n\t<meta property=\"og:image:type\" content=\"image\/jpeg\" \/>\n<meta name=\"twitter:card\" content=\"summary_large_image\" \/>\n<meta name=\"twitter:label1\" content=\"Dur\u00e9e de lecture estim\u00e9e\" \/>\n\t<meta name=\"twitter:data1\" content=\"4 minutes\" \/>\n<script type=\"application\/ld+json\" class=\"yoast-schema-graph\">{\"@context\":\"https:\/\/schema.org\",\"@graph\":[{\"@type\":\"WebPage\",\"@id\":\"https:\/\/osaka.ma\/product\/energy-sistem-gaming-esg-k4-kompact-wireless\/\",\"url\":\"https:\/\/osaka.ma\/product\/energy-sistem-gaming-esg-k4-kompact-wireless\/\",\"name\":\"Energy Sistem Gaming ESG K4 Kompact Wireless - Osaka\",\"isPartOf\":{\"@id\":\"https:\/\/osaka.ma\/#website\"},\"primaryImageOfPage\":{\"@id\":\"https:\/\/osaka.ma\/product\/energy-sistem-gaming-esg-k4-kompact-wireless\/#primaryimage\"},\"image\":{\"@id\":\"https:\/\/osaka.ma\/product\/energy-sistem-gaming-esg-k4-kompact-wireless\/#primaryimage\"},\"thumbnailUrl\":\"https:\/\/osaka.ma\/wp-content\/uploads\/2025\/02\/Energy-Sistem-Gaming-ESG-K4-Kompact-Wireless-1.jpg\",\"datePublished\":\"2025-02-24T12:25:28+00:00\",\"dateModified\":\"2025-09-18T16:35:09+00:00\",\"description\":\"Optimisez votre espace de jeu avec le Energy Sistem Gaming ESG K4 Kompact Wireless, offrant rapidit\u00e9 et agilit\u00e9. Adoptez-le maintenant !\",\"breadcrumb\":{\"@id\":\"https:\/\/osaka.ma\/product\/energy-sistem-gaming-esg-k4-kompact-wireless\/#breadcrumb\"},\"inLanguage\":\"fr-FR\",\"potentialAction\":[{\"@type\":\"ReadAction\",\"target\":[\"https:\/\/osaka.ma\/product\/energy-sistem-gaming-esg-k4-kompact-wireless\/\"]}]},{\"@type\":\"ImageObject\",\"inLanguage\":\"fr-FR\",\"@id\":\"https:\/\/osaka.ma\/product\/energy-sistem-gaming-esg-k4-kompact-wireless\/#primaryimage\",\"url\":\"https:\/\/osaka.ma\/wp-content\/uploads\/2025\/02\/Energy-Sistem-Gaming-ESG-K4-Kompact-Wireless-1.jpg\",\"contentUrl\":\"https:\/\/osaka.ma\/wp-content\/uploads\/2025\/02\/Energy-Sistem-Gaming-ESG-K4-Kompact-Wireless-1.jpg\",\"width\":2000,\"height\":2000,\"caption\":\"Energy Sistem Gaming ESG K4 Kompact Wireless\"},{\"@type\":\"BreadcrumbList\",\"@id\":\"https:\/\/osaka.ma\/product\/energy-sistem-gaming-esg-k4-kompact-wireless\/#breadcrumb\",\"itemListElement\":[{\"@type\":\"ListItem\",\"position\":1,\"name\":\"Home\",\"item\":\"https:\/\/osaka.ma\/\"},{\"@type\":\"ListItem\",\"position\":2,\"name\":\"Shop\",\"item\":\"https:\/\/osaka.ma\/shop-2\/\"},{\"@type\":\"ListItem\",\"position\":3,\"name\":\"Energy Sistem Gaming ESG K4 Kompact Wireless\"}]},{\"@type\":\"WebSite\",\"@id\":\"https:\/\/osaka.ma\/#website\",\"url\":\"https:\/\/osaka.ma\/\",\"name\":\"Osaka\",\"description\":\"\",\"publisher\":{\"@id\":\"https:\/\/osaka.ma\/#organization\"},\"potentialAction\":[{\"@type\":\"SearchAction\",\"target\":{\"@type\":\"EntryPoint\",\"urlTemplate\":\"https:\/\/osaka.ma\/?s={search_term_string}\"},\"query-input\":{\"@type\":\"PropertyValueSpecification\",\"valueRequired\":true,\"valueName\":\"search_term_string\"}}],\"inLanguage\":\"fr-FR\"},{\"@type\":\"Organization\",\"@id\":\"https:\/\/osaka.ma\/#organization\",\"name\":\"Osaka\",\"url\":\"https:\/\/osaka.ma\/\",\"logo\":{\"@type\":\"ImageObject\",\"inLanguage\":\"fr-FR\",\"@id\":\"https:\/\/osaka.ma\/#\/schema\/logo\/image\/\",\"url\":\"https:\/\/osaka.ma\/wp-content\/uploads\/2026\/01\/model-slogan-logo-2Plan-de-travail-1dksl-plus-finnn.png\",\"contentUrl\":\"https:\/\/osaka.ma\/wp-content\/uploads\/2026\/01\/model-slogan-logo-2Plan-de-travail-1dksl-plus-finnn.png\",\"width\":842,\"height\":226,\"caption\":\"Osaka\"},\"image\":{\"@id\":\"https:\/\/osaka.ma\/#\/schema\/logo\/image\/\"}}]}<\/script>\n<!-- \/ Yoast SEO plugin. -->","yoast_head_json":{"title":"Energy Sistem Gaming ESG K4 Kompact Wireless - Osaka","robots":{"index":"index","follow":"follow","max-snippet":"max-snippet:-1","max-image-preview":"max-image-preview:large","max-video-preview":"max-video-preview:-1"},"canonical":"https:\/\/osaka.ma\/product\/energy-sistem-gaming-esg-k4-kompact-wireless\/","og_locale":"fr_FR","og_type":"article","og_title":"Energy Sistem Gaming ESG K4 Kompact Wireless - Osaka","og_url":"https:\/\/osaka.ma\/product\/energy-sistem-gaming-esg-k4-kompact-wireless\/","og_site_name":"Osaka","article_modified_time":"2025-09-18T16:35:09+00:00","og_image":[{"width":2000,"height":2000,"url":"https:\/\/osaka.ma\/wp-content\/uploads\/2025\/02\/Energy-Sistem-Gaming-ESG-K4-Kompact-Wireless-1.jpg","type":"image\/jpeg"}],"twitter_card":"summary_large_image","twitter_misc":{"Dur\u00e9e de lecture estim\u00e9e":"4 minutes"},"schema":{"@context":"https:\/\/schema.org","@graph":[{"@type":"WebPage","@id":"https:\/\/osaka.ma\/product\/energy-sistem-gaming-esg-k4-kompact-wireless\/","url":"https:\/\/osaka.ma\/product\/energy-sistem-gaming-esg-k4-kompact-wireless\/","name":"Energy Sistem Gaming ESG K4 Kompact Wireless - Osaka","isPartOf":{"@id":"https:\/\/osaka.ma\/#website"},"primaryImageOfPage":{"@id":"https:\/\/osaka.ma\/product\/energy-sistem-gaming-esg-k4-kompact-wireless\/#primaryimage"},"image":{"@id":"https:\/\/osaka.ma\/product\/energy-sistem-gaming-esg-k4-kompact-wireless\/#primaryimage"},"thumbnailUrl":"https:\/\/osaka.ma\/wp-content\/uploads\/2025\/02\/Energy-Sistem-Gaming-ESG-K4-Kompact-Wireless-1.jpg","datePublished":"2025-02-24T12:25:28+00:00","dateModified":"2025-09-18T16:35:09+00:00","description":"Optimisez votre espace de jeu avec le Energy Sistem Gaming ESG K4 Kompact Wireless, offrant rapidit\u00e9 et agilit\u00e9. Adoptez-le maintenant !","breadcrumb":{"@id":"https:\/\/osaka.ma\/product\/energy-sistem-gaming-esg-k4-kompact-wireless\/#breadcrumb"},"inLanguage":"fr-FR","potentialAction":[{"@type":"ReadAction","target":["https:\/\/osaka.ma\/product\/energy-sistem-gaming-esg-k4-kompact-wireless\/"]}]},{"@type":"ImageObject","inLanguage":"fr-FR","@id":"https:\/\/osaka.ma\/product\/energy-sistem-gaming-esg-k4-kompact-wireless\/#primaryimage","url":"https:\/\/osaka.ma\/wp-content\/uploads\/2025\/02\/Energy-Sistem-Gaming-ESG-K4-Kompact-Wireless-1.jpg","contentUrl":"https:\/\/osaka.ma\/wp-content\/uploads\/2025\/02\/Energy-Sistem-Gaming-ESG-K4-Kompact-Wireless-1.jpg","width":2000,"height":2000,"caption":"Energy Sistem Gaming ESG K4 Kompact Wireless"},{"@type":"BreadcrumbList","@id":"https:\/\/osaka.ma\/product\/energy-sistem-gaming-esg-k4-kompact-wireless\/#breadcrumb","itemListElement":[{"@type":"ListItem","position":1,"name":"Home","item":"https:\/\/osaka.ma\/"},{"@type":"ListItem","position":2,"name":"Shop","item":"https:\/\/osaka.ma\/shop-2\/"},{"@type":"ListItem","position":3,"name":"Energy Sistem Gaming ESG K4 Kompact Wireless"}]},{"@type":"WebSite","@id":"https:\/\/osaka.ma\/#website","url":"https:\/\/osaka.ma\/","name":"Osaka","description":"","publisher":{"@id":"https:\/\/osaka.ma\/#organization"},"potentialAction":[{"@type":"SearchAction","target":{"@type":"EntryPoint","urlTemplate":"https:\/\/osaka.ma\/?s={search_term_string}"},"query-input":{"@type":"PropertyValueSpecification","valueRequired":true,"valueName":"search_term_string"}}],"inLanguage":"fr-FR"},{"@type":"Organization","@id":"https:\/\/osaka.ma\/#organization","name":"Osaka","url":"https:\/\/osaka.ma\/","logo":{"@type":"ImageObject","inLanguage":"fr-FR","@id":"https:\/\/osaka.ma\/#\/schema\/logo\/image\/","url":"https:\/\/osaka.ma\/wp-content\/uploads\/2026\/01\/model-slogan-logo-2Plan-de-travail-1dksl-plus-finnn.png","contentUrl":"https:\/\/osaka.ma\/wp-content\/uploads\/2026\/01\/model-slogan-logo-2Plan-de-travail-1dksl-plus-finnn.png","width":842,"height":226,"caption":"Osaka"},"image":{"@id":"https:\/\/osaka.ma\/#\/schema\/logo\/image\/"}}]}},"jetpack_sharing_enabled":true,"brands":[],"_links":{"self":[{"href":"https:\/\/osaka.ma\/fr\/wp-json\/wp\/v2\/product\/13749","targetHints":{"allow":["GET"]}}],"collection":[{"href":"https:\/\/osaka.ma\/fr\/wp-json\/wp\/v2\/product"}],"about":[{"href":"https:\/\/osaka.ma\/fr\/wp-json\/wp\/v2\/types\/product"}],"version-history":[{"count":0,"href":"https:\/\/osaka.ma\/fr\/wp-json\/wp\/v2\/product\/13749\/revisions"}],"wp:featuredmedia":[{"embeddable":true,"href":"https:\/\/osaka.ma\/fr\/wp-json\/wp\/v2\/media\/1013750"}],"wp:attachment":[{"href":"https:\/\/osaka.ma\/fr\/wp-json\/wp\/v2\/media?parent=13749"}],"wp:term":[{"taxonomy":"pwb-brand","embeddable":true,"href":"https:\/\/osaka.ma\/fr\/wp-json\/wp\/v2\/pwb-brand?post=13749"},{"taxonomy":"product_brand","embeddable":true,"href":"https:\/\/osaka.ma\/fr\/wp-json\/wp\/v2\/product_brand?post=13749"},{"taxonomy":"product_cat","embeddable":true,"href":"https:\/\/osaka.ma\/fr\/wp-json\/wp\/v2\/product_cat?post=13749"},{"taxonomy":"product_tag","embeddable":true,"href":"https:\/\/osaka.ma\/fr\/wp-json\/wp\/v2\/product_tag?post=13749"},{"taxonomy":"pcb_component_type","embeddable":true,"href":"https:\/\/osaka.ma\/fr\/wp-json\/wp\/v2\/pcb_component_type?post=13749"}],"curies":[{"name":"wp","href":"https:\/\/api.w.org\/{rel}","templated":true}]}}