{"id":13757,"date":"2025-02-24T12:29:21","date_gmt":"2025-02-24T12:29:21","guid":{"rendered":"https:\/\/osaka.ma\/?post_type=product&#038;p=13757"},"modified":"2025-10-10T11:14:26","modified_gmt":"2025-10-10T10:14:26","slug":"asus-va247he-23-8-full-hd-monitor-75hz-adaptive-sync-eye-care","status":"publish","type":"product","link":"https:\/\/osaka.ma\/fr\/product\/asus-va247he-23-8-full-hd-monitor-75hz-adaptive-sync-eye-care\/","title":{"rendered":"ASUS VA247HE 23.8&#8243; Full HD Monitor, 75Hz, Adaptive-Sync, Eye Care"},"content":{"rendered":"<div class=\"columns_ab\">\n<div class=\"column first\">\n<div class=\"logo\"><a href=\"https:\/\/www.ldlc.com\/asus\/bint000000806\/\" rel=\"nofollow noopener\" target=\"_blank\"><img decoding=\"async\" src=\"https:\/\/media.ldlc.com\/v3\/marque\/bo\/00\/05\/62\/42\/V30005624251_2.jpg\" alt=\"ASUS\" \/><\/a><\/div>\n<div id=\"description\" class=\"description\">\n<div class=\"details-pdt-desc\">\n<h2 class=\"h2-master\">Alliance de performance et de confort<\/h2>\n<section>Avec le\u00a0<strong>moniteur ASUS VA247HE<\/strong>, vous avez en votre possession un \u00e9quipement qui se montrera \u00e0 la hauteur de vos besoins. Arm\u00e9 d&#8217;une dalle Va de 23.8 pouces avec r\u00e9solution Full HD, ce mod\u00e8le comblera aussi bien vos attentes professionnelles que personnelles. Confortable pour le travail, efficace pour le jeu, cet \u00e9cran d\u00e9voilera rapidement toutes ses qualit\u00e9s.<\/section>\n<section>\n<div class=\"desc-image\"><img decoding=\"async\" src=\"https:\/\/media.ldlc.com\/bo\/images\/fiches\/moniteur%20LED\/Asus\/VA27EHE\/sync.jpg\" alt=\"\" \/><\/div>\n<div class=\"desc-text\">\n<h2>Dalle VA Full HD<\/h2>\n<p>Gr\u00e2ce \u00e0 sa\u00a0<strong>dalle VA<\/strong>\u00a0et son\u00a0contraste<strong>\u00a0<\/strong>de 1 000:1\u00a0le moniteur ASUS VA247HE vous offre une image aux couleurs riches et nuanc\u00e9es.\u00a0La technologie VA vous permet aussi de b\u00e9n\u00e9ficier d&#8217;angles de vision plus larges (178\u00b0) ; les couleurs resteront homog\u00e8nes quelle que soit votre position face \u00e0 l&#8217;\u00e9cran ! De plus, avec\u00a0<strong>75 Hz de fr\u00e9quence de rafra\u00eechissement<\/strong>, vos jeux favoris seront d&#8217;un niveau de fluidit\u00e9 sup\u00e9rieur pour une victoire plus ais\u00e9e. Vous pourrez \u00e9galement compter sur la\u00a0<strong>technologie AMD FreeSync<\/strong>\u00a0pour \u00e9liminer les d\u00e9chirures d&#8217;\u00e9cran en jeu : \u00e0 vous les longues sessions gaming dans les meilleures conditions !<\/p>\n<p>Le\u00a0design \u00e9l\u00e9gant aux bords fins de ce moniteur\u00a0apportera une touche esth\u00e9tique tr\u00e8s agr\u00e9able sur votre bureau. Ce mod\u00e8le dispose en outre d&#8217;un port HDMI, d&#8217;un port DVI et\u00a0d&#8217;un port VGA pour une installation facile \u00e0 votre syst\u00e8me.<\/p>\n<\/div>\n<\/section>\n<section>\n<div class=\"desc-text\">\n<h2>Des fonctionnalit\u00e9s Efficaces<\/h2>\n<p>Gr\u00e2ce \u00e0 la technologie\u00a0<strong>ASUS GamePlus Technology<\/strong>, vous pouvez param\u00e9trer divers ajouts tels qu&#8217;un compteur de FPS ou un r\u00e9ticule de vis\u00e9e fixe afin de r\u00e9hausser votre exp\u00e9rience de jeu. De son c\u00f4t\u00e9, le syst\u00e8me\u00a0<strong>ASUS SplendidPlus<\/strong>\u00a0propose un affichage personnalis\u00e9 selon diff\u00e9rents modes (jeu, cin\u00e9ma, lecture&#8230;) et optimise l&#8217;affichage pour le rendre plus adapt\u00e9 \u00e0 votre utilisation.<\/p>\n<p>Pr\u00e9servez la sant\u00e9 de vos yeux avec Eye Care. La technologie\u00a0<strong>Flicker Free\u00a0<\/strong>(sans scintillement), r\u00e9duit la fatigue oculaire, vous permettant de travailler plus longtemps, sans inconfort. De plus, la technologie\u00a0<strong>Ultra-low Blue Light<\/strong>\u00a0diminue la quantit\u00e9 de lumi\u00e8re bleue du spectre visible (plus nocive pour les yeux).<\/p>\n<\/div>\n<div class=\"desc-image\"><img decoding=\"async\" src=\"https:\/\/media.ldlc.com\/bo\/images\/fiches\/moniteur%20LED\/Asus\/VA27EHE\/flickerfree.jpg\" alt=\"\" \/><\/div>\n<\/section>\n<section class=\"list\">\n<h2>Caract\u00e9ristiques principales :<\/h2>\n<ul>\n<li>Design \u00e9l\u00e9gant avec des bords fins<\/li>\n<li>Moniteur de 23.8&#8243; avec r\u00e9solution\u00a0<strong>FHD<\/strong>\u00a0(1920 x 1080 pixels)<\/li>\n<li><strong>Dalle VA\u00a0<\/strong>: couleurs contrast\u00e9es et angles de vue larges (178\u00b0)<\/li>\n<li>Excellente richesse des couleurs avec un\u00a0<strong>contraste dynamique de 100 000 000:1<\/strong>\u00a0(3000:1 typique)<\/li>\n<li>Affichage r\u00e9actif avec un\u00a0temps de r\u00e9ponse de 5 ms (gris \u00e0 gris)<\/li>\n<li>Connecteurs : HDMI, VGA et DVI<\/li>\n<li>Mode\u00a0<strong>GamePlus<\/strong>\u00a0pour le jeu et technologie\u00a0<strong>AMD FreeSync<\/strong><\/li>\n<li>Technologie ASUS Splendid Plus pour optimiser l&#8217;affichage selon l&#8217;utilisation<\/li>\n<li><strong>Confort visuel optimis\u00e9<\/strong>\u00a0: Flicker-Free (anti-scintillement) et Ultra-Low Blue Light (r\u00e9duction de la lumi\u00e8re bleue)<\/li>\n<\/ul>\n<\/section>\n<\/div>\n<\/div>\n<\/div>\n<\/div>\n","protected":false},"excerpt":{"rendered":"<p data-start=\"40\" data-end=\"229\">Le <strong data-start=\"43\" data-end=\"59\">ASUS VA247HE<\/strong> est un moniteur de 23,8 pouces con\u00e7u pour offrir une exp\u00e9rience visuelle fluide et confortable, id\u00e9al pour les t\u00e2ches quotidiennes et les sessions de jeu occasionnelles.<\/p>\n<p data-start=\"231\" data-end=\"265\"><strong data-start=\"231\" data-end=\"265\">Caract\u00e9ristiques principales :<\/strong><\/p>\n<ul data-start=\"267\" data-end=\"1183\">\n<li data-start=\"267\" data-end=\"378\">\n<p data-start=\"269\" data-end=\"378\"><strong data-start=\"269\" data-end=\"303\">\u00c9cran Full HD de 23,8 pouces :<\/strong> R\u00e9solution de 1920 x 1080 pixels, offrant des images nettes et d\u00e9taill\u00e9es.<\/p>\n<\/li>\n<li data-start=\"380\" data-end=\"529\">\n<p data-start=\"382\" data-end=\"529\"><strong data-start=\"382\" data-end=\"421\">Taux de rafra\u00eechissement de 75 Hz :<\/strong> Assure des transitions d&#8217;image fluides, r\u00e9duisant le flou de mouvement et am\u00e9liorant l&#8217;exp\u00e9rience visuelle.<\/p>\n<\/li>\n<li data-start=\"531\" data-end=\"692\">\n<p data-start=\"533\" data-end=\"692\"><strong data-start=\"533\" data-end=\"574\">Technologie Adaptive-Sync\/FreeSync\u2122 :<\/strong> \u00c9limine le d\u00e9chirement de l&#8217;\u00e9cran et les saccades pour un gameplay plus fluide.<\/p>\n<\/li>\n<li data-start=\"694\" data-end=\"901\">\n<p data-start=\"696\" data-end=\"901\"><strong data-start=\"696\" data-end=\"723\">Technologies Eye Care :<\/strong> Certifi\u00e9es T\u00dcV Rheinland, incluant Flicker-Free et Low Blue Light, pour r\u00e9duire la fatigue oculaire lors de longues sessions d&#8217;utilisation.<\/p>\n<\/li>\n<li data-start=\"903\" data-end=\"1061\">\n<p data-start=\"905\" data-end=\"1061\"><strong data-start=\"905\" data-end=\"942\">Angles de vision larges de 178\u00b0 :<\/strong> Permet une visualisation claire sous divers angles sans distorsion des couleurs.<\/p>\n<\/li>\n<li data-start=\"1063\" data-end=\"1183\">\n<p data-start=\"1065\" data-end=\"1183\"><strong data-start=\"1065\" data-end=\"1088\">Design sans cadre :<\/strong> Id\u00e9al pour les configurations multi-\u00e9crans, offrant une transition fluide entre les moniteurs.<\/p>\n<\/li>\n<\/ul>\n","protected":false},"featured_media":1010576,"template":"","meta":{"_acf_changed":false},"pwb-brand":[],"product_brand":[],"product_cat":[65,58],"product_tag":[],"pcb_component_type":[],"class_list":{"0":"post-13757","1":"product","2":"type-product","3":"status-publish","4":"has-post-thumbnail","6":"product_cat-24-pouce-chez-osakagaming-maroc","7":"product_cat-ecrans-et-moniteurs-pc","9":"first","10":"outofstock","11":"shipping-taxable","12":"product-type-simple"},"translation":{"provider":"WPGlobus","version":"3.0.2","language":"fr","enabled_languages":["en","es","de","fr","ru"],"languages":{"en":{"title":true,"content":true,"excerpt":true},"es":{"title":false,"content":false,"excerpt":false},"de":{"title":false,"content":false,"excerpt":false},"fr":{"title":false,"content":false,"excerpt":false},"ru":{"title":false,"content":false,"excerpt":false}}},"acf":[],"yoast_head":"<!-- This site is optimized with the Yoast SEO plugin v27.2 - https:\/\/yoast.com\/product\/yoast-seo-wordpress\/ -->\n<title>ASUS VA247HE 23.8&quot; Full HD Monitor, 75Hz, Adaptive-Sync, Eye Care - Osaka<\/title>\n<meta name=\"robots\" content=\"index, follow, max-snippet:-1, max-image-preview:large, max-video-preview:-1\" \/>\n<link rel=\"canonical\" href=\"https:\/\/osaka.ma\/product\/asus-va247he-23-8-full-hd-monitor-75hz-adaptive-sync-eye-care\/\" \/>\n<meta property=\"og:locale\" content=\"fr_FR\" \/>\n<meta property=\"og:type\" content=\"article\" \/>\n<meta property=\"og:title\" content=\"ASUS VA247HE 23.8&quot; Full HD Monitor, 75Hz, Adaptive-Sync, Eye Care - Osaka\" \/>\n<meta property=\"og:url\" content=\"https:\/\/osaka.ma\/product\/asus-va247he-23-8-full-hd-monitor-75hz-adaptive-sync-eye-care\/\" \/>\n<meta property=\"og:site_name\" content=\"Osaka\" \/>\n<meta property=\"article:modified_time\" content=\"2025-10-10T10:14:26+00:00\" \/>\n<meta property=\"og:image\" content=\"https:\/\/osaka.ma\/wp-content\/uploads\/2024\/09\/ASUS-VA247HE-3-1.jpg\" \/>\n\t<meta property=\"og:image:width\" content=\"1216\" \/>\n\t<meta property=\"og:image:height\" content=\"1100\" \/>\n\t<meta property=\"og:image:type\" content=\"image\/jpeg\" \/>\n<meta name=\"twitter:card\" content=\"summary_large_image\" \/>\n<meta name=\"twitter:label1\" content=\"Dur\u00e9e de lecture estim\u00e9e\" \/>\n\t<meta name=\"twitter:data1\" content=\"5 minutes\" \/>\n<script type=\"application\/ld+json\" class=\"yoast-schema-graph\">{\"@context\":\"https:\/\/schema.org\",\"@graph\":[{\"@type\":\"WebPage\",\"@id\":\"https:\/\/osaka.ma\/product\/asus-va247he-23-8-full-hd-monitor-75hz-adaptive-sync-eye-care\/\",\"url\":\"https:\/\/osaka.ma\/product\/asus-va247he-23-8-full-hd-monitor-75hz-adaptive-sync-eye-care\/\",\"name\":\"ASUS VA247HE 23.8\\\" Full HD Monitor, 75Hz, Adaptive-Sync, Eye Care - Osaka\",\"isPartOf\":{\"@id\":\"https:\/\/osaka.ma\/#website\"},\"primaryImageOfPage\":{\"@id\":\"https:\/\/osaka.ma\/product\/asus-va247he-23-8-full-hd-monitor-75hz-adaptive-sync-eye-care\/#primaryimage\"},\"image\":{\"@id\":\"https:\/\/osaka.ma\/product\/asus-va247he-23-8-full-hd-monitor-75hz-adaptive-sync-eye-care\/#primaryimage\"},\"thumbnailUrl\":\"https:\/\/osaka.ma\/wp-content\/uploads\/2024\/09\/ASUS-VA247HE-3-1.jpg\",\"datePublished\":\"2025-02-24T12:29:21+00:00\",\"dateModified\":\"2025-10-10T10:14:26+00:00\",\"breadcrumb\":{\"@id\":\"https:\/\/osaka.ma\/product\/asus-va247he-23-8-full-hd-monitor-75hz-adaptive-sync-eye-care\/#breadcrumb\"},\"inLanguage\":\"fr-FR\",\"potentialAction\":[{\"@type\":\"ReadAction\",\"target\":[\"https:\/\/osaka.ma\/product\/asus-va247he-23-8-full-hd-monitor-75hz-adaptive-sync-eye-care\/\"]}]},{\"@type\":\"ImageObject\",\"inLanguage\":\"fr-FR\",\"@id\":\"https:\/\/osaka.ma\/product\/asus-va247he-23-8-full-hd-monitor-75hz-adaptive-sync-eye-care\/#primaryimage\",\"url\":\"https:\/\/osaka.ma\/wp-content\/uploads\/2024\/09\/ASUS-VA247HE-3-1.jpg\",\"contentUrl\":\"https:\/\/osaka.ma\/wp-content\/uploads\/2024\/09\/ASUS-VA247HE-3-1.jpg\",\"width\":1216,\"height\":1100},{\"@type\":\"BreadcrumbList\",\"@id\":\"https:\/\/osaka.ma\/product\/asus-va247he-23-8-full-hd-monitor-75hz-adaptive-sync-eye-care\/#breadcrumb\",\"itemListElement\":[{\"@type\":\"ListItem\",\"position\":1,\"name\":\"Home\",\"item\":\"https:\/\/osaka.ma\/\"},{\"@type\":\"ListItem\",\"position\":2,\"name\":\"Shop\",\"item\":\"https:\/\/osaka.ma\/shop-2\/\"},{\"@type\":\"ListItem\",\"position\":3,\"name\":\"ASUS VA247HE 23.8&#8243; Full HD Monitor, 75Hz, Adaptive-Sync, Eye Care\"}]},{\"@type\":\"WebSite\",\"@id\":\"https:\/\/osaka.ma\/#website\",\"url\":\"https:\/\/osaka.ma\/\",\"name\":\"Osaka\",\"description\":\"\",\"publisher\":{\"@id\":\"https:\/\/osaka.ma\/#organization\"},\"potentialAction\":[{\"@type\":\"SearchAction\",\"target\":{\"@type\":\"EntryPoint\",\"urlTemplate\":\"https:\/\/osaka.ma\/?s={search_term_string}\"},\"query-input\":{\"@type\":\"PropertyValueSpecification\",\"valueRequired\":true,\"valueName\":\"search_term_string\"}}],\"inLanguage\":\"fr-FR\"},{\"@type\":\"Organization\",\"@id\":\"https:\/\/osaka.ma\/#organization\",\"name\":\"Osaka\",\"url\":\"https:\/\/osaka.ma\/\",\"logo\":{\"@type\":\"ImageObject\",\"inLanguage\":\"fr-FR\",\"@id\":\"https:\/\/osaka.ma\/#\/schema\/logo\/image\/\",\"url\":\"https:\/\/osaka.ma\/wp-content\/uploads\/2026\/01\/model-slogan-logo-2Plan-de-travail-1dksl-plus-finnn.png\",\"contentUrl\":\"https:\/\/osaka.ma\/wp-content\/uploads\/2026\/01\/model-slogan-logo-2Plan-de-travail-1dksl-plus-finnn.png\",\"width\":842,\"height\":226,\"caption\":\"Osaka\"},\"image\":{\"@id\":\"https:\/\/osaka.ma\/#\/schema\/logo\/image\/\"}}]}<\/script>\n<!-- \/ Yoast SEO plugin. -->","yoast_head_json":{"title":"ASUS VA247HE 23.8\" Full HD Monitor, 75Hz, Adaptive-Sync, Eye Care - Osaka","robots":{"index":"index","follow":"follow","max-snippet":"max-snippet:-1","max-image-preview":"max-image-preview:large","max-video-preview":"max-video-preview:-1"},"canonical":"https:\/\/osaka.ma\/product\/asus-va247he-23-8-full-hd-monitor-75hz-adaptive-sync-eye-care\/","og_locale":"fr_FR","og_type":"article","og_title":"ASUS VA247HE 23.8\" Full HD Monitor, 75Hz, Adaptive-Sync, Eye Care - Osaka","og_url":"https:\/\/osaka.ma\/product\/asus-va247he-23-8-full-hd-monitor-75hz-adaptive-sync-eye-care\/","og_site_name":"Osaka","article_modified_time":"2025-10-10T10:14:26+00:00","og_image":[{"width":1216,"height":1100,"url":"https:\/\/osaka.ma\/wp-content\/uploads\/2024\/09\/ASUS-VA247HE-3-1.jpg","type":"image\/jpeg"}],"twitter_card":"summary_large_image","twitter_misc":{"Dur\u00e9e de lecture estim\u00e9e":"5 minutes"},"schema":{"@context":"https:\/\/schema.org","@graph":[{"@type":"WebPage","@id":"https:\/\/osaka.ma\/product\/asus-va247he-23-8-full-hd-monitor-75hz-adaptive-sync-eye-care\/","url":"https:\/\/osaka.ma\/product\/asus-va247he-23-8-full-hd-monitor-75hz-adaptive-sync-eye-care\/","name":"ASUS VA247HE 23.8\" Full HD Monitor, 75Hz, Adaptive-Sync, Eye Care - Osaka","isPartOf":{"@id":"https:\/\/osaka.ma\/#website"},"primaryImageOfPage":{"@id":"https:\/\/osaka.ma\/product\/asus-va247he-23-8-full-hd-monitor-75hz-adaptive-sync-eye-care\/#primaryimage"},"image":{"@id":"https:\/\/osaka.ma\/product\/asus-va247he-23-8-full-hd-monitor-75hz-adaptive-sync-eye-care\/#primaryimage"},"thumbnailUrl":"https:\/\/osaka.ma\/wp-content\/uploads\/2024\/09\/ASUS-VA247HE-3-1.jpg","datePublished":"2025-02-24T12:29:21+00:00","dateModified":"2025-10-10T10:14:26+00:00","breadcrumb":{"@id":"https:\/\/osaka.ma\/product\/asus-va247he-23-8-full-hd-monitor-75hz-adaptive-sync-eye-care\/#breadcrumb"},"inLanguage":"fr-FR","potentialAction":[{"@type":"ReadAction","target":["https:\/\/osaka.ma\/product\/asus-va247he-23-8-full-hd-monitor-75hz-adaptive-sync-eye-care\/"]}]},{"@type":"ImageObject","inLanguage":"fr-FR","@id":"https:\/\/osaka.ma\/product\/asus-va247he-23-8-full-hd-monitor-75hz-adaptive-sync-eye-care\/#primaryimage","url":"https:\/\/osaka.ma\/wp-content\/uploads\/2024\/09\/ASUS-VA247HE-3-1.jpg","contentUrl":"https:\/\/osaka.ma\/wp-content\/uploads\/2024\/09\/ASUS-VA247HE-3-1.jpg","width":1216,"height":1100},{"@type":"BreadcrumbList","@id":"https:\/\/osaka.ma\/product\/asus-va247he-23-8-full-hd-monitor-75hz-adaptive-sync-eye-care\/#breadcrumb","itemListElement":[{"@type":"ListItem","position":1,"name":"Home","item":"https:\/\/osaka.ma\/"},{"@type":"ListItem","position":2,"name":"Shop","item":"https:\/\/osaka.ma\/shop-2\/"},{"@type":"ListItem","position":3,"name":"ASUS VA247HE 23.8&#8243; Full HD Monitor, 75Hz, Adaptive-Sync, Eye Care"}]},{"@type":"WebSite","@id":"https:\/\/osaka.ma\/#website","url":"https:\/\/osaka.ma\/","name":"Osaka","description":"","publisher":{"@id":"https:\/\/osaka.ma\/#organization"},"potentialAction":[{"@type":"SearchAction","target":{"@type":"EntryPoint","urlTemplate":"https:\/\/osaka.ma\/?s={search_term_string}"},"query-input":{"@type":"PropertyValueSpecification","valueRequired":true,"valueName":"search_term_string"}}],"inLanguage":"fr-FR"},{"@type":"Organization","@id":"https:\/\/osaka.ma\/#organization","name":"Osaka","url":"https:\/\/osaka.ma\/","logo":{"@type":"ImageObject","inLanguage":"fr-FR","@id":"https:\/\/osaka.ma\/#\/schema\/logo\/image\/","url":"https:\/\/osaka.ma\/wp-content\/uploads\/2026\/01\/model-slogan-logo-2Plan-de-travail-1dksl-plus-finnn.png","contentUrl":"https:\/\/osaka.ma\/wp-content\/uploads\/2026\/01\/model-slogan-logo-2Plan-de-travail-1dksl-plus-finnn.png","width":842,"height":226,"caption":"Osaka"},"image":{"@id":"https:\/\/osaka.ma\/#\/schema\/logo\/image\/"}}]}},"jetpack_sharing_enabled":true,"brands":[],"_links":{"self":[{"href":"https:\/\/osaka.ma\/fr\/wp-json\/wp\/v2\/product\/13757","targetHints":{"allow":["GET"]}}],"collection":[{"href":"https:\/\/osaka.ma\/fr\/wp-json\/wp\/v2\/product"}],"about":[{"href":"https:\/\/osaka.ma\/fr\/wp-json\/wp\/v2\/types\/product"}],"version-history":[{"count":0,"href":"https:\/\/osaka.ma\/fr\/wp-json\/wp\/v2\/product\/13757\/revisions"}],"wp:featuredmedia":[{"embeddable":true,"href":"https:\/\/osaka.ma\/fr\/wp-json\/wp\/v2\/media\/1010576"}],"wp:attachment":[{"href":"https:\/\/osaka.ma\/fr\/wp-json\/wp\/v2\/media?parent=13757"}],"wp:term":[{"taxonomy":"pwb-brand","embeddable":true,"href":"https:\/\/osaka.ma\/fr\/wp-json\/wp\/v2\/pwb-brand?post=13757"},{"taxonomy":"product_brand","embeddable":true,"href":"https:\/\/osaka.ma\/fr\/wp-json\/wp\/v2\/product_brand?post=13757"},{"taxonomy":"product_cat","embeddable":true,"href":"https:\/\/osaka.ma\/fr\/wp-json\/wp\/v2\/product_cat?post=13757"},{"taxonomy":"product_tag","embeddable":true,"href":"https:\/\/osaka.ma\/fr\/wp-json\/wp\/v2\/product_tag?post=13757"},{"taxonomy":"pcb_component_type","embeddable":true,"href":"https:\/\/osaka.ma\/fr\/wp-json\/wp\/v2\/pcb_component_type?post=13757"}],"curies":[{"name":"wp","href":"https:\/\/api.w.org\/{rel}","templated":true}]}}