{"id":13865,"date":"2025-02-24T15:40:24","date_gmt":"2025-02-24T15:40:24","guid":{"rendered":"https:\/\/osaka.ma\/?post_type=product&#038;p=13865"},"modified":"2025-10-07T23:58:54","modified_gmt":"2025-10-07T22:58:54","slug":"13865","status":"publish","type":"product","link":"https:\/\/osaka.ma\/fr\/product\/13865\/","title":{"rendered":"LG 32UK550-B 32&#8243; 4K UHD Monitor &#8211; USED"},"content":{"rendered":"<div class=\"celwidget aplus-module 3p-module-b aplus-standard\" data-csa-c-id=\"jafiyv-pcxhxh-p1cuix-ufmj3b\" data-cel-widget=\"aplus-3p-module-b\">\n<div class=\"aplus-module-wrapper aplus-3p-fixed-width\">\n<p><img decoding=\"async\" class=\"a-spacing-base\" src=\"https:\/\/m.media-amazon.com\/images\/S\/aplus-media\/vc\/959e5d4b-0163-47c3-aab6-3cbe648d5ac9.__CR0,0,970,600_PT0_SX970_V1___.jpg\" alt=\"Une immersion intense gr\u00e2ce \u00e0 un grand \u00e9cran\" data-src=\"https:\/\/m.media-amazon.com\/images\/S\/aplus-media\/vc\/959e5d4b-0163-47c3-aab6-3cbe648d5ac9.__CR0,0,970,600_PT0_SX970_V1___.jpg\" \/><\/p>\n<h3 class=\"a-spacing-mini\">Une immersion intense gr\u00e2ce \u00e0 un grand \u00e9cran<\/h3>\n<p class=\"a-spacing-base\">La r\u00e9solution UHD 4K du LG 4K MONITOR offre une nettet\u00e9 \u00e9poustouflante et des d\u00e9tails d&#8217;une grande finesse gr\u00e2ce \u00e0 une r\u00e9solution quatre fois sup\u00e9rieure \u00e0 celle de la Full HD. Gr\u00e2ce \u00e0 cette fonctionnalit\u00e9, les utilisateurs peuvent profiter d&#8217;un plaisir visuel immersif.<\/p>\n<\/div>\n<\/div>\n<div class=\"celwidget aplus-module module-11 aplus-standard\" data-csa-c-id=\"cia5e2-b0lzxt-9ekp5k-7gnxl2\" data-cel-widget=\"aplus-module-11\">\n<div class=\"aplus-module-wrapper apm-spacing apm-floatnone apm-fixed-width\">\n<div class=\"apm-sidemodule aplus-module-content\">\n<div class=\"apm-hero-image\"><img decoding=\"async\" class=\"\" src=\"https:\/\/m.media-amazon.com\/images\/S\/aplus-media\/vc\/603693ef-ff25-4f4f-b3c3-6b4ecb5420fc.__CR0,0,970,300_PT0_SX970_V1___.jpg\" alt=\"Enceintes st\u00e9r\u00e9o, Radeon FreeSync\" data-src=\"https:\/\/m.media-amazon.com\/images\/S\/aplus-media\/vc\/603693ef-ff25-4f4f-b3c3-6b4ecb5420fc.__CR0,0,970,300_PT0_SX970_V1___.jpg\" \/><\/div>\n<div class=\"apm-heromodule-textright apm-hero-text\">\n<h3>Enceintes st\u00e9r\u00e9o, Radeon FreeSync<\/h3>\n<p>La technologie Radeon FreeSync \u00e9limine les d\u00e9chirures d&#8217;images, ainsi que les images saccad\u00e9es. De plus, les amateurs de jeux profiteront des derniers jeux de console et sur PC avec une plus grande immersion, car ils seront d\u00e9sormais entour\u00e9s d&#8217;un son parfait, provenant des haut-parleurs st\u00e9r\u00e9o.<\/p>\n<\/div>\n<\/div>\n<\/div>\n<\/div>\n<div class=\"celwidget aplus-module module-4 aplus-standard\" data-csa-c-id=\"xrmju8-subr3q-vf8xy5-pljuzb\" data-cel-widget=\"aplus-module-4\">\n<div class=\"aplus-module-wrapper apm-fixed-width apm-spacing\">\n<div class=\"apm-flex\">\n<div class=\"apm-flex-item-fourth-width\"><\/div>\n<\/div>\n<\/div>\n<div><img fetchpriority=\"high\" decoding=\"async\" class=\"alignnone wp-image-13876\" src=\"https:\/\/osaka.ma\/wp-content\/uploads\/2025\/02\/LG-32UK550-B-32-4K-UHD-Monitor-9-300x259.png\" alt=\"\" width=\"487\" height=\"421\" srcset=\"https:\/\/osaka.ma\/wp-content\/uploads\/2025\/02\/LG-32UK550-B-32-4K-UHD-Monitor-9-300x259.png 300w, https:\/\/osaka.ma\/wp-content\/uploads\/2025\/02\/LG-32UK550-B-32-4K-UHD-Monitor-9-768x662.png 768w, https:\/\/osaka.ma\/wp-content\/uploads\/2025\/02\/LG-32UK550-B-32-4K-UHD-Monitor-9-600x517.png 600w, https:\/\/osaka.ma\/wp-content\/uploads\/2025\/02\/LG-32UK550-B-32-4K-UHD-Monitor-9.png 1014w\" sizes=\"(max-width: 487px) 100vw, 487px\" \/><\/div>\n<\/div>\n<div class=\"celwidget aplus-module 3p-module-b aplus-standard\" data-csa-c-id=\"cyipyw-urwy4n-brp0b8-15gvi9\" data-cel-widget=\"aplus-3p-module-b\">\n<div class=\"aplus-module-wrapper aplus-3p-fixed-width\">\n<p><img decoding=\"async\" class=\"a-spacing-base\" src=\"https:\/\/m.media-amazon.com\/images\/S\/aplus-media\/vc\/7f5cd424-6654-440a-a960-7805199087ae.__CR0,0,970,600_PT0_SX970_V1___.jpg\" alt=\"logiciel onscreen control\" data-src=\"https:\/\/m.media-amazon.com\/images\/S\/aplus-media\/vc\/7f5cd424-6654-440a-a960-7805199087ae.__CR0,0,970,600_PT0_SX970_V1___.jpg\" \/><\/p>\n<h3 class=\"a-spacing-mini\">Interface utilisateur plus simple d&#8217;utilisation<\/h3>\n<p class=\"a-spacing-base\">Le logiciel OnScreen Control est simple et intuitif. Vous pouvez personnaliser vos options d&#8217;affichage en quelques clics.<\/p>\n<\/div>\n<\/div>\n","protected":false},"excerpt":{"rendered":"<p data-start=\"0\" data-end=\"179\">Le <strong data-start=\"3\" data-end=\"19\">LG 32UK550-B<\/strong> est un moniteur 4K UHD de 31,5 pouces offrant une r\u00e9solution de 3840 x 2160 pixels, id\u00e9al pour les professionnels de la cr\u00e9ation et les amateurs de multim\u00e9dia.<\/p>\n<p data-start=\"181\" data-end=\"215\"><strong data-start=\"181\" data-end=\"215\">Caract\u00e9ristiques principales :<\/strong><\/p>\n<ul data-start=\"217\" data-end=\"1203\">\n<li data-start=\"217\" data-end=\"390\">\n<p data-start=\"219\" data-end=\"390\"><strong data-start=\"219\" data-end=\"234\">Affichage :<\/strong> \u00c9cran VA avec une couverture de 95 % de l&#8217;espace colorim\u00e9trique DCI-P3, garantissant des couleurs riches et pr\u00e9cises.<\/p>\n<\/li>\n<li data-start=\"392\" data-end=\"611\">\n<p data-start=\"394\" data-end=\"611\"><strong data-start=\"394\" data-end=\"428\">Technologie Radeon FreeSync\u2122 :<\/strong> Assure une synchronisation optimale entre la carte graphique et le moniteur, \u00e9liminant les d\u00e9chirures d&#8217;image pour une exp\u00e9rience de jeu fluide.<\/p>\n<\/li>\n<li data-start=\"613\" data-end=\"804\">\n<p data-start=\"615\" data-end=\"804\"><strong data-start=\"615\" data-end=\"644\">Luminosit\u00e9 et contraste :<\/strong> Luminosit\u00e9 de 300 cd\/m\u00b2 et un rapport de contraste statique de 3000:1, offrant des images nettes avec des noirs profonds.<\/p>\n<\/li>\n<li data-start=\"806\" data-end=\"1001\">\n<p data-start=\"808\" data-end=\"1001\"><strong data-start=\"808\" data-end=\"830\">Angles de vision :<\/strong> Angles de vision de 178\u00b0 horizontalement et verticalement, garantissant une qualit\u00e9 d&#8217;image constante, quel que soit l&#8217;angle de vue.<\/p>\n<\/li>\n<li data-start=\"1003\" data-end=\"1203\">\n<p data-start=\"1005\" data-end=\"1203\"><strong data-start=\"1005\" data-end=\"1033\">Haut-parleurs int\u00e9gr\u00e9s :<\/strong> \u00c9quip\u00e9 de deux haut-parleurs st\u00e9r\u00e9o de 5W chacun, offrant une exp\u00e9rience audio immersive sans n\u00e9cessiter de haut-parleurs externes.<\/p>\n<\/li>\n<\/ul>\n","protected":false},"featured_media":1013866,"template":"","meta":{"_acf_changed":false},"pwb-brand":[],"product_brand":[],"product_cat":[59,58],"product_tag":[],"pcb_component_type":[],"class_list":{"0":"post-13865","1":"product","2":"type-product","3":"status-publish","4":"has-post-thumbnail","6":"product_cat-32-pouce-et-plus","7":"product_cat-ecrans-et-moniteurs-pc","9":"first","10":"instock","11":"sale","12":"shipping-taxable","13":"purchasable","14":"product-type-simple"},"translation":{"provider":"WPGlobus","version":"3.0.2","language":"fr","enabled_languages":["en","es","de","fr","ru"],"languages":{"en":{"title":true,"content":true,"excerpt":true},"es":{"title":false,"content":false,"excerpt":false},"de":{"title":false,"content":false,"excerpt":false},"fr":{"title":false,"content":false,"excerpt":false},"ru":{"title":false,"content":false,"excerpt":false}}},"acf":[],"yoast_head":"<!-- This site is optimized with the Yoast SEO plugin v27.2 - https:\/\/yoast.com\/product\/yoast-seo-wordpress\/ -->\n<title>LG 4K Monitor: Stunning UHD Resolution for You - Osaka<\/title>\n<meta name=\"robots\" content=\"index, follow, max-snippet:-1, max-image-preview:large, max-video-preview:-1\" \/>\n<link rel=\"canonical\" href=\"https:\/\/osaka.ma\/product\/13865\/\" \/>\n<meta property=\"og:locale\" content=\"fr_FR\" \/>\n<meta property=\"og:type\" content=\"article\" \/>\n<meta property=\"og:title\" content=\"LG 32UK550-B 32&quot; 4K UHD Monitor - USED - Osaka\" \/>\n<meta property=\"og:url\" content=\"https:\/\/osaka.ma\/product\/13865\/\" \/>\n<meta property=\"og:site_name\" content=\"Osaka\" \/>\n<meta property=\"article:modified_time\" content=\"2025-10-07T22:58:54+00:00\" \/>\n<meta name=\"twitter:card\" content=\"summary_large_image\" \/>\n<meta name=\"twitter:label1\" content=\"Dur\u00e9e de lecture estim\u00e9e\" \/>\n\t<meta name=\"twitter:data1\" content=\"4 minutes\" \/>\n<script type=\"application\/ld+json\" class=\"yoast-schema-graph\">{\"@context\":\"https:\/\/schema.org\",\"@graph\":[{\"@type\":\"WebPage\",\"@id\":\"https:\/\/osaka.ma\/product\/13865\/\",\"url\":\"https:\/\/osaka.ma\/product\/13865\/\",\"name\":\"LG 4K Monitor: Stunning UHD Resolution for You - Osaka\",\"isPartOf\":{\"@id\":\"https:\/\/osaka.ma\/#website\"},\"primaryImageOfPage\":{\"@id\":\"https:\/\/osaka.ma\/product\/13865\/#primaryimage\"},\"image\":{\"@id\":\"https:\/\/osaka.ma\/product\/13865\/#primaryimage\"},\"thumbnailUrl\":\"https:\/\/osaka.ma\/wp-content\/uploads\/2025\/02\/LG-32UK550-B-32-4K-UHD-Monitor-1.avif\",\"datePublished\":\"2025-02-24T15:40:24+00:00\",\"dateModified\":\"2025-10-07T22:58:54+00:00\",\"description\":\"Experience stunning visuals with the LG 4K MONITOR, offering four times the detail of Full HD. Perfect for immersive gaming and creative work!\",\"breadcrumb\":{\"@id\":\"https:\/\/osaka.ma\/product\/13865\/#breadcrumb\"},\"inLanguage\":\"fr-FR\",\"potentialAction\":[{\"@type\":\"ReadAction\",\"target\":[\"https:\/\/osaka.ma\/product\/13865\/\"]}]},{\"@type\":\"ImageObject\",\"inLanguage\":\"fr-FR\",\"@id\":\"https:\/\/osaka.ma\/product\/13865\/#primaryimage\",\"url\":\"https:\/\/osaka.ma\/wp-content\/uploads\/2025\/02\/LG-32UK550-B-32-4K-UHD-Monitor-1.avif\",\"contentUrl\":\"https:\/\/osaka.ma\/wp-content\/uploads\/2025\/02\/LG-32UK550-B-32-4K-UHD-Monitor-1.avif\",\"width\":1100,\"height\":730},{\"@type\":\"BreadcrumbList\",\"@id\":\"https:\/\/osaka.ma\/product\/13865\/#breadcrumb\",\"itemListElement\":[{\"@type\":\"ListItem\",\"position\":1,\"name\":\"Home\",\"item\":\"https:\/\/osaka.ma\/\"},{\"@type\":\"ListItem\",\"position\":2,\"name\":\"Shop\",\"item\":\"https:\/\/osaka.ma\/shop-2\/\"},{\"@type\":\"ListItem\",\"position\":3,\"name\":\"LG 32UK550-B 32&#8243; 4K UHD Monitor &#8211; USED\"}]},{\"@type\":\"WebSite\",\"@id\":\"https:\/\/osaka.ma\/#website\",\"url\":\"https:\/\/osaka.ma\/\",\"name\":\"Osaka\",\"description\":\"\",\"publisher\":{\"@id\":\"https:\/\/osaka.ma\/#organization\"},\"potentialAction\":[{\"@type\":\"SearchAction\",\"target\":{\"@type\":\"EntryPoint\",\"urlTemplate\":\"https:\/\/osaka.ma\/?s={search_term_string}\"},\"query-input\":{\"@type\":\"PropertyValueSpecification\",\"valueRequired\":true,\"valueName\":\"search_term_string\"}}],\"inLanguage\":\"fr-FR\"},{\"@type\":\"Organization\",\"@id\":\"https:\/\/osaka.ma\/#organization\",\"name\":\"Osaka\",\"url\":\"https:\/\/osaka.ma\/\",\"logo\":{\"@type\":\"ImageObject\",\"inLanguage\":\"fr-FR\",\"@id\":\"https:\/\/osaka.ma\/#\/schema\/logo\/image\/\",\"url\":\"https:\/\/osaka.ma\/wp-content\/uploads\/2026\/01\/model-slogan-logo-2Plan-de-travail-1dksl-plus-finnn.png\",\"contentUrl\":\"https:\/\/osaka.ma\/wp-content\/uploads\/2026\/01\/model-slogan-logo-2Plan-de-travail-1dksl-plus-finnn.png\",\"width\":842,\"height\":226,\"caption\":\"Osaka\"},\"image\":{\"@id\":\"https:\/\/osaka.ma\/#\/schema\/logo\/image\/\"}}]}<\/script>\n<!-- \/ Yoast SEO plugin. -->","yoast_head_json":{"title":"LG 4K Monitor: Stunning UHD Resolution for You - Osaka","robots":{"index":"index","follow":"follow","max-snippet":"max-snippet:-1","max-image-preview":"max-image-preview:large","max-video-preview":"max-video-preview:-1"},"canonical":"https:\/\/osaka.ma\/product\/13865\/","og_locale":"fr_FR","og_type":"article","og_title":"LG 32UK550-B 32\" 4K UHD Monitor - USED - Osaka","og_url":"https:\/\/osaka.ma\/product\/13865\/","og_site_name":"Osaka","article_modified_time":"2025-10-07T22:58:54+00:00","twitter_card":"summary_large_image","twitter_misc":{"Dur\u00e9e de lecture estim\u00e9e":"4 minutes"},"schema":{"@context":"https:\/\/schema.org","@graph":[{"@type":"WebPage","@id":"https:\/\/osaka.ma\/product\/13865\/","url":"https:\/\/osaka.ma\/product\/13865\/","name":"LG 4K Monitor: Stunning UHD Resolution for You - Osaka","isPartOf":{"@id":"https:\/\/osaka.ma\/#website"},"primaryImageOfPage":{"@id":"https:\/\/osaka.ma\/product\/13865\/#primaryimage"},"image":{"@id":"https:\/\/osaka.ma\/product\/13865\/#primaryimage"},"thumbnailUrl":"https:\/\/osaka.ma\/wp-content\/uploads\/2025\/02\/LG-32UK550-B-32-4K-UHD-Monitor-1.avif","datePublished":"2025-02-24T15:40:24+00:00","dateModified":"2025-10-07T22:58:54+00:00","description":"Experience stunning visuals with the LG 4K MONITOR, offering four times the detail of Full HD. Perfect for immersive gaming and creative work!","breadcrumb":{"@id":"https:\/\/osaka.ma\/product\/13865\/#breadcrumb"},"inLanguage":"fr-FR","potentialAction":[{"@type":"ReadAction","target":["https:\/\/osaka.ma\/product\/13865\/"]}]},{"@type":"ImageObject","inLanguage":"fr-FR","@id":"https:\/\/osaka.ma\/product\/13865\/#primaryimage","url":"https:\/\/osaka.ma\/wp-content\/uploads\/2025\/02\/LG-32UK550-B-32-4K-UHD-Monitor-1.avif","contentUrl":"https:\/\/osaka.ma\/wp-content\/uploads\/2025\/02\/LG-32UK550-B-32-4K-UHD-Monitor-1.avif","width":1100,"height":730},{"@type":"BreadcrumbList","@id":"https:\/\/osaka.ma\/product\/13865\/#breadcrumb","itemListElement":[{"@type":"ListItem","position":1,"name":"Home","item":"https:\/\/osaka.ma\/"},{"@type":"ListItem","position":2,"name":"Shop","item":"https:\/\/osaka.ma\/shop-2\/"},{"@type":"ListItem","position":3,"name":"LG 32UK550-B 32&#8243; 4K UHD Monitor &#8211; USED"}]},{"@type":"WebSite","@id":"https:\/\/osaka.ma\/#website","url":"https:\/\/osaka.ma\/","name":"Osaka","description":"","publisher":{"@id":"https:\/\/osaka.ma\/#organization"},"potentialAction":[{"@type":"SearchAction","target":{"@type":"EntryPoint","urlTemplate":"https:\/\/osaka.ma\/?s={search_term_string}"},"query-input":{"@type":"PropertyValueSpecification","valueRequired":true,"valueName":"search_term_string"}}],"inLanguage":"fr-FR"},{"@type":"Organization","@id":"https:\/\/osaka.ma\/#organization","name":"Osaka","url":"https:\/\/osaka.ma\/","logo":{"@type":"ImageObject","inLanguage":"fr-FR","@id":"https:\/\/osaka.ma\/#\/schema\/logo\/image\/","url":"https:\/\/osaka.ma\/wp-content\/uploads\/2026\/01\/model-slogan-logo-2Plan-de-travail-1dksl-plus-finnn.png","contentUrl":"https:\/\/osaka.ma\/wp-content\/uploads\/2026\/01\/model-slogan-logo-2Plan-de-travail-1dksl-plus-finnn.png","width":842,"height":226,"caption":"Osaka"},"image":{"@id":"https:\/\/osaka.ma\/#\/schema\/logo\/image\/"}}]}},"jetpack_sharing_enabled":true,"brands":[],"_links":{"self":[{"href":"https:\/\/osaka.ma\/fr\/wp-json\/wp\/v2\/product\/13865","targetHints":{"allow":["GET"]}}],"collection":[{"href":"https:\/\/osaka.ma\/fr\/wp-json\/wp\/v2\/product"}],"about":[{"href":"https:\/\/osaka.ma\/fr\/wp-json\/wp\/v2\/types\/product"}],"version-history":[{"count":0,"href":"https:\/\/osaka.ma\/fr\/wp-json\/wp\/v2\/product\/13865\/revisions"}],"wp:featuredmedia":[{"embeddable":true,"href":"https:\/\/osaka.ma\/fr\/wp-json\/wp\/v2\/media\/1013866"}],"wp:attachment":[{"href":"https:\/\/osaka.ma\/fr\/wp-json\/wp\/v2\/media?parent=13865"}],"wp:term":[{"taxonomy":"pwb-brand","embeddable":true,"href":"https:\/\/osaka.ma\/fr\/wp-json\/wp\/v2\/pwb-brand?post=13865"},{"taxonomy":"product_brand","embeddable":true,"href":"https:\/\/osaka.ma\/fr\/wp-json\/wp\/v2\/product_brand?post=13865"},{"taxonomy":"product_cat","embeddable":true,"href":"https:\/\/osaka.ma\/fr\/wp-json\/wp\/v2\/product_cat?post=13865"},{"taxonomy":"product_tag","embeddable":true,"href":"https:\/\/osaka.ma\/fr\/wp-json\/wp\/v2\/product_tag?post=13865"},{"taxonomy":"pcb_component_type","embeddable":true,"href":"https:\/\/osaka.ma\/fr\/wp-json\/wp\/v2\/pcb_component_type?post=13865"}],"curies":[{"name":"wp","href":"https:\/\/api.w.org\/{rel}","templated":true}]}}