{"id":14498,"date":"2025-03-12T09:57:34","date_gmt":"2025-03-12T09:57:34","guid":{"rendered":"https:\/\/osaka.ma\/?post_type=product&#038;p=14498"},"modified":"2025-03-18T16:55:58","modified_gmt":"2025-03-18T16:55:58","slug":"samsung-galaxy-book4-ultra-16-ultra-7-155h-rtx-4050-6gb-16gb-ddr5-7500mhz-1tb-ssd-2-8k-120hz-windows-11","status":"publish","type":"product","link":"https:\/\/osaka.ma\/fr\/product\/samsung-galaxy-book4-ultra-16-ultra-7-155h-rtx-4050-6gb-16gb-ddr5-7500mhz-1tb-ssd-2-8k-120hz-windows-11\/","title":{"rendered":"Samsung Galaxy Book4 Ultra 16&#8243; | Ultra 7-155H | RTX 4050 6GB | 16GB DDR5 7500MHz | 1TB SSD | 2.8K 120Hz | Windows 11"},"content":{"rendered":"<div class=\"logo\"><a href=\"https:\/\/www.ldlc.com\/samsung\/bint000001080\/\" rel=\"nofollow noopener\" target=\"_blank\"><img decoding=\"async\" src=\"https:\/\/media.ldlc.com\/v3\/marque\/bo\/00\/06\/07\/33\/V30006073318.jpg\" alt=\"Samsung\" \/><\/a><\/div>\n<div id=\"description\" class=\"description\">\n<div class=\"details-pdt-desc\">\n<h2 class=\"h2-master\">Mobilit\u00e9, confort et hautes performances<\/h2>\n<section>Le\u00a0<strong>PC portable Samsung Galaxy Book4 Ultra<\/strong>\u00a0a tout pour plaire ! Avec son format mince et compact, son \u00e9cran tactile OLED de 16 pouces et ses composants tr\u00e8s performants, cet ordinateur portable Samsung vous offre la puissance, la mobilit\u00e9 et le confort visuel dont vous avez besoin pour les applications graphiques ou le divertissement num\u00e9rique.<\/section>\n<section>\n<div class=\"desc-image\"><img decoding=\"async\" src=\"https:\/\/media.ldlc.com\/bo\/images\/fiches\/pc_portables\/samsung\/galaxy_book4_ultra\/801.jpg\" alt=\"\" \/><\/div>\n<div class=\"desc-text\">\n<h2>Alliance de performance et de mobilit\u00e9<\/h2>\n<p>Le format ultra-mince du PC portable Samsung Galaxy Book4 Ultra ne l&#8217;emp\u00eache pas d&#8217;offrir de hautes performances. Le Galaxy Book4 Ultra d\u00e9livre de hautes performances gr\u00e2ce \u00e0 un processeur Intel Core Ultra et gr\u00e2ce \u00e0 une puce graphique NVIDIA GeForce RTX s\u00e9rie 4000. Avec en prime un SSD rapide et un syst\u00e8me de refroidissement de pointe, ce PC portable g\u00e8re facilement les charges de travail intenses.<\/p>\n<\/div>\n<\/section>\n<section>\n<div class=\"desc-text\">\n<h2>\u00c9cran OLED 120 Hz<\/h2>\n<p>L&#8217;\u00e9cran OLED brillant du Galaxy Book4 Ultra est particuli\u00e8rement lumineux et b\u00e9n\u00e9ficie d&#8217;un excellent rendu des couleurs, pour des images riches en nuances. Avec un format 16\/10, une haute r\u00e9solution de 2880 x 1800 et une fr\u00e9quence d&#8217;image \u00e0 120 Hz, l&#8217;\u00e9cran\u00a0 tactile du Galaxy Book4 Ultra offre aussi un affichage particuli\u00e8rement fluide et riche en d\u00e9tails.<\/p>\n<\/div>\n<div class=\"desc-image\"><img decoding=\"async\" src=\"https:\/\/media.ldlc.com\/bo\/images\/fiches\/pc_portables\/samsung\/galaxy_book4_ultra\/802.jpg\" alt=\"\" \/><\/div>\n<\/section>\n<section>\n<div class=\"desc-image\"><img decoding=\"async\" src=\"https:\/\/media.ldlc.com\/bo\/images\/fiches\/pc_portables\/samsung\/galaxy_book4_ultra\/803.jpg\" alt=\"\" \/><\/div>\n<div class=\"desc-text\">\n<h2>Communication de grande qualit\u00e9<\/h2>\n<p>Le Galaxy Book4 Ultra vous permet de vivre des appels vid\u00e9o immersifs avec un son et une image de qualit\u00e9 sup\u00e9rieure. Gr\u00e2ce \u00e0 la cam\u00e9ra frontale Full HD haute r\u00e9solution, aux 4 haut-parleurs AKG compatibles Dolby Atmos et \u00e0 la technologie de r\u00e9duction de bruits environnants intelligente, c&#8217;est comme si vous y \u00e9tiez.<\/p>\n<\/div>\n<\/section>\n<section>\n<h2>Caract\u00e9ristiques principales :<\/h2>\n<ul>\n<li data-start=\"37\" data-end=\"198\"><strong data-start=\"39\" data-end=\"53\">Processeur<\/strong> Ultra 7-155H (16 Cores &#8211; 6 Performance 3.8 GHz \/ 5.0 GHz Turbo + 8 Efficient 2.5 GHz \/ 3.8 GHz Turbo + 2 Low Power &#8211; 22 Threads &#8211; Cache 24 Mo)<\/li>\n<li data-start=\"199\" data-end=\"245\"><strong data-start=\"201\" data-end=\"212\">M\u00e9moire<\/strong> 16 Go DDR5 7500 MHz (2 x 8 Go)<\/li>\n<li data-start=\"246\" data-end=\"288\"><strong data-start=\"248\" data-end=\"260\">Stockage<\/strong> SSD M.2 PCIe NVMe de 1 To<\/li>\n<li data-start=\"289\" data-end=\"357\"><strong data-start=\"291\" data-end=\"300\">\u00c9cran<\/strong> 16 pouces 2.8K (2880 x 1800) IPS, 120 Hz, format 16:10<\/li>\n<li data-start=\"358\" data-end=\"416\"><strong data-start=\"360\" data-end=\"379\">Carte graphique<\/strong> NVIDIA GeForce RTX 4050 6 Go GDDR6<\/li>\n<li data-start=\"417\" data-end=\"471\"><strong data-start=\"419\" data-end=\"444\">Connectivit\u00e9 sans fil<\/strong> Wi-Fi 6E + Bluetooth 5.3<\/li>\n<li data-start=\"472\" data-end=\"507\"><strong data-start=\"474\" data-end=\"485\">Clavier<\/strong> QWERTY r\u00e9tro\u00e9clair\u00e9<\/li>\n<li data-start=\"508\" data-end=\"600\"><strong data-start=\"510\" data-end=\"525\">Connectique<\/strong> 2x USB-C Thunderbolt 4, 1x HDMI, 1x USB-A 3.2, lecteur de cartes MicroSD<\/li>\n<li data-start=\"601\" data-end=\"655\"><strong data-start=\"603\" data-end=\"613\">Webcam<\/strong> Full HD 1080p avec microphones int\u00e9gr\u00e9s<\/li>\n<li data-start=\"656\" data-end=\"714\"><strong data-start=\"658\" data-end=\"667\">Audio<\/strong> 4 haut-parleurs avec technologie Dolby Atmos<\/li>\n<li data-start=\"715\" data-end=\"772\"><strong data-start=\"717\" data-end=\"729\">S\u00e9curit\u00e9<\/strong> Puce TPM et lecteur d\u2019empreinte digitale<\/li>\n<li data-start=\"773\" data-end=\"820\" data-is-last-node=\"\"><strong data-start=\"775\" data-end=\"801\">Syst\u00e8me d\u2019exploitation<\/strong> Windows 11 Famille<\/li>\n<li data-start=\"773\" data-end=\"820\" data-is-last-node=\"\"><strong>NEUF<\/strong> SANS EMBALLAGE<\/li>\n<\/ul>\n<\/section>\n<\/div>\n<\/div>\n","protected":false},"excerpt":{"rendered":"<p>Le\u00a0<strong>PC portable Samsung Galaxy Book4 Ultra<\/strong>\u00a0a tout pour plaire ! Avec son format mince et compact, son \u00e9cran tactile OLED de 16 pouces et ses composants tr\u00e8s performants, cet ordinateur portable Samsung vous offre la puissance, la mobilit\u00e9 et le confort visuel dont vous avez besoin pour les applications graphiques ou le divertissement num\u00e9rique.<\/p>\n<h3>Caract\u00e9ristiques principales :<\/h3>\n<ul>\n<li data-start=\"37\" data-end=\"198\"><strong data-start=\"39\" data-end=\"53\">Processeur<\/strong> Ultra 7-155H (16 Cores &#8211; 6 Performance 3.8 GHz \/ 5.0 GHz Turbo + 8 Efficient 2.5 GHz \/ 3.8 GHz Turbo + 2 Low Power &#8211; 22 Threads &#8211; Cache 24 Mo)<\/li>\n<li data-start=\"199\" data-end=\"245\"><strong data-start=\"201\" data-end=\"212\">M\u00e9moire<\/strong> 16 Go DDR5 7500 MHz (2 x 8 Go)<\/li>\n<li data-start=\"246\" data-end=\"288\"><strong data-start=\"248\" data-end=\"260\">Stockage<\/strong> SSD M.2 PCIe NVMe de 1 To<\/li>\n<li data-start=\"289\" data-end=\"357\"><strong data-start=\"291\" data-end=\"300\">\u00c9cran<\/strong> 16 pouces 2.8K (2880 x 1800) IPS, 120 Hz, format 16:10<\/li>\n<li data-start=\"358\" data-end=\"416\"><strong data-start=\"360\" data-end=\"379\">Carte graphique<\/strong> NVIDIA GeForce RTX 4050 6 Go GDDR6<\/li>\n<li data-start=\"417\" data-end=\"471\"><strong data-start=\"419\" data-end=\"444\">Connectivit\u00e9 sans fil<\/strong> Wi-Fi 6E + Bluetooth 5.3<\/li>\n<li data-start=\"472\" data-end=\"507\"><strong data-start=\"474\" data-end=\"485\">Clavier<\/strong> QWERTY r\u00e9tro\u00e9clair\u00e9<\/li>\n<li data-start=\"508\" data-end=\"600\"><strong data-start=\"510\" data-end=\"525\">Connectique<\/strong> 2x USB-C Thunderbolt 4, 1x HDMI, 1x USB-A 3.2, lecteur de cartes MicroSD<\/li>\n<li data-start=\"601\" data-end=\"655\"><strong data-start=\"603\" data-end=\"613\">Webcam<\/strong> Full HD 1080p avec microphones int\u00e9gr\u00e9s<\/li>\n<li data-start=\"656\" data-end=\"714\"><strong data-start=\"658\" data-end=\"667\">Audio<\/strong> 4 haut-parleurs avec technologie Dolby Atmos<\/li>\n<li data-start=\"715\" data-end=\"772\"><strong data-start=\"717\" data-end=\"729\">S\u00e9curit\u00e9<\/strong> Puce TPM et lecteur d\u2019empreinte digitale<\/li>\n<li data-start=\"773\" data-end=\"820\" data-is-last-node=\"\"><strong data-start=\"775\" data-end=\"801\">Syst\u00e8me d\u2019exploitation<\/strong> Windows 11 Famille<\/li>\n<li data-start=\"773\" data-end=\"820\" data-is-last-node=\"\"><strong>NEUF<\/strong> SANS EMBALLAGE<\/li>\n<\/ul>\n","protected":false},"featured_media":1014499,"template":"","meta":{"_acf_changed":false},"pwb-brand":[],"product_brand":[],"product_cat":[122,121,126],"product_tag":[],"pcb_component_type":[],"class_list":{"0":"post-14498","1":"product","2":"type-product","3":"status-publish","4":"has-post-thumbnail","6":"product_cat-gaming","7":"product_cat-pc-portable","8":"product_cat-professional","10":"first","11":"outofstock","12":"shipping-taxable","13":"product-type-simple"},"translation":{"provider":"WPGlobus","version":"3.0.2","language":"fr","enabled_languages":["en","es","de","fr","ru"],"languages":{"en":{"title":true,"content":true,"excerpt":true},"es":{"title":false,"content":false,"excerpt":false},"de":{"title":false,"content":false,"excerpt":false},"fr":{"title":false,"content":false,"excerpt":false},"ru":{"title":false,"content":false,"excerpt":false}}},"acf":[],"yoast_head":"<!-- This site is optimized with the Yoast SEO plugin v27.2 - https:\/\/yoast.com\/product\/yoast-seo-wordpress\/ -->\n<title>Samsung Galaxy Book4 Ultra 16&quot; | Ultra 7-155H | RTX 4050 6GB | 16GB DDR5 7500MHz | 1TB SSD | 2.8K 120Hz | Windows 11 - Osaka<\/title>\n<meta name=\"robots\" content=\"index, follow, max-snippet:-1, max-image-preview:large, max-video-preview:-1\" \/>\n<link rel=\"canonical\" href=\"https:\/\/osaka.ma\/product\/samsung-galaxy-book4-ultra-16-ultra-7-155h-rtx-4050-6gb-16gb-ddr5-7500mhz-1tb-ssd-2-8k-120hz-windows-11\/\" \/>\n<meta property=\"og:locale\" content=\"fr_FR\" \/>\n<meta property=\"og:type\" content=\"article\" \/>\n<meta property=\"og:title\" content=\"Samsung Galaxy Book4 Ultra 16&quot; | Ultra 7-155H | RTX 4050 6GB | 16GB DDR5 7500MHz | 1TB SSD | 2.8K 120Hz | Windows 11 - Osaka\" \/>\n<meta property=\"og:url\" content=\"https:\/\/osaka.ma\/product\/samsung-galaxy-book4-ultra-16-ultra-7-155h-rtx-4050-6gb-16gb-ddr5-7500mhz-1tb-ssd-2-8k-120hz-windows-11\/\" \/>\n<meta property=\"og:site_name\" content=\"Osaka\" \/>\n<meta property=\"article:modified_time\" content=\"2025-03-18T16:55:58+00:00\" \/>\n<meta property=\"og:image\" content=\"https:\/\/osaka.ma\/wp-content\/uploads\/2025\/03\/Samsung-Galaxy-Book4-Ultra-16-1.jpg\" \/>\n\t<meta property=\"og:image:width\" content=\"1600\" \/>\n\t<meta property=\"og:image:height\" content=\"1600\" \/>\n\t<meta property=\"og:image:type\" content=\"image\/jpeg\" \/>\n<meta name=\"twitter:card\" content=\"summary_large_image\" \/>\n<meta name=\"twitter:label1\" content=\"Dur\u00e9e de lecture estim\u00e9e\" \/>\n\t<meta name=\"twitter:data1\" content=\"3 minutes\" \/>\n<script type=\"application\/ld+json\" class=\"yoast-schema-graph\">{\"@context\":\"https:\/\/schema.org\",\"@graph\":[{\"@type\":\"WebPage\",\"@id\":\"https:\/\/osaka.ma\/product\/samsung-galaxy-book4-ultra-16-ultra-7-155h-rtx-4050-6gb-16gb-ddr5-7500mhz-1tb-ssd-2-8k-120hz-windows-11\/\",\"url\":\"https:\/\/osaka.ma\/product\/samsung-galaxy-book4-ultra-16-ultra-7-155h-rtx-4050-6gb-16gb-ddr5-7500mhz-1tb-ssd-2-8k-120hz-windows-11\/\",\"name\":\"Samsung Galaxy Book4 Ultra 16\\\" | Ultra 7-155H | RTX 4050 6GB | 16GB DDR5 7500MHz | 1TB SSD | 2.8K 120Hz | Windows 11 - Osaka\",\"isPartOf\":{\"@id\":\"https:\/\/osaka.ma\/#website\"},\"primaryImageOfPage\":{\"@id\":\"https:\/\/osaka.ma\/product\/samsung-galaxy-book4-ultra-16-ultra-7-155h-rtx-4050-6gb-16gb-ddr5-7500mhz-1tb-ssd-2-8k-120hz-windows-11\/#primaryimage\"},\"image\":{\"@id\":\"https:\/\/osaka.ma\/product\/samsung-galaxy-book4-ultra-16-ultra-7-155h-rtx-4050-6gb-16gb-ddr5-7500mhz-1tb-ssd-2-8k-120hz-windows-11\/#primaryimage\"},\"thumbnailUrl\":\"https:\/\/osaka.ma\/wp-content\/uploads\/2025\/03\/Samsung-Galaxy-Book4-Ultra-16-1.jpg\",\"datePublished\":\"2025-03-12T09:57:34+00:00\",\"dateModified\":\"2025-03-18T16:55:58+00:00\",\"breadcrumb\":{\"@id\":\"https:\/\/osaka.ma\/product\/samsung-galaxy-book4-ultra-16-ultra-7-155h-rtx-4050-6gb-16gb-ddr5-7500mhz-1tb-ssd-2-8k-120hz-windows-11\/#breadcrumb\"},\"inLanguage\":\"fr-FR\",\"potentialAction\":[{\"@type\":\"ReadAction\",\"target\":[\"https:\/\/osaka.ma\/product\/samsung-galaxy-book4-ultra-16-ultra-7-155h-rtx-4050-6gb-16gb-ddr5-7500mhz-1tb-ssd-2-8k-120hz-windows-11\/\"]}]},{\"@type\":\"ImageObject\",\"inLanguage\":\"fr-FR\",\"@id\":\"https:\/\/osaka.ma\/product\/samsung-galaxy-book4-ultra-16-ultra-7-155h-rtx-4050-6gb-16gb-ddr5-7500mhz-1tb-ssd-2-8k-120hz-windows-11\/#primaryimage\",\"url\":\"https:\/\/osaka.ma\/wp-content\/uploads\/2025\/03\/Samsung-Galaxy-Book4-Ultra-16-1.jpg\",\"contentUrl\":\"https:\/\/osaka.ma\/wp-content\/uploads\/2025\/03\/Samsung-Galaxy-Book4-Ultra-16-1.jpg\",\"width\":1600,\"height\":1600},{\"@type\":\"BreadcrumbList\",\"@id\":\"https:\/\/osaka.ma\/product\/samsung-galaxy-book4-ultra-16-ultra-7-155h-rtx-4050-6gb-16gb-ddr5-7500mhz-1tb-ssd-2-8k-120hz-windows-11\/#breadcrumb\",\"itemListElement\":[{\"@type\":\"ListItem\",\"position\":1,\"name\":\"Home\",\"item\":\"https:\/\/osaka.ma\/\"},{\"@type\":\"ListItem\",\"position\":2,\"name\":\"Shop\",\"item\":\"https:\/\/osaka.ma\/shop-2\/\"},{\"@type\":\"ListItem\",\"position\":3,\"name\":\"Samsung Galaxy Book4 Ultra 16&#8243; | Ultra 7-155H | RTX 4050 6GB | 16GB DDR5 7500MHz | 1TB SSD | 2.8K 120Hz | Windows 11\"}]},{\"@type\":\"WebSite\",\"@id\":\"https:\/\/osaka.ma\/#website\",\"url\":\"https:\/\/osaka.ma\/\",\"name\":\"Osaka\",\"description\":\"\",\"publisher\":{\"@id\":\"https:\/\/osaka.ma\/#organization\"},\"potentialAction\":[{\"@type\":\"SearchAction\",\"target\":{\"@type\":\"EntryPoint\",\"urlTemplate\":\"https:\/\/osaka.ma\/?s={search_term_string}\"},\"query-input\":{\"@type\":\"PropertyValueSpecification\",\"valueRequired\":true,\"valueName\":\"search_term_string\"}}],\"inLanguage\":\"fr-FR\"},{\"@type\":\"Organization\",\"@id\":\"https:\/\/osaka.ma\/#organization\",\"name\":\"Osaka\",\"url\":\"https:\/\/osaka.ma\/\",\"logo\":{\"@type\":\"ImageObject\",\"inLanguage\":\"fr-FR\",\"@id\":\"https:\/\/osaka.ma\/#\/schema\/logo\/image\/\",\"url\":\"https:\/\/osaka.ma\/wp-content\/uploads\/2026\/01\/model-slogan-logo-2Plan-de-travail-1dksl-plus-finnn.png\",\"contentUrl\":\"https:\/\/osaka.ma\/wp-content\/uploads\/2026\/01\/model-slogan-logo-2Plan-de-travail-1dksl-plus-finnn.png\",\"width\":842,\"height\":226,\"caption\":\"Osaka\"},\"image\":{\"@id\":\"https:\/\/osaka.ma\/#\/schema\/logo\/image\/\"}}]}<\/script>\n<!-- \/ Yoast SEO plugin. -->","yoast_head_json":{"title":"Samsung Galaxy Book4 Ultra 16\" | Ultra 7-155H | RTX 4050 6GB | 16GB DDR5 7500MHz | 1TB SSD | 2.8K 120Hz | Windows 11 - Osaka","robots":{"index":"index","follow":"follow","max-snippet":"max-snippet:-1","max-image-preview":"max-image-preview:large","max-video-preview":"max-video-preview:-1"},"canonical":"https:\/\/osaka.ma\/product\/samsung-galaxy-book4-ultra-16-ultra-7-155h-rtx-4050-6gb-16gb-ddr5-7500mhz-1tb-ssd-2-8k-120hz-windows-11\/","og_locale":"fr_FR","og_type":"article","og_title":"Samsung Galaxy Book4 Ultra 16\" | Ultra 7-155H | RTX 4050 6GB | 16GB DDR5 7500MHz | 1TB SSD | 2.8K 120Hz | Windows 11 - Osaka","og_url":"https:\/\/osaka.ma\/product\/samsung-galaxy-book4-ultra-16-ultra-7-155h-rtx-4050-6gb-16gb-ddr5-7500mhz-1tb-ssd-2-8k-120hz-windows-11\/","og_site_name":"Osaka","article_modified_time":"2025-03-18T16:55:58+00:00","og_image":[{"width":1600,"height":1600,"url":"https:\/\/osaka.ma\/wp-content\/uploads\/2025\/03\/Samsung-Galaxy-Book4-Ultra-16-1.jpg","type":"image\/jpeg"}],"twitter_card":"summary_large_image","twitter_misc":{"Dur\u00e9e de lecture estim\u00e9e":"3 minutes"},"schema":{"@context":"https:\/\/schema.org","@graph":[{"@type":"WebPage","@id":"https:\/\/osaka.ma\/product\/samsung-galaxy-book4-ultra-16-ultra-7-155h-rtx-4050-6gb-16gb-ddr5-7500mhz-1tb-ssd-2-8k-120hz-windows-11\/","url":"https:\/\/osaka.ma\/product\/samsung-galaxy-book4-ultra-16-ultra-7-155h-rtx-4050-6gb-16gb-ddr5-7500mhz-1tb-ssd-2-8k-120hz-windows-11\/","name":"Samsung Galaxy Book4 Ultra 16\" | Ultra 7-155H | RTX 4050 6GB | 16GB DDR5 7500MHz | 1TB SSD | 2.8K 120Hz | Windows 11 - Osaka","isPartOf":{"@id":"https:\/\/osaka.ma\/#website"},"primaryImageOfPage":{"@id":"https:\/\/osaka.ma\/product\/samsung-galaxy-book4-ultra-16-ultra-7-155h-rtx-4050-6gb-16gb-ddr5-7500mhz-1tb-ssd-2-8k-120hz-windows-11\/#primaryimage"},"image":{"@id":"https:\/\/osaka.ma\/product\/samsung-galaxy-book4-ultra-16-ultra-7-155h-rtx-4050-6gb-16gb-ddr5-7500mhz-1tb-ssd-2-8k-120hz-windows-11\/#primaryimage"},"thumbnailUrl":"https:\/\/osaka.ma\/wp-content\/uploads\/2025\/03\/Samsung-Galaxy-Book4-Ultra-16-1.jpg","datePublished":"2025-03-12T09:57:34+00:00","dateModified":"2025-03-18T16:55:58+00:00","breadcrumb":{"@id":"https:\/\/osaka.ma\/product\/samsung-galaxy-book4-ultra-16-ultra-7-155h-rtx-4050-6gb-16gb-ddr5-7500mhz-1tb-ssd-2-8k-120hz-windows-11\/#breadcrumb"},"inLanguage":"fr-FR","potentialAction":[{"@type":"ReadAction","target":["https:\/\/osaka.ma\/product\/samsung-galaxy-book4-ultra-16-ultra-7-155h-rtx-4050-6gb-16gb-ddr5-7500mhz-1tb-ssd-2-8k-120hz-windows-11\/"]}]},{"@type":"ImageObject","inLanguage":"fr-FR","@id":"https:\/\/osaka.ma\/product\/samsung-galaxy-book4-ultra-16-ultra-7-155h-rtx-4050-6gb-16gb-ddr5-7500mhz-1tb-ssd-2-8k-120hz-windows-11\/#primaryimage","url":"https:\/\/osaka.ma\/wp-content\/uploads\/2025\/03\/Samsung-Galaxy-Book4-Ultra-16-1.jpg","contentUrl":"https:\/\/osaka.ma\/wp-content\/uploads\/2025\/03\/Samsung-Galaxy-Book4-Ultra-16-1.jpg","width":1600,"height":1600},{"@type":"BreadcrumbList","@id":"https:\/\/osaka.ma\/product\/samsung-galaxy-book4-ultra-16-ultra-7-155h-rtx-4050-6gb-16gb-ddr5-7500mhz-1tb-ssd-2-8k-120hz-windows-11\/#breadcrumb","itemListElement":[{"@type":"ListItem","position":1,"name":"Home","item":"https:\/\/osaka.ma\/"},{"@type":"ListItem","position":2,"name":"Shop","item":"https:\/\/osaka.ma\/shop-2\/"},{"@type":"ListItem","position":3,"name":"Samsung Galaxy Book4 Ultra 16&#8243; | Ultra 7-155H | RTX 4050 6GB | 16GB DDR5 7500MHz | 1TB SSD | 2.8K 120Hz | Windows 11"}]},{"@type":"WebSite","@id":"https:\/\/osaka.ma\/#website","url":"https:\/\/osaka.ma\/","name":"Osaka","description":"","publisher":{"@id":"https:\/\/osaka.ma\/#organization"},"potentialAction":[{"@type":"SearchAction","target":{"@type":"EntryPoint","urlTemplate":"https:\/\/osaka.ma\/?s={search_term_string}"},"query-input":{"@type":"PropertyValueSpecification","valueRequired":true,"valueName":"search_term_string"}}],"inLanguage":"fr-FR"},{"@type":"Organization","@id":"https:\/\/osaka.ma\/#organization","name":"Osaka","url":"https:\/\/osaka.ma\/","logo":{"@type":"ImageObject","inLanguage":"fr-FR","@id":"https:\/\/osaka.ma\/#\/schema\/logo\/image\/","url":"https:\/\/osaka.ma\/wp-content\/uploads\/2026\/01\/model-slogan-logo-2Plan-de-travail-1dksl-plus-finnn.png","contentUrl":"https:\/\/osaka.ma\/wp-content\/uploads\/2026\/01\/model-slogan-logo-2Plan-de-travail-1dksl-plus-finnn.png","width":842,"height":226,"caption":"Osaka"},"image":{"@id":"https:\/\/osaka.ma\/#\/schema\/logo\/image\/"}}]}},"jetpack_sharing_enabled":true,"brands":[],"_links":{"self":[{"href":"https:\/\/osaka.ma\/fr\/wp-json\/wp\/v2\/product\/14498","targetHints":{"allow":["GET"]}}],"collection":[{"href":"https:\/\/osaka.ma\/fr\/wp-json\/wp\/v2\/product"}],"about":[{"href":"https:\/\/osaka.ma\/fr\/wp-json\/wp\/v2\/types\/product"}],"version-history":[{"count":0,"href":"https:\/\/osaka.ma\/fr\/wp-json\/wp\/v2\/product\/14498\/revisions"}],"wp:featuredmedia":[{"embeddable":true,"href":"https:\/\/osaka.ma\/fr\/wp-json\/wp\/v2\/media\/1014499"}],"wp:attachment":[{"href":"https:\/\/osaka.ma\/fr\/wp-json\/wp\/v2\/media?parent=14498"}],"wp:term":[{"taxonomy":"pwb-brand","embeddable":true,"href":"https:\/\/osaka.ma\/fr\/wp-json\/wp\/v2\/pwb-brand?post=14498"},{"taxonomy":"product_brand","embeddable":true,"href":"https:\/\/osaka.ma\/fr\/wp-json\/wp\/v2\/product_brand?post=14498"},{"taxonomy":"product_cat","embeddable":true,"href":"https:\/\/osaka.ma\/fr\/wp-json\/wp\/v2\/product_cat?post=14498"},{"taxonomy":"product_tag","embeddable":true,"href":"https:\/\/osaka.ma\/fr\/wp-json\/wp\/v2\/product_tag?post=14498"},{"taxonomy":"pcb_component_type","embeddable":true,"href":"https:\/\/osaka.ma\/fr\/wp-json\/wp\/v2\/pcb_component_type?post=14498"}],"curies":[{"name":"wp","href":"https:\/\/api.w.org\/{rel}","templated":true}]}}