{"id":14612,"date":"2025-03-17T12:18:56","date_gmt":"2025-03-17T12:18:56","guid":{"rendered":"https:\/\/osaka.ma\/?post_type=product&#038;p=14612"},"modified":"2025-04-12T11:53:11","modified_gmt":"2025-04-12T11:53:11","slug":"asus-dual-geforce-gtx-1660-super-oc-edition-gddr6-6-go-occasion","status":"publish","type":"product","link":"https:\/\/osaka.ma\/fr\/product\/asus-dual-geforce-gtx-1660-super-oc-edition-gddr6-6-go-occasion\/","title":{"rendered":"ASUS Dual GeForce\u00ae GTX 1660 SUPER\u2122 OC Edition GDDR6  6 Go OCCASION"},"content":{"rendered":"<div class=\"logo\"><a href=\"https:\/\/www.ldlc.com\/asus\/bint000000806\/\" rel=\"nofollow noopener\" target=\"_blank\"><img decoding=\"async\" src=\"https:\/\/media.ldlc.com\/v3\/marque\/bo\/00\/05\/62\/42\/V30005624251_2.jpg\" alt=\"ASUS\" \/><\/a><\/div>\n<div id=\"description\" class=\"description\">\n<div class=\"details-pdt-desc\">\n<h2 class=\"h2-master\">Boostez vos performances de jeu avec NVIDIA GeForce GTX 1660 SUPER<\/h2>\n<section>La\u00a0<strong>ASUS GeForce GTX 1660 SUPER DUAL-GTX1660S-O6G-EVO\u00a0<\/strong>est une\u00a0<strong>carte graphique gaming abordable\u00a0<\/strong>bas\u00e9e sur l&#8217;architecture GPU\u00a0<em>NVIDIA Turing<\/em>. Version am\u00e9lior\u00e9e de la GTX 1660 (avec plus de processeurs de flux, des fr\u00e9quences plus \u00e9lev\u00e9es\u00a0et une bande passante m\u00e9moire plus large),\u00a0elle s&#8217;appuie sur la puce graphique\u00a0<strong>TU116<\/strong>, de la\u00a0<strong>VRAM GDDR6<\/strong>, une\u00a0<strong>interface m\u00e9moire<\/strong>\u00a0<strong>192 bits\u00a0<\/strong>et\u00a0<strong>1408 Cores CUDA<\/strong>. Plus performante que son ain\u00e9e, elle ambitionne tout simplement de vous permettre de jouer \u00e0 vos jeux PC pr\u00e9f\u00e9r\u00e9s en haute r\u00e9solution avec un niveau de d\u00e9tail \u00e9lev\u00e9.<\/section>\n<section>\n<div class=\"desc-image\"><img decoding=\"async\" src=\"https:\/\/media.ldlc.com\/bo\/images\/fiches\/Carte_graphique\/NVIDIA_GeForce_GTX_16\/dual_gtx1660_ti.jpg\" alt=\"\" \/><\/div>\n<div class=\"desc-text\">\n<h2>Dual Fan et Overclocking<\/h2>\n<p>La\u00a0<strong>carte graphique\u00a0ASUS GeForce GTX 1660 SUPER DUAL-GTX1660S-O6G-EVO\u00a0<\/strong>est overclock\u00e9e d&#8217;usine, elle propose nativement des fr\u00e9quences de fonctionnement plus \u00e9lev\u00e9es que celles des mod\u00e8les de base. Le refroidissement du GPU est assur\u00e9 par la technologie exclusice ASUS\u00a0Axial-tech Fan Design.<\/p>\n<ul>\n<li>Syst\u00e8me de refroidissement exclusif\u00a0ASUS\u00a0Axial-tech Fan Design<\/li>\n<li>Compatible 4K, HDR,\u00a0VR Ready,\u00a0NVIDIA Ansel et NVIDIA G-Sync<\/li>\n<li>Conception ASUS Auto-Extreme Technology<\/li>\n<li>Utilitaire d&#8217;overclocking et de gestion GPU Tweak II<\/li>\n<li>0dB Technology pour un refroidissement silencieux lorsque la carte est peu sollicit\u00e9e<\/li>\n<li>Backplate rigide au dos du PCB<\/li>\n<\/ul>\n<\/div>\n<\/section>\n<section>\n<div class=\"desc-text\">\n<h2>Rendu graphique et performances exceptionnels<\/h2>\n<p>La<strong>\u00a0carte\u00a0graphique\u00a0GeForce\u00a0GTX 1660 SUPER\u00a0<\/strong>met \u00e0 votre disposition les performances graphiques r\u00e9volutionnaires de l\u2019architecture NVIDIA Turing.\u00a0Gr\u00e2ce \u00e0 ses performances foudroyantes elle\u00a0vous offre\u00a0un rendu graphique ultra-rapide dans les meilleurs jeux du moment, y compris les plus r\u00e9cents.\u00a0Les cartes graphiques de la\u00a0<strong>s\u00e9rie GTX 16<\/strong>\u00a0b\u00e9n\u00e9ficie l&#8217;architecture Turing\u00a0via le\u00a0<strong>GPU TU116<\/strong>\u00a0grav\u00e9 en 12 nm. Con\u00e7ues pour les joueurs \u00e0 la recherche de performances graphiques de premier plan, sans se ruiner pour autant, les Geforce GTX connues et reconnues mondialement sont de retour ! Cette nouvelle it\u00e9ration sobrement baptis\u00e9e &#8220;<strong>s\u00e9rie 16<\/strong>&#8221; d\u00e9barque pour le plus grand bonheur des gamers.<\/p>\n<\/div>\n<div class=\"desc-image\"><img decoding=\"async\" src=\"https:\/\/media.ldlc.com\/bo\/images\/fiches\/Carte_graphique\/nvidia_geforce_gtx_1660_001.jpg\" alt=\"\" \/><\/div>\n<\/section>\n<section>\n<div class=\"desc-image\"><img decoding=\"async\" src=\"https:\/\/media.ldlc.com\/bo\/images\/fiches\/Carte_graphique\/NVIDIA_GeForce_RTX\/1660TI\/800_2.jpg\" alt=\"\" \/><\/div>\n<div class=\"desc-text\">\n<h2>GeForce Experience<\/h2>\n<p>Enregistrez et partagez des vid\u00e9os, des captures d&#8217;\u00e9cran et des livestreams avec vos amis. Actualisez rapidement vos\u00a0pilotes GeForce. Optimisez vos param\u00e8tres de jeu.\u00a0GeForce Experience\u00a0vous offre d&#8217;innombrables possibilit\u00e9s. C&#8217;est le compl\u00e9ment essentiel \u00e0 votre carte graphique GeForce.\u00a0B\u00e9n\u00e9ficiez de performances incroyables et d\u2019une qualit\u00e9 d\u2019image extraordinaire pour vos livestreams sur Twitch ou YouTube. Les\u00a0<strong>GTX 1660 SUPER\u00a0<\/strong>embarquent un encodeur mat\u00e9riel d\u00e9di\u00e9 sp\u00e9cialement optimis\u00e9 pour le logiciel Open Broadcaster Software (OBS), qui offre un rendement \u00e9nerg\u00e9tique 15% plus efficace que les cartes graphiques de g\u00e9n\u00e9ration pr\u00e9c\u00e9dente.<\/p>\n<\/div>\n<\/section>\n<\/div>\n<\/div>\n","protected":false},"excerpt":{"rendered":"<p>La\u00a0<strong>ASUS GeForce GTX 1660 SUPER DUAL-GTX1660S-O6G-EVO\u00a0<\/strong>est une\u00a0<strong>carte graphique gaming abordable\u00a0<\/strong>bas\u00e9e sur l&#8217;architecture GPU\u00a0<em>NVIDIA Turing<\/em>. Version am\u00e9lior\u00e9e de la GTX 1660 (avec plus de processeurs de flux, des fr\u00e9quences plus \u00e9lev\u00e9es\u00a0et une bande passante m\u00e9moire plus large),\u00a0elle s&#8217;appuie sur la puce graphique\u00a0<strong>TU116<\/strong>, de la\u00a0<strong>VRAM GDDR6<\/strong>, une\u00a0<strong>interface m\u00e9moire<\/strong>\u00a0<strong>192 bits\u00a0<\/strong>et\u00a0<strong>1408 Cores CUDA<\/strong>. Plus performante que son ain\u00e9e, elle ambitionne tout simplement de vous permettre de jouer \u00e0 vos jeux PC pr\u00e9f\u00e9r\u00e9s en haute r\u00e9solution avec un niveau de d\u00e9tail \u00e9lev\u00e9.<\/p>\n","protected":false},"featured_media":1014613,"template":"","meta":{"_acf_changed":false},"pwb-brand":[],"product_brand":[],"product_cat":[24,17,26],"product_tag":[],"pcb_component_type":[],"class_list":{"0":"post-14612","1":"product","2":"type-product","3":"status-publish","4":"has-post-thumbnail","6":"product_cat-cartes-graphiques","7":"product_cat-composants-gaming","8":"product_cat-nvidia","10":"first","11":"outofstock","12":"shipping-taxable","13":"product-type-simple"},"translation":{"provider":"WPGlobus","version":"3.0.2","language":"fr","enabled_languages":["en","es","de","fr","ru"],"languages":{"en":{"title":true,"content":true,"excerpt":true},"es":{"title":false,"content":false,"excerpt":false},"de":{"title":false,"content":false,"excerpt":false},"fr":{"title":false,"content":false,"excerpt":false},"ru":{"title":false,"content":false,"excerpt":false}}},"acf":[],"yoast_head":"<!-- This site is optimized with the Yoast SEO plugin v27.2 - https:\/\/yoast.com\/product\/yoast-seo-wordpress\/ -->\n<title>ASUS Dual GeForce\u00ae GTX 1660 SUPER\u2122 OC Edition GDDR6 6 Go OCCASION - Osaka<\/title>\n<meta name=\"robots\" content=\"index, follow, max-snippet:-1, max-image-preview:large, max-video-preview:-1\" \/>\n<link rel=\"canonical\" href=\"https:\/\/osaka.ma\/es\/product\/asus-dual-geforce-gtx-1660-super-oc-edition-gddr6-6-go-occasion\/\" \/>\n<meta property=\"og:locale\" content=\"fr_FR\" \/>\n<meta property=\"og:type\" content=\"article\" \/>\n<meta property=\"og:title\" content=\"ASUS Dual GeForce\u00ae GTX 1660 SUPER\u2122 OC Edition GDDR6 6 Go OCCASION - Osaka\" \/>\n<meta property=\"og:url\" content=\"https:\/\/osaka.ma\/es\/product\/asus-dual-geforce-gtx-1660-super-oc-edition-gddr6-6-go-occasion\/\" \/>\n<meta property=\"og:site_name\" content=\"Osaka\" \/>\n<meta property=\"article:modified_time\" content=\"2025-04-12T11:53:11+00:00\" \/>\n<meta property=\"og:image\" content=\"https:\/\/osaka.ma\/wp-content\/uploads\/2025\/03\/rsw0qtoqfmpvzrpr_setting_xxx_0_90_end_800.png\" \/>\n\t<meta property=\"og:image:width\" content=\"800\" \/>\n\t<meta property=\"og:image:height\" content=\"800\" \/>\n\t<meta property=\"og:image:type\" content=\"image\/png\" \/>\n<meta name=\"twitter:card\" content=\"summary_large_image\" \/>\n<meta name=\"twitter:label1\" content=\"Dur\u00e9e de lecture estim\u00e9e\" \/>\n\t<meta name=\"twitter:data1\" content=\"3 minutes\" \/>\n<script type=\"application\/ld+json\" class=\"yoast-schema-graph\">{\"@context\":\"https:\/\/schema.org\",\"@graph\":[{\"@type\":\"WebPage\",\"@id\":\"https:\/\/osaka.ma\/es\/product\/asus-dual-geforce-gtx-1660-super-oc-edition-gddr6-6-go-occasion\/\",\"url\":\"https:\/\/osaka.ma\/es\/product\/asus-dual-geforce-gtx-1660-super-oc-edition-gddr6-6-go-occasion\/\",\"name\":\"ASUS Dual GeForce\u00ae GTX 1660 SUPER\u2122 OC Edition GDDR6 6 Go OCCASION - Osaka\",\"isPartOf\":{\"@id\":\"https:\/\/osaka.ma\/#website\"},\"primaryImageOfPage\":{\"@id\":\"https:\/\/osaka.ma\/es\/product\/asus-dual-geforce-gtx-1660-super-oc-edition-gddr6-6-go-occasion\/#primaryimage\"},\"image\":{\"@id\":\"https:\/\/osaka.ma\/es\/product\/asus-dual-geforce-gtx-1660-super-oc-edition-gddr6-6-go-occasion\/#primaryimage\"},\"thumbnailUrl\":\"https:\/\/osaka.ma\/wp-content\/uploads\/2025\/03\/rsw0qtoqfmpvzrpr_setting_xxx_0_90_end_800.png\",\"datePublished\":\"2025-03-17T12:18:56+00:00\",\"dateModified\":\"2025-04-12T11:53:11+00:00\",\"breadcrumb\":{\"@id\":\"https:\/\/osaka.ma\/es\/product\/asus-dual-geforce-gtx-1660-super-oc-edition-gddr6-6-go-occasion\/#breadcrumb\"},\"inLanguage\":\"fr-FR\",\"potentialAction\":[{\"@type\":\"ReadAction\",\"target\":[\"https:\/\/osaka.ma\/es\/product\/asus-dual-geforce-gtx-1660-super-oc-edition-gddr6-6-go-occasion\/\"]}]},{\"@type\":\"ImageObject\",\"inLanguage\":\"fr-FR\",\"@id\":\"https:\/\/osaka.ma\/es\/product\/asus-dual-geforce-gtx-1660-super-oc-edition-gddr6-6-go-occasion\/#primaryimage\",\"url\":\"https:\/\/osaka.ma\/wp-content\/uploads\/2025\/03\/rsw0qtoqfmpvzrpr_setting_xxx_0_90_end_800.png\",\"contentUrl\":\"https:\/\/osaka.ma\/wp-content\/uploads\/2025\/03\/rsw0qtoqfmpvzrpr_setting_xxx_0_90_end_800.png\",\"width\":800,\"height\":800},{\"@type\":\"BreadcrumbList\",\"@id\":\"https:\/\/osaka.ma\/es\/product\/asus-dual-geforce-gtx-1660-super-oc-edition-gddr6-6-go-occasion\/#breadcrumb\",\"itemListElement\":[{\"@type\":\"ListItem\",\"position\":1,\"name\":\"Home\",\"item\":\"https:\/\/osaka.ma\/\"},{\"@type\":\"ListItem\",\"position\":2,\"name\":\"Shop\",\"item\":\"https:\/\/osaka.ma\/shop-2\/\"},{\"@type\":\"ListItem\",\"position\":3,\"name\":\"ASUS Dual GeForce\u00ae GTX 1660 SUPER\u2122 OC Edition GDDR6 6 Go OCCASION\"}]},{\"@type\":\"WebSite\",\"@id\":\"https:\/\/osaka.ma\/#website\",\"url\":\"https:\/\/osaka.ma\/\",\"name\":\"Osaka\",\"description\":\"\",\"publisher\":{\"@id\":\"https:\/\/osaka.ma\/#organization\"},\"potentialAction\":[{\"@type\":\"SearchAction\",\"target\":{\"@type\":\"EntryPoint\",\"urlTemplate\":\"https:\/\/osaka.ma\/?s={search_term_string}\"},\"query-input\":{\"@type\":\"PropertyValueSpecification\",\"valueRequired\":true,\"valueName\":\"search_term_string\"}}],\"inLanguage\":\"fr-FR\"},{\"@type\":\"Organization\",\"@id\":\"https:\/\/osaka.ma\/#organization\",\"name\":\"Osaka\",\"url\":\"https:\/\/osaka.ma\/\",\"logo\":{\"@type\":\"ImageObject\",\"inLanguage\":\"fr-FR\",\"@id\":\"https:\/\/osaka.ma\/#\/schema\/logo\/image\/\",\"url\":\"https:\/\/osaka.ma\/wp-content\/uploads\/2026\/01\/model-slogan-logo-2Plan-de-travail-1dksl-plus-finnn.png\",\"contentUrl\":\"https:\/\/osaka.ma\/wp-content\/uploads\/2026\/01\/model-slogan-logo-2Plan-de-travail-1dksl-plus-finnn.png\",\"width\":842,\"height\":226,\"caption\":\"Osaka\"},\"image\":{\"@id\":\"https:\/\/osaka.ma\/#\/schema\/logo\/image\/\"}}]}<\/script>\n<!-- \/ Yoast SEO plugin. -->","yoast_head_json":{"title":"ASUS Dual GeForce\u00ae GTX 1660 SUPER\u2122 OC Edition GDDR6 6 Go OCCASION - Osaka","robots":{"index":"index","follow":"follow","max-snippet":"max-snippet:-1","max-image-preview":"max-image-preview:large","max-video-preview":"max-video-preview:-1"},"canonical":"https:\/\/osaka.ma\/es\/product\/asus-dual-geforce-gtx-1660-super-oc-edition-gddr6-6-go-occasion\/","og_locale":"fr_FR","og_type":"article","og_title":"ASUS Dual GeForce\u00ae GTX 1660 SUPER\u2122 OC Edition GDDR6 6 Go OCCASION - Osaka","og_url":"https:\/\/osaka.ma\/es\/product\/asus-dual-geforce-gtx-1660-super-oc-edition-gddr6-6-go-occasion\/","og_site_name":"Osaka","article_modified_time":"2025-04-12T11:53:11+00:00","og_image":[{"width":800,"height":800,"url":"https:\/\/osaka.ma\/wp-content\/uploads\/2025\/03\/rsw0qtoqfmpvzrpr_setting_xxx_0_90_end_800.png","type":"image\/png"}],"twitter_card":"summary_large_image","twitter_misc":{"Dur\u00e9e de lecture estim\u00e9e":"3 minutes"},"schema":{"@context":"https:\/\/schema.org","@graph":[{"@type":"WebPage","@id":"https:\/\/osaka.ma\/es\/product\/asus-dual-geforce-gtx-1660-super-oc-edition-gddr6-6-go-occasion\/","url":"https:\/\/osaka.ma\/es\/product\/asus-dual-geforce-gtx-1660-super-oc-edition-gddr6-6-go-occasion\/","name":"ASUS Dual GeForce\u00ae GTX 1660 SUPER\u2122 OC Edition GDDR6 6 Go OCCASION - Osaka","isPartOf":{"@id":"https:\/\/osaka.ma\/#website"},"primaryImageOfPage":{"@id":"https:\/\/osaka.ma\/es\/product\/asus-dual-geforce-gtx-1660-super-oc-edition-gddr6-6-go-occasion\/#primaryimage"},"image":{"@id":"https:\/\/osaka.ma\/es\/product\/asus-dual-geforce-gtx-1660-super-oc-edition-gddr6-6-go-occasion\/#primaryimage"},"thumbnailUrl":"https:\/\/osaka.ma\/wp-content\/uploads\/2025\/03\/rsw0qtoqfmpvzrpr_setting_xxx_0_90_end_800.png","datePublished":"2025-03-17T12:18:56+00:00","dateModified":"2025-04-12T11:53:11+00:00","breadcrumb":{"@id":"https:\/\/osaka.ma\/es\/product\/asus-dual-geforce-gtx-1660-super-oc-edition-gddr6-6-go-occasion\/#breadcrumb"},"inLanguage":"fr-FR","potentialAction":[{"@type":"ReadAction","target":["https:\/\/osaka.ma\/es\/product\/asus-dual-geforce-gtx-1660-super-oc-edition-gddr6-6-go-occasion\/"]}]},{"@type":"ImageObject","inLanguage":"fr-FR","@id":"https:\/\/osaka.ma\/es\/product\/asus-dual-geforce-gtx-1660-super-oc-edition-gddr6-6-go-occasion\/#primaryimage","url":"https:\/\/osaka.ma\/wp-content\/uploads\/2025\/03\/rsw0qtoqfmpvzrpr_setting_xxx_0_90_end_800.png","contentUrl":"https:\/\/osaka.ma\/wp-content\/uploads\/2025\/03\/rsw0qtoqfmpvzrpr_setting_xxx_0_90_end_800.png","width":800,"height":800},{"@type":"BreadcrumbList","@id":"https:\/\/osaka.ma\/es\/product\/asus-dual-geforce-gtx-1660-super-oc-edition-gddr6-6-go-occasion\/#breadcrumb","itemListElement":[{"@type":"ListItem","position":1,"name":"Home","item":"https:\/\/osaka.ma\/"},{"@type":"ListItem","position":2,"name":"Shop","item":"https:\/\/osaka.ma\/shop-2\/"},{"@type":"ListItem","position":3,"name":"ASUS Dual GeForce\u00ae GTX 1660 SUPER\u2122 OC Edition GDDR6 6 Go OCCASION"}]},{"@type":"WebSite","@id":"https:\/\/osaka.ma\/#website","url":"https:\/\/osaka.ma\/","name":"Osaka","description":"","publisher":{"@id":"https:\/\/osaka.ma\/#organization"},"potentialAction":[{"@type":"SearchAction","target":{"@type":"EntryPoint","urlTemplate":"https:\/\/osaka.ma\/?s={search_term_string}"},"query-input":{"@type":"PropertyValueSpecification","valueRequired":true,"valueName":"search_term_string"}}],"inLanguage":"fr-FR"},{"@type":"Organization","@id":"https:\/\/osaka.ma\/#organization","name":"Osaka","url":"https:\/\/osaka.ma\/","logo":{"@type":"ImageObject","inLanguage":"fr-FR","@id":"https:\/\/osaka.ma\/#\/schema\/logo\/image\/","url":"https:\/\/osaka.ma\/wp-content\/uploads\/2026\/01\/model-slogan-logo-2Plan-de-travail-1dksl-plus-finnn.png","contentUrl":"https:\/\/osaka.ma\/wp-content\/uploads\/2026\/01\/model-slogan-logo-2Plan-de-travail-1dksl-plus-finnn.png","width":842,"height":226,"caption":"Osaka"},"image":{"@id":"https:\/\/osaka.ma\/#\/schema\/logo\/image\/"}}]}},"jetpack_sharing_enabled":true,"brands":[],"_links":{"self":[{"href":"https:\/\/osaka.ma\/fr\/wp-json\/wp\/v2\/product\/14612","targetHints":{"allow":["GET"]}}],"collection":[{"href":"https:\/\/osaka.ma\/fr\/wp-json\/wp\/v2\/product"}],"about":[{"href":"https:\/\/osaka.ma\/fr\/wp-json\/wp\/v2\/types\/product"}],"version-history":[{"count":0,"href":"https:\/\/osaka.ma\/fr\/wp-json\/wp\/v2\/product\/14612\/revisions"}],"wp:featuredmedia":[{"embeddable":true,"href":"https:\/\/osaka.ma\/fr\/wp-json\/wp\/v2\/media\/1014613"}],"wp:attachment":[{"href":"https:\/\/osaka.ma\/fr\/wp-json\/wp\/v2\/media?parent=14612"}],"wp:term":[{"taxonomy":"pwb-brand","embeddable":true,"href":"https:\/\/osaka.ma\/fr\/wp-json\/wp\/v2\/pwb-brand?post=14612"},{"taxonomy":"product_brand","embeddable":true,"href":"https:\/\/osaka.ma\/fr\/wp-json\/wp\/v2\/product_brand?post=14612"},{"taxonomy":"product_cat","embeddable":true,"href":"https:\/\/osaka.ma\/fr\/wp-json\/wp\/v2\/product_cat?post=14612"},{"taxonomy":"product_tag","embeddable":true,"href":"https:\/\/osaka.ma\/fr\/wp-json\/wp\/v2\/product_tag?post=14612"},{"taxonomy":"pcb_component_type","embeddable":true,"href":"https:\/\/osaka.ma\/fr\/wp-json\/wp\/v2\/pcb_component_type?post=14612"}],"curies":[{"name":"wp","href":"https:\/\/api.w.org\/{rel}","templated":true}]}}