{"id":14708,"date":"2025-03-19T14:50:07","date_gmt":"2025-03-19T14:50:07","guid":{"rendered":"https:\/\/osaka.ma\/?post_type=product&#038;p=14708"},"modified":"2026-02-07T01:01:20","modified_gmt":"2026-02-07T00:01:20","slug":"tacens-radix-eco-400w","status":"publish","type":"product","link":"https:\/\/osaka.ma\/fr\/product\/tacens-radix-eco-400w\/","title":{"rendered":"Tacens Radix ECO 400W SFX"},"content":{"rendered":"<h3 class=\"sc-fPcgZv eeEcvL\"><strong>\u00c0 propos du produit<\/strong><\/h3>\n<div class=\"sc-dHQaEE fxawey\">\n<ul>\n<li>Conception ECOlogical 85+ avec une efficacit\u00e9 extr\u00eamement \u00e9lev\u00e9e jusqu&#8217;\u00e0 85 % pour des \u00e9conomies d&#8217;\u00e9nergie et une longue dur\u00e9e de vie.<\/li>\n<li>Correction du facteur de puissance (PFC) pour une conversion stable et efficace qui compense les fluctuations de l&#8217;alimentation \u00e9lectrique.<\/li>\n<li>Ventilateur de haute qualit\u00e9 de 80 mm, 10 dB avec syst\u00e8me anti-vibration et syst\u00e8me de contr\u00f4le de vitesse intelligent TACENS.<\/li>\n<li>Il r\u00e9pond aux normes ErP\/EuP pour une consommation \u00e9lectrique en mode arr\u00eat inf\u00e9rieure \u00e0 1 W et \u00e0 la directive de fabrication Rohs pour r\u00e9pondre aux normes vertes europ\u00e9ennes.<\/li>\n<li>Canal unique +12v haute puissance pour des performances extr\u00eamement stables et puissantes.<\/li>\n<li>L&#8217;alimentation la plus s\u00fbre avec 10 syst\u00e8mes de protection haute s\u00e9curit\u00e9 inclus.<\/li>\n<li>Ing\u00e9nierie europ\u00e9enne et s\u00e9curit\u00e9 certifi\u00e9e internationalement par des laboratoires d&#8217;essais internationaux renomm\u00e9s.<\/li>\n<li>Performances compl\u00e8tes 24h\/24 et 7j\/7.<\/li>\n<li>Dur\u00e9e de vie ultra longue jusqu&#8217;\u00e0 100 000 heures.<\/li>\n<\/ul>\n<h3><strong>Sp\u00e9cifications :<\/strong><\/h3>\n<ul>\n<li>Puissance 400W<\/li>\n<li>Mod\u00e8le TACENS RADIX ECO SFX<\/li>\n<li>Tension\/Fr\u00e9quence 200-240 V 47-63 Hz<\/li>\n<li>ventilateurs de 80 mm<\/li>\n<li>Niveau sonore, dB(A) 10 dB<\/li>\n<li>Rails 12V 1<\/li>\n<li>Protections 10 Syst\u00e8mes de protection de haute s\u00e9curit\u00e9 inclus<\/li>\n<li>Certifications Conforme \u00e0 la norme ErP\/EuP<\/li>\n<li>Durabilit\u00e9 100 000 h<\/li>\n<li>C\u00e2blage\n<ul>\n<li>Carte m\u00e8re 1 x ATX 20\/24 broches \/ 1 x connecteur P4<\/li>\n<li>A Devices 2 x Molex 4 broches (HDD) \/ 1 x disquette 4 broches \/ 2 x S-ATA<\/li>\n<\/ul>\n<\/li>\n<li>Dimensions (MicroATX)\n<ul>\n<li>Largeur 125mm.<\/li>\n<li>Hauteur 63,5 mm.<\/li>\n<li>Profondeur 100mm.<\/li>\n<li>Poids 600g<\/li>\n<\/ul>\n<\/li>\n<\/ul>\n<p>&nbsp;<\/p>\n<table class=\"aligncenter\" border=\"1\" width=\"600\" cellspacing=\"0\" cellpadding=\"0\" align=\"center\">\n<tbody>\n<tr id=\"ib-titulo-tb\">\n<td colspan=\"9\" valign=\"bottom\" nowrap=\"nowrap\" width=\"597\">\n<p align=\"center\">Donn\u00e9es d&#8217;entr\u00e9e\/sortie actuelles<\/p>\n<\/td>\n<\/tr>\n<tr>\n<td valign=\"bottom\" nowrap=\"nowrap\" width=\"212\">\n<p style=\"text-align: center;\">Entr\u00e9e CA<\/p>\n<\/td>\n<td colspan=\"8\" nowrap=\"nowrap\" width=\"385\">\n<p align=\"center\">200-240 V 4 A &#8211; 47 ~ 63 Hz<\/p>\n<\/td>\n<\/tr>\n<tr id=\"ib-tabla-bl\">\n<td valign=\"bottom\" nowrap=\"nowrap\" width=\"212\">Sortie CC<\/td>\n<td nowrap=\"nowrap\" width=\"45\">\n<p align=\"center\">3,3 V<\/p>\n<\/td>\n<td nowrap=\"nowrap\" width=\"40\">\n<p align=\"center\">5 V<\/p>\n<\/td>\n<td nowrap=\"nowrap\" width=\"51\">\n<p align=\"center\">12V1<\/p>\n<\/td>\n<td nowrap=\"nowrap\" width=\"51\">\n<p align=\"center\">\n<\/td>\n<td nowrap=\"nowrap\" width=\"51\">\n<p align=\"center\">\n<\/td>\n<td nowrap=\"nowrap\" width=\"51\">\n<p align=\"center\">\n<\/td>\n<td nowrap=\"nowrap\" width=\"45\">\n<p align=\"center\">-12V<\/p>\n<\/td>\n<td nowrap=\"nowrap\" width=\"51\">\n<p align=\"center\">5VSB<\/p>\n<\/td>\n<\/tr>\n<tr>\n<td rowspan=\"2\" nowrap=\"nowrap\" width=\"212\">max. actuel<\/td>\n<td rowspan=\"2\" nowrap=\"nowrap\" width=\"45\">\n<p align=\"center\">15A<\/p>\n<\/td>\n<td rowspan=\"2\" nowrap=\"nowrap\" width=\"40\">\n<p align=\"center\">15A<\/p>\n<\/td>\n<td nowrap=\"nowrap\" width=\"51\">\n<p align=\"center\">22A<\/p>\n<\/td>\n<td nowrap=\"nowrap\" width=\"51\">\n<p align=\"center\">\n<\/td>\n<td nowrap=\"nowrap\" width=\"51\">\n<p align=\"center\">\n<\/td>\n<td nowrap=\"nowrap\" width=\"51\">\n<p align=\"center\">\n<\/td>\n<td rowspan=\"2\" nowrap=\"nowrap\" width=\"45\">\n<p align=\"center\">0,3 A<\/p>\n<\/td>\n<td rowspan=\"2\" nowrap=\"nowrap\" width=\"51\">\n<p align=\"center\">2,5 A<\/p>\n<\/td>\n<\/tr>\n<tr>\n<td colspan=\"4\" nowrap=\"nowrap\" width=\"204\">\n<p align=\"center\">r<\/p>\n<\/td>\n<\/tr>\n<tr id=\"ib-tabla-bl\">\n<td rowspan=\"2\" nowrap=\"nowrap\" width=\"212\">max. Puissance combin\u00e9e<\/td>\n<td colspan=\"2\" nowrap=\"nowrap\" width=\"85\">\n<p align=\"center\">120 W<\/p>\n<\/td>\n<td colspan=\"4\" nowrap=\"nowrap\" width=\"204\">\n<p align=\"center\">264W<\/p>\n<\/td>\n<td nowrap=\"nowrap\" width=\"45\">3,6 W<\/td>\n<td nowrap=\"nowrap\" width=\"51\">\n<p align=\"center\">12,5 W<\/p>\n<\/td>\n<\/tr>\n<tr id=\"ib-tabla-bl\">\n<td colspan=\"8\" valign=\"bottom\" nowrap=\"nowrap\" width=\"385\">\n<p align=\"center\">400 W<\/p>\n<\/td>\n<\/tr>\n<\/tbody>\n<\/table>\n<\/div>\n","protected":false},"excerpt":{"rendered":"<p><strong>Sp\u00e9cifications :<\/strong><\/p>\n<ul>\n<li>Puissance 400W<\/li>\n<li>Mod\u00e8le TACENS RADIX ECO SFX<\/li>\n<li>Tension\/Fr\u00e9quence 200-240 V 47-63 Hz<\/li>\n<li>ventilateurs de 80 mm<\/li>\n<li>Niveau sonore, dB(A) 10 dB<\/li>\n<li>Rails 12V 1<\/li>\n<li>Protections 10 Syst\u00e8mes de protection de haute s\u00e9curit\u00e9 inclus<\/li>\n<li>Certifications Conforme \u00e0 la norme ErP\/EuP<\/li>\n<li>Durabilit\u00e9 100 000 h<\/li>\n<\/ul>\n","protected":false},"featured_media":1014709,"template":"","meta":{"_acf_changed":false},"pwb-brand":[],"product_brand":[],"product_cat":[29,17],"product_tag":[],"pcb_component_type":[],"class_list":{"0":"post-14708","1":"product","2":"type-product","3":"status-publish","4":"has-post-thumbnail","6":"product_cat-blocs-dalimentation","7":"product_cat-composants-gaming","9":"first","10":"instock","11":"sale","12":"shipping-taxable","13":"purchasable","14":"product-type-simple"},"translation":{"provider":"WPGlobus","version":"3.0.2","language":"fr","enabled_languages":["en","es","de","fr","ru"],"languages":{"en":{"title":true,"content":true,"excerpt":true},"es":{"title":false,"content":false,"excerpt":false},"de":{"title":false,"content":false,"excerpt":false},"fr":{"title":false,"content":false,"excerpt":false},"ru":{"title":false,"content":false,"excerpt":false}}},"acf":[],"yoast_head":"<!-- This site is optimized with the Yoast SEO plugin v27.2 - https:\/\/yoast.com\/product\/yoast-seo-wordpress\/ -->\n<title>Tacens Radix ECO 400W SFX - Osaka<\/title>\n<meta name=\"robots\" content=\"index, follow, max-snippet:-1, max-image-preview:large, max-video-preview:-1\" \/>\n<link rel=\"canonical\" href=\"https:\/\/osaka.ma\/de\/product\/tacens-radix-eco-400w\/\" \/>\n<meta property=\"og:locale\" content=\"fr_FR\" \/>\n<meta property=\"og:type\" content=\"article\" \/>\n<meta property=\"og:title\" content=\"Tacens Radix ECO 400W SFX - Osaka\" \/>\n<meta property=\"og:url\" content=\"https:\/\/osaka.ma\/de\/product\/tacens-radix-eco-400w\/\" \/>\n<meta property=\"og:site_name\" content=\"Osaka\" \/>\n<meta property=\"article:modified_time\" content=\"2026-02-07T00:01:20+00:00\" \/>\n<meta property=\"og:image\" content=\"https:\/\/osaka.ma\/wp-content\/uploads\/2025\/03\/tacens-radix-eco-400w-sfx.webp\" \/>\n\t<meta property=\"og:image:width\" content=\"530\" \/>\n\t<meta property=\"og:image:height\" content=\"530\" \/>\n\t<meta property=\"og:image:type\" content=\"image\/webp\" \/>\n<meta name=\"twitter:card\" content=\"summary_large_image\" \/>\n<meta name=\"twitter:label1\" content=\"Dur\u00e9e de lecture estim\u00e9e\" \/>\n\t<meta name=\"twitter:data1\" content=\"2 minutes\" \/>\n<script type=\"application\/ld+json\" class=\"yoast-schema-graph\">{\"@context\":\"https:\/\/schema.org\",\"@graph\":[{\"@type\":\"WebPage\",\"@id\":\"https:\/\/osaka.ma\/de\/product\/tacens-radix-eco-400w\/\",\"url\":\"https:\/\/osaka.ma\/de\/product\/tacens-radix-eco-400w\/\",\"name\":\"Tacens Radix ECO 400W SFX - Osaka\",\"isPartOf\":{\"@id\":\"https:\/\/osaka.ma\/#website\"},\"primaryImageOfPage\":{\"@id\":\"https:\/\/osaka.ma\/de\/product\/tacens-radix-eco-400w\/#primaryimage\"},\"image\":{\"@id\":\"https:\/\/osaka.ma\/de\/product\/tacens-radix-eco-400w\/#primaryimage\"},\"thumbnailUrl\":\"https:\/\/osaka.ma\/wp-content\/uploads\/2025\/03\/tacens-radix-eco-400w-sfx.webp\",\"datePublished\":\"2025-03-19T14:50:07+00:00\",\"dateModified\":\"2026-02-07T00:01:20+00:00\",\"breadcrumb\":{\"@id\":\"https:\/\/osaka.ma\/de\/product\/tacens-radix-eco-400w\/#breadcrumb\"},\"inLanguage\":\"fr-FR\",\"potentialAction\":[{\"@type\":\"ReadAction\",\"target\":[\"https:\/\/osaka.ma\/de\/product\/tacens-radix-eco-400w\/\"]}]},{\"@type\":\"ImageObject\",\"inLanguage\":\"fr-FR\",\"@id\":\"https:\/\/osaka.ma\/de\/product\/tacens-radix-eco-400w\/#primaryimage\",\"url\":\"https:\/\/osaka.ma\/wp-content\/uploads\/2025\/03\/tacens-radix-eco-400w-sfx.webp\",\"contentUrl\":\"https:\/\/osaka.ma\/wp-content\/uploads\/2025\/03\/tacens-radix-eco-400w-sfx.webp\",\"width\":530,\"height\":530},{\"@type\":\"BreadcrumbList\",\"@id\":\"https:\/\/osaka.ma\/de\/product\/tacens-radix-eco-400w\/#breadcrumb\",\"itemListElement\":[{\"@type\":\"ListItem\",\"position\":1,\"name\":\"Home\",\"item\":\"https:\/\/osaka.ma\/\"},{\"@type\":\"ListItem\",\"position\":2,\"name\":\"Shop\",\"item\":\"https:\/\/osaka.ma\/shop-2\/\"},{\"@type\":\"ListItem\",\"position\":3,\"name\":\"Tacens Radix ECO 400W SFX\"}]},{\"@type\":\"WebSite\",\"@id\":\"https:\/\/osaka.ma\/#website\",\"url\":\"https:\/\/osaka.ma\/\",\"name\":\"Osaka\",\"description\":\"\",\"publisher\":{\"@id\":\"https:\/\/osaka.ma\/#organization\"},\"potentialAction\":[{\"@type\":\"SearchAction\",\"target\":{\"@type\":\"EntryPoint\",\"urlTemplate\":\"https:\/\/osaka.ma\/?s={search_term_string}\"},\"query-input\":{\"@type\":\"PropertyValueSpecification\",\"valueRequired\":true,\"valueName\":\"search_term_string\"}}],\"inLanguage\":\"fr-FR\"},{\"@type\":\"Organization\",\"@id\":\"https:\/\/osaka.ma\/#organization\",\"name\":\"Osaka\",\"url\":\"https:\/\/osaka.ma\/\",\"logo\":{\"@type\":\"ImageObject\",\"inLanguage\":\"fr-FR\",\"@id\":\"https:\/\/osaka.ma\/#\/schema\/logo\/image\/\",\"url\":\"https:\/\/osaka.ma\/wp-content\/uploads\/2026\/01\/model-slogan-logo-2Plan-de-travail-1dksl-plus-finnn.png\",\"contentUrl\":\"https:\/\/osaka.ma\/wp-content\/uploads\/2026\/01\/model-slogan-logo-2Plan-de-travail-1dksl-plus-finnn.png\",\"width\":842,\"height\":226,\"caption\":\"Osaka\"},\"image\":{\"@id\":\"https:\/\/osaka.ma\/#\/schema\/logo\/image\/\"}}]}<\/script>\n<!-- \/ Yoast SEO plugin. -->","yoast_head_json":{"title":"Tacens Radix ECO 400W SFX - Osaka","robots":{"index":"index","follow":"follow","max-snippet":"max-snippet:-1","max-image-preview":"max-image-preview:large","max-video-preview":"max-video-preview:-1"},"canonical":"https:\/\/osaka.ma\/de\/product\/tacens-radix-eco-400w\/","og_locale":"fr_FR","og_type":"article","og_title":"Tacens Radix ECO 400W SFX - Osaka","og_url":"https:\/\/osaka.ma\/de\/product\/tacens-radix-eco-400w\/","og_site_name":"Osaka","article_modified_time":"2026-02-07T00:01:20+00:00","og_image":[{"width":530,"height":530,"url":"https:\/\/osaka.ma\/wp-content\/uploads\/2025\/03\/tacens-radix-eco-400w-sfx.webp","type":"image\/webp"}],"twitter_card":"summary_large_image","twitter_misc":{"Dur\u00e9e de lecture estim\u00e9e":"2 minutes"},"schema":{"@context":"https:\/\/schema.org","@graph":[{"@type":"WebPage","@id":"https:\/\/osaka.ma\/de\/product\/tacens-radix-eco-400w\/","url":"https:\/\/osaka.ma\/de\/product\/tacens-radix-eco-400w\/","name":"Tacens Radix ECO 400W SFX - Osaka","isPartOf":{"@id":"https:\/\/osaka.ma\/#website"},"primaryImageOfPage":{"@id":"https:\/\/osaka.ma\/de\/product\/tacens-radix-eco-400w\/#primaryimage"},"image":{"@id":"https:\/\/osaka.ma\/de\/product\/tacens-radix-eco-400w\/#primaryimage"},"thumbnailUrl":"https:\/\/osaka.ma\/wp-content\/uploads\/2025\/03\/tacens-radix-eco-400w-sfx.webp","datePublished":"2025-03-19T14:50:07+00:00","dateModified":"2026-02-07T00:01:20+00:00","breadcrumb":{"@id":"https:\/\/osaka.ma\/de\/product\/tacens-radix-eco-400w\/#breadcrumb"},"inLanguage":"fr-FR","potentialAction":[{"@type":"ReadAction","target":["https:\/\/osaka.ma\/de\/product\/tacens-radix-eco-400w\/"]}]},{"@type":"ImageObject","inLanguage":"fr-FR","@id":"https:\/\/osaka.ma\/de\/product\/tacens-radix-eco-400w\/#primaryimage","url":"https:\/\/osaka.ma\/wp-content\/uploads\/2025\/03\/tacens-radix-eco-400w-sfx.webp","contentUrl":"https:\/\/osaka.ma\/wp-content\/uploads\/2025\/03\/tacens-radix-eco-400w-sfx.webp","width":530,"height":530},{"@type":"BreadcrumbList","@id":"https:\/\/osaka.ma\/de\/product\/tacens-radix-eco-400w\/#breadcrumb","itemListElement":[{"@type":"ListItem","position":1,"name":"Home","item":"https:\/\/osaka.ma\/"},{"@type":"ListItem","position":2,"name":"Shop","item":"https:\/\/osaka.ma\/shop-2\/"},{"@type":"ListItem","position":3,"name":"Tacens Radix ECO 400W SFX"}]},{"@type":"WebSite","@id":"https:\/\/osaka.ma\/#website","url":"https:\/\/osaka.ma\/","name":"Osaka","description":"","publisher":{"@id":"https:\/\/osaka.ma\/#organization"},"potentialAction":[{"@type":"SearchAction","target":{"@type":"EntryPoint","urlTemplate":"https:\/\/osaka.ma\/?s={search_term_string}"},"query-input":{"@type":"PropertyValueSpecification","valueRequired":true,"valueName":"search_term_string"}}],"inLanguage":"fr-FR"},{"@type":"Organization","@id":"https:\/\/osaka.ma\/#organization","name":"Osaka","url":"https:\/\/osaka.ma\/","logo":{"@type":"ImageObject","inLanguage":"fr-FR","@id":"https:\/\/osaka.ma\/#\/schema\/logo\/image\/","url":"https:\/\/osaka.ma\/wp-content\/uploads\/2026\/01\/model-slogan-logo-2Plan-de-travail-1dksl-plus-finnn.png","contentUrl":"https:\/\/osaka.ma\/wp-content\/uploads\/2026\/01\/model-slogan-logo-2Plan-de-travail-1dksl-plus-finnn.png","width":842,"height":226,"caption":"Osaka"},"image":{"@id":"https:\/\/osaka.ma\/#\/schema\/logo\/image\/"}}]}},"jetpack_sharing_enabled":true,"brands":[],"_links":{"self":[{"href":"https:\/\/osaka.ma\/fr\/wp-json\/wp\/v2\/product\/14708","targetHints":{"allow":["GET"]}}],"collection":[{"href":"https:\/\/osaka.ma\/fr\/wp-json\/wp\/v2\/product"}],"about":[{"href":"https:\/\/osaka.ma\/fr\/wp-json\/wp\/v2\/types\/product"}],"version-history":[{"count":0,"href":"https:\/\/osaka.ma\/fr\/wp-json\/wp\/v2\/product\/14708\/revisions"}],"wp:featuredmedia":[{"embeddable":true,"href":"https:\/\/osaka.ma\/fr\/wp-json\/wp\/v2\/media\/1014709"}],"wp:attachment":[{"href":"https:\/\/osaka.ma\/fr\/wp-json\/wp\/v2\/media?parent=14708"}],"wp:term":[{"taxonomy":"pwb-brand","embeddable":true,"href":"https:\/\/osaka.ma\/fr\/wp-json\/wp\/v2\/pwb-brand?post=14708"},{"taxonomy":"product_brand","embeddable":true,"href":"https:\/\/osaka.ma\/fr\/wp-json\/wp\/v2\/product_brand?post=14708"},{"taxonomy":"product_cat","embeddable":true,"href":"https:\/\/osaka.ma\/fr\/wp-json\/wp\/v2\/product_cat?post=14708"},{"taxonomy":"product_tag","embeddable":true,"href":"https:\/\/osaka.ma\/fr\/wp-json\/wp\/v2\/product_tag?post=14708"},{"taxonomy":"pcb_component_type","embeddable":true,"href":"https:\/\/osaka.ma\/fr\/wp-json\/wp\/v2\/pcb_component_type?post=14708"}],"curies":[{"name":"wp","href":"https:\/\/api.w.org\/{rel}","templated":true}]}}